{"id":6867,"date":"2024-05-17T09:53:54","date_gmt":"2024-05-17T06:53:54","guid":{"rendered":"https:\/\/profaj.co\/miknatis\/?post_type=product&#038;p=6867"},"modified":"2024-05-17T09:58:10","modified_gmt":"2024-05-17T06:58:10","slug":"elektromanyetik-filtre","status":"publish","type":"product","link":"https:\/\/profaj.co\/miknatis\/tr\/urun\/elektromanyetik-filtre\/","title":{"rendered":"Elektromanyetik Filtre"},"content":{"rendered":"<p>Mobil Elektromanyetik Filtre,\u00a0tamamen orjinal \u00f6zel bak\u0131r sarg\u0131l\u0131 ve 600 Watt gibi gayet ekonomik enerji t\u00fcketimine sahiptir. Elektromanyetik Filtre t\u00fcm seramik ve porselen sekt\u00f6r\u00fcndeki \u00fcreticilerimiz i\u00e7in s\u0131r prosesine y\u00f6nelik m\u00fckemmel bir kalite ekipman\u0131d\u0131r. Mobil sistemin \u00f6n\u00fcne diaframl\u0131 pompa ilave edilerek s\u0131rt tanklar\u0131n\u0131zda demir i\u00e7erik problemi olan s\u0131r \u00fcr\u00fcn\u00fcn\u00fcz\u00fc tekrar kullan\u0131labilir hale getirir. S\u0131r i\u00e7erisindeki istenmeyen ve pi\u015fme s\u0131ras\u0131nda siyah nokta pin hole gibi kalite hatalar\u0131na neden olan impr\u00fcte i\u00e7erikten sizi kurtar\u0131r. Matris k\u0131sm\u0131 rahatl\u0131kla s\u00f6k\u00fcl\u00fcp temizlenebilmektedir. Pano uzun s\u00fcreli \u00e7al\u0131\u015ft\u0131rmaya y\u00f6nelik uyar\u0131 sistemi i\u00e7erir. Do\u011fal \u00e7evrim ile so\u011fuma sistemi olup ek so\u011futma sistemi i\u00e7ermez. \u0130\u00e7inden 1 saatlik normal \u00e7al\u0131\u015fma s\u00fcresince 5 tona kadar s\u0131r devir daim ettirilebilir. M\u00fc\u015fteri isteklerine g\u00f6re otomatik temizlemeli olarakta yap\u0131labilir.<img fetchpriority=\"high\" decoding=\"async\" class=\"wp-image-6871 size-medium alignleft\" src=\"https:\/\/profaj.co\/miknatis\/wp-content\/uploads\/2024\/05\/407145909-203x300.jpg\" alt=\"\" width=\"203\" height=\"300\" srcset=\"https:\/\/profaj.co\/miknatis\/wp-content\/uploads\/2024\/05\/407145909-203x300.jpg 203w, https:\/\/profaj.co\/miknatis\/wp-content\/uploads\/2024\/05\/407145909-693x1024.jpg 693w, https:\/\/profaj.co\/miknatis\/wp-content\/uploads\/2024\/05\/407145909-768x1134.jpg 768w, https:\/\/profaj.co\/miknatis\/wp-content\/uploads\/2024\/05\/407145909-1040x1536.jpg 1040w, https:\/\/profaj.co\/miknatis\/wp-content\/uploads\/2024\/05\/407145909-1387x2048.jpg 1387w, https:\/\/profaj.co\/miknatis\/wp-content\/uploads\/2024\/05\/407145909-600x886.jpg 600w, https:\/\/profaj.co\/miknatis\/wp-content\/uploads\/2024\/05\/407145909-scaled.jpg 1733w\" sizes=\"(max-width: 203px) 100vw, 203px\" \/> <img decoding=\"async\" class=\"wp-image-6869 size-medium alignleft\" src=\"https:\/\/profaj.co\/miknatis\/wp-content\/uploads\/2024\/05\/193001233-183x300.jpg\" alt=\"\" width=\"183\" height=\"300\" srcset=\"https:\/\/profaj.co\/miknatis\/wp-content\/uploads\/2024\/05\/193001233-183x300.jpg 183w, https:\/\/profaj.co\/miknatis\/wp-content\/uploads\/2024\/05\/193001233.jpg 500w\" sizes=\"(max-width: 183px) 100vw, 183px\" \/> <img decoding=\"async\" class=\"wp-image-6870 size-medium alignleft\" src=\"https:\/\/profaj.co\/miknatis\/wp-content\/uploads\/2024\/05\/1598733629-300x234.jpg\" alt=\"\" width=\"300\" height=\"234\" srcset=\"https:\/\/profaj.co\/miknatis\/wp-content\/uploads\/2024\/05\/1598733629-300x234.jpg 300w, https:\/\/profaj.co\/miknatis\/wp-content\/uploads\/2024\/05\/1598733629-1024x799.jpg 1024w, https:\/\/profaj.co\/miknatis\/wp-content\/uploads\/2024\/05\/1598733629-768x599.jpg 768w, https:\/\/profaj.co\/miknatis\/wp-content\/uploads\/2024\/05\/1598733629-1536x1198.jpg 1536w, https:\/\/profaj.co\/miknatis\/wp-content\/uploads\/2024\/05\/1598733629-2048x1598.jpg 2048w, https:\/\/profaj.co\/miknatis\/wp-content\/uploads\/2024\/05\/1598733629-600x468.jpg 600w\" sizes=\"(max-width: 300px) 100vw, 300px\" \/> <img fetchpriority=\"high\" decoding=\"async\" class=\"wp-image-6871 size-medium alignleft\" src=\"https:\/\/profaj.co\/miknatis\/wp-content\/uploads\/2024\/05\/407145909-203x300.jpg\" alt=\"\" width=\"203\" height=\"300\" srcset=\"https:\/\/profaj.co\/miknatis\/wp-content\/uploads\/2024\/05\/407145909-203x300.jpg 203w, https:\/\/profaj.co\/miknatis\/wp-content\/uploads\/2024\/05\/407145909-693x1024.jpg 693w, https:\/\/profaj.co\/miknatis\/wp-content\/uploads\/2024\/05\/407145909-768x1134.jpg 768w, https:\/\/profaj.co\/miknatis\/wp-content\/uploads\/2024\/05\/407145909-1040x1536.jpg 1040w, https:\/\/profaj.co\/miknatis\/wp-content\/uploads\/2024\/05\/407145909-1387x2048.jpg 1387w, https:\/\/profaj.co\/miknatis\/wp-content\/uploads\/2024\/05\/407145909-600x886.jpg 600w, https:\/\/profaj.co\/miknatis\/wp-content\/uploads\/2024\/05\/407145909-scaled.jpg 1733w\" sizes=\"(max-width: 203px) 100vw, 203px\" \/><\/p>\n","protected":false},"excerpt":{"rendered":"<p>Ferromanyetik (Fe) metalleri insan eli de\u011fmeden, insan g\u00fcc\u00fcne ihtiya\u00e7 durmadan\u00a0<strong><em>s\u0131k aral\u0131klarla<\/em><\/strong>\u00a0temizleme kolayl\u0131\u011f\u0131 sa\u011flayan,\u00a0genel end\u00fcstriyel uygulamalar i\u00e7in tasarlanm\u0131\u015f manyetik\u00a0filtrelerdir.<\/p>\n","protected":false},"featured_media":6872,"template":"","meta":[],"product_cat":[58,62],"product_tag":[],"class_list":["post-6867","product","type-product","status-publish","has-post-thumbnail","hentry","product_cat-manyetik-separasyon","product_cat-manyetik-filtreler"],"acf":[],"yoast_head":"<!-- This site is optimized with the Yoast SEO Premium plugin v22.1 (Yoast SEO v22.1) - https:\/\/yoast.com\/wordpress\/plugins\/seo\/ -->\n<title>Elektromanyetik Filtre - M\u0131knat\u0131s Ar-Ge<\/title>\n<meta name=\"robots\" content=\"index, follow, max-snippet:-1, max-image-preview:large, max-video-preview:-1\" \/>\n<link rel=\"canonical\" href=\"https:\/\/profaj.co\/miknatis\/tr\/urun\/elektromanyetik-filtre\/\" \/>\n<meta property=\"og:locale\" content=\"tr_TR\" \/>\n<meta property=\"og:type\" content=\"article\" \/>\n<meta property=\"og:title\" content=\"Elektromanyetik Filtre\" \/>\n<meta property=\"og:description\" content=\"Ferromanyetik (Fe) metalleri insan eli de\u011fmeden, insan g\u00fcc\u00fcne ihtiya\u00e7 durmadan\u00a0s\u0131k aral\u0131klarla\u00a0temizleme kolayl\u0131\u011f\u0131 sa\u011flayan,\u00a0genel end\u00fcstriyel uygulamalar i\u00e7in tasarlanm\u0131\u015f manyetik\u00a0filtrelerdir.\" \/>\n<meta property=\"og:url\" content=\"https:\/\/profaj.co\/miknatis\/tr\/urun\/elektromanyetik-filtre\/\" \/>\n<meta property=\"og:site_name\" content=\"M\u0131knat\u0131s Ar-Ge\" \/>\n<meta property=\"article:modified_time\" content=\"2024-05-17T06:58:10+00:00\" \/>\n<meta property=\"og:image\" content=\"https:\/\/profaj.co\/miknatis\/wp-content\/uploads\/2024\/05\/miknatis-arge_623aca1262eef.jpg\" \/>\n\t<meta property=\"og:image:width\" content=\"1500\" \/>\n\t<meta property=\"og:image:height\" content=\"1457\" \/>\n\t<meta property=\"og:image:type\" content=\"image\/jpeg\" \/>\n<meta name=\"twitter:card\" content=\"summary_large_image\" \/>\n<meta name=\"twitter:label1\" content=\"Tahmini okuma s\u00fcresi\" \/>\n\t<meta name=\"twitter:data1\" content=\"1 dakika\" \/>\n<script type=\"application\/ld+json\" class=\"yoast-schema-graph\">{\"@context\":\"https:\/\/schema.org\",\"@graph\":[{\"@type\":\"WebPage\",\"@id\":\"https:\/\/profaj.co\/miknatis\/tr\/urun\/elektromanyetik-filtre\/\",\"url\":\"https:\/\/profaj.co\/miknatis\/tr\/urun\/elektromanyetik-filtre\/\",\"name\":\"Elektromanyetik Filtre - M\u0131knat\u0131s Ar-Ge\",\"isPartOf\":{\"@id\":\"https:\/\/profaj.co\/miknatis\/#website\"},\"datePublished\":\"2024-05-17T06:53:54+00:00\",\"dateModified\":\"2024-05-17T06:58:10+00:00\",\"breadcrumb\":{\"@id\":\"https:\/\/profaj.co\/miknatis\/tr\/urun\/elektromanyetik-filtre\/#breadcrumb\"},\"inLanguage\":\"tr\",\"potentialAction\":[{\"@type\":\"ReadAction\",\"target\":[\"https:\/\/profaj.co\/miknatis\/tr\/urun\/elektromanyetik-filtre\/\"]}]},{\"@type\":\"BreadcrumbList\",\"@id\":\"https:\/\/profaj.co\/miknatis\/tr\/urun\/elektromanyetik-filtre\/#breadcrumb\",\"itemListElement\":[{\"@type\":\"ListItem\",\"position\":1,\"name\":\"Anasayfa\",\"item\":\"https:\/\/profaj.co\/miknatis\/tr\/anasayfa\/\"},{\"@type\":\"ListItem\",\"position\":2,\"name\":\"\u00dcr\u00fcnler\",\"item\":\"https:\/\/profaj.co\/miknatis\/tr\/urunler\/\"},{\"@type\":\"ListItem\",\"position\":3,\"name\":\"Elektromanyetik Filtre\"}]},{\"@type\":\"WebSite\",\"@id\":\"https:\/\/profaj.co\/miknatis\/#website\",\"url\":\"https:\/\/profaj.co\/miknatis\/\",\"name\":\"M\u0131knat\u0131s Ar-Ge\",\"description\":\"\",\"publisher\":{\"@id\":\"https:\/\/profaj.co\/miknatis\/#organization\"},\"potentialAction\":[{\"@type\":\"SearchAction\",\"target\":{\"@type\":\"EntryPoint\",\"urlTemplate\":\"https:\/\/profaj.co\/miknatis\/?s={search_term_string}\"},\"query-input\":\"required name=search_term_string\"}],\"inLanguage\":\"tr\"},{\"@type\":\"Organization\",\"@id\":\"https:\/\/profaj.co\/miknatis\/#organization\",\"name\":\"M\u0131knat\u0131s Ar-Ge\",\"url\":\"https:\/\/profaj.co\/miknatis\/\",\"logo\":{\"@type\":\"ImageObject\",\"inLanguage\":\"tr\",\"@id\":\"https:\/\/profaj.co\/miknatis\/#\/schema\/logo\/image\/\",\"url\":\"https:\/\/profaj.co\/miknatis\/wp-content\/uploads\/2023\/12\/logo-white.webp\",\"contentUrl\":\"https:\/\/profaj.co\/miknatis\/wp-content\/uploads\/2023\/12\/logo-white.webp\",\"width\":300,\"height\":266,\"caption\":\"M\u0131knat\u0131s Ar-Ge\"},\"image\":{\"@id\":\"https:\/\/profaj.co\/miknatis\/#\/schema\/logo\/image\/\"}}]}<\/script>\n<!-- \/ Yoast SEO Premium plugin. -->","yoast_head_json":{"title":"Elektromanyetik Filtre - M\u0131knat\u0131s Ar-Ge","robots":{"index":"index","follow":"follow","max-snippet":"max-snippet:-1","max-image-preview":"max-image-preview:large","max-video-preview":"max-video-preview:-1"},"canonical":"https:\/\/profaj.co\/miknatis\/tr\/urun\/elektromanyetik-filtre\/","og_locale":"tr_TR","og_type":"article","og_title":"Elektromanyetik Filtre","og_description":"Ferromanyetik (Fe) metalleri insan eli de\u011fmeden, insan g\u00fcc\u00fcne ihtiya\u00e7 durmadan\u00a0s\u0131k aral\u0131klarla\u00a0temizleme kolayl\u0131\u011f\u0131 sa\u011flayan,\u00a0genel end\u00fcstriyel uygulamalar i\u00e7in tasarlanm\u0131\u015f manyetik\u00a0filtrelerdir.","og_url":"https:\/\/profaj.co\/miknatis\/tr\/urun\/elektromanyetik-filtre\/","og_site_name":"M\u0131knat\u0131s Ar-Ge","article_modified_time":"2024-05-17T06:58:10+00:00","og_image":[{"width":1500,"height":1457,"url":"https:\/\/profaj.co\/miknatis\/wp-content\/uploads\/2024\/05\/miknatis-arge_623aca1262eef.jpg","type":"image\/jpeg"}],"twitter_card":"summary_large_image","twitter_misc":{"Tahmini okuma s\u00fcresi":"1 dakika"},"schema":{"@context":"https:\/\/schema.org","@graph":[{"@type":"WebPage","@id":"https:\/\/profaj.co\/miknatis\/tr\/urun\/elektromanyetik-filtre\/","url":"https:\/\/profaj.co\/miknatis\/tr\/urun\/elektromanyetik-filtre\/","name":"Elektromanyetik Filtre - M\u0131knat\u0131s Ar-Ge","isPartOf":{"@id":"https:\/\/profaj.co\/miknatis\/#website"},"datePublished":"2024-05-17T06:53:54+00:00","dateModified":"2024-05-17T06:58:10+00:00","breadcrumb":{"@id":"https:\/\/profaj.co\/miknatis\/tr\/urun\/elektromanyetik-filtre\/#breadcrumb"},"inLanguage":"tr","potentialAction":[{"@type":"ReadAction","target":["https:\/\/profaj.co\/miknatis\/tr\/urun\/elektromanyetik-filtre\/"]}]},{"@type":"BreadcrumbList","@id":"https:\/\/profaj.co\/miknatis\/tr\/urun\/elektromanyetik-filtre\/#breadcrumb","itemListElement":[{"@type":"ListItem","position":1,"name":"Anasayfa","item":"https:\/\/profaj.co\/miknatis\/tr\/anasayfa\/"},{"@type":"ListItem","position":2,"name":"\u00dcr\u00fcnler","item":"https:\/\/profaj.co\/miknatis\/tr\/urunler\/"},{"@type":"ListItem","position":3,"name":"Elektromanyetik Filtre"}]},{"@type":"WebSite","@id":"https:\/\/profaj.co\/miknatis\/#website","url":"https:\/\/profaj.co\/miknatis\/","name":"M\u0131knat\u0131s Ar-Ge","description":"","publisher":{"@id":"https:\/\/profaj.co\/miknatis\/#organization"},"potentialAction":[{"@type":"SearchAction","target":{"@type":"EntryPoint","urlTemplate":"https:\/\/profaj.co\/miknatis\/?s={search_term_string}"},"query-input":"required name=search_term_string"}],"inLanguage":"tr"},{"@type":"Organization","@id":"https:\/\/profaj.co\/miknatis\/#organization","name":"M\u0131knat\u0131s Ar-Ge","url":"https:\/\/profaj.co\/miknatis\/","logo":{"@type":"ImageObject","inLanguage":"tr","@id":"https:\/\/profaj.co\/miknatis\/#\/schema\/logo\/image\/","url":"https:\/\/profaj.co\/miknatis\/wp-content\/uploads\/2023\/12\/logo-white.webp","contentUrl":"https:\/\/profaj.co\/miknatis\/wp-content\/uploads\/2023\/12\/logo-white.webp","width":300,"height":266,"caption":"M\u0131knat\u0131s Ar-Ge"},"image":{"@id":"https:\/\/profaj.co\/miknatis\/#\/schema\/logo\/image\/"}}]}},"lang":"tr","translations":{"tr":6867,"en":7255},"pll_sync_post":[],"_links":{"self":[{"href":"https:\/\/profaj.co\/miknatis\/wp-json\/wp\/v2\/product\/6867","targetHints":{"allow":["GET"]}}],"collection":[{"href":"https:\/\/profaj.co\/miknatis\/wp-json\/wp\/v2\/product"}],"about":[{"href":"https:\/\/profaj.co\/miknatis\/wp-json\/wp\/v2\/types\/product"}],"wp:featuredmedia":[{"embeddable":true,"href":"https:\/\/profaj.co\/miknatis\/wp-json\/wp\/v2\/media\/6872"}],"wp:attachment":[{"href":"https:\/\/profaj.co\/miknatis\/wp-json\/wp\/v2\/media?parent=6867"}],"wp:term":[{"taxonomy":"product_cat","embeddable":true,"href":"https:\/\/profaj.co\/miknatis\/wp-json\/wp\/v2\/product_cat?post=6867"},{"taxonomy":"product_tag","embeddable":true,"href":"https:\/\/profaj.co\/miknatis\/wp-json\/wp\/v2\/product_tag?post=6867"}],"curies":[{"name":"wp","href":"https:\/\/api.w.org\/{rel}","templated":true}]}}