{"id":6874,"date":"2024-05-17T10:02:59","date_gmt":"2024-05-17T07:02:59","guid":{"rendered":"https:\/\/profaj.co\/miknatis\/?post_type=product&#038;p=6874"},"modified":"2024-07-04T15:25:55","modified_gmt":"2024-07-04T12:25:55","slug":"fuze-tipi-manyetik-separator","status":"publish","type":"product","link":"https:\/\/profaj.co\/miknatis\/tr\/urun\/fuze-tipi-manyetik-separator\/","title":{"rendered":"F\u00fcze Tipi Manyetik Separat\u00f6r"},"content":{"rendered":"<p>Boru sisemlerinde, d\u00fc\u015fey d\u00fczlemde serbest akan toz veya gran\u00fcl \u015feklindeki malzemelerin i\u00e7indeki at\u0131k metallarin (demir vb.) etkin bir \u015fekilde ayr\u0131\u015ft\u0131r\u0131lmas\u0131 i\u00e7in tasarlanm\u0131\u015flard\u0131r. Un ve de\u011firmencilik sekt\u00f6r\u00fc, kuru g\u0131da sekt\u00f6r\u00fc, kimyasal g\u0131da \u00fcretimi ve plastik \u00fcretimi, a\u011fac\u0131n geri kazan\u0131m\u0131, ka\u011f\u0131t imalat\u0131 gibi bir \u00e7ok end\u00fcstriyi kapsayan bu seperat\u00f6rler, uygulama ekipmanlar\u0131n\u0131 koruma ama\u00e7l\u0131 dizayn edilmi\u015ftir. \u00c7ekirdek diye tabir edilen m\u0131knat\u0131slardan \u00fcretilmi\u015f manyetik ekipman g\u00f6vdenin i\u00e7ine yerle\u015ftirilmi\u015ftir. \u00c7ekirdek montaj\u0131 sonras\u0131 tek boru \u00fcnitesi ak\u0131\u015f\u0131 olu\u015fur.<\/p>\n<p>F\u00fcze m\u0131knat\u0131slar\u0131, \u00fcr\u00fcn ak\u0131\u015f\u0131n\u0131n merkezinde mermi \u015feklinde b\u00fcy\u00fck bir manyetik \u00e7ekirde\u011fe sahiptir. Y\u00fcksek kapasiteli kaba d\u00f6kme ak\u0131\u015flardan orta ila b\u00fcy\u00fck demirli kirleticileri filtrelerler.<\/p>\n<p>M\u0131knat\u0131s \u015fekli, y\u00fcksek ay\u0131rma verimlili\u011finde iyi bir ak\u0131\u015f sa\u011flar. Duru\u015f s\u0131ras\u0131nda kapak a\u00e7\u0131l\u0131p manyetik \u00e7ekirdek \u00e7\u0131kar\u0131l\u0131p manuel temizlenebilir.<\/p>\n<p>F\u00fcze m\u0131knat\u0131slar, di\u011ferlerinin yan\u0131 s\u0131ra d\u00f6kme, hayvan yemi, plastik, seramik ve geri d\u00f6n\u00fc\u015f\u00fcm end\u00fcstrilerinde kullan\u0131lmaktad\u0131r.<\/p>\n<ul>\n<li>G\u0131da end\u00fcstrisi<\/li>\n<li>Un ve irmik de\u011firmenleri<\/li>\n<li>Yem de\u011firmenleri<\/li>\n<li>Tah\u0131l temizleme tesisleri<\/li>\n<li>M\u0131s\u0131r, bu\u011fday, un\u00a0i\u015fleme tesisleri<\/li>\n<li>Ya\u011f fabrikalar\u0131<\/li>\n<li>Kontrplak fabrikalar\u0131<\/li>\n<li>Plastik \u00fcretimi<\/li>\n<li>A\u011fac\u0131n geri kazan\u0131m\u0131<\/li>\n<li>Ka\u011f\u0131t imalat\u0131<\/li>\n<li>Plastik \u00fcretimi\n<p><img fetchpriority=\"high\" decoding=\"async\" class=\"wp-image-6875 size-medium alignleft\" src=\"https:\/\/profaj.co\/miknatis\/wp-content\/uploads\/2024\/05\/584231479-300x300.jpg\" alt=\"\" width=\"300\" height=\"300\" srcset=\"https:\/\/profaj.co\/miknatis\/wp-content\/uploads\/2024\/05\/584231479-300x300.jpg 300w, https:\/\/profaj.co\/miknatis\/wp-content\/uploads\/2024\/05\/584231479-150x150.jpg 150w, https:\/\/profaj.co\/miknatis\/wp-content\/uploads\/2024\/05\/584231479-768x768.jpg 768w, https:\/\/profaj.co\/miknatis\/wp-content\/uploads\/2024\/05\/584231479-600x600.jpg 600w, https:\/\/profaj.co\/miknatis\/wp-content\/uploads\/2024\/05\/584231479-100x100.jpg 100w, https:\/\/profaj.co\/miknatis\/wp-content\/uploads\/2024\/05\/584231479-460x460.jpg 460w, https:\/\/profaj.co\/miknatis\/wp-content\/uploads\/2024\/05\/584231479.jpg 1000w\" sizes=\"(max-width: 300px) 100vw, 300px\" \/> <img decoding=\"async\" class=\"wp-image-6878 size-medium alignleft\" src=\"https:\/\/profaj.co\/miknatis\/wp-content\/uploads\/2024\/05\/1230466483-174x300.jpg\" alt=\"\" width=\"174\" height=\"300\" srcset=\"https:\/\/profaj.co\/miknatis\/wp-content\/uploads\/2024\/05\/1230466483-174x300.jpg 174w, https:\/\/profaj.co\/miknatis\/wp-content\/uploads\/2024\/05\/1230466483.jpg 500w\" sizes=\"(max-width: 174px) 100vw, 174px\" \/><img decoding=\"async\" class=\"wp-image-6877 size-medium\" src=\"https:\/\/profaj.co\/miknatis\/wp-content\/uploads\/2024\/05\/1392392422-300x252.jpg\" alt=\"\" width=\"300\" height=\"252\" srcset=\"https:\/\/profaj.co\/miknatis\/wp-content\/uploads\/2024\/05\/1392392422-300x252.jpg 300w, https:\/\/profaj.co\/miknatis\/wp-content\/uploads\/2024\/05\/1392392422-1024x861.jpg 1024w, https:\/\/profaj.co\/miknatis\/wp-content\/uploads\/2024\/05\/1392392422-768x646.jpg 768w, https:\/\/profaj.co\/miknatis\/wp-content\/uploads\/2024\/05\/1392392422-1536x1292.jpg 1536w, https:\/\/profaj.co\/miknatis\/wp-content\/uploads\/2024\/05\/1392392422-600x505.jpg 600w, https:\/\/profaj.co\/miknatis\/wp-content\/uploads\/2024\/05\/1392392422.jpg 1783w\" sizes=\"(max-width: 300px) 100vw, 300px\" \/><\/p>\n<p><iframe src=\"https:\/\/www.youtube.com\/embed\/7XmXy23lGvc\" width=\"560\" height=\"315\" frameborder=\"0\" allowfullscreen=\"allowfullscreen\"><\/iframe><\/p>\n<p>&nbsp;<\/li>\n<\/ul>\n","protected":false},"excerpt":{"rendered":"<p>Boru sisemlerinde, d\u00fc\u015fey d\u00fczlemde serbest akan toz veya gran\u00fcl \u015feklindeki malzemelerin i\u00e7indeki at\u0131k metallarin (demir vb.) etkin bir \u015fekilde ayr\u0131\u015ft\u0131r\u0131lmas\u0131 i\u00e7in tasarlanm\u0131\u015flard\u0131r.<\/p>\n","protected":false},"featured_media":6880,"template":"","meta":[],"product_cat":[58],"product_tag":[],"class_list":["post-6874","product","type-product","status-publish","has-post-thumbnail","hentry","product_cat-manyetik-separasyon"],"acf":[],"yoast_head":"<!-- This site is optimized with the Yoast SEO Premium plugin v22.1 (Yoast SEO v22.1) - https:\/\/yoast.com\/wordpress\/plugins\/seo\/ -->\n<title>F\u00fcze Tipi Manyetik Separat\u00f6r - M\u0131knat\u0131s Ar-Ge<\/title>\n<meta name=\"robots\" content=\"index, follow, max-snippet:-1, max-image-preview:large, max-video-preview:-1\" \/>\n<link rel=\"canonical\" href=\"https:\/\/profaj.co\/miknatis\/tr\/urun\/fuze-tipi-manyetik-separator\/\" \/>\n<meta property=\"og:locale\" content=\"tr_TR\" \/>\n<meta property=\"og:type\" content=\"article\" \/>\n<meta property=\"og:title\" content=\"F\u00fcze Tipi Manyetik Separat\u00f6r\" \/>\n<meta property=\"og:description\" content=\"Boru sisemlerinde, d\u00fc\u015fey d\u00fczlemde serbest akan toz veya gran\u00fcl \u015feklindeki malzemelerin i\u00e7indeki at\u0131k metallarin (demir vb.) etkin bir \u015fekilde ayr\u0131\u015ft\u0131r\u0131lmas\u0131 i\u00e7in tasarlanm\u0131\u015flard\u0131r.\" \/>\n<meta property=\"og:url\" content=\"https:\/\/profaj.co\/miknatis\/tr\/urun\/fuze-tipi-manyetik-separator\/\" \/>\n<meta property=\"og:site_name\" content=\"M\u0131knat\u0131s Ar-Ge\" \/>\n<meta property=\"article:modified_time\" content=\"2024-07-04T12:25:55+00:00\" \/>\n<meta property=\"og:image\" content=\"https:\/\/profaj.co\/miknatis\/wp-content\/uploads\/2024\/05\/miknatis-arge_6229de0528c98.jpg\" \/>\n\t<meta property=\"og:image:width\" content=\"1500\" \/>\n\t<meta property=\"og:image:height\" content=\"1500\" \/>\n\t<meta property=\"og:image:type\" content=\"image\/jpeg\" \/>\n<meta name=\"twitter:card\" content=\"summary_large_image\" \/>\n<meta name=\"twitter:label1\" content=\"Tahmini okuma s\u00fcresi\" \/>\n\t<meta name=\"twitter:data1\" content=\"1 dakika\" \/>\n<script type=\"application\/ld+json\" class=\"yoast-schema-graph\">{\"@context\":\"https:\/\/schema.org\",\"@graph\":[{\"@type\":\"WebPage\",\"@id\":\"https:\/\/profaj.co\/miknatis\/tr\/urun\/fuze-tipi-manyetik-separator\/\",\"url\":\"https:\/\/profaj.co\/miknatis\/tr\/urun\/fuze-tipi-manyetik-separator\/\",\"name\":\"F\u00fcze Tipi Manyetik Separat\u00f6r - M\u0131knat\u0131s Ar-Ge\",\"isPartOf\":{\"@id\":\"https:\/\/profaj.co\/miknatis\/#website\"},\"datePublished\":\"2024-05-17T07:02:59+00:00\",\"dateModified\":\"2024-07-04T12:25:55+00:00\",\"breadcrumb\":{\"@id\":\"https:\/\/profaj.co\/miknatis\/tr\/urun\/fuze-tipi-manyetik-separator\/#breadcrumb\"},\"inLanguage\":\"tr\",\"potentialAction\":[{\"@type\":\"ReadAction\",\"target\":[\"https:\/\/profaj.co\/miknatis\/tr\/urun\/fuze-tipi-manyetik-separator\/\"]}]},{\"@type\":\"BreadcrumbList\",\"@id\":\"https:\/\/profaj.co\/miknatis\/tr\/urun\/fuze-tipi-manyetik-separator\/#breadcrumb\",\"itemListElement\":[{\"@type\":\"ListItem\",\"position\":1,\"name\":\"Anasayfa\",\"item\":\"https:\/\/profaj.co\/miknatis\/tr\/anasayfa\/\"},{\"@type\":\"ListItem\",\"position\":2,\"name\":\"\u00dcr\u00fcnler\",\"item\":\"https:\/\/profaj.co\/miknatis\/tr\/urunler\/\"},{\"@type\":\"ListItem\",\"position\":3,\"name\":\"F\u00fcze Tipi Manyetik Separat\u00f6r\"}]},{\"@type\":\"WebSite\",\"@id\":\"https:\/\/profaj.co\/miknatis\/#website\",\"url\":\"https:\/\/profaj.co\/miknatis\/\",\"name\":\"M\u0131knat\u0131s Ar-Ge\",\"description\":\"\",\"publisher\":{\"@id\":\"https:\/\/profaj.co\/miknatis\/#organization\"},\"potentialAction\":[{\"@type\":\"SearchAction\",\"target\":{\"@type\":\"EntryPoint\",\"urlTemplate\":\"https:\/\/profaj.co\/miknatis\/?s={search_term_string}\"},\"query-input\":\"required name=search_term_string\"}],\"inLanguage\":\"tr\"},{\"@type\":\"Organization\",\"@id\":\"https:\/\/profaj.co\/miknatis\/#organization\",\"name\":\"M\u0131knat\u0131s Ar-Ge\",\"url\":\"https:\/\/profaj.co\/miknatis\/\",\"logo\":{\"@type\":\"ImageObject\",\"inLanguage\":\"tr\",\"@id\":\"https:\/\/profaj.co\/miknatis\/#\/schema\/logo\/image\/\",\"url\":\"https:\/\/profaj.co\/miknatis\/wp-content\/uploads\/2023\/12\/logo-white.webp\",\"contentUrl\":\"https:\/\/profaj.co\/miknatis\/wp-content\/uploads\/2023\/12\/logo-white.webp\",\"width\":300,\"height\":266,\"caption\":\"M\u0131knat\u0131s Ar-Ge\"},\"image\":{\"@id\":\"https:\/\/profaj.co\/miknatis\/#\/schema\/logo\/image\/\"}}]}<\/script>\n<!-- \/ Yoast SEO Premium plugin. -->","yoast_head_json":{"title":"F\u00fcze Tipi Manyetik Separat\u00f6r - M\u0131knat\u0131s Ar-Ge","robots":{"index":"index","follow":"follow","max-snippet":"max-snippet:-1","max-image-preview":"max-image-preview:large","max-video-preview":"max-video-preview:-1"},"canonical":"https:\/\/profaj.co\/miknatis\/tr\/urun\/fuze-tipi-manyetik-separator\/","og_locale":"tr_TR","og_type":"article","og_title":"F\u00fcze Tipi Manyetik Separat\u00f6r","og_description":"Boru sisemlerinde, d\u00fc\u015fey d\u00fczlemde serbest akan toz veya gran\u00fcl \u015feklindeki malzemelerin i\u00e7indeki at\u0131k metallarin (demir vb.) etkin bir \u015fekilde ayr\u0131\u015ft\u0131r\u0131lmas\u0131 i\u00e7in tasarlanm\u0131\u015flard\u0131r.","og_url":"https:\/\/profaj.co\/miknatis\/tr\/urun\/fuze-tipi-manyetik-separator\/","og_site_name":"M\u0131knat\u0131s Ar-Ge","article_modified_time":"2024-07-04T12:25:55+00:00","og_image":[{"width":1500,"height":1500,"url":"https:\/\/profaj.co\/miknatis\/wp-content\/uploads\/2024\/05\/miknatis-arge_6229de0528c98.jpg","type":"image\/jpeg"}],"twitter_card":"summary_large_image","twitter_misc":{"Tahmini okuma s\u00fcresi":"1 dakika"},"schema":{"@context":"https:\/\/schema.org","@graph":[{"@type":"WebPage","@id":"https:\/\/profaj.co\/miknatis\/tr\/urun\/fuze-tipi-manyetik-separator\/","url":"https:\/\/profaj.co\/miknatis\/tr\/urun\/fuze-tipi-manyetik-separator\/","name":"F\u00fcze Tipi Manyetik Separat\u00f6r - M\u0131knat\u0131s Ar-Ge","isPartOf":{"@id":"https:\/\/profaj.co\/miknatis\/#website"},"datePublished":"2024-05-17T07:02:59+00:00","dateModified":"2024-07-04T12:25:55+00:00","breadcrumb":{"@id":"https:\/\/profaj.co\/miknatis\/tr\/urun\/fuze-tipi-manyetik-separator\/#breadcrumb"},"inLanguage":"tr","potentialAction":[{"@type":"ReadAction","target":["https:\/\/profaj.co\/miknatis\/tr\/urun\/fuze-tipi-manyetik-separator\/"]}]},{"@type":"BreadcrumbList","@id":"https:\/\/profaj.co\/miknatis\/tr\/urun\/fuze-tipi-manyetik-separator\/#breadcrumb","itemListElement":[{"@type":"ListItem","position":1,"name":"Anasayfa","item":"https:\/\/profaj.co\/miknatis\/tr\/anasayfa\/"},{"@type":"ListItem","position":2,"name":"\u00dcr\u00fcnler","item":"https:\/\/profaj.co\/miknatis\/tr\/urunler\/"},{"@type":"ListItem","position":3,"name":"F\u00fcze Tipi Manyetik Separat\u00f6r"}]},{"@type":"WebSite","@id":"https:\/\/profaj.co\/miknatis\/#website","url":"https:\/\/profaj.co\/miknatis\/","name":"M\u0131knat\u0131s Ar-Ge","description":"","publisher":{"@id":"https:\/\/profaj.co\/miknatis\/#organization"},"potentialAction":[{"@type":"SearchAction","target":{"@type":"EntryPoint","urlTemplate":"https:\/\/profaj.co\/miknatis\/?s={search_term_string}"},"query-input":"required name=search_term_string"}],"inLanguage":"tr"},{"@type":"Organization","@id":"https:\/\/profaj.co\/miknatis\/#organization","name":"M\u0131knat\u0131s Ar-Ge","url":"https:\/\/profaj.co\/miknatis\/","logo":{"@type":"ImageObject","inLanguage":"tr","@id":"https:\/\/profaj.co\/miknatis\/#\/schema\/logo\/image\/","url":"https:\/\/profaj.co\/miknatis\/wp-content\/uploads\/2023\/12\/logo-white.webp","contentUrl":"https:\/\/profaj.co\/miknatis\/wp-content\/uploads\/2023\/12\/logo-white.webp","width":300,"height":266,"caption":"M\u0131knat\u0131s Ar-Ge"},"image":{"@id":"https:\/\/profaj.co\/miknatis\/#\/schema\/logo\/image\/"}}]}},"lang":"tr","translations":{"tr":6874,"en":7256},"pll_sync_post":[],"_links":{"self":[{"href":"https:\/\/profaj.co\/miknatis\/wp-json\/wp\/v2\/product\/6874","targetHints":{"allow":["GET"]}}],"collection":[{"href":"https:\/\/profaj.co\/miknatis\/wp-json\/wp\/v2\/product"}],"about":[{"href":"https:\/\/profaj.co\/miknatis\/wp-json\/wp\/v2\/types\/product"}],"wp:featuredmedia":[{"embeddable":true,"href":"https:\/\/profaj.co\/miknatis\/wp-json\/wp\/v2\/media\/6880"}],"wp:attachment":[{"href":"https:\/\/profaj.co\/miknatis\/wp-json\/wp\/v2\/media?parent=6874"}],"wp:term":[{"taxonomy":"product_cat","embeddable":true,"href":"https:\/\/profaj.co\/miknatis\/wp-json\/wp\/v2\/product_cat?post=6874"},{"taxonomy":"product_tag","embeddable":true,"href":"https:\/\/profaj.co\/miknatis\/wp-json\/wp\/v2\/product_tag?post=6874"}],"curies":[{"name":"wp","href":"https:\/\/api.w.org\/{rel}","templated":true}]}}