{"id":6884,"date":"2024-05-17T10:18:25","date_gmt":"2024-05-17T07:18:25","guid":{"rendered":"https:\/\/profaj.co\/miknatis\/?post_type=product&#038;p=6884"},"modified":"2024-05-17T10:28:12","modified_gmt":"2024-05-17T07:28:12","slug":"manyetik-plakalar","status":"publish","type":"product","link":"https:\/\/profaj.co\/miknatis\/tr\/urun\/manyetik-plakalar\/","title":{"rendered":"Manyetik Plakalar"},"content":{"rendered":"<p>Plaka &#8211; blok m\u0131knat\u0131slar, y\u00fcksek\u00a0manyetik alana sahip uygun maliyetli, sa\u011flam m\u0131knat\u0131slard\u0131r. Bu nedenle, hammadde ak\u0131\u015flar\u0131n\u0131zdan orta ila b\u00fcy\u00fck demirli partik\u00fclleri ay\u0131rmak i\u00e7in uygundurlar.<\/p>\n<p>Mevcut hatlar\u0131n\u0131za kolayca monte edilebilirler. Manyetik plakalar;\u00a0\u00a0bir ta\u015f\u0131ma band\u0131na asabilir, \u00dcr\u00fcn ak\u0131\u015f hatt\u0131 kanallar\u0131\u0131n\u0131n duvar\u0131na ba\u011flayabilir veya ge\u00e7en bir \u00fcr\u00fcn ak\u0131\u015f\u0131n\u0131n alt\u0131na monte edebilirsiniz.<\/p>\n<p>Plaka &#8211; blok m\u0131knat\u0131slar ayr\u0131ca nispeten kaba \u00fcr\u00fcn ak\u0131\u015flar\u0131 ve daha y\u00fcksek kapasiteler i\u00e7in manyetik ay\u0131r\u0131c\u0131 sistemlerimizin en \u00e7ok tercih edilen\u00a0manyetik separat\u00f6rlerdir.<\/p>\n<p>\u00d6rne\u011fin, Manyetik Plakalar:\u00a0 \u015futlarda, kademeli \u00e7arpt\u0131rmal\u0131 hatlarda, serbest d\u00fc\u015f\u00fc\u015fl\u00fc bir boru hatt\u0131n\u0131n duvar\u0131na, d\u00fc\u015fen bir \u00fcr\u00fcn ak\u0131\u015f\u0131n\u0131n yan\u0131na,yatay ge\u00e7i\u015fli \u00fcr\u00fcn ak\u0131\u015f\u0131n\u0131n alt\u0131na\u00a0 monte edilerek,\u00a0besleme bant\u0131 \u00fcst\u00fcnde, d\u00f6k\u00fc\u015f\u00fcnde \u00a0Fe-demir (ferromanyetik)\u00a0partik\u00fcllerini yakalamada kullan\u0131lan\u00a0uygun maliyetli ve sa\u011flam manyetiklerdir.<\/p>\n<p>Plaka m\u0131knat\u0131slar Neodimyum veya ferrit m\u0131knat\u0131slardan imal edilmekte olup\u00a0Manuel temizleme (elle veya bir aparatla s\u0131y\u0131rarak) veya Otomatik Temizlemeli olarak \u00fcretilebilmektedir.<\/p>\n<p>&nbsp;<\/p>\n","protected":false},"excerpt":{"rendered":"<p>Plaka &#8211; blok m\u0131knat\u0131slar, y\u00fcksek\u00a0manyetik alana sahip uygun maliyetli, sa\u011flam m\u0131knat\u0131slard\u0131r. Bu nedenle, hammadde ak\u0131\u015flar\u0131n\u0131zdan orta ila b\u00fcy\u00fck demirli partik\u00fclleri ay\u0131rmak i\u00e7in uygundurlar.<\/p>\n","protected":false},"featured_media":6885,"template":"","meta":[],"product_cat":[64],"product_tag":[],"class_list":["post-6884","product","type-product","status-publish","has-post-thumbnail","hentry","product_cat-manyetik-plakalar"],"acf":[],"yoast_head":"<!-- This site is optimized with the Yoast SEO Premium plugin v22.1 (Yoast SEO v22.1) - https:\/\/yoast.com\/wordpress\/plugins\/seo\/ -->\n<title>Manyetik Plakalar - M\u0131knat\u0131s Ar-Ge<\/title>\n<meta name=\"robots\" content=\"index, follow, max-snippet:-1, max-image-preview:large, max-video-preview:-1\" \/>\n<link rel=\"canonical\" href=\"https:\/\/profaj.co\/miknatis\/tr\/urun\/manyetik-plakalar\/\" \/>\n<meta property=\"og:locale\" content=\"tr_TR\" \/>\n<meta property=\"og:type\" content=\"article\" \/>\n<meta property=\"og:title\" content=\"Manyetik Plakalar\" \/>\n<meta property=\"og:description\" content=\"Plaka - blok m\u0131knat\u0131slar, y\u00fcksek\u00a0manyetik alana sahip uygun maliyetli, sa\u011flam m\u0131knat\u0131slard\u0131r. Bu nedenle, hammadde ak\u0131\u015flar\u0131n\u0131zdan orta ila b\u00fcy\u00fck demirli partik\u00fclleri ay\u0131rmak i\u00e7in uygundurlar.\" \/>\n<meta property=\"og:url\" content=\"https:\/\/profaj.co\/miknatis\/tr\/urun\/manyetik-plakalar\/\" \/>\n<meta property=\"og:site_name\" content=\"M\u0131knat\u0131s Ar-Ge\" \/>\n<meta property=\"article:modified_time\" content=\"2024-05-17T07:28:12+00:00\" \/>\n<meta property=\"og:image\" content=\"https:\/\/profaj.co\/miknatis\/wp-content\/uploads\/2024\/05\/miknatis-arge_62273bfb4e9a6.jpg\" \/>\n\t<meta property=\"og:image:width\" content=\"1000\" \/>\n\t<meta property=\"og:image:height\" content=\"1000\" \/>\n\t<meta property=\"og:image:type\" content=\"image\/jpeg\" \/>\n<meta name=\"twitter:card\" content=\"summary_large_image\" \/>\n<meta name=\"twitter:label1\" content=\"Tahmini okuma s\u00fcresi\" \/>\n\t<meta name=\"twitter:data1\" content=\"1 dakika\" \/>\n<script type=\"application\/ld+json\" class=\"yoast-schema-graph\">{\"@context\":\"https:\/\/schema.org\",\"@graph\":[{\"@type\":\"WebPage\",\"@id\":\"https:\/\/profaj.co\/miknatis\/tr\/urun\/manyetik-plakalar\/\",\"url\":\"https:\/\/profaj.co\/miknatis\/tr\/urun\/manyetik-plakalar\/\",\"name\":\"Manyetik Plakalar - M\u0131knat\u0131s Ar-Ge\",\"isPartOf\":{\"@id\":\"https:\/\/profaj.co\/miknatis\/#website\"},\"datePublished\":\"2024-05-17T07:18:25+00:00\",\"dateModified\":\"2024-05-17T07:28:12+00:00\",\"breadcrumb\":{\"@id\":\"https:\/\/profaj.co\/miknatis\/tr\/urun\/manyetik-plakalar\/#breadcrumb\"},\"inLanguage\":\"tr\",\"potentialAction\":[{\"@type\":\"ReadAction\",\"target\":[\"https:\/\/profaj.co\/miknatis\/tr\/urun\/manyetik-plakalar\/\"]}]},{\"@type\":\"BreadcrumbList\",\"@id\":\"https:\/\/profaj.co\/miknatis\/tr\/urun\/manyetik-plakalar\/#breadcrumb\",\"itemListElement\":[{\"@type\":\"ListItem\",\"position\":1,\"name\":\"Anasayfa\",\"item\":\"https:\/\/profaj.co\/miknatis\/tr\/anasayfa\/\"},{\"@type\":\"ListItem\",\"position\":2,\"name\":\"\u00dcr\u00fcnler\",\"item\":\"https:\/\/profaj.co\/miknatis\/tr\/urunler\/\"},{\"@type\":\"ListItem\",\"position\":3,\"name\":\"Manyetik Plakalar\"}]},{\"@type\":\"WebSite\",\"@id\":\"https:\/\/profaj.co\/miknatis\/#website\",\"url\":\"https:\/\/profaj.co\/miknatis\/\",\"name\":\"M\u0131knat\u0131s Ar-Ge\",\"description\":\"\",\"publisher\":{\"@id\":\"https:\/\/profaj.co\/miknatis\/#organization\"},\"potentialAction\":[{\"@type\":\"SearchAction\",\"target\":{\"@type\":\"EntryPoint\",\"urlTemplate\":\"https:\/\/profaj.co\/miknatis\/?s={search_term_string}\"},\"query-input\":\"required name=search_term_string\"}],\"inLanguage\":\"tr\"},{\"@type\":\"Organization\",\"@id\":\"https:\/\/profaj.co\/miknatis\/#organization\",\"name\":\"M\u0131knat\u0131s Ar-Ge\",\"url\":\"https:\/\/profaj.co\/miknatis\/\",\"logo\":{\"@type\":\"ImageObject\",\"inLanguage\":\"tr\",\"@id\":\"https:\/\/profaj.co\/miknatis\/#\/schema\/logo\/image\/\",\"url\":\"https:\/\/profaj.co\/miknatis\/wp-content\/uploads\/2023\/12\/logo-white.webp\",\"contentUrl\":\"https:\/\/profaj.co\/miknatis\/wp-content\/uploads\/2023\/12\/logo-white.webp\",\"width\":300,\"height\":266,\"caption\":\"M\u0131knat\u0131s Ar-Ge\"},\"image\":{\"@id\":\"https:\/\/profaj.co\/miknatis\/#\/schema\/logo\/image\/\"}}]}<\/script>\n<!-- \/ Yoast SEO Premium plugin. -->","yoast_head_json":{"title":"Manyetik Plakalar - M\u0131knat\u0131s Ar-Ge","robots":{"index":"index","follow":"follow","max-snippet":"max-snippet:-1","max-image-preview":"max-image-preview:large","max-video-preview":"max-video-preview:-1"},"canonical":"https:\/\/profaj.co\/miknatis\/tr\/urun\/manyetik-plakalar\/","og_locale":"tr_TR","og_type":"article","og_title":"Manyetik Plakalar","og_description":"Plaka - blok m\u0131knat\u0131slar, y\u00fcksek\u00a0manyetik alana sahip uygun maliyetli, sa\u011flam m\u0131knat\u0131slard\u0131r. Bu nedenle, hammadde ak\u0131\u015flar\u0131n\u0131zdan orta ila b\u00fcy\u00fck demirli partik\u00fclleri ay\u0131rmak i\u00e7in uygundurlar.","og_url":"https:\/\/profaj.co\/miknatis\/tr\/urun\/manyetik-plakalar\/","og_site_name":"M\u0131knat\u0131s Ar-Ge","article_modified_time":"2024-05-17T07:28:12+00:00","og_image":[{"width":1000,"height":1000,"url":"https:\/\/profaj.co\/miknatis\/wp-content\/uploads\/2024\/05\/miknatis-arge_62273bfb4e9a6.jpg","type":"image\/jpeg"}],"twitter_card":"summary_large_image","twitter_misc":{"Tahmini okuma s\u00fcresi":"1 dakika"},"schema":{"@context":"https:\/\/schema.org","@graph":[{"@type":"WebPage","@id":"https:\/\/profaj.co\/miknatis\/tr\/urun\/manyetik-plakalar\/","url":"https:\/\/profaj.co\/miknatis\/tr\/urun\/manyetik-plakalar\/","name":"Manyetik Plakalar - M\u0131knat\u0131s Ar-Ge","isPartOf":{"@id":"https:\/\/profaj.co\/miknatis\/#website"},"datePublished":"2024-05-17T07:18:25+00:00","dateModified":"2024-05-17T07:28:12+00:00","breadcrumb":{"@id":"https:\/\/profaj.co\/miknatis\/tr\/urun\/manyetik-plakalar\/#breadcrumb"},"inLanguage":"tr","potentialAction":[{"@type":"ReadAction","target":["https:\/\/profaj.co\/miknatis\/tr\/urun\/manyetik-plakalar\/"]}]},{"@type":"BreadcrumbList","@id":"https:\/\/profaj.co\/miknatis\/tr\/urun\/manyetik-plakalar\/#breadcrumb","itemListElement":[{"@type":"ListItem","position":1,"name":"Anasayfa","item":"https:\/\/profaj.co\/miknatis\/tr\/anasayfa\/"},{"@type":"ListItem","position":2,"name":"\u00dcr\u00fcnler","item":"https:\/\/profaj.co\/miknatis\/tr\/urunler\/"},{"@type":"ListItem","position":3,"name":"Manyetik Plakalar"}]},{"@type":"WebSite","@id":"https:\/\/profaj.co\/miknatis\/#website","url":"https:\/\/profaj.co\/miknatis\/","name":"M\u0131knat\u0131s Ar-Ge","description":"","publisher":{"@id":"https:\/\/profaj.co\/miknatis\/#organization"},"potentialAction":[{"@type":"SearchAction","target":{"@type":"EntryPoint","urlTemplate":"https:\/\/profaj.co\/miknatis\/?s={search_term_string}"},"query-input":"required name=search_term_string"}],"inLanguage":"tr"},{"@type":"Organization","@id":"https:\/\/profaj.co\/miknatis\/#organization","name":"M\u0131knat\u0131s Ar-Ge","url":"https:\/\/profaj.co\/miknatis\/","logo":{"@type":"ImageObject","inLanguage":"tr","@id":"https:\/\/profaj.co\/miknatis\/#\/schema\/logo\/image\/","url":"https:\/\/profaj.co\/miknatis\/wp-content\/uploads\/2023\/12\/logo-white.webp","contentUrl":"https:\/\/profaj.co\/miknatis\/wp-content\/uploads\/2023\/12\/logo-white.webp","width":300,"height":266,"caption":"M\u0131knat\u0131s Ar-Ge"},"image":{"@id":"https:\/\/profaj.co\/miknatis\/#\/schema\/logo\/image\/"}}]}},"lang":"tr","translations":{"tr":6884,"en":7257},"pll_sync_post":[],"_links":{"self":[{"href":"https:\/\/profaj.co\/miknatis\/wp-json\/wp\/v2\/product\/6884","targetHints":{"allow":["GET"]}}],"collection":[{"href":"https:\/\/profaj.co\/miknatis\/wp-json\/wp\/v2\/product"}],"about":[{"href":"https:\/\/profaj.co\/miknatis\/wp-json\/wp\/v2\/types\/product"}],"wp:featuredmedia":[{"embeddable":true,"href":"https:\/\/profaj.co\/miknatis\/wp-json\/wp\/v2\/media\/6885"}],"wp:attachment":[{"href":"https:\/\/profaj.co\/miknatis\/wp-json\/wp\/v2\/media?parent=6884"}],"wp:term":[{"taxonomy":"product_cat","embeddable":true,"href":"https:\/\/profaj.co\/miknatis\/wp-json\/wp\/v2\/product_cat?post=6884"},{"taxonomy":"product_tag","embeddable":true,"href":"https:\/\/profaj.co\/miknatis\/wp-json\/wp\/v2\/product_tag?post=6884"}],"curies":[{"name":"wp","href":"https:\/\/api.w.org\/{rel}","templated":true}]}}