{"id":6889,"date":"2024-05-17T10:28:21","date_gmt":"2024-05-17T07:28:21","guid":{"rendered":"https:\/\/profaj.co\/miknatis\/?post_type=product&#038;p=6889"},"modified":"2024-05-17T10:33:31","modified_gmt":"2024-05-17T07:33:31","slug":"aski-tipi-manyetik-plakalar","status":"publish","type":"product","link":"https:\/\/profaj.co\/miknatis\/tr\/urun\/aski-tipi-manyetik-plakalar\/","title":{"rendered":"Ask\u0131 Tipi Manyetik Plakalar"},"content":{"rendered":"<p>Ask\u0131 Tipi Manyetik Plaka, ferromanyetik par\u00e7ac\u0131klar\u0131n bantl\u0131 konvey\u00f6rde ta\u015f\u0131nan malzemelerden ayr\u0131lmas\u0131 i\u00e7in en basit ve en uygun maliyetli ekipmand\u0131r. Bu manyetik plaka separator, daha d\u00fc\u015f\u00fck manyetik metal partik\u00fcl i\u00e7eri\u011fine sahip malzemeler i\u00e7in uygundur.<\/p>\n<p>\u00c7ok \u00e7e\u015fitli \u00fcretim ve i\u015fleme tesislerinde ya konvey\u00f6rler \u00fczerinde as\u0131l\u0131 ya da oluklara yerle\u015ftirilebilir. Neredeyse hi\u00e7 bak\u0131m gerektirmez, uzun bir hizmet \u00f6mr\u00fc sunar, \u0131slak ve nemli ko\u015fullardan etkilenmez.\u00a0En k\u00fc\u00e7\u00fck demir i\u00e7eren malzeme par\u00e7ac\u0131klar\u0131n\u0131 bile \u00e7ekmede g\u00fc\u00e7l\u00fc ve etkilidir. Mevcut makine veya hatta montaj\u0131 kolayd\u0131r.<\/p>\n<p>Seramik- Ferrit ya da Neodimyum m\u0131knat\u0131slardan imal edilirler.<\/p>\n<p>Ferrit manyetik plakalar, 0,5 mm kadar k\u00fc\u00e7\u00fck ferromanyetik (Fe) par\u00e7ac\u0131klar\u0131 uzakla\u015ft\u0131r\u0131r.\u00a0Kaba demir ay\u0131rmada (\u00e7ivi,vida, kep\u00e7e t\u0131rna\u011f\u0131 vb.) Ferrit paka m\u0131knat\u0131slar tercih edilmektedir. Bir avantaj\u0131, daha y\u00fcksek s\u0131cakl\u0131klarda (250\u00b0C) kullan\u0131ma uygun olmalar\u0131d\u0131r, ancak daga k\u00fc\u00e7\u00fck metallerde ve oksitlenmi\u015f\u00a0\u00a0paslanmaz \u00e7elik metalleri yakalamak i\u00e7in uygun de\u011fildirler.<\/p>\n<p>Boyutlar\u0131, istenen etkin \u00e7ekim mesafe derinli\u011fine g\u00f6re se\u00e7ilir: alan ne kadar derinse, m\u0131knat\u0131s o kadar a\u011f\u0131r ve b\u00fcy\u00fck olur. Bu nedenle, genellikle daha dar alanlarda ve \u00e7ekmesi zor ala\u015f\u0131ml\u0131 ferromanyetik malzemeleri\u00a0\u00e7ekmede, max.25 cm de etkili daha k\u00fc\u00e7\u00fck hacimli\u00a0daha g\u00fc\u00e7l\u00fc neodimyum plaka m\u0131knat\u0131slar\u0131 tercih edilir. Maden, geri d\u00f6n\u00fc\u015f\u00fcm, ta\u015f ocaklar\u0131 vb. tesislerde kaba ve iri demir ayr\u0131m i\u00e7in Ferrit Plaka M\u0131knat\u0131slar kulan\u0131lmaktad\u0131r.<\/p>\n<p>\u00d6zellikle GIDA sekt\u00f6r\u00fcne y\u00f6nelik olarak paslanmaz ve s\u0131zd\u0131rmaz \u015fekilde NdBFe m\u0131knat\u0131stan imal edilirler. Plakalar talebe g\u00f6re mapa ile as\u0131lacak ya da yandan kulak ile tak\u0131lacak \u015fekilde imal edilebilirler. \u0130ste\u011fe g\u00f6re plakalara paslanmaz malzemeden manuel temizleme s\u00fcrg\u00fcs\u00fc eklenebilir.<\/p>\n<p>A\u015fa\u011f\u0131da video linki verilen \u00f6zel seri Neodimyum plaka ile mikronize \u00fcr\u00fcnlerde ciddi ay\u0131rma performans\u0131 s\u00f6z konusudur. Ayr\u0131ca maden sekt\u00f6r\u00fcnde riskli olan CrNi Bilya yada Mangan ala\u015f\u0131ml\u0131 Bits u\u00e7 gibi \u00fcr\u00fcnlerin yakalanmas\u0131 gibi \u00fcst\u00fcn \u00f6zelliklere de sahiptir. \u00c7ok iyi bir \u00f6nleyici bak\u0131m ekipman\u0131d\u0131r. Cam, Seramik, Beton vb. sekt\u00f6rler taraf\u0131ndan \u00f6zellikle tercih edilmektedir.<\/p>\n<p><em><strong>Bant geni\u015fli\u011fine ve \u00fcr\u00fcn\u00fcn \u00f6zelli\u011fine uygun \u00e7ekim g\u00fc\u00e7lerine g\u00f6re istenilen \u00f6l\u00e7\u00fclerde imal edilirler.\u00a0 Standart \u015fekil ve boyutlar\u0131n i\u015fe yaramayaca\u011f\u0131 zorlu uygulamalar i\u00e7in \u00f6zel tasar\u0131m ve \u00fcretim hizmeti sunulmaktad\u0131r.<\/p>\n<p><iframe src=\"https:\/\/www.youtube.com\/embed\/nyreVS2grI0\" width=\"560\" height=\"315\" frameborder=\"0\" allowfullscreen=\"allowfullscreen\"><\/iframe><br \/>\n<\/strong><\/em><\/p>\n","protected":false},"excerpt":{"rendered":"<p>Ask\u0131 Tipi Manyetik Plaka, ferromanyetik par\u00e7ac\u0131klar\u0131n bantl\u0131 konvey\u00f6rde ta\u015f\u0131nan malzemelerden ayr\u0131lmas\u0131 i\u00e7in en basit ve en uygun maliyetli ekipmand\u0131r.<\/p>\n","protected":false},"featured_media":6890,"template":"","meta":[],"product_cat":[64],"product_tag":[],"class_list":["post-6889","product","type-product","status-publish","has-post-thumbnail","hentry","product_cat-manyetik-plakalar"],"acf":[],"yoast_head":"<!-- This site is optimized with the Yoast SEO Premium plugin v22.1 (Yoast SEO v22.1) - https:\/\/yoast.com\/wordpress\/plugins\/seo\/ -->\n<title>Ask\u0131 Tipi Manyetik Plakalar - M\u0131knat\u0131s Ar-Ge<\/title>\n<meta name=\"robots\" content=\"index, follow, max-snippet:-1, max-image-preview:large, max-video-preview:-1\" \/>\n<link rel=\"canonical\" href=\"https:\/\/profaj.co\/miknatis\/tr\/urun\/aski-tipi-manyetik-plakalar\/\" \/>\n<meta property=\"og:locale\" content=\"tr_TR\" \/>\n<meta property=\"og:type\" content=\"article\" \/>\n<meta property=\"og:title\" content=\"Ask\u0131 Tipi Manyetik Plakalar\" \/>\n<meta property=\"og:description\" content=\"Ask\u0131 Tipi Manyetik Plaka, ferromanyetik par\u00e7ac\u0131klar\u0131n bantl\u0131 konvey\u00f6rde ta\u015f\u0131nan malzemelerden ayr\u0131lmas\u0131 i\u00e7in en basit ve en uygun maliyetli ekipmand\u0131r.\" \/>\n<meta property=\"og:url\" content=\"https:\/\/profaj.co\/miknatis\/tr\/urun\/aski-tipi-manyetik-plakalar\/\" \/>\n<meta property=\"og:site_name\" content=\"M\u0131knat\u0131s Ar-Ge\" \/>\n<meta property=\"article:modified_time\" content=\"2024-05-17T07:33:31+00:00\" \/>\n<meta property=\"og:image\" content=\"https:\/\/profaj.co\/miknatis\/wp-content\/uploads\/2024\/05\/miknatis-arge_6225f570908f8.jpg\" \/>\n\t<meta property=\"og:image:width\" content=\"1000\" \/>\n\t<meta property=\"og:image:height\" content=\"1000\" \/>\n\t<meta property=\"og:image:type\" content=\"image\/jpeg\" \/>\n<meta name=\"twitter:card\" content=\"summary_large_image\" \/>\n<meta name=\"twitter:label1\" content=\"Tahmini okuma s\u00fcresi\" \/>\n\t<meta name=\"twitter:data1\" content=\"2 dakika\" \/>\n<script type=\"application\/ld+json\" class=\"yoast-schema-graph\">{\"@context\":\"https:\/\/schema.org\",\"@graph\":[{\"@type\":\"WebPage\",\"@id\":\"https:\/\/profaj.co\/miknatis\/tr\/urun\/aski-tipi-manyetik-plakalar\/\",\"url\":\"https:\/\/profaj.co\/miknatis\/tr\/urun\/aski-tipi-manyetik-plakalar\/\",\"name\":\"Ask\u0131 Tipi Manyetik Plakalar - M\u0131knat\u0131s Ar-Ge\",\"isPartOf\":{\"@id\":\"https:\/\/profaj.co\/miknatis\/#website\"},\"datePublished\":\"2024-05-17T07:28:21+00:00\",\"dateModified\":\"2024-05-17T07:33:31+00:00\",\"breadcrumb\":{\"@id\":\"https:\/\/profaj.co\/miknatis\/tr\/urun\/aski-tipi-manyetik-plakalar\/#breadcrumb\"},\"inLanguage\":\"tr\",\"potentialAction\":[{\"@type\":\"ReadAction\",\"target\":[\"https:\/\/profaj.co\/miknatis\/tr\/urun\/aski-tipi-manyetik-plakalar\/\"]}]},{\"@type\":\"BreadcrumbList\",\"@id\":\"https:\/\/profaj.co\/miknatis\/tr\/urun\/aski-tipi-manyetik-plakalar\/#breadcrumb\",\"itemListElement\":[{\"@type\":\"ListItem\",\"position\":1,\"name\":\"Anasayfa\",\"item\":\"https:\/\/profaj.co\/miknatis\/tr\/anasayfa\/\"},{\"@type\":\"ListItem\",\"position\":2,\"name\":\"\u00dcr\u00fcnler\",\"item\":\"https:\/\/profaj.co\/miknatis\/tr\/urunler\/\"},{\"@type\":\"ListItem\",\"position\":3,\"name\":\"Ask\u0131 Tipi Manyetik Plakalar\"}]},{\"@type\":\"WebSite\",\"@id\":\"https:\/\/profaj.co\/miknatis\/#website\",\"url\":\"https:\/\/profaj.co\/miknatis\/\",\"name\":\"M\u0131knat\u0131s Ar-Ge\",\"description\":\"\",\"publisher\":{\"@id\":\"https:\/\/profaj.co\/miknatis\/#organization\"},\"potentialAction\":[{\"@type\":\"SearchAction\",\"target\":{\"@type\":\"EntryPoint\",\"urlTemplate\":\"https:\/\/profaj.co\/miknatis\/?s={search_term_string}\"},\"query-input\":\"required name=search_term_string\"}],\"inLanguage\":\"tr\"},{\"@type\":\"Organization\",\"@id\":\"https:\/\/profaj.co\/miknatis\/#organization\",\"name\":\"M\u0131knat\u0131s Ar-Ge\",\"url\":\"https:\/\/profaj.co\/miknatis\/\",\"logo\":{\"@type\":\"ImageObject\",\"inLanguage\":\"tr\",\"@id\":\"https:\/\/profaj.co\/miknatis\/#\/schema\/logo\/image\/\",\"url\":\"https:\/\/profaj.co\/miknatis\/wp-content\/uploads\/2023\/12\/logo-white.webp\",\"contentUrl\":\"https:\/\/profaj.co\/miknatis\/wp-content\/uploads\/2023\/12\/logo-white.webp\",\"width\":300,\"height\":266,\"caption\":\"M\u0131knat\u0131s Ar-Ge\"},\"image\":{\"@id\":\"https:\/\/profaj.co\/miknatis\/#\/schema\/logo\/image\/\"}}]}<\/script>\n<!-- \/ Yoast SEO Premium plugin. -->","yoast_head_json":{"title":"Ask\u0131 Tipi Manyetik Plakalar - M\u0131knat\u0131s Ar-Ge","robots":{"index":"index","follow":"follow","max-snippet":"max-snippet:-1","max-image-preview":"max-image-preview:large","max-video-preview":"max-video-preview:-1"},"canonical":"https:\/\/profaj.co\/miknatis\/tr\/urun\/aski-tipi-manyetik-plakalar\/","og_locale":"tr_TR","og_type":"article","og_title":"Ask\u0131 Tipi Manyetik Plakalar","og_description":"Ask\u0131 Tipi Manyetik Plaka, ferromanyetik par\u00e7ac\u0131klar\u0131n bantl\u0131 konvey\u00f6rde ta\u015f\u0131nan malzemelerden ayr\u0131lmas\u0131 i\u00e7in en basit ve en uygun maliyetli ekipmand\u0131r.","og_url":"https:\/\/profaj.co\/miknatis\/tr\/urun\/aski-tipi-manyetik-plakalar\/","og_site_name":"M\u0131knat\u0131s Ar-Ge","article_modified_time":"2024-05-17T07:33:31+00:00","og_image":[{"width":1000,"height":1000,"url":"https:\/\/profaj.co\/miknatis\/wp-content\/uploads\/2024\/05\/miknatis-arge_6225f570908f8.jpg","type":"image\/jpeg"}],"twitter_card":"summary_large_image","twitter_misc":{"Tahmini okuma s\u00fcresi":"2 dakika"},"schema":{"@context":"https:\/\/schema.org","@graph":[{"@type":"WebPage","@id":"https:\/\/profaj.co\/miknatis\/tr\/urun\/aski-tipi-manyetik-plakalar\/","url":"https:\/\/profaj.co\/miknatis\/tr\/urun\/aski-tipi-manyetik-plakalar\/","name":"Ask\u0131 Tipi Manyetik Plakalar - M\u0131knat\u0131s Ar-Ge","isPartOf":{"@id":"https:\/\/profaj.co\/miknatis\/#website"},"datePublished":"2024-05-17T07:28:21+00:00","dateModified":"2024-05-17T07:33:31+00:00","breadcrumb":{"@id":"https:\/\/profaj.co\/miknatis\/tr\/urun\/aski-tipi-manyetik-plakalar\/#breadcrumb"},"inLanguage":"tr","potentialAction":[{"@type":"ReadAction","target":["https:\/\/profaj.co\/miknatis\/tr\/urun\/aski-tipi-manyetik-plakalar\/"]}]},{"@type":"BreadcrumbList","@id":"https:\/\/profaj.co\/miknatis\/tr\/urun\/aski-tipi-manyetik-plakalar\/#breadcrumb","itemListElement":[{"@type":"ListItem","position":1,"name":"Anasayfa","item":"https:\/\/profaj.co\/miknatis\/tr\/anasayfa\/"},{"@type":"ListItem","position":2,"name":"\u00dcr\u00fcnler","item":"https:\/\/profaj.co\/miknatis\/tr\/urunler\/"},{"@type":"ListItem","position":3,"name":"Ask\u0131 Tipi Manyetik Plakalar"}]},{"@type":"WebSite","@id":"https:\/\/profaj.co\/miknatis\/#website","url":"https:\/\/profaj.co\/miknatis\/","name":"M\u0131knat\u0131s Ar-Ge","description":"","publisher":{"@id":"https:\/\/profaj.co\/miknatis\/#organization"},"potentialAction":[{"@type":"SearchAction","target":{"@type":"EntryPoint","urlTemplate":"https:\/\/profaj.co\/miknatis\/?s={search_term_string}"},"query-input":"required name=search_term_string"}],"inLanguage":"tr"},{"@type":"Organization","@id":"https:\/\/profaj.co\/miknatis\/#organization","name":"M\u0131knat\u0131s Ar-Ge","url":"https:\/\/profaj.co\/miknatis\/","logo":{"@type":"ImageObject","inLanguage":"tr","@id":"https:\/\/profaj.co\/miknatis\/#\/schema\/logo\/image\/","url":"https:\/\/profaj.co\/miknatis\/wp-content\/uploads\/2023\/12\/logo-white.webp","contentUrl":"https:\/\/profaj.co\/miknatis\/wp-content\/uploads\/2023\/12\/logo-white.webp","width":300,"height":266,"caption":"M\u0131knat\u0131s Ar-Ge"},"image":{"@id":"https:\/\/profaj.co\/miknatis\/#\/schema\/logo\/image\/"}}]}},"lang":"tr","translations":{"tr":6889,"en":7264},"pll_sync_post":[],"_links":{"self":[{"href":"https:\/\/profaj.co\/miknatis\/wp-json\/wp\/v2\/product\/6889","targetHints":{"allow":["GET"]}}],"collection":[{"href":"https:\/\/profaj.co\/miknatis\/wp-json\/wp\/v2\/product"}],"about":[{"href":"https:\/\/profaj.co\/miknatis\/wp-json\/wp\/v2\/types\/product"}],"wp:featuredmedia":[{"embeddable":true,"href":"https:\/\/profaj.co\/miknatis\/wp-json\/wp\/v2\/media\/6890"}],"wp:attachment":[{"href":"https:\/\/profaj.co\/miknatis\/wp-json\/wp\/v2\/media?parent=6889"}],"wp:term":[{"taxonomy":"product_cat","embeddable":true,"href":"https:\/\/profaj.co\/miknatis\/wp-json\/wp\/v2\/product_cat?post=6889"},{"taxonomy":"product_tag","embeddable":true,"href":"https:\/\/profaj.co\/miknatis\/wp-json\/wp\/v2\/product_tag?post=6889"}],"curies":[{"name":"wp","href":"https:\/\/api.w.org\/{rel}","templated":true}]}}