{"id":6898,"date":"2024-05-17T10:34:46","date_gmt":"2024-05-17T07:34:46","guid":{"rendered":"https:\/\/profaj.co\/miknatis\/?post_type=product&#038;p=6898"},"modified":"2024-05-17T10:39:53","modified_gmt":"2024-05-17T07:39:53","slug":"otomatik-temizlemeli-aski-tipi-manyetik-plakalar","status":"publish","type":"product","link":"https:\/\/profaj.co\/miknatis\/tr\/urun\/otomatik-temizlemeli-aski-tipi-manyetik-plakalar\/","title":{"rendered":"Otomatik Temizlemeli Ask\u0131 Tipi Manyetik Plakalar"},"content":{"rendered":"<p><img decoding=\"async\" class=\"size-full wp-image-6902 alignleft\" src=\"https:\/\/profaj.co\/miknatis\/wp-content\/uploads\/2024\/05\/1394322261.jpg\" alt=\"\" width=\"200\" height=\"149\" \/> <img fetchpriority=\"high\" decoding=\"async\" class=\"wp-image-6903 size-medium alignleft\" src=\"https:\/\/profaj.co\/miknatis\/wp-content\/uploads\/2024\/05\/1303560895-300x169.jpg\" alt=\"\" width=\"300\" height=\"169\" srcset=\"https:\/\/profaj.co\/miknatis\/wp-content\/uploads\/2024\/05\/1303560895-300x169.jpg 300w, https:\/\/profaj.co\/miknatis\/wp-content\/uploads\/2024\/05\/1303560895-1024x576.jpg 1024w, https:\/\/profaj.co\/miknatis\/wp-content\/uploads\/2024\/05\/1303560895-768x432.jpg 768w, https:\/\/profaj.co\/miknatis\/wp-content\/uploads\/2024\/05\/1303560895-600x338.jpg 600w, https:\/\/profaj.co\/miknatis\/wp-content\/uploads\/2024\/05\/1303560895.jpg 1328w\" sizes=\"(max-width: 300px) 100vw, 300px\" \/> <img decoding=\"async\" class=\"wp-image-6904 size-medium alignleft\" src=\"https:\/\/profaj.co\/miknatis\/wp-content\/uploads\/2024\/05\/512202517-300x169.jpg\" alt=\"\" width=\"300\" height=\"169\" srcset=\"https:\/\/profaj.co\/miknatis\/wp-content\/uploads\/2024\/05\/512202517-300x169.jpg 300w, https:\/\/profaj.co\/miknatis\/wp-content\/uploads\/2024\/05\/512202517-1024x576.jpg 1024w, https:\/\/profaj.co\/miknatis\/wp-content\/uploads\/2024\/05\/512202517-768x432.jpg 768w, https:\/\/profaj.co\/miknatis\/wp-content\/uploads\/2024\/05\/512202517-600x338.jpg 600w, https:\/\/profaj.co\/miknatis\/wp-content\/uploads\/2024\/05\/512202517.jpg 1328w\" sizes=\"(max-width: 300px) 100vw, 300px\" \/>Plaka M\u0131knat\u0131s, konvey\u00f6r band\u0131n\u0131n \u00fczerine yerle\u015ftirilir. Hareketli bir s\u00fcrekli bant, m\u0131knat\u0131s plakay\u0131 \u00e7evreler. Demirli malzeme m\u0131knat\u0131s taraf\u0131ndan \u00e7ekilir ve bant \u00fczerinde tutulur. Bant manyetik alandan uzakla\u015ft\u0131k\u00e7a, demirli metaller toplayarak besleme konvey\u00f6r\u00fcn\u00fcn d\u0131\u015f\u0131na atar veya \u015fut i\u00e7ine d\u00fc\u015fer. Geni\u015fli\u011fi 1000 mm den daha az olan bantlarda yakla\u015f\u0131k 12\u00a0in\u00e7 (300 mm) maksimum ask\u0131 y\u00fcksekli\u011fi i\u00e7in tasarlanmaktad\u0131r. \u00a0Daha geni\u015f bantlar ve etkin \u00e7ekim mesafesi talep edilirse, daha b\u00fcy\u00fck as\u0131l\u0131 kal\u0131c\u0131 plaka m\u0131knat\u0131s gerektirebilir.<\/p>\n<p>Ask\u0131l\u0131 tip Plakal\u0131 Manyetik ay\u0131r\u0131c\u0131lar\u0131n, h\u0131zl\u0131 hareket eden konvey\u00f6rlerde ta\u015f\u0131nan malzeme i\u00e7erisinden istenmeyen demirin \u00e7ekilmesinde en etkili y\u00f6ntem oldu\u011fu kan\u0131tlanm\u0131\u015ft\u0131r. B\u00fcy\u00fck veya k\u00fc\u00e7\u00fck tonajlarda \u0131slak veya kuru, ince veya kaba malzemeler \u00fczerinde ay\u0131rma uygulamalar\u0131 i\u00e7in idealdir. Otomatik Temizlemeli Ask\u0131 Tipi Manyetik Plakalar, at\u0131k demiri ay\u0131rmay\u0131 g\u00fcvenli ve emniyetli bir \u015fekilde yaparak maliyetli i\u015fleme makinelerinin korunmas\u0131n\u0131 sa\u011flar ve \u00fcr\u00fcn\u00fcn safl\u0131\u011f\u0131n\u0131 garanti eder.<\/p>\n<p>Ask\u0131 Tipi Manyetik Plaka, ferromanyetik par\u00e7ac\u0131klar\u0131n bantl\u0131 konvey\u00f6rde ta\u015f\u0131nan malzemelerden ayr\u0131lmas\u0131 i\u00e7in en basit ve en uygun maliyetli ekipmand\u0131r. Otomatik Temizlemeli Ask\u0131 Tipi Manyetik Plakalar daha yo\u011fun manyetik metal partik\u00fcl i\u00e7eri\u011fine sahip malzemeler i\u00e7in uygundur.<\/p>\n<p>Yo\u011fun metalin oldu\u011fu ve temizlenmesi zor olan alanlarda iri demir par\u00e7alar\u0131n ayr\u0131lmas\u0131 i\u00e7in gerekli olan daha b\u00fcy\u00fck bir manyetik kapsama alan\u0131 sa\u011flar ve bir elektrom\u0131knat\u0131sa g\u00f6re daha az yer gerektirir. Daimi m\u0131knat\u0131sl\u0131 oldu\u011fu i\u00e7in enerji ve bak\u0131m gerektirmez. Sadece hareketli olan temizleme i\u00e7in kullan\u0131lan konvey\u00f6r k\u0131sm\u0131 belli aral\u0131larda bak\u0131m gerektirir.<\/p>\n<p>\u00c7al\u0131\u015fma avantajlar\u0131 \u00e7oktur, elektrik kesintisi nedeniyle kapanma olas\u0131l\u0131\u011f\u0131 ortadan kalkar. \u00a0Daimi m\u0131knat\u0131sl\u0131 oldu\u011fu i\u00e7in g\u00fcc\u00fc zamanla d\u00fc\u015fmez, de\u011fi\u015fmez. (\u015eiddetli mekanik darbe, kutuplar\u0131n da\u011f\u0131lmas\u0131, a\u015f\u0131nmas\u0131 hari\u00e7) \u00a0Sistem her zaman en y\u00fcksek verimlilikte \u00e7al\u0131\u015f\u0131r.<\/p>\n<p>Seramik- Ferrit yada Neodimyum m\u0131knat\u0131slardan imal edilirler. \u00d6zellikle g\u0131da sekt\u00f6r\u00fcne y\u00f6nelik olarak paslanmaz ve s\u0131zd\u0131rmaz \u015fekilde NdFeB m\u0131knat\u0131stan imal edilirler. Talebe g\u00f6re zincir ile as\u0131lacak ya da ayakl\u0131 \u015fase ile tak\u0131lacak \u015fekilde imal edilebilirler.<\/p>\n<p><strong><em>Otomatik Temizlemeli Ask\u0131 Tipi Manyetik Plaka \u00f6zellikleri:<\/em><\/strong><\/p>\n<ul>\n<li>\u00c7e\u015fitli malzemelerden serbest demirin \u00e7\u0131kar\u0131lmas\u0131,<\/li>\n<li>Mobil k\u0131rma, eleme ve par\u00e7alama makinelerine takmak i\u00e7in ideal,<\/li>\n<li>At\u0131k ah\u015faptan serbest haldeki \u00e7ivi ve vidalar\u0131n \u00e7\u0131kar\u0131lmas\u0131,<\/li>\n<li>Madenlerde ve ta\u015f ocaklar\u0131nda hayati \u00f6nem ta\u015f\u0131yan ak\u0131\u015f ekipmanlar\u0131n\u0131n korunmas\u0131<\/li>\n<li>Standart olarak \u00a0(400-2000 mm) geni\u015fli\u011findeki konvey\u00f6rlere uyacak \u015fekilde, iste\u011fe ba\u011fl\u0131 \u00f6zel \u00f6l\u00e7\u00fcde yap\u0131labilir.<\/li>\n<li>\u00dcnite ile birlikte verilen kendi kendini temizleme \u00f6zelli\u011fi, biriken demirlerin otomatik olarak ayr\u0131l\u0131p bant d\u0131\u015f\u0131na (ayr\u0131 bir \u015fu) \u00a0at\u0131lmas\u0131n\u0131 sa\u011flar.<\/li>\n<li>D\u00fc\u015f\u00fck i\u015fletme maliyeti; M\u0131knat\u0131s \u00fczerinde elektrik bak\u0131m\u0131 yok; Kesintisiz manyetik koruma; Basit kurulum,<\/li>\n<li>Kal\u0131c\u0131 m\u0131knat\u0131s g\u00fc\u00e7 gerektirmez; G\u00fc\u00e7l\u00fc manyetik alan (35-40 cm de etkili daimi m\u0131knat\u0131sl\u0131 plakalar)<\/li>\n<\/ul>\n<p><iframe src=\"https:\/\/www.youtube.com\/embed\/RXMgoNR6Di0\" width=\"560\" height=\"315\" frameborder=\"0\" allowfullscreen=\"allowfullscreen\" data-mce-fragment=\"1\"><\/iframe>\u00a0<iframe src=\"https:\/\/www.youtube.com\/embed\/N0eBkLcdiJs\" width=\"560\" height=\"315\" frameborder=\"0\" allowfullscreen=\"allowfullscreen\" data-mce-fragment=\"1\"><\/iframe><iframe src=\"https:\/\/www.youtube.com\/embed\/A6LmOpA61wc\" width=\"560\" height=\"315\" frameborder=\"0\" allowfullscreen=\"allowfullscreen\" data-mce-fragment=\"1\"><\/iframe><\/p>\n","protected":false},"excerpt":{"rendered":"<p>Plaka M\u0131knat\u0131s, konvey\u00f6r band\u0131n\u0131n \u00fczerine yerle\u015ftirilir. Hareketli bir s\u00fcrekli bant, m\u0131knat\u0131s plakay\u0131 \u00e7evreler.<\/p>\n","protected":false},"featured_media":6899,"template":"","meta":[],"product_cat":[64],"product_tag":[],"class_list":["post-6898","product","type-product","status-publish","has-post-thumbnail","hentry","product_cat-manyetik-plakalar"],"acf":[],"yoast_head":"<!-- This site is optimized with the Yoast SEO Premium plugin v22.1 (Yoast SEO v22.1) - https:\/\/yoast.com\/wordpress\/plugins\/seo\/ -->\n<title>Otomatik Temizlemeli Ask\u0131 Tipi Manyetik Plakalar - M\u0131knat\u0131s Ar-Ge<\/title>\n<meta name=\"robots\" content=\"index, follow, max-snippet:-1, max-image-preview:large, max-video-preview:-1\" \/>\n<link rel=\"canonical\" href=\"https:\/\/profaj.co\/miknatis\/tr\/urun\/otomatik-temizlemeli-aski-tipi-manyetik-plakalar\/\" \/>\n<meta property=\"og:locale\" content=\"tr_TR\" \/>\n<meta property=\"og:type\" content=\"article\" \/>\n<meta property=\"og:title\" content=\"Otomatik Temizlemeli Ask\u0131 Tipi Manyetik Plakalar\" \/>\n<meta property=\"og:description\" content=\"Plaka M\u0131knat\u0131s, konvey\u00f6r band\u0131n\u0131n \u00fczerine yerle\u015ftirilir. Hareketli bir s\u00fcrekli bant, m\u0131knat\u0131s plakay\u0131 \u00e7evreler.\" \/>\n<meta property=\"og:url\" content=\"https:\/\/profaj.co\/miknatis\/tr\/urun\/otomatik-temizlemeli-aski-tipi-manyetik-plakalar\/\" \/>\n<meta property=\"og:site_name\" content=\"M\u0131knat\u0131s Ar-Ge\" \/>\n<meta property=\"article:modified_time\" content=\"2024-05-17T07:39:53+00:00\" \/>\n<meta property=\"og:image\" content=\"https:\/\/profaj.co\/miknatis\/wp-content\/uploads\/2024\/05\/miknatis-arge_6228a147aefb1.jpg\" \/>\n\t<meta property=\"og:image:width\" content=\"1500\" \/>\n\t<meta property=\"og:image:height\" content=\"1500\" \/>\n\t<meta property=\"og:image:type\" content=\"image\/jpeg\" \/>\n<meta name=\"twitter:card\" content=\"summary_large_image\" \/>\n<meta name=\"twitter:label1\" content=\"Tahmini okuma s\u00fcresi\" \/>\n\t<meta name=\"twitter:data1\" content=\"3 dakika\" \/>\n<script type=\"application\/ld+json\" class=\"yoast-schema-graph\">{\"@context\":\"https:\/\/schema.org\",\"@graph\":[{\"@type\":\"WebPage\",\"@id\":\"https:\/\/profaj.co\/miknatis\/tr\/urun\/otomatik-temizlemeli-aski-tipi-manyetik-plakalar\/\",\"url\":\"https:\/\/profaj.co\/miknatis\/tr\/urun\/otomatik-temizlemeli-aski-tipi-manyetik-plakalar\/\",\"name\":\"Otomatik Temizlemeli Ask\u0131 Tipi Manyetik Plakalar - M\u0131knat\u0131s Ar-Ge\",\"isPartOf\":{\"@id\":\"https:\/\/profaj.co\/miknatis\/#website\"},\"datePublished\":\"2024-05-17T07:34:46+00:00\",\"dateModified\":\"2024-05-17T07:39:53+00:00\",\"breadcrumb\":{\"@id\":\"https:\/\/profaj.co\/miknatis\/tr\/urun\/otomatik-temizlemeli-aski-tipi-manyetik-plakalar\/#breadcrumb\"},\"inLanguage\":\"tr\",\"potentialAction\":[{\"@type\":\"ReadAction\",\"target\":[\"https:\/\/profaj.co\/miknatis\/tr\/urun\/otomatik-temizlemeli-aski-tipi-manyetik-plakalar\/\"]}]},{\"@type\":\"BreadcrumbList\",\"@id\":\"https:\/\/profaj.co\/miknatis\/tr\/urun\/otomatik-temizlemeli-aski-tipi-manyetik-plakalar\/#breadcrumb\",\"itemListElement\":[{\"@type\":\"ListItem\",\"position\":1,\"name\":\"Anasayfa\",\"item\":\"https:\/\/profaj.co\/miknatis\/tr\/anasayfa\/\"},{\"@type\":\"ListItem\",\"position\":2,\"name\":\"\u00dcr\u00fcnler\",\"item\":\"https:\/\/profaj.co\/miknatis\/tr\/urunler\/\"},{\"@type\":\"ListItem\",\"position\":3,\"name\":\"Otomatik Temizlemeli Ask\u0131 Tipi Manyetik Plakalar\"}]},{\"@type\":\"WebSite\",\"@id\":\"https:\/\/profaj.co\/miknatis\/#website\",\"url\":\"https:\/\/profaj.co\/miknatis\/\",\"name\":\"M\u0131knat\u0131s Ar-Ge\",\"description\":\"\",\"publisher\":{\"@id\":\"https:\/\/profaj.co\/miknatis\/#organization\"},\"potentialAction\":[{\"@type\":\"SearchAction\",\"target\":{\"@type\":\"EntryPoint\",\"urlTemplate\":\"https:\/\/profaj.co\/miknatis\/?s={search_term_string}\"},\"query-input\":\"required name=search_term_string\"}],\"inLanguage\":\"tr\"},{\"@type\":\"Organization\",\"@id\":\"https:\/\/profaj.co\/miknatis\/#organization\",\"name\":\"M\u0131knat\u0131s Ar-Ge\",\"url\":\"https:\/\/profaj.co\/miknatis\/\",\"logo\":{\"@type\":\"ImageObject\",\"inLanguage\":\"tr\",\"@id\":\"https:\/\/profaj.co\/miknatis\/#\/schema\/logo\/image\/\",\"url\":\"https:\/\/profaj.co\/miknatis\/wp-content\/uploads\/2023\/12\/logo-white.webp\",\"contentUrl\":\"https:\/\/profaj.co\/miknatis\/wp-content\/uploads\/2023\/12\/logo-white.webp\",\"width\":300,\"height\":266,\"caption\":\"M\u0131knat\u0131s Ar-Ge\"},\"image\":{\"@id\":\"https:\/\/profaj.co\/miknatis\/#\/schema\/logo\/image\/\"}}]}<\/script>\n<!-- \/ Yoast SEO Premium plugin. -->","yoast_head_json":{"title":"Otomatik Temizlemeli Ask\u0131 Tipi Manyetik Plakalar - M\u0131knat\u0131s Ar-Ge","robots":{"index":"index","follow":"follow","max-snippet":"max-snippet:-1","max-image-preview":"max-image-preview:large","max-video-preview":"max-video-preview:-1"},"canonical":"https:\/\/profaj.co\/miknatis\/tr\/urun\/otomatik-temizlemeli-aski-tipi-manyetik-plakalar\/","og_locale":"tr_TR","og_type":"article","og_title":"Otomatik Temizlemeli Ask\u0131 Tipi Manyetik Plakalar","og_description":"Plaka M\u0131knat\u0131s, konvey\u00f6r band\u0131n\u0131n \u00fczerine yerle\u015ftirilir. Hareketli bir s\u00fcrekli bant, m\u0131knat\u0131s plakay\u0131 \u00e7evreler.","og_url":"https:\/\/profaj.co\/miknatis\/tr\/urun\/otomatik-temizlemeli-aski-tipi-manyetik-plakalar\/","og_site_name":"M\u0131knat\u0131s Ar-Ge","article_modified_time":"2024-05-17T07:39:53+00:00","og_image":[{"width":1500,"height":1500,"url":"https:\/\/profaj.co\/miknatis\/wp-content\/uploads\/2024\/05\/miknatis-arge_6228a147aefb1.jpg","type":"image\/jpeg"}],"twitter_card":"summary_large_image","twitter_misc":{"Tahmini okuma s\u00fcresi":"3 dakika"},"schema":{"@context":"https:\/\/schema.org","@graph":[{"@type":"WebPage","@id":"https:\/\/profaj.co\/miknatis\/tr\/urun\/otomatik-temizlemeli-aski-tipi-manyetik-plakalar\/","url":"https:\/\/profaj.co\/miknatis\/tr\/urun\/otomatik-temizlemeli-aski-tipi-manyetik-plakalar\/","name":"Otomatik Temizlemeli Ask\u0131 Tipi Manyetik Plakalar - M\u0131knat\u0131s Ar-Ge","isPartOf":{"@id":"https:\/\/profaj.co\/miknatis\/#website"},"datePublished":"2024-05-17T07:34:46+00:00","dateModified":"2024-05-17T07:39:53+00:00","breadcrumb":{"@id":"https:\/\/profaj.co\/miknatis\/tr\/urun\/otomatik-temizlemeli-aski-tipi-manyetik-plakalar\/#breadcrumb"},"inLanguage":"tr","potentialAction":[{"@type":"ReadAction","target":["https:\/\/profaj.co\/miknatis\/tr\/urun\/otomatik-temizlemeli-aski-tipi-manyetik-plakalar\/"]}]},{"@type":"BreadcrumbList","@id":"https:\/\/profaj.co\/miknatis\/tr\/urun\/otomatik-temizlemeli-aski-tipi-manyetik-plakalar\/#breadcrumb","itemListElement":[{"@type":"ListItem","position":1,"name":"Anasayfa","item":"https:\/\/profaj.co\/miknatis\/tr\/anasayfa\/"},{"@type":"ListItem","position":2,"name":"\u00dcr\u00fcnler","item":"https:\/\/profaj.co\/miknatis\/tr\/urunler\/"},{"@type":"ListItem","position":3,"name":"Otomatik Temizlemeli Ask\u0131 Tipi Manyetik Plakalar"}]},{"@type":"WebSite","@id":"https:\/\/profaj.co\/miknatis\/#website","url":"https:\/\/profaj.co\/miknatis\/","name":"M\u0131knat\u0131s Ar-Ge","description":"","publisher":{"@id":"https:\/\/profaj.co\/miknatis\/#organization"},"potentialAction":[{"@type":"SearchAction","target":{"@type":"EntryPoint","urlTemplate":"https:\/\/profaj.co\/miknatis\/?s={search_term_string}"},"query-input":"required name=search_term_string"}],"inLanguage":"tr"},{"@type":"Organization","@id":"https:\/\/profaj.co\/miknatis\/#organization","name":"M\u0131knat\u0131s Ar-Ge","url":"https:\/\/profaj.co\/miknatis\/","logo":{"@type":"ImageObject","inLanguage":"tr","@id":"https:\/\/profaj.co\/miknatis\/#\/schema\/logo\/image\/","url":"https:\/\/profaj.co\/miknatis\/wp-content\/uploads\/2023\/12\/logo-white.webp","contentUrl":"https:\/\/profaj.co\/miknatis\/wp-content\/uploads\/2023\/12\/logo-white.webp","width":300,"height":266,"caption":"M\u0131knat\u0131s Ar-Ge"},"image":{"@id":"https:\/\/profaj.co\/miknatis\/#\/schema\/logo\/image\/"}}]}},"lang":"tr","translations":{"tr":6898,"en":7261},"pll_sync_post":[],"_links":{"self":[{"href":"https:\/\/profaj.co\/miknatis\/wp-json\/wp\/v2\/product\/6898","targetHints":{"allow":["GET"]}}],"collection":[{"href":"https:\/\/profaj.co\/miknatis\/wp-json\/wp\/v2\/product"}],"about":[{"href":"https:\/\/profaj.co\/miknatis\/wp-json\/wp\/v2\/types\/product"}],"wp:featuredmedia":[{"embeddable":true,"href":"https:\/\/profaj.co\/miknatis\/wp-json\/wp\/v2\/media\/6899"}],"wp:attachment":[{"href":"https:\/\/profaj.co\/miknatis\/wp-json\/wp\/v2\/media?parent=6898"}],"wp:term":[{"taxonomy":"product_cat","embeddable":true,"href":"https:\/\/profaj.co\/miknatis\/wp-json\/wp\/v2\/product_cat?post=6898"},{"taxonomy":"product_tag","embeddable":true,"href":"https:\/\/profaj.co\/miknatis\/wp-json\/wp\/v2\/product_tag?post=6898"}],"curies":[{"name":"wp","href":"https:\/\/api.w.org\/{rel}","templated":true}]}}