{"id":6927,"date":"2024-05-17T10:57:52","date_gmt":"2024-05-17T07:57:52","guid":{"rendered":"https:\/\/profaj.co\/miknatis\/?post_type=product&#038;p=6927"},"modified":"2024-05-17T11:04:41","modified_gmt":"2024-05-17T08:04:41","slug":"carptirmali-tip-manyetik-plakalar","status":"publish","type":"product","link":"https:\/\/profaj.co\/miknatis\/tr\/urun\/carptirmali-tip-manyetik-plakalar\/","title":{"rendered":"\u00c7arpt\u0131rmal\u0131 Tip Manyetik Plakalar"},"content":{"rendered":"<p>Tah\u0131l, yem a\u011fa\u00e7 yongas\u0131, kum, plastik, fiber, kimyasallar, tekstil \u00fcr\u00fcnleri, pamuk elyaf\u0131 vb. \u00fcr\u00fcnlerin a\u011f\u0131rl\u0131\u011f\u0131yla, yer\u00e7ekimine uygun bi\u00e7imde oluklardan akarken i\u00e7erisindeki metal at\u0131klar\u0131 temizlemek i\u00e7in tasarlanm\u0131\u015flard\u0131r. Plaka m\u0131knat\u0131slar\u0131n, kolayl\u0131kla temizlenebilmesi i\u00e7in mente\u015feli, mandall\u0131 vb. ba\u011flant\u0131l\u0131 kapak bi\u00e7iminde tasarlanmaktad\u0131r.<\/p>\n<p>Daimi m\u0131knat\u0131sl\u0131 olduklar\u0131 i\u00e7in temizleme manuel yap\u0131lmaktad\u0131r. Plaka m\u0131knat\u0131slar\u0131n temizlemelesi s\u0131y\u0131r\u0131c\u0131 kapak yard\u0131m\u0131yla pn\u00f6matik b\u0131rakt\u0131rmal\u0131 otomatik temizlemeli \u015fekilde tasarlanabilmektedir.<\/p>\n<p><img fetchpriority=\"high\" decoding=\"async\" class=\"alignnone wp-image-6934 size-medium\" src=\"https:\/\/profaj.co\/miknatis\/wp-content\/uploads\/2024\/05\/2111316250-300x300.jpg\" alt=\"\" width=\"300\" height=\"300\" srcset=\"https:\/\/profaj.co\/miknatis\/wp-content\/uploads\/2024\/05\/2111316250-300x300.jpg 300w, https:\/\/profaj.co\/miknatis\/wp-content\/uploads\/2024\/05\/2111316250-1024x1024.jpg 1024w, https:\/\/profaj.co\/miknatis\/wp-content\/uploads\/2024\/05\/2111316250-150x150.jpg 150w, https:\/\/profaj.co\/miknatis\/wp-content\/uploads\/2024\/05\/2111316250-768x768.jpg 768w, https:\/\/profaj.co\/miknatis\/wp-content\/uploads\/2024\/05\/2111316250-600x600.jpg 600w, https:\/\/profaj.co\/miknatis\/wp-content\/uploads\/2024\/05\/2111316250-100x100.jpg 100w, https:\/\/profaj.co\/miknatis\/wp-content\/uploads\/2024\/05\/2111316250-460x460.jpg 460w, https:\/\/profaj.co\/miknatis\/wp-content\/uploads\/2024\/05\/2111316250.jpg 1035w\" sizes=\"(max-width: 300px) 100vw, 300px\" \/> <img decoding=\"async\" class=\"alignnone wp-image-6935 size-medium\" src=\"https:\/\/profaj.co\/miknatis\/wp-content\/uploads\/2024\/05\/918144705-300x182.jpg\" alt=\"\" width=\"300\" height=\"182\" srcset=\"https:\/\/profaj.co\/miknatis\/wp-content\/uploads\/2024\/05\/918144705-300x182.jpg 300w, https:\/\/profaj.co\/miknatis\/wp-content\/uploads\/2024\/05\/918144705.jpg 400w\" sizes=\"(max-width: 300px) 100vw, 300px\" \/> <img decoding=\"async\" class=\"alignnone wp-image-6936 size-medium\" src=\"https:\/\/profaj.co\/miknatis\/wp-content\/uploads\/2024\/05\/259404450-300x300.jpg\" alt=\"\" width=\"300\" height=\"300\" srcset=\"https:\/\/profaj.co\/miknatis\/wp-content\/uploads\/2024\/05\/259404450-300x300.jpg 300w, https:\/\/profaj.co\/miknatis\/wp-content\/uploads\/2024\/05\/259404450-150x150.jpg 150w, https:\/\/profaj.co\/miknatis\/wp-content\/uploads\/2024\/05\/259404450-768x768.jpg 768w, https:\/\/profaj.co\/miknatis\/wp-content\/uploads\/2024\/05\/259404450-600x600.jpg 600w, https:\/\/profaj.co\/miknatis\/wp-content\/uploads\/2024\/05\/259404450-100x100.jpg 100w, https:\/\/profaj.co\/miknatis\/wp-content\/uploads\/2024\/05\/259404450-460x460.jpg 460w, https:\/\/profaj.co\/miknatis\/wp-content\/uploads\/2024\/05\/259404450.jpg 1000w\" sizes=\"(max-width: 300px) 100vw, 300px\" \/><\/p>\n<p>Otomatik temizleme, plaka tipi manyetik ay\u0131r\u0131c\u0131n\u0131n, \u00e7al\u0131\u015ft\u0131rma ve temizlenmesi i\u00e7in zor veya eri\u015filemedi\u011fi durumlar i\u00e7in uygun hale getirir. Serbest d\u00fc\u015f\u00fc\u015fl\u00fc hatlarda veya borularda tozlar ve gran\u00fcllerin i\u00e7indeki demir tozlar\u0131n\u0131n\u00a0temizlenmesi ve\u00a0manyetik ay\u0131r\u0131c\u0131n\u0131n \u00e7al\u0131\u015ft\u0131r\u0131lmas\u0131\u00a0zor veya eri\u015filemedi\u011fi durumlar i\u00e7in \u00e7ok uygundur. Ba\u011flant\u0131 kutusu arac\u0131l\u0131\u011f\u0131yla, merkezi kontrol odas\u0131 \u00fczerinden m\u0131knat\u0131s\u0131 ba\u011flamak ve kontrol etmek m\u00fcmk\u00fcnd\u00fcr. PLC&#8217;li yerel bir kontrol kutusu iste\u011fe ba\u011fl\u0131d\u0131r.<\/p>\n<p>\u00c7arpt\u0131rmal\u0131 tip manyetik plakalar\u0131n, pn\u00f6matik kontrol ile insandan ba\u011f\u0131ms\u0131z olmas\u0131 ve d\u00fczenli aral\u0131klar ile kendini temizlemesi \u00f6zellikleri ile \u00fcr\u00fcn t\u0131kanmas\u0131 yapan hatlarda en \u00e7ok tercih edilen manyetik separat\u00f6rlerden\u00a0olmaktad\u0131r.<\/p>\n<p><img loading=\"lazy\" decoding=\"async\" class=\"size-full wp-image-6937\" src=\"https:\/\/profaj.co\/miknatis\/wp-content\/uploads\/2024\/05\/1409386786.jpg\" alt=\"\" width=\"188\" height=\"250\" \/><\/p>\n<p><img loading=\"lazy\" decoding=\"async\" class=\"size-full wp-image-6938 alignnone\" src=\"https:\/\/profaj.co\/miknatis\/wp-content\/uploads\/2024\/05\/1434930145.jpg\" alt=\"\" width=\"140\" height=\"250\" \/> <img loading=\"lazy\" decoding=\"async\" class=\"size-full wp-image-6939 alignnone\" src=\"https:\/\/profaj.co\/miknatis\/wp-content\/uploads\/2024\/05\/1255979443.jpg\" alt=\"\" width=\"140\" height=\"250\" \/> <img loading=\"lazy\" decoding=\"async\" class=\"size-full wp-image-6940 alignnone\" src=\"https:\/\/profaj.co\/miknatis\/wp-content\/uploads\/2024\/05\/1161464571.jpg\" alt=\"\" width=\"140\" height=\"250\" \/><\/p>\n<p><strong><em>Detayl\u0131 bilgi i\u00e7in ileti\u015fime ge\u00e7iniz.<\/em><\/strong><\/p>\n<p><iframe src=\"https:\/\/www.youtube.com\/embed\/jFi-3voR27I\" width=\"560\" height=\"315\" frameborder=\"0\" allowfullscreen=\"allowfullscreen\" data-mce-fragment=\"1\"><\/iframe><\/p>\n","protected":false},"excerpt":{"rendered":"<p>Tah\u0131l, yem a\u011fa\u00e7 yongas\u0131, kum, plastik, fiber, kimyasallar, tekstil \u00fcr\u00fcnleri, pamuk elyaf\u0131 vb. \u00fcr\u00fcnlerin a\u011f\u0131rl\u0131\u011f\u0131yla, yer\u00e7ekimine uygun bi\u00e7imde oluklardan akarken i\u00e7erisindeki metal at\u0131klar\u0131 temizlemek i\u00e7in tasarlanm\u0131\u015flard\u0131r.<\/p>\n","protected":false},"featured_media":6928,"template":"","meta":[],"product_cat":[64],"product_tag":[],"class_list":["post-6927","product","type-product","status-publish","has-post-thumbnail","hentry","product_cat-manyetik-plakalar"],"acf":[],"yoast_head":"<!-- This site is optimized with the Yoast SEO Premium plugin v22.1 (Yoast SEO v22.1) - https:\/\/yoast.com\/wordpress\/plugins\/seo\/ -->\n<title>\u00c7arpt\u0131rmal\u0131 Tip Manyetik Plakalar - M\u0131knat\u0131s Ar-Ge<\/title>\n<meta name=\"robots\" content=\"index, follow, max-snippet:-1, max-image-preview:large, max-video-preview:-1\" \/>\n<link rel=\"canonical\" href=\"https:\/\/profaj.co\/miknatis\/tr\/urun\/carptirmali-tip-manyetik-plakalar\/\" \/>\n<meta property=\"og:locale\" content=\"tr_TR\" \/>\n<meta property=\"og:type\" content=\"article\" \/>\n<meta property=\"og:title\" content=\"\u00c7arpt\u0131rmal\u0131 Tip Manyetik Plakalar\" \/>\n<meta property=\"og:description\" content=\"Tah\u0131l, yem a\u011fa\u00e7 yongas\u0131, kum, plastik, fiber, kimyasallar, tekstil \u00fcr\u00fcnleri, pamuk elyaf\u0131 vb. \u00fcr\u00fcnlerin a\u011f\u0131rl\u0131\u011f\u0131yla, yer\u00e7ekimine uygun bi\u00e7imde oluklardan akarken i\u00e7erisindeki metal at\u0131klar\u0131 temizlemek i\u00e7in tasarlanm\u0131\u015flard\u0131r.\" \/>\n<meta property=\"og:url\" content=\"https:\/\/profaj.co\/miknatis\/tr\/urun\/carptirmali-tip-manyetik-plakalar\/\" \/>\n<meta property=\"og:site_name\" content=\"M\u0131knat\u0131s Ar-Ge\" \/>\n<meta property=\"article:modified_time\" content=\"2024-05-17T08:04:41+00:00\" \/>\n<meta property=\"og:image\" content=\"https:\/\/profaj.co\/miknatis\/wp-content\/uploads\/2024\/05\/miknatis-arge_62263d340a949.jpg\" \/>\n\t<meta property=\"og:image:width\" content=\"1500\" \/>\n\t<meta property=\"og:image:height\" content=\"1500\" \/>\n\t<meta property=\"og:image:type\" content=\"image\/jpeg\" \/>\n<meta name=\"twitter:card\" content=\"summary_large_image\" \/>\n<meta name=\"twitter:label1\" content=\"Tahmini okuma s\u00fcresi\" \/>\n\t<meta name=\"twitter:data1\" content=\"1 dakika\" \/>\n<script type=\"application\/ld+json\" class=\"yoast-schema-graph\">{\"@context\":\"https:\/\/schema.org\",\"@graph\":[{\"@type\":\"WebPage\",\"@id\":\"https:\/\/profaj.co\/miknatis\/tr\/urun\/carptirmali-tip-manyetik-plakalar\/\",\"url\":\"https:\/\/profaj.co\/miknatis\/tr\/urun\/carptirmali-tip-manyetik-plakalar\/\",\"name\":\"\u00c7arpt\u0131rmal\u0131 Tip Manyetik Plakalar - M\u0131knat\u0131s Ar-Ge\",\"isPartOf\":{\"@id\":\"https:\/\/profaj.co\/miknatis\/#website\"},\"datePublished\":\"2024-05-17T07:57:52+00:00\",\"dateModified\":\"2024-05-17T08:04:41+00:00\",\"breadcrumb\":{\"@id\":\"https:\/\/profaj.co\/miknatis\/tr\/urun\/carptirmali-tip-manyetik-plakalar\/#breadcrumb\"},\"inLanguage\":\"tr\",\"potentialAction\":[{\"@type\":\"ReadAction\",\"target\":[\"https:\/\/profaj.co\/miknatis\/tr\/urun\/carptirmali-tip-manyetik-plakalar\/\"]}]},{\"@type\":\"BreadcrumbList\",\"@id\":\"https:\/\/profaj.co\/miknatis\/tr\/urun\/carptirmali-tip-manyetik-plakalar\/#breadcrumb\",\"itemListElement\":[{\"@type\":\"ListItem\",\"position\":1,\"name\":\"Anasayfa\",\"item\":\"https:\/\/profaj.co\/miknatis\/tr\/anasayfa\/\"},{\"@type\":\"ListItem\",\"position\":2,\"name\":\"\u00dcr\u00fcnler\",\"item\":\"https:\/\/profaj.co\/miknatis\/tr\/urunler\/\"},{\"@type\":\"ListItem\",\"position\":3,\"name\":\"\u00c7arpt\u0131rmal\u0131 Tip Manyetik Plakalar\"}]},{\"@type\":\"WebSite\",\"@id\":\"https:\/\/profaj.co\/miknatis\/#website\",\"url\":\"https:\/\/profaj.co\/miknatis\/\",\"name\":\"M\u0131knat\u0131s Ar-Ge\",\"description\":\"\",\"publisher\":{\"@id\":\"https:\/\/profaj.co\/miknatis\/#organization\"},\"potentialAction\":[{\"@type\":\"SearchAction\",\"target\":{\"@type\":\"EntryPoint\",\"urlTemplate\":\"https:\/\/profaj.co\/miknatis\/?s={search_term_string}\"},\"query-input\":\"required name=search_term_string\"}],\"inLanguage\":\"tr\"},{\"@type\":\"Organization\",\"@id\":\"https:\/\/profaj.co\/miknatis\/#organization\",\"name\":\"M\u0131knat\u0131s Ar-Ge\",\"url\":\"https:\/\/profaj.co\/miknatis\/\",\"logo\":{\"@type\":\"ImageObject\",\"inLanguage\":\"tr\",\"@id\":\"https:\/\/profaj.co\/miknatis\/#\/schema\/logo\/image\/\",\"url\":\"https:\/\/profaj.co\/miknatis\/wp-content\/uploads\/2023\/12\/logo-white.webp\",\"contentUrl\":\"https:\/\/profaj.co\/miknatis\/wp-content\/uploads\/2023\/12\/logo-white.webp\",\"width\":300,\"height\":266,\"caption\":\"M\u0131knat\u0131s Ar-Ge\"},\"image\":{\"@id\":\"https:\/\/profaj.co\/miknatis\/#\/schema\/logo\/image\/\"}}]}<\/script>\n<!-- \/ Yoast SEO Premium plugin. -->","yoast_head_json":{"title":"\u00c7arpt\u0131rmal\u0131 Tip Manyetik Plakalar - M\u0131knat\u0131s Ar-Ge","robots":{"index":"index","follow":"follow","max-snippet":"max-snippet:-1","max-image-preview":"max-image-preview:large","max-video-preview":"max-video-preview:-1"},"canonical":"https:\/\/profaj.co\/miknatis\/tr\/urun\/carptirmali-tip-manyetik-plakalar\/","og_locale":"tr_TR","og_type":"article","og_title":"\u00c7arpt\u0131rmal\u0131 Tip Manyetik Plakalar","og_description":"Tah\u0131l, yem a\u011fa\u00e7 yongas\u0131, kum, plastik, fiber, kimyasallar, tekstil \u00fcr\u00fcnleri, pamuk elyaf\u0131 vb. \u00fcr\u00fcnlerin a\u011f\u0131rl\u0131\u011f\u0131yla, yer\u00e7ekimine uygun bi\u00e7imde oluklardan akarken i\u00e7erisindeki metal at\u0131klar\u0131 temizlemek i\u00e7in tasarlanm\u0131\u015flard\u0131r.","og_url":"https:\/\/profaj.co\/miknatis\/tr\/urun\/carptirmali-tip-manyetik-plakalar\/","og_site_name":"M\u0131knat\u0131s Ar-Ge","article_modified_time":"2024-05-17T08:04:41+00:00","og_image":[{"width":1500,"height":1500,"url":"https:\/\/profaj.co\/miknatis\/wp-content\/uploads\/2024\/05\/miknatis-arge_62263d340a949.jpg","type":"image\/jpeg"}],"twitter_card":"summary_large_image","twitter_misc":{"Tahmini okuma s\u00fcresi":"1 dakika"},"schema":{"@context":"https:\/\/schema.org","@graph":[{"@type":"WebPage","@id":"https:\/\/profaj.co\/miknatis\/tr\/urun\/carptirmali-tip-manyetik-plakalar\/","url":"https:\/\/profaj.co\/miknatis\/tr\/urun\/carptirmali-tip-manyetik-plakalar\/","name":"\u00c7arpt\u0131rmal\u0131 Tip Manyetik Plakalar - M\u0131knat\u0131s Ar-Ge","isPartOf":{"@id":"https:\/\/profaj.co\/miknatis\/#website"},"datePublished":"2024-05-17T07:57:52+00:00","dateModified":"2024-05-17T08:04:41+00:00","breadcrumb":{"@id":"https:\/\/profaj.co\/miknatis\/tr\/urun\/carptirmali-tip-manyetik-plakalar\/#breadcrumb"},"inLanguage":"tr","potentialAction":[{"@type":"ReadAction","target":["https:\/\/profaj.co\/miknatis\/tr\/urun\/carptirmali-tip-manyetik-plakalar\/"]}]},{"@type":"BreadcrumbList","@id":"https:\/\/profaj.co\/miknatis\/tr\/urun\/carptirmali-tip-manyetik-plakalar\/#breadcrumb","itemListElement":[{"@type":"ListItem","position":1,"name":"Anasayfa","item":"https:\/\/profaj.co\/miknatis\/tr\/anasayfa\/"},{"@type":"ListItem","position":2,"name":"\u00dcr\u00fcnler","item":"https:\/\/profaj.co\/miknatis\/tr\/urunler\/"},{"@type":"ListItem","position":3,"name":"\u00c7arpt\u0131rmal\u0131 Tip Manyetik Plakalar"}]},{"@type":"WebSite","@id":"https:\/\/profaj.co\/miknatis\/#website","url":"https:\/\/profaj.co\/miknatis\/","name":"M\u0131knat\u0131s Ar-Ge","description":"","publisher":{"@id":"https:\/\/profaj.co\/miknatis\/#organization"},"potentialAction":[{"@type":"SearchAction","target":{"@type":"EntryPoint","urlTemplate":"https:\/\/profaj.co\/miknatis\/?s={search_term_string}"},"query-input":"required name=search_term_string"}],"inLanguage":"tr"},{"@type":"Organization","@id":"https:\/\/profaj.co\/miknatis\/#organization","name":"M\u0131knat\u0131s Ar-Ge","url":"https:\/\/profaj.co\/miknatis\/","logo":{"@type":"ImageObject","inLanguage":"tr","@id":"https:\/\/profaj.co\/miknatis\/#\/schema\/logo\/image\/","url":"https:\/\/profaj.co\/miknatis\/wp-content\/uploads\/2023\/12\/logo-white.webp","contentUrl":"https:\/\/profaj.co\/miknatis\/wp-content\/uploads\/2023\/12\/logo-white.webp","width":300,"height":266,"caption":"M\u0131knat\u0131s Ar-Ge"},"image":{"@id":"https:\/\/profaj.co\/miknatis\/#\/schema\/logo\/image\/"}}]}},"lang":"tr","translations":{"tr":6927,"en":7278},"pll_sync_post":[],"_links":{"self":[{"href":"https:\/\/profaj.co\/miknatis\/wp-json\/wp\/v2\/product\/6927","targetHints":{"allow":["GET"]}}],"collection":[{"href":"https:\/\/profaj.co\/miknatis\/wp-json\/wp\/v2\/product"}],"about":[{"href":"https:\/\/profaj.co\/miknatis\/wp-json\/wp\/v2\/types\/product"}],"wp:featuredmedia":[{"embeddable":true,"href":"https:\/\/profaj.co\/miknatis\/wp-json\/wp\/v2\/media\/6928"}],"wp:attachment":[{"href":"https:\/\/profaj.co\/miknatis\/wp-json\/wp\/v2\/media?parent=6927"}],"wp:term":[{"taxonomy":"product_cat","embeddable":true,"href":"https:\/\/profaj.co\/miknatis\/wp-json\/wp\/v2\/product_cat?post=6927"},{"taxonomy":"product_tag","embeddable":true,"href":"https:\/\/profaj.co\/miknatis\/wp-json\/wp\/v2\/product_tag?post=6927"}],"curies":[{"name":"wp","href":"https:\/\/api.w.org\/{rel}","templated":true}]}}