{"id":6941,"date":"2024-05-17T11:09:14","date_gmt":"2024-05-17T08:09:14","guid":{"rendered":"https:\/\/profaj.co\/miknatis\/?post_type=product&#038;p=6941"},"modified":"2024-05-20T10:42:24","modified_gmt":"2024-05-20T07:42:24","slug":"sac-ayirici-manyetik-plakalar","status":"publish","type":"product","link":"https:\/\/profaj.co\/miknatis\/tr\/urun\/sac-ayirici-manyetik-plakalar\/","title":{"rendered":"Sac Ay\u0131r\u0131c\u0131 Manyetik Plakalar"},"content":{"rendered":"<p>Metal i\u015fleme end\u00fcstrisinde, sac yay\u0131c\u0131 m\u0131knat\u0131slar olarak da adland\u0131r\u0131lan manyetik sac ay\u0131r\u0131c\u0131lar, metal sac y\u0131\u011f\u0131n\u0131ndan saclar\u0131n g\u00fcvenli ve hasars\u0131z manyetik olarak ayr\u0131lmas\u0131n\u0131 sa\u011flayarak iki sac\u0131n ayn\u0131 anda al\u0131nmas\u0131n\u0131 \u00f6nler.<\/p>\n<p>Manyetik Sac\u00a0 Ay\u0131r\u0131c\u0131lar, levha y\u0131\u011f\u0131n\u0131n\u0131n yan taraf\u0131nda yer al\u0131r ve levhalara bir manyetik ak\u0131 y\u00f6nlendirir ve levhalar\u0131n manyetizasyonu ile sonu\u00e7lan\u0131r bu da daha sonra levhalar\u0131n birbirini itmesini sa\u011flar. En \u00fcstteki sac alttaki saclardan ayr\u0131l\u0131r ve g\u00fcvenle ta\u015f\u0131may\u0131 kolayla\u015ft\u0131r\u0131r. \u00dcstteki sac tabaka al\u0131nd\u0131\u011f\u0131nda alttaki sac hemen y\u00fckselir. Sac ay\u0131r\u0131c\u0131lar hem manuel hem de otomatik (pn\u00f6matik sistemle) olarak saclar\u0131 ay\u0131rmada ba\u015far\u0131yla kullan\u0131lmaktad\u0131r.<\/p>\n<p><img fetchpriority=\"high\" decoding=\"async\" class=\"alignnone size-medium wp-image-6944\" src=\"https:\/\/profaj.co\/miknatis\/wp-content\/uploads\/2024\/05\/1065483906-300x172.jpg\" alt=\"\" width=\"300\" height=\"172\" srcset=\"https:\/\/profaj.co\/miknatis\/wp-content\/uploads\/2024\/05\/1065483906-300x172.jpg 300w, https:\/\/profaj.co\/miknatis\/wp-content\/uploads\/2024\/05\/1065483906-1024x588.jpg 1024w, https:\/\/profaj.co\/miknatis\/wp-content\/uploads\/2024\/05\/1065483906-768x441.jpg 768w, https:\/\/profaj.co\/miknatis\/wp-content\/uploads\/2024\/05\/1065483906-1536x883.jpg 1536w, https:\/\/profaj.co\/miknatis\/wp-content\/uploads\/2024\/05\/1065483906-2048x1177.jpg 2048w, https:\/\/profaj.co\/miknatis\/wp-content\/uploads\/2024\/05\/1065483906-600x345.jpg 600w\" sizes=\"(max-width: 300px) 100vw, 300px\" \/> <img decoding=\"async\" class=\"alignnone wp-image-6945 size-medium\" src=\"https:\/\/profaj.co\/miknatis\/wp-content\/uploads\/2024\/05\/1823664884-300x300.jpg\" alt=\"\" width=\"300\" height=\"300\" srcset=\"https:\/\/profaj.co\/miknatis\/wp-content\/uploads\/2024\/05\/1823664884-300x300.jpg 300w, https:\/\/profaj.co\/miknatis\/wp-content\/uploads\/2024\/05\/1823664884-150x150.jpg 150w, https:\/\/profaj.co\/miknatis\/wp-content\/uploads\/2024\/05\/1823664884-100x100.jpg 100w, https:\/\/profaj.co\/miknatis\/wp-content\/uploads\/2024\/05\/1823664884-460x460.jpg 460w, https:\/\/profaj.co\/miknatis\/wp-content\/uploads\/2024\/05\/1823664884.jpg 567w\" sizes=\"(max-width: 300px) 100vw, 300px\" \/> <img decoding=\"async\" class=\"alignnone wp-image-6946 size-medium\" src=\"https:\/\/profaj.co\/miknatis\/wp-content\/uploads\/2024\/05\/709169708-300x205.jpg\" alt=\"\" width=\"300\" height=\"205\" srcset=\"https:\/\/profaj.co\/miknatis\/wp-content\/uploads\/2024\/05\/709169708-300x205.jpg 300w, https:\/\/profaj.co\/miknatis\/wp-content\/uploads\/2024\/05\/709169708-600x410.jpg 600w, https:\/\/profaj.co\/miknatis\/wp-content\/uploads\/2024\/05\/709169708.jpg 687w\" sizes=\"(max-width: 300px) 100vw, 300px\" \/> <img loading=\"lazy\" decoding=\"async\" class=\"alignnone wp-image-6947 size-medium\" src=\"https:\/\/profaj.co\/miknatis\/wp-content\/uploads\/2024\/05\/326006738-300x164.jpg\" alt=\"\" width=\"300\" height=\"164\" srcset=\"https:\/\/profaj.co\/miknatis\/wp-content\/uploads\/2024\/05\/326006738-300x164.jpg 300w, https:\/\/profaj.co\/miknatis\/wp-content\/uploads\/2024\/05\/326006738-600x328.jpg 600w, https:\/\/profaj.co\/miknatis\/wp-content\/uploads\/2024\/05\/326006738.jpg 737w\" sizes=\"(max-width: 300px) 100vw, 300px\" \/><\/p>\n<p>Metal sac levhan\u0131n \u00f6l\u00e7\u00fclerine, \u00f6zelliklerine ve kal\u0131nl\u0131\u011f\u0131na ba\u011fl\u0131 olarak neodimyum (NdFeB) veya ferritten yap\u0131lm\u0131\u015f m\u0131knat\u0131sl\u0131 sac ay\u0131r\u0131c\u0131lar imal edilmektedir. \u00c7ok ya\u011fl\u0131 ve &#8220;yap\u0131\u015fkan&#8221; levhalar\u0131n manyetikle ayr\u0131lmas\u0131n\u0131 zorla\u015ft\u0131rmaktad\u0131r. Bu durumlarda manyetik sac ay\u0131r\u0131c\u0131 say\u0131s\u0131 artt\u0131r\u0131larak g\u00fc\u00e7l\u00fc (neodimyum) m\u0131knat\u0131slar kullan\u0131lmal\u0131d\u0131r.<\/p>\n<ul>\n<li>\u00c7elik saclar\u0131 birer birer alman\u0131z\u0131 sa\u011flayarak sorunsuz \u00e7al\u0131\u015fan bir \u00fcretim s\u00fcreci sa\u011flarlar.<\/li>\n<li>Kal\u0131c\u0131 manyetik kuvvet y\u0131llar boyunca sabit kal\u0131r.<\/li>\n<li>Sac ay\u0131r\u0131c\u0131lar, hemen hemen her \u015fekil, uzunluk veya geni\u015flikte 4 mm kal\u0131nl\u0131\u011fa kadar olan \u00e7elik saclar\u0131 ay\u0131r\u0131r.<\/li>\n<\/ul>\n<p>Otomotiv, Beyaz E\u015fya ve sac i\u015fleme faaliyeti g\u00f6steren her t\u00fcrl\u00fc sanayi ve yan sanayilerde kullan\u0131lmaktad\u0131r. Paket halinde gelen saclar\u0131n prosese verilmeden \u00f6nce yada otomasyon ile transferleri \u00f6ncesi insan g\u00fcc\u00fcne gerek kalmadan ayr\u0131lmas\u0131n\u0131 sa\u011flayan sistemlerdir. \u0130\u015f g\u00fcvenli\u011fi i\u00e7in etkin bir \u00e7\u00f6z\u00fcm olup, i\u015f\u00e7ilik kay\u0131plar\u0131n\u0131 azalt\u0131r. \u0130ste\u011fe ba\u011fl\u0131 olarak otomasyon sistemi ile entegre olacak \u015fekilde pn\u00f6matik b\u0131rakt\u0131rmal\u0131 olarak da imal edilebilmektedir.<\/p>\n<p><iframe src=\"https:\/\/www.youtube.com\/embed\/UqFKZMBJEc0\" width=\"560\" height=\"315\" frameborder=\"0\" allowfullscreen=\"allowfullscreen\" data-mce-fragment=\"1\"><\/iframe><\/p>\n","protected":false},"excerpt":{"rendered":"<p>Metal i\u015fleme end\u00fcstrisinde, sac yay\u0131c\u0131 m\u0131knat\u0131slar olarak da adland\u0131r\u0131lan manyetik sac ay\u0131r\u0131c\u0131lar, metal sac y\u0131\u011f\u0131n\u0131ndan saclar\u0131n g\u00fcvenli ve hasars\u0131z manyetik olarak ayr\u0131lmas\u0131n\u0131 sa\u011flayarak iki sac\u0131n ayn\u0131 anda al\u0131nmas\u0131n\u0131 \u00f6nler.<\/p>\n","protected":false},"featured_media":6942,"template":"","meta":[],"product_cat":[119,64],"product_tag":[],"class_list":["post-6941","product","type-product","status-publish","has-post-thumbnail","hentry","product_cat-manyetik-tasiyici-ve-tutucular","product_cat-manyetik-plakalar"],"acf":[],"yoast_head":"<!-- This site is optimized with the Yoast SEO Premium plugin v22.1 (Yoast SEO v22.1) - https:\/\/yoast.com\/wordpress\/plugins\/seo\/ -->\n<title>Sac Ay\u0131r\u0131c\u0131 Manyetik Plakalar - M\u0131knat\u0131s Ar-Ge<\/title>\n<meta name=\"robots\" content=\"index, follow, max-snippet:-1, max-image-preview:large, max-video-preview:-1\" \/>\n<link rel=\"canonical\" href=\"https:\/\/profaj.co\/miknatis\/tr\/urun\/sac-ayirici-manyetik-plakalar\/\" \/>\n<meta property=\"og:locale\" content=\"tr_TR\" \/>\n<meta property=\"og:type\" content=\"article\" \/>\n<meta property=\"og:title\" content=\"Sac Ay\u0131r\u0131c\u0131 Manyetik Plakalar\" \/>\n<meta property=\"og:description\" content=\"Metal i\u015fleme end\u00fcstrisinde, sac yay\u0131c\u0131 m\u0131knat\u0131slar olarak da adland\u0131r\u0131lan manyetik sac ay\u0131r\u0131c\u0131lar, metal sac y\u0131\u011f\u0131n\u0131ndan saclar\u0131n g\u00fcvenli ve hasars\u0131z manyetik olarak ayr\u0131lmas\u0131n\u0131 sa\u011flayarak iki sac\u0131n ayn\u0131 anda al\u0131nmas\u0131n\u0131 \u00f6nler.\" \/>\n<meta property=\"og:url\" content=\"https:\/\/profaj.co\/miknatis\/tr\/urun\/sac-ayirici-manyetik-plakalar\/\" \/>\n<meta property=\"og:site_name\" content=\"M\u0131knat\u0131s Ar-Ge\" \/>\n<meta property=\"article:modified_time\" content=\"2024-05-20T07:42:24+00:00\" \/>\n<meta property=\"og:image\" content=\"https:\/\/profaj.co\/miknatis\/wp-content\/uploads\/2024\/05\/miknatis-arge_623d9e1e88d96.jpg\" \/>\n\t<meta property=\"og:image:width\" content=\"1500\" \/>\n\t<meta property=\"og:image:height\" content=\"1500\" \/>\n\t<meta property=\"og:image:type\" content=\"image\/jpeg\" \/>\n<meta name=\"twitter:card\" content=\"summary_large_image\" \/>\n<meta name=\"twitter:label1\" content=\"Tahmini okuma s\u00fcresi\" \/>\n\t<meta name=\"twitter:data1\" content=\"2 dakika\" \/>\n<script type=\"application\/ld+json\" class=\"yoast-schema-graph\">{\"@context\":\"https:\/\/schema.org\",\"@graph\":[{\"@type\":\"WebPage\",\"@id\":\"https:\/\/profaj.co\/miknatis\/tr\/urun\/sac-ayirici-manyetik-plakalar\/\",\"url\":\"https:\/\/profaj.co\/miknatis\/tr\/urun\/sac-ayirici-manyetik-plakalar\/\",\"name\":\"Sac Ay\u0131r\u0131c\u0131 Manyetik Plakalar - M\u0131knat\u0131s Ar-Ge\",\"isPartOf\":{\"@id\":\"https:\/\/profaj.co\/miknatis\/#website\"},\"datePublished\":\"2024-05-17T08:09:14+00:00\",\"dateModified\":\"2024-05-20T07:42:24+00:00\",\"breadcrumb\":{\"@id\":\"https:\/\/profaj.co\/miknatis\/tr\/urun\/sac-ayirici-manyetik-plakalar\/#breadcrumb\"},\"inLanguage\":\"tr\",\"potentialAction\":[{\"@type\":\"ReadAction\",\"target\":[\"https:\/\/profaj.co\/miknatis\/tr\/urun\/sac-ayirici-manyetik-plakalar\/\"]}]},{\"@type\":\"BreadcrumbList\",\"@id\":\"https:\/\/profaj.co\/miknatis\/tr\/urun\/sac-ayirici-manyetik-plakalar\/#breadcrumb\",\"itemListElement\":[{\"@type\":\"ListItem\",\"position\":1,\"name\":\"Anasayfa\",\"item\":\"https:\/\/profaj.co\/miknatis\/tr\/anasayfa\/\"},{\"@type\":\"ListItem\",\"position\":2,\"name\":\"\u00dcr\u00fcnler\",\"item\":\"https:\/\/profaj.co\/miknatis\/tr\/urunler\/\"},{\"@type\":\"ListItem\",\"position\":3,\"name\":\"Sac Ay\u0131r\u0131c\u0131 Manyetik Plakalar\"}]},{\"@type\":\"WebSite\",\"@id\":\"https:\/\/profaj.co\/miknatis\/#website\",\"url\":\"https:\/\/profaj.co\/miknatis\/\",\"name\":\"M\u0131knat\u0131s Ar-Ge\",\"description\":\"\",\"publisher\":{\"@id\":\"https:\/\/profaj.co\/miknatis\/#organization\"},\"potentialAction\":[{\"@type\":\"SearchAction\",\"target\":{\"@type\":\"EntryPoint\",\"urlTemplate\":\"https:\/\/profaj.co\/miknatis\/?s={search_term_string}\"},\"query-input\":\"required name=search_term_string\"}],\"inLanguage\":\"tr\"},{\"@type\":\"Organization\",\"@id\":\"https:\/\/profaj.co\/miknatis\/#organization\",\"name\":\"M\u0131knat\u0131s Ar-Ge\",\"url\":\"https:\/\/profaj.co\/miknatis\/\",\"logo\":{\"@type\":\"ImageObject\",\"inLanguage\":\"tr\",\"@id\":\"https:\/\/profaj.co\/miknatis\/#\/schema\/logo\/image\/\",\"url\":\"https:\/\/profaj.co\/miknatis\/wp-content\/uploads\/2023\/12\/logo-white.webp\",\"contentUrl\":\"https:\/\/profaj.co\/miknatis\/wp-content\/uploads\/2023\/12\/logo-white.webp\",\"width\":300,\"height\":266,\"caption\":\"M\u0131knat\u0131s Ar-Ge\"},\"image\":{\"@id\":\"https:\/\/profaj.co\/miknatis\/#\/schema\/logo\/image\/\"}}]}<\/script>\n<!-- \/ Yoast SEO Premium plugin. -->","yoast_head_json":{"title":"Sac Ay\u0131r\u0131c\u0131 Manyetik Plakalar - M\u0131knat\u0131s Ar-Ge","robots":{"index":"index","follow":"follow","max-snippet":"max-snippet:-1","max-image-preview":"max-image-preview:large","max-video-preview":"max-video-preview:-1"},"canonical":"https:\/\/profaj.co\/miknatis\/tr\/urun\/sac-ayirici-manyetik-plakalar\/","og_locale":"tr_TR","og_type":"article","og_title":"Sac Ay\u0131r\u0131c\u0131 Manyetik Plakalar","og_description":"Metal i\u015fleme end\u00fcstrisinde, sac yay\u0131c\u0131 m\u0131knat\u0131slar olarak da adland\u0131r\u0131lan manyetik sac ay\u0131r\u0131c\u0131lar, metal sac y\u0131\u011f\u0131n\u0131ndan saclar\u0131n g\u00fcvenli ve hasars\u0131z manyetik olarak ayr\u0131lmas\u0131n\u0131 sa\u011flayarak iki sac\u0131n ayn\u0131 anda al\u0131nmas\u0131n\u0131 \u00f6nler.","og_url":"https:\/\/profaj.co\/miknatis\/tr\/urun\/sac-ayirici-manyetik-plakalar\/","og_site_name":"M\u0131knat\u0131s Ar-Ge","article_modified_time":"2024-05-20T07:42:24+00:00","og_image":[{"width":1500,"height":1500,"url":"https:\/\/profaj.co\/miknatis\/wp-content\/uploads\/2024\/05\/miknatis-arge_623d9e1e88d96.jpg","type":"image\/jpeg"}],"twitter_card":"summary_large_image","twitter_misc":{"Tahmini okuma s\u00fcresi":"2 dakika"},"schema":{"@context":"https:\/\/schema.org","@graph":[{"@type":"WebPage","@id":"https:\/\/profaj.co\/miknatis\/tr\/urun\/sac-ayirici-manyetik-plakalar\/","url":"https:\/\/profaj.co\/miknatis\/tr\/urun\/sac-ayirici-manyetik-plakalar\/","name":"Sac Ay\u0131r\u0131c\u0131 Manyetik Plakalar - M\u0131knat\u0131s Ar-Ge","isPartOf":{"@id":"https:\/\/profaj.co\/miknatis\/#website"},"datePublished":"2024-05-17T08:09:14+00:00","dateModified":"2024-05-20T07:42:24+00:00","breadcrumb":{"@id":"https:\/\/profaj.co\/miknatis\/tr\/urun\/sac-ayirici-manyetik-plakalar\/#breadcrumb"},"inLanguage":"tr","potentialAction":[{"@type":"ReadAction","target":["https:\/\/profaj.co\/miknatis\/tr\/urun\/sac-ayirici-manyetik-plakalar\/"]}]},{"@type":"BreadcrumbList","@id":"https:\/\/profaj.co\/miknatis\/tr\/urun\/sac-ayirici-manyetik-plakalar\/#breadcrumb","itemListElement":[{"@type":"ListItem","position":1,"name":"Anasayfa","item":"https:\/\/profaj.co\/miknatis\/tr\/anasayfa\/"},{"@type":"ListItem","position":2,"name":"\u00dcr\u00fcnler","item":"https:\/\/profaj.co\/miknatis\/tr\/urunler\/"},{"@type":"ListItem","position":3,"name":"Sac Ay\u0131r\u0131c\u0131 Manyetik Plakalar"}]},{"@type":"WebSite","@id":"https:\/\/profaj.co\/miknatis\/#website","url":"https:\/\/profaj.co\/miknatis\/","name":"M\u0131knat\u0131s Ar-Ge","description":"","publisher":{"@id":"https:\/\/profaj.co\/miknatis\/#organization"},"potentialAction":[{"@type":"SearchAction","target":{"@type":"EntryPoint","urlTemplate":"https:\/\/profaj.co\/miknatis\/?s={search_term_string}"},"query-input":"required name=search_term_string"}],"inLanguage":"tr"},{"@type":"Organization","@id":"https:\/\/profaj.co\/miknatis\/#organization","name":"M\u0131knat\u0131s Ar-Ge","url":"https:\/\/profaj.co\/miknatis\/","logo":{"@type":"ImageObject","inLanguage":"tr","@id":"https:\/\/profaj.co\/miknatis\/#\/schema\/logo\/image\/","url":"https:\/\/profaj.co\/miknatis\/wp-content\/uploads\/2023\/12\/logo-white.webp","contentUrl":"https:\/\/profaj.co\/miknatis\/wp-content\/uploads\/2023\/12\/logo-white.webp","width":300,"height":266,"caption":"M\u0131knat\u0131s Ar-Ge"},"image":{"@id":"https:\/\/profaj.co\/miknatis\/#\/schema\/logo\/image\/"}}]}},"lang":"tr","translations":{"tr":6941,"en":7281},"pll_sync_post":[],"_links":{"self":[{"href":"https:\/\/profaj.co\/miknatis\/wp-json\/wp\/v2\/product\/6941","targetHints":{"allow":["GET"]}}],"collection":[{"href":"https:\/\/profaj.co\/miknatis\/wp-json\/wp\/v2\/product"}],"about":[{"href":"https:\/\/profaj.co\/miknatis\/wp-json\/wp\/v2\/types\/product"}],"wp:featuredmedia":[{"embeddable":true,"href":"https:\/\/profaj.co\/miknatis\/wp-json\/wp\/v2\/media\/6942"}],"wp:attachment":[{"href":"https:\/\/profaj.co\/miknatis\/wp-json\/wp\/v2\/media?parent=6941"}],"wp:term":[{"taxonomy":"product_cat","embeddable":true,"href":"https:\/\/profaj.co\/miknatis\/wp-json\/wp\/v2\/product_cat?post=6941"},{"taxonomy":"product_tag","embeddable":true,"href":"https:\/\/profaj.co\/miknatis\/wp-json\/wp\/v2\/product_tag?post=6941"}],"curies":[{"name":"wp","href":"https:\/\/api.w.org\/{rel}","templated":true}]}}