{"id":6949,"date":"2024-05-17T11:13:39","date_gmt":"2024-05-17T08:13:39","guid":{"rendered":"https:\/\/profaj.co\/miknatis\/?post_type=product&#038;p=6949"},"modified":"2024-07-04T15:44:31","modified_gmt":"2024-07-04T12:44:31","slug":"el-miknatisi","status":"publish","type":"product","link":"https:\/\/profaj.co\/miknatis\/tr\/urun\/el-miknatisi\/","title":{"rendered":"El M\u0131knat\u0131s\u0131"},"content":{"rendered":"<div class=\"col-lg-9 order-lg-2 mb-5 mb-lg-0 appear-animation animated fadeInUpShorter appear-animation-visible\" data-appear-animation=\"fadeInUpShorter\" data-appear-animation-delay=\"500\">\n<div class=\"tabs\">\n<div class=\"tab-content\">\n<div id=\"aciklama\" class=\"tab-pane active\">\n<p>Bir\u00e7ok ama\u00e7 ile rahatl\u0131kla kullan\u0131labilecek El M\u0131knat\u0131slar\u0131, yerdeki, tezgah \u00fczerindeki, vb y\u00fczeylerdeki \u00e7ivi, vida, tala\u015f, i\u011fne gibi metal par\u00e7alar\u0131n\u0131 tutar. S\u0131y\u0131r\u0131c\u0131 kapa\u011f\u0131 a\u00e7t\u0131\u011f\u0131n\u0131zda el de\u011fmeden metaller temizlenir. M\u00fc\u015fteri beklentilerine g\u00f6re kapakl\u0131 veya kapaks\u0131z olarak sat\u0131labilirler.<\/p>\n<\/div>\n<\/div>\n<\/div>\n<\/div>\n<div class=\"col-lg-3 order-lg-1 appear-animation animated fadeInUpShorter appear-animation-visible\" data-appear-animation=\"fadeInUpShorter\" data-appear-animation-delay=\"250\">\n<div class=\"lightbox\" data-plugin-options=\"{'delegate': 'a', 'type': 'image', 'gallery': {'enabled': true}, 'mainClass': 'mfp-with-zoom', 'zoom': {'enabled': true, 'duration': 300}}\">\n<div class=\"thumb-gallery-wrapper\">\n<div class=\"thumb-gallery-detail owl-carousel owl-theme manual nav-inside nav-style-1 nav-dark mb-3 owl-loaded owl-drag\">\n<div class=\"owl-stage-outer owl-height\">\n<div class=\"owl-stage\">\n<div class=\"owl-item active\"><\/div>\n<div class=\"owl-item\"><\/div>\n<div class=\"owl-item\"><\/div>\n<div class=\"owl-item\"><\/div>\n<\/div>\n<\/div>\n<\/div>\n<\/div>\n<\/div>\n<div class=\"lightbox\" data-plugin-options=\"{'delegate': 'a', 'type': 'image', 'gallery': {'enabled': true}, 'mainClass': 'mfp-with-zoom', 'zoom': {'enabled': true, 'duration': 300}}\"><\/div>\n<\/div>\n","protected":false},"excerpt":{"rendered":"<p>Bir\u00e7ok ama\u00e7 ile rahatl\u0131kla kullan\u0131labilecek El M\u0131knat\u0131slar\u0131, yerdeki, tezgah \u00fczerindeki, vb y\u00fczeylerdeki \u00e7ivi, vida, tala\u015f, i\u011fne gibi metal par\u00e7alar\u0131n\u0131 tutar. S\u0131y\u0131r\u0131c\u0131 kapa\u011f\u0131 a\u00e7t\u0131\u011f\u0131n\u0131zda el de\u011fmeden metaller temizlenir. M\u00fc\u015fteri beklentilerine g\u00f6re kapakl\u0131 veya kapaks\u0131z olarak sat\u0131labilirler.<\/p>\n","protected":false},"featured_media":6950,"template":"","meta":[],"product_cat":[64],"product_tag":[],"class_list":["post-6949","product","type-product","status-publish","has-post-thumbnail","hentry","product_cat-manyetik-plakalar"],"acf":[],"yoast_head":"<!-- This site is optimized with the Yoast SEO Premium plugin v22.1 (Yoast SEO v22.1) - https:\/\/yoast.com\/wordpress\/plugins\/seo\/ -->\n<title>El M\u0131knat\u0131s\u0131 - M\u0131knat\u0131s Ar-Ge<\/title>\n<meta name=\"robots\" content=\"index, follow, max-snippet:-1, max-image-preview:large, max-video-preview:-1\" \/>\n<link rel=\"canonical\" href=\"https:\/\/profaj.co\/miknatis\/tr\/urun\/el-miknatisi\/\" \/>\n<meta property=\"og:locale\" content=\"tr_TR\" \/>\n<meta property=\"og:type\" content=\"article\" \/>\n<meta property=\"og:title\" content=\"El M\u0131knat\u0131s\u0131\" \/>\n<meta property=\"og:description\" content=\"Bir\u00e7ok ama\u00e7 ile rahatl\u0131kla kullan\u0131labilecek El M\u0131knat\u0131slar\u0131, yerdeki, tezgah \u00fczerindeki, vb y\u00fczeylerdeki \u00e7ivi, vida, tala\u015f, i\u011fne gibi metal par\u00e7alar\u0131n\u0131 tutar. S\u0131y\u0131r\u0131c\u0131 kapa\u011f\u0131 a\u00e7t\u0131\u011f\u0131n\u0131zda el de\u011fmeden metaller temizlenir. M\u00fc\u015fteri beklentilerine g\u00f6re kapakl\u0131 veya kapaks\u0131z olarak sat\u0131labilirler.\" \/>\n<meta property=\"og:url\" content=\"https:\/\/profaj.co\/miknatis\/tr\/urun\/el-miknatisi\/\" \/>\n<meta property=\"og:site_name\" content=\"M\u0131knat\u0131s Ar-Ge\" \/>\n<meta property=\"article:modified_time\" content=\"2024-07-04T12:44:31+00:00\" \/>\n<meta property=\"og:image\" content=\"https:\/\/profaj.co\/miknatis\/wp-content\/uploads\/2024\/05\/miknatis-arge_631f4162f3290.jpg\" \/>\n\t<meta property=\"og:image:width\" content=\"1500\" \/>\n\t<meta property=\"og:image:height\" content=\"1500\" \/>\n\t<meta property=\"og:image:type\" content=\"image\/jpeg\" \/>\n<meta name=\"twitter:card\" content=\"summary_large_image\" \/>\n<script type=\"application\/ld+json\" class=\"yoast-schema-graph\">{\"@context\":\"https:\/\/schema.org\",\"@graph\":[{\"@type\":\"WebPage\",\"@id\":\"https:\/\/profaj.co\/miknatis\/tr\/urun\/el-miknatisi\/\",\"url\":\"https:\/\/profaj.co\/miknatis\/tr\/urun\/el-miknatisi\/\",\"name\":\"El M\u0131knat\u0131s\u0131 - M\u0131knat\u0131s Ar-Ge\",\"isPartOf\":{\"@id\":\"https:\/\/profaj.co\/miknatis\/#website\"},\"datePublished\":\"2024-05-17T08:13:39+00:00\",\"dateModified\":\"2024-07-04T12:44:31+00:00\",\"breadcrumb\":{\"@id\":\"https:\/\/profaj.co\/miknatis\/tr\/urun\/el-miknatisi\/#breadcrumb\"},\"inLanguage\":\"tr\",\"potentialAction\":[{\"@type\":\"ReadAction\",\"target\":[\"https:\/\/profaj.co\/miknatis\/tr\/urun\/el-miknatisi\/\"]}]},{\"@type\":\"BreadcrumbList\",\"@id\":\"https:\/\/profaj.co\/miknatis\/tr\/urun\/el-miknatisi\/#breadcrumb\",\"itemListElement\":[{\"@type\":\"ListItem\",\"position\":1,\"name\":\"Anasayfa\",\"item\":\"https:\/\/profaj.co\/miknatis\/tr\/anasayfa\/\"},{\"@type\":\"ListItem\",\"position\":2,\"name\":\"\u00dcr\u00fcnler\",\"item\":\"https:\/\/profaj.co\/miknatis\/tr\/urunler\/\"},{\"@type\":\"ListItem\",\"position\":3,\"name\":\"El M\u0131knat\u0131s\u0131\"}]},{\"@type\":\"WebSite\",\"@id\":\"https:\/\/profaj.co\/miknatis\/#website\",\"url\":\"https:\/\/profaj.co\/miknatis\/\",\"name\":\"M\u0131knat\u0131s Ar-Ge\",\"description\":\"\",\"publisher\":{\"@id\":\"https:\/\/profaj.co\/miknatis\/#organization\"},\"potentialAction\":[{\"@type\":\"SearchAction\",\"target\":{\"@type\":\"EntryPoint\",\"urlTemplate\":\"https:\/\/profaj.co\/miknatis\/?s={search_term_string}\"},\"query-input\":\"required name=search_term_string\"}],\"inLanguage\":\"tr\"},{\"@type\":\"Organization\",\"@id\":\"https:\/\/profaj.co\/miknatis\/#organization\",\"name\":\"M\u0131knat\u0131s Ar-Ge\",\"url\":\"https:\/\/profaj.co\/miknatis\/\",\"logo\":{\"@type\":\"ImageObject\",\"inLanguage\":\"tr\",\"@id\":\"https:\/\/profaj.co\/miknatis\/#\/schema\/logo\/image\/\",\"url\":\"https:\/\/profaj.co\/miknatis\/wp-content\/uploads\/2023\/12\/logo-white.webp\",\"contentUrl\":\"https:\/\/profaj.co\/miknatis\/wp-content\/uploads\/2023\/12\/logo-white.webp\",\"width\":300,\"height\":266,\"caption\":\"M\u0131knat\u0131s Ar-Ge\"},\"image\":{\"@id\":\"https:\/\/profaj.co\/miknatis\/#\/schema\/logo\/image\/\"}}]}<\/script>\n<!-- \/ Yoast SEO Premium plugin. -->","yoast_head_json":{"title":"El M\u0131knat\u0131s\u0131 - M\u0131knat\u0131s Ar-Ge","robots":{"index":"index","follow":"follow","max-snippet":"max-snippet:-1","max-image-preview":"max-image-preview:large","max-video-preview":"max-video-preview:-1"},"canonical":"https:\/\/profaj.co\/miknatis\/tr\/urun\/el-miknatisi\/","og_locale":"tr_TR","og_type":"article","og_title":"El M\u0131knat\u0131s\u0131","og_description":"Bir\u00e7ok ama\u00e7 ile rahatl\u0131kla kullan\u0131labilecek El M\u0131knat\u0131slar\u0131, yerdeki, tezgah \u00fczerindeki, vb y\u00fczeylerdeki \u00e7ivi, vida, tala\u015f, i\u011fne gibi metal par\u00e7alar\u0131n\u0131 tutar. S\u0131y\u0131r\u0131c\u0131 kapa\u011f\u0131 a\u00e7t\u0131\u011f\u0131n\u0131zda el de\u011fmeden metaller temizlenir. M\u00fc\u015fteri beklentilerine g\u00f6re kapakl\u0131 veya kapaks\u0131z olarak sat\u0131labilirler.","og_url":"https:\/\/profaj.co\/miknatis\/tr\/urun\/el-miknatisi\/","og_site_name":"M\u0131knat\u0131s Ar-Ge","article_modified_time":"2024-07-04T12:44:31+00:00","og_image":[{"width":1500,"height":1500,"url":"https:\/\/profaj.co\/miknatis\/wp-content\/uploads\/2024\/05\/miknatis-arge_631f4162f3290.jpg","type":"image\/jpeg"}],"twitter_card":"summary_large_image","schema":{"@context":"https:\/\/schema.org","@graph":[{"@type":"WebPage","@id":"https:\/\/profaj.co\/miknatis\/tr\/urun\/el-miknatisi\/","url":"https:\/\/profaj.co\/miknatis\/tr\/urun\/el-miknatisi\/","name":"El M\u0131knat\u0131s\u0131 - M\u0131knat\u0131s Ar-Ge","isPartOf":{"@id":"https:\/\/profaj.co\/miknatis\/#website"},"datePublished":"2024-05-17T08:13:39+00:00","dateModified":"2024-07-04T12:44:31+00:00","breadcrumb":{"@id":"https:\/\/profaj.co\/miknatis\/tr\/urun\/el-miknatisi\/#breadcrumb"},"inLanguage":"tr","potentialAction":[{"@type":"ReadAction","target":["https:\/\/profaj.co\/miknatis\/tr\/urun\/el-miknatisi\/"]}]},{"@type":"BreadcrumbList","@id":"https:\/\/profaj.co\/miknatis\/tr\/urun\/el-miknatisi\/#breadcrumb","itemListElement":[{"@type":"ListItem","position":1,"name":"Anasayfa","item":"https:\/\/profaj.co\/miknatis\/tr\/anasayfa\/"},{"@type":"ListItem","position":2,"name":"\u00dcr\u00fcnler","item":"https:\/\/profaj.co\/miknatis\/tr\/urunler\/"},{"@type":"ListItem","position":3,"name":"El M\u0131knat\u0131s\u0131"}]},{"@type":"WebSite","@id":"https:\/\/profaj.co\/miknatis\/#website","url":"https:\/\/profaj.co\/miknatis\/","name":"M\u0131knat\u0131s Ar-Ge","description":"","publisher":{"@id":"https:\/\/profaj.co\/miknatis\/#organization"},"potentialAction":[{"@type":"SearchAction","target":{"@type":"EntryPoint","urlTemplate":"https:\/\/profaj.co\/miknatis\/?s={search_term_string}"},"query-input":"required name=search_term_string"}],"inLanguage":"tr"},{"@type":"Organization","@id":"https:\/\/profaj.co\/miknatis\/#organization","name":"M\u0131knat\u0131s Ar-Ge","url":"https:\/\/profaj.co\/miknatis\/","logo":{"@type":"ImageObject","inLanguage":"tr","@id":"https:\/\/profaj.co\/miknatis\/#\/schema\/logo\/image\/","url":"https:\/\/profaj.co\/miknatis\/wp-content\/uploads\/2023\/12\/logo-white.webp","contentUrl":"https:\/\/profaj.co\/miknatis\/wp-content\/uploads\/2023\/12\/logo-white.webp","width":300,"height":266,"caption":"M\u0131knat\u0131s Ar-Ge"},"image":{"@id":"https:\/\/profaj.co\/miknatis\/#\/schema\/logo\/image\/"}}]}},"lang":"tr","translations":{"tr":6949,"en":7282},"pll_sync_post":[],"_links":{"self":[{"href":"https:\/\/profaj.co\/miknatis\/wp-json\/wp\/v2\/product\/6949","targetHints":{"allow":["GET"]}}],"collection":[{"href":"https:\/\/profaj.co\/miknatis\/wp-json\/wp\/v2\/product"}],"about":[{"href":"https:\/\/profaj.co\/miknatis\/wp-json\/wp\/v2\/types\/product"}],"wp:featuredmedia":[{"embeddable":true,"href":"https:\/\/profaj.co\/miknatis\/wp-json\/wp\/v2\/media\/6950"}],"wp:attachment":[{"href":"https:\/\/profaj.co\/miknatis\/wp-json\/wp\/v2\/media?parent=6949"}],"wp:term":[{"taxonomy":"product_cat","embeddable":true,"href":"https:\/\/profaj.co\/miknatis\/wp-json\/wp\/v2\/product_cat?post=6949"},{"taxonomy":"product_tag","embeddable":true,"href":"https:\/\/profaj.co\/miknatis\/wp-json\/wp\/v2\/product_tag?post=6949"}],"curies":[{"name":"wp","href":"https:\/\/api.w.org\/{rel}","templated":true}]}}