{"id":6954,"date":"2024-05-17T11:45:17","date_gmt":"2024-05-17T08:45:17","guid":{"rendered":"https:\/\/profaj.co\/miknatis\/?post_type=product&#038;p=6954"},"modified":"2024-05-17T11:47:28","modified_gmt":"2024-05-17T08:47:28","slug":"tam-manyetik-tamburlar","status":"publish","type":"product","link":"https:\/\/profaj.co\/miknatis\/tr\/urun\/tam-manyetik-tamburlar\/","title":{"rendered":"Tam Manyetik Tamburlar"},"content":{"rendered":"<p>Tam Manyetik Tamburlar; demir veya \u00e7elik gibi ferromanyetik par\u00e7ac\u0131klar\u0131 ve hatta zay\u0131f manyetik par\u00e7ac\u0131klar\u0131 (i\u015flenmi\u015f paslanmaz \u00e7elikten par\u00e7ac\u0131klar gibi) kabadan ince boyuta kadar \u00e7e\u015fitli malzemelerden s\u00fcrekli ve otomatik olarak ayr\u0131\u015ft\u0131r\u0131lmas\u0131 i\u00e7in bantl\u0131 konvey\u00f6rlerde yayg\u0131n \u015fekilde kullan\u0131lmaktad\u0131r. Bantl\u0131 konvey\u00f6rlere entegre edilen Tam Manyetik Tamburlar; ta\u015f\u0131nan kum, \u00e7ak\u0131l, kire\u00e7ta\u015f\u0131, geri d\u00f6n\u00fc\u015ft\u00fcr\u00fclebilir maddeler, ah\u015fap \u00fcr\u00fcnler, g\u0131da maddeleri, kimyasallar madenler, k\u00f6m\u00fcr, seramik, ka\u011f\u0131t, plastik, kau\u00e7uk \u00a0vb.\u00a0 maddelerin i\u00e7indeki ekipman ve sistemlere zarar verebilecek demir esasl\u0131 maddelerin ve \u00fcr\u00fcne kontamine olmu\u015f istenmeyen demirin sistemden s\u00fcrekli ve otomatik olarak ayr\u0131\u015ft\u0131r\u0131lmas\u0131n\u0131 sa\u011flar.<\/p>\n<p><strong><em>\u00c7al\u0131\u015fma Prensibi:<\/em><\/strong><\/p>\n<p><img fetchpriority=\"high\" decoding=\"async\" class=\"size-medium wp-image-6960 alignleft\" src=\"https:\/\/profaj.co\/miknatis\/wp-content\/uploads\/2024\/05\/1155634784-300x172.jpg\" alt=\"\" width=\"300\" height=\"172\" srcset=\"https:\/\/profaj.co\/miknatis\/wp-content\/uploads\/2024\/05\/1155634784-300x172.jpg 300w, https:\/\/profaj.co\/miknatis\/wp-content\/uploads\/2024\/05\/1155634784.jpg 500w\" sizes=\"(max-width: 300px) 100vw, 300px\" \/> <img decoding=\"async\" class=\"size-medium wp-image-6961 alignleft\" src=\"https:\/\/profaj.co\/miknatis\/wp-content\/uploads\/2024\/05\/2002085912-300x213.jpg\" alt=\"\" width=\"300\" height=\"213\" srcset=\"https:\/\/profaj.co\/miknatis\/wp-content\/uploads\/2024\/05\/2002085912-300x213.jpg 300w, https:\/\/profaj.co\/miknatis\/wp-content\/uploads\/2024\/05\/2002085912-768x545.jpg 768w, https:\/\/profaj.co\/miknatis\/wp-content\/uploads\/2024\/05\/2002085912-600x426.jpg 600w, https:\/\/profaj.co\/miknatis\/wp-content\/uploads\/2024\/05\/2002085912.jpg 840w\" sizes=\"(max-width: 300px) 100vw, 300px\" \/><\/p>\n<p>\u015eekilde g\u00f6sterildi\u011fi gibi, Ferromanyetik ve antiferromanyetik malzeme (Fe ve zay\u0131f manyetikler ) tamburun manyetik alan\u0131 i\u00e7ine girer, demir \u00e7ekilir ve alt tarafa ula\u015fana kadar kay\u0131\u015fa tutulur, manyetik alandan d\u0131\u015far\u0131 \u00e7\u0131kar ve ayr\u0131 olarak bo\u015falt\u0131l\u0131r. Temizlenmi\u015f, manyetik olmayan malzeme, normal bir y\u00f6r\u00fcngede tambur \u00fczerinden bo\u015falt\u0131l\u0131r.<\/p>\n<p>Bu manyetik silindirler, gereksinimlerinize uyacak \u015fekilde farkl\u0131 manyetik alan \u015fiddetlerinde, standartlara uygun \u00e7aplarda, \u00e7al\u0131\u015fma geni\u015fliklerinde imal edilebilmektedir.<\/p>\n<p>Manyetik Tamburlar, ayr\u0131\u015ft\u0131r\u0131lmak istenen ferromanyetik malzeme; \u00a0y\u00fcksek manyetik al\u0131nganl\u0131\u011fa sahipse Ferrit m\u0131knat\u0131slardan, d\u00fc\u015f\u00fck manyetik al\u0131nganl\u0131\u011fa sahipse Neodimyum m\u0131knat\u0131slardan imal edilmektedir.<\/p>\n<p>Standart Manyetik Tambur modeller de, eksenel (axial)\u00a0 kutuplanm\u0131\u015f m\u0131knat\u0131slar kullan\u0131r.\u00a0\u0130nce tane boyuta sahip zay\u0131f ferromanyetik par\u00e7ac\u0131klar\u0131n ayr\u0131\u015ft\u0131r\u0131lmas\u0131nda Radyal (\u00c7apsal) kutuplanm\u0131\u015f m\u0131knat\u0131slar tercih edilmektedir. Burada \u00fcr\u00fcn\u00fcn ince beslenmi\u015f olmas\u0131 ayr\u0131\u015ft\u0131rman\u0131n verimi i\u00e7in \u00f6nemlidir.<\/p>\n<p><strong><em>Avantajlar\u0131:<\/em><\/strong><\/p>\n<ul>\n<li>G\u00fc\u00e7l\u00fc ve g\u00fcvenilirdir. M\u0131knat\u0131s Ar-Ge taraf\u0131ndan tasarlanan ve \u00fcretilen t\u00fcm tam manyetik tamburlar; m\u0131knat\u0131s y\u0131\u011f\u0131nlar\u0131n\u0131 g\u00fcvenli bir \u015fekilde tutmak i\u00e7in kaynakl\u0131 b\u00f6l\u00fcc\u00fclere sahip kaliteli \u00e7elik paslanmaz borulardan yap\u0131lm\u0131\u015ft\u0131r.<\/li>\n<li>Farkl\u0131 m\u0131knat\u0131s tipleri kullan\u0131larak y\u00fcksek s\u0131cakl\u0131klarda \u00e7al\u0131\u015fabilecek tam manyetik tamburlarda \u00f6zel olarak imal edilebilmektedir.<\/li>\n<li>Makine hasar\u0131n\u0131 ve \u00fcr\u00fcn kontaminasyonunu \u00f6nler.<\/li>\n<li>Otomatik temizleme (s\u00fcrekli) :\u00a0 Demirin (Ferromanyetik mazleme -Fe)\u00a0\u00a0konvey\u00f6rle ta\u015f\u0131nan malzemelerden otomatik olarak ayr\u0131lmas\u0131n\u0131 sa\u011flar manyetik ekipman\u0131n s\u00fcrekli temizlenmesine ihtiya\u00e7 duyulmaz.<\/li>\n<li>Uygun maliyetli : Manyetik tamburlar pratik olarak bak\u0131m gerektirmez ve bu m\u0131knat\u0131slar mevcut bir kuruluma entegre edildi\u011finden, neredeyse hi\u00e7bir ekstra i\u015fletme ve enerji maliyeti yoktur.<\/li>\n<\/ul>\n","protected":false},"excerpt":{"rendered":"<p>Tam Manyetik Tamburlar; demir veya \u00e7elik gibi ferromanyetik par\u00e7ac\u0131klar\u0131 ve hatta zay\u0131f manyetik par\u00e7ac\u0131klar\u0131 (i\u015flenmi\u015f paslanmaz \u00e7elikten par\u00e7ac\u0131klar gibi) kabadan ince boyuta kadar \u00e7e\u015fitli malzemelerden s\u00fcrekli ve otomatik olarak ayr\u0131\u015ft\u0131r\u0131lmas\u0131 i\u00e7in bantl\u0131 konvey\u00f6rlerde yayg\u0131n \u015fekilde kullan\u0131lmaktad\u0131r.<\/p>\n","protected":false},"featured_media":6955,"template":"","meta":[],"product_cat":[66],"product_tag":[],"class_list":["post-6954","product","type-product","status-publish","has-post-thumbnail","hentry","product_cat-tam-manyetik-tamburlar-ve-sistemler"],"acf":[],"yoast_head":"<!-- This site is optimized with the Yoast SEO Premium plugin v22.1 (Yoast SEO v22.1) - https:\/\/yoast.com\/wordpress\/plugins\/seo\/ -->\n<title>Tam Manyetik Tamburlar - M\u0131knat\u0131s Ar-Ge<\/title>\n<meta name=\"robots\" content=\"index, follow, max-snippet:-1, max-image-preview:large, max-video-preview:-1\" \/>\n<link rel=\"canonical\" href=\"https:\/\/profaj.co\/miknatis\/tr\/urun\/tam-manyetik-tamburlar\/\" \/>\n<meta property=\"og:locale\" content=\"tr_TR\" \/>\n<meta property=\"og:type\" content=\"article\" \/>\n<meta property=\"og:title\" content=\"Tam Manyetik Tamburlar\" \/>\n<meta property=\"og:description\" content=\"Tam Manyetik Tamburlar; demir veya \u00e7elik gibi ferromanyetik par\u00e7ac\u0131klar\u0131 ve hatta zay\u0131f manyetik par\u00e7ac\u0131klar\u0131 (i\u015flenmi\u015f paslanmaz \u00e7elikten par\u00e7ac\u0131klar gibi) kabadan ince boyuta kadar \u00e7e\u015fitli malzemelerden s\u00fcrekli ve otomatik olarak ayr\u0131\u015ft\u0131r\u0131lmas\u0131 i\u00e7in bantl\u0131 konvey\u00f6rlerde yayg\u0131n \u015fekilde kullan\u0131lmaktad\u0131r.\" \/>\n<meta property=\"og:url\" content=\"https:\/\/profaj.co\/miknatis\/tr\/urun\/tam-manyetik-tamburlar\/\" \/>\n<meta property=\"og:site_name\" content=\"M\u0131knat\u0131s Ar-Ge\" \/>\n<meta property=\"article:modified_time\" content=\"2024-05-17T08:47:28+00:00\" \/>\n<meta property=\"og:image\" content=\"https:\/\/profaj.co\/miknatis\/wp-content\/uploads\/2024\/05\/miknatis-arge_6229faef73de2.jpg\" \/>\n\t<meta property=\"og:image:width\" content=\"1500\" \/>\n\t<meta property=\"og:image:height\" content=\"1500\" \/>\n\t<meta property=\"og:image:type\" content=\"image\/jpeg\" \/>\n<meta name=\"twitter:card\" content=\"summary_large_image\" \/>\n<meta name=\"twitter:label1\" content=\"Tahmini okuma s\u00fcresi\" \/>\n\t<meta name=\"twitter:data1\" content=\"2 dakika\" \/>\n<script type=\"application\/ld+json\" class=\"yoast-schema-graph\">{\"@context\":\"https:\/\/schema.org\",\"@graph\":[{\"@type\":\"WebPage\",\"@id\":\"https:\/\/profaj.co\/miknatis\/tr\/urun\/tam-manyetik-tamburlar\/\",\"url\":\"https:\/\/profaj.co\/miknatis\/tr\/urun\/tam-manyetik-tamburlar\/\",\"name\":\"Tam Manyetik Tamburlar - M\u0131knat\u0131s Ar-Ge\",\"isPartOf\":{\"@id\":\"https:\/\/profaj.co\/miknatis\/#website\"},\"datePublished\":\"2024-05-17T08:45:17+00:00\",\"dateModified\":\"2024-05-17T08:47:28+00:00\",\"breadcrumb\":{\"@id\":\"https:\/\/profaj.co\/miknatis\/tr\/urun\/tam-manyetik-tamburlar\/#breadcrumb\"},\"inLanguage\":\"tr\",\"potentialAction\":[{\"@type\":\"ReadAction\",\"target\":[\"https:\/\/profaj.co\/miknatis\/tr\/urun\/tam-manyetik-tamburlar\/\"]}]},{\"@type\":\"BreadcrumbList\",\"@id\":\"https:\/\/profaj.co\/miknatis\/tr\/urun\/tam-manyetik-tamburlar\/#breadcrumb\",\"itemListElement\":[{\"@type\":\"ListItem\",\"position\":1,\"name\":\"Anasayfa\",\"item\":\"https:\/\/profaj.co\/miknatis\/tr\/anasayfa\/\"},{\"@type\":\"ListItem\",\"position\":2,\"name\":\"\u00dcr\u00fcnler\",\"item\":\"https:\/\/profaj.co\/miknatis\/tr\/urunler\/\"},{\"@type\":\"ListItem\",\"position\":3,\"name\":\"Tam Manyetik Tamburlar\"}]},{\"@type\":\"WebSite\",\"@id\":\"https:\/\/profaj.co\/miknatis\/#website\",\"url\":\"https:\/\/profaj.co\/miknatis\/\",\"name\":\"M\u0131knat\u0131s Ar-Ge\",\"description\":\"\",\"publisher\":{\"@id\":\"https:\/\/profaj.co\/miknatis\/#organization\"},\"potentialAction\":[{\"@type\":\"SearchAction\",\"target\":{\"@type\":\"EntryPoint\",\"urlTemplate\":\"https:\/\/profaj.co\/miknatis\/?s={search_term_string}\"},\"query-input\":\"required name=search_term_string\"}],\"inLanguage\":\"tr\"},{\"@type\":\"Organization\",\"@id\":\"https:\/\/profaj.co\/miknatis\/#organization\",\"name\":\"M\u0131knat\u0131s Ar-Ge\",\"url\":\"https:\/\/profaj.co\/miknatis\/\",\"logo\":{\"@type\":\"ImageObject\",\"inLanguage\":\"tr\",\"@id\":\"https:\/\/profaj.co\/miknatis\/#\/schema\/logo\/image\/\",\"url\":\"https:\/\/profaj.co\/miknatis\/wp-content\/uploads\/2023\/12\/logo-white.webp\",\"contentUrl\":\"https:\/\/profaj.co\/miknatis\/wp-content\/uploads\/2023\/12\/logo-white.webp\",\"width\":300,\"height\":266,\"caption\":\"M\u0131knat\u0131s Ar-Ge\"},\"image\":{\"@id\":\"https:\/\/profaj.co\/miknatis\/#\/schema\/logo\/image\/\"}}]}<\/script>\n<!-- \/ Yoast SEO Premium plugin. -->","yoast_head_json":{"title":"Tam Manyetik Tamburlar - M\u0131knat\u0131s Ar-Ge","robots":{"index":"index","follow":"follow","max-snippet":"max-snippet:-1","max-image-preview":"max-image-preview:large","max-video-preview":"max-video-preview:-1"},"canonical":"https:\/\/profaj.co\/miknatis\/tr\/urun\/tam-manyetik-tamburlar\/","og_locale":"tr_TR","og_type":"article","og_title":"Tam Manyetik Tamburlar","og_description":"Tam Manyetik Tamburlar; demir veya \u00e7elik gibi ferromanyetik par\u00e7ac\u0131klar\u0131 ve hatta zay\u0131f manyetik par\u00e7ac\u0131klar\u0131 (i\u015flenmi\u015f paslanmaz \u00e7elikten par\u00e7ac\u0131klar gibi) kabadan ince boyuta kadar \u00e7e\u015fitli malzemelerden s\u00fcrekli ve otomatik olarak ayr\u0131\u015ft\u0131r\u0131lmas\u0131 i\u00e7in bantl\u0131 konvey\u00f6rlerde yayg\u0131n \u015fekilde kullan\u0131lmaktad\u0131r.","og_url":"https:\/\/profaj.co\/miknatis\/tr\/urun\/tam-manyetik-tamburlar\/","og_site_name":"M\u0131knat\u0131s Ar-Ge","article_modified_time":"2024-05-17T08:47:28+00:00","og_image":[{"width":1500,"height":1500,"url":"https:\/\/profaj.co\/miknatis\/wp-content\/uploads\/2024\/05\/miknatis-arge_6229faef73de2.jpg","type":"image\/jpeg"}],"twitter_card":"summary_large_image","twitter_misc":{"Tahmini okuma s\u00fcresi":"2 dakika"},"schema":{"@context":"https:\/\/schema.org","@graph":[{"@type":"WebPage","@id":"https:\/\/profaj.co\/miknatis\/tr\/urun\/tam-manyetik-tamburlar\/","url":"https:\/\/profaj.co\/miknatis\/tr\/urun\/tam-manyetik-tamburlar\/","name":"Tam Manyetik Tamburlar - M\u0131knat\u0131s Ar-Ge","isPartOf":{"@id":"https:\/\/profaj.co\/miknatis\/#website"},"datePublished":"2024-05-17T08:45:17+00:00","dateModified":"2024-05-17T08:47:28+00:00","breadcrumb":{"@id":"https:\/\/profaj.co\/miknatis\/tr\/urun\/tam-manyetik-tamburlar\/#breadcrumb"},"inLanguage":"tr","potentialAction":[{"@type":"ReadAction","target":["https:\/\/profaj.co\/miknatis\/tr\/urun\/tam-manyetik-tamburlar\/"]}]},{"@type":"BreadcrumbList","@id":"https:\/\/profaj.co\/miknatis\/tr\/urun\/tam-manyetik-tamburlar\/#breadcrumb","itemListElement":[{"@type":"ListItem","position":1,"name":"Anasayfa","item":"https:\/\/profaj.co\/miknatis\/tr\/anasayfa\/"},{"@type":"ListItem","position":2,"name":"\u00dcr\u00fcnler","item":"https:\/\/profaj.co\/miknatis\/tr\/urunler\/"},{"@type":"ListItem","position":3,"name":"Tam Manyetik Tamburlar"}]},{"@type":"WebSite","@id":"https:\/\/profaj.co\/miknatis\/#website","url":"https:\/\/profaj.co\/miknatis\/","name":"M\u0131knat\u0131s Ar-Ge","description":"","publisher":{"@id":"https:\/\/profaj.co\/miknatis\/#organization"},"potentialAction":[{"@type":"SearchAction","target":{"@type":"EntryPoint","urlTemplate":"https:\/\/profaj.co\/miknatis\/?s={search_term_string}"},"query-input":"required name=search_term_string"}],"inLanguage":"tr"},{"@type":"Organization","@id":"https:\/\/profaj.co\/miknatis\/#organization","name":"M\u0131knat\u0131s Ar-Ge","url":"https:\/\/profaj.co\/miknatis\/","logo":{"@type":"ImageObject","inLanguage":"tr","@id":"https:\/\/profaj.co\/miknatis\/#\/schema\/logo\/image\/","url":"https:\/\/profaj.co\/miknatis\/wp-content\/uploads\/2023\/12\/logo-white.webp","contentUrl":"https:\/\/profaj.co\/miknatis\/wp-content\/uploads\/2023\/12\/logo-white.webp","width":300,"height":266,"caption":"M\u0131knat\u0131s Ar-Ge"},"image":{"@id":"https:\/\/profaj.co\/miknatis\/#\/schema\/logo\/image\/"}}]}},"lang":"tr","translations":{"tr":6954,"en":7283},"pll_sync_post":[],"_links":{"self":[{"href":"https:\/\/profaj.co\/miknatis\/wp-json\/wp\/v2\/product\/6954","targetHints":{"allow":["GET"]}}],"collection":[{"href":"https:\/\/profaj.co\/miknatis\/wp-json\/wp\/v2\/product"}],"about":[{"href":"https:\/\/profaj.co\/miknatis\/wp-json\/wp\/v2\/types\/product"}],"wp:featuredmedia":[{"embeddable":true,"href":"https:\/\/profaj.co\/miknatis\/wp-json\/wp\/v2\/media\/6955"}],"wp:attachment":[{"href":"https:\/\/profaj.co\/miknatis\/wp-json\/wp\/v2\/media?parent=6954"}],"wp:term":[{"taxonomy":"product_cat","embeddable":true,"href":"https:\/\/profaj.co\/miknatis\/wp-json\/wp\/v2\/product_cat?post=6954"},{"taxonomy":"product_tag","embeddable":true,"href":"https:\/\/profaj.co\/miknatis\/wp-json\/wp\/v2\/product_tag?post=6954"}],"curies":[{"name":"wp","href":"https:\/\/api.w.org\/{rel}","templated":true}]}}