{"id":6962,"date":"2024-05-17T11:49:16","date_gmt":"2024-05-17T08:49:16","guid":{"rendered":"https:\/\/profaj.co\/miknatis\/?post_type=product&#038;p=6962"},"modified":"2025-07-16T15:16:30","modified_gmt":"2025-07-16T12:16:30","slug":"yuksek-alan-siddetli-roll-rulo-separatorler","status":"publish","type":"product","link":"https:\/\/profaj.co\/miknatis\/tr\/urun\/yuksek-alan-siddetli-roll-rulo-separatorler\/","title":{"rendered":"Y\u00fcksek Alan \u015eiddetli Roll Separat\u00f6rler"},"content":{"rendered":"<p><img fetchpriority=\"high\" decoding=\"async\" class=\"alignnone size-medium wp-image-6963\" src=\"https:\/\/profaj.co\/miknatis\/wp-content\/uploads\/2024\/05\/844058376-300x225.jpg\" alt=\"\" width=\"300\" height=\"225\" srcset=\"https:\/\/profaj.co\/miknatis\/wp-content\/uploads\/2024\/05\/844058376-300x225.jpg 300w, https:\/\/profaj.co\/miknatis\/wp-content\/uploads\/2024\/05\/844058376-768x576.jpg 768w, https:\/\/profaj.co\/miknatis\/wp-content\/uploads\/2024\/05\/844058376-600x450.jpg 600w, https:\/\/profaj.co\/miknatis\/wp-content\/uploads\/2024\/05\/844058376.jpg 1000w\" sizes=\"(max-width: 300px) 100vw, 300px\" \/> <img decoding=\"async\" class=\"alignnone size-medium wp-image-6964\" src=\"https:\/\/profaj.co\/miknatis\/wp-content\/uploads\/2024\/05\/1486965708-300x225.jpg\" alt=\"\" width=\"300\" height=\"225\" srcset=\"https:\/\/profaj.co\/miknatis\/wp-content\/uploads\/2024\/05\/1486965708-300x225.jpg 300w, https:\/\/profaj.co\/miknatis\/wp-content\/uploads\/2024\/05\/1486965708-768x576.jpg 768w, https:\/\/profaj.co\/miknatis\/wp-content\/uploads\/2024\/05\/1486965708-600x450.jpg 600w, https:\/\/profaj.co\/miknatis\/wp-content\/uploads\/2024\/05\/1486965708.jpg 1000w\" sizes=\"(max-width: 300px) 100vw, 300px\" \/> <img decoding=\"async\" class=\"alignnone size-medium wp-image-6965\" src=\"https:\/\/profaj.co\/miknatis\/wp-content\/uploads\/2024\/05\/462917683-300x225.jpg\" alt=\"\" width=\"300\" height=\"225\" srcset=\"https:\/\/profaj.co\/miknatis\/wp-content\/uploads\/2024\/05\/462917683-300x225.jpg 300w, https:\/\/profaj.co\/miknatis\/wp-content\/uploads\/2024\/05\/462917683-768x576.jpg 768w, https:\/\/profaj.co\/miknatis\/wp-content\/uploads\/2024\/05\/462917683-600x450.jpg 600w, https:\/\/profaj.co\/miknatis\/wp-content\/uploads\/2024\/05\/462917683.jpg 1000w\" sizes=\"(max-width: 300px) 100vw, 300px\" \/><\/p>\n<p>Y\u00fcksek Alan \u015eiddetli Roll manyetik ay\u0131r\u0131c\u0131lar, \u00f6zellikle zay\u0131f manyetik \u00f6zelli\u011fe sahip demir cevherlerinin zenginle\u015ftirilmesinde ve end\u00fcstriyel hammaddelerde bulunan manyetik safs\u0131zl\u0131klar\u0131n at\u0131lmas\u0131nda maksimum verim sa\u011flamaktad\u0131r.<\/p>\n<p>Demir minerallerinin manyetik \u00f6zellikleri \u00e7ok de\u011fi\u015fken olup, bunlardan manyetit kuvvetli manyetik, siderit, hematit ve limonit zay\u0131f manyetik ve pirit manyetik olmayanlar grubundad\u0131r. Demir cevherlerinde bulunan silis gibi \u00f6nemli gang mineralleri ise manyetik olmayanlar grubunda yer almaktad\u0131r.<\/p>\n<p>Maden\u00a0zenginle\u015ftirme sistemlerinin en \u00f6nemli par\u00e7as\u0131 olan RE ( Rare-Earth) Roll Tipi Separat\u00f6rler y\u00fcksel alan \u015fiddeti sa\u011flayarak \u00f6zellikle kuru end\u00fcstriyel hammaddelerin zenginle\u015ftirilmesinde; deniz kumu, feldspat (seramikte), silis kumu (cam \u00fcretimi), kalsiyum karbonat, kaolin kili, lal ta\u015f\u0131, al\u00e7\u0131 ta\u015f\u0131, kuvars tozu, manyezit, silikon karpit vb. i\u00e7inden antiferromanyetik (zay\u0131f ferromanyetikler : limonit, hematit, mika, biyotit, siderit vb.) ayr\u0131\u015ft\u0131r\u0131lmas\u0131nda kullan\u0131lmaktad\u0131r.\u00a0Titanyum ve zirkonyum i\u00e7inden nikel kobalt\u0131 rahatl\u0131kla ay\u0131rabilir.<\/p>\n<p><strong><em>Avantajlar\u0131;<\/em><\/strong><\/p>\n<ul>\n<li>Nadir toprak elementi daimi kal\u0131c\u0131 m\u0131knat\u0131slardan yap\u0131lan, Y\u00fcksek Alan \u015eiddetli Roll (Rulo) Seperat\u00f6rler; elektromanyetik seperat\u00f6rlere g\u00f6re, daha d\u00fc\u015f\u00fck yat\u0131r\u0131m, i\u015fletme ve bak\u0131m maliyetlerine sahip oldu\u011fu i\u00e7in tercih edilmektedir.<\/li>\n<li>Hali haz\u0131rda \u00e7al\u0131\u015fan tesislerin sistemlerine bile kolayca yerle\u015ftirilebilir.<\/li>\n<li>Ton ba\u015f\u0131na maliyet daha d\u00fc\u015f\u00fckt\u00fcr.<\/li>\n<li>Y\u00fcksek kapasitede manyetik alan olu\u015fturulmas\u0131 i\u00e7in herhangi bir g\u00fc\u00e7 kayna\u011f\u0131na gerek duymad\u0131\u011f\u0131 i\u00e7in boyutlar\u0131 k\u00fc\u00e7\u00fck ve hafiftir.<\/li>\n<li>Mevcut tesislerde bile \u00f6nemli bir de\u011fi\u015fikli\u011fe gerek kalmadan kolayl\u0131kla yerle\u015ftirilebilir, bak\u0131m masraflar\u0131 \u00e7ok azd\u0131r.<\/li>\n<li>Nadir toprak elementlerden yap\u0131lm\u0131\u015f, y\u00fcksek alan \u015fiddetli s\u00fcrekli m\u0131knat\u0131sl\u0131 manyetik ay\u0131r\u0131c\u0131lar elektromanyetik ay\u0131r\u0131c\u0131lara g\u00f6re, ekonomik ve teknik \u00f6zelliklerinin daha \u00fcst\u00fcn olmas\u0131ndan dolay\u0131 kullan\u0131m alan\u0131 \u00e7ok geni\u015ftir. Teknik \u00f6zellikleri daha \u00fcst\u00fcn ve \u00fcretim maliyeti daha d\u00fc\u015f\u00fck y\u00fcksek alan \u015fiddetli s\u00fcrekli m\u0131knat\u0131sl\u0131 manyetik ay\u0131r\u0131c\u0131lar\u0131n kullan\u0131m\u0131 \u00f6zellikle kuru end\u00fcstriyel hammaddelerin zenginle\u015ftirilmesinde en \u00e7ok tercih edilen manyetik seperatord\u00fcr.<\/li>\n<\/ul>\n<p><strong><em>\u00c7al\u0131\u015fma Prensibi:<\/em><\/strong><\/p>\n<p>Roll tipi manyetik ay\u0131r\u0131c\u0131lar, manyetik rulo \u00fczerinden ge\u00e7en manyetik ya da zay\u0131f manyetik tanelerin y\u00f6r\u00fcngelerini manyetik kuvvet ile sapt\u0131rarak manyetik olmayan tanelerden ay\u0131r\u0131rlar.<\/p>\n<p>Roll tipi kuru RE manyetik ay\u0131r\u0131c\u0131lar\u0131n tasar\u0131m\u0131 olduk\u00e7a basittir. Bu t\u00fcr manyetik ay\u0131r\u0131c\u0131lar, \u00f6ndeki manyetik olmak \u00fczere iki rulo, malzeme aktar\u0131m\u0131n\u0131 sa\u011flayan ince ve dayan\u0131kl\u0131 bir bant, manyetik ve manyetik olmayan malzemeleri birbirinden ay\u0131ran bir b\u00f6l\u00fcc\u00fc b\u0131\u00e7aktan olu\u015fmaktad\u0131r. Besleme, genellikle, ayarlanabilir bir titre\u015fimli besleyici ve feedroll taraf\u0131ndan yap\u0131lmaktad\u0131r.<\/p>\n<p>Y\u00fcksek Alan \u015eiddetli Roll\u00a0 Seperat\u00f6rlerde, manyetik ay\u0131rmaya etki eden \u00e7al\u0131\u015fma parametreleri a\u015fa\u011f\u0131daki gibidir;<\/p>\n<ul>\n<li>Rulo d\u00f6n\u00fc\u015f h\u0131z\u0131 (Talebe g\u00f6re sistemlerimiz, tamburun d\u00f6n\u00fc\u015f h\u0131z\u0131n\u0131 ayarlayabilece\u011finiz h\u0131z kontrol panelli yap\u0131labilmektedir.<\/li>\n<li>Besleme tane boyu<\/li>\n<li>B\u00f6l\u00fcc\u00fc b\u0131\u00e7ak ayar\u0131<\/li>\n<li>Bant kal\u0131nl\u0131\u011f\u0131<\/li>\n<li>Manyetik roll konfig\u00fcrasyonu ve a\u015fama say\u0131s\u0131.<\/li>\n<\/ul>\n<p>A\u015fa\u011f\u0131 \u00f6rnekte XRF analizi i\u00e7in haz\u0131rlanan Potasyum Feldspat roll \u00f6ncesi ve roll sonras\u0131 performans g\u00f6z\u00fckmektedir. B\u00fcnyedeki demir oran\u0131 roll seperasyon sonras\u0131 450-500 ppm\u2019lerden 250-300 ppm seviyelerine d\u00fc\u015fm\u00fc\u015ft\u00fcr. Sizde mikronize \u00fcr\u00fcnlerinizi bizde roll denemesini ger\u00e7ekle\u015ftirerek XRF sonucu ile nas\u0131l bir katma de\u011fer art\u0131\u015f\u0131na sahip\u00a0 olacaklar\u0131n\u0131 \u00e7al\u0131\u015fabilirsiniz. Cam, Seramik, Porselen, Refrakter \u00fcretimi vb. b\u00fcnye demiri konusunda \u00e7ok hassas olan hammadde zenginle\u015ftirme s\u00fcre\u00e7lerinizi y\u00f6netebilirsiniz.<br \/>\n<img loading=\"lazy\" decoding=\"async\" class=\"size-medium wp-image-6966 alignleft\" src=\"https:\/\/profaj.co\/miknatis\/wp-content\/uploads\/2024\/05\/1490684112-146x300.jpg\" alt=\"\" width=\"146\" height=\"300\" srcset=\"https:\/\/profaj.co\/miknatis\/wp-content\/uploads\/2024\/05\/1490684112-146x300.jpg 146w, https:\/\/profaj.co\/miknatis\/wp-content\/uploads\/2024\/05\/1490684112-497x1024.jpg 497w, https:\/\/profaj.co\/miknatis\/wp-content\/uploads\/2024\/05\/1490684112-768x1582.jpg 768w, https:\/\/profaj.co\/miknatis\/wp-content\/uploads\/2024\/05\/1490684112-745x1536.jpg 745w, https:\/\/profaj.co\/miknatis\/wp-content\/uploads\/2024\/05\/1490684112-994x2048.jpg 994w, https:\/\/profaj.co\/miknatis\/wp-content\/uploads\/2024\/05\/1490684112-600x1236.jpg 600w, https:\/\/profaj.co\/miknatis\/wp-content\/uploads\/2024\/05\/1490684112.jpg 1125w\" sizes=\"(max-width: 146px) 100vw, 146px\" \/> <img loading=\"lazy\" decoding=\"async\" class=\"size-medium wp-image-6967 alignleft\" src=\"https:\/\/profaj.co\/miknatis\/wp-content\/uploads\/2024\/05\/1036693550-300x251.jpg\" alt=\"\" width=\"300\" height=\"251\" srcset=\"https:\/\/profaj.co\/miknatis\/wp-content\/uploads\/2024\/05\/1036693550-300x251.jpg 300w, https:\/\/profaj.co\/miknatis\/wp-content\/uploads\/2024\/05\/1036693550.jpg 386w\" sizes=\"(max-width: 300px) 100vw, 300px\" \/><\/p>\n<p><img loading=\"lazy\" decoding=\"async\" class=\"size-medium wp-image-6968\" src=\"https:\/\/profaj.co\/miknatis\/wp-content\/uploads\/2024\/05\/934318891-300x225.jpg\" alt=\"\" width=\"300\" height=\"225\" srcset=\"https:\/\/profaj.co\/miknatis\/wp-content\/uploads\/2024\/05\/934318891-300x225.jpg 300w, https:\/\/profaj.co\/miknatis\/wp-content\/uploads\/2024\/05\/934318891-1024x768.jpg 1024w, https:\/\/profaj.co\/miknatis\/wp-content\/uploads\/2024\/05\/934318891-768x576.jpg 768w, https:\/\/profaj.co\/miknatis\/wp-content\/uploads\/2024\/05\/934318891-600x450.jpg 600w, https:\/\/profaj.co\/miknatis\/wp-content\/uploads\/2024\/05\/934318891.jpg 1500w\" sizes=\"(max-width: 300px) 100vw, 300px\" \/><\/p>\n<p>&nbsp;<\/p>\n<p><em><strong>Y\u00fcsek Alan \u015eiddetli Rulo Seperat\u00f6rler hakk\u0131nda daha fazla bilgi almak i\u00e7in L\u00fctfen ileti\u015fime ge\u00e7iniz.<\/strong><\/em><\/p>\n","protected":false},"excerpt":{"rendered":"<p>Y\u00fcksek Alan \u015eiddetli Roll manyetik ay\u0131r\u0131c\u0131lar, \u00f6zellikle zay\u0131f manyetik \u00f6zelli\u011fe sahip demir cevherlerinin zenginle\u015ftirilmesinde ve end\u00fcstriyel hammaddelerde bulunan manyetik safs\u0131zl\u0131klar\u0131n at\u0131lmas\u0131nda maksimum verim sa\u011flamaktad\u0131r.<\/p>\n","protected":false},"featured_media":6969,"template":"","meta":[],"product_cat":[66],"product_tag":[],"class_list":["post-6962","product","type-product","status-publish","has-post-thumbnail","hentry","product_cat-tam-manyetik-tamburlar-ve-sistemler"],"acf":[],"yoast_head":"<!-- This site is optimized with the Yoast SEO Premium plugin v22.1 (Yoast SEO v22.1) - https:\/\/yoast.com\/wordpress\/plugins\/seo\/ -->\n<title>Y\u00fcksek Alan \u015eiddetli Roll Separat\u00f6rler - M\u0131knat\u0131s Ar-Ge<\/title>\n<meta name=\"robots\" content=\"index, follow, max-snippet:-1, max-image-preview:large, max-video-preview:-1\" \/>\n<link rel=\"canonical\" href=\"https:\/\/profaj.co\/miknatis\/tr\/urun\/yuksek-alan-siddetli-roll-rulo-separatorler\/\" \/>\n<meta property=\"og:locale\" content=\"tr_TR\" \/>\n<meta property=\"og:type\" content=\"article\" \/>\n<meta property=\"og:title\" content=\"Y\u00fcksek Alan \u015eiddetli Roll Separat\u00f6rler\" \/>\n<meta property=\"og:description\" content=\"Y\u00fcksek Alan \u015eiddetli Roll manyetik ay\u0131r\u0131c\u0131lar, \u00f6zellikle zay\u0131f manyetik \u00f6zelli\u011fe sahip demir cevherlerinin zenginle\u015ftirilmesinde ve end\u00fcstriyel hammaddelerde bulunan manyetik safs\u0131zl\u0131klar\u0131n at\u0131lmas\u0131nda maksimum verim sa\u011flamaktad\u0131r.\" \/>\n<meta property=\"og:url\" content=\"https:\/\/profaj.co\/miknatis\/tr\/urun\/yuksek-alan-siddetli-roll-rulo-separatorler\/\" \/>\n<meta property=\"og:site_name\" content=\"M\u0131knat\u0131s Ar-Ge\" \/>\n<meta property=\"article:modified_time\" content=\"2025-07-16T12:16:30+00:00\" \/>\n<meta property=\"og:image\" content=\"https:\/\/profaj.co\/miknatis\/wp-content\/uploads\/2024\/05\/miknatis-arge_6214f7929fea2.jpg\" \/>\n\t<meta property=\"og:image:width\" content=\"1000\" \/>\n\t<meta property=\"og:image:height\" content=\"1000\" \/>\n\t<meta property=\"og:image:type\" content=\"image\/jpeg\" \/>\n<meta name=\"twitter:card\" content=\"summary_large_image\" \/>\n<meta name=\"twitter:label1\" content=\"Tahmini okuma s\u00fcresi\" \/>\n\t<meta name=\"twitter:data1\" content=\"5 dakika\" \/>\n<script type=\"application\/ld+json\" class=\"yoast-schema-graph\">{\"@context\":\"https:\/\/schema.org\",\"@graph\":[{\"@type\":\"WebPage\",\"@id\":\"https:\/\/profaj.co\/miknatis\/tr\/urun\/yuksek-alan-siddetli-roll-rulo-separatorler\/\",\"url\":\"https:\/\/profaj.co\/miknatis\/tr\/urun\/yuksek-alan-siddetli-roll-rulo-separatorler\/\",\"name\":\"Y\u00fcksek Alan \u015eiddetli Roll Separat\u00f6rler - M\u0131knat\u0131s Ar-Ge\",\"isPartOf\":{\"@id\":\"https:\/\/profaj.co\/miknatis\/#website\"},\"datePublished\":\"2024-05-17T08:49:16+00:00\",\"dateModified\":\"2025-07-16T12:16:30+00:00\",\"breadcrumb\":{\"@id\":\"https:\/\/profaj.co\/miknatis\/tr\/urun\/yuksek-alan-siddetli-roll-rulo-separatorler\/#breadcrumb\"},\"inLanguage\":\"tr\",\"potentialAction\":[{\"@type\":\"ReadAction\",\"target\":[\"https:\/\/profaj.co\/miknatis\/tr\/urun\/yuksek-alan-siddetli-roll-rulo-separatorler\/\"]}]},{\"@type\":\"BreadcrumbList\",\"@id\":\"https:\/\/profaj.co\/miknatis\/tr\/urun\/yuksek-alan-siddetli-roll-rulo-separatorler\/#breadcrumb\",\"itemListElement\":[{\"@type\":\"ListItem\",\"position\":1,\"name\":\"Anasayfa\",\"item\":\"https:\/\/profaj.co\/miknatis\/tr\/anasayfa\/\"},{\"@type\":\"ListItem\",\"position\":2,\"name\":\"\u00dcr\u00fcnler\",\"item\":\"https:\/\/profaj.co\/miknatis\/tr\/urunler\/\"},{\"@type\":\"ListItem\",\"position\":3,\"name\":\"Y\u00fcksek Alan \u015eiddetli Roll Separat\u00f6rler\"}]},{\"@type\":\"WebSite\",\"@id\":\"https:\/\/profaj.co\/miknatis\/#website\",\"url\":\"https:\/\/profaj.co\/miknatis\/\",\"name\":\"M\u0131knat\u0131s Ar-Ge\",\"description\":\"\",\"publisher\":{\"@id\":\"https:\/\/profaj.co\/miknatis\/#organization\"},\"potentialAction\":[{\"@type\":\"SearchAction\",\"target\":{\"@type\":\"EntryPoint\",\"urlTemplate\":\"https:\/\/profaj.co\/miknatis\/?s={search_term_string}\"},\"query-input\":\"required name=search_term_string\"}],\"inLanguage\":\"tr\"},{\"@type\":\"Organization\",\"@id\":\"https:\/\/profaj.co\/miknatis\/#organization\",\"name\":\"M\u0131knat\u0131s Ar-Ge\",\"url\":\"https:\/\/profaj.co\/miknatis\/\",\"logo\":{\"@type\":\"ImageObject\",\"inLanguage\":\"tr\",\"@id\":\"https:\/\/profaj.co\/miknatis\/#\/schema\/logo\/image\/\",\"url\":\"https:\/\/profaj.co\/miknatis\/wp-content\/uploads\/2023\/12\/logo-white.webp\",\"contentUrl\":\"https:\/\/profaj.co\/miknatis\/wp-content\/uploads\/2023\/12\/logo-white.webp\",\"width\":300,\"height\":266,\"caption\":\"M\u0131knat\u0131s Ar-Ge\"},\"image\":{\"@id\":\"https:\/\/profaj.co\/miknatis\/#\/schema\/logo\/image\/\"}}]}<\/script>\n<!-- \/ Yoast SEO Premium plugin. -->","yoast_head_json":{"title":"Y\u00fcksek Alan \u015eiddetli Roll Separat\u00f6rler - M\u0131knat\u0131s Ar-Ge","robots":{"index":"index","follow":"follow","max-snippet":"max-snippet:-1","max-image-preview":"max-image-preview:large","max-video-preview":"max-video-preview:-1"},"canonical":"https:\/\/profaj.co\/miknatis\/tr\/urun\/yuksek-alan-siddetli-roll-rulo-separatorler\/","og_locale":"tr_TR","og_type":"article","og_title":"Y\u00fcksek Alan \u015eiddetli Roll Separat\u00f6rler","og_description":"Y\u00fcksek Alan \u015eiddetli Roll manyetik ay\u0131r\u0131c\u0131lar, \u00f6zellikle zay\u0131f manyetik \u00f6zelli\u011fe sahip demir cevherlerinin zenginle\u015ftirilmesinde ve end\u00fcstriyel hammaddelerde bulunan manyetik safs\u0131zl\u0131klar\u0131n at\u0131lmas\u0131nda maksimum verim sa\u011flamaktad\u0131r.","og_url":"https:\/\/profaj.co\/miknatis\/tr\/urun\/yuksek-alan-siddetli-roll-rulo-separatorler\/","og_site_name":"M\u0131knat\u0131s Ar-Ge","article_modified_time":"2025-07-16T12:16:30+00:00","og_image":[{"width":1000,"height":1000,"url":"https:\/\/profaj.co\/miknatis\/wp-content\/uploads\/2024\/05\/miknatis-arge_6214f7929fea2.jpg","type":"image\/jpeg"}],"twitter_card":"summary_large_image","twitter_misc":{"Tahmini okuma s\u00fcresi":"5 dakika"},"schema":{"@context":"https:\/\/schema.org","@graph":[{"@type":"WebPage","@id":"https:\/\/profaj.co\/miknatis\/tr\/urun\/yuksek-alan-siddetli-roll-rulo-separatorler\/","url":"https:\/\/profaj.co\/miknatis\/tr\/urun\/yuksek-alan-siddetli-roll-rulo-separatorler\/","name":"Y\u00fcksek Alan \u015eiddetli Roll Separat\u00f6rler - M\u0131knat\u0131s Ar-Ge","isPartOf":{"@id":"https:\/\/profaj.co\/miknatis\/#website"},"datePublished":"2024-05-17T08:49:16+00:00","dateModified":"2025-07-16T12:16:30+00:00","breadcrumb":{"@id":"https:\/\/profaj.co\/miknatis\/tr\/urun\/yuksek-alan-siddetli-roll-rulo-separatorler\/#breadcrumb"},"inLanguage":"tr","potentialAction":[{"@type":"ReadAction","target":["https:\/\/profaj.co\/miknatis\/tr\/urun\/yuksek-alan-siddetli-roll-rulo-separatorler\/"]}]},{"@type":"BreadcrumbList","@id":"https:\/\/profaj.co\/miknatis\/tr\/urun\/yuksek-alan-siddetli-roll-rulo-separatorler\/#breadcrumb","itemListElement":[{"@type":"ListItem","position":1,"name":"Anasayfa","item":"https:\/\/profaj.co\/miknatis\/tr\/anasayfa\/"},{"@type":"ListItem","position":2,"name":"\u00dcr\u00fcnler","item":"https:\/\/profaj.co\/miknatis\/tr\/urunler\/"},{"@type":"ListItem","position":3,"name":"Y\u00fcksek Alan \u015eiddetli Roll Separat\u00f6rler"}]},{"@type":"WebSite","@id":"https:\/\/profaj.co\/miknatis\/#website","url":"https:\/\/profaj.co\/miknatis\/","name":"M\u0131knat\u0131s Ar-Ge","description":"","publisher":{"@id":"https:\/\/profaj.co\/miknatis\/#organization"},"potentialAction":[{"@type":"SearchAction","target":{"@type":"EntryPoint","urlTemplate":"https:\/\/profaj.co\/miknatis\/?s={search_term_string}"},"query-input":"required name=search_term_string"}],"inLanguage":"tr"},{"@type":"Organization","@id":"https:\/\/profaj.co\/miknatis\/#organization","name":"M\u0131knat\u0131s Ar-Ge","url":"https:\/\/profaj.co\/miknatis\/","logo":{"@type":"ImageObject","inLanguage":"tr","@id":"https:\/\/profaj.co\/miknatis\/#\/schema\/logo\/image\/","url":"https:\/\/profaj.co\/miknatis\/wp-content\/uploads\/2023\/12\/logo-white.webp","contentUrl":"https:\/\/profaj.co\/miknatis\/wp-content\/uploads\/2023\/12\/logo-white.webp","width":300,"height":266,"caption":"M\u0131knat\u0131s Ar-Ge"},"image":{"@id":"https:\/\/profaj.co\/miknatis\/#\/schema\/logo\/image\/"}}]}},"lang":"tr","translations":{"tr":6962,"en":8693},"pll_sync_post":[],"_links":{"self":[{"href":"https:\/\/profaj.co\/miknatis\/wp-json\/wp\/v2\/product\/6962","targetHints":{"allow":["GET"]}}],"collection":[{"href":"https:\/\/profaj.co\/miknatis\/wp-json\/wp\/v2\/product"}],"about":[{"href":"https:\/\/profaj.co\/miknatis\/wp-json\/wp\/v2\/types\/product"}],"wp:featuredmedia":[{"embeddable":true,"href":"https:\/\/profaj.co\/miknatis\/wp-json\/wp\/v2\/media\/6969"}],"wp:attachment":[{"href":"https:\/\/profaj.co\/miknatis\/wp-json\/wp\/v2\/media?parent=6962"}],"wp:term":[{"taxonomy":"product_cat","embeddable":true,"href":"https:\/\/profaj.co\/miknatis\/wp-json\/wp\/v2\/product_cat?post=6962"},{"taxonomy":"product_tag","embeddable":true,"href":"https:\/\/profaj.co\/miknatis\/wp-json\/wp\/v2\/product_tag?post=6962"}],"curies":[{"name":"wp","href":"https:\/\/api.w.org\/{rel}","templated":true}]}}