{"id":6974,"date":"2024-05-17T11:55:58","date_gmt":"2024-05-17T08:55:58","guid":{"rendered":"https:\/\/profaj.co\/miknatis\/?post_type=product&#038;p=6974"},"modified":"2024-05-17T11:59:09","modified_gmt":"2024-05-17T08:59:09","slug":"yuksek-alan-siddetli-kuru-manyetik-separator-iri-tane-icin","status":"publish","type":"product","link":"https:\/\/profaj.co\/miknatis\/tr\/urun\/yuksek-alan-siddetli-kuru-manyetik-separator-iri-tane-icin\/","title":{"rendered":"Y\u00fcksek Alan \u015eiddetli Kuru Manyetik Separat\u00f6r (\u0130ri Tane i\u00e7in )"},"content":{"rendered":"<p><img fetchpriority=\"high\" decoding=\"async\" class=\"alignnone wp-image-6976 size-medium\" src=\"https:\/\/profaj.co\/miknatis\/wp-content\/uploads\/2024\/05\/1076285785-300x214.jpg\" alt=\"\" width=\"300\" height=\"214\" srcset=\"https:\/\/profaj.co\/miknatis\/wp-content\/uploads\/2024\/05\/1076285785-300x214.jpg 300w, https:\/\/profaj.co\/miknatis\/wp-content\/uploads\/2024\/05\/1076285785-1024x731.jpg 1024w, https:\/\/profaj.co\/miknatis\/wp-content\/uploads\/2024\/05\/1076285785-768x549.jpg 768w, https:\/\/profaj.co\/miknatis\/wp-content\/uploads\/2024\/05\/1076285785-1536x1097.jpg 1536w, https:\/\/profaj.co\/miknatis\/wp-content\/uploads\/2024\/05\/1076285785-2048x1463.jpg 2048w, https:\/\/profaj.co\/miknatis\/wp-content\/uploads\/2024\/05\/1076285785-600x429.jpg 600w\" sizes=\"(max-width: 300px) 100vw, 300px\" \/> <img decoding=\"async\" class=\"alignnone wp-image-6977 size-medium\" src=\"https:\/\/profaj.co\/miknatis\/wp-content\/uploads\/2024\/05\/1201339811-225x300.jpg\" alt=\"\" width=\"225\" height=\"300\" srcset=\"https:\/\/profaj.co\/miknatis\/wp-content\/uploads\/2024\/05\/1201339811-225x300.jpg 225w, https:\/\/profaj.co\/miknatis\/wp-content\/uploads\/2024\/05\/1201339811-768x1024.jpg 768w, https:\/\/profaj.co\/miknatis\/wp-content\/uploads\/2024\/05\/1201339811-600x800.jpg 600w, https:\/\/profaj.co\/miknatis\/wp-content\/uploads\/2024\/05\/1201339811.jpg 774w\" sizes=\"(max-width: 225px) 100vw, 225px\" \/> <img decoding=\"async\" class=\"alignnone size-medium wp-image-6978\" src=\"https:\/\/profaj.co\/miknatis\/wp-content\/uploads\/2024\/05\/672712176-225x300.jpg\" alt=\"\" width=\"225\" height=\"300\" srcset=\"https:\/\/profaj.co\/miknatis\/wp-content\/uploads\/2024\/05\/672712176-225x300.jpg 225w, https:\/\/profaj.co\/miknatis\/wp-content\/uploads\/2024\/05\/672712176-768x1024.jpg 768w, https:\/\/profaj.co\/miknatis\/wp-content\/uploads\/2024\/05\/672712176-600x800.jpg 600w, https:\/\/profaj.co\/miknatis\/wp-content\/uploads\/2024\/05\/672712176.jpg 774w\" sizes=\"(max-width: 225px) 100vw, 225px\" \/><br \/>\nBu \u00fcr\u00fcn triyaj sonras\u0131 boyutlar\u0131 20 mm ile 40mm aras\u0131 olan madenlerin tambur \u00fcst\u00fc 15.000 gauss (bant \u00fcst\u00fc 14.000 gauss) de\u011ferlerini bulan \u00f6zel tek katl\u0131 tamburdan ge\u00e7irilerek temel seviye m\u00fckemmel demir vb. istenmeyen malzemelerin daha iri boyutta iken ayr\u0131lmas\u0131n\u0131 sa\u011flayan \u00e7ok etkin bir roll separat\u00f6rd\u00fcr. Bu tip \u00fcr\u00fcnleriniz i\u00e7in prototip hatta denemeler ger\u00e7ekle\u015ftirilebilir. Manyezit sekt\u00f6r\u00fcnde aktif olarak maden ocaklar\u0131nda kullan\u0131lmakta olan sistemdir.<\/p>\n","protected":false},"excerpt":{"rendered":"<p>Y\u00fcksek Alan \u015eiddetli Roll manyetik ay\u0131r\u0131c\u0131lar, \u00f6zellikle zay\u0131f manyetik \u00f6zelli\u011fe sahip demir cevherlerinin zenginle\u015ftirilmesinde ve end\u00fcstriyel hammaddelerde bulunan manyetik safs\u0131zl\u0131klar\u0131n at\u0131lmas\u0131nda maksimum verim sa\u011flamaktad\u0131r.<\/p>\n","protected":false},"featured_media":6975,"template":"","meta":[],"product_cat":[66],"product_tag":[],"class_list":["post-6974","product","type-product","status-publish","has-post-thumbnail","hentry","product_cat-tam-manyetik-tamburlar-ve-sistemler"],"acf":[],"yoast_head":"<!-- This site is optimized with the Yoast SEO Premium plugin v22.1 (Yoast SEO v22.1) - https:\/\/yoast.com\/wordpress\/plugins\/seo\/ -->\n<title>Y\u00fcksek Alan \u015eiddetli Kuru Manyetik Separat\u00f6r (\u0130ri Tane i\u00e7in ) - M\u0131knat\u0131s Ar-Ge<\/title>\n<meta name=\"robots\" content=\"index, follow, max-snippet:-1, max-image-preview:large, max-video-preview:-1\" \/>\n<link rel=\"canonical\" href=\"https:\/\/profaj.co\/miknatis\/tr\/urun\/yuksek-alan-siddetli-kuru-manyetik-separator-iri-tane-icin\/\" \/>\n<meta property=\"og:locale\" content=\"tr_TR\" \/>\n<meta property=\"og:type\" content=\"article\" \/>\n<meta property=\"og:title\" content=\"Y\u00fcksek Alan \u015eiddetli Kuru Manyetik Separat\u00f6r (\u0130ri Tane i\u00e7in )\" \/>\n<meta property=\"og:description\" content=\"Y\u00fcksek Alan \u015eiddetli Roll manyetik ay\u0131r\u0131c\u0131lar, \u00f6zellikle zay\u0131f manyetik \u00f6zelli\u011fe sahip demir cevherlerinin zenginle\u015ftirilmesinde ve end\u00fcstriyel hammaddelerde bulunan manyetik safs\u0131zl\u0131klar\u0131n at\u0131lmas\u0131nda maksimum verim sa\u011flamaktad\u0131r.\" \/>\n<meta property=\"og:url\" content=\"https:\/\/profaj.co\/miknatis\/tr\/urun\/yuksek-alan-siddetli-kuru-manyetik-separator-iri-tane-icin\/\" \/>\n<meta property=\"og:site_name\" content=\"M\u0131knat\u0131s Ar-Ge\" \/>\n<meta property=\"article:modified_time\" content=\"2024-05-17T08:59:09+00:00\" \/>\n<meta property=\"og:image\" content=\"https:\/\/profaj.co\/miknatis\/wp-content\/uploads\/2024\/05\/miknatis-arge_626be767a1e45.jpg\" \/>\n\t<meta property=\"og:image:width\" content=\"1500\" \/>\n\t<meta property=\"og:image:height\" content=\"1500\" \/>\n\t<meta property=\"og:image:type\" content=\"image\/jpeg\" \/>\n<meta name=\"twitter:card\" content=\"summary_large_image\" \/>\n<script type=\"application\/ld+json\" class=\"yoast-schema-graph\">{\"@context\":\"https:\/\/schema.org\",\"@graph\":[{\"@type\":\"WebPage\",\"@id\":\"https:\/\/profaj.co\/miknatis\/tr\/urun\/yuksek-alan-siddetli-kuru-manyetik-separator-iri-tane-icin\/\",\"url\":\"https:\/\/profaj.co\/miknatis\/tr\/urun\/yuksek-alan-siddetli-kuru-manyetik-separator-iri-tane-icin\/\",\"name\":\"Y\u00fcksek Alan \u015eiddetli Kuru Manyetik Separat\u00f6r (\u0130ri Tane i\u00e7in ) - M\u0131knat\u0131s Ar-Ge\",\"isPartOf\":{\"@id\":\"https:\/\/profaj.co\/miknatis\/#website\"},\"datePublished\":\"2024-05-17T08:55:58+00:00\",\"dateModified\":\"2024-05-17T08:59:09+00:00\",\"breadcrumb\":{\"@id\":\"https:\/\/profaj.co\/miknatis\/tr\/urun\/yuksek-alan-siddetli-kuru-manyetik-separator-iri-tane-icin\/#breadcrumb\"},\"inLanguage\":\"tr\",\"potentialAction\":[{\"@type\":\"ReadAction\",\"target\":[\"https:\/\/profaj.co\/miknatis\/tr\/urun\/yuksek-alan-siddetli-kuru-manyetik-separator-iri-tane-icin\/\"]}]},{\"@type\":\"BreadcrumbList\",\"@id\":\"https:\/\/profaj.co\/miknatis\/tr\/urun\/yuksek-alan-siddetli-kuru-manyetik-separator-iri-tane-icin\/#breadcrumb\",\"itemListElement\":[{\"@type\":\"ListItem\",\"position\":1,\"name\":\"Anasayfa\",\"item\":\"https:\/\/profaj.co\/miknatis\/tr\/anasayfa\/\"},{\"@type\":\"ListItem\",\"position\":2,\"name\":\"\u00dcr\u00fcnler\",\"item\":\"https:\/\/profaj.co\/miknatis\/tr\/urunler\/\"},{\"@type\":\"ListItem\",\"position\":3,\"name\":\"Y\u00fcksek Alan \u015eiddetli Kuru Manyetik Separat\u00f6r (\u0130ri Tane i\u00e7in )\"}]},{\"@type\":\"WebSite\",\"@id\":\"https:\/\/profaj.co\/miknatis\/#website\",\"url\":\"https:\/\/profaj.co\/miknatis\/\",\"name\":\"M\u0131knat\u0131s Ar-Ge\",\"description\":\"\",\"publisher\":{\"@id\":\"https:\/\/profaj.co\/miknatis\/#organization\"},\"potentialAction\":[{\"@type\":\"SearchAction\",\"target\":{\"@type\":\"EntryPoint\",\"urlTemplate\":\"https:\/\/profaj.co\/miknatis\/?s={search_term_string}\"},\"query-input\":\"required name=search_term_string\"}],\"inLanguage\":\"tr\"},{\"@type\":\"Organization\",\"@id\":\"https:\/\/profaj.co\/miknatis\/#organization\",\"name\":\"M\u0131knat\u0131s Ar-Ge\",\"url\":\"https:\/\/profaj.co\/miknatis\/\",\"logo\":{\"@type\":\"ImageObject\",\"inLanguage\":\"tr\",\"@id\":\"https:\/\/profaj.co\/miknatis\/#\/schema\/logo\/image\/\",\"url\":\"https:\/\/profaj.co\/miknatis\/wp-content\/uploads\/2023\/12\/logo-white.webp\",\"contentUrl\":\"https:\/\/profaj.co\/miknatis\/wp-content\/uploads\/2023\/12\/logo-white.webp\",\"width\":300,\"height\":266,\"caption\":\"M\u0131knat\u0131s Ar-Ge\"},\"image\":{\"@id\":\"https:\/\/profaj.co\/miknatis\/#\/schema\/logo\/image\/\"}}]}<\/script>\n<!-- \/ Yoast SEO Premium plugin. -->","yoast_head_json":{"title":"Y\u00fcksek Alan \u015eiddetli Kuru Manyetik Separat\u00f6r (\u0130ri Tane i\u00e7in ) - M\u0131knat\u0131s Ar-Ge","robots":{"index":"index","follow":"follow","max-snippet":"max-snippet:-1","max-image-preview":"max-image-preview:large","max-video-preview":"max-video-preview:-1"},"canonical":"https:\/\/profaj.co\/miknatis\/tr\/urun\/yuksek-alan-siddetli-kuru-manyetik-separator-iri-tane-icin\/","og_locale":"tr_TR","og_type":"article","og_title":"Y\u00fcksek Alan \u015eiddetli Kuru Manyetik Separat\u00f6r (\u0130ri Tane i\u00e7in )","og_description":"Y\u00fcksek Alan \u015eiddetli Roll manyetik ay\u0131r\u0131c\u0131lar, \u00f6zellikle zay\u0131f manyetik \u00f6zelli\u011fe sahip demir cevherlerinin zenginle\u015ftirilmesinde ve end\u00fcstriyel hammaddelerde bulunan manyetik safs\u0131zl\u0131klar\u0131n at\u0131lmas\u0131nda maksimum verim sa\u011flamaktad\u0131r.","og_url":"https:\/\/profaj.co\/miknatis\/tr\/urun\/yuksek-alan-siddetli-kuru-manyetik-separator-iri-tane-icin\/","og_site_name":"M\u0131knat\u0131s Ar-Ge","article_modified_time":"2024-05-17T08:59:09+00:00","og_image":[{"width":1500,"height":1500,"url":"https:\/\/profaj.co\/miknatis\/wp-content\/uploads\/2024\/05\/miknatis-arge_626be767a1e45.jpg","type":"image\/jpeg"}],"twitter_card":"summary_large_image","schema":{"@context":"https:\/\/schema.org","@graph":[{"@type":"WebPage","@id":"https:\/\/profaj.co\/miknatis\/tr\/urun\/yuksek-alan-siddetli-kuru-manyetik-separator-iri-tane-icin\/","url":"https:\/\/profaj.co\/miknatis\/tr\/urun\/yuksek-alan-siddetli-kuru-manyetik-separator-iri-tane-icin\/","name":"Y\u00fcksek Alan \u015eiddetli Kuru Manyetik Separat\u00f6r (\u0130ri Tane i\u00e7in ) - M\u0131knat\u0131s Ar-Ge","isPartOf":{"@id":"https:\/\/profaj.co\/miknatis\/#website"},"datePublished":"2024-05-17T08:55:58+00:00","dateModified":"2024-05-17T08:59:09+00:00","breadcrumb":{"@id":"https:\/\/profaj.co\/miknatis\/tr\/urun\/yuksek-alan-siddetli-kuru-manyetik-separator-iri-tane-icin\/#breadcrumb"},"inLanguage":"tr","potentialAction":[{"@type":"ReadAction","target":["https:\/\/profaj.co\/miknatis\/tr\/urun\/yuksek-alan-siddetli-kuru-manyetik-separator-iri-tane-icin\/"]}]},{"@type":"BreadcrumbList","@id":"https:\/\/profaj.co\/miknatis\/tr\/urun\/yuksek-alan-siddetli-kuru-manyetik-separator-iri-tane-icin\/#breadcrumb","itemListElement":[{"@type":"ListItem","position":1,"name":"Anasayfa","item":"https:\/\/profaj.co\/miknatis\/tr\/anasayfa\/"},{"@type":"ListItem","position":2,"name":"\u00dcr\u00fcnler","item":"https:\/\/profaj.co\/miknatis\/tr\/urunler\/"},{"@type":"ListItem","position":3,"name":"Y\u00fcksek Alan \u015eiddetli Kuru Manyetik Separat\u00f6r (\u0130ri Tane i\u00e7in )"}]},{"@type":"WebSite","@id":"https:\/\/profaj.co\/miknatis\/#website","url":"https:\/\/profaj.co\/miknatis\/","name":"M\u0131knat\u0131s Ar-Ge","description":"","publisher":{"@id":"https:\/\/profaj.co\/miknatis\/#organization"},"potentialAction":[{"@type":"SearchAction","target":{"@type":"EntryPoint","urlTemplate":"https:\/\/profaj.co\/miknatis\/?s={search_term_string}"},"query-input":"required name=search_term_string"}],"inLanguage":"tr"},{"@type":"Organization","@id":"https:\/\/profaj.co\/miknatis\/#organization","name":"M\u0131knat\u0131s Ar-Ge","url":"https:\/\/profaj.co\/miknatis\/","logo":{"@type":"ImageObject","inLanguage":"tr","@id":"https:\/\/profaj.co\/miknatis\/#\/schema\/logo\/image\/","url":"https:\/\/profaj.co\/miknatis\/wp-content\/uploads\/2023\/12\/logo-white.webp","contentUrl":"https:\/\/profaj.co\/miknatis\/wp-content\/uploads\/2023\/12\/logo-white.webp","width":300,"height":266,"caption":"M\u0131knat\u0131s Ar-Ge"},"image":{"@id":"https:\/\/profaj.co\/miknatis\/#\/schema\/logo\/image\/"}}]}},"lang":"tr","translations":{"tr":6974,"en":7285},"pll_sync_post":[],"_links":{"self":[{"href":"https:\/\/profaj.co\/miknatis\/wp-json\/wp\/v2\/product\/6974","targetHints":{"allow":["GET"]}}],"collection":[{"href":"https:\/\/profaj.co\/miknatis\/wp-json\/wp\/v2\/product"}],"about":[{"href":"https:\/\/profaj.co\/miknatis\/wp-json\/wp\/v2\/types\/product"}],"wp:featuredmedia":[{"embeddable":true,"href":"https:\/\/profaj.co\/miknatis\/wp-json\/wp\/v2\/media\/6975"}],"wp:attachment":[{"href":"https:\/\/profaj.co\/miknatis\/wp-json\/wp\/v2\/media?parent=6974"}],"wp:term":[{"taxonomy":"product_cat","embeddable":true,"href":"https:\/\/profaj.co\/miknatis\/wp-json\/wp\/v2\/product_cat?post=6974"},{"taxonomy":"product_tag","embeddable":true,"href":"https:\/\/profaj.co\/miknatis\/wp-json\/wp\/v2\/product_tag?post=6974"}],"curies":[{"name":"wp","href":"https:\/\/api.w.org\/{rel}","templated":true}]}}