{"id":6979,"date":"2024-05-17T12:11:08","date_gmt":"2024-05-17T09:11:08","guid":{"rendered":"https:\/\/profaj.co\/miknatis\/?post_type=product&#038;p=6979"},"modified":"2024-07-04T15:26:32","modified_gmt":"2024-07-04T12:26:32","slug":"sogutucu-sivi-temizleme-manyetik-separatoru","status":"publish","type":"product","link":"https:\/\/profaj.co\/miknatis\/tr\/urun\/sogutucu-sivi-temizleme-manyetik-separatoru\/","title":{"rendered":"So\u011futucu S\u0131v\u0131 Temizleme Manyetik Separat\u00f6r\u00fc"},"content":{"rendered":"<p><img fetchpriority=\"high\" decoding=\"async\" class=\"alignnone size-medium wp-image-6984\" src=\"https:\/\/profaj.co\/miknatis\/wp-content\/uploads\/2024\/05\/994497633-300x200.jpg\" alt=\"\" width=\"300\" height=\"200\" srcset=\"https:\/\/profaj.co\/miknatis\/wp-content\/uploads\/2024\/05\/994497633-300x200.jpg 300w, https:\/\/profaj.co\/miknatis\/wp-content\/uploads\/2024\/05\/994497633-600x401.jpg 600w, https:\/\/profaj.co\/miknatis\/wp-content\/uploads\/2024\/05\/994497633.jpg 768w\" sizes=\"(max-width: 300px) 100vw, 300px\" \/> <img decoding=\"async\" class=\"alignnone size-medium wp-image-6985\" src=\"https:\/\/profaj.co\/miknatis\/wp-content\/uploads\/2024\/05\/749355469.jpg\" alt=\"\" width=\"299\" height=\"200\" \/> <img decoding=\"async\" class=\"alignnone size-medium wp-image-6986\" src=\"https:\/\/profaj.co\/miknatis\/wp-content\/uploads\/2024\/05\/1672487087-300x198.jpg\" alt=\"\" width=\"300\" height=\"198\" srcset=\"https:\/\/profaj.co\/miknatis\/wp-content\/uploads\/2024\/05\/1672487087-300x198.jpg 300w, https:\/\/profaj.co\/miknatis\/wp-content\/uploads\/2024\/05\/1672487087-768x508.jpg 768w, https:\/\/profaj.co\/miknatis\/wp-content\/uploads\/2024\/05\/1672487087-600x397.jpg 600w, https:\/\/profaj.co\/miknatis\/wp-content\/uploads\/2024\/05\/1672487087.jpg 1000w\" sizes=\"(max-width: 300px) 100vw, 300px\" \/><\/p>\n<p>End\u00fcstride akan s\u0131r, emaye, ya\u011f, vb. i\u00e7inden istenmeyen metal at\u0131klar\u0131n ayr\u0131\u015ft\u0131r\u0131lmas\u0131nda kullan\u0131lmaktad\u0131r.<\/p>\n<p>So\u011futucu\u00a0S\u0131v\u0131s\u0131 Manyetik Temizleme Separator\u00fc, \u00d6zellikle tala\u015fl\u0131 imalat yapan tesislerde: y\u00fczey ta\u015flama makineleri, di\u015fli ta\u015flama makineleri, honlama ve lepleme makineleri, frezeleme ve delme makineleri, y\u00fczey ta\u015flama makineleri, ya\u011f geri kazan\u0131m makineleri ile \u00a0temiz so\u011futma s\u0131v\u0131s\u0131na ihtiya\u00e7 duyulan her yerde kullan\u0131lmak \u00fczere tasarlanm\u0131\u015ft\u0131r. So\u011futucu S\u0131v\u0131 Temizleme Manyetik Separat\u00f6r\u00fc, \u00fcretilen birim ba\u015f\u0131na daha d\u00fc\u015f\u00fck maliyetlerle tak\u0131m tezg\u00e2hlar\u0131n\u0131n daha uzun ve daha do\u011fru \u00e7al\u0131\u015fmas\u0131n\u0131 sa\u011flar. Manyetik tamburu daimi m\u0131knat\u0131sl\u0131 olup Neodimyum (NdFeB) veya Ferrit (Seramik) M\u0131knat\u0131slardan \u00fcretilmektedir.<\/p>\n<p><em><strong>\u00c7al\u0131\u015fma Prensibi:<\/strong><\/em><\/p>\n<p>So\u011futma s\u0131v\u0131s\u0131, manyetik silindirin alt\u0131ndan akarak yer\u00e7ekimi ile beslenir. Manyetik Tamburun (Rulonun) g\u00fc\u00e7l\u00fc kal\u0131c\u0131 manyetik alan\u0131 s\u0131v\u0131daki demirli kirlili\u011fi yakalar. Manyetik tambur y\u00fczeyi ak\u0131m ak\u0131\u015f\u0131na kar\u015f\u0131 d\u00f6nd\u00fc\u011f\u00fc i\u00e7in, y\u00fczeyine s\u0131k\u0131ca tutunan b\u00fcy\u00fck ve k\u00fc\u00e7\u00fck demirli par\u00e7ac\u0131klar s\u0131v\u0131dan yukar\u0131 do\u011fru ta\u015f\u0131n\u0131r. So\u011futucu s\u0131v\u0131, s\u0131y\u0131r\u0131c\u0131 b\u0131\u00e7ak taraf\u0131ndan demir i\u00e7eren par\u00e7ac\u0131klar \u00e7\u0131kar\u0131ld\u0131\u011f\u0131ndan, hazneye geri akar. Tala\u015flar, ve di\u011fer metal (Fe) kirlilikler bask\u0131 silindiri ile birlikte (Kau\u00e7uk rolik) manyetik tamburdan kaz\u0131n\u0131r ve e\u011fimli s\u0131y\u0131r\u0131c\u0131 b\u0131\u00e7aklar \u00fczerinde biriktirilir. S\u0131y\u0131r\u0131c\u0131 b\u0131\u00e7ak \u00fczerinde biriken\u00a0Fe &#8211; demir tala\u015flar\u00a0yava\u015f\u00e7a e\u011fimli olan s\u0131y\u0131r\u0131c\u0131 b\u0131\u00e7aktan bo\u015faltma haznesine do\u011fru hareket edecektir.<\/p>\n<p><em><strong>\u00d6zellikler ve Faydalar:<\/strong><\/em><\/p>\n<ul>\n<li>Daha uzun hizmet \u00f6mr\u00fcne sahip daha temiz so\u011futma s\u0131v\u0131s\u0131,<\/li>\n<li>Uzat\u0131lm\u0131\u015f tak\u0131m \u00f6mr\u00fc,<\/li>\n<li>Makine\u00a0 korunur,<\/li>\n<li>Azalt\u0131lm\u0131\u015f makine duru\u015f s\u00fcresi,<\/li>\n<li>Daha az maliyet,<\/li>\n<li>Azalt\u0131lm\u0131\u015f pompa a\u015f\u0131nmas\u0131,<\/li>\n<li>K\u0131s\u0131tl\u0131 alanda kolay kurulum,<\/li>\n<li>Yeni veya mevcut makinelerde kullan\u0131labilir,<\/li>\n<li>Farkl\u0131 kapasitelerde, farkl\u0131 tiplerde mevcuttur,<\/li>\n<li>Neredeyse hi\u00e7 bak\u0131m maliyeti yoktur.<\/li>\n<\/ul>\n<p><em><strong>Farkl\u0131 \u00f6l\u00e7\u00fc, kapasite ve \u00f6zelliklere sahip So\u011futucu S\u0131v\u0131 Temizleme Manyetik Separat\u00f6r\u00fc i\u00e7in L\u00fctfen ileti\u015fime ge\u00e7iniz.<\/p>\n<p><img loading=\"lazy\" decoding=\"async\" class=\"alignnone size-medium wp-image-6987\" src=\"https:\/\/profaj.co\/miknatis\/wp-content\/uploads\/2024\/05\/1066660323-300x225.jpg\" alt=\"\" width=\"300\" height=\"225\" srcset=\"https:\/\/profaj.co\/miknatis\/wp-content\/uploads\/2024\/05\/1066660323-300x225.jpg 300w, https:\/\/profaj.co\/miknatis\/wp-content\/uploads\/2024\/05\/1066660323-768x576.jpg 768w, https:\/\/profaj.co\/miknatis\/wp-content\/uploads\/2024\/05\/1066660323-600x450.jpg 600w, https:\/\/profaj.co\/miknatis\/wp-content\/uploads\/2024\/05\/1066660323.jpg 1024w\" sizes=\"(max-width: 300px) 100vw, 300px\" \/> <img loading=\"lazy\" decoding=\"async\" class=\"alignnone size-medium wp-image-6988\" src=\"https:\/\/profaj.co\/miknatis\/wp-content\/uploads\/2024\/05\/342705974-300x225.jpg\" alt=\"\" width=\"300\" height=\"225\" srcset=\"https:\/\/profaj.co\/miknatis\/wp-content\/uploads\/2024\/05\/342705974-300x225.jpg 300w, https:\/\/profaj.co\/miknatis\/wp-content\/uploads\/2024\/05\/342705974-768x576.jpg 768w, https:\/\/profaj.co\/miknatis\/wp-content\/uploads\/2024\/05\/342705974-600x450.jpg 600w, https:\/\/profaj.co\/miknatis\/wp-content\/uploads\/2024\/05\/342705974.jpg 1024w\" sizes=\"(max-width: 300px) 100vw, 300px\" \/> <img loading=\"lazy\" decoding=\"async\" class=\"alignnone size-medium wp-image-6989\" src=\"https:\/\/profaj.co\/miknatis\/wp-content\/uploads\/2024\/05\/619658197-300x166.jpg\" alt=\"\" width=\"300\" height=\"166\" srcset=\"https:\/\/profaj.co\/miknatis\/wp-content\/uploads\/2024\/05\/619658197-300x166.jpg 300w, https:\/\/profaj.co\/miknatis\/wp-content\/uploads\/2024\/05\/619658197-1024x567.jpg 1024w, https:\/\/profaj.co\/miknatis\/wp-content\/uploads\/2024\/05\/619658197-768x425.jpg 768w, https:\/\/profaj.co\/miknatis\/wp-content\/uploads\/2024\/05\/619658197-600x332.jpg 600w, https:\/\/profaj.co\/miknatis\/wp-content\/uploads\/2024\/05\/619658197.jpg 1500w\" sizes=\"(max-width: 300px) 100vw, 300px\" \/><iframe src=\"https:\/\/www.youtube.com\/embed\/nhHGp7iQ0UE\" width=\"640\" height=\"360\" frameborder=\"0\" allowfullscreen=\"allowfullscreen\"><\/iframe><br \/>\n<\/strong><\/em><\/p>\n","protected":false},"excerpt":{"rendered":"<p>So\u011futucu\u00a0S\u0131v\u0131s\u0131 Manyetik Temizleme Separator\u00fc, \u00d6zellikle tala\u015fl\u0131 imalat yapan tesislerde: y\u00fczey ta\u015flama makineleri, di\u015fli ta\u015flama makineleri, honlama ve lepleme makineleri, frezeleme ve delme makineleri, y\u00fczey ta\u015flama makineleri, ya\u011f geri kazan\u0131m makineleri ile \u00a0temiz so\u011futma s\u0131v\u0131s\u0131na ihtiya\u00e7 duyulan her yerde kullan\u0131lmak \u00fczere tasarlanm\u0131\u015ft\u0131r.<\/p>\n","protected":false},"featured_media":6980,"template":"","meta":[],"product_cat":[58],"product_tag":[],"class_list":["post-6979","product","type-product","status-publish","has-post-thumbnail","hentry","product_cat-manyetik-separasyon"],"acf":[],"yoast_head":"<!-- This site is optimized with the Yoast SEO Premium plugin v22.1 (Yoast SEO v22.1) - https:\/\/yoast.com\/wordpress\/plugins\/seo\/ -->\n<title>So\u011futucu S\u0131v\u0131 Temizleme Manyetik Separat\u00f6r\u00fc - M\u0131knat\u0131s Ar-Ge<\/title>\n<meta name=\"robots\" content=\"index, follow, max-snippet:-1, max-image-preview:large, max-video-preview:-1\" \/>\n<link rel=\"canonical\" href=\"https:\/\/profaj.co\/miknatis\/tr\/urun\/sogutucu-sivi-temizleme-manyetik-separatoru\/\" \/>\n<meta property=\"og:locale\" content=\"tr_TR\" \/>\n<meta property=\"og:type\" content=\"article\" \/>\n<meta property=\"og:title\" content=\"So\u011futucu S\u0131v\u0131 Temizleme Manyetik Separat\u00f6r\u00fc\" \/>\n<meta property=\"og:description\" content=\"So\u011futucu\u00a0S\u0131v\u0131s\u0131 Manyetik Temizleme Separator\u00fc, \u00d6zellikle tala\u015fl\u0131 imalat yapan tesislerde: y\u00fczey ta\u015flama makineleri, di\u015fli ta\u015flama makineleri, honlama ve lepleme makineleri, frezeleme ve delme makineleri, y\u00fczey ta\u015flama makineleri, ya\u011f geri kazan\u0131m makineleri ile \u00a0temiz so\u011futma s\u0131v\u0131s\u0131na ihtiya\u00e7 duyulan her yerde kullan\u0131lmak \u00fczere tasarlanm\u0131\u015ft\u0131r.\" \/>\n<meta property=\"og:url\" content=\"https:\/\/profaj.co\/miknatis\/tr\/urun\/sogutucu-sivi-temizleme-manyetik-separatoru\/\" \/>\n<meta property=\"og:site_name\" content=\"M\u0131knat\u0131s Ar-Ge\" \/>\n<meta property=\"article:modified_time\" content=\"2024-07-04T12:26:32+00:00\" \/>\n<meta property=\"og:image\" content=\"https:\/\/profaj.co\/miknatis\/wp-content\/uploads\/2024\/05\/miknatis-arge_6239d14aadf85.jpg\" \/>\n\t<meta property=\"og:image:width\" content=\"1500\" \/>\n\t<meta property=\"og:image:height\" content=\"1500\" \/>\n\t<meta property=\"og:image:type\" content=\"image\/jpeg\" \/>\n<meta name=\"twitter:card\" content=\"summary_large_image\" \/>\n<meta name=\"twitter:label1\" content=\"Tahmini okuma s\u00fcresi\" \/>\n\t<meta name=\"twitter:data1\" content=\"2 dakika\" \/>\n<script type=\"application\/ld+json\" class=\"yoast-schema-graph\">{\"@context\":\"https:\/\/schema.org\",\"@graph\":[{\"@type\":\"WebPage\",\"@id\":\"https:\/\/profaj.co\/miknatis\/tr\/urun\/sogutucu-sivi-temizleme-manyetik-separatoru\/\",\"url\":\"https:\/\/profaj.co\/miknatis\/tr\/urun\/sogutucu-sivi-temizleme-manyetik-separatoru\/\",\"name\":\"So\u011futucu S\u0131v\u0131 Temizleme Manyetik Separat\u00f6r\u00fc - M\u0131knat\u0131s Ar-Ge\",\"isPartOf\":{\"@id\":\"https:\/\/profaj.co\/miknatis\/#website\"},\"datePublished\":\"2024-05-17T09:11:08+00:00\",\"dateModified\":\"2024-07-04T12:26:32+00:00\",\"breadcrumb\":{\"@id\":\"https:\/\/profaj.co\/miknatis\/tr\/urun\/sogutucu-sivi-temizleme-manyetik-separatoru\/#breadcrumb\"},\"inLanguage\":\"tr\",\"potentialAction\":[{\"@type\":\"ReadAction\",\"target\":[\"https:\/\/profaj.co\/miknatis\/tr\/urun\/sogutucu-sivi-temizleme-manyetik-separatoru\/\"]}]},{\"@type\":\"BreadcrumbList\",\"@id\":\"https:\/\/profaj.co\/miknatis\/tr\/urun\/sogutucu-sivi-temizleme-manyetik-separatoru\/#breadcrumb\",\"itemListElement\":[{\"@type\":\"ListItem\",\"position\":1,\"name\":\"Anasayfa\",\"item\":\"https:\/\/profaj.co\/miknatis\/tr\/anasayfa\/\"},{\"@type\":\"ListItem\",\"position\":2,\"name\":\"\u00dcr\u00fcnler\",\"item\":\"https:\/\/profaj.co\/miknatis\/tr\/urunler\/\"},{\"@type\":\"ListItem\",\"position\":3,\"name\":\"So\u011futucu S\u0131v\u0131 Temizleme Manyetik Separat\u00f6r\u00fc\"}]},{\"@type\":\"WebSite\",\"@id\":\"https:\/\/profaj.co\/miknatis\/#website\",\"url\":\"https:\/\/profaj.co\/miknatis\/\",\"name\":\"M\u0131knat\u0131s Ar-Ge\",\"description\":\"\",\"publisher\":{\"@id\":\"https:\/\/profaj.co\/miknatis\/#organization\"},\"potentialAction\":[{\"@type\":\"SearchAction\",\"target\":{\"@type\":\"EntryPoint\",\"urlTemplate\":\"https:\/\/profaj.co\/miknatis\/?s={search_term_string}\"},\"query-input\":\"required name=search_term_string\"}],\"inLanguage\":\"tr\"},{\"@type\":\"Organization\",\"@id\":\"https:\/\/profaj.co\/miknatis\/#organization\",\"name\":\"M\u0131knat\u0131s Ar-Ge\",\"url\":\"https:\/\/profaj.co\/miknatis\/\",\"logo\":{\"@type\":\"ImageObject\",\"inLanguage\":\"tr\",\"@id\":\"https:\/\/profaj.co\/miknatis\/#\/schema\/logo\/image\/\",\"url\":\"https:\/\/profaj.co\/miknatis\/wp-content\/uploads\/2023\/12\/logo-white.webp\",\"contentUrl\":\"https:\/\/profaj.co\/miknatis\/wp-content\/uploads\/2023\/12\/logo-white.webp\",\"width\":300,\"height\":266,\"caption\":\"M\u0131knat\u0131s Ar-Ge\"},\"image\":{\"@id\":\"https:\/\/profaj.co\/miknatis\/#\/schema\/logo\/image\/\"}}]}<\/script>\n<!-- \/ Yoast SEO Premium plugin. -->","yoast_head_json":{"title":"So\u011futucu S\u0131v\u0131 Temizleme Manyetik Separat\u00f6r\u00fc - M\u0131knat\u0131s Ar-Ge","robots":{"index":"index","follow":"follow","max-snippet":"max-snippet:-1","max-image-preview":"max-image-preview:large","max-video-preview":"max-video-preview:-1"},"canonical":"https:\/\/profaj.co\/miknatis\/tr\/urun\/sogutucu-sivi-temizleme-manyetik-separatoru\/","og_locale":"tr_TR","og_type":"article","og_title":"So\u011futucu S\u0131v\u0131 Temizleme Manyetik Separat\u00f6r\u00fc","og_description":"So\u011futucu\u00a0S\u0131v\u0131s\u0131 Manyetik Temizleme Separator\u00fc, \u00d6zellikle tala\u015fl\u0131 imalat yapan tesislerde: y\u00fczey ta\u015flama makineleri, di\u015fli ta\u015flama makineleri, honlama ve lepleme makineleri, frezeleme ve delme makineleri, y\u00fczey ta\u015flama makineleri, ya\u011f geri kazan\u0131m makineleri ile \u00a0temiz so\u011futma s\u0131v\u0131s\u0131na ihtiya\u00e7 duyulan her yerde kullan\u0131lmak \u00fczere tasarlanm\u0131\u015ft\u0131r.","og_url":"https:\/\/profaj.co\/miknatis\/tr\/urun\/sogutucu-sivi-temizleme-manyetik-separatoru\/","og_site_name":"M\u0131knat\u0131s Ar-Ge","article_modified_time":"2024-07-04T12:26:32+00:00","og_image":[{"width":1500,"height":1500,"url":"https:\/\/profaj.co\/miknatis\/wp-content\/uploads\/2024\/05\/miknatis-arge_6239d14aadf85.jpg","type":"image\/jpeg"}],"twitter_card":"summary_large_image","twitter_misc":{"Tahmini okuma s\u00fcresi":"2 dakika"},"schema":{"@context":"https:\/\/schema.org","@graph":[{"@type":"WebPage","@id":"https:\/\/profaj.co\/miknatis\/tr\/urun\/sogutucu-sivi-temizleme-manyetik-separatoru\/","url":"https:\/\/profaj.co\/miknatis\/tr\/urun\/sogutucu-sivi-temizleme-manyetik-separatoru\/","name":"So\u011futucu S\u0131v\u0131 Temizleme Manyetik Separat\u00f6r\u00fc - M\u0131knat\u0131s Ar-Ge","isPartOf":{"@id":"https:\/\/profaj.co\/miknatis\/#website"},"datePublished":"2024-05-17T09:11:08+00:00","dateModified":"2024-07-04T12:26:32+00:00","breadcrumb":{"@id":"https:\/\/profaj.co\/miknatis\/tr\/urun\/sogutucu-sivi-temizleme-manyetik-separatoru\/#breadcrumb"},"inLanguage":"tr","potentialAction":[{"@type":"ReadAction","target":["https:\/\/profaj.co\/miknatis\/tr\/urun\/sogutucu-sivi-temizleme-manyetik-separatoru\/"]}]},{"@type":"BreadcrumbList","@id":"https:\/\/profaj.co\/miknatis\/tr\/urun\/sogutucu-sivi-temizleme-manyetik-separatoru\/#breadcrumb","itemListElement":[{"@type":"ListItem","position":1,"name":"Anasayfa","item":"https:\/\/profaj.co\/miknatis\/tr\/anasayfa\/"},{"@type":"ListItem","position":2,"name":"\u00dcr\u00fcnler","item":"https:\/\/profaj.co\/miknatis\/tr\/urunler\/"},{"@type":"ListItem","position":3,"name":"So\u011futucu S\u0131v\u0131 Temizleme Manyetik Separat\u00f6r\u00fc"}]},{"@type":"WebSite","@id":"https:\/\/profaj.co\/miknatis\/#website","url":"https:\/\/profaj.co\/miknatis\/","name":"M\u0131knat\u0131s Ar-Ge","description":"","publisher":{"@id":"https:\/\/profaj.co\/miknatis\/#organization"},"potentialAction":[{"@type":"SearchAction","target":{"@type":"EntryPoint","urlTemplate":"https:\/\/profaj.co\/miknatis\/?s={search_term_string}"},"query-input":"required name=search_term_string"}],"inLanguage":"tr"},{"@type":"Organization","@id":"https:\/\/profaj.co\/miknatis\/#organization","name":"M\u0131knat\u0131s Ar-Ge","url":"https:\/\/profaj.co\/miknatis\/","logo":{"@type":"ImageObject","inLanguage":"tr","@id":"https:\/\/profaj.co\/miknatis\/#\/schema\/logo\/image\/","url":"https:\/\/profaj.co\/miknatis\/wp-content\/uploads\/2023\/12\/logo-white.webp","contentUrl":"https:\/\/profaj.co\/miknatis\/wp-content\/uploads\/2023\/12\/logo-white.webp","width":300,"height":266,"caption":"M\u0131knat\u0131s Ar-Ge"},"image":{"@id":"https:\/\/profaj.co\/miknatis\/#\/schema\/logo\/image\/"}}]}},"lang":"tr","translations":{"tr":6979,"en":8613},"pll_sync_post":[],"_links":{"self":[{"href":"https:\/\/profaj.co\/miknatis\/wp-json\/wp\/v2\/product\/6979","targetHints":{"allow":["GET"]}}],"collection":[{"href":"https:\/\/profaj.co\/miknatis\/wp-json\/wp\/v2\/product"}],"about":[{"href":"https:\/\/profaj.co\/miknatis\/wp-json\/wp\/v2\/types\/product"}],"wp:featuredmedia":[{"embeddable":true,"href":"https:\/\/profaj.co\/miknatis\/wp-json\/wp\/v2\/media\/6980"}],"wp:attachment":[{"href":"https:\/\/profaj.co\/miknatis\/wp-json\/wp\/v2\/media?parent=6979"}],"wp:term":[{"taxonomy":"product_cat","embeddable":true,"href":"https:\/\/profaj.co\/miknatis\/wp-json\/wp\/v2\/product_cat?post=6979"},{"taxonomy":"product_tag","embeddable":true,"href":"https:\/\/profaj.co\/miknatis\/wp-json\/wp\/v2\/product_tag?post=6979"}],"curies":[{"name":"wp","href":"https:\/\/api.w.org\/{rel}","templated":true}]}}