{"id":6990,"date":"2024-05-17T12:20:07","date_gmt":"2024-05-17T09:20:07","guid":{"rendered":"https:\/\/profaj.co\/miknatis\/?post_type=product&#038;p=6990"},"modified":"2024-07-04T15:41:49","modified_gmt":"2024-07-04T12:41:49","slug":"kapali-yari-manyetik-tamburlu-separator","status":"publish","type":"product","link":"https:\/\/profaj.co\/miknatis\/tr\/urun\/kapali-yari-manyetik-tamburlu-separator\/","title":{"rendered":"Kapal\u0131 Yar\u0131 Manyetik Tamburlu Separat\u00f6r"},"content":{"rendered":"<p>Bantl\u0131 sisteme gerek kalmadan, \u00fczerine beslenen \u00fcr\u00fcn\u00fcn i\u00e7erisindeki demir partik\u00fcllerini el de\u011fmeden ay\u0131r\u0131c\u0131 b\u0131\u00e7ak sayesinde otomatik \u015fekilde ayr\u0131\u015ft\u0131r\u0131lmas\u0131n\u0131 sa\u011flar. Manyetik olan \u00fcr\u00fcn tamburun arka k\u0131sm\u0131na, manyetik olmayan \u00fcr\u00fcnde tamburun \u00f6n k\u0131sm\u0131na d\u00fc\u015fer. Tah\u0131l (bu\u011fday vb.) kuru g\u0131da (\u015feker vb.) kimyasal, karbon siyah\u0131 i\u00e7indeki metal tellerin temizlenmesinde,plastik ve seramik end\u00fcstrilerinde gran\u00fcl ve elyaf gibi y\u00fcksek kapasiteli kaba hammaddeler i\u00e7indeki Ferromanyetik (Fe) demir i\u00e7erikli metallerin\u00a0s\u00fcrekli ve tam otomatik olarak ayr\u0131\u015ft\u0131r\u0131lmas\u0131nda kullan\u0131l\u0131r.<\/p>\n<p>Tambur i\u00e7inde a\u00e7\u0131l\u0131 ayarlanabilir daimi m\u0131knat\u0131sl\u0131 oldu\u011fu i\u00e7in Yar\u0131 Manyetik Tambur olarak adland\u0131r\u0131lmaktad\u0131r.\u00a0 Boru hatt\u0131 veya vibrasyonla beslenen \u00fcr\u00fcn tambur y\u00fczeyinden serbest ak\u0131\u015fla akarken i\u00e7indeki Fe i\u00e7erikli metaller Manyetik y\u00fczeye tutunarak \u00fcr\u00fcn ak\u0131\u015f\u0131n\u0131n tersine arka y\u00fczeye d\u00fc\u015ferek \u00fcr\u00fcnden ayr\u0131lmaktad\u0131r. \u00dcr\u00fcne ba\u011fl\u0131 farkl\u0131 besleme \u015fekilleri \u00f6nerilmektedir.<\/p>\n<p>Manyetik Tamburlar, y\u00fcksek manyetik al\u0131nganl\u0131\u011fa sahip demir, \u00e7ivi, vb.\u00a0ayr\u0131\u015ft\u0131rmak i\u00e7in 1000-1500 Gauss yeterli oldu\u011fundan Ferrit M\u0131knat\u0131slardan imal edilmektedir.<\/p>\n<p>Zay\u0131f manyetik par\u00e7a\u00e7\u0131klar\u0131 ayr\u0131\u015ft\u0131rmak i\u00e7in Neodimyum M\u0131knat\u0131slar kullan\u0131lmaktad\u0131r. Paslanmaz z\u0131rh y\u00fczeyinde \u00f6l\u00e7\u00fclen manyetik ak\u0131 yo\u011funlu\u011fu de\u011feri B:\u00a0\u00a02000-2500 Gauss \/ 3000-3500 Gauss \/ 4000-4500 Gauss \/ 6000-7000 Gauss \u00f6zelliklerde imal edilebilmektedir. Bu de\u011ferler beslenen \u00fcr\u00fcn\u00fcn partik\u00fcl boyutlar\u0131na, metalin manyetik al\u0131nganl\u0131\u011f\u0131na, vb. \u00f6zelliklere g\u00f6re se\u00e7ilmekte ve \u00f6nerilmektedir.<\/p>\n<div class=\"row\">\n<div class=\"col-md-4 col-12\"><img fetchpriority=\"high\" decoding=\"async\" class=\"size-medium wp-image-6991\" src=\"https:\/\/profaj.co\/miknatis\/wp-content\/uploads\/2024\/05\/1587062632-300x225.jpg\" alt=\"\" width=\"300\" height=\"225\" srcset=\"https:\/\/profaj.co\/miknatis\/wp-content\/uploads\/2024\/05\/1587062632-300x225.jpg 300w, https:\/\/profaj.co\/miknatis\/wp-content\/uploads\/2024\/05\/1587062632.jpg 333w\" sizes=\"(max-width: 300px) 100vw, 300px\" \/><\/div>\n<div class=\"col-md-4 col-12\"><img decoding=\"async\" class=\"size-medium wp-image-6992\" src=\"https:\/\/profaj.co\/miknatis\/wp-content\/uploads\/2024\/05\/1385661120-300x225.jpg\" alt=\"\" width=\"300\" height=\"225\" srcset=\"https:\/\/profaj.co\/miknatis\/wp-content\/uploads\/2024\/05\/1385661120-300x225.jpg 300w, https:\/\/profaj.co\/miknatis\/wp-content\/uploads\/2024\/05\/1385661120.jpg 333w\" sizes=\"(max-width: 300px) 100vw, 300px\" \/><\/div>\n<div class=\"col-md-4 col-12\"><img decoding=\"async\" class=\"size-medium wp-image-6993 alignleft\" src=\"https:\/\/profaj.co\/miknatis\/wp-content\/uploads\/2024\/05\/260586530-300x202.jpg\" alt=\"\" width=\"300\" height=\"202\" srcset=\"https:\/\/profaj.co\/miknatis\/wp-content\/uploads\/2024\/05\/260586530-300x202.jpg 300w, https:\/\/profaj.co\/miknatis\/wp-content\/uploads\/2024\/05\/260586530.jpg 372w\" sizes=\"(max-width: 300px) 100vw, 300px\" \/><\/div>\n<\/div>\n<p>G\u00f6vde i\u00e7erisinde bulunan g\u0131da tipi tambur m\u0131knat\u0131slar\u0131m\u0131z bakteri \u00fcremesine kar\u015f\u0131 hijyenik bir tasar\u0131ma sahiptir. G\u00f6vde komple paslanmaz olarak \u00fcretilmektedir.<img loading=\"lazy\" decoding=\"async\" class=\"alignnone size-medium wp-image-6994\" src=\"https:\/\/profaj.co\/miknatis\/wp-content\/uploads\/2024\/05\/1486750562-300x243.jpg\" alt=\"\" width=\"300\" height=\"243\" srcset=\"https:\/\/profaj.co\/miknatis\/wp-content\/uploads\/2024\/05\/1486750562-300x243.jpg 300w, https:\/\/profaj.co\/miknatis\/wp-content\/uploads\/2024\/05\/1486750562-768x621.jpg 768w, https:\/\/profaj.co\/miknatis\/wp-content\/uploads\/2024\/05\/1486750562-600x485.jpg 600w, https:\/\/profaj.co\/miknatis\/wp-content\/uploads\/2024\/05\/1486750562.jpg 1000w\" sizes=\"(max-width: 300px) 100vw, 300px\" \/><\/p>\n","protected":false},"excerpt":{"rendered":"<p>Bantl\u0131 sisteme gerek kalmadan, \u00fczerine beslenen \u00fcr\u00fcn\u00fcn i\u00e7erisindeki demir partik\u00fcllerini el de\u011fmeden ay\u0131r\u0131c\u0131 b\u0131\u00e7ak sayesinde otomatik \u015fekilde ayr\u0131\u015ft\u0131r\u0131lmas\u0131n\u0131 sa\u011flar.<\/p>\n","protected":false},"featured_media":6995,"template":"","meta":[],"product_cat":[68],"product_tag":[],"class_list":["post-6990","product","type-product","status-publish","has-post-thumbnail","hentry","product_cat-yari-manyetik-tamburlar-ve-sistemler"],"acf":[],"yoast_head":"<!-- This site is optimized with the Yoast SEO Premium plugin v22.1 (Yoast SEO v22.1) - https:\/\/yoast.com\/wordpress\/plugins\/seo\/ -->\n<title>Kapal\u0131 Yar\u0131 Manyetik Tamburlu Separat\u00f6r - M\u0131knat\u0131s Ar-Ge<\/title>\n<meta name=\"robots\" content=\"index, follow, max-snippet:-1, max-image-preview:large, max-video-preview:-1\" \/>\n<link rel=\"canonical\" href=\"https:\/\/profaj.co\/miknatis\/tr\/urun\/kapali-yari-manyetik-tamburlu-separator\/\" \/>\n<meta property=\"og:locale\" content=\"tr_TR\" \/>\n<meta property=\"og:type\" content=\"article\" \/>\n<meta property=\"og:title\" content=\"Kapal\u0131 Yar\u0131 Manyetik Tamburlu Separat\u00f6r\" \/>\n<meta property=\"og:description\" content=\"Bantl\u0131 sisteme gerek kalmadan, \u00fczerine beslenen \u00fcr\u00fcn\u00fcn i\u00e7erisindeki demir partik\u00fcllerini el de\u011fmeden ay\u0131r\u0131c\u0131 b\u0131\u00e7ak sayesinde otomatik \u015fekilde ayr\u0131\u015ft\u0131r\u0131lmas\u0131n\u0131 sa\u011flar.\" \/>\n<meta property=\"og:url\" content=\"https:\/\/profaj.co\/miknatis\/tr\/urun\/kapali-yari-manyetik-tamburlu-separator\/\" \/>\n<meta property=\"og:site_name\" content=\"M\u0131knat\u0131s Ar-Ge\" \/>\n<meta property=\"article:modified_time\" content=\"2024-07-04T12:41:49+00:00\" \/>\n<meta property=\"og:image\" content=\"https:\/\/profaj.co\/miknatis\/wp-content\/uploads\/2024\/05\/miknatis-arge_62618916c598a.jpg\" \/>\n\t<meta property=\"og:image:width\" content=\"1500\" \/>\n\t<meta property=\"og:image:height\" content=\"1500\" \/>\n\t<meta property=\"og:image:type\" content=\"image\/jpeg\" \/>\n<meta name=\"twitter:card\" content=\"summary_large_image\" \/>\n<meta name=\"twitter:label1\" content=\"Tahmini okuma s\u00fcresi\" \/>\n\t<meta name=\"twitter:data1\" content=\"2 dakika\" \/>\n<script type=\"application\/ld+json\" class=\"yoast-schema-graph\">{\"@context\":\"https:\/\/schema.org\",\"@graph\":[{\"@type\":\"WebPage\",\"@id\":\"https:\/\/profaj.co\/miknatis\/tr\/urun\/kapali-yari-manyetik-tamburlu-separator\/\",\"url\":\"https:\/\/profaj.co\/miknatis\/tr\/urun\/kapali-yari-manyetik-tamburlu-separator\/\",\"name\":\"Kapal\u0131 Yar\u0131 Manyetik Tamburlu Separat\u00f6r - M\u0131knat\u0131s Ar-Ge\",\"isPartOf\":{\"@id\":\"https:\/\/profaj.co\/miknatis\/#website\"},\"datePublished\":\"2024-05-17T09:20:07+00:00\",\"dateModified\":\"2024-07-04T12:41:49+00:00\",\"breadcrumb\":{\"@id\":\"https:\/\/profaj.co\/miknatis\/tr\/urun\/kapali-yari-manyetik-tamburlu-separator\/#breadcrumb\"},\"inLanguage\":\"tr\",\"potentialAction\":[{\"@type\":\"ReadAction\",\"target\":[\"https:\/\/profaj.co\/miknatis\/tr\/urun\/kapali-yari-manyetik-tamburlu-separator\/\"]}]},{\"@type\":\"BreadcrumbList\",\"@id\":\"https:\/\/profaj.co\/miknatis\/tr\/urun\/kapali-yari-manyetik-tamburlu-separator\/#breadcrumb\",\"itemListElement\":[{\"@type\":\"ListItem\",\"position\":1,\"name\":\"Anasayfa\",\"item\":\"https:\/\/profaj.co\/miknatis\/tr\/anasayfa\/\"},{\"@type\":\"ListItem\",\"position\":2,\"name\":\"\u00dcr\u00fcnler\",\"item\":\"https:\/\/profaj.co\/miknatis\/tr\/urunler\/\"},{\"@type\":\"ListItem\",\"position\":3,\"name\":\"Kapal\u0131 Yar\u0131 Manyetik Tamburlu Separat\u00f6r\"}]},{\"@type\":\"WebSite\",\"@id\":\"https:\/\/profaj.co\/miknatis\/#website\",\"url\":\"https:\/\/profaj.co\/miknatis\/\",\"name\":\"M\u0131knat\u0131s Ar-Ge\",\"description\":\"\",\"publisher\":{\"@id\":\"https:\/\/profaj.co\/miknatis\/#organization\"},\"potentialAction\":[{\"@type\":\"SearchAction\",\"target\":{\"@type\":\"EntryPoint\",\"urlTemplate\":\"https:\/\/profaj.co\/miknatis\/?s={search_term_string}\"},\"query-input\":\"required name=search_term_string\"}],\"inLanguage\":\"tr\"},{\"@type\":\"Organization\",\"@id\":\"https:\/\/profaj.co\/miknatis\/#organization\",\"name\":\"M\u0131knat\u0131s Ar-Ge\",\"url\":\"https:\/\/profaj.co\/miknatis\/\",\"logo\":{\"@type\":\"ImageObject\",\"inLanguage\":\"tr\",\"@id\":\"https:\/\/profaj.co\/miknatis\/#\/schema\/logo\/image\/\",\"url\":\"https:\/\/profaj.co\/miknatis\/wp-content\/uploads\/2023\/12\/logo-white.webp\",\"contentUrl\":\"https:\/\/profaj.co\/miknatis\/wp-content\/uploads\/2023\/12\/logo-white.webp\",\"width\":300,\"height\":266,\"caption\":\"M\u0131knat\u0131s Ar-Ge\"},\"image\":{\"@id\":\"https:\/\/profaj.co\/miknatis\/#\/schema\/logo\/image\/\"}}]}<\/script>\n<!-- \/ Yoast SEO Premium plugin. -->","yoast_head_json":{"title":"Kapal\u0131 Yar\u0131 Manyetik Tamburlu Separat\u00f6r - M\u0131knat\u0131s Ar-Ge","robots":{"index":"index","follow":"follow","max-snippet":"max-snippet:-1","max-image-preview":"max-image-preview:large","max-video-preview":"max-video-preview:-1"},"canonical":"https:\/\/profaj.co\/miknatis\/tr\/urun\/kapali-yari-manyetik-tamburlu-separator\/","og_locale":"tr_TR","og_type":"article","og_title":"Kapal\u0131 Yar\u0131 Manyetik Tamburlu Separat\u00f6r","og_description":"Bantl\u0131 sisteme gerek kalmadan, \u00fczerine beslenen \u00fcr\u00fcn\u00fcn i\u00e7erisindeki demir partik\u00fcllerini el de\u011fmeden ay\u0131r\u0131c\u0131 b\u0131\u00e7ak sayesinde otomatik \u015fekilde ayr\u0131\u015ft\u0131r\u0131lmas\u0131n\u0131 sa\u011flar.","og_url":"https:\/\/profaj.co\/miknatis\/tr\/urun\/kapali-yari-manyetik-tamburlu-separator\/","og_site_name":"M\u0131knat\u0131s Ar-Ge","article_modified_time":"2024-07-04T12:41:49+00:00","og_image":[{"width":1500,"height":1500,"url":"https:\/\/profaj.co\/miknatis\/wp-content\/uploads\/2024\/05\/miknatis-arge_62618916c598a.jpg","type":"image\/jpeg"}],"twitter_card":"summary_large_image","twitter_misc":{"Tahmini okuma s\u00fcresi":"2 dakika"},"schema":{"@context":"https:\/\/schema.org","@graph":[{"@type":"WebPage","@id":"https:\/\/profaj.co\/miknatis\/tr\/urun\/kapali-yari-manyetik-tamburlu-separator\/","url":"https:\/\/profaj.co\/miknatis\/tr\/urun\/kapali-yari-manyetik-tamburlu-separator\/","name":"Kapal\u0131 Yar\u0131 Manyetik Tamburlu Separat\u00f6r - M\u0131knat\u0131s Ar-Ge","isPartOf":{"@id":"https:\/\/profaj.co\/miknatis\/#website"},"datePublished":"2024-05-17T09:20:07+00:00","dateModified":"2024-07-04T12:41:49+00:00","breadcrumb":{"@id":"https:\/\/profaj.co\/miknatis\/tr\/urun\/kapali-yari-manyetik-tamburlu-separator\/#breadcrumb"},"inLanguage":"tr","potentialAction":[{"@type":"ReadAction","target":["https:\/\/profaj.co\/miknatis\/tr\/urun\/kapali-yari-manyetik-tamburlu-separator\/"]}]},{"@type":"BreadcrumbList","@id":"https:\/\/profaj.co\/miknatis\/tr\/urun\/kapali-yari-manyetik-tamburlu-separator\/#breadcrumb","itemListElement":[{"@type":"ListItem","position":1,"name":"Anasayfa","item":"https:\/\/profaj.co\/miknatis\/tr\/anasayfa\/"},{"@type":"ListItem","position":2,"name":"\u00dcr\u00fcnler","item":"https:\/\/profaj.co\/miknatis\/tr\/urunler\/"},{"@type":"ListItem","position":3,"name":"Kapal\u0131 Yar\u0131 Manyetik Tamburlu Separat\u00f6r"}]},{"@type":"WebSite","@id":"https:\/\/profaj.co\/miknatis\/#website","url":"https:\/\/profaj.co\/miknatis\/","name":"M\u0131knat\u0131s Ar-Ge","description":"","publisher":{"@id":"https:\/\/profaj.co\/miknatis\/#organization"},"potentialAction":[{"@type":"SearchAction","target":{"@type":"EntryPoint","urlTemplate":"https:\/\/profaj.co\/miknatis\/?s={search_term_string}"},"query-input":"required name=search_term_string"}],"inLanguage":"tr"},{"@type":"Organization","@id":"https:\/\/profaj.co\/miknatis\/#organization","name":"M\u0131knat\u0131s Ar-Ge","url":"https:\/\/profaj.co\/miknatis\/","logo":{"@type":"ImageObject","inLanguage":"tr","@id":"https:\/\/profaj.co\/miknatis\/#\/schema\/logo\/image\/","url":"https:\/\/profaj.co\/miknatis\/wp-content\/uploads\/2023\/12\/logo-white.webp","contentUrl":"https:\/\/profaj.co\/miknatis\/wp-content\/uploads\/2023\/12\/logo-white.webp","width":300,"height":266,"caption":"M\u0131knat\u0131s Ar-Ge"},"image":{"@id":"https:\/\/profaj.co\/miknatis\/#\/schema\/logo\/image\/"}}]}},"lang":"tr","translations":{"tr":6990,"en":7286},"pll_sync_post":[],"_links":{"self":[{"href":"https:\/\/profaj.co\/miknatis\/wp-json\/wp\/v2\/product\/6990","targetHints":{"allow":["GET"]}}],"collection":[{"href":"https:\/\/profaj.co\/miknatis\/wp-json\/wp\/v2\/product"}],"about":[{"href":"https:\/\/profaj.co\/miknatis\/wp-json\/wp\/v2\/types\/product"}],"wp:featuredmedia":[{"embeddable":true,"href":"https:\/\/profaj.co\/miknatis\/wp-json\/wp\/v2\/media\/6995"}],"wp:attachment":[{"href":"https:\/\/profaj.co\/miknatis\/wp-json\/wp\/v2\/media?parent=6990"}],"wp:term":[{"taxonomy":"product_cat","embeddable":true,"href":"https:\/\/profaj.co\/miknatis\/wp-json\/wp\/v2\/product_cat?post=6990"},{"taxonomy":"product_tag","embeddable":true,"href":"https:\/\/profaj.co\/miknatis\/wp-json\/wp\/v2\/product_tag?post=6990"}],"curies":[{"name":"wp","href":"https:\/\/api.w.org\/{rel}","templated":true}]}}