{"id":7003,"date":"2024-05-17T12:34:04","date_gmt":"2024-05-17T09:34:04","guid":{"rendered":"https:\/\/profaj.co\/miknatis\/?post_type=product&#038;p=7003"},"modified":"2024-05-17T12:40:04","modified_gmt":"2024-05-17T09:40:04","slug":"yuksek-alan-siddetli-yari-manyetik-tamburlu-separator","status":"publish","type":"product","link":"https:\/\/profaj.co\/miknatis\/tr\/urun\/yuksek-alan-siddetli-yari-manyetik-tamburlu-separator\/","title":{"rendered":"Y\u00fcksek Alan \u015eiddetli Yar\u0131 Manyetik Tamburlu Separat\u00f6r"},"content":{"rendered":"<p><img fetchpriority=\"high\" decoding=\"async\" class=\"alignnone size-medium wp-image-7005\" src=\"https:\/\/profaj.co\/miknatis\/wp-content\/uploads\/2024\/05\/149533551.jpg\" alt=\"\" width=\"250\" height=\"250\" srcset=\"https:\/\/profaj.co\/miknatis\/wp-content\/uploads\/2024\/05\/149533551.jpg 250w, https:\/\/profaj.co\/miknatis\/wp-content\/uploads\/2024\/05\/149533551-150x150.jpg 150w, https:\/\/profaj.co\/miknatis\/wp-content\/uploads\/2024\/05\/149533551-100x100.jpg 100w\" sizes=\"(max-width: 250px) 100vw, 250px\" \/> <img decoding=\"async\" class=\"alignnone size-medium wp-image-7006\" src=\"https:\/\/profaj.co\/miknatis\/wp-content\/uploads\/2024\/05\/1106836554-300x225.jpg\" alt=\"\" width=\"300\" height=\"225\" srcset=\"https:\/\/profaj.co\/miknatis\/wp-content\/uploads\/2024\/05\/1106836554-300x225.jpg 300w, https:\/\/profaj.co\/miknatis\/wp-content\/uploads\/2024\/05\/1106836554.jpg 333w\" sizes=\"(max-width: 300px) 100vw, 300px\" \/> <img decoding=\"async\" class=\"alignnone size-medium wp-image-7007\" src=\"https:\/\/profaj.co\/miknatis\/wp-content\/uploads\/2024\/05\/1527083200.jpg\" alt=\"\" width=\"291\" height=\"250\" \/><br \/>\nYar\u0131 Manyetik Tamburlar malzeme i\u015fleme hatlar\u0131ndan istenmeyen demiri ve hatta zay\u0131f manyetik kirleticileri temizler.\u00a0G\u00fc\u00e7l\u00fc kal\u0131c\u0131 m\u0131knat\u0131slar, \u00e7ok verimli ay\u0131rma performans\u0131 sa\u011flar.\u00a0B\u00fcy\u00fck ve son derece a\u015f\u0131nd\u0131r\u0131c\u0131 malzemeler de dahil olmak \u00fczere a\u011f\u0131r d\u00f6kme malzemelerin a\u011f\u0131r ak\u0131\u015flar\u0131ndan istenmeyen demirin y\u0131llarca sorunsuz bir \u015fekilde otomatik ve s\u00fcrekli olarak ayr\u0131lmas\u0131n\u0131 sa\u011flarlar. \u00c7ok daha g\u00fc\u00e7l\u00fc yar\u0131 manyetik tambur \u00e7e\u015fitlerimiz, di\u011fer manyetik ay\u0131r\u0131c\u0131 t\u00fcrlerinden daha k\u00fc\u00e7\u00fck, zay\u0131f manyetik kirleticilerle daha y\u00fcksek bir ay\u0131rma verimlili\u011fine sahiptir.<\/p>\n<p><strong><em>Avantajlar\u0131:<\/em><\/strong><\/p>\n<ul>\n<li>Herhangi bir bak\u0131m gereksinimini azaltmak i\u00e7in a\u011f\u0131r hizmet tipi par\u00e7alar ve yap\u0131ya sahip,<\/li>\n<li>Sadece ihtiya\u00e7 duyulan yerde \u00fcr\u00fcne g\u00f6re manyetik kuvvet,<\/li>\n<li>Elektromanyetiklerin gerekli oldu\u011fu uygulamalarda yerini alan geni\u015f etkili manyetik alana sahip kal\u0131c\u0131 m\u0131knat\u0131slar\u00a0 (\u00d6nemli maliyet tasarrufu)<\/li>\n<li>Y\u00fcksek \u00e7al\u0131\u015fma aral\u0131\u011f\u0131na sahip \u00fcr\u00fcn i\u00e7indeki demir safl\u0131\u011f\u0131n\u0131 iyile\u015ftirir ve bak\u0131m\u0131 azalt\u0131r.\u00a0Y\u00fcksek kapasiteli ayr\u0131m,<\/li>\n<li>Bak\u0131m maliyeti d\u00fc\u015f\u00fck:\u00a0 Rulmanlar\u0131n bak\u0131m\u0131 ve de\u011fi\u015fimi, hareketli aksam\u0131n ya\u011flanmas\u0131,<\/li>\n<li>K\u00fc\u00e7\u00fck ferromanyetik \u00a0ve zay\u0131f manyetik al\u0131nganl\u0131\u011fa sahip par\u00e7ac\u0131klar\u0131 yakalayabilme,<\/li>\n<li>M\u0131knat\u0131slar\u0131m\u0131z y\u00fcksek verimlilik, dayan\u0131kl\u0131l\u0131k ve uzun \u00e7al\u0131\u015fma \u00f6mr\u00fcne sahiptir.<\/li>\n<li><strong>5 Y\u0131l Gauss \u00f6l\u00e7\u00fcm garantisi. 5 Y\u0131l boyunca Manyetik Ak\u0131 Yo\u011funlu\u011fundaki de\u011fi\u015fim max. -%10 \u00a0)<\/strong><\/li>\n<\/ul>\n<p>Sadece tambur olarak temin edilebilir veya iste\u011fe ba\u011fl\u0131 sistem yap\u0131labilir ( Sistem: Uygun y\u00fckseklikte ana g\u00f6vde ve ayaklar, \u015fasi, motor, red\u00fckt\u00f6r, vibro tava, besleme bunkeri, h\u0131z kontroll\u00fc pano vb.)\u00a0Talebe g\u00f6re tek, iki, \u00fc\u00e7 katl\u0131 her katta farkl\u0131 g\u00fc\u00e7te manyeti\u011fi olan tasar\u0131mlar yap\u0131maktad\u0131r.<\/p>\n<p>Yar\u0131 Manyetik Tamburun y\u00fczeyine beslenen manyetik olmayan malzemeden demirli metalleri s\u00fcrekli olarak ayr\u0131\u015ft\u0131rabilir. Ay\u0131rma gereksinimlerinize, besleme geni\u015fli\u011fine, \u00fcr\u00fcn boyutuna ve veriminize uygun bir tambur m\u0131knat\u0131s\u0131 belirleyebilir ve tasarlayabiliriz.<\/p>\n<p>Zay\u0131f manyetik par\u00e7a\u00e7\u0131klar\u0131 ayr\u0131\u015ft\u0131rmak i\u00e7in Neodimyum M\u0131knat\u0131slar kullan\u0131lmaktad\u0131r. Paslanmaz z\u0131rh y\u00fczeyinde \u00f6l\u00e7\u00fclen manyetik ak\u0131 yo\u011funlu\u011fu de\u011feri B:\u00a0\u00a02000-2500 Gauss \/ 3000-3500 Gauss \/ 4000-4500 Gauss \/ 6000-7000 Gauss \u00f6zelliklerde imal edilebilmektedir. Bu de\u011ferler beslenen \u00fcr\u00fcn\u00fcn partik\u00fcl boyutlar\u0131na, metalin manyetik al\u0131nganl\u0131\u011f\u0131na, vb. \u00f6zelliklere g\u00f6re se\u00e7ilmekte ve \u00f6nerilmektedir.<\/p>\n<p><img loading=\"lazy\" decoding=\"async\" class=\"size-medium wp-image-7009 alignnone\" src=\"https:\/\/profaj.co\/miknatis\/wp-content\/uploads\/2024\/05\/2045738996-300x135.jpg\" alt=\"\" width=\"300\" height=\"135\" srcset=\"https:\/\/profaj.co\/miknatis\/wp-content\/uploads\/2024\/05\/2045738996-300x135.jpg 300w, https:\/\/profaj.co\/miknatis\/wp-content\/uploads\/2024\/05\/2045738996.jpg 444w\" sizes=\"(max-width: 300px) 100vw, 300px\" \/><img loading=\"lazy\" decoding=\"async\" class=\"alignnone size-medium wp-image-7008\" src=\"https:\/\/profaj.co\/miknatis\/wp-content\/uploads\/2024\/05\/1534176975-300x135.jpg\" alt=\"\" width=\"300\" height=\"135\" srcset=\"https:\/\/profaj.co\/miknatis\/wp-content\/uploads\/2024\/05\/1534176975-300x135.jpg 300w, https:\/\/profaj.co\/miknatis\/wp-content\/uploads\/2024\/05\/1534176975.jpg 555w\" sizes=\"(max-width: 300px) 100vw, 300px\" \/><\/p>\n<p>B: 749 mT = 7490 Gauss\u00a0 \u00a0 \u00a0 \u00a0 \u00a0 \u00a0 \u00a0 \u00a0 \u00a0 \u00a0 \u00a0 \u00a0 \u00a0 \u00a0 \u00a0 \u00a0 \u00a0 \u00a0 \u00a0 \u00a0 \u00a0 \u00a0 \u00a0 \u00a0 \u00a0 \u00a0 \u00a0 \u00a0 \u00a0 \u00a0 \u00a0 \u00a0 \u00a0\u00a0\u00a0 B: 738\u00a0mT = 7380 Gauss<\/p>\n<p><strong>2 mm Paslanmaz z\u0131rh y\u00fczeyinde \u00f6l\u00e7\u00fclen Manyetik Ak\u0131 Yo\u011funlu\u011fu-\u00a0 B:<\/strong>\u00a0~ 7000\u00b1%5<strong>\u00a0Gauss Tahh\u00fctl\u00fc<\/strong><\/p>\n<p>1 T(Tesla) = 10 kGs (KiloGauss) = 104G(Gauss)=,\u00a0 1 kOe =103 Oe = 79.6 Ka\/m, 1 MGOe = 7.96 Kj\/m\u00b3<\/p>\n","protected":false},"excerpt":{"rendered":"<p>Yar\u0131 Manyetik Tamburlar malzeme i\u015fleme hatlar\u0131ndan istenmeyen demiri ve hatta zay\u0131f manyetik kirleticileri temizler. G\u00fc\u00e7l\u00fc kal\u0131c\u0131 m\u0131knat\u0131slar, \u00e7ok verimli ay\u0131rma performans\u0131 sa\u011flar.<\/p>\n","protected":false},"featured_media":7004,"template":"","meta":[],"product_cat":[68],"product_tag":[],"class_list":["post-7003","product","type-product","status-publish","has-post-thumbnail","hentry","product_cat-yari-manyetik-tamburlar-ve-sistemler"],"acf":[],"yoast_head":"<!-- This site is optimized with the Yoast SEO Premium plugin v22.1 (Yoast SEO v22.1) - https:\/\/yoast.com\/wordpress\/plugins\/seo\/ -->\n<title>Y\u00fcksek Alan \u015eiddetli Yar\u0131 Manyetik Tamburlu Separat\u00f6r - M\u0131knat\u0131s Ar-Ge<\/title>\n<meta name=\"robots\" content=\"index, follow, max-snippet:-1, max-image-preview:large, max-video-preview:-1\" \/>\n<link rel=\"canonical\" href=\"https:\/\/profaj.co\/miknatis\/tr\/urun\/yuksek-alan-siddetli-yari-manyetik-tamburlu-separator\/\" \/>\n<meta property=\"og:locale\" content=\"tr_TR\" \/>\n<meta property=\"og:type\" content=\"article\" \/>\n<meta property=\"og:title\" content=\"Y\u00fcksek Alan \u015eiddetli Yar\u0131 Manyetik Tamburlu Separat\u00f6r\" \/>\n<meta property=\"og:description\" content=\"Yar\u0131 Manyetik Tamburlar malzeme i\u015fleme hatlar\u0131ndan istenmeyen demiri ve hatta zay\u0131f manyetik kirleticileri temizler. G\u00fc\u00e7l\u00fc kal\u0131c\u0131 m\u0131knat\u0131slar, \u00e7ok verimli ay\u0131rma performans\u0131 sa\u011flar.\" \/>\n<meta property=\"og:url\" content=\"https:\/\/profaj.co\/miknatis\/tr\/urun\/yuksek-alan-siddetli-yari-manyetik-tamburlu-separator\/\" \/>\n<meta property=\"og:site_name\" content=\"M\u0131knat\u0131s Ar-Ge\" \/>\n<meta property=\"article:modified_time\" content=\"2024-05-17T09:40:04+00:00\" \/>\n<meta property=\"og:image\" content=\"https:\/\/profaj.co\/miknatis\/wp-content\/uploads\/2024\/05\/miknatis-arge_62619522aa883.jpg\" \/>\n\t<meta property=\"og:image:width\" content=\"1500\" \/>\n\t<meta property=\"og:image:height\" content=\"1500\" \/>\n\t<meta property=\"og:image:type\" content=\"image\/jpeg\" \/>\n<meta name=\"twitter:card\" content=\"summary_large_image\" \/>\n<meta name=\"twitter:label1\" content=\"Tahmini okuma s\u00fcresi\" \/>\n\t<meta name=\"twitter:data1\" content=\"2 dakika\" \/>\n<script type=\"application\/ld+json\" class=\"yoast-schema-graph\">{\"@context\":\"https:\/\/schema.org\",\"@graph\":[{\"@type\":\"WebPage\",\"@id\":\"https:\/\/profaj.co\/miknatis\/tr\/urun\/yuksek-alan-siddetli-yari-manyetik-tamburlu-separator\/\",\"url\":\"https:\/\/profaj.co\/miknatis\/tr\/urun\/yuksek-alan-siddetli-yari-manyetik-tamburlu-separator\/\",\"name\":\"Y\u00fcksek Alan \u015eiddetli Yar\u0131 Manyetik Tamburlu Separat\u00f6r - M\u0131knat\u0131s Ar-Ge\",\"isPartOf\":{\"@id\":\"https:\/\/profaj.co\/miknatis\/#website\"},\"datePublished\":\"2024-05-17T09:34:04+00:00\",\"dateModified\":\"2024-05-17T09:40:04+00:00\",\"breadcrumb\":{\"@id\":\"https:\/\/profaj.co\/miknatis\/tr\/urun\/yuksek-alan-siddetli-yari-manyetik-tamburlu-separator\/#breadcrumb\"},\"inLanguage\":\"tr\",\"potentialAction\":[{\"@type\":\"ReadAction\",\"target\":[\"https:\/\/profaj.co\/miknatis\/tr\/urun\/yuksek-alan-siddetli-yari-manyetik-tamburlu-separator\/\"]}]},{\"@type\":\"BreadcrumbList\",\"@id\":\"https:\/\/profaj.co\/miknatis\/tr\/urun\/yuksek-alan-siddetli-yari-manyetik-tamburlu-separator\/#breadcrumb\",\"itemListElement\":[{\"@type\":\"ListItem\",\"position\":1,\"name\":\"Anasayfa\",\"item\":\"https:\/\/profaj.co\/miknatis\/tr\/anasayfa\/\"},{\"@type\":\"ListItem\",\"position\":2,\"name\":\"\u00dcr\u00fcnler\",\"item\":\"https:\/\/profaj.co\/miknatis\/tr\/urunler\/\"},{\"@type\":\"ListItem\",\"position\":3,\"name\":\"Y\u00fcksek Alan \u015eiddetli Yar\u0131 Manyetik Tamburlu Separat\u00f6r\"}]},{\"@type\":\"WebSite\",\"@id\":\"https:\/\/profaj.co\/miknatis\/#website\",\"url\":\"https:\/\/profaj.co\/miknatis\/\",\"name\":\"M\u0131knat\u0131s Ar-Ge\",\"description\":\"\",\"publisher\":{\"@id\":\"https:\/\/profaj.co\/miknatis\/#organization\"},\"potentialAction\":[{\"@type\":\"SearchAction\",\"target\":{\"@type\":\"EntryPoint\",\"urlTemplate\":\"https:\/\/profaj.co\/miknatis\/?s={search_term_string}\"},\"query-input\":\"required name=search_term_string\"}],\"inLanguage\":\"tr\"},{\"@type\":\"Organization\",\"@id\":\"https:\/\/profaj.co\/miknatis\/#organization\",\"name\":\"M\u0131knat\u0131s Ar-Ge\",\"url\":\"https:\/\/profaj.co\/miknatis\/\",\"logo\":{\"@type\":\"ImageObject\",\"inLanguage\":\"tr\",\"@id\":\"https:\/\/profaj.co\/miknatis\/#\/schema\/logo\/image\/\",\"url\":\"https:\/\/profaj.co\/miknatis\/wp-content\/uploads\/2023\/12\/logo-white.webp\",\"contentUrl\":\"https:\/\/profaj.co\/miknatis\/wp-content\/uploads\/2023\/12\/logo-white.webp\",\"width\":300,\"height\":266,\"caption\":\"M\u0131knat\u0131s Ar-Ge\"},\"image\":{\"@id\":\"https:\/\/profaj.co\/miknatis\/#\/schema\/logo\/image\/\"}}]}<\/script>\n<!-- \/ Yoast SEO Premium plugin. -->","yoast_head_json":{"title":"Y\u00fcksek Alan \u015eiddetli Yar\u0131 Manyetik Tamburlu Separat\u00f6r - M\u0131knat\u0131s Ar-Ge","robots":{"index":"index","follow":"follow","max-snippet":"max-snippet:-1","max-image-preview":"max-image-preview:large","max-video-preview":"max-video-preview:-1"},"canonical":"https:\/\/profaj.co\/miknatis\/tr\/urun\/yuksek-alan-siddetli-yari-manyetik-tamburlu-separator\/","og_locale":"tr_TR","og_type":"article","og_title":"Y\u00fcksek Alan \u015eiddetli Yar\u0131 Manyetik Tamburlu Separat\u00f6r","og_description":"Yar\u0131 Manyetik Tamburlar malzeme i\u015fleme hatlar\u0131ndan istenmeyen demiri ve hatta zay\u0131f manyetik kirleticileri temizler. G\u00fc\u00e7l\u00fc kal\u0131c\u0131 m\u0131knat\u0131slar, \u00e7ok verimli ay\u0131rma performans\u0131 sa\u011flar.","og_url":"https:\/\/profaj.co\/miknatis\/tr\/urun\/yuksek-alan-siddetli-yari-manyetik-tamburlu-separator\/","og_site_name":"M\u0131knat\u0131s Ar-Ge","article_modified_time":"2024-05-17T09:40:04+00:00","og_image":[{"width":1500,"height":1500,"url":"https:\/\/profaj.co\/miknatis\/wp-content\/uploads\/2024\/05\/miknatis-arge_62619522aa883.jpg","type":"image\/jpeg"}],"twitter_card":"summary_large_image","twitter_misc":{"Tahmini okuma s\u00fcresi":"2 dakika"},"schema":{"@context":"https:\/\/schema.org","@graph":[{"@type":"WebPage","@id":"https:\/\/profaj.co\/miknatis\/tr\/urun\/yuksek-alan-siddetli-yari-manyetik-tamburlu-separator\/","url":"https:\/\/profaj.co\/miknatis\/tr\/urun\/yuksek-alan-siddetli-yari-manyetik-tamburlu-separator\/","name":"Y\u00fcksek Alan \u015eiddetli Yar\u0131 Manyetik Tamburlu Separat\u00f6r - M\u0131knat\u0131s Ar-Ge","isPartOf":{"@id":"https:\/\/profaj.co\/miknatis\/#website"},"datePublished":"2024-05-17T09:34:04+00:00","dateModified":"2024-05-17T09:40:04+00:00","breadcrumb":{"@id":"https:\/\/profaj.co\/miknatis\/tr\/urun\/yuksek-alan-siddetli-yari-manyetik-tamburlu-separator\/#breadcrumb"},"inLanguage":"tr","potentialAction":[{"@type":"ReadAction","target":["https:\/\/profaj.co\/miknatis\/tr\/urun\/yuksek-alan-siddetli-yari-manyetik-tamburlu-separator\/"]}]},{"@type":"BreadcrumbList","@id":"https:\/\/profaj.co\/miknatis\/tr\/urun\/yuksek-alan-siddetli-yari-manyetik-tamburlu-separator\/#breadcrumb","itemListElement":[{"@type":"ListItem","position":1,"name":"Anasayfa","item":"https:\/\/profaj.co\/miknatis\/tr\/anasayfa\/"},{"@type":"ListItem","position":2,"name":"\u00dcr\u00fcnler","item":"https:\/\/profaj.co\/miknatis\/tr\/urunler\/"},{"@type":"ListItem","position":3,"name":"Y\u00fcksek Alan \u015eiddetli Yar\u0131 Manyetik Tamburlu Separat\u00f6r"}]},{"@type":"WebSite","@id":"https:\/\/profaj.co\/miknatis\/#website","url":"https:\/\/profaj.co\/miknatis\/","name":"M\u0131knat\u0131s Ar-Ge","description":"","publisher":{"@id":"https:\/\/profaj.co\/miknatis\/#organization"},"potentialAction":[{"@type":"SearchAction","target":{"@type":"EntryPoint","urlTemplate":"https:\/\/profaj.co\/miknatis\/?s={search_term_string}"},"query-input":"required name=search_term_string"}],"inLanguage":"tr"},{"@type":"Organization","@id":"https:\/\/profaj.co\/miknatis\/#organization","name":"M\u0131knat\u0131s Ar-Ge","url":"https:\/\/profaj.co\/miknatis\/","logo":{"@type":"ImageObject","inLanguage":"tr","@id":"https:\/\/profaj.co\/miknatis\/#\/schema\/logo\/image\/","url":"https:\/\/profaj.co\/miknatis\/wp-content\/uploads\/2023\/12\/logo-white.webp","contentUrl":"https:\/\/profaj.co\/miknatis\/wp-content\/uploads\/2023\/12\/logo-white.webp","width":300,"height":266,"caption":"M\u0131knat\u0131s Ar-Ge"},"image":{"@id":"https:\/\/profaj.co\/miknatis\/#\/schema\/logo\/image\/"}}]}},"lang":"tr","translations":{"tr":7003,"en":7289},"pll_sync_post":[],"_links":{"self":[{"href":"https:\/\/profaj.co\/miknatis\/wp-json\/wp\/v2\/product\/7003","targetHints":{"allow":["GET"]}}],"collection":[{"href":"https:\/\/profaj.co\/miknatis\/wp-json\/wp\/v2\/product"}],"about":[{"href":"https:\/\/profaj.co\/miknatis\/wp-json\/wp\/v2\/types\/product"}],"wp:featuredmedia":[{"embeddable":true,"href":"https:\/\/profaj.co\/miknatis\/wp-json\/wp\/v2\/media\/7004"}],"wp:attachment":[{"href":"https:\/\/profaj.co\/miknatis\/wp-json\/wp\/v2\/media?parent=7003"}],"wp:term":[{"taxonomy":"product_cat","embeddable":true,"href":"https:\/\/profaj.co\/miknatis\/wp-json\/wp\/v2\/product_cat?post=7003"},{"taxonomy":"product_tag","embeddable":true,"href":"https:\/\/profaj.co\/miknatis\/wp-json\/wp\/v2\/product_tag?post=7003"}],"curies":[{"name":"wp","href":"https:\/\/api.w.org\/{rel}","templated":true}]}}