{"id":7019,"date":"2024-05-17T13:00:16","date_gmt":"2024-05-17T10:00:16","guid":{"rendered":"https:\/\/profaj.co\/miknatis\/?post_type=product&#038;p=7019"},"modified":"2024-07-04T15:26:56","modified_gmt":"2024-07-04T12:26:56","slug":"yas-manyetik-tamburlu-separatorler","status":"publish","type":"product","link":"https:\/\/profaj.co\/miknatis\/tr\/urun\/yas-manyetik-tamburlu-separatorler\/","title":{"rendered":"Ya\u015f Manyetik Tamburlu Separat\u00f6rler"},"content":{"rendered":"<p>Ya\u015f Manyetik Separat\u00f6rler, \u00f6zellikle madencilikte, cevher zenginle\u015ftirmede kullan\u0131lmaktad\u0131r. Mikron boyuttaki minerallerin manyetik salk\u0131mla\u015fmas\u0131ndan dolay\u0131 sulu sistemler tercih edilmektedir. Serbestle\u015fme boyutunun k\u00fc\u00e7\u00fck oldu\u011fu minerallerin zenginle\u015ftirilmesinde di\u011fer cevher haz\u0131rlama y\u00f6ntemleriyle \u00e7ok b\u00fcy\u00fck kay\u0131plar\u0131n olu\u015fmas\u0131 sorunu ya\u015f manyetik ay\u0131r\u0131c\u0131lar sayesinde a\u015f\u0131lm\u0131\u015ft\u0131r. A\u011f\u0131r Mayi Zenginle\u015ftirmenin yan\u0131 s\u0131ra, akan s\u0131r, emaye, ya\u011f vb. gibi s\u0131v\u0131lar\u0131n i\u00e7inden metal at\u0131klar\u0131n ayr\u0131\u015ft\u0131r\u0131lmas\u0131nda g\u00fcvenle kullan\u0131lmaktad\u0131r. Bu seperat\u00f6rler sayesinde \u00fcr\u00fcn\u00fcn geri kazan\u0131lmas\u0131 ve zenginle\u015ftirilmesi, makine ve filtrelerin \u00f6mr\u00fcn\u00fcn uzat\u0131lmas\u0131 sa\u011flanm\u0131\u015ft\u0131r.<\/p>\n<p><strong><em>A\u011eIR MAY\u0130 ZENG\u0130NLE\u015eT\u0130RME MANYET\u0130K SEPARAT\u00d6R\u00dc\u00a0 ( D\u00dc\u015e\u00dcK ALAN \u015e\u0130DDETL\u0130 YA\u015e MANYET\u0130K SEPARAT\u00d6R)<\/em><\/strong><\/p>\n<p>Sanayide ince manyetit minerallerinin veya ferro-silisyum gibi y\u00fcksek demirli halitalar\u0131n tozlar\u0131n\u0131n\u00a0 zenginle\u015ftirilmesinde kullan\u0131lan ya\u015f ay\u0131r\u0131c\u0131lar\u0131n \u00e7al\u0131\u015fma prensibi a\u015fa\u011f\u0131daki \u015femada verilmi\u015ftir. \u015elam atma yoluyla ortalama beslenen malzemenin belli oran\u0131nda de\u011ferli cevher kullan\u0131lamamaktad\u0131r. Ya\u015f manyetik ay\u0131r\u0131c\u0131lar sayesinde cevherlerin geri kazan\u0131lmas\u0131 sa\u011flanm\u0131\u015ft\u0131r. \u00d6rne\u011fin; k\u00f6m\u00fcr zenginle\u015ftirme tesislerinde manyetitin geri kazan\u0131lmas\u0131 gibi.<br \/>\n<img fetchpriority=\"high\" decoding=\"async\" class=\"size-medium wp-image-7020 alignnone\" src=\"https:\/\/profaj.co\/miknatis\/wp-content\/uploads\/2024\/05\/197822870-300x225.jpg\" alt=\"\" width=\"300\" height=\"225\" srcset=\"https:\/\/profaj.co\/miknatis\/wp-content\/uploads\/2024\/05\/197822870-300x225.jpg 300w, https:\/\/profaj.co\/miknatis\/wp-content\/uploads\/2024\/05\/197822870.jpg 500w\" sizes=\"(max-width: 300px) 100vw, 300px\" \/> <img decoding=\"async\" class=\"size-medium wp-image-7021 alignnone\" src=\"https:\/\/profaj.co\/miknatis\/wp-content\/uploads\/2024\/05\/1452264704-300x225.jpg\" alt=\"\" width=\"300\" height=\"225\" srcset=\"https:\/\/profaj.co\/miknatis\/wp-content\/uploads\/2024\/05\/1452264704-300x225.jpg 300w, https:\/\/profaj.co\/miknatis\/wp-content\/uploads\/2024\/05\/1452264704.jpg 333w\" sizes=\"(max-width: 300px) 100vw, 300px\" \/> <img decoding=\"async\" class=\"size-medium wp-image-7022 alignnone\" src=\"https:\/\/profaj.co\/miknatis\/wp-content\/uploads\/2024\/05\/1607471855-300x200.jpg\" alt=\"\" width=\"300\" height=\"200\" srcset=\"https:\/\/profaj.co\/miknatis\/wp-content\/uploads\/2024\/05\/1607471855-300x200.jpg 300w, https:\/\/profaj.co\/miknatis\/wp-content\/uploads\/2024\/05\/1607471855.jpg 400w\" sizes=\"(max-width: 300px) 100vw, 300px\" \/><\/p>\n<p><em><strong>Y\u00dcKSEK ALAN \u015e\u0130DDETL\u0130 SERAM\u0130K \u00c7AMURU TEM\u0130ZLEME SEPERAT\u00d6R\u00dc<\/strong><\/em><\/p>\n<p>Y\u00fcksek Alan \u015eiddetli (NdFeB -Neodimyum M\u0131knat\u0131slar) yar\u0131 manyetik tambur altyaps\u0131na sahip sistem seramik vb. \u00e7amurlar\u0131n i\u00e7indeki manyetik al\u0131nganl\u0131\u011f\u0131 d\u00fc\u015f\u00fck Ferromanyetik Fe &#8211; demir t\u00fcrevlerini temizlemede kullan\u0131lmaktad\u0131r.<br \/>\n<img loading=\"lazy\" decoding=\"async\" class=\"alignnone size-medium wp-image-7023\" src=\"https:\/\/profaj.co\/miknatis\/wp-content\/uploads\/2024\/05\/289253482-300x256.jpg\" alt=\"\" width=\"300\" height=\"256\" srcset=\"https:\/\/profaj.co\/miknatis\/wp-content\/uploads\/2024\/05\/289253482-300x256.jpg 300w, https:\/\/profaj.co\/miknatis\/wp-content\/uploads\/2024\/05\/289253482-1024x873.jpg 1024w, https:\/\/profaj.co\/miknatis\/wp-content\/uploads\/2024\/05\/289253482-768x655.jpg 768w, https:\/\/profaj.co\/miknatis\/wp-content\/uploads\/2024\/05\/289253482-1536x1309.jpg 1536w, https:\/\/profaj.co\/miknatis\/wp-content\/uploads\/2024\/05\/289253482-2048x1746.jpg 2048w, https:\/\/profaj.co\/miknatis\/wp-content\/uploads\/2024\/05\/289253482-600x511.jpg 600w\" sizes=\"(max-width: 300px) 100vw, 300px\" \/> <img loading=\"lazy\" decoding=\"async\" class=\"alignnone size-medium wp-image-7024\" src=\"https:\/\/profaj.co\/miknatis\/wp-content\/uploads\/2024\/05\/930132270-300x261.jpg\" alt=\"\" width=\"300\" height=\"261\" srcset=\"https:\/\/profaj.co\/miknatis\/wp-content\/uploads\/2024\/05\/930132270-300x261.jpg 300w, https:\/\/profaj.co\/miknatis\/wp-content\/uploads\/2024\/05\/930132270-1024x891.jpg 1024w, https:\/\/profaj.co\/miknatis\/wp-content\/uploads\/2024\/05\/930132270-768x668.jpg 768w, https:\/\/profaj.co\/miknatis\/wp-content\/uploads\/2024\/05\/930132270-1536x1337.jpg 1536w, https:\/\/profaj.co\/miknatis\/wp-content\/uploads\/2024\/05\/930132270-2048x1783.jpg 2048w, https:\/\/profaj.co\/miknatis\/wp-content\/uploads\/2024\/05\/930132270-600x522.jpg 600w\" sizes=\"(max-width: 300px) 100vw, 300px\" \/> <img loading=\"lazy\" decoding=\"async\" class=\"alignnone size-medium wp-image-7025\" src=\"https:\/\/profaj.co\/miknatis\/wp-content\/uploads\/2024\/05\/1981287885-300x208.jpg\" alt=\"\" width=\"300\" height=\"208\" srcset=\"https:\/\/profaj.co\/miknatis\/wp-content\/uploads\/2024\/05\/1981287885-300x208.jpg 300w, https:\/\/profaj.co\/miknatis\/wp-content\/uploads\/2024\/05\/1981287885-1024x711.jpg 1024w, https:\/\/profaj.co\/miknatis\/wp-content\/uploads\/2024\/05\/1981287885-768x534.jpg 768w, https:\/\/profaj.co\/miknatis\/wp-content\/uploads\/2024\/05\/1981287885-1536x1067.jpg 1536w, https:\/\/profaj.co\/miknatis\/wp-content\/uploads\/2024\/05\/1981287885-2048x1423.jpg 2048w, https:\/\/profaj.co\/miknatis\/wp-content\/uploads\/2024\/05\/1981287885-600x417.jpg 600w\" sizes=\"(max-width: 300px) 100vw, 300px\" \/><\/p>\n","protected":false},"excerpt":{"rendered":"<p>Ya\u015f Manyetik Separat\u00f6rler, \u00f6zellikle madencilikte, cevher zenginle\u015ftirmede kullan\u0131lmaktad\u0131r. Mikron boyuttaki minerallerin manyetik salk\u0131mla\u015fmas\u0131ndan dolay\u0131 sulu sistemler tercih edilmektedir.<\/p>\n","protected":false},"featured_media":7026,"template":"","meta":[],"product_cat":[58],"product_tag":[],"class_list":["post-7019","product","type-product","status-publish","has-post-thumbnail","hentry","product_cat-manyetik-separasyon"],"acf":[],"yoast_head":"<!-- This site is optimized with the Yoast SEO Premium plugin v22.1 (Yoast SEO v22.1) - https:\/\/yoast.com\/wordpress\/plugins\/seo\/ -->\n<title>Ya\u015f Manyetik Tamburlu Separat\u00f6rler - M\u0131knat\u0131s Ar-Ge<\/title>\n<meta name=\"robots\" content=\"index, follow, max-snippet:-1, max-image-preview:large, max-video-preview:-1\" \/>\n<link rel=\"canonical\" href=\"https:\/\/profaj.co\/miknatis\/tr\/urun\/yas-manyetik-tamburlu-separatorler\/\" \/>\n<meta property=\"og:locale\" content=\"tr_TR\" \/>\n<meta property=\"og:type\" content=\"article\" \/>\n<meta property=\"og:title\" content=\"Ya\u015f Manyetik Tamburlu Separat\u00f6rler\" \/>\n<meta property=\"og:description\" content=\"Ya\u015f Manyetik Separat\u00f6rler, \u00f6zellikle madencilikte, cevher zenginle\u015ftirmede kullan\u0131lmaktad\u0131r. Mikron boyuttaki minerallerin manyetik salk\u0131mla\u015fmas\u0131ndan dolay\u0131 sulu sistemler tercih edilmektedir.\" \/>\n<meta property=\"og:url\" content=\"https:\/\/profaj.co\/miknatis\/tr\/urun\/yas-manyetik-tamburlu-separatorler\/\" \/>\n<meta property=\"og:site_name\" content=\"M\u0131knat\u0131s Ar-Ge\" \/>\n<meta property=\"article:modified_time\" content=\"2024-07-04T12:26:56+00:00\" \/>\n<meta property=\"og:image\" content=\"https:\/\/profaj.co\/miknatis\/wp-content\/uploads\/2024\/05\/miknatis-arge_6239fa034b510.jpg\" \/>\n\t<meta property=\"og:image:width\" content=\"1500\" \/>\n\t<meta property=\"og:image:height\" content=\"1500\" \/>\n\t<meta property=\"og:image:type\" content=\"image\/jpeg\" \/>\n<meta name=\"twitter:card\" content=\"summary_large_image\" \/>\n<meta name=\"twitter:label1\" content=\"Tahmini okuma s\u00fcresi\" \/>\n\t<meta name=\"twitter:data1\" content=\"1 dakika\" \/>\n<script type=\"application\/ld+json\" class=\"yoast-schema-graph\">{\"@context\":\"https:\/\/schema.org\",\"@graph\":[{\"@type\":\"WebPage\",\"@id\":\"https:\/\/profaj.co\/miknatis\/tr\/urun\/yas-manyetik-tamburlu-separatorler\/\",\"url\":\"https:\/\/profaj.co\/miknatis\/tr\/urun\/yas-manyetik-tamburlu-separatorler\/\",\"name\":\"Ya\u015f Manyetik Tamburlu Separat\u00f6rler - M\u0131knat\u0131s Ar-Ge\",\"isPartOf\":{\"@id\":\"https:\/\/profaj.co\/miknatis\/#website\"},\"datePublished\":\"2024-05-17T10:00:16+00:00\",\"dateModified\":\"2024-07-04T12:26:56+00:00\",\"breadcrumb\":{\"@id\":\"https:\/\/profaj.co\/miknatis\/tr\/urun\/yas-manyetik-tamburlu-separatorler\/#breadcrumb\"},\"inLanguage\":\"tr\",\"potentialAction\":[{\"@type\":\"ReadAction\",\"target\":[\"https:\/\/profaj.co\/miknatis\/tr\/urun\/yas-manyetik-tamburlu-separatorler\/\"]}]},{\"@type\":\"BreadcrumbList\",\"@id\":\"https:\/\/profaj.co\/miknatis\/tr\/urun\/yas-manyetik-tamburlu-separatorler\/#breadcrumb\",\"itemListElement\":[{\"@type\":\"ListItem\",\"position\":1,\"name\":\"Anasayfa\",\"item\":\"https:\/\/profaj.co\/miknatis\/tr\/anasayfa\/\"},{\"@type\":\"ListItem\",\"position\":2,\"name\":\"\u00dcr\u00fcnler\",\"item\":\"https:\/\/profaj.co\/miknatis\/tr\/urunler\/\"},{\"@type\":\"ListItem\",\"position\":3,\"name\":\"Ya\u015f Manyetik Tamburlu Separat\u00f6rler\"}]},{\"@type\":\"WebSite\",\"@id\":\"https:\/\/profaj.co\/miknatis\/#website\",\"url\":\"https:\/\/profaj.co\/miknatis\/\",\"name\":\"M\u0131knat\u0131s Ar-Ge\",\"description\":\"\",\"publisher\":{\"@id\":\"https:\/\/profaj.co\/miknatis\/#organization\"},\"potentialAction\":[{\"@type\":\"SearchAction\",\"target\":{\"@type\":\"EntryPoint\",\"urlTemplate\":\"https:\/\/profaj.co\/miknatis\/?s={search_term_string}\"},\"query-input\":\"required name=search_term_string\"}],\"inLanguage\":\"tr\"},{\"@type\":\"Organization\",\"@id\":\"https:\/\/profaj.co\/miknatis\/#organization\",\"name\":\"M\u0131knat\u0131s Ar-Ge\",\"url\":\"https:\/\/profaj.co\/miknatis\/\",\"logo\":{\"@type\":\"ImageObject\",\"inLanguage\":\"tr\",\"@id\":\"https:\/\/profaj.co\/miknatis\/#\/schema\/logo\/image\/\",\"url\":\"https:\/\/profaj.co\/miknatis\/wp-content\/uploads\/2023\/12\/logo-white.webp\",\"contentUrl\":\"https:\/\/profaj.co\/miknatis\/wp-content\/uploads\/2023\/12\/logo-white.webp\",\"width\":300,\"height\":266,\"caption\":\"M\u0131knat\u0131s Ar-Ge\"},\"image\":{\"@id\":\"https:\/\/profaj.co\/miknatis\/#\/schema\/logo\/image\/\"}}]}<\/script>\n<!-- \/ Yoast SEO Premium plugin. -->","yoast_head_json":{"title":"Ya\u015f Manyetik Tamburlu Separat\u00f6rler - M\u0131knat\u0131s Ar-Ge","robots":{"index":"index","follow":"follow","max-snippet":"max-snippet:-1","max-image-preview":"max-image-preview:large","max-video-preview":"max-video-preview:-1"},"canonical":"https:\/\/profaj.co\/miknatis\/tr\/urun\/yas-manyetik-tamburlu-separatorler\/","og_locale":"tr_TR","og_type":"article","og_title":"Ya\u015f Manyetik Tamburlu Separat\u00f6rler","og_description":"Ya\u015f Manyetik Separat\u00f6rler, \u00f6zellikle madencilikte, cevher zenginle\u015ftirmede kullan\u0131lmaktad\u0131r. Mikron boyuttaki minerallerin manyetik salk\u0131mla\u015fmas\u0131ndan dolay\u0131 sulu sistemler tercih edilmektedir.","og_url":"https:\/\/profaj.co\/miknatis\/tr\/urun\/yas-manyetik-tamburlu-separatorler\/","og_site_name":"M\u0131knat\u0131s Ar-Ge","article_modified_time":"2024-07-04T12:26:56+00:00","og_image":[{"width":1500,"height":1500,"url":"https:\/\/profaj.co\/miknatis\/wp-content\/uploads\/2024\/05\/miknatis-arge_6239fa034b510.jpg","type":"image\/jpeg"}],"twitter_card":"summary_large_image","twitter_misc":{"Tahmini okuma s\u00fcresi":"1 dakika"},"schema":{"@context":"https:\/\/schema.org","@graph":[{"@type":"WebPage","@id":"https:\/\/profaj.co\/miknatis\/tr\/urun\/yas-manyetik-tamburlu-separatorler\/","url":"https:\/\/profaj.co\/miknatis\/tr\/urun\/yas-manyetik-tamburlu-separatorler\/","name":"Ya\u015f Manyetik Tamburlu Separat\u00f6rler - M\u0131knat\u0131s Ar-Ge","isPartOf":{"@id":"https:\/\/profaj.co\/miknatis\/#website"},"datePublished":"2024-05-17T10:00:16+00:00","dateModified":"2024-07-04T12:26:56+00:00","breadcrumb":{"@id":"https:\/\/profaj.co\/miknatis\/tr\/urun\/yas-manyetik-tamburlu-separatorler\/#breadcrumb"},"inLanguage":"tr","potentialAction":[{"@type":"ReadAction","target":["https:\/\/profaj.co\/miknatis\/tr\/urun\/yas-manyetik-tamburlu-separatorler\/"]}]},{"@type":"BreadcrumbList","@id":"https:\/\/profaj.co\/miknatis\/tr\/urun\/yas-manyetik-tamburlu-separatorler\/#breadcrumb","itemListElement":[{"@type":"ListItem","position":1,"name":"Anasayfa","item":"https:\/\/profaj.co\/miknatis\/tr\/anasayfa\/"},{"@type":"ListItem","position":2,"name":"\u00dcr\u00fcnler","item":"https:\/\/profaj.co\/miknatis\/tr\/urunler\/"},{"@type":"ListItem","position":3,"name":"Ya\u015f Manyetik Tamburlu Separat\u00f6rler"}]},{"@type":"WebSite","@id":"https:\/\/profaj.co\/miknatis\/#website","url":"https:\/\/profaj.co\/miknatis\/","name":"M\u0131knat\u0131s Ar-Ge","description":"","publisher":{"@id":"https:\/\/profaj.co\/miknatis\/#organization"},"potentialAction":[{"@type":"SearchAction","target":{"@type":"EntryPoint","urlTemplate":"https:\/\/profaj.co\/miknatis\/?s={search_term_string}"},"query-input":"required name=search_term_string"}],"inLanguage":"tr"},{"@type":"Organization","@id":"https:\/\/profaj.co\/miknatis\/#organization","name":"M\u0131knat\u0131s Ar-Ge","url":"https:\/\/profaj.co\/miknatis\/","logo":{"@type":"ImageObject","inLanguage":"tr","@id":"https:\/\/profaj.co\/miknatis\/#\/schema\/logo\/image\/","url":"https:\/\/profaj.co\/miknatis\/wp-content\/uploads\/2023\/12\/logo-white.webp","contentUrl":"https:\/\/profaj.co\/miknatis\/wp-content\/uploads\/2023\/12\/logo-white.webp","width":300,"height":266,"caption":"M\u0131knat\u0131s Ar-Ge"},"image":{"@id":"https:\/\/profaj.co\/miknatis\/#\/schema\/logo\/image\/"}}]}},"lang":"tr","translations":{"tr":7019,"en":8611},"pll_sync_post":[],"_links":{"self":[{"href":"https:\/\/profaj.co\/miknatis\/wp-json\/wp\/v2\/product\/7019","targetHints":{"allow":["GET"]}}],"collection":[{"href":"https:\/\/profaj.co\/miknatis\/wp-json\/wp\/v2\/product"}],"about":[{"href":"https:\/\/profaj.co\/miknatis\/wp-json\/wp\/v2\/types\/product"}],"wp:featuredmedia":[{"embeddable":true,"href":"https:\/\/profaj.co\/miknatis\/wp-json\/wp\/v2\/media\/7026"}],"wp:attachment":[{"href":"https:\/\/profaj.co\/miknatis\/wp-json\/wp\/v2\/media?parent=7019"}],"wp:term":[{"taxonomy":"product_cat","embeddable":true,"href":"https:\/\/profaj.co\/miknatis\/wp-json\/wp\/v2\/product_cat?post=7019"},{"taxonomy":"product_tag","embeddable":true,"href":"https:\/\/profaj.co\/miknatis\/wp-json\/wp\/v2\/product_tag?post=7019"}],"curies":[{"name":"wp","href":"https:\/\/api.w.org\/{rel}","templated":true}]}}