{"id":7031,"date":"2024-05-17T13:11:13","date_gmt":"2024-05-17T10:11:13","guid":{"rendered":"https:\/\/profaj.co\/miknatis\/?post_type=product&#038;p=7031"},"modified":"2024-07-04T15:27:13","modified_gmt":"2024-07-04T12:27:13","slug":"eddy-current-aluminyum-separatoru","status":"publish","type":"product","link":"https:\/\/profaj.co\/miknatis\/tr\/urun\/eddy-current-aluminyum-separatoru\/","title":{"rendered":"Eddy Current &#8211; Al\u00fcminyum Separat\u00f6r\u00fc"},"content":{"rendered":"<p>Eddy Ak\u0131m\u0131 ya da Girdap Ak\u0131m\u0131, ind\u00fcksiyon kanunu sebebiyle manyetik alan de\u011fi\u015fti\u011finde, iletkenlerin i\u00e7erisinde olu\u015fan \u00e7embersel elektrik ak\u0131m\u0131d\u0131r. Eddy ak\u0131m\u0131 kapal\u0131 bir d\u00f6ng\u00fcn\u00fcn i\u00e7erisinde, manyetik alana dik d\u00fczlemlerde akar.<\/p>\n<p><strong>Diyamanyetik<\/strong>\u00a0maddeler, herhangi bir m\u0131knat\u0131s taraf\u0131ndan, o m\u0131knat\u0131s\u0131n manyetik alan\u0131 i\u00e7erisindeyken manyetik alan \u00e7izgilerine z\u0131t y\u00f6nde m\u0131knat\u0131sla\u015ft\u0131r\u0131lmaya u\u011frayabilen Bak\u0131r, Al\u00fcminyum, Bizmut, Elmas, G\u00fcm\u00fc\u015f, Kur\u015fun, Silikon gibi maddelere denir.<\/p>\n<p>Eddy ak\u0131m\u0131 ay\u0131rma ise, demir d\u0131\u015f\u0131\u00a0<em><strong>diyamanyetik<\/strong><\/em>\u00a0metalleri metalik olmayan at\u0131klardan ay\u0131rmak i\u00e7in kullan\u0131lan etkili bir ayr\u0131\u015ft\u0131rma \u015feklidir. Y\u00fcksek g\u00fc\u00e7te kal\u0131c\u0131 m\u0131knat\u0131slardan olu\u015fan Manyetik Tambur y\u00fcksek devride d\u00f6nd\u00fcr\u00fcl\u00fcp\u00a0de\u011fi\u015fen manyetik alan olu\u015fturarak Eddy ak\u0131m\u0131 meydana gelmektedir. Bak\u0131r, al\u00fcminyum gibi metaller girdap ak\u0131m\u0131 i\u00e7erisindeyken itme kuvveti olu\u015ftur ve merkezka\u00e7 kuvveti etkisiyle metal olmayan malzeme serbest d\u00fc\u015ferken manyetik olmayan metali daha uzak bir mesafeye f\u0131rlatarak ayr\u0131\u015ft\u0131r\u0131lmas\u0131n\u0131 sa\u011flar. Bant h\u0131z\u0131, metalin boyutu, hacmi ve a\u011f\u0131rl\u0131\u011f\u0131, manyetik al\u0131nganl\u0131\u011f\u0131, b\u0131\u00e7ak ayar\u0131 ayr\u0131\u015ft\u0131rmada b\u00fcy\u00fck etken olu\u015fturmaktad\u0131r.<\/p>\n<p><img fetchpriority=\"high\" decoding=\"async\" class=\"alignnone size-medium wp-image-7032\" src=\"https:\/\/profaj.co\/miknatis\/wp-content\/uploads\/2024\/05\/951019003-300x198.jpg\" alt=\"\" width=\"300\" height=\"198\" srcset=\"https:\/\/profaj.co\/miknatis\/wp-content\/uploads\/2024\/05\/951019003-300x198.jpg 300w, https:\/\/profaj.co\/miknatis\/wp-content\/uploads\/2024\/05\/951019003.jpg 588w\" sizes=\"(max-width: 300px) 100vw, 300px\" \/><\/p>\n<p>Demir i\u00e7ermeyen d\u00f6nen bo\u015f bir harici tambur, bo\u015f tambur i\u00e7inde ba\u011f\u0131ms\u0131z y\u00fcksek devirde d\u00f6nen kal\u0131c\u0131 manyetik rotor, bir tahrik ve bantl\u0131 konvey\u00f6rden olu\u015fur. Metalik olmayan kompozit malzemeden olu\u015fan d\u0131\u015f tambur kabu\u011fu, geleneksel bantl\u0131 konvey\u00f6r h\u0131z\u0131nda d\u00f6ner. \u00a0Neodimyum M\u0131knat\u0131slardan \u00fcretilen alternatif kutuplu Manyetik rotor (Tambur), d\u0131\u015f kabuktan \u00e7ok daha y\u00fcksek RPM&#8217;de d\u00f6ner. Manyetik Tambur y\u00fczeyine tutunan demir i\u00e7erikli ferromanyetik malzemeler eddy ak\u0131m\u0131 nedeniyle \u0131s\u0131n\u0131rlar buda bant\u0131n veya m\u0131knat\u0131slar\u0131n zarar g\u00f6rmesine veya a\u015f\u0131nmas\u0131na neden olabilir. Bu nedenle Eddy Current Separat\u00f6re \u00fcr\u00fcn beslenmeden \u00f6nce\u00a0manyetik separat\u00f6rlerle\u00a0demir i\u00e7erikli metallerden ayr\u0131\u015ft\u0131r\u0131lmas\u0131 \u00f6nerilmektedir.<\/p>\n<p>Eddy Current Separat\u00f6rlerimiz; min. 30x30x0,5 mm ve \u00fczeri boyuttaki al\u00fcminyum par\u00e7alar\u0131;\u00a0 20x11x2 mm ve \u00fczeri bak\u0131r par\u00e7alar\u0131 ayr\u0131\u015ft\u0131rabilmektedir.<\/p>\n<p><img decoding=\"async\" class=\"alignnone size-medium wp-image-7033\" src=\"https:\/\/profaj.co\/miknatis\/wp-content\/uploads\/2024\/05\/498128141-300x182.jpg\" alt=\"\" width=\"300\" height=\"182\" srcset=\"https:\/\/profaj.co\/miknatis\/wp-content\/uploads\/2024\/05\/498128141-300x182.jpg 300w, https:\/\/profaj.co\/miknatis\/wp-content\/uploads\/2024\/05\/498128141-768x466.jpg 768w, https:\/\/profaj.co\/miknatis\/wp-content\/uploads\/2024\/05\/498128141-600x364.jpg 600w, https:\/\/profaj.co\/miknatis\/wp-content\/uploads\/2024\/05\/498128141.jpg 876w\" sizes=\"(max-width: 300px) 100vw, 300px\" \/> <img decoding=\"async\" class=\"alignnone size-medium wp-image-7034\" src=\"https:\/\/profaj.co\/miknatis\/wp-content\/uploads\/2024\/05\/886587271-300x168.jpg\" alt=\"\" width=\"300\" height=\"168\" srcset=\"https:\/\/profaj.co\/miknatis\/wp-content\/uploads\/2024\/05\/886587271-300x168.jpg 300w, https:\/\/profaj.co\/miknatis\/wp-content\/uploads\/2024\/05\/886587271-768x431.jpg 768w, https:\/\/profaj.co\/miknatis\/wp-content\/uploads\/2024\/05\/886587271-600x337.jpg 600w, https:\/\/profaj.co\/miknatis\/wp-content\/uploads\/2024\/05\/886587271.jpg 951w\" sizes=\"(max-width: 300px) 100vw, 300px\" \/> <img loading=\"lazy\" decoding=\"async\" class=\"alignnone size-medium wp-image-7035\" src=\"https:\/\/profaj.co\/miknatis\/wp-content\/uploads\/2024\/05\/937572626-300x173.jpg\" alt=\"\" width=\"300\" height=\"173\" srcset=\"https:\/\/profaj.co\/miknatis\/wp-content\/uploads\/2024\/05\/937572626-300x173.jpg 300w, https:\/\/profaj.co\/miknatis\/wp-content\/uploads\/2024\/05\/937572626-768x442.jpg 768w, https:\/\/profaj.co\/miknatis\/wp-content\/uploads\/2024\/05\/937572626-600x345.jpg 600w, https:\/\/profaj.co\/miknatis\/wp-content\/uploads\/2024\/05\/937572626.jpg 965w\" sizes=\"(max-width: 300px) 100vw, 300px\" \/><\/p>\n<p>Eddy Current Separat\u00f6r Manyetik Tamburlar\u0131, M\u0131knat\u0131s Ar-Ge \u0130zmir fabrikam\u0131zda yerli \u00fcretilmektedir.<\/p>\n<p>\u0130htiya\u00e7 ve talepleriniz i\u00e7in teknik ekibimizle ileti\u015fime ge\u00e7ebilirsiniz.<\/p>\n","protected":false},"excerpt":{"rendered":"<p>Eddy Ak\u0131m\u0131 ya da Girdap Ak\u0131m\u0131, ind\u00fcksiyon kanunu sebebiyle manyetik alan de\u011fi\u015fti\u011finde, iletkenlerin i\u00e7erisinde olu\u015fan \u00e7embersel elektrik ak\u0131m\u0131d\u0131r. Eddy ak\u0131m\u0131 kapal\u0131 bir d\u00f6ng\u00fcn\u00fcn i\u00e7erisinde, manyetik alana dik d\u00fczlemlerde akar.<\/p>\n","protected":false},"featured_media":7036,"template":"","meta":[],"product_cat":[58],"product_tag":[],"class_list":["post-7031","product","type-product","status-publish","has-post-thumbnail","hentry","product_cat-manyetik-separasyon"],"acf":[],"yoast_head":"<!-- This site is optimized with the Yoast SEO Premium plugin v22.1 (Yoast SEO v22.1) - https:\/\/yoast.com\/wordpress\/plugins\/seo\/ -->\n<title>Eddy Current - Al\u00fcminyum Separat\u00f6r\u00fc - M\u0131knat\u0131s Ar-Ge<\/title>\n<meta name=\"robots\" content=\"index, follow, max-snippet:-1, max-image-preview:large, max-video-preview:-1\" \/>\n<link rel=\"canonical\" href=\"https:\/\/profaj.co\/miknatis\/tr\/urun\/eddy-current-aluminyum-separatoru\/\" \/>\n<meta property=\"og:locale\" content=\"tr_TR\" \/>\n<meta property=\"og:type\" content=\"article\" \/>\n<meta property=\"og:title\" content=\"Eddy Current - Al\u00fcminyum Separat\u00f6r\u00fc\" \/>\n<meta property=\"og:description\" content=\"Eddy Ak\u0131m\u0131 ya da Girdap Ak\u0131m\u0131, ind\u00fcksiyon kanunu sebebiyle manyetik alan de\u011fi\u015fti\u011finde, iletkenlerin i\u00e7erisinde olu\u015fan \u00e7embersel elektrik ak\u0131m\u0131d\u0131r. Eddy ak\u0131m\u0131 kapal\u0131 bir d\u00f6ng\u00fcn\u00fcn i\u00e7erisinde, manyetik alana dik d\u00fczlemlerde akar.\" \/>\n<meta property=\"og:url\" content=\"https:\/\/profaj.co\/miknatis\/tr\/urun\/eddy-current-aluminyum-separatoru\/\" \/>\n<meta property=\"og:site_name\" content=\"M\u0131knat\u0131s Ar-Ge\" \/>\n<meta property=\"article:modified_time\" content=\"2024-07-04T12:27:13+00:00\" \/>\n<meta property=\"og:image\" content=\"https:\/\/profaj.co\/miknatis\/wp-content\/uploads\/2024\/05\/miknatis-arge_6262b360d036b.jpg\" \/>\n\t<meta property=\"og:image:width\" content=\"1500\" \/>\n\t<meta property=\"og:image:height\" content=\"1500\" \/>\n\t<meta property=\"og:image:type\" content=\"image\/jpeg\" \/>\n<meta name=\"twitter:card\" content=\"summary_large_image\" \/>\n<meta name=\"twitter:label1\" content=\"Tahmini okuma s\u00fcresi\" \/>\n\t<meta name=\"twitter:data1\" content=\"2 dakika\" \/>\n<script type=\"application\/ld+json\" class=\"yoast-schema-graph\">{\"@context\":\"https:\/\/schema.org\",\"@graph\":[{\"@type\":\"WebPage\",\"@id\":\"https:\/\/profaj.co\/miknatis\/tr\/urun\/eddy-current-aluminyum-separatoru\/\",\"url\":\"https:\/\/profaj.co\/miknatis\/tr\/urun\/eddy-current-aluminyum-separatoru\/\",\"name\":\"Eddy Current - Al\u00fcminyum Separat\u00f6r\u00fc - M\u0131knat\u0131s Ar-Ge\",\"isPartOf\":{\"@id\":\"https:\/\/profaj.co\/miknatis\/#website\"},\"datePublished\":\"2024-05-17T10:11:13+00:00\",\"dateModified\":\"2024-07-04T12:27:13+00:00\",\"breadcrumb\":{\"@id\":\"https:\/\/profaj.co\/miknatis\/tr\/urun\/eddy-current-aluminyum-separatoru\/#breadcrumb\"},\"inLanguage\":\"tr\",\"potentialAction\":[{\"@type\":\"ReadAction\",\"target\":[\"https:\/\/profaj.co\/miknatis\/tr\/urun\/eddy-current-aluminyum-separatoru\/\"]}]},{\"@type\":\"BreadcrumbList\",\"@id\":\"https:\/\/profaj.co\/miknatis\/tr\/urun\/eddy-current-aluminyum-separatoru\/#breadcrumb\",\"itemListElement\":[{\"@type\":\"ListItem\",\"position\":1,\"name\":\"Anasayfa\",\"item\":\"https:\/\/profaj.co\/miknatis\/tr\/anasayfa\/\"},{\"@type\":\"ListItem\",\"position\":2,\"name\":\"\u00dcr\u00fcnler\",\"item\":\"https:\/\/profaj.co\/miknatis\/tr\/urunler\/\"},{\"@type\":\"ListItem\",\"position\":3,\"name\":\"Eddy Current &#8211; Al\u00fcminyum Separat\u00f6r\u00fc\"}]},{\"@type\":\"WebSite\",\"@id\":\"https:\/\/profaj.co\/miknatis\/#website\",\"url\":\"https:\/\/profaj.co\/miknatis\/\",\"name\":\"M\u0131knat\u0131s Ar-Ge\",\"description\":\"\",\"publisher\":{\"@id\":\"https:\/\/profaj.co\/miknatis\/#organization\"},\"potentialAction\":[{\"@type\":\"SearchAction\",\"target\":{\"@type\":\"EntryPoint\",\"urlTemplate\":\"https:\/\/profaj.co\/miknatis\/?s={search_term_string}\"},\"query-input\":\"required name=search_term_string\"}],\"inLanguage\":\"tr\"},{\"@type\":\"Organization\",\"@id\":\"https:\/\/profaj.co\/miknatis\/#organization\",\"name\":\"M\u0131knat\u0131s Ar-Ge\",\"url\":\"https:\/\/profaj.co\/miknatis\/\",\"logo\":{\"@type\":\"ImageObject\",\"inLanguage\":\"tr\",\"@id\":\"https:\/\/profaj.co\/miknatis\/#\/schema\/logo\/image\/\",\"url\":\"https:\/\/profaj.co\/miknatis\/wp-content\/uploads\/2023\/12\/logo-white.webp\",\"contentUrl\":\"https:\/\/profaj.co\/miknatis\/wp-content\/uploads\/2023\/12\/logo-white.webp\",\"width\":300,\"height\":266,\"caption\":\"M\u0131knat\u0131s Ar-Ge\"},\"image\":{\"@id\":\"https:\/\/profaj.co\/miknatis\/#\/schema\/logo\/image\/\"}}]}<\/script>\n<!-- \/ Yoast SEO Premium plugin. -->","yoast_head_json":{"title":"Eddy Current - Al\u00fcminyum Separat\u00f6r\u00fc - M\u0131knat\u0131s Ar-Ge","robots":{"index":"index","follow":"follow","max-snippet":"max-snippet:-1","max-image-preview":"max-image-preview:large","max-video-preview":"max-video-preview:-1"},"canonical":"https:\/\/profaj.co\/miknatis\/tr\/urun\/eddy-current-aluminyum-separatoru\/","og_locale":"tr_TR","og_type":"article","og_title":"Eddy Current - Al\u00fcminyum Separat\u00f6r\u00fc","og_description":"Eddy Ak\u0131m\u0131 ya da Girdap Ak\u0131m\u0131, ind\u00fcksiyon kanunu sebebiyle manyetik alan de\u011fi\u015fti\u011finde, iletkenlerin i\u00e7erisinde olu\u015fan \u00e7embersel elektrik ak\u0131m\u0131d\u0131r. Eddy ak\u0131m\u0131 kapal\u0131 bir d\u00f6ng\u00fcn\u00fcn i\u00e7erisinde, manyetik alana dik d\u00fczlemlerde akar.","og_url":"https:\/\/profaj.co\/miknatis\/tr\/urun\/eddy-current-aluminyum-separatoru\/","og_site_name":"M\u0131knat\u0131s Ar-Ge","article_modified_time":"2024-07-04T12:27:13+00:00","og_image":[{"width":1500,"height":1500,"url":"https:\/\/profaj.co\/miknatis\/wp-content\/uploads\/2024\/05\/miknatis-arge_6262b360d036b.jpg","type":"image\/jpeg"}],"twitter_card":"summary_large_image","twitter_misc":{"Tahmini okuma s\u00fcresi":"2 dakika"},"schema":{"@context":"https:\/\/schema.org","@graph":[{"@type":"WebPage","@id":"https:\/\/profaj.co\/miknatis\/tr\/urun\/eddy-current-aluminyum-separatoru\/","url":"https:\/\/profaj.co\/miknatis\/tr\/urun\/eddy-current-aluminyum-separatoru\/","name":"Eddy Current - Al\u00fcminyum Separat\u00f6r\u00fc - M\u0131knat\u0131s Ar-Ge","isPartOf":{"@id":"https:\/\/profaj.co\/miknatis\/#website"},"datePublished":"2024-05-17T10:11:13+00:00","dateModified":"2024-07-04T12:27:13+00:00","breadcrumb":{"@id":"https:\/\/profaj.co\/miknatis\/tr\/urun\/eddy-current-aluminyum-separatoru\/#breadcrumb"},"inLanguage":"tr","potentialAction":[{"@type":"ReadAction","target":["https:\/\/profaj.co\/miknatis\/tr\/urun\/eddy-current-aluminyum-separatoru\/"]}]},{"@type":"BreadcrumbList","@id":"https:\/\/profaj.co\/miknatis\/tr\/urun\/eddy-current-aluminyum-separatoru\/#breadcrumb","itemListElement":[{"@type":"ListItem","position":1,"name":"Anasayfa","item":"https:\/\/profaj.co\/miknatis\/tr\/anasayfa\/"},{"@type":"ListItem","position":2,"name":"\u00dcr\u00fcnler","item":"https:\/\/profaj.co\/miknatis\/tr\/urunler\/"},{"@type":"ListItem","position":3,"name":"Eddy Current &#8211; Al\u00fcminyum Separat\u00f6r\u00fc"}]},{"@type":"WebSite","@id":"https:\/\/profaj.co\/miknatis\/#website","url":"https:\/\/profaj.co\/miknatis\/","name":"M\u0131knat\u0131s Ar-Ge","description":"","publisher":{"@id":"https:\/\/profaj.co\/miknatis\/#organization"},"potentialAction":[{"@type":"SearchAction","target":{"@type":"EntryPoint","urlTemplate":"https:\/\/profaj.co\/miknatis\/?s={search_term_string}"},"query-input":"required name=search_term_string"}],"inLanguage":"tr"},{"@type":"Organization","@id":"https:\/\/profaj.co\/miknatis\/#organization","name":"M\u0131knat\u0131s Ar-Ge","url":"https:\/\/profaj.co\/miknatis\/","logo":{"@type":"ImageObject","inLanguage":"tr","@id":"https:\/\/profaj.co\/miknatis\/#\/schema\/logo\/image\/","url":"https:\/\/profaj.co\/miknatis\/wp-content\/uploads\/2023\/12\/logo-white.webp","contentUrl":"https:\/\/profaj.co\/miknatis\/wp-content\/uploads\/2023\/12\/logo-white.webp","width":300,"height":266,"caption":"M\u0131knat\u0131s Ar-Ge"},"image":{"@id":"https:\/\/profaj.co\/miknatis\/#\/schema\/logo\/image\/"}}]}},"lang":"tr","translations":{"tr":7031,"en":8609},"pll_sync_post":[],"_links":{"self":[{"href":"https:\/\/profaj.co\/miknatis\/wp-json\/wp\/v2\/product\/7031","targetHints":{"allow":["GET"]}}],"collection":[{"href":"https:\/\/profaj.co\/miknatis\/wp-json\/wp\/v2\/product"}],"about":[{"href":"https:\/\/profaj.co\/miknatis\/wp-json\/wp\/v2\/types\/product"}],"wp:featuredmedia":[{"embeddable":true,"href":"https:\/\/profaj.co\/miknatis\/wp-json\/wp\/v2\/media\/7036"}],"wp:attachment":[{"href":"https:\/\/profaj.co\/miknatis\/wp-json\/wp\/v2\/media?parent=7031"}],"wp:term":[{"taxonomy":"product_cat","embeddable":true,"href":"https:\/\/profaj.co\/miknatis\/wp-json\/wp\/v2\/product_cat?post=7031"},{"taxonomy":"product_tag","embeddable":true,"href":"https:\/\/profaj.co\/miknatis\/wp-json\/wp\/v2\/product_tag?post=7031"}],"curies":[{"name":"wp","href":"https:\/\/api.w.org\/{rel}","templated":true}]}}