{"id":7039,"date":"2024-05-17T13:17:05","date_gmt":"2024-05-17T10:17:05","guid":{"rendered":"https:\/\/profaj.co\/miknatis\/?post_type=product&#038;p=7039"},"modified":"2024-05-20T10:44:25","modified_gmt":"2024-05-20T07:44:25","slug":"elektromiknatis","status":"publish","type":"product","link":"https:\/\/profaj.co\/miknatis\/tr\/urun\/elektromiknatis\/","title":{"rendered":"Elektrom\u0131knat\u0131s"},"content":{"rendered":"<p><img fetchpriority=\"high\" decoding=\"async\" class=\"alignnone wp-image-7041 size-medium\" src=\"https:\/\/profaj.co\/miknatis\/wp-content\/uploads\/2024\/05\/1784769991-225x300.jpg\" alt=\"\" width=\"225\" height=\"300\" srcset=\"https:\/\/profaj.co\/miknatis\/wp-content\/uploads\/2024\/05\/1784769991-225x300.jpg 225w, https:\/\/profaj.co\/miknatis\/wp-content\/uploads\/2024\/05\/1784769991.jpg 400w\" sizes=\"(max-width: 225px) 100vw, 225px\" \/> <img decoding=\"async\" class=\"alignnone size-medium wp-image-7042\" src=\"https:\/\/profaj.co\/miknatis\/wp-content\/uploads\/2024\/05\/1909494162-252x300.jpg\" alt=\"\" width=\"252\" height=\"300\" srcset=\"https:\/\/profaj.co\/miknatis\/wp-content\/uploads\/2024\/05\/1909494162-252x300.jpg 252w, https:\/\/profaj.co\/miknatis\/wp-content\/uploads\/2024\/05\/1909494162-600x714.jpg 600w, https:\/\/profaj.co\/miknatis\/wp-content\/uploads\/2024\/05\/1909494162.jpg 633w\" sizes=\"(max-width: 252px) 100vw, 252px\" \/> <img decoding=\"async\" class=\"alignnone size-medium wp-image-7043\" src=\"https:\/\/profaj.co\/miknatis\/wp-content\/uploads\/2024\/05\/1834643655-300x278.jpg\" alt=\"\" width=\"300\" height=\"278\" srcset=\"https:\/\/profaj.co\/miknatis\/wp-content\/uploads\/2024\/05\/1834643655-300x278.jpg 300w, https:\/\/profaj.co\/miknatis\/wp-content\/uploads\/2024\/05\/1834643655.jpg 500w\" sizes=\"(max-width: 300px) 100vw, 300px\" \/><br \/>\nElektrom\u0131knat\u0131s, \u00e7ekirdek- n\u00fcveye sar\u0131l\u0131 bobin tel i\u00e7inden do\u011frusal elektrik ak\u0131m\u0131 ge\u00e7irilmesiyle manyetik alan olu\u015fturan cihazd\u0131r. Manyetik ak\u0131n\u0131n kontrol edilebilir olmas\u0131 gerekli yerlerde elektrom\u0131knat\u0131slar tercih edilmektedir. Elektrom\u0131knat\u0131slar\u0131n, elektrik ak\u0131m\u0131 ile kutup y\u00f6n\u00fc de\u011fi\u015ftirilebilir, a\u00e7\u0131l\u0131p kapat\u0131labilir. Kontrol \u00fcniteleri ile manyetik kuvveti ve \u00e7al\u0131\u015fma s\u00fcresi ayarlanabilir.<\/p>\n<p><strong><em>Kullan\u0131m Alanlar\u0131:\u00a0<\/em><\/strong><\/p>\n<ul>\n<li>S\u0131n\u0131rl\u0131 a\u011f\u0131rl\u0131ktaki \u00e7elik (Ferromanyetik-Fe i\u00e7erikli) nesnelerin otomatik olarak al\u0131nmas\u0131, yerle\u015ftirilmesi, tutulmas\u0131 veya konumland\u0131r\u0131lmas\u0131nda,<\/li>\n<li>Proses otomasyonu i\u00e7in sac i\u015flemede, otomatik \u00fcretim hatlar\u0131nda ve al ve yerle\u015ftir robotlar\u0131 i\u00e7in.<\/li>\n<li>Manyetik Tutucu se\u00e7ilirken delikli sac levhalarda manyeti\u011fin \u00e7ap\u0131n\u0131n delik \u00e7ap\u0131ndan b\u00fcy\u00fck olmas\u0131na dikkat edilmelidir.<\/li>\n<li>Kap\u0131larda, : (Kap\u0131lar\u0131n otomatik olarak a\u00e7mak ve kapamak veya g\u00fcvenli kilitleme i\u00e7in kullan\u0131l\u0131r)<\/li>\n<\/ul>\n<p>\u22644 mm \u0130nce ve birbirine yap\u0131\u015fm\u0131\u015f ya\u011fl\u0131 levhalar i\u00e7in Elektrom\u0131knat\u0131s ayn\u0131 anda birden fazla sac levhay\u0131 alabilir. Bunun i\u00e7in\u00a0<strong><em>\u201cSac Ay\u0131r\u0131c\u0131 Manyetik Plakalar\u201d<\/em><\/strong>\u00a0\u00f6nerilmektedir. Yuvarlak, k\u00fc\u00e7\u00fck elektrom\u0131knat\u0131slarda bu ihtimal daha d\u00fc\u015f\u00fckt\u00fcr.<\/p>\n<p><strong><em>\u00d6zellikler ve Avantajlar\u0131:<\/em><\/strong><\/p>\n<ul>\n<li>Demir esasl\u0131 sac ve metal par\u00e7alar\u0131 tutma, alma, ta\u015f\u0131ma ve sabitleme i\u00e7in \u00fcretilmi\u015ftir.<\/li>\n<li>Elektrik voltaj\u0131 ile a\u00e7\u0131l\u0131r kapan\u0131r. Elektrik a\u00e7\u0131ld\u0131\u011f\u0131nda \u00e7elik nesneyi \u00e7eker, bobin kapat\u0131ld\u0131\u011f\u0131nda serbest b\u0131rak\u0131r.<\/li>\n<li>Maksimum kayma kuvveti tutmak kuvvetinin yakla\u015f\u0131k 1\/4&#8217;\u00fc kadard\u0131r.<\/li>\n<li>Alt k\u0131s\u0131mda bulunan arkadaki vida di\u015fi ile ta\u015f\u0131ma sistemine veya \u015faseye sabitlenebilir. Montaj\u0131 kolayd\u0131r.<\/li>\n<li>\u00c7al\u0131\u015fma gerilimleri talebe g\u00f6re;12-24-60-110-220 Volt DC\u2019dir. (G\u00fc\u00e7 kayna\u011f\u0131 ile g\u00fc\u00e7 ayar kademeli tasarlanabilir)<\/li>\n<li>Yerli \u00fcretimdir. ( Yuvarlaklarda min. \u00d820&#215;20\u00a0mm \u00a0karede 40&#215;40 mm \u00fcretilmektedir.)<\/li>\n<\/ul>\n<p>Farkl\u0131 \u00f6l\u00e7\u00fc ve talepleriniz i\u00e7in teknik ekibimizle ileti\u015fime ge\u00e7ebilirsiniz.<\/p>\n<p><strong><em>Dezavantajlar\u0131 :<\/em><\/strong><\/p>\n<ul>\n<li>Elektrik kesintilerinden etkilenirler. \u015eebeke kaynakl\u0131 (elektrik vb.) t\u00fcm ar\u0131zalar (elektrik kesilmesi, voltaj dalgalanmas\u0131 v.b.), durumlarda i\u015f g\u00fcvenli\u011fi\u00a0 a\u00e7\u0131s\u0131ndan \u00f6nlem al\u0131nmal\u0131d\u0131r.<\/li>\n<li>Elektrik gerilimi kullan\u0131ld\u0131\u011f\u0131 i\u00e7in sulu vb ortamlarda ve ezilmi\u015f kablolu \u015fekilde \u00e7al\u0131\u015ft\u0131rmak risk i\u00e7erebilir.<\/li>\n<li>Yanl\u0131\u015f gerilim ve voltaj verilmesi, y\u0131pranm\u0131\u015f kablo ile \u00e7al\u0131\u015ft\u0131rmak hem elektrom\u0131knat\u0131s hem de g\u00fcvenlik a\u00e7\u0131s\u0131ndan risk olu\u015fturur.<\/li>\n<li>Y\u00fcksek ortam s\u0131cakl\u0131klar\u0131 i\u00e7in \u00e7al\u0131\u015fmaya uygun de\u011fildir. Standart max. \u00c7al\u0131\u015fma s\u0131cakl\u0131\u011f\u0131: \u226490 \u00baC<\/li>\n<\/ul>\n<p><strong><em>Daimi-Kal\u0131c\u0131 M\u0131knat\u0131sl\u0131 Elektrom\u0131knat\u0131slar:<\/em><\/strong><\/p>\n<p>Elektro-kal\u0131c\u0131 m\u0131knat\u0131s tipi, kal\u0131c\u0131 m\u0131knat\u0131s kuvvetine sahiptir. Bobin kapat\u0131ld\u0131\u011f\u0131nda, m\u0131knat\u0131s i\u015f par\u00e7as\u0131n\u0131 \u00e7eker. Bobini a\u00e7mak, kal\u0131c\u0131 manyetik kuvveti n\u00f6tralize eder ve m\u0131knat\u0131s art\u0131k \u00e7al\u0131\u015fmaz, i\u015f par\u00e7as\u0131n\u0131 serbest b\u0131rak\u0131r. Bu tarz elektrom\u0131knat\u0131slar min. \u00e7ap 50 mm &#8211; max.300 mm boyutunda imalat\u0131 yap\u0131labilmektedir.<\/p>\n<p>Daimi M\u0131knat\u0131sl\u0131 Elektrom\u0131knat\u0131slar, i\u015f par\u00e7as\u0131n\u0131 elektriksiz durumda g\u00fcvenilir bir \u015fekilde tutman\u0131z gerekti\u011finde ideal bir \u00e7\u00f6z\u00fcmd\u00fcr.<\/p>\n<p>\u0130\u00e7inde daimi m\u0131knat\u0131s kullan\u0131ld\u0131\u011f\u0131 i\u00e7in uzun s\u00fcre elektrom\u0131knat\u0131s\u0131n elektrikte kalmas\u0131 durumunda \u0131s\u0131nan bobin m\u0131knat\u0131s\u0131n g\u00fcc\u00fcn\u00fcn zay\u0131flamas\u0131na veya kaybetmesine neden olacakt\u0131r. M\u0131knat\u0131s\u0131n b\u0131rakt\u0131rma i\u00e7in sadece k\u0131sa s\u00fcreli enerji verilmeli enerjide tutulmamal\u0131d\u0131r (1sn. gibi)<\/p>\n","protected":false},"excerpt":{"rendered":"<p>Elektrom\u0131knat\u0131s, \u00e7ekirdek- n\u00fcveye sar\u0131l\u0131 bobin tel i\u00e7inden do\u011frusal elektrik ak\u0131m\u0131 ge\u00e7irilmesiyle manyetik alan olu\u015fturan cihazd\u0131r.<\/p>\n","protected":false},"featured_media":7040,"template":"","meta":[],"product_cat":[72,119],"product_tag":[],"class_list":["post-7039","product","type-product","status-publish","has-post-thumbnail","hentry","product_cat-elektromanyetik-tasiyici-ve-tutucular","product_cat-manyetik-tasiyici-ve-tutucular"],"acf":[],"yoast_head":"<!-- This site is optimized with the Yoast SEO Premium plugin v22.1 (Yoast SEO v22.1) - https:\/\/yoast.com\/wordpress\/plugins\/seo\/ -->\n<title>Elektrom\u0131knat\u0131s - M\u0131knat\u0131s Ar-Ge<\/title>\n<meta name=\"robots\" content=\"index, follow, max-snippet:-1, max-image-preview:large, max-video-preview:-1\" \/>\n<link rel=\"canonical\" href=\"https:\/\/profaj.co\/miknatis\/tr\/urun\/elektromiknatis\/\" \/>\n<meta property=\"og:locale\" content=\"tr_TR\" \/>\n<meta property=\"og:type\" content=\"article\" \/>\n<meta property=\"og:title\" content=\"Elektrom\u0131knat\u0131s\" \/>\n<meta property=\"og:description\" content=\"Elektrom\u0131knat\u0131s, \u00e7ekirdek- n\u00fcveye sar\u0131l\u0131 bobin tel i\u00e7inden do\u011frusal elektrik ak\u0131m\u0131 ge\u00e7irilmesiyle manyetik alan olu\u015fturan cihazd\u0131r.\" \/>\n<meta property=\"og:url\" content=\"https:\/\/profaj.co\/miknatis\/tr\/urun\/elektromiknatis\/\" \/>\n<meta property=\"og:site_name\" content=\"M\u0131knat\u0131s Ar-Ge\" \/>\n<meta property=\"article:modified_time\" content=\"2024-05-20T07:44:25+00:00\" \/>\n<meta property=\"og:image\" content=\"https:\/\/profaj.co\/miknatis\/wp-content\/uploads\/2024\/05\/miknatis-arge_624fee683a141.jpg\" \/>\n\t<meta property=\"og:image:width\" content=\"1500\" \/>\n\t<meta property=\"og:image:height\" content=\"1500\" \/>\n\t<meta property=\"og:image:type\" content=\"image\/jpeg\" \/>\n<meta name=\"twitter:card\" content=\"summary_large_image\" \/>\n<meta name=\"twitter:label1\" content=\"Tahmini okuma s\u00fcresi\" \/>\n\t<meta name=\"twitter:data1\" content=\"3 dakika\" \/>\n<script type=\"application\/ld+json\" class=\"yoast-schema-graph\">{\"@context\":\"https:\/\/schema.org\",\"@graph\":[{\"@type\":\"WebPage\",\"@id\":\"https:\/\/profaj.co\/miknatis\/tr\/urun\/elektromiknatis\/\",\"url\":\"https:\/\/profaj.co\/miknatis\/tr\/urun\/elektromiknatis\/\",\"name\":\"Elektrom\u0131knat\u0131s - M\u0131knat\u0131s Ar-Ge\",\"isPartOf\":{\"@id\":\"https:\/\/profaj.co\/miknatis\/#website\"},\"datePublished\":\"2024-05-17T10:17:05+00:00\",\"dateModified\":\"2024-05-20T07:44:25+00:00\",\"breadcrumb\":{\"@id\":\"https:\/\/profaj.co\/miknatis\/tr\/urun\/elektromiknatis\/#breadcrumb\"},\"inLanguage\":\"tr\",\"potentialAction\":[{\"@type\":\"ReadAction\",\"target\":[\"https:\/\/profaj.co\/miknatis\/tr\/urun\/elektromiknatis\/\"]}]},{\"@type\":\"BreadcrumbList\",\"@id\":\"https:\/\/profaj.co\/miknatis\/tr\/urun\/elektromiknatis\/#breadcrumb\",\"itemListElement\":[{\"@type\":\"ListItem\",\"position\":1,\"name\":\"Anasayfa\",\"item\":\"https:\/\/profaj.co\/miknatis\/tr\/anasayfa\/\"},{\"@type\":\"ListItem\",\"position\":2,\"name\":\"\u00dcr\u00fcnler\",\"item\":\"https:\/\/profaj.co\/miknatis\/tr\/urunler\/\"},{\"@type\":\"ListItem\",\"position\":3,\"name\":\"Elektrom\u0131knat\u0131s\"}]},{\"@type\":\"WebSite\",\"@id\":\"https:\/\/profaj.co\/miknatis\/#website\",\"url\":\"https:\/\/profaj.co\/miknatis\/\",\"name\":\"M\u0131knat\u0131s Ar-Ge\",\"description\":\"\",\"publisher\":{\"@id\":\"https:\/\/profaj.co\/miknatis\/#organization\"},\"potentialAction\":[{\"@type\":\"SearchAction\",\"target\":{\"@type\":\"EntryPoint\",\"urlTemplate\":\"https:\/\/profaj.co\/miknatis\/?s={search_term_string}\"},\"query-input\":\"required name=search_term_string\"}],\"inLanguage\":\"tr\"},{\"@type\":\"Organization\",\"@id\":\"https:\/\/profaj.co\/miknatis\/#organization\",\"name\":\"M\u0131knat\u0131s Ar-Ge\",\"url\":\"https:\/\/profaj.co\/miknatis\/\",\"logo\":{\"@type\":\"ImageObject\",\"inLanguage\":\"tr\",\"@id\":\"https:\/\/profaj.co\/miknatis\/#\/schema\/logo\/image\/\",\"url\":\"https:\/\/profaj.co\/miknatis\/wp-content\/uploads\/2023\/12\/logo-white.webp\",\"contentUrl\":\"https:\/\/profaj.co\/miknatis\/wp-content\/uploads\/2023\/12\/logo-white.webp\",\"width\":300,\"height\":266,\"caption\":\"M\u0131knat\u0131s Ar-Ge\"},\"image\":{\"@id\":\"https:\/\/profaj.co\/miknatis\/#\/schema\/logo\/image\/\"}}]}<\/script>\n<!-- \/ Yoast SEO Premium plugin. -->","yoast_head_json":{"title":"Elektrom\u0131knat\u0131s - M\u0131knat\u0131s Ar-Ge","robots":{"index":"index","follow":"follow","max-snippet":"max-snippet:-1","max-image-preview":"max-image-preview:large","max-video-preview":"max-video-preview:-1"},"canonical":"https:\/\/profaj.co\/miknatis\/tr\/urun\/elektromiknatis\/","og_locale":"tr_TR","og_type":"article","og_title":"Elektrom\u0131knat\u0131s","og_description":"Elektrom\u0131knat\u0131s, \u00e7ekirdek- n\u00fcveye sar\u0131l\u0131 bobin tel i\u00e7inden do\u011frusal elektrik ak\u0131m\u0131 ge\u00e7irilmesiyle manyetik alan olu\u015fturan cihazd\u0131r.","og_url":"https:\/\/profaj.co\/miknatis\/tr\/urun\/elektromiknatis\/","og_site_name":"M\u0131knat\u0131s Ar-Ge","article_modified_time":"2024-05-20T07:44:25+00:00","og_image":[{"width":1500,"height":1500,"url":"https:\/\/profaj.co\/miknatis\/wp-content\/uploads\/2024\/05\/miknatis-arge_624fee683a141.jpg","type":"image\/jpeg"}],"twitter_card":"summary_large_image","twitter_misc":{"Tahmini okuma s\u00fcresi":"3 dakika"},"schema":{"@context":"https:\/\/schema.org","@graph":[{"@type":"WebPage","@id":"https:\/\/profaj.co\/miknatis\/tr\/urun\/elektromiknatis\/","url":"https:\/\/profaj.co\/miknatis\/tr\/urun\/elektromiknatis\/","name":"Elektrom\u0131knat\u0131s - M\u0131knat\u0131s Ar-Ge","isPartOf":{"@id":"https:\/\/profaj.co\/miknatis\/#website"},"datePublished":"2024-05-17T10:17:05+00:00","dateModified":"2024-05-20T07:44:25+00:00","breadcrumb":{"@id":"https:\/\/profaj.co\/miknatis\/tr\/urun\/elektromiknatis\/#breadcrumb"},"inLanguage":"tr","potentialAction":[{"@type":"ReadAction","target":["https:\/\/profaj.co\/miknatis\/tr\/urun\/elektromiknatis\/"]}]},{"@type":"BreadcrumbList","@id":"https:\/\/profaj.co\/miknatis\/tr\/urun\/elektromiknatis\/#breadcrumb","itemListElement":[{"@type":"ListItem","position":1,"name":"Anasayfa","item":"https:\/\/profaj.co\/miknatis\/tr\/anasayfa\/"},{"@type":"ListItem","position":2,"name":"\u00dcr\u00fcnler","item":"https:\/\/profaj.co\/miknatis\/tr\/urunler\/"},{"@type":"ListItem","position":3,"name":"Elektrom\u0131knat\u0131s"}]},{"@type":"WebSite","@id":"https:\/\/profaj.co\/miknatis\/#website","url":"https:\/\/profaj.co\/miknatis\/","name":"M\u0131knat\u0131s Ar-Ge","description":"","publisher":{"@id":"https:\/\/profaj.co\/miknatis\/#organization"},"potentialAction":[{"@type":"SearchAction","target":{"@type":"EntryPoint","urlTemplate":"https:\/\/profaj.co\/miknatis\/?s={search_term_string}"},"query-input":"required name=search_term_string"}],"inLanguage":"tr"},{"@type":"Organization","@id":"https:\/\/profaj.co\/miknatis\/#organization","name":"M\u0131knat\u0131s Ar-Ge","url":"https:\/\/profaj.co\/miknatis\/","logo":{"@type":"ImageObject","inLanguage":"tr","@id":"https:\/\/profaj.co\/miknatis\/#\/schema\/logo\/image\/","url":"https:\/\/profaj.co\/miknatis\/wp-content\/uploads\/2023\/12\/logo-white.webp","contentUrl":"https:\/\/profaj.co\/miknatis\/wp-content\/uploads\/2023\/12\/logo-white.webp","width":300,"height":266,"caption":"M\u0131knat\u0131s Ar-Ge"},"image":{"@id":"https:\/\/profaj.co\/miknatis\/#\/schema\/logo\/image\/"}}]}},"lang":"tr","translations":{"tr":7039,"en":8615},"pll_sync_post":[],"_links":{"self":[{"href":"https:\/\/profaj.co\/miknatis\/wp-json\/wp\/v2\/product\/7039","targetHints":{"allow":["GET"]}}],"collection":[{"href":"https:\/\/profaj.co\/miknatis\/wp-json\/wp\/v2\/product"}],"about":[{"href":"https:\/\/profaj.co\/miknatis\/wp-json\/wp\/v2\/types\/product"}],"wp:featuredmedia":[{"embeddable":true,"href":"https:\/\/profaj.co\/miknatis\/wp-json\/wp\/v2\/media\/7040"}],"wp:attachment":[{"href":"https:\/\/profaj.co\/miknatis\/wp-json\/wp\/v2\/media?parent=7039"}],"wp:term":[{"taxonomy":"product_cat","embeddable":true,"href":"https:\/\/profaj.co\/miknatis\/wp-json\/wp\/v2\/product_cat?post=7039"},{"taxonomy":"product_tag","embeddable":true,"href":"https:\/\/profaj.co\/miknatis\/wp-json\/wp\/v2\/product_tag?post=7039"}],"curies":[{"name":"wp","href":"https:\/\/api.w.org\/{rel}","templated":true}]}}