{"id":7049,"date":"2024-05-17T13:21:05","date_gmt":"2024-05-17T10:21:05","guid":{"rendered":"https:\/\/profaj.co\/miknatis\/?post_type=product&#038;p=7049"},"modified":"2024-05-20T10:48:18","modified_gmt":"2024-05-20T07:48:18","slug":"elektromanyetik-tasiyicilar-kopya","status":"publish","type":"product","link":"https:\/\/profaj.co\/miknatis\/tr\/urun\/elektromanyetik-tasiyicilar-kopya\/","title":{"rendered":"Elektromanyetik Hurda Ta\u015f\u0131ma"},"content":{"rendered":"<p>Hurda Ta\u015f\u0131ma Elektrom\u0131knat\u0131slar\u0131 her t\u00fcrl\u00fc imalat ve Geri D\u00f6n\u00fc\u015f\u00fcm sekt\u00f6rlerinde kullan\u0131lmaktad\u0131r. Hurda Ta\u015f\u0131ma Elektrom\u0131knat\u0131s\u0131, demir art\u0131klar\u0131, k\u00fcl\u00e7eler, \u00e7elik tala\u015flar, \u00e7elik levhalar\u0131n ta\u015f\u0131nmas\u0131nda kullan\u0131l\u0131r. Elektrom\u0131knat\u0131s ekskavat\u00f6r, vin\u00e7 \u00fczerine monte edilmeye uygundur ve metalurji tesislerinde, hurdal\u0131klarda ve gemi in\u015fa tesislerinde kullan\u0131lmaktad\u0131r.<\/p>\n<p><em><strong>Teknik \u00d6zellikleri<\/strong><\/em>:<\/p>\n<ul>\n<li>Elektro Magnet \u00c7al\u0131\u015fma Gerilimi: 220 V DC (Max. 230 V DC)<\/li>\n<li>Kullanma Fakt\u00f6r\u00fc\u00a0 \u00a0 \u00a0 \u00a0 \u00a0 \u00a0 \u00a0 \u00a0 \u00a0 \u00a0 \u00a0 \u00a0:\u00a0\u00a0 (ED-DF) % 75<\/li>\n<li>Korunma s\u0131n\u0131f\u0131\u00a0 \u00a0 \u00a0 \u00a0 \u00a0 \u00a0 \u00a0 \u00a0 \u00a0 \u00a0 \u00a0 \u00a0 \u00a0 \u00a0\u00a0:\u00a0 IP 65<\/li>\n<li>\u0130zolasyon Derecesi\u00a0 \u00a0 \u00a0 \u00a0 \u00a0 \u00a0 \u00a0 \u00a0 \u00a0 \u00a0 \u00a0:\u00a0 H klass<\/li>\n<li>Ta\u015f\u0131nacak Malzeme : So\u011fuk\u00a0 Hurda Malzeme<\/li>\n<li>15 metre uzatma kablosu, gerekli elektrik tertibat\u0131 (elektrik panosu v.b.) \u00dcst k\u0131sm\u0131nda 3 kollu ask\u0131 zinciri ve ask\u0131 aparat\u0131 birim fiyata dahildir. Kablo sarma tamburu ve ak\u00fc sistemi veya jenarat\u00f6r talep edilirse \u00fcr\u00fcne ek olarak tedarik edilebilmektedir.<img fetchpriority=\"high\" decoding=\"async\" class=\"alignnone wp-image-7050 size-full\" src=\"https:\/\/profaj.co\/miknatis\/wp-content\/uploads\/2024\/05\/2132572812.jpg\" alt=\"\" width=\"736\" height=\"292\" srcset=\"https:\/\/profaj.co\/miknatis\/wp-content\/uploads\/2024\/05\/2132572812.jpg 736w, https:\/\/profaj.co\/miknatis\/wp-content\/uploads\/2024\/05\/2132572812-300x119.jpg 300w, https:\/\/profaj.co\/miknatis\/wp-content\/uploads\/2024\/05\/2132572812-600x238.jpg 600w\" sizes=\"(max-width: 736px) 100vw, 736px\" \/><\/li>\n<\/ul>\n","protected":false},"excerpt":{"rendered":"<p>Elektromanyetik Ta\u015f\u0131ma Sistemleri, s\u00fcrekli enerji gereksinimi duyan, ak\u00fc sistemi veya\u00a0kesintisiz g\u00fc\u00e7 kayna\u011f\u0131 ile \u00e7al\u0131\u015fan\u00a0manyetiklerdir. Enerji verildi\u011finde ferromanyetik par\u00e7alar\u0131 tuttar enerjiyi kesti\u011finizde par\u00e7ay\u0131 serbest b\u0131rak\u0131rlar.<\/p>\n","protected":false},"featured_media":7051,"template":"","meta":[],"product_cat":[72,119],"product_tag":[],"class_list":["post-7049","product","type-product","status-publish","has-post-thumbnail","hentry","product_cat-elektromanyetik-tasiyici-ve-tutucular","product_cat-manyetik-tasiyici-ve-tutucular"],"acf":[],"yoast_head":"<!-- This site is optimized with the Yoast SEO Premium plugin v22.1 (Yoast SEO v22.1) - https:\/\/yoast.com\/wordpress\/plugins\/seo\/ -->\n<title>Elektromanyetik Hurda Ta\u015f\u0131ma - M\u0131knat\u0131s Ar-Ge<\/title>\n<meta name=\"robots\" content=\"index, follow, max-snippet:-1, max-image-preview:large, max-video-preview:-1\" \/>\n<link rel=\"canonical\" href=\"https:\/\/profaj.co\/miknatis\/tr\/urun\/elektromanyetik-tasiyicilar-kopya\/\" \/>\n<meta property=\"og:locale\" content=\"tr_TR\" \/>\n<meta property=\"og:type\" content=\"article\" \/>\n<meta property=\"og:title\" content=\"Elektromanyetik Hurda Ta\u015f\u0131ma\" \/>\n<meta property=\"og:description\" content=\"Elektromanyetik Ta\u015f\u0131ma Sistemleri, s\u00fcrekli enerji gereksinimi duyan, ak\u00fc sistemi veya\u00a0kesintisiz g\u00fc\u00e7 kayna\u011f\u0131 ile \u00e7al\u0131\u015fan\u00a0manyetiklerdir. Enerji verildi\u011finde ferromanyetik par\u00e7alar\u0131 tuttar enerjiyi kesti\u011finizde par\u00e7ay\u0131 serbest b\u0131rak\u0131rlar.\" \/>\n<meta property=\"og:url\" content=\"https:\/\/profaj.co\/miknatis\/tr\/urun\/elektromanyetik-tasiyicilar-kopya\/\" \/>\n<meta property=\"og:site_name\" content=\"M\u0131knat\u0131s Ar-Ge\" \/>\n<meta property=\"article:modified_time\" content=\"2024-05-20T07:48:18+00:00\" \/>\n<meta property=\"og:image\" content=\"https:\/\/profaj.co\/miknatis\/wp-content\/uploads\/2024\/05\/miknatis-arge_62504643d08ff.jpg\" \/>\n\t<meta property=\"og:image:width\" content=\"1500\" \/>\n\t<meta property=\"og:image:height\" content=\"1500\" \/>\n\t<meta property=\"og:image:type\" content=\"image\/jpeg\" \/>\n<meta name=\"twitter:card\" content=\"summary_large_image\" \/>\n<meta name=\"twitter:label1\" content=\"Tahmini okuma s\u00fcresi\" \/>\n\t<meta name=\"twitter:data1\" content=\"1 dakika\" \/>\n<script type=\"application\/ld+json\" class=\"yoast-schema-graph\">{\"@context\":\"https:\/\/schema.org\",\"@graph\":[{\"@type\":\"WebPage\",\"@id\":\"https:\/\/profaj.co\/miknatis\/tr\/urun\/elektromanyetik-tasiyicilar-kopya\/\",\"url\":\"https:\/\/profaj.co\/miknatis\/tr\/urun\/elektromanyetik-tasiyicilar-kopya\/\",\"name\":\"Elektromanyetik Hurda Ta\u015f\u0131ma - M\u0131knat\u0131s Ar-Ge\",\"isPartOf\":{\"@id\":\"https:\/\/profaj.co\/miknatis\/#website\"},\"datePublished\":\"2024-05-17T10:21:05+00:00\",\"dateModified\":\"2024-05-20T07:48:18+00:00\",\"breadcrumb\":{\"@id\":\"https:\/\/profaj.co\/miknatis\/tr\/urun\/elektromanyetik-tasiyicilar-kopya\/#breadcrumb\"},\"inLanguage\":\"tr\",\"potentialAction\":[{\"@type\":\"ReadAction\",\"target\":[\"https:\/\/profaj.co\/miknatis\/tr\/urun\/elektromanyetik-tasiyicilar-kopya\/\"]}]},{\"@type\":\"BreadcrumbList\",\"@id\":\"https:\/\/profaj.co\/miknatis\/tr\/urun\/elektromanyetik-tasiyicilar-kopya\/#breadcrumb\",\"itemListElement\":[{\"@type\":\"ListItem\",\"position\":1,\"name\":\"Anasayfa\",\"item\":\"https:\/\/profaj.co\/miknatis\/tr\/anasayfa\/\"},{\"@type\":\"ListItem\",\"position\":2,\"name\":\"\u00dcr\u00fcnler\",\"item\":\"https:\/\/profaj.co\/miknatis\/tr\/urunler\/\"},{\"@type\":\"ListItem\",\"position\":3,\"name\":\"Elektromanyetik Hurda Ta\u015f\u0131ma\"}]},{\"@type\":\"WebSite\",\"@id\":\"https:\/\/profaj.co\/miknatis\/#website\",\"url\":\"https:\/\/profaj.co\/miknatis\/\",\"name\":\"M\u0131knat\u0131s Ar-Ge\",\"description\":\"\",\"publisher\":{\"@id\":\"https:\/\/profaj.co\/miknatis\/#organization\"},\"potentialAction\":[{\"@type\":\"SearchAction\",\"target\":{\"@type\":\"EntryPoint\",\"urlTemplate\":\"https:\/\/profaj.co\/miknatis\/?s={search_term_string}\"},\"query-input\":\"required name=search_term_string\"}],\"inLanguage\":\"tr\"},{\"@type\":\"Organization\",\"@id\":\"https:\/\/profaj.co\/miknatis\/#organization\",\"name\":\"M\u0131knat\u0131s Ar-Ge\",\"url\":\"https:\/\/profaj.co\/miknatis\/\",\"logo\":{\"@type\":\"ImageObject\",\"inLanguage\":\"tr\",\"@id\":\"https:\/\/profaj.co\/miknatis\/#\/schema\/logo\/image\/\",\"url\":\"https:\/\/profaj.co\/miknatis\/wp-content\/uploads\/2023\/12\/logo-white.webp\",\"contentUrl\":\"https:\/\/profaj.co\/miknatis\/wp-content\/uploads\/2023\/12\/logo-white.webp\",\"width\":300,\"height\":266,\"caption\":\"M\u0131knat\u0131s Ar-Ge\"},\"image\":{\"@id\":\"https:\/\/profaj.co\/miknatis\/#\/schema\/logo\/image\/\"}}]}<\/script>\n<!-- \/ Yoast SEO Premium plugin. -->","yoast_head_json":{"title":"Elektromanyetik Hurda Ta\u015f\u0131ma - M\u0131knat\u0131s Ar-Ge","robots":{"index":"index","follow":"follow","max-snippet":"max-snippet:-1","max-image-preview":"max-image-preview:large","max-video-preview":"max-video-preview:-1"},"canonical":"https:\/\/profaj.co\/miknatis\/tr\/urun\/elektromanyetik-tasiyicilar-kopya\/","og_locale":"tr_TR","og_type":"article","og_title":"Elektromanyetik Hurda Ta\u015f\u0131ma","og_description":"Elektromanyetik Ta\u015f\u0131ma Sistemleri, s\u00fcrekli enerji gereksinimi duyan, ak\u00fc sistemi veya\u00a0kesintisiz g\u00fc\u00e7 kayna\u011f\u0131 ile \u00e7al\u0131\u015fan\u00a0manyetiklerdir. Enerji verildi\u011finde ferromanyetik par\u00e7alar\u0131 tuttar enerjiyi kesti\u011finizde par\u00e7ay\u0131 serbest b\u0131rak\u0131rlar.","og_url":"https:\/\/profaj.co\/miknatis\/tr\/urun\/elektromanyetik-tasiyicilar-kopya\/","og_site_name":"M\u0131knat\u0131s Ar-Ge","article_modified_time":"2024-05-20T07:48:18+00:00","og_image":[{"width":1500,"height":1500,"url":"https:\/\/profaj.co\/miknatis\/wp-content\/uploads\/2024\/05\/miknatis-arge_62504643d08ff.jpg","type":"image\/jpeg"}],"twitter_card":"summary_large_image","twitter_misc":{"Tahmini okuma s\u00fcresi":"1 dakika"},"schema":{"@context":"https:\/\/schema.org","@graph":[{"@type":"WebPage","@id":"https:\/\/profaj.co\/miknatis\/tr\/urun\/elektromanyetik-tasiyicilar-kopya\/","url":"https:\/\/profaj.co\/miknatis\/tr\/urun\/elektromanyetik-tasiyicilar-kopya\/","name":"Elektromanyetik Hurda Ta\u015f\u0131ma - M\u0131knat\u0131s Ar-Ge","isPartOf":{"@id":"https:\/\/profaj.co\/miknatis\/#website"},"datePublished":"2024-05-17T10:21:05+00:00","dateModified":"2024-05-20T07:48:18+00:00","breadcrumb":{"@id":"https:\/\/profaj.co\/miknatis\/tr\/urun\/elektromanyetik-tasiyicilar-kopya\/#breadcrumb"},"inLanguage":"tr","potentialAction":[{"@type":"ReadAction","target":["https:\/\/profaj.co\/miknatis\/tr\/urun\/elektromanyetik-tasiyicilar-kopya\/"]}]},{"@type":"BreadcrumbList","@id":"https:\/\/profaj.co\/miknatis\/tr\/urun\/elektromanyetik-tasiyicilar-kopya\/#breadcrumb","itemListElement":[{"@type":"ListItem","position":1,"name":"Anasayfa","item":"https:\/\/profaj.co\/miknatis\/tr\/anasayfa\/"},{"@type":"ListItem","position":2,"name":"\u00dcr\u00fcnler","item":"https:\/\/profaj.co\/miknatis\/tr\/urunler\/"},{"@type":"ListItem","position":3,"name":"Elektromanyetik Hurda Ta\u015f\u0131ma"}]},{"@type":"WebSite","@id":"https:\/\/profaj.co\/miknatis\/#website","url":"https:\/\/profaj.co\/miknatis\/","name":"M\u0131knat\u0131s Ar-Ge","description":"","publisher":{"@id":"https:\/\/profaj.co\/miknatis\/#organization"},"potentialAction":[{"@type":"SearchAction","target":{"@type":"EntryPoint","urlTemplate":"https:\/\/profaj.co\/miknatis\/?s={search_term_string}"},"query-input":"required name=search_term_string"}],"inLanguage":"tr"},{"@type":"Organization","@id":"https:\/\/profaj.co\/miknatis\/#organization","name":"M\u0131knat\u0131s Ar-Ge","url":"https:\/\/profaj.co\/miknatis\/","logo":{"@type":"ImageObject","inLanguage":"tr","@id":"https:\/\/profaj.co\/miknatis\/#\/schema\/logo\/image\/","url":"https:\/\/profaj.co\/miknatis\/wp-content\/uploads\/2023\/12\/logo-white.webp","contentUrl":"https:\/\/profaj.co\/miknatis\/wp-content\/uploads\/2023\/12\/logo-white.webp","width":300,"height":266,"caption":"M\u0131knat\u0131s Ar-Ge"},"image":{"@id":"https:\/\/profaj.co\/miknatis\/#\/schema\/logo\/image\/"}}]}},"lang":"tr","translations":{"tr":7049,"en":8619},"pll_sync_post":[],"_links":{"self":[{"href":"https:\/\/profaj.co\/miknatis\/wp-json\/wp\/v2\/product\/7049","targetHints":{"allow":["GET"]}}],"collection":[{"href":"https:\/\/profaj.co\/miknatis\/wp-json\/wp\/v2\/product"}],"about":[{"href":"https:\/\/profaj.co\/miknatis\/wp-json\/wp\/v2\/types\/product"}],"wp:featuredmedia":[{"embeddable":true,"href":"https:\/\/profaj.co\/miknatis\/wp-json\/wp\/v2\/media\/7051"}],"wp:attachment":[{"href":"https:\/\/profaj.co\/miknatis\/wp-json\/wp\/v2\/media?parent=7049"}],"wp:term":[{"taxonomy":"product_cat","embeddable":true,"href":"https:\/\/profaj.co\/miknatis\/wp-json\/wp\/v2\/product_cat?post=7049"},{"taxonomy":"product_tag","embeddable":true,"href":"https:\/\/profaj.co\/miknatis\/wp-json\/wp\/v2\/product_tag?post=7049"}],"curies":[{"name":"wp","href":"https:\/\/api.w.org\/{rel}","templated":true}]}}