{"id":7054,"date":"2024-05-17T13:25:49","date_gmt":"2024-05-17T10:25:49","guid":{"rendered":"https:\/\/profaj.co\/miknatis\/?post_type=product&#038;p=7054"},"modified":"2024-08-19T16:23:42","modified_gmt":"2024-08-19T13:23:42","slug":"elektropermanent-tasiyicilar","status":"publish","type":"product","link":"https:\/\/profaj.co\/miknatis\/tr\/urun\/elektropermanent-tasiyicilar\/","title":{"rendered":"Elektropermanent Ta\u015f\u0131y\u0131c\u0131lar"},"content":{"rendered":"<p>Daimi M\u0131knat\u0131sl\u0131 Elektrom\u0131knat\u0131s olan Elektropermanent sistemlerde M\u0131knat\u0131sta ak\u00fc sistemine gerek yoktur veya kesintisiz g\u00fc\u00e7 kayna\u011f\u0131na \u00fcr\u00fcn \u00e7al\u0131\u015f\u0131rken enerji kesildi\u011finde herhangi bir enerjiye gerek duymadan uzun s\u00fcre manyetikli\u011fi aktif kal\u0131r. Daimi m\u0131knat\u0131sl\u0131 bir sistem oldu\u011fu i\u00e7in m\u0131knat\u0131sa bir kez enerji verdi\u011finizde tutar. B\u0131rakmas\u0131n\u0131 istedi\u011finizde tekrar enerji verdi\u011finizde n\u00f6trlenerek manyetikli\u011fi kalkar ve tuttu\u011fu par\u00e7ay\u0131 serbest b\u0131rak\u0131r. Ferromanyetik (demir) par\u00e7alar\u0131\u00a0ta\u015f\u0131ma ve b\u0131rakt\u0131rma s\u00fcreleri a\u00e7\u0131s\u0131ndan i\u015f kayb\u0131n\u0131 \u00f6nledi\u011fi i\u00e7in ciddi zaman tasarrufu sa\u011flar. M\u0131knat\u0131slanma ve demanyetize d\u00f6ng\u00fcleri yakla\u015f\u0131k 1-2 sn s\u00fcrer. \u00a0Bu \u00f6zellikleri sayesinde elektromanyeti\u011fin g\u00fcc\u00fc kontrol edilebilir a\u00e7ma kapama sistemi ve kal\u0131c\u0131 m\u0131knat\u0131s sayesinde operat\u00f6r ve makine i\u00e7in maksimum g\u00fcvenlik seviyesi sa\u011flamaktad\u0131r. \u00a0Uzaktan kumandal\u0131 tek operat\u00f6r kontrol\u00fcnde y\u00fckten uzakta ba\u015fka insan g\u00fcc\u00fcne gerek duymadan sac levhalar\u0131, bobinleri ta\u015f\u0131mak i\u00e7in tasarlanm\u0131\u015f sistemlerdir.<\/p>\n<p>Elektropermanent manyetik kald\u0131r\u0131c\u0131lar, haddehanelerde, Demir-\u00e7elik sekt\u00f6r\u00fcnde, \u00e7elik yap\u0131 i\u015fleri, da\u011f\u0131t\u0131m ve depolama,\u00a0 Metal sekt\u00f6r\u00fcnde, metal i\u015fleme, Gemi tersanelerinde y\u00fcksek tonajl\u0131 sac plakalar\u0131, blok par\u00e7alar\u0131 ta\u015f\u0131mada, kald\u0131rmada kullan\u0131lan son teknoloji \u00fcr\u00fcnlerdir.<\/p>\n<p><strong>ELEKTROPERMANENT\u00a0V\u0130N\u00c7 BA\u015eLARI i\u00e7in TA\u015eIMA S\u0130STEMLER\u0130<\/strong><\/p>\n<p>Farkl\u0131 modelimiz mevcuttur. :<\/p>\n<ul>\n<li><strong>EPT-CT Serisi &#8211;\u00a0 Elektromapermanent\u00a0 Bobin Ta\u015f\u0131ma Sistemi<\/strong><\/li>\n<li><strong>EPT-ST\/FT Serisi &#8211; Sabit Traversli Elektromapermanent Sac Ta\u015f\u0131ma Sistemi<\/strong><\/li>\n<li><strong>EPT-ST\/TT Serisi &#8211; Teleskobik Traversli Elektromapermanent\u00a0 Sac Ta\u015f\u0131ma Sistemi<\/strong><\/li>\n<li><strong>EPT-ST\u00a0Serisi &#8211; Elektromapermanent Sac Ta\u015f\u0131ma Sistemi<\/strong><\/li>\n<\/ul>\n<p>Elektropermanent Ta\u015f\u0131ma Sistemlerimiz\u00a0T\u00fcrkiye&#8217;de \u0130zmir Fabrikam\u0131zda \u00fcretilmekte olup\u00a0firmam\u0131z\u0131n garantisi alt\u0131ndad\u0131r.\u00a0M\u0131knat\u0131s Ar-Ge markas\u0131 ta\u015f\u0131makla birlikte garanti s\u00fcresince ve sonras\u0131nda teknik servisimiz mevcuttur. \u00d6zel imalat yap\u0131labilmektedir.<\/p>\n","protected":false},"excerpt":{"rendered":"<p>Daimi M\u0131knat\u0131sl\u0131 Elektrom\u0131knat\u0131s olan Elektropermanent sistemlerde M\u0131knat\u0131sta ak\u00fc sistemine gerek yoktur veya kesintisiz g\u00fc\u00e7 kayna\u011f\u0131na \u00fcr\u00fcn \u00e7al\u0131\u015f\u0131rken enerji kesildi\u011finde herhangi bir enerjiye gerek duymadan uzun s\u00fcre manyetikli\u011fi aktif kal\u0131r.<\/p>\n","protected":false},"featured_media":7055,"template":"","meta":[],"product_cat":[119],"product_tag":[],"class_list":["post-7054","product","type-product","status-publish","has-post-thumbnail","hentry","product_cat-manyetik-tasiyici-ve-tutucular"],"acf":[],"yoast_head":"<!-- This site is optimized with the Yoast SEO Premium plugin v22.1 (Yoast SEO v22.1) - https:\/\/yoast.com\/wordpress\/plugins\/seo\/ -->\n<title>Elektropermanent Ta\u015f\u0131y\u0131c\u0131lar - M\u0131knat\u0131s Ar-Ge<\/title>\n<meta name=\"robots\" content=\"index, follow, max-snippet:-1, max-image-preview:large, max-video-preview:-1\" \/>\n<link rel=\"canonical\" href=\"https:\/\/profaj.co\/miknatis\/tr\/urun\/elektropermanent-tasiyicilar\/\" \/>\n<meta property=\"og:locale\" content=\"tr_TR\" \/>\n<meta property=\"og:type\" content=\"article\" \/>\n<meta property=\"og:title\" content=\"Elektropermanent Ta\u015f\u0131y\u0131c\u0131lar\" \/>\n<meta property=\"og:description\" content=\"Daimi M\u0131knat\u0131sl\u0131 Elektrom\u0131knat\u0131s olan Elektropermanent sistemlerde M\u0131knat\u0131sta ak\u00fc sistemine gerek yoktur veya kesintisiz g\u00fc\u00e7 kayna\u011f\u0131na \u00fcr\u00fcn \u00e7al\u0131\u015f\u0131rken enerji kesildi\u011finde herhangi bir enerjiye gerek duymadan uzun s\u00fcre manyetikli\u011fi aktif kal\u0131r.\" \/>\n<meta property=\"og:url\" content=\"https:\/\/profaj.co\/miknatis\/tr\/urun\/elektropermanent-tasiyicilar\/\" \/>\n<meta property=\"og:site_name\" content=\"M\u0131knat\u0131s Ar-Ge\" \/>\n<meta property=\"article:modified_time\" content=\"2024-08-19T13:23:42+00:00\" \/>\n<meta property=\"og:image\" content=\"https:\/\/profaj.co\/miknatis\/wp-content\/uploads\/2024\/05\/miknatis-arge_62580e912dfcd.jpg\" \/>\n\t<meta property=\"og:image:width\" content=\"1500\" \/>\n\t<meta property=\"og:image:height\" content=\"1500\" \/>\n\t<meta property=\"og:image:type\" content=\"image\/jpeg\" \/>\n<meta name=\"twitter:card\" content=\"summary_large_image\" \/>\n<meta name=\"twitter:label1\" content=\"Tahmini okuma s\u00fcresi\" \/>\n\t<meta name=\"twitter:data1\" content=\"2 dakika\" \/>\n<script type=\"application\/ld+json\" class=\"yoast-schema-graph\">{\"@context\":\"https:\/\/schema.org\",\"@graph\":[{\"@type\":\"WebPage\",\"@id\":\"https:\/\/profaj.co\/miknatis\/tr\/urun\/elektropermanent-tasiyicilar\/\",\"url\":\"https:\/\/profaj.co\/miknatis\/tr\/urun\/elektropermanent-tasiyicilar\/\",\"name\":\"Elektropermanent Ta\u015f\u0131y\u0131c\u0131lar - M\u0131knat\u0131s Ar-Ge\",\"isPartOf\":{\"@id\":\"https:\/\/profaj.co\/miknatis\/#website\"},\"datePublished\":\"2024-05-17T10:25:49+00:00\",\"dateModified\":\"2024-08-19T13:23:42+00:00\",\"breadcrumb\":{\"@id\":\"https:\/\/profaj.co\/miknatis\/tr\/urun\/elektropermanent-tasiyicilar\/#breadcrumb\"},\"inLanguage\":\"tr\",\"potentialAction\":[{\"@type\":\"ReadAction\",\"target\":[\"https:\/\/profaj.co\/miknatis\/tr\/urun\/elektropermanent-tasiyicilar\/\"]}]},{\"@type\":\"BreadcrumbList\",\"@id\":\"https:\/\/profaj.co\/miknatis\/tr\/urun\/elektropermanent-tasiyicilar\/#breadcrumb\",\"itemListElement\":[{\"@type\":\"ListItem\",\"position\":1,\"name\":\"Anasayfa\",\"item\":\"https:\/\/profaj.co\/miknatis\/tr\/anasayfa\/\"},{\"@type\":\"ListItem\",\"position\":2,\"name\":\"\u00dcr\u00fcnler\",\"item\":\"https:\/\/profaj.co\/miknatis\/tr\/urunler\/\"},{\"@type\":\"ListItem\",\"position\":3,\"name\":\"Elektropermanent Ta\u015f\u0131y\u0131c\u0131lar\"}]},{\"@type\":\"WebSite\",\"@id\":\"https:\/\/profaj.co\/miknatis\/#website\",\"url\":\"https:\/\/profaj.co\/miknatis\/\",\"name\":\"M\u0131knat\u0131s Ar-Ge\",\"description\":\"\",\"publisher\":{\"@id\":\"https:\/\/profaj.co\/miknatis\/#organization\"},\"potentialAction\":[{\"@type\":\"SearchAction\",\"target\":{\"@type\":\"EntryPoint\",\"urlTemplate\":\"https:\/\/profaj.co\/miknatis\/?s={search_term_string}\"},\"query-input\":\"required name=search_term_string\"}],\"inLanguage\":\"tr\"},{\"@type\":\"Organization\",\"@id\":\"https:\/\/profaj.co\/miknatis\/#organization\",\"name\":\"M\u0131knat\u0131s Ar-Ge\",\"url\":\"https:\/\/profaj.co\/miknatis\/\",\"logo\":{\"@type\":\"ImageObject\",\"inLanguage\":\"tr\",\"@id\":\"https:\/\/profaj.co\/miknatis\/#\/schema\/logo\/image\/\",\"url\":\"https:\/\/profaj.co\/miknatis\/wp-content\/uploads\/2023\/12\/logo-white.webp\",\"contentUrl\":\"https:\/\/profaj.co\/miknatis\/wp-content\/uploads\/2023\/12\/logo-white.webp\",\"width\":300,\"height\":266,\"caption\":\"M\u0131knat\u0131s Ar-Ge\"},\"image\":{\"@id\":\"https:\/\/profaj.co\/miknatis\/#\/schema\/logo\/image\/\"}}]}<\/script>\n<!-- \/ Yoast SEO Premium plugin. -->","yoast_head_json":{"title":"Elektropermanent Ta\u015f\u0131y\u0131c\u0131lar - M\u0131knat\u0131s Ar-Ge","robots":{"index":"index","follow":"follow","max-snippet":"max-snippet:-1","max-image-preview":"max-image-preview:large","max-video-preview":"max-video-preview:-1"},"canonical":"https:\/\/profaj.co\/miknatis\/tr\/urun\/elektropermanent-tasiyicilar\/","og_locale":"tr_TR","og_type":"article","og_title":"Elektropermanent Ta\u015f\u0131y\u0131c\u0131lar","og_description":"Daimi M\u0131knat\u0131sl\u0131 Elektrom\u0131knat\u0131s olan Elektropermanent sistemlerde M\u0131knat\u0131sta ak\u00fc sistemine gerek yoktur veya kesintisiz g\u00fc\u00e7 kayna\u011f\u0131na \u00fcr\u00fcn \u00e7al\u0131\u015f\u0131rken enerji kesildi\u011finde herhangi bir enerjiye gerek duymadan uzun s\u00fcre manyetikli\u011fi aktif kal\u0131r.","og_url":"https:\/\/profaj.co\/miknatis\/tr\/urun\/elektropermanent-tasiyicilar\/","og_site_name":"M\u0131knat\u0131s Ar-Ge","article_modified_time":"2024-08-19T13:23:42+00:00","og_image":[{"width":1500,"height":1500,"url":"https:\/\/profaj.co\/miknatis\/wp-content\/uploads\/2024\/05\/miknatis-arge_62580e912dfcd.jpg","type":"image\/jpeg"}],"twitter_card":"summary_large_image","twitter_misc":{"Tahmini okuma s\u00fcresi":"2 dakika"},"schema":{"@context":"https:\/\/schema.org","@graph":[{"@type":"WebPage","@id":"https:\/\/profaj.co\/miknatis\/tr\/urun\/elektropermanent-tasiyicilar\/","url":"https:\/\/profaj.co\/miknatis\/tr\/urun\/elektropermanent-tasiyicilar\/","name":"Elektropermanent Ta\u015f\u0131y\u0131c\u0131lar - M\u0131knat\u0131s Ar-Ge","isPartOf":{"@id":"https:\/\/profaj.co\/miknatis\/#website"},"datePublished":"2024-05-17T10:25:49+00:00","dateModified":"2024-08-19T13:23:42+00:00","breadcrumb":{"@id":"https:\/\/profaj.co\/miknatis\/tr\/urun\/elektropermanent-tasiyicilar\/#breadcrumb"},"inLanguage":"tr","potentialAction":[{"@type":"ReadAction","target":["https:\/\/profaj.co\/miknatis\/tr\/urun\/elektropermanent-tasiyicilar\/"]}]},{"@type":"BreadcrumbList","@id":"https:\/\/profaj.co\/miknatis\/tr\/urun\/elektropermanent-tasiyicilar\/#breadcrumb","itemListElement":[{"@type":"ListItem","position":1,"name":"Anasayfa","item":"https:\/\/profaj.co\/miknatis\/tr\/anasayfa\/"},{"@type":"ListItem","position":2,"name":"\u00dcr\u00fcnler","item":"https:\/\/profaj.co\/miknatis\/tr\/urunler\/"},{"@type":"ListItem","position":3,"name":"Elektropermanent Ta\u015f\u0131y\u0131c\u0131lar"}]},{"@type":"WebSite","@id":"https:\/\/profaj.co\/miknatis\/#website","url":"https:\/\/profaj.co\/miknatis\/","name":"M\u0131knat\u0131s Ar-Ge","description":"","publisher":{"@id":"https:\/\/profaj.co\/miknatis\/#organization"},"potentialAction":[{"@type":"SearchAction","target":{"@type":"EntryPoint","urlTemplate":"https:\/\/profaj.co\/miknatis\/?s={search_term_string}"},"query-input":"required name=search_term_string"}],"inLanguage":"tr"},{"@type":"Organization","@id":"https:\/\/profaj.co\/miknatis\/#organization","name":"M\u0131knat\u0131s Ar-Ge","url":"https:\/\/profaj.co\/miknatis\/","logo":{"@type":"ImageObject","inLanguage":"tr","@id":"https:\/\/profaj.co\/miknatis\/#\/schema\/logo\/image\/","url":"https:\/\/profaj.co\/miknatis\/wp-content\/uploads\/2023\/12\/logo-white.webp","contentUrl":"https:\/\/profaj.co\/miknatis\/wp-content\/uploads\/2023\/12\/logo-white.webp","width":300,"height":266,"caption":"M\u0131knat\u0131s Ar-Ge"},"image":{"@id":"https:\/\/profaj.co\/miknatis\/#\/schema\/logo\/image\/"}}]}},"lang":"tr","translations":{"tr":7054,"en":8621},"pll_sync_post":[],"_links":{"self":[{"href":"https:\/\/profaj.co\/miknatis\/wp-json\/wp\/v2\/product\/7054","targetHints":{"allow":["GET"]}}],"collection":[{"href":"https:\/\/profaj.co\/miknatis\/wp-json\/wp\/v2\/product"}],"about":[{"href":"https:\/\/profaj.co\/miknatis\/wp-json\/wp\/v2\/types\/product"}],"wp:featuredmedia":[{"embeddable":true,"href":"https:\/\/profaj.co\/miknatis\/wp-json\/wp\/v2\/media\/7055"}],"wp:attachment":[{"href":"https:\/\/profaj.co\/miknatis\/wp-json\/wp\/v2\/media?parent=7054"}],"wp:term":[{"taxonomy":"product_cat","embeddable":true,"href":"https:\/\/profaj.co\/miknatis\/wp-json\/wp\/v2\/product_cat?post=7054"},{"taxonomy":"product_tag","embeddable":true,"href":"https:\/\/profaj.co\/miknatis\/wp-json\/wp\/v2\/product_tag?post=7054"}],"curies":[{"name":"wp","href":"https:\/\/api.w.org\/{rel}","templated":true}]}}