{"id":7066,"date":"2024-05-17T13:34:19","date_gmt":"2024-05-17T10:34:19","guid":{"rendered":"https:\/\/profaj.co\/miknatis\/?post_type=product&#038;p=7066"},"modified":"2024-08-19T16:30:30","modified_gmt":"2024-08-19T13:30:30","slug":"manyetik-kollu-kaldirici-daimi-miknatisli-manuel-kaldirici","status":"publish","type":"product","link":"https:\/\/profaj.co\/miknatis\/tr\/urun\/manyetik-kollu-kaldirici-daimi-miknatisli-manuel-kaldirici\/","title":{"rendered":"Manyetik Kollu Kald\u0131r\u0131c\u0131 (Daimi M\u0131knat\u0131sl\u0131 Manuel Kald\u0131r\u0131c\u0131)"},"content":{"rendered":"<p>Manyetik Kollu Kald\u0131r\u0131c\u0131, ferromanyetik malzemelerin [\u00f6rne\u011fin sa\u00e7 ( plaka veya yuvarlak \u015fekilde), genelde demir malzemeler] hareket ettirilmesi (kald\u0131rma, ta\u015f\u0131ma ve indirme) i\u00e7in tasarlanm\u0131\u015f manuel kontroll\u00fc s\u00fcrekli m\u0131knat\u0131sl\u0131 bir kald\u0131ra\u00e7t\u0131r.<\/p>\n<p>S\u00f6z konusu kald\u0131rma ekipman\u0131, demirli materyalleri \u00e7ekecek kapasitede bir m\u0131knat\u0131s alan\u0131 olu\u015fturmak i\u00e7in s\u00fcrekli m\u0131knat\u0131slar\u0131n \u00f6zelliklerinden faydalan\u0131r. Ekipman i\u00e7inde, g\u00fc\u00e7l\u00fc manyetik \u00f6zelli\u011fe sahip olan neodimyum m\u0131knat\u0131slar\u0131n bulundu\u011fu bir \u00e7ekirde\u011fi d\u00f6nd\u00fcren bir kol arac\u0131l\u0131\u011f\u0131 ile etkinle\u015ftirilir; bu do\u011frultuda elde edilen manyetik ak\u0131m \u00e7al\u0131\u015fma a\u015famas\u0131nda hareket ettirilecek y\u00fck i\u00e7inden ge\u00e7er ve b\u0131rakma a\u015famas\u0131nda kald\u0131ra\u00e7 i\u00e7inde k\u0131sa devre yapar. Daimi m\u0131knat\u0131slardan imal edildikleri i\u00e7in elektronik bir devre olmadan \u00e7al\u0131\u015flar ve elektrik kesintilerinden etkilenmezler. Kullan\u0131m a\u00e7\u0131s\u0131ndan elektromanyetik sistemlerden daha g\u00fcvenlidirler.<\/p>\n<p><em><strong>Kullan\u0131m Alanlar\u0131:<\/strong><\/em><\/p>\n<p>Makine at\u00f6lyeleri, metal\u00fcrji ve mekanik at\u00f6lyeleri, demir-\u00e7elik at\u00f6lyeleri ve genelde demirli y\u00fcklerin k\u00f6pr\u00fcl\u00fc vin\u00e7 ya da vin\u00e7 yard\u0131m\u0131yla h\u0131zl\u0131, g\u00fcvenilir bir \u015fekilde ta\u015f\u0131nmas\u0131n\u0131 gerektiren t\u00fcm i\u015fyerleri.<\/p>\n<p><em><strong>\u00c7al\u0131\u015fma Prensibi:\u00a0<\/strong><\/em><\/p>\n<p>\u0130\u015flemler s\u0131ras\u0131nda, sac y\u00fczey \u00fczerindeki pas ve \u00e7apak gibi bile\u015fenlerin y\u00fczeyini temizlemelisiniz. Manyetik Kald\u0131r\u0131c\u0131, ta\u015f\u0131nacak sac par\u00e7an\u0131n merkezine yerle\u015ftirilmelidir. Ard\u0131ndan vinci Manyetik Kald\u0131r\u0131c\u0131n\u0131n y\u00fcz\u00fcne yerle\u015ftirin, Kolu \u201c-\u201d konumundan \u201c+\u201d konumuna \u201ctutana\u201d kadar \u00e7evirin. Koldaki g\u00fcvenlik anahtar\u0131n\u0131n otomatik olarak kilitlendi\u011finden emin olun ve ard\u0131ndan kald\u0131rmaya ba\u015flay\u0131n. Saclar\u0131n kald\u0131r\u0131lmas\u0131 ve ta\u015f\u0131nmas\u0131 s\u0131ras\u0131nda a\u015f\u0131r\u0131 y\u00fckleme yasakt\u0131r. Manyetik Kald\u0131r\u0131c\u0131 taraf\u0131ndan tutulan saclar\u0131n alt\u0131ndan kimsenin ge\u00e7mesine izin verilmez. Ta\u015f\u0131nacak Fe i\u00e7erilik metalin s\u0131cakl\u0131\u011f\u0131 ve ortam s\u0131cakl\u0131\u011f\u0131 80 \u00baC&#8217;den d\u00fc\u015f\u00fck olmal\u0131d\u0131r. G\u00fc\u00e7l\u00fc titre\u015fim ve darbe olmamal\u0131d\u0131r. Silindirik par\u00e7alar\u0131 kald\u0131r\u0131rken ve tutarken, silindirik y\u00fczeyin kald\u0131r\u0131c\u0131n\u0131n V Yuvas\u0131 ile iki hatta temas etmesini sa\u011flarken, ger\u00e7ek kald\u0131rma kapasitesi genellikle nominal kald\u0131rma kapasitesinin %30-50&#8217;si olacakt\u0131r.<\/p>\n<p>Kald\u0131rma ve ta\u015f\u0131ma i\u015flemi bitti\u011finde, g\u00fcvenlik anahtar\u0131n\u0131 g\u00fcvenlik piminden \u00e7\u0131karmak i\u00e7in alt k\u0131sma bast\u0131r\u0131n ve ard\u0131ndan \u201cB\u0131rak\u201da kadar kolu \u201c+\u201d konumuna \u201c-\u201d \u00e7evirin. Kald\u0131r\u0131c\u0131 n\u00f6tr durumda iken par\u00e7a y\u00fczeyinde Kollu Manyetik Kald\u0131r\u0131c\u0131 al\u0131nabilir.<\/p>\n","protected":false},"excerpt":{"rendered":"<p>Daimi M\u0131knat\u0131sl\u0131 Elektrom\u0131knat\u0131s olan Elektropermanent sistemlerde M\u0131knat\u0131sta ak\u00fc sistemine gerek yoktur veya kesintisiz g\u00fc\u00e7 kayna\u011f\u0131na \u00fcr\u00fcn \u00e7al\u0131\u015f\u0131rken enerji kesildi\u011finde herhangi bir enerjiye gerek duymadan uzun s\u00fcre manyetikli\u011fi aktif kal\u0131r.<\/p>\n","protected":false},"featured_media":7067,"template":"","meta":[],"product_cat":[119],"product_tag":[],"class_list":["post-7066","product","type-product","status-publish","has-post-thumbnail","hentry","product_cat-manyetik-tasiyici-ve-tutucular"],"acf":[],"yoast_head":"<!-- This site is optimized with the Yoast SEO Premium plugin v22.1 (Yoast SEO v22.1) - https:\/\/yoast.com\/wordpress\/plugins\/seo\/ -->\n<title>Manyetik Kollu Kald\u0131r\u0131c\u0131 (Daimi M\u0131knat\u0131sl\u0131 Manuel Kald\u0131r\u0131c\u0131) - M\u0131knat\u0131s Ar-Ge<\/title>\n<meta name=\"robots\" content=\"index, follow, max-snippet:-1, max-image-preview:large, max-video-preview:-1\" \/>\n<link rel=\"canonical\" href=\"https:\/\/profaj.co\/miknatis\/tr\/urun\/manyetik-kollu-kaldirici-daimi-miknatisli-manuel-kaldirici\/\" \/>\n<meta property=\"og:locale\" content=\"tr_TR\" \/>\n<meta property=\"og:type\" content=\"article\" \/>\n<meta property=\"og:title\" content=\"Manyetik Kollu Kald\u0131r\u0131c\u0131 (Daimi M\u0131knat\u0131sl\u0131 Manuel Kald\u0131r\u0131c\u0131)\" \/>\n<meta property=\"og:description\" content=\"Daimi M\u0131knat\u0131sl\u0131 Elektrom\u0131knat\u0131s olan Elektropermanent sistemlerde M\u0131knat\u0131sta ak\u00fc sistemine gerek yoktur veya kesintisiz g\u00fc\u00e7 kayna\u011f\u0131na \u00fcr\u00fcn \u00e7al\u0131\u015f\u0131rken enerji kesildi\u011finde herhangi bir enerjiye gerek duymadan uzun s\u00fcre manyetikli\u011fi aktif kal\u0131r.\" \/>\n<meta property=\"og:url\" content=\"https:\/\/profaj.co\/miknatis\/tr\/urun\/manyetik-kollu-kaldirici-daimi-miknatisli-manuel-kaldirici\/\" \/>\n<meta property=\"og:site_name\" content=\"M\u0131knat\u0131s Ar-Ge\" \/>\n<meta property=\"article:modified_time\" content=\"2024-08-19T13:30:30+00:00\" \/>\n<meta property=\"og:image\" content=\"https:\/\/profaj.co\/miknatis\/wp-content\/uploads\/2024\/05\/miknatis-arge_64018e53c22aa.jpg\" \/>\n\t<meta property=\"og:image:width\" content=\"1500\" \/>\n\t<meta property=\"og:image:height\" content=\"1500\" \/>\n\t<meta property=\"og:image:type\" content=\"image\/jpeg\" \/>\n<meta name=\"twitter:card\" content=\"summary_large_image\" \/>\n<meta name=\"twitter:label1\" content=\"Tahmini okuma s\u00fcresi\" \/>\n\t<meta name=\"twitter:data1\" content=\"2 dakika\" \/>\n<script type=\"application\/ld+json\" class=\"yoast-schema-graph\">{\"@context\":\"https:\/\/schema.org\",\"@graph\":[{\"@type\":\"WebPage\",\"@id\":\"https:\/\/profaj.co\/miknatis\/tr\/urun\/manyetik-kollu-kaldirici-daimi-miknatisli-manuel-kaldirici\/\",\"url\":\"https:\/\/profaj.co\/miknatis\/tr\/urun\/manyetik-kollu-kaldirici-daimi-miknatisli-manuel-kaldirici\/\",\"name\":\"Manyetik Kollu Kald\u0131r\u0131c\u0131 (Daimi M\u0131knat\u0131sl\u0131 Manuel Kald\u0131r\u0131c\u0131) - M\u0131knat\u0131s Ar-Ge\",\"isPartOf\":{\"@id\":\"https:\/\/profaj.co\/miknatis\/#website\"},\"datePublished\":\"2024-05-17T10:34:19+00:00\",\"dateModified\":\"2024-08-19T13:30:30+00:00\",\"breadcrumb\":{\"@id\":\"https:\/\/profaj.co\/miknatis\/tr\/urun\/manyetik-kollu-kaldirici-daimi-miknatisli-manuel-kaldirici\/#breadcrumb\"},\"inLanguage\":\"tr\",\"potentialAction\":[{\"@type\":\"ReadAction\",\"target\":[\"https:\/\/profaj.co\/miknatis\/tr\/urun\/manyetik-kollu-kaldirici-daimi-miknatisli-manuel-kaldirici\/\"]}]},{\"@type\":\"BreadcrumbList\",\"@id\":\"https:\/\/profaj.co\/miknatis\/tr\/urun\/manyetik-kollu-kaldirici-daimi-miknatisli-manuel-kaldirici\/#breadcrumb\",\"itemListElement\":[{\"@type\":\"ListItem\",\"position\":1,\"name\":\"Anasayfa\",\"item\":\"https:\/\/profaj.co\/miknatis\/tr\/anasayfa\/\"},{\"@type\":\"ListItem\",\"position\":2,\"name\":\"\u00dcr\u00fcnler\",\"item\":\"https:\/\/profaj.co\/miknatis\/tr\/urunler\/\"},{\"@type\":\"ListItem\",\"position\":3,\"name\":\"Manyetik Kollu Kald\u0131r\u0131c\u0131 (Daimi M\u0131knat\u0131sl\u0131 Manuel Kald\u0131r\u0131c\u0131)\"}]},{\"@type\":\"WebSite\",\"@id\":\"https:\/\/profaj.co\/miknatis\/#website\",\"url\":\"https:\/\/profaj.co\/miknatis\/\",\"name\":\"M\u0131knat\u0131s Ar-Ge\",\"description\":\"\",\"publisher\":{\"@id\":\"https:\/\/profaj.co\/miknatis\/#organization\"},\"potentialAction\":[{\"@type\":\"SearchAction\",\"target\":{\"@type\":\"EntryPoint\",\"urlTemplate\":\"https:\/\/profaj.co\/miknatis\/?s={search_term_string}\"},\"query-input\":\"required name=search_term_string\"}],\"inLanguage\":\"tr\"},{\"@type\":\"Organization\",\"@id\":\"https:\/\/profaj.co\/miknatis\/#organization\",\"name\":\"M\u0131knat\u0131s Ar-Ge\",\"url\":\"https:\/\/profaj.co\/miknatis\/\",\"logo\":{\"@type\":\"ImageObject\",\"inLanguage\":\"tr\",\"@id\":\"https:\/\/profaj.co\/miknatis\/#\/schema\/logo\/image\/\",\"url\":\"https:\/\/profaj.co\/miknatis\/wp-content\/uploads\/2023\/12\/logo-white.webp\",\"contentUrl\":\"https:\/\/profaj.co\/miknatis\/wp-content\/uploads\/2023\/12\/logo-white.webp\",\"width\":300,\"height\":266,\"caption\":\"M\u0131knat\u0131s Ar-Ge\"},\"image\":{\"@id\":\"https:\/\/profaj.co\/miknatis\/#\/schema\/logo\/image\/\"}}]}<\/script>\n<!-- \/ Yoast SEO Premium plugin. -->","yoast_head_json":{"title":"Manyetik Kollu Kald\u0131r\u0131c\u0131 (Daimi M\u0131knat\u0131sl\u0131 Manuel Kald\u0131r\u0131c\u0131) - M\u0131knat\u0131s Ar-Ge","robots":{"index":"index","follow":"follow","max-snippet":"max-snippet:-1","max-image-preview":"max-image-preview:large","max-video-preview":"max-video-preview:-1"},"canonical":"https:\/\/profaj.co\/miknatis\/tr\/urun\/manyetik-kollu-kaldirici-daimi-miknatisli-manuel-kaldirici\/","og_locale":"tr_TR","og_type":"article","og_title":"Manyetik Kollu Kald\u0131r\u0131c\u0131 (Daimi M\u0131knat\u0131sl\u0131 Manuel Kald\u0131r\u0131c\u0131)","og_description":"Daimi M\u0131knat\u0131sl\u0131 Elektrom\u0131knat\u0131s olan Elektropermanent sistemlerde M\u0131knat\u0131sta ak\u00fc sistemine gerek yoktur veya kesintisiz g\u00fc\u00e7 kayna\u011f\u0131na \u00fcr\u00fcn \u00e7al\u0131\u015f\u0131rken enerji kesildi\u011finde herhangi bir enerjiye gerek duymadan uzun s\u00fcre manyetikli\u011fi aktif kal\u0131r.","og_url":"https:\/\/profaj.co\/miknatis\/tr\/urun\/manyetik-kollu-kaldirici-daimi-miknatisli-manuel-kaldirici\/","og_site_name":"M\u0131knat\u0131s Ar-Ge","article_modified_time":"2024-08-19T13:30:30+00:00","og_image":[{"width":1500,"height":1500,"url":"https:\/\/profaj.co\/miknatis\/wp-content\/uploads\/2024\/05\/miknatis-arge_64018e53c22aa.jpg","type":"image\/jpeg"}],"twitter_card":"summary_large_image","twitter_misc":{"Tahmini okuma s\u00fcresi":"2 dakika"},"schema":{"@context":"https:\/\/schema.org","@graph":[{"@type":"WebPage","@id":"https:\/\/profaj.co\/miknatis\/tr\/urun\/manyetik-kollu-kaldirici-daimi-miknatisli-manuel-kaldirici\/","url":"https:\/\/profaj.co\/miknatis\/tr\/urun\/manyetik-kollu-kaldirici-daimi-miknatisli-manuel-kaldirici\/","name":"Manyetik Kollu Kald\u0131r\u0131c\u0131 (Daimi M\u0131knat\u0131sl\u0131 Manuel Kald\u0131r\u0131c\u0131) - M\u0131knat\u0131s Ar-Ge","isPartOf":{"@id":"https:\/\/profaj.co\/miknatis\/#website"},"datePublished":"2024-05-17T10:34:19+00:00","dateModified":"2024-08-19T13:30:30+00:00","breadcrumb":{"@id":"https:\/\/profaj.co\/miknatis\/tr\/urun\/manyetik-kollu-kaldirici-daimi-miknatisli-manuel-kaldirici\/#breadcrumb"},"inLanguage":"tr","potentialAction":[{"@type":"ReadAction","target":["https:\/\/profaj.co\/miknatis\/tr\/urun\/manyetik-kollu-kaldirici-daimi-miknatisli-manuel-kaldirici\/"]}]},{"@type":"BreadcrumbList","@id":"https:\/\/profaj.co\/miknatis\/tr\/urun\/manyetik-kollu-kaldirici-daimi-miknatisli-manuel-kaldirici\/#breadcrumb","itemListElement":[{"@type":"ListItem","position":1,"name":"Anasayfa","item":"https:\/\/profaj.co\/miknatis\/tr\/anasayfa\/"},{"@type":"ListItem","position":2,"name":"\u00dcr\u00fcnler","item":"https:\/\/profaj.co\/miknatis\/tr\/urunler\/"},{"@type":"ListItem","position":3,"name":"Manyetik Kollu Kald\u0131r\u0131c\u0131 (Daimi M\u0131knat\u0131sl\u0131 Manuel Kald\u0131r\u0131c\u0131)"}]},{"@type":"WebSite","@id":"https:\/\/profaj.co\/miknatis\/#website","url":"https:\/\/profaj.co\/miknatis\/","name":"M\u0131knat\u0131s Ar-Ge","description":"","publisher":{"@id":"https:\/\/profaj.co\/miknatis\/#organization"},"potentialAction":[{"@type":"SearchAction","target":{"@type":"EntryPoint","urlTemplate":"https:\/\/profaj.co\/miknatis\/?s={search_term_string}"},"query-input":"required name=search_term_string"}],"inLanguage":"tr"},{"@type":"Organization","@id":"https:\/\/profaj.co\/miknatis\/#organization","name":"M\u0131knat\u0131s Ar-Ge","url":"https:\/\/profaj.co\/miknatis\/","logo":{"@type":"ImageObject","inLanguage":"tr","@id":"https:\/\/profaj.co\/miknatis\/#\/schema\/logo\/image\/","url":"https:\/\/profaj.co\/miknatis\/wp-content\/uploads\/2023\/12\/logo-white.webp","contentUrl":"https:\/\/profaj.co\/miknatis\/wp-content\/uploads\/2023\/12\/logo-white.webp","width":300,"height":266,"caption":"M\u0131knat\u0131s Ar-Ge"},"image":{"@id":"https:\/\/profaj.co\/miknatis\/#\/schema\/logo\/image\/"}}]}},"lang":"tr","translations":{"tr":7066,"en":5755},"pll_sync_post":[],"_links":{"self":[{"href":"https:\/\/profaj.co\/miknatis\/wp-json\/wp\/v2\/product\/7066","targetHints":{"allow":["GET"]}}],"collection":[{"href":"https:\/\/profaj.co\/miknatis\/wp-json\/wp\/v2\/product"}],"about":[{"href":"https:\/\/profaj.co\/miknatis\/wp-json\/wp\/v2\/types\/product"}],"wp:featuredmedia":[{"embeddable":true,"href":"https:\/\/profaj.co\/miknatis\/wp-json\/wp\/v2\/media\/7067"}],"wp:attachment":[{"href":"https:\/\/profaj.co\/miknatis\/wp-json\/wp\/v2\/media?parent=7066"}],"wp:term":[{"taxonomy":"product_cat","embeddable":true,"href":"https:\/\/profaj.co\/miknatis\/wp-json\/wp\/v2\/product_cat?post=7066"},{"taxonomy":"product_tag","embeddable":true,"href":"https:\/\/profaj.co\/miknatis\/wp-json\/wp\/v2\/product_tag?post=7066"}],"curies":[{"name":"wp","href":"https:\/\/api.w.org\/{rel}","templated":true}]}}