{"id":7075,"date":"2024-05-17T13:44:21","date_gmt":"2024-05-17T10:44:21","guid":{"rendered":"https:\/\/profaj.co\/miknatis\/?post_type=product&#038;p=7075"},"modified":"2024-05-20T10:51:33","modified_gmt":"2024-05-20T07:51:33","slug":"manyetik-gripper","status":"publish","type":"product","link":"https:\/\/profaj.co\/miknatis\/tr\/urun\/manyetik-gripper\/","title":{"rendered":"Manyetik Gripper"},"content":{"rendered":"<p>Manyetik Gripper,\u00a0pn\u00f6matik olarak aktif ve deaktif edilebilen ve \u00e7ok k\u00fc\u00e7\u00fck boyutlarda a\u011f\u0131r y\u00fck kald\u0131rabilme \u00f6zelli\u011fine sahip daimi m\u0131knat\u0131sl\u0131 tutuculard\u0131r.<\/p>\n<p>Bu \u00fcr\u00fcnler manyetik a\u00e7\u0131dan kal\u0131c\u0131 yap\u0131da olup enerji t\u00fcketmezler. Robot uygulamalar\u0131 i\u00e7in ideal \u00fcr\u00fcnlerdir. 5-15 mm kal\u0131nl\u0131ktaki\u00a0 yass\u0131 \u00e7elik saclar, 10 mm kal\u0131nl\u0131\u011fa kadar preslenmi\u015f ve delikli par\u00e7alar\u0131 alma, yerle\u015ftirme ve konumland\u0131rma i\u00e7in ideal ta\u015f\u0131ma kapasitesine sahiptir.\u00a05 mm alt\u0131 ince sac uygulamalar\u0131 i\u00e7in proje bazl\u0131 talepleriniz i\u00e7in\u00a0teknik ekibimizle\u00a0ileti\u015feme ge\u00e7ebilirsiniz.\u00a0M\u00fc\u015fteri isteklerine g\u00f6re y\u00fcksek a\u011f\u0131rl\u0131klara kadar yeni \u00fcr\u00fcnler eklenebilir.<\/p>\n<p><strong><em>\u00c7al\u0131\u015fma Prensibi :<\/em><\/strong><\/p>\n<p>Manyetik Gripperdaki valfler sayesinde bas\u0131n\u00e7l\u0131 hava ile sistemin i\u00e7indeki daimi m\u0131knat\u0131s\u0131n yukar\u0131 a\u015fa\u011f\u0131 hareketini sa\u011flar. \u0130ki y\u00f6nl\u00fc hava giri\u015fi vard\u0131r. Birinci giri\u015f m\u0131knat\u0131s\u0131 tutmak i\u00e7in ikinci giri\u015f b\u0131rakmas\u0131 i\u00e7indir. Bu sayede tutma ve b\u0131rakma hareketini yapm\u0131\u015f olur. Elektrik kesintilerinden etkilenmezler. Bu durum Manyetik Gripperlar\u0131 g\u00fcvenli k\u0131lar.<\/p>\n<p><img fetchpriority=\"high\" decoding=\"async\" class=\"alignnone size-medium wp-image-7076\" src=\"https:\/\/profaj.co\/miknatis\/wp-content\/uploads\/2024\/05\/493533674-300x200.jpg\" alt=\"\" width=\"300\" height=\"200\" srcset=\"https:\/\/profaj.co\/miknatis\/wp-content\/uploads\/2024\/05\/493533674-300x200.jpg 300w, https:\/\/profaj.co\/miknatis\/wp-content\/uploads\/2024\/05\/493533674.jpg 514w\" sizes=\"(max-width: 300px) 100vw, 300px\" \/> <img decoding=\"async\" class=\"alignnone size-medium wp-image-7077\" src=\"https:\/\/profaj.co\/miknatis\/wp-content\/uploads\/2024\/05\/1158193675-300x202.jpg\" alt=\"\" width=\"300\" height=\"202\" srcset=\"https:\/\/profaj.co\/miknatis\/wp-content\/uploads\/2024\/05\/1158193675-300x202.jpg 300w, https:\/\/profaj.co\/miknatis\/wp-content\/uploads\/2024\/05\/1158193675.jpg 503w\" sizes=\"(max-width: 300px) 100vw, 300px\" \/><\/p>\n<p><strong><em>Kullan\u0131m Alanla<\/em><\/strong><strong><em>r\u0131:\u00a0<\/em><\/strong><\/p>\n<ul>\n<li>S\u0131n\u0131rl\u0131 a\u011f\u0131rl\u0131ktaki \u00e7elik (Ferromanyetik-Fe i\u00e7erikli) nesnelerin otomatik olarak al\u0131nmas\u0131, yerle\u015ftirilmesi veya konumland\u0131r\u0131lmas\u0131nda,<\/li>\n<li>Proses otomasyonu i\u00e7in sac i\u015flemede, otomatik \u00fcretim hatlar\u0131nda ve al ve yerle\u015ftir robotlar\u0131 i\u00e7in.<\/li>\n<li>Manyetik Tutucu se\u00e7ilirken delikli sac levhalarda manyeti\u011fin \u00e7ap\u0131n\u0131n delik \u00e7ap\u0131ndan b\u00fcy\u00fck olmas\u0131na dikkat edilmelidir.<\/li>\n<\/ul>\n<p>\u22644 mm \u0130nce ve birbirine yap\u0131\u015fm\u0131\u015f ya\u011fl\u0131 levhalar i\u00e7in Manyetik Gripper ayn\u0131 anda birden fazla sac levhay\u0131 alabilir. Bunun i\u00e7in\u00a0<em><strong>\u201cSac Ay\u0131r\u0131c\u0131 Manyetik Plakalar\u201d<\/strong>\u00a0<\/em>\u00f6nerilmektedir.<\/p>\n<p><strong><em>\u00d6zellikler ve Avantajlar\u0131:<\/em><\/strong><\/p>\n<ul>\n<li>Demir esasl\u0131 sac ve metal par\u00e7alar\u0131 tutma, ta\u015f\u0131ma ve sabitleme i\u00e7in \u00fcretilmi\u015ftir.<\/li>\n<li>Hareketli hi\u00e7bir par\u00e7as\u0131 olmad\u0131\u011f\u0131 i\u00e7in i\u015f g\u00fcvenli\u011fi a\u00e7\u0131s\u0131ndan avantajl\u0131d\u0131r.<\/li>\n<li>Bas\u0131n\u00e7l\u0131 hava ile \u00e7al\u0131\u015f\u0131r. Elektrik kesildi\u011finde par\u00e7ay\u0131 tutmaya devam eder.<\/li>\n<li>Alt\u00a0k\u0131s\u0131mda bulunan 4 adet vida di\u015fi ile ta\u015f\u0131ma sistemine veya \u015faseye sabitlenebilir.<\/li>\n<li>Yerli \u00fcretimdir.<\/li>\n<\/ul>\n<p><iframe src=\"https:\/\/www.youtube.com\/embed\/A_VqTuG61rs\" width=\"560\" height=\"315\" frameborder=\"0\" allowfullscreen=\"allowfullscreen\"><\/iframe><\/p>\n","protected":false},"excerpt":{"rendered":"<p>Manyetik Gripper,\u00a0pn\u00f6matik olarak aktif ve deaktif edilebilen ve \u00e7ok k\u00fc\u00e7\u00fck boyutlarda a\u011f\u0131r y\u00fck kald\u0131rabilme \u00f6zelli\u011fine sahip daimi m\u0131knat\u0131sl\u0131 tutuculard\u0131r. Bu \u00fcr\u00fcnler manyetik a\u00e7\u0131dan kal\u0131c\u0131 yap\u0131da olup enerji t\u00fcketmezler. Robot uygulamalar\u0131 i\u00e7in ideal \u00fcr\u00fcnlerdir. 5-15 mm kal\u0131nl\u0131ktaki\u00a0 yass\u0131 \u00e7elik saclar, 10 mm kal\u0131nl\u0131\u011fa kadar preslenmi\u015f ve delikli par\u00e7alar\u0131 alma, yerle\u015ftirme ve konumland\u0131rma i\u00e7in ideal ta\u015f\u0131ma kapasitesine [&hellip;]<\/p>\n","protected":false},"featured_media":7078,"template":"","meta":[],"product_cat":[75,119],"product_tag":[],"class_list":["post-7075","product","type-product","status-publish","has-post-thumbnail","hentry","product_cat-pnomatik-biraktirmali-manyetik-tutucular","product_cat-manyetik-tasiyici-ve-tutucular"],"acf":[],"yoast_head":"<!-- This site is optimized with the Yoast SEO Premium plugin v22.1 (Yoast SEO v22.1) - https:\/\/yoast.com\/wordpress\/plugins\/seo\/ -->\n<title>Manyetik Gripper - M\u0131knat\u0131s Ar-Ge<\/title>\n<meta name=\"robots\" content=\"index, follow, max-snippet:-1, max-image-preview:large, max-video-preview:-1\" \/>\n<link rel=\"canonical\" href=\"https:\/\/profaj.co\/miknatis\/tr\/urun\/manyetik-gripper\/\" \/>\n<meta property=\"og:locale\" content=\"tr_TR\" \/>\n<meta property=\"og:type\" content=\"article\" \/>\n<meta property=\"og:title\" content=\"Manyetik Gripper\" \/>\n<meta property=\"og:description\" content=\"Manyetik Gripper,\u00a0pn\u00f6matik olarak aktif ve deaktif edilebilen ve \u00e7ok k\u00fc\u00e7\u00fck boyutlarda a\u011f\u0131r y\u00fck kald\u0131rabilme \u00f6zelli\u011fine sahip daimi m\u0131knat\u0131sl\u0131 tutuculard\u0131r. Bu \u00fcr\u00fcnler manyetik a\u00e7\u0131dan kal\u0131c\u0131 yap\u0131da olup enerji t\u00fcketmezler. Robot uygulamalar\u0131 i\u00e7in ideal \u00fcr\u00fcnlerdir. 5-15 mm kal\u0131nl\u0131ktaki\u00a0 yass\u0131 \u00e7elik saclar, 10 mm kal\u0131nl\u0131\u011fa kadar preslenmi\u015f ve delikli par\u00e7alar\u0131 alma, yerle\u015ftirme ve konumland\u0131rma i\u00e7in ideal ta\u015f\u0131ma kapasitesine [&hellip;]\" \/>\n<meta property=\"og:url\" content=\"https:\/\/profaj.co\/miknatis\/tr\/urun\/manyetik-gripper\/\" \/>\n<meta property=\"og:site_name\" content=\"M\u0131knat\u0131s Ar-Ge\" \/>\n<meta property=\"article:modified_time\" content=\"2024-05-20T07:51:33+00:00\" \/>\n<meta property=\"og:image\" content=\"https:\/\/profaj.co\/miknatis\/wp-content\/uploads\/2024\/05\/miknatis-arge_624f17467e74a.jpg\" \/>\n\t<meta property=\"og:image:width\" content=\"1500\" \/>\n\t<meta property=\"og:image:height\" content=\"1500\" \/>\n\t<meta property=\"og:image:type\" content=\"image\/jpeg\" \/>\n<meta name=\"twitter:card\" content=\"summary_large_image\" \/>\n<meta name=\"twitter:label1\" content=\"Tahmini okuma s\u00fcresi\" \/>\n\t<meta name=\"twitter:data1\" content=\"2 dakika\" \/>\n<script type=\"application\/ld+json\" class=\"yoast-schema-graph\">{\"@context\":\"https:\/\/schema.org\",\"@graph\":[{\"@type\":\"WebPage\",\"@id\":\"https:\/\/profaj.co\/miknatis\/tr\/urun\/manyetik-gripper\/\",\"url\":\"https:\/\/profaj.co\/miknatis\/tr\/urun\/manyetik-gripper\/\",\"name\":\"Manyetik Gripper - M\u0131knat\u0131s Ar-Ge\",\"isPartOf\":{\"@id\":\"https:\/\/profaj.co\/miknatis\/#website\"},\"datePublished\":\"2024-05-17T10:44:21+00:00\",\"dateModified\":\"2024-05-20T07:51:33+00:00\",\"breadcrumb\":{\"@id\":\"https:\/\/profaj.co\/miknatis\/tr\/urun\/manyetik-gripper\/#breadcrumb\"},\"inLanguage\":\"tr\",\"potentialAction\":[{\"@type\":\"ReadAction\",\"target\":[\"https:\/\/profaj.co\/miknatis\/tr\/urun\/manyetik-gripper\/\"]}]},{\"@type\":\"BreadcrumbList\",\"@id\":\"https:\/\/profaj.co\/miknatis\/tr\/urun\/manyetik-gripper\/#breadcrumb\",\"itemListElement\":[{\"@type\":\"ListItem\",\"position\":1,\"name\":\"Anasayfa\",\"item\":\"https:\/\/profaj.co\/miknatis\/tr\/anasayfa\/\"},{\"@type\":\"ListItem\",\"position\":2,\"name\":\"\u00dcr\u00fcnler\",\"item\":\"https:\/\/profaj.co\/miknatis\/tr\/urunler\/\"},{\"@type\":\"ListItem\",\"position\":3,\"name\":\"Manyetik Gripper\"}]},{\"@type\":\"WebSite\",\"@id\":\"https:\/\/profaj.co\/miknatis\/#website\",\"url\":\"https:\/\/profaj.co\/miknatis\/\",\"name\":\"M\u0131knat\u0131s Ar-Ge\",\"description\":\"\",\"publisher\":{\"@id\":\"https:\/\/profaj.co\/miknatis\/#organization\"},\"potentialAction\":[{\"@type\":\"SearchAction\",\"target\":{\"@type\":\"EntryPoint\",\"urlTemplate\":\"https:\/\/profaj.co\/miknatis\/?s={search_term_string}\"},\"query-input\":\"required name=search_term_string\"}],\"inLanguage\":\"tr\"},{\"@type\":\"Organization\",\"@id\":\"https:\/\/profaj.co\/miknatis\/#organization\",\"name\":\"M\u0131knat\u0131s Ar-Ge\",\"url\":\"https:\/\/profaj.co\/miknatis\/\",\"logo\":{\"@type\":\"ImageObject\",\"inLanguage\":\"tr\",\"@id\":\"https:\/\/profaj.co\/miknatis\/#\/schema\/logo\/image\/\",\"url\":\"https:\/\/profaj.co\/miknatis\/wp-content\/uploads\/2023\/12\/logo-white.webp\",\"contentUrl\":\"https:\/\/profaj.co\/miknatis\/wp-content\/uploads\/2023\/12\/logo-white.webp\",\"width\":300,\"height\":266,\"caption\":\"M\u0131knat\u0131s Ar-Ge\"},\"image\":{\"@id\":\"https:\/\/profaj.co\/miknatis\/#\/schema\/logo\/image\/\"}}]}<\/script>\n<!-- \/ Yoast SEO Premium plugin. -->","yoast_head_json":{"title":"Manyetik Gripper - M\u0131knat\u0131s Ar-Ge","robots":{"index":"index","follow":"follow","max-snippet":"max-snippet:-1","max-image-preview":"max-image-preview:large","max-video-preview":"max-video-preview:-1"},"canonical":"https:\/\/profaj.co\/miknatis\/tr\/urun\/manyetik-gripper\/","og_locale":"tr_TR","og_type":"article","og_title":"Manyetik Gripper","og_description":"Manyetik Gripper,\u00a0pn\u00f6matik olarak aktif ve deaktif edilebilen ve \u00e7ok k\u00fc\u00e7\u00fck boyutlarda a\u011f\u0131r y\u00fck kald\u0131rabilme \u00f6zelli\u011fine sahip daimi m\u0131knat\u0131sl\u0131 tutuculard\u0131r. Bu \u00fcr\u00fcnler manyetik a\u00e7\u0131dan kal\u0131c\u0131 yap\u0131da olup enerji t\u00fcketmezler. Robot uygulamalar\u0131 i\u00e7in ideal \u00fcr\u00fcnlerdir. 5-15 mm kal\u0131nl\u0131ktaki\u00a0 yass\u0131 \u00e7elik saclar, 10 mm kal\u0131nl\u0131\u011fa kadar preslenmi\u015f ve delikli par\u00e7alar\u0131 alma, yerle\u015ftirme ve konumland\u0131rma i\u00e7in ideal ta\u015f\u0131ma kapasitesine [&hellip;]","og_url":"https:\/\/profaj.co\/miknatis\/tr\/urun\/manyetik-gripper\/","og_site_name":"M\u0131knat\u0131s Ar-Ge","article_modified_time":"2024-05-20T07:51:33+00:00","og_image":[{"width":1500,"height":1500,"url":"https:\/\/profaj.co\/miknatis\/wp-content\/uploads\/2024\/05\/miknatis-arge_624f17467e74a.jpg","type":"image\/jpeg"}],"twitter_card":"summary_large_image","twitter_misc":{"Tahmini okuma s\u00fcresi":"2 dakika"},"schema":{"@context":"https:\/\/schema.org","@graph":[{"@type":"WebPage","@id":"https:\/\/profaj.co\/miknatis\/tr\/urun\/manyetik-gripper\/","url":"https:\/\/profaj.co\/miknatis\/tr\/urun\/manyetik-gripper\/","name":"Manyetik Gripper - M\u0131knat\u0131s Ar-Ge","isPartOf":{"@id":"https:\/\/profaj.co\/miknatis\/#website"},"datePublished":"2024-05-17T10:44:21+00:00","dateModified":"2024-05-20T07:51:33+00:00","breadcrumb":{"@id":"https:\/\/profaj.co\/miknatis\/tr\/urun\/manyetik-gripper\/#breadcrumb"},"inLanguage":"tr","potentialAction":[{"@type":"ReadAction","target":["https:\/\/profaj.co\/miknatis\/tr\/urun\/manyetik-gripper\/"]}]},{"@type":"BreadcrumbList","@id":"https:\/\/profaj.co\/miknatis\/tr\/urun\/manyetik-gripper\/#breadcrumb","itemListElement":[{"@type":"ListItem","position":1,"name":"Anasayfa","item":"https:\/\/profaj.co\/miknatis\/tr\/anasayfa\/"},{"@type":"ListItem","position":2,"name":"\u00dcr\u00fcnler","item":"https:\/\/profaj.co\/miknatis\/tr\/urunler\/"},{"@type":"ListItem","position":3,"name":"Manyetik Gripper"}]},{"@type":"WebSite","@id":"https:\/\/profaj.co\/miknatis\/#website","url":"https:\/\/profaj.co\/miknatis\/","name":"M\u0131knat\u0131s Ar-Ge","description":"","publisher":{"@id":"https:\/\/profaj.co\/miknatis\/#organization"},"potentialAction":[{"@type":"SearchAction","target":{"@type":"EntryPoint","urlTemplate":"https:\/\/profaj.co\/miknatis\/?s={search_term_string}"},"query-input":"required name=search_term_string"}],"inLanguage":"tr"},{"@type":"Organization","@id":"https:\/\/profaj.co\/miknatis\/#organization","name":"M\u0131knat\u0131s Ar-Ge","url":"https:\/\/profaj.co\/miknatis\/","logo":{"@type":"ImageObject","inLanguage":"tr","@id":"https:\/\/profaj.co\/miknatis\/#\/schema\/logo\/image\/","url":"https:\/\/profaj.co\/miknatis\/wp-content\/uploads\/2023\/12\/logo-white.webp","contentUrl":"https:\/\/profaj.co\/miknatis\/wp-content\/uploads\/2023\/12\/logo-white.webp","width":300,"height":266,"caption":"M\u0131knat\u0131s Ar-Ge"},"image":{"@id":"https:\/\/profaj.co\/miknatis\/#\/schema\/logo\/image\/"}}]}},"lang":"tr","translations":{"tr":7075,"en":8623},"pll_sync_post":[],"_links":{"self":[{"href":"https:\/\/profaj.co\/miknatis\/wp-json\/wp\/v2\/product\/7075","targetHints":{"allow":["GET"]}}],"collection":[{"href":"https:\/\/profaj.co\/miknatis\/wp-json\/wp\/v2\/product"}],"about":[{"href":"https:\/\/profaj.co\/miknatis\/wp-json\/wp\/v2\/types\/product"}],"wp:featuredmedia":[{"embeddable":true,"href":"https:\/\/profaj.co\/miknatis\/wp-json\/wp\/v2\/media\/7078"}],"wp:attachment":[{"href":"https:\/\/profaj.co\/miknatis\/wp-json\/wp\/v2\/media?parent=7075"}],"wp:term":[{"taxonomy":"product_cat","embeddable":true,"href":"https:\/\/profaj.co\/miknatis\/wp-json\/wp\/v2\/product_cat?post=7075"},{"taxonomy":"product_tag","embeddable":true,"href":"https:\/\/profaj.co\/miknatis\/wp-json\/wp\/v2\/product_tag?post=7075"}],"curies":[{"name":"wp","href":"https:\/\/api.w.org\/{rel}","templated":true}]}}