{"id":7085,"date":"2024-05-17T13:45:43","date_gmt":"2024-05-17T10:45:43","guid":{"rendered":"https:\/\/profaj.co\/miknatis\/?post_type=product&#038;p=7085"},"modified":"2024-05-20T10:51:57","modified_gmt":"2024-05-20T07:51:57","slug":"kutu-tasima-plaka-miknatislari","status":"publish","type":"product","link":"https:\/\/profaj.co\/miknatis\/tr\/urun\/kutu-tasima-plaka-miknatislari\/","title":{"rendered":"Kutu Ta\u015f\u0131ma Plaka M\u0131knat\u0131slar\u0131"},"content":{"rendered":"<p><img fetchpriority=\"high\" decoding=\"async\" class=\"size-medium wp-image-7086 alignnone\" src=\"https:\/\/profaj.co\/miknatis\/wp-content\/uploads\/2024\/05\/36347167-300x300.jpg\" alt=\"\" width=\"300\" height=\"300\" srcset=\"https:\/\/profaj.co\/miknatis\/wp-content\/uploads\/2024\/05\/36347167-300x300.jpg 300w, https:\/\/profaj.co\/miknatis\/wp-content\/uploads\/2024\/05\/36347167-1024x1024.jpg 1024w, https:\/\/profaj.co\/miknatis\/wp-content\/uploads\/2024\/05\/36347167-150x150.jpg 150w, https:\/\/profaj.co\/miknatis\/wp-content\/uploads\/2024\/05\/36347167-768x768.jpg 768w, https:\/\/profaj.co\/miknatis\/wp-content\/uploads\/2024\/05\/36347167-600x600.jpg 600w, https:\/\/profaj.co\/miknatis\/wp-content\/uploads\/2024\/05\/36347167-100x100.jpg 100w, https:\/\/profaj.co\/miknatis\/wp-content\/uploads\/2024\/05\/36347167-460x460.jpg 460w, https:\/\/profaj.co\/miknatis\/wp-content\/uploads\/2024\/05\/36347167.jpg 1500w\" sizes=\"(max-width: 300px) 100vw, 300px\" \/> <img decoding=\"async\" class=\"size-medium wp-image-7087 alignnone\" src=\"https:\/\/profaj.co\/miknatis\/wp-content\/uploads\/2024\/05\/2112390339-226x300.jpg\" alt=\"\" width=\"226\" height=\"300\" srcset=\"https:\/\/profaj.co\/miknatis\/wp-content\/uploads\/2024\/05\/2112390339-226x300.jpg 226w, https:\/\/profaj.co\/miknatis\/wp-content\/uploads\/2024\/05\/2112390339.jpg 579w\" sizes=\"(max-width: 226px) 100vw, 226px\" \/><img decoding=\"async\" class=\"size-medium wp-image-7088 alignnone\" src=\"https:\/\/profaj.co\/miknatis\/wp-content\/uploads\/2024\/05\/964083797-300x225.jpg\" alt=\"\" width=\"300\" height=\"225\" srcset=\"https:\/\/profaj.co\/miknatis\/wp-content\/uploads\/2024\/05\/964083797-300x225.jpg 300w, https:\/\/profaj.co\/miknatis\/wp-content\/uploads\/2024\/05\/964083797-1024x768.jpg 1024w, https:\/\/profaj.co\/miknatis\/wp-content\/uploads\/2024\/05\/964083797-768x576.jpg 768w, https:\/\/profaj.co\/miknatis\/wp-content\/uploads\/2024\/05\/964083797-1536x1152.jpg 1536w, https:\/\/profaj.co\/miknatis\/wp-content\/uploads\/2024\/05\/964083797-2048x1536.jpg 2048w, https:\/\/profaj.co\/miknatis\/wp-content\/uploads\/2024\/05\/964083797-600x450.jpg 600w\" sizes=\"(max-width: 300px) 100vw, 300px\" \/><\/p>\n<p>Konserve, sal\u00e7a kutular\u0131 vb. cam kavanoz kapaklar\u0131n\u0131 ve teneke kutular\u0131n\u0131 ta\u015f\u0131mada kullan\u0131l\u0131r. Enerji harcamadan paletlemede kullan\u0131lmaktad\u0131r. Palet b\u0131rakma i\u015flemi pn\u00f6matik sistemle yap\u0131lmaktad\u0131r.<\/p>\n<p>Paletleme M\u0131knat\u0131s\u0131 veya Kutu Ta\u015f\u0131ma Plaka M\u0131knat\u0131s\u0131 ,\u00a0kal\u0131c\u0131-daimi manyetik kuvvet kullanarak \u00e7elik \u00fcr\u00fcnleri tek seferde kald\u0131rmak ve tutmak i\u00e7in tasarlanmaktad\u0131r.\u00a0G\u00fc\u00e7 kayna\u011f\u0131 olmadan sadece pistonlar yard\u0131m\u0131yla hava kullanarak b\u0131rakma i\u015flemi\u00a0yapmaktad\u0131r. Sisteminize uygun plaka ve pn\u00f6matik sistemli daimi m\u0131knat\u0131sl\u0131 ta\u015f\u0131ma plakalar\u0131 istedi\u011finiz \u00f6l\u00e7\u00fcde yap\u0131labilir.<\/p>\n<p><em><strong>Avantajlar\u0131:<\/strong><\/em><\/p>\n<ul>\n<li>Paletleme m\u0131knat\u0131s\u0131n\u0131n benzersiz paralel mekanizmas\u0131, e\u015fit olmayan y\u00fcklerde bile sorunsuz bir \u00fcretim s\u00fcrecini garanti eder.<\/li>\n<li>Gipper ucuna uygun tasar\u0131m ba\u011flant\u0131 ile kolay kurulum ve montaj sa\u011flar,<\/li>\n<li>\u00d6zel tasar\u0131m\u0131 uzun bir hizmet \u00f6mr\u00fcne sahiptir, az bak\u0131m gerektirir ve az t\u00fcketir.<\/li>\n<\/ul>\n<p><iframe src=\"https:\/\/www.youtube.com\/embed\/iqQtbh4vgio\" width=\"560\" height=\"315\" frameborder=\"0\" allowfullscreen=\"allowfullscreen\" data-mce-fragment=\"1\"><\/iframe><\/p>\n","protected":false},"excerpt":{"rendered":"<p>Konserve, sal\u00e7a kutular\u0131 vb. cam kavanoz kapaklar\u0131n\u0131 ve teneke kutular\u0131n\u0131 ta\u015f\u0131mada kullan\u0131l\u0131r. Enerji harcamadan paletlemede kullan\u0131lmaktad\u0131r. Palet b\u0131rakma i\u015flemi pn\u00f6matik sistemle yap\u0131lmaktad\u0131r.<\/p>\n","protected":false},"featured_media":7089,"template":"","meta":[],"product_cat":[75,119],"product_tag":[],"class_list":["post-7085","product","type-product","status-publish","has-post-thumbnail","hentry","product_cat-pnomatik-biraktirmali-manyetik-tutucular","product_cat-manyetik-tasiyici-ve-tutucular"],"acf":[],"yoast_head":"<!-- This site is optimized with the Yoast SEO Premium plugin v22.1 (Yoast SEO v22.1) - https:\/\/yoast.com\/wordpress\/plugins\/seo\/ -->\n<title>Kutu Ta\u015f\u0131ma Plaka M\u0131knat\u0131slar\u0131 - M\u0131knat\u0131s Ar-Ge<\/title>\n<meta name=\"robots\" content=\"index, follow, max-snippet:-1, max-image-preview:large, max-video-preview:-1\" \/>\n<link rel=\"canonical\" href=\"https:\/\/profaj.co\/miknatis\/tr\/urun\/kutu-tasima-plaka-miknatislari\/\" \/>\n<meta property=\"og:locale\" content=\"tr_TR\" \/>\n<meta property=\"og:type\" content=\"article\" \/>\n<meta property=\"og:title\" content=\"Kutu Ta\u015f\u0131ma Plaka M\u0131knat\u0131slar\u0131\" \/>\n<meta property=\"og:description\" content=\"Konserve, sal\u00e7a kutular\u0131 vb. cam kavanoz kapaklar\u0131n\u0131 ve teneke kutular\u0131n\u0131 ta\u015f\u0131mada kullan\u0131l\u0131r. Enerji harcamadan paletlemede kullan\u0131lmaktad\u0131r. Palet b\u0131rakma i\u015flemi pn\u00f6matik sistemle yap\u0131lmaktad\u0131r.\" \/>\n<meta property=\"og:url\" content=\"https:\/\/profaj.co\/miknatis\/tr\/urun\/kutu-tasima-plaka-miknatislari\/\" \/>\n<meta property=\"og:site_name\" content=\"M\u0131knat\u0131s Ar-Ge\" \/>\n<meta property=\"article:modified_time\" content=\"2024-05-20T07:51:57+00:00\" \/>\n<meta property=\"og:image\" content=\"https:\/\/profaj.co\/miknatis\/wp-content\/uploads\/2024\/05\/miknatis-arge_627910fe056a4.jpg\" \/>\n\t<meta property=\"og:image:width\" content=\"1500\" \/>\n\t<meta property=\"og:image:height\" content=\"1500\" \/>\n\t<meta property=\"og:image:type\" content=\"image\/jpeg\" \/>\n<meta name=\"twitter:card\" content=\"summary_large_image\" \/>\n<meta name=\"twitter:label1\" content=\"Tahmini okuma s\u00fcresi\" \/>\n\t<meta name=\"twitter:data1\" content=\"1 dakika\" \/>\n<script type=\"application\/ld+json\" class=\"yoast-schema-graph\">{\"@context\":\"https:\/\/schema.org\",\"@graph\":[{\"@type\":\"WebPage\",\"@id\":\"https:\/\/profaj.co\/miknatis\/tr\/urun\/kutu-tasima-plaka-miknatislari\/\",\"url\":\"https:\/\/profaj.co\/miknatis\/tr\/urun\/kutu-tasima-plaka-miknatislari\/\",\"name\":\"Kutu Ta\u015f\u0131ma Plaka M\u0131knat\u0131slar\u0131 - M\u0131knat\u0131s Ar-Ge\",\"isPartOf\":{\"@id\":\"https:\/\/profaj.co\/miknatis\/#website\"},\"datePublished\":\"2024-05-17T10:45:43+00:00\",\"dateModified\":\"2024-05-20T07:51:57+00:00\",\"breadcrumb\":{\"@id\":\"https:\/\/profaj.co\/miknatis\/tr\/urun\/kutu-tasima-plaka-miknatislari\/#breadcrumb\"},\"inLanguage\":\"tr\",\"potentialAction\":[{\"@type\":\"ReadAction\",\"target\":[\"https:\/\/profaj.co\/miknatis\/tr\/urun\/kutu-tasima-plaka-miknatislari\/\"]}]},{\"@type\":\"BreadcrumbList\",\"@id\":\"https:\/\/profaj.co\/miknatis\/tr\/urun\/kutu-tasima-plaka-miknatislari\/#breadcrumb\",\"itemListElement\":[{\"@type\":\"ListItem\",\"position\":1,\"name\":\"Anasayfa\",\"item\":\"https:\/\/profaj.co\/miknatis\/tr\/anasayfa\/\"},{\"@type\":\"ListItem\",\"position\":2,\"name\":\"\u00dcr\u00fcnler\",\"item\":\"https:\/\/profaj.co\/miknatis\/tr\/urunler\/\"},{\"@type\":\"ListItem\",\"position\":3,\"name\":\"Kutu Ta\u015f\u0131ma Plaka M\u0131knat\u0131slar\u0131\"}]},{\"@type\":\"WebSite\",\"@id\":\"https:\/\/profaj.co\/miknatis\/#website\",\"url\":\"https:\/\/profaj.co\/miknatis\/\",\"name\":\"M\u0131knat\u0131s Ar-Ge\",\"description\":\"\",\"publisher\":{\"@id\":\"https:\/\/profaj.co\/miknatis\/#organization\"},\"potentialAction\":[{\"@type\":\"SearchAction\",\"target\":{\"@type\":\"EntryPoint\",\"urlTemplate\":\"https:\/\/profaj.co\/miknatis\/?s={search_term_string}\"},\"query-input\":\"required name=search_term_string\"}],\"inLanguage\":\"tr\"},{\"@type\":\"Organization\",\"@id\":\"https:\/\/profaj.co\/miknatis\/#organization\",\"name\":\"M\u0131knat\u0131s Ar-Ge\",\"url\":\"https:\/\/profaj.co\/miknatis\/\",\"logo\":{\"@type\":\"ImageObject\",\"inLanguage\":\"tr\",\"@id\":\"https:\/\/profaj.co\/miknatis\/#\/schema\/logo\/image\/\",\"url\":\"https:\/\/profaj.co\/miknatis\/wp-content\/uploads\/2023\/12\/logo-white.webp\",\"contentUrl\":\"https:\/\/profaj.co\/miknatis\/wp-content\/uploads\/2023\/12\/logo-white.webp\",\"width\":300,\"height\":266,\"caption\":\"M\u0131knat\u0131s Ar-Ge\"},\"image\":{\"@id\":\"https:\/\/profaj.co\/miknatis\/#\/schema\/logo\/image\/\"}}]}<\/script>\n<!-- \/ Yoast SEO Premium plugin. -->","yoast_head_json":{"title":"Kutu Ta\u015f\u0131ma Plaka M\u0131knat\u0131slar\u0131 - M\u0131knat\u0131s Ar-Ge","robots":{"index":"index","follow":"follow","max-snippet":"max-snippet:-1","max-image-preview":"max-image-preview:large","max-video-preview":"max-video-preview:-1"},"canonical":"https:\/\/profaj.co\/miknatis\/tr\/urun\/kutu-tasima-plaka-miknatislari\/","og_locale":"tr_TR","og_type":"article","og_title":"Kutu Ta\u015f\u0131ma Plaka M\u0131knat\u0131slar\u0131","og_description":"Konserve, sal\u00e7a kutular\u0131 vb. cam kavanoz kapaklar\u0131n\u0131 ve teneke kutular\u0131n\u0131 ta\u015f\u0131mada kullan\u0131l\u0131r. Enerji harcamadan paletlemede kullan\u0131lmaktad\u0131r. Palet b\u0131rakma i\u015flemi pn\u00f6matik sistemle yap\u0131lmaktad\u0131r.","og_url":"https:\/\/profaj.co\/miknatis\/tr\/urun\/kutu-tasima-plaka-miknatislari\/","og_site_name":"M\u0131knat\u0131s Ar-Ge","article_modified_time":"2024-05-20T07:51:57+00:00","og_image":[{"width":1500,"height":1500,"url":"https:\/\/profaj.co\/miknatis\/wp-content\/uploads\/2024\/05\/miknatis-arge_627910fe056a4.jpg","type":"image\/jpeg"}],"twitter_card":"summary_large_image","twitter_misc":{"Tahmini okuma s\u00fcresi":"1 dakika"},"schema":{"@context":"https:\/\/schema.org","@graph":[{"@type":"WebPage","@id":"https:\/\/profaj.co\/miknatis\/tr\/urun\/kutu-tasima-plaka-miknatislari\/","url":"https:\/\/profaj.co\/miknatis\/tr\/urun\/kutu-tasima-plaka-miknatislari\/","name":"Kutu Ta\u015f\u0131ma Plaka M\u0131knat\u0131slar\u0131 - M\u0131knat\u0131s Ar-Ge","isPartOf":{"@id":"https:\/\/profaj.co\/miknatis\/#website"},"datePublished":"2024-05-17T10:45:43+00:00","dateModified":"2024-05-20T07:51:57+00:00","breadcrumb":{"@id":"https:\/\/profaj.co\/miknatis\/tr\/urun\/kutu-tasima-plaka-miknatislari\/#breadcrumb"},"inLanguage":"tr","potentialAction":[{"@type":"ReadAction","target":["https:\/\/profaj.co\/miknatis\/tr\/urun\/kutu-tasima-plaka-miknatislari\/"]}]},{"@type":"BreadcrumbList","@id":"https:\/\/profaj.co\/miknatis\/tr\/urun\/kutu-tasima-plaka-miknatislari\/#breadcrumb","itemListElement":[{"@type":"ListItem","position":1,"name":"Anasayfa","item":"https:\/\/profaj.co\/miknatis\/tr\/anasayfa\/"},{"@type":"ListItem","position":2,"name":"\u00dcr\u00fcnler","item":"https:\/\/profaj.co\/miknatis\/tr\/urunler\/"},{"@type":"ListItem","position":3,"name":"Kutu Ta\u015f\u0131ma Plaka M\u0131knat\u0131slar\u0131"}]},{"@type":"WebSite","@id":"https:\/\/profaj.co\/miknatis\/#website","url":"https:\/\/profaj.co\/miknatis\/","name":"M\u0131knat\u0131s Ar-Ge","description":"","publisher":{"@id":"https:\/\/profaj.co\/miknatis\/#organization"},"potentialAction":[{"@type":"SearchAction","target":{"@type":"EntryPoint","urlTemplate":"https:\/\/profaj.co\/miknatis\/?s={search_term_string}"},"query-input":"required name=search_term_string"}],"inLanguage":"tr"},{"@type":"Organization","@id":"https:\/\/profaj.co\/miknatis\/#organization","name":"M\u0131knat\u0131s Ar-Ge","url":"https:\/\/profaj.co\/miknatis\/","logo":{"@type":"ImageObject","inLanguage":"tr","@id":"https:\/\/profaj.co\/miknatis\/#\/schema\/logo\/image\/","url":"https:\/\/profaj.co\/miknatis\/wp-content\/uploads\/2023\/12\/logo-white.webp","contentUrl":"https:\/\/profaj.co\/miknatis\/wp-content\/uploads\/2023\/12\/logo-white.webp","width":300,"height":266,"caption":"M\u0131knat\u0131s Ar-Ge"},"image":{"@id":"https:\/\/profaj.co\/miknatis\/#\/schema\/logo\/image\/"}}]}},"lang":"tr","translations":{"tr":7085,"en":8625},"pll_sync_post":[],"_links":{"self":[{"href":"https:\/\/profaj.co\/miknatis\/wp-json\/wp\/v2\/product\/7085","targetHints":{"allow":["GET"]}}],"collection":[{"href":"https:\/\/profaj.co\/miknatis\/wp-json\/wp\/v2\/product"}],"about":[{"href":"https:\/\/profaj.co\/miknatis\/wp-json\/wp\/v2\/types\/product"}],"wp:featuredmedia":[{"embeddable":true,"href":"https:\/\/profaj.co\/miknatis\/wp-json\/wp\/v2\/media\/7089"}],"wp:attachment":[{"href":"https:\/\/profaj.co\/miknatis\/wp-json\/wp\/v2\/media?parent=7085"}],"wp:term":[{"taxonomy":"product_cat","embeddable":true,"href":"https:\/\/profaj.co\/miknatis\/wp-json\/wp\/v2\/product_cat?post=7085"},{"taxonomy":"product_tag","embeddable":true,"href":"https:\/\/profaj.co\/miknatis\/wp-json\/wp\/v2\/product_tag?post=7085"}],"curies":[{"name":"wp","href":"https:\/\/api.w.org\/{rel}","templated":true}]}}