{"id":7099,"date":"2024-05-17T14:19:00","date_gmt":"2024-05-17T11:19:00","guid":{"rendered":"https:\/\/profaj.co\/miknatis\/?post_type=product&#038;p=7099"},"modified":"2024-05-20T11:09:10","modified_gmt":"2024-05-20T08:09:10","slug":"elektromanyetik-tablalar","status":"publish","type":"product","link":"https:\/\/profaj.co\/miknatis\/tr\/urun\/elektromanyetik-tablalar\/","title":{"rendered":"Elektromanyetik Tablalar"},"content":{"rendered":"<p>Elektromanyetik Pleytler:\u00a0\u00a0Elektromanyetik Tabla, Elektromanyetik Ayna veya Elektromanyetik Chucks olarak an\u0131lmaktad\u0131r.<\/p>\n<p>Elektromanyetik Pleytler,\u00a0freze, borwek ve planya tezgahlar\u0131nda, hem ta\u015flama hem de erozyon makineleri (Platin-\u00a0EDM i\u015flemleri) i\u00e7in \u00e7ok y\u00f6nl\u00fc kullan\u0131ma\u00a0uygundur. Tutma g\u00fcc\u00fc, i\u015f par\u00e7as\u0131n\u0131 yerinde tutmaya yetecek kadar kuvvet sa\u011flayarak par\u00e7ay\u0131 tutman\u0131za olanak tan\u0131r.<\/p>\n<p><em><strong>\u00c7al\u0131\u015fma Prensibi:<\/strong><\/em><\/p>\n<p>Elektromanyetik Tablalar\u0131n besleme gerilimi 220 Volt AC olup \u00c7al\u0131\u015fma gerilimi\u00a0\u00a0110 Volt DC dir.\u00a0<strong>\u00a0<\/strong>Elektrik verildi\u011finde ferromanyetik -Fe par\u00e7ay\u0131\u00a0tutar, elektrik kesildi\u011finde par\u00e7ay\u0131 b\u0131rak\u0131r. \u00dcr\u00fcnlerimize Kontrol \u00fcnitesi talebe g\u00f6re dahil edilebilir.<\/p>\n<p><strong><em>Kontrol \u00dcnitesi :\u00a0<\/em>\u00a0<\/strong>Elektromanyetik tablaya uygun \u00f6zelliklerde ve tabla \u00fczerindeki art\u0131k olarak kalabilen manyetikli\u011fi s\u0131f\u0131rlayan ve par\u00e7alar\u0131 ay\u0131rmay\u0131 kolayla\u015ft\u0131ran b\u0131rakt\u0131rma devresi bulunmaktad\u0131r.<\/p>\n<p><strong><em>\u00d6zellikler ve Avantajlar<\/em><\/strong><\/p>\n<ul>\n<li>T\u00fcm ayna y\u00fczeyi \u00fczerinde g\u00fc\u00e7l\u00fc tutu\u015f<\/li>\n<li>Borwek, Freze, Ta\u015flama, Bileme, Erezyon makineleri (Platin EDM) uygulamalar\u0131, vb. i\u00e7in uygundur.<\/li>\n<li>Manyetik alan EDM \u00e7al\u0131\u015fmalar\u0131n\u0131 etkilemez.<\/li>\n<li>Ta\u015flay\u0131c\u0131 \u00e7ift g\u00f6vdeli ta\u015flama makinelerinde hafif ta\u015flama ve hafif kesme i\u00e7in uygundur.<\/li>\n<li>Y\u00fcz plakas\u0131 ve ana g\u00f6vde su ge\u00e7irmezli\u011fi sa\u011flanm\u0131\u015ft\u0131r.\n<p><img fetchpriority=\"high\" decoding=\"async\" class=\"alignnone size-medium wp-image-7106\" src=\"https:\/\/profaj.co\/miknatis\/wp-content\/uploads\/2024\/05\/1864607523-300x225.jpg\" alt=\"\" width=\"300\" height=\"225\" srcset=\"https:\/\/profaj.co\/miknatis\/wp-content\/uploads\/2024\/05\/1864607523-300x225.jpg 300w, https:\/\/profaj.co\/miknatis\/wp-content\/uploads\/2024\/05\/1864607523-1024x768.jpg 1024w, https:\/\/profaj.co\/miknatis\/wp-content\/uploads\/2024\/05\/1864607523-768x576.jpg 768w, https:\/\/profaj.co\/miknatis\/wp-content\/uploads\/2024\/05\/1864607523-600x450.jpg 600w, https:\/\/profaj.co\/miknatis\/wp-content\/uploads\/2024\/05\/1864607523.jpg 1500w\" sizes=\"(max-width: 300px) 100vw, 300px\" \/> <img decoding=\"async\" class=\"alignnone size-medium wp-image-7107\" src=\"https:\/\/profaj.co\/miknatis\/wp-content\/uploads\/2024\/05\/897849096-300x225.jpg\" alt=\"\" width=\"300\" height=\"225\" srcset=\"https:\/\/profaj.co\/miknatis\/wp-content\/uploads\/2024\/05\/897849096-300x225.jpg 300w, https:\/\/profaj.co\/miknatis\/wp-content\/uploads\/2024\/05\/897849096-1024x768.jpg 1024w, https:\/\/profaj.co\/miknatis\/wp-content\/uploads\/2024\/05\/897849096-768x576.jpg 768w, https:\/\/profaj.co\/miknatis\/wp-content\/uploads\/2024\/05\/897849096-600x450.jpg 600w, https:\/\/profaj.co\/miknatis\/wp-content\/uploads\/2024\/05\/897849096.jpg 1500w\" sizes=\"(max-width: 300px) 100vw, 300px\" \/> <img decoding=\"async\" class=\"alignnone size-medium wp-image-7108\" src=\"https:\/\/profaj.co\/miknatis\/wp-content\/uploads\/2024\/05\/63899247-300x225.jpg\" alt=\"\" width=\"300\" height=\"225\" srcset=\"https:\/\/profaj.co\/miknatis\/wp-content\/uploads\/2024\/05\/63899247-300x225.jpg 300w, https:\/\/profaj.co\/miknatis\/wp-content\/uploads\/2024\/05\/63899247-1024x768.jpg 1024w, https:\/\/profaj.co\/miknatis\/wp-content\/uploads\/2024\/05\/63899247-768x576.jpg 768w, https:\/\/profaj.co\/miknatis\/wp-content\/uploads\/2024\/05\/63899247-600x450.jpg 600w, https:\/\/profaj.co\/miknatis\/wp-content\/uploads\/2024\/05\/63899247.jpg 1500w\" sizes=\"(max-width: 300px) 100vw, 300px\" \/><br \/>\nElektromanyetik Tablalar\u0131m\u0131z yerli \u00fcretimimiz olup M\u0131knat\u0131s Ar-Ge Markas\u0131n\u0131 ta\u015f\u0131makla birlikte garanti s\u00fcresince ve sonras\u0131nda teknik servisimiz mevcuttur.<\/p>\n<p><iframe src=\"https:\/\/www.youtube.com\/embed\/LAdyOIf8Cns\" width=\"560\" height=\"315\" frameborder=\"0\" allowfullscreen=\"allowfullscreen\"><\/iframe><\/li>\n<\/ul>\n","protected":false},"excerpt":{"rendered":"<p>Elektromanyetik Pleytler:\u00a0\u00a0Elektromanyetik Tabla, Elektromanyetik Ayna veya Elektromanyetik Chucks olarak an\u0131lmaktad\u0131r.<\/p>\n","protected":false},"featured_media":7100,"template":"","meta":[],"product_cat":[77,119],"product_tag":[],"class_list":["post-7099","product","type-product","status-publish","has-post-thumbnail","hentry","product_cat-manyetik-tablalar","product_cat-manyetik-tasiyici-ve-tutucular"],"acf":[],"yoast_head":"<!-- This site is optimized with the Yoast SEO Premium plugin v22.1 (Yoast SEO v22.1) - https:\/\/yoast.com\/wordpress\/plugins\/seo\/ -->\n<title>Elektromanyetik Tablalar - M\u0131knat\u0131s Ar-Ge<\/title>\n<meta name=\"robots\" content=\"index, follow, max-snippet:-1, max-image-preview:large, max-video-preview:-1\" \/>\n<link rel=\"canonical\" href=\"https:\/\/profaj.co\/miknatis\/tr\/urun\/elektromanyetik-tablalar\/\" \/>\n<meta property=\"og:locale\" content=\"tr_TR\" \/>\n<meta property=\"og:type\" content=\"article\" \/>\n<meta property=\"og:title\" content=\"Elektromanyetik Tablalar\" \/>\n<meta property=\"og:description\" content=\"Elektromanyetik Pleytler:\u00a0\u00a0Elektromanyetik Tabla, Elektromanyetik Ayna veya Elektromanyetik Chucks olarak an\u0131lmaktad\u0131r.\" \/>\n<meta property=\"og:url\" content=\"https:\/\/profaj.co\/miknatis\/tr\/urun\/elektromanyetik-tablalar\/\" \/>\n<meta property=\"og:site_name\" content=\"M\u0131knat\u0131s Ar-Ge\" \/>\n<meta property=\"article:modified_time\" content=\"2024-05-20T08:09:10+00:00\" \/>\n<meta property=\"og:image\" content=\"https:\/\/profaj.co\/miknatis\/wp-content\/uploads\/2024\/05\/miknatis-arge_624ec05135619.jpg\" \/>\n\t<meta property=\"og:image:width\" content=\"1500\" \/>\n\t<meta property=\"og:image:height\" content=\"1500\" \/>\n\t<meta property=\"og:image:type\" content=\"image\/jpeg\" \/>\n<meta name=\"twitter:card\" content=\"summary_large_image\" \/>\n<meta name=\"twitter:label1\" content=\"Tahmini okuma s\u00fcresi\" \/>\n\t<meta name=\"twitter:data1\" content=\"1 dakika\" \/>\n<script type=\"application\/ld+json\" class=\"yoast-schema-graph\">{\"@context\":\"https:\/\/schema.org\",\"@graph\":[{\"@type\":\"WebPage\",\"@id\":\"https:\/\/profaj.co\/miknatis\/tr\/urun\/elektromanyetik-tablalar\/\",\"url\":\"https:\/\/profaj.co\/miknatis\/tr\/urun\/elektromanyetik-tablalar\/\",\"name\":\"Elektromanyetik Tablalar - M\u0131knat\u0131s Ar-Ge\",\"isPartOf\":{\"@id\":\"https:\/\/profaj.co\/miknatis\/#website\"},\"datePublished\":\"2024-05-17T11:19:00+00:00\",\"dateModified\":\"2024-05-20T08:09:10+00:00\",\"breadcrumb\":{\"@id\":\"https:\/\/profaj.co\/miknatis\/tr\/urun\/elektromanyetik-tablalar\/#breadcrumb\"},\"inLanguage\":\"tr\",\"potentialAction\":[{\"@type\":\"ReadAction\",\"target\":[\"https:\/\/profaj.co\/miknatis\/tr\/urun\/elektromanyetik-tablalar\/\"]}]},{\"@type\":\"BreadcrumbList\",\"@id\":\"https:\/\/profaj.co\/miknatis\/tr\/urun\/elektromanyetik-tablalar\/#breadcrumb\",\"itemListElement\":[{\"@type\":\"ListItem\",\"position\":1,\"name\":\"Anasayfa\",\"item\":\"https:\/\/profaj.co\/miknatis\/tr\/anasayfa\/\"},{\"@type\":\"ListItem\",\"position\":2,\"name\":\"\u00dcr\u00fcnler\",\"item\":\"https:\/\/profaj.co\/miknatis\/tr\/urunler\/\"},{\"@type\":\"ListItem\",\"position\":3,\"name\":\"Elektromanyetik Tablalar\"}]},{\"@type\":\"WebSite\",\"@id\":\"https:\/\/profaj.co\/miknatis\/#website\",\"url\":\"https:\/\/profaj.co\/miknatis\/\",\"name\":\"M\u0131knat\u0131s Ar-Ge\",\"description\":\"\",\"publisher\":{\"@id\":\"https:\/\/profaj.co\/miknatis\/#organization\"},\"potentialAction\":[{\"@type\":\"SearchAction\",\"target\":{\"@type\":\"EntryPoint\",\"urlTemplate\":\"https:\/\/profaj.co\/miknatis\/?s={search_term_string}\"},\"query-input\":\"required name=search_term_string\"}],\"inLanguage\":\"tr\"},{\"@type\":\"Organization\",\"@id\":\"https:\/\/profaj.co\/miknatis\/#organization\",\"name\":\"M\u0131knat\u0131s Ar-Ge\",\"url\":\"https:\/\/profaj.co\/miknatis\/\",\"logo\":{\"@type\":\"ImageObject\",\"inLanguage\":\"tr\",\"@id\":\"https:\/\/profaj.co\/miknatis\/#\/schema\/logo\/image\/\",\"url\":\"https:\/\/profaj.co\/miknatis\/wp-content\/uploads\/2023\/12\/logo-white.webp\",\"contentUrl\":\"https:\/\/profaj.co\/miknatis\/wp-content\/uploads\/2023\/12\/logo-white.webp\",\"width\":300,\"height\":266,\"caption\":\"M\u0131knat\u0131s Ar-Ge\"},\"image\":{\"@id\":\"https:\/\/profaj.co\/miknatis\/#\/schema\/logo\/image\/\"}}]}<\/script>\n<!-- \/ Yoast SEO Premium plugin. -->","yoast_head_json":{"title":"Elektromanyetik Tablalar - M\u0131knat\u0131s Ar-Ge","robots":{"index":"index","follow":"follow","max-snippet":"max-snippet:-1","max-image-preview":"max-image-preview:large","max-video-preview":"max-video-preview:-1"},"canonical":"https:\/\/profaj.co\/miknatis\/tr\/urun\/elektromanyetik-tablalar\/","og_locale":"tr_TR","og_type":"article","og_title":"Elektromanyetik Tablalar","og_description":"Elektromanyetik Pleytler:\u00a0\u00a0Elektromanyetik Tabla, Elektromanyetik Ayna veya Elektromanyetik Chucks olarak an\u0131lmaktad\u0131r.","og_url":"https:\/\/profaj.co\/miknatis\/tr\/urun\/elektromanyetik-tablalar\/","og_site_name":"M\u0131knat\u0131s Ar-Ge","article_modified_time":"2024-05-20T08:09:10+00:00","og_image":[{"width":1500,"height":1500,"url":"https:\/\/profaj.co\/miknatis\/wp-content\/uploads\/2024\/05\/miknatis-arge_624ec05135619.jpg","type":"image\/jpeg"}],"twitter_card":"summary_large_image","twitter_misc":{"Tahmini okuma s\u00fcresi":"1 dakika"},"schema":{"@context":"https:\/\/schema.org","@graph":[{"@type":"WebPage","@id":"https:\/\/profaj.co\/miknatis\/tr\/urun\/elektromanyetik-tablalar\/","url":"https:\/\/profaj.co\/miknatis\/tr\/urun\/elektromanyetik-tablalar\/","name":"Elektromanyetik Tablalar - M\u0131knat\u0131s Ar-Ge","isPartOf":{"@id":"https:\/\/profaj.co\/miknatis\/#website"},"datePublished":"2024-05-17T11:19:00+00:00","dateModified":"2024-05-20T08:09:10+00:00","breadcrumb":{"@id":"https:\/\/profaj.co\/miknatis\/tr\/urun\/elektromanyetik-tablalar\/#breadcrumb"},"inLanguage":"tr","potentialAction":[{"@type":"ReadAction","target":["https:\/\/profaj.co\/miknatis\/tr\/urun\/elektromanyetik-tablalar\/"]}]},{"@type":"BreadcrumbList","@id":"https:\/\/profaj.co\/miknatis\/tr\/urun\/elektromanyetik-tablalar\/#breadcrumb","itemListElement":[{"@type":"ListItem","position":1,"name":"Anasayfa","item":"https:\/\/profaj.co\/miknatis\/tr\/anasayfa\/"},{"@type":"ListItem","position":2,"name":"\u00dcr\u00fcnler","item":"https:\/\/profaj.co\/miknatis\/tr\/urunler\/"},{"@type":"ListItem","position":3,"name":"Elektromanyetik Tablalar"}]},{"@type":"WebSite","@id":"https:\/\/profaj.co\/miknatis\/#website","url":"https:\/\/profaj.co\/miknatis\/","name":"M\u0131knat\u0131s Ar-Ge","description":"","publisher":{"@id":"https:\/\/profaj.co\/miknatis\/#organization"},"potentialAction":[{"@type":"SearchAction","target":{"@type":"EntryPoint","urlTemplate":"https:\/\/profaj.co\/miknatis\/?s={search_term_string}"},"query-input":"required name=search_term_string"}],"inLanguage":"tr"},{"@type":"Organization","@id":"https:\/\/profaj.co\/miknatis\/#organization","name":"M\u0131knat\u0131s Ar-Ge","url":"https:\/\/profaj.co\/miknatis\/","logo":{"@type":"ImageObject","inLanguage":"tr","@id":"https:\/\/profaj.co\/miknatis\/#\/schema\/logo\/image\/","url":"https:\/\/profaj.co\/miknatis\/wp-content\/uploads\/2023\/12\/logo-white.webp","contentUrl":"https:\/\/profaj.co\/miknatis\/wp-content\/uploads\/2023\/12\/logo-white.webp","width":300,"height":266,"caption":"M\u0131knat\u0131s Ar-Ge"},"image":{"@id":"https:\/\/profaj.co\/miknatis\/#\/schema\/logo\/image\/"}}]}},"lang":"tr","translations":{"tr":7099,"en":8631},"pll_sync_post":[],"_links":{"self":[{"href":"https:\/\/profaj.co\/miknatis\/wp-json\/wp\/v2\/product\/7099","targetHints":{"allow":["GET"]}}],"collection":[{"href":"https:\/\/profaj.co\/miknatis\/wp-json\/wp\/v2\/product"}],"about":[{"href":"https:\/\/profaj.co\/miknatis\/wp-json\/wp\/v2\/types\/product"}],"wp:featuredmedia":[{"embeddable":true,"href":"https:\/\/profaj.co\/miknatis\/wp-json\/wp\/v2\/media\/7100"}],"wp:attachment":[{"href":"https:\/\/profaj.co\/miknatis\/wp-json\/wp\/v2\/media?parent=7099"}],"wp:term":[{"taxonomy":"product_cat","embeddable":true,"href":"https:\/\/profaj.co\/miknatis\/wp-json\/wp\/v2\/product_cat?post=7099"},{"taxonomy":"product_tag","embeddable":true,"href":"https:\/\/profaj.co\/miknatis\/wp-json\/wp\/v2\/product_tag?post=7099"}],"curies":[{"name":"wp","href":"https:\/\/api.w.org\/{rel}","templated":true}]}}