{"id":7113,"date":"2024-05-17T14:28:56","date_gmt":"2024-05-17T11:28:56","guid":{"rendered":"https:\/\/profaj.co\/miknatis\/?post_type=product&#038;p=7113"},"modified":"2024-08-19T15:33:49","modified_gmt":"2024-08-19T12:33:49","slug":"elektropermanent-tablalar","status":"publish","type":"product","link":"https:\/\/profaj.co\/miknatis\/tr\/urun\/elektropermanent-tablalar\/","title":{"rendered":"Elektropermanent Tablalar"},"content":{"rendered":"<p>Elektropermanent tablalarda ak\u00fc sistemine veya kesintisiz g\u00fc\u00e7 kayna\u011f\u0131na gerek yoktur. \u00dcr\u00fcn \u00e7al\u0131\u015f\u0131rken enerji kesildi\u011finde herhangi bir enerjiye gerek duymadan manyetikli\u011fi aktif kal\u0131r. Elektrik kesintilerinde malzemeyi b\u0131rakmaz. Daimi m\u0131knat\u0131sl\u0131 bir sistem oldu\u011fu i\u00e7in m\u0131knat\u0131sa bir kez enerji verdi\u011finizde tutar. B\u0131rakmas\u0131n\u0131 istedi\u011finizde tekrar enerji verdi\u011finizde n\u00f6trlenerek manyetikli\u011fi kalkar.<\/p>\n<p>Be\u015f eksenli \u00e7al\u0131\u015fma avantaj\u0131 ile eksenleme s\u0131ras\u0131nda kesicilerin hareketini engellemez. \u0130\u015f par\u00e7as\u0131 \u00fczerindeki operasyonlar\u0131 bitirmek i\u00e7in tek y\u00f6nl\u00fc ba\u011flama hem i\u015flemede kolayl\u0131k sa\u011flar hem de hassasiyeti artt\u0131r\u0131r. Manyetik tablan\u0131n tezgah\u0131n\u0131za montaj\u0131 ve i\u015f par\u00e7as\u0131n\u0131 Elektro-permanent Manyetik tablaya ba\u011flamak kolay oldu\u011fundan\u00a0 i\u015f ba\u011flama s\u00fcresinde ciddi zaman tasarrufu sa\u011flar.<\/p>\n<p>Elektronik kontrol \u00fcnitesi, kablo ve ba\u011flant\u0131 aparatlar\u0131 dahildir. Talep edilirse El terminali yap\u0131labilir. Her ebatta i\u015f par\u00e7alar\u0131nda uygun eksenel i\u015flemeyi sa\u011flar. Ayr\u0131ca farkl\u0131 i\u015f par\u00e7alar\u0131n\u0131za \u00f6zel tasar\u0131mlar yap\u0131l\u0131r. T\u00fcm i\u015f par\u00e7alar\u0131nda kaba, fini\u015f ve delik delme i\u015flemlerinde kullan\u0131labilir.<\/p>\n<p>Minimum par\u00e7a boyutu d\u00f6rt manyetik kutup ile (100 cm\u00b2) \u00fczerine gelecek \u015fekilde uygulanmal\u0131d\u0131r, daha fazla y\u00fczeye temas daha g\u00fc\u00e7l\u00fc bir manyetik alan olu\u015fturur. Maksimum performansla \u00e7al\u0131\u015fabilmesi i\u00e7in minimum par\u00e7a kal\u0131nl\u0131\u011f\u0131 10mm olmal\u0131d\u0131r. Opsiyonel kare olan pabu\u00e7larla daha geni\u015f ve fonksiyonel \u00e7al\u0131\u015fma olanaklar\u0131 mevcuttur. M\u0131knat\u0131s y\u00fczeyine ba\u011fl\u0131 par\u00e7an\u0131n 5 y\u00fczeyi i\u015flenebilir.\u00a0 S\u0131kma s\u0131ras\u0131nda hi\u00e7bir elektrik kayna\u011f\u0131na gerek yoktur, enerji tasarrufu sa\u011flar, d\u00fc\u015f\u00fck t\u00fcketime sahiptir. Operasyonda ergonomiktir, kolay ve h\u0131zl\u0131 kurulum sa\u011flar, m\u0131knat\u0131s y\u00fczeyinden daha b\u00fcy\u00fck i\u015f par\u00e7alar\u0131 i\u015flenebilir.<\/p>\n<p>Elektropermanent Tablalar\u0131m\u0131z yerli \u00fcretimimiz olup M\u0131knat\u0131s Ar-Ge Markas\u0131n\u0131 ta\u015f\u0131makla birlikte garanti s\u00fcresince ve sonras\u0131nda teknik servisimiz mevcuttur.<\/p>\n<p>\u0130\u015fletmemize g\u00f6nderilen kal\u0131plar\u0131n\u0131za Elektropermanent \u00f6zellik kazand\u0131rabiliyoruz.\u00a0\u00a0Elektropermanent\u00a0(Elektro + Kal\u0131c\u0131 M\u0131knat\u0131s) Y\u00fczey Olu\u015fturma\u00a0sayfam\u0131zdan\u00a0inceleyebilirsiniz.<\/p>\n","protected":false},"excerpt":{"rendered":"<p>Elektropermanent tablalarda ak\u00fc sistemine veya kesintisiz g\u00fc\u00e7 kayna\u011f\u0131na gerek yoktur. \u00dcr\u00fcn \u00e7al\u0131\u015f\u0131rken enerji kesildi\u011finde herhangi bir enerjiye gerek duymadan manyetikli\u011fi aktif kal\u0131r.<\/p>\n","protected":false},"featured_media":7114,"template":"","meta":[],"product_cat":[119,77],"product_tag":[],"class_list":["post-7113","product","type-product","status-publish","has-post-thumbnail","hentry","product_cat-manyetik-tasiyici-ve-tutucular","product_cat-manyetik-tablalar"],"acf":[],"yoast_head":"<!-- This site is optimized with the Yoast SEO Premium plugin v22.1 (Yoast SEO v22.1) - https:\/\/yoast.com\/wordpress\/plugins\/seo\/ -->\n<title>Elektropermanent Tablalar - M\u0131knat\u0131s Ar-Ge<\/title>\n<meta name=\"robots\" content=\"index, follow, max-snippet:-1, max-image-preview:large, max-video-preview:-1\" \/>\n<link rel=\"canonical\" href=\"https:\/\/profaj.co\/miknatis\/tr\/urun\/elektropermanent-tablalar\/\" \/>\n<meta property=\"og:locale\" content=\"tr_TR\" \/>\n<meta property=\"og:type\" content=\"article\" \/>\n<meta property=\"og:title\" content=\"Elektropermanent Tablalar\" \/>\n<meta property=\"og:description\" content=\"Elektropermanent tablalarda ak\u00fc sistemine veya kesintisiz g\u00fc\u00e7 kayna\u011f\u0131na gerek yoktur. \u00dcr\u00fcn \u00e7al\u0131\u015f\u0131rken enerji kesildi\u011finde herhangi bir enerjiye gerek duymadan manyetikli\u011fi aktif kal\u0131r.\" \/>\n<meta property=\"og:url\" content=\"https:\/\/profaj.co\/miknatis\/tr\/urun\/elektropermanent-tablalar\/\" \/>\n<meta property=\"og:site_name\" content=\"M\u0131knat\u0131s Ar-Ge\" \/>\n<meta property=\"article:modified_time\" content=\"2024-08-19T12:33:49+00:00\" \/>\n<meta property=\"og:image\" content=\"https:\/\/profaj.co\/miknatis\/wp-content\/uploads\/2024\/05\/miknatis-arge_624ede1f151d6.jpg\" \/>\n\t<meta property=\"og:image:width\" content=\"1500\" \/>\n\t<meta property=\"og:image:height\" content=\"1500\" \/>\n\t<meta property=\"og:image:type\" content=\"image\/jpeg\" \/>\n<meta name=\"twitter:card\" content=\"summary_large_image\" \/>\n<meta name=\"twitter:label1\" content=\"Tahmini okuma s\u00fcresi\" \/>\n\t<meta name=\"twitter:data1\" content=\"2 dakika\" \/>\n<script type=\"application\/ld+json\" class=\"yoast-schema-graph\">{\"@context\":\"https:\/\/schema.org\",\"@graph\":[{\"@type\":\"WebPage\",\"@id\":\"https:\/\/profaj.co\/miknatis\/tr\/urun\/elektropermanent-tablalar\/\",\"url\":\"https:\/\/profaj.co\/miknatis\/tr\/urun\/elektropermanent-tablalar\/\",\"name\":\"Elektropermanent Tablalar - M\u0131knat\u0131s Ar-Ge\",\"isPartOf\":{\"@id\":\"https:\/\/profaj.co\/miknatis\/#website\"},\"datePublished\":\"2024-05-17T11:28:56+00:00\",\"dateModified\":\"2024-08-19T12:33:49+00:00\",\"breadcrumb\":{\"@id\":\"https:\/\/profaj.co\/miknatis\/tr\/urun\/elektropermanent-tablalar\/#breadcrumb\"},\"inLanguage\":\"tr\",\"potentialAction\":[{\"@type\":\"ReadAction\",\"target\":[\"https:\/\/profaj.co\/miknatis\/tr\/urun\/elektropermanent-tablalar\/\"]}]},{\"@type\":\"BreadcrumbList\",\"@id\":\"https:\/\/profaj.co\/miknatis\/tr\/urun\/elektropermanent-tablalar\/#breadcrumb\",\"itemListElement\":[{\"@type\":\"ListItem\",\"position\":1,\"name\":\"Anasayfa\",\"item\":\"https:\/\/profaj.co\/miknatis\/tr\/anasayfa\/\"},{\"@type\":\"ListItem\",\"position\":2,\"name\":\"\u00dcr\u00fcnler\",\"item\":\"https:\/\/profaj.co\/miknatis\/tr\/urunler\/\"},{\"@type\":\"ListItem\",\"position\":3,\"name\":\"Elektropermanent Tablalar\"}]},{\"@type\":\"WebSite\",\"@id\":\"https:\/\/profaj.co\/miknatis\/#website\",\"url\":\"https:\/\/profaj.co\/miknatis\/\",\"name\":\"M\u0131knat\u0131s Ar-Ge\",\"description\":\"\",\"publisher\":{\"@id\":\"https:\/\/profaj.co\/miknatis\/#organization\"},\"potentialAction\":[{\"@type\":\"SearchAction\",\"target\":{\"@type\":\"EntryPoint\",\"urlTemplate\":\"https:\/\/profaj.co\/miknatis\/?s={search_term_string}\"},\"query-input\":\"required name=search_term_string\"}],\"inLanguage\":\"tr\"},{\"@type\":\"Organization\",\"@id\":\"https:\/\/profaj.co\/miknatis\/#organization\",\"name\":\"M\u0131knat\u0131s Ar-Ge\",\"url\":\"https:\/\/profaj.co\/miknatis\/\",\"logo\":{\"@type\":\"ImageObject\",\"inLanguage\":\"tr\",\"@id\":\"https:\/\/profaj.co\/miknatis\/#\/schema\/logo\/image\/\",\"url\":\"https:\/\/profaj.co\/miknatis\/wp-content\/uploads\/2023\/12\/logo-white.webp\",\"contentUrl\":\"https:\/\/profaj.co\/miknatis\/wp-content\/uploads\/2023\/12\/logo-white.webp\",\"width\":300,\"height\":266,\"caption\":\"M\u0131knat\u0131s Ar-Ge\"},\"image\":{\"@id\":\"https:\/\/profaj.co\/miknatis\/#\/schema\/logo\/image\/\"}}]}<\/script>\n<!-- \/ Yoast SEO Premium plugin. -->","yoast_head_json":{"title":"Elektropermanent Tablalar - M\u0131knat\u0131s Ar-Ge","robots":{"index":"index","follow":"follow","max-snippet":"max-snippet:-1","max-image-preview":"max-image-preview:large","max-video-preview":"max-video-preview:-1"},"canonical":"https:\/\/profaj.co\/miknatis\/tr\/urun\/elektropermanent-tablalar\/","og_locale":"tr_TR","og_type":"article","og_title":"Elektropermanent Tablalar","og_description":"Elektropermanent tablalarda ak\u00fc sistemine veya kesintisiz g\u00fc\u00e7 kayna\u011f\u0131na gerek yoktur. \u00dcr\u00fcn \u00e7al\u0131\u015f\u0131rken enerji kesildi\u011finde herhangi bir enerjiye gerek duymadan manyetikli\u011fi aktif kal\u0131r.","og_url":"https:\/\/profaj.co\/miknatis\/tr\/urun\/elektropermanent-tablalar\/","og_site_name":"M\u0131knat\u0131s Ar-Ge","article_modified_time":"2024-08-19T12:33:49+00:00","og_image":[{"width":1500,"height":1500,"url":"https:\/\/profaj.co\/miknatis\/wp-content\/uploads\/2024\/05\/miknatis-arge_624ede1f151d6.jpg","type":"image\/jpeg"}],"twitter_card":"summary_large_image","twitter_misc":{"Tahmini okuma s\u00fcresi":"2 dakika"},"schema":{"@context":"https:\/\/schema.org","@graph":[{"@type":"WebPage","@id":"https:\/\/profaj.co\/miknatis\/tr\/urun\/elektropermanent-tablalar\/","url":"https:\/\/profaj.co\/miknatis\/tr\/urun\/elektropermanent-tablalar\/","name":"Elektropermanent Tablalar - M\u0131knat\u0131s Ar-Ge","isPartOf":{"@id":"https:\/\/profaj.co\/miknatis\/#website"},"datePublished":"2024-05-17T11:28:56+00:00","dateModified":"2024-08-19T12:33:49+00:00","breadcrumb":{"@id":"https:\/\/profaj.co\/miknatis\/tr\/urun\/elektropermanent-tablalar\/#breadcrumb"},"inLanguage":"tr","potentialAction":[{"@type":"ReadAction","target":["https:\/\/profaj.co\/miknatis\/tr\/urun\/elektropermanent-tablalar\/"]}]},{"@type":"BreadcrumbList","@id":"https:\/\/profaj.co\/miknatis\/tr\/urun\/elektropermanent-tablalar\/#breadcrumb","itemListElement":[{"@type":"ListItem","position":1,"name":"Anasayfa","item":"https:\/\/profaj.co\/miknatis\/tr\/anasayfa\/"},{"@type":"ListItem","position":2,"name":"\u00dcr\u00fcnler","item":"https:\/\/profaj.co\/miknatis\/tr\/urunler\/"},{"@type":"ListItem","position":3,"name":"Elektropermanent Tablalar"}]},{"@type":"WebSite","@id":"https:\/\/profaj.co\/miknatis\/#website","url":"https:\/\/profaj.co\/miknatis\/","name":"M\u0131knat\u0131s Ar-Ge","description":"","publisher":{"@id":"https:\/\/profaj.co\/miknatis\/#organization"},"potentialAction":[{"@type":"SearchAction","target":{"@type":"EntryPoint","urlTemplate":"https:\/\/profaj.co\/miknatis\/?s={search_term_string}"},"query-input":"required name=search_term_string"}],"inLanguage":"tr"},{"@type":"Organization","@id":"https:\/\/profaj.co\/miknatis\/#organization","name":"M\u0131knat\u0131s Ar-Ge","url":"https:\/\/profaj.co\/miknatis\/","logo":{"@type":"ImageObject","inLanguage":"tr","@id":"https:\/\/profaj.co\/miknatis\/#\/schema\/logo\/image\/","url":"https:\/\/profaj.co\/miknatis\/wp-content\/uploads\/2023\/12\/logo-white.webp","contentUrl":"https:\/\/profaj.co\/miknatis\/wp-content\/uploads\/2023\/12\/logo-white.webp","width":300,"height":266,"caption":"M\u0131knat\u0131s Ar-Ge"},"image":{"@id":"https:\/\/profaj.co\/miknatis\/#\/schema\/logo\/image\/"}}]}},"lang":"tr","translations":{"tr":7113,"en":8633},"pll_sync_post":[],"_links":{"self":[{"href":"https:\/\/profaj.co\/miknatis\/wp-json\/wp\/v2\/product\/7113","targetHints":{"allow":["GET"]}}],"collection":[{"href":"https:\/\/profaj.co\/miknatis\/wp-json\/wp\/v2\/product"}],"about":[{"href":"https:\/\/profaj.co\/miknatis\/wp-json\/wp\/v2\/types\/product"}],"wp:featuredmedia":[{"embeddable":true,"href":"https:\/\/profaj.co\/miknatis\/wp-json\/wp\/v2\/media\/7114"}],"wp:attachment":[{"href":"https:\/\/profaj.co\/miknatis\/wp-json\/wp\/v2\/media?parent=7113"}],"wp:term":[{"taxonomy":"product_cat","embeddable":true,"href":"https:\/\/profaj.co\/miknatis\/wp-json\/wp\/v2\/product_cat?post=7113"},{"taxonomy":"product_tag","embeddable":true,"href":"https:\/\/profaj.co\/miknatis\/wp-json\/wp\/v2\/product_tag?post=7113"}],"curies":[{"name":"wp","href":"https:\/\/api.w.org\/{rel}","templated":true}]}}