{"id":7118,"date":"2024-05-17T14:49:48","date_gmt":"2024-05-17T11:49:48","guid":{"rendered":"https:\/\/profaj.co\/miknatis\/?post_type=product&#038;p=7118"},"modified":"2024-08-19T16:24:33","modified_gmt":"2024-08-19T13:24:33","slug":"manyetik-konveyorler","status":"publish","type":"product","link":"https:\/\/profaj.co\/miknatis\/tr\/urun\/manyetik-konveyorler\/","title":{"rendered":"Manyetik Konvey\u00f6rler"},"content":{"rendered":"<p><img fetchpriority=\"high\" decoding=\"async\" class=\"alignnone size-medium wp-image-7119\" src=\"https:\/\/profaj.co\/miknatis\/wp-content\/uploads\/2024\/05\/2141326114-300x200.jpg\" alt=\"\" width=\"300\" height=\"200\" srcset=\"https:\/\/profaj.co\/miknatis\/wp-content\/uploads\/2024\/05\/2141326114-300x200.jpg 300w, https:\/\/profaj.co\/miknatis\/wp-content\/uploads\/2024\/05\/2141326114-1024x683.jpg 1024w, https:\/\/profaj.co\/miknatis\/wp-content\/uploads\/2024\/05\/2141326114-768x512.jpg 768w, https:\/\/profaj.co\/miknatis\/wp-content\/uploads\/2024\/05\/2141326114-600x400.jpg 600w, https:\/\/profaj.co\/miknatis\/wp-content\/uploads\/2024\/05\/2141326114.jpg 1500w\" sizes=\"(max-width: 300px) 100vw, 300px\" \/> <img decoding=\"async\" class=\"alignnone size-medium wp-image-7120\" src=\"https:\/\/profaj.co\/miknatis\/wp-content\/uploads\/2024\/05\/1045399379-300x200.jpg\" alt=\"\" width=\"300\" height=\"200\" srcset=\"https:\/\/profaj.co\/miknatis\/wp-content\/uploads\/2024\/05\/1045399379-300x200.jpg 300w, https:\/\/profaj.co\/miknatis\/wp-content\/uploads\/2024\/05\/1045399379-1024x683.jpg 1024w, https:\/\/profaj.co\/miknatis\/wp-content\/uploads\/2024\/05\/1045399379-768x512.jpg 768w, https:\/\/profaj.co\/miknatis\/wp-content\/uploads\/2024\/05\/1045399379-600x400.jpg 600w, https:\/\/profaj.co\/miknatis\/wp-content\/uploads\/2024\/05\/1045399379.jpg 1500w\" sizes=\"(max-width: 300px) 100vw, 300px\" \/><\/p>\n<p>Manyetik Konvey\u00f6rler, kapal\u0131 yap\u0131lar\u0131 nedeniyle bir konvey\u00f6r band\u0131nda oldu\u011fu gibi hareketli par\u00e7alar\u0131 olmayan hurda konvey\u00f6rleri veya tala\u015f konvey\u00f6rleridir. Manyetik Konvey\u00f6rler geri d\u00f6n\u00fc\u015ft\u00fcr\u00fclm\u00fc\u015f malzemeleri, delme tala\u015f\u0131, \u00e7ivi veya c\u0131vata gibi keskin \u00e7elik par\u00e7alar\u0131n ta\u015f\u0131nmas\u0131 i\u00e7in idealdir. Metal ve \u00e7elik fabrikalar\u0131nda, beyaz e\u015fya, otomotiv ve sac i\u015fleme end\u00fcstrisinde her t\u00fcrl\u00fc ferromanyetik hafif ve k\u00fc\u00e7\u00fck malzemelerin \u00fcretim prosesleri s\u0131ras\u0131nda imalat h\u00fccreleri aras\u0131nda transfer edilmesinde kullan\u0131lan ekipmanlard\u0131r. M\u00fc\u015fterinin prosesine g\u00f6re istenilen \u00f6l\u00e7\u00fclerde yap\u0131labilmektedir. Klasik bantl\u0131 konvey\u00f6rlere g\u00f6re daha az i\u015f kazas\u0131 riski ve daha az duru\u015f riski i\u00e7erir.<\/p>\n<ul>\n<li>Az bak\u0131m gerektirir, kay\u0131\u015f a\u015f\u0131nmas\u0131 olmaz.<\/li>\n<li>Hassas veya dik ta\u015f\u0131ma a\u00e7\u0131s\u0131 60\u00b0&#8217;ye kadar imalat\u0131 yap\u0131labilmektedir.<\/li>\n<li>S\u0131zd\u0131rmaz yap\u0131 sayesinde malzeme s\u0131k\u0131\u015fmas\u0131 olmaz; \u00fcr\u00fcne veya konvey\u00f6r band\u0131na zarar vermez.<\/li>\n<li>Tamamen kapal\u0131; harici hareketli par\u00e7a yoktur.<\/li>\n<\/ul>\n<p><iframe src=\"https:\/\/www.youtube.com\/embed\/XXS4taOjENc\" width=\"560\" height=\"315\" frameborder=\"0\" allowfullscreen=\"allowfullscreen\" data-mce-fragment=\"1\"><\/iframe><\/p>\n","protected":false},"excerpt":{"rendered":"<p>Manyetik Konvey\u00f6rler, kapal\u0131 yap\u0131lar\u0131 nedeniyle bir konvey\u00f6r band\u0131nda oldu\u011fu gibi hareketli par\u00e7alar\u0131 olmayan hurda konvey\u00f6rleri veya tala\u015f konvey\u00f6rleridir.<\/p>\n","protected":false},"featured_media":7121,"template":"","meta":[],"product_cat":[119],"product_tag":[],"class_list":["post-7118","product","type-product","status-publish","has-post-thumbnail","hentry","product_cat-manyetik-tasiyici-ve-tutucular"],"acf":[],"yoast_head":"<!-- This site is optimized with the Yoast SEO Premium plugin v22.1 (Yoast SEO v22.1) - https:\/\/yoast.com\/wordpress\/plugins\/seo\/ -->\n<title>Manyetik Konvey\u00f6rler - M\u0131knat\u0131s Ar-Ge<\/title>\n<meta name=\"robots\" content=\"index, follow, max-snippet:-1, max-image-preview:large, max-video-preview:-1\" \/>\n<link rel=\"canonical\" href=\"https:\/\/profaj.co\/miknatis\/tr\/urun\/manyetik-konveyorler\/\" \/>\n<meta property=\"og:locale\" content=\"tr_TR\" \/>\n<meta property=\"og:type\" content=\"article\" \/>\n<meta property=\"og:title\" content=\"Manyetik Konvey\u00f6rler\" \/>\n<meta property=\"og:description\" content=\"Manyetik Konvey\u00f6rler, kapal\u0131 yap\u0131lar\u0131 nedeniyle bir konvey\u00f6r band\u0131nda oldu\u011fu gibi hareketli par\u00e7alar\u0131 olmayan hurda konvey\u00f6rleri veya tala\u015f konvey\u00f6rleridir.\" \/>\n<meta property=\"og:url\" content=\"https:\/\/profaj.co\/miknatis\/tr\/urun\/manyetik-konveyorler\/\" \/>\n<meta property=\"og:site_name\" content=\"M\u0131knat\u0131s Ar-Ge\" \/>\n<meta property=\"article:modified_time\" content=\"2024-08-19T13:24:33+00:00\" \/>\n<meta property=\"og:image\" content=\"https:\/\/profaj.co\/miknatis\/wp-content\/uploads\/2024\/05\/miknatis-arge_623dc15a09f01.jpg\" \/>\n\t<meta property=\"og:image:width\" content=\"1500\" \/>\n\t<meta property=\"og:image:height\" content=\"1500\" \/>\n\t<meta property=\"og:image:type\" content=\"image\/jpeg\" \/>\n<meta name=\"twitter:card\" content=\"summary_large_image\" \/>\n<meta name=\"twitter:label1\" content=\"Tahmini okuma s\u00fcresi\" \/>\n\t<meta name=\"twitter:data1\" content=\"2 dakika\" \/>\n<script type=\"application\/ld+json\" class=\"yoast-schema-graph\">{\"@context\":\"https:\/\/schema.org\",\"@graph\":[{\"@type\":\"WebPage\",\"@id\":\"https:\/\/profaj.co\/miknatis\/tr\/urun\/manyetik-konveyorler\/\",\"url\":\"https:\/\/profaj.co\/miknatis\/tr\/urun\/manyetik-konveyorler\/\",\"name\":\"Manyetik Konvey\u00f6rler - M\u0131knat\u0131s Ar-Ge\",\"isPartOf\":{\"@id\":\"https:\/\/profaj.co\/miknatis\/#website\"},\"datePublished\":\"2024-05-17T11:49:48+00:00\",\"dateModified\":\"2024-08-19T13:24:33+00:00\",\"breadcrumb\":{\"@id\":\"https:\/\/profaj.co\/miknatis\/tr\/urun\/manyetik-konveyorler\/#breadcrumb\"},\"inLanguage\":\"tr\",\"potentialAction\":[{\"@type\":\"ReadAction\",\"target\":[\"https:\/\/profaj.co\/miknatis\/tr\/urun\/manyetik-konveyorler\/\"]}]},{\"@type\":\"BreadcrumbList\",\"@id\":\"https:\/\/profaj.co\/miknatis\/tr\/urun\/manyetik-konveyorler\/#breadcrumb\",\"itemListElement\":[{\"@type\":\"ListItem\",\"position\":1,\"name\":\"Anasayfa\",\"item\":\"https:\/\/profaj.co\/miknatis\/tr\/anasayfa\/\"},{\"@type\":\"ListItem\",\"position\":2,\"name\":\"\u00dcr\u00fcnler\",\"item\":\"https:\/\/profaj.co\/miknatis\/tr\/urunler\/\"},{\"@type\":\"ListItem\",\"position\":3,\"name\":\"Manyetik Konvey\u00f6rler\"}]},{\"@type\":\"WebSite\",\"@id\":\"https:\/\/profaj.co\/miknatis\/#website\",\"url\":\"https:\/\/profaj.co\/miknatis\/\",\"name\":\"M\u0131knat\u0131s Ar-Ge\",\"description\":\"\",\"publisher\":{\"@id\":\"https:\/\/profaj.co\/miknatis\/#organization\"},\"potentialAction\":[{\"@type\":\"SearchAction\",\"target\":{\"@type\":\"EntryPoint\",\"urlTemplate\":\"https:\/\/profaj.co\/miknatis\/?s={search_term_string}\"},\"query-input\":\"required name=search_term_string\"}],\"inLanguage\":\"tr\"},{\"@type\":\"Organization\",\"@id\":\"https:\/\/profaj.co\/miknatis\/#organization\",\"name\":\"M\u0131knat\u0131s Ar-Ge\",\"url\":\"https:\/\/profaj.co\/miknatis\/\",\"logo\":{\"@type\":\"ImageObject\",\"inLanguage\":\"tr\",\"@id\":\"https:\/\/profaj.co\/miknatis\/#\/schema\/logo\/image\/\",\"url\":\"https:\/\/profaj.co\/miknatis\/wp-content\/uploads\/2023\/12\/logo-white.webp\",\"contentUrl\":\"https:\/\/profaj.co\/miknatis\/wp-content\/uploads\/2023\/12\/logo-white.webp\",\"width\":300,\"height\":266,\"caption\":\"M\u0131knat\u0131s Ar-Ge\"},\"image\":{\"@id\":\"https:\/\/profaj.co\/miknatis\/#\/schema\/logo\/image\/\"}}]}<\/script>\n<!-- \/ Yoast SEO Premium plugin. -->","yoast_head_json":{"title":"Manyetik Konvey\u00f6rler - M\u0131knat\u0131s Ar-Ge","robots":{"index":"index","follow":"follow","max-snippet":"max-snippet:-1","max-image-preview":"max-image-preview:large","max-video-preview":"max-video-preview:-1"},"canonical":"https:\/\/profaj.co\/miknatis\/tr\/urun\/manyetik-konveyorler\/","og_locale":"tr_TR","og_type":"article","og_title":"Manyetik Konvey\u00f6rler","og_description":"Manyetik Konvey\u00f6rler, kapal\u0131 yap\u0131lar\u0131 nedeniyle bir konvey\u00f6r band\u0131nda oldu\u011fu gibi hareketli par\u00e7alar\u0131 olmayan hurda konvey\u00f6rleri veya tala\u015f konvey\u00f6rleridir.","og_url":"https:\/\/profaj.co\/miknatis\/tr\/urun\/manyetik-konveyorler\/","og_site_name":"M\u0131knat\u0131s Ar-Ge","article_modified_time":"2024-08-19T13:24:33+00:00","og_image":[{"width":1500,"height":1500,"url":"https:\/\/profaj.co\/miknatis\/wp-content\/uploads\/2024\/05\/miknatis-arge_623dc15a09f01.jpg","type":"image\/jpeg"}],"twitter_card":"summary_large_image","twitter_misc":{"Tahmini okuma s\u00fcresi":"2 dakika"},"schema":{"@context":"https:\/\/schema.org","@graph":[{"@type":"WebPage","@id":"https:\/\/profaj.co\/miknatis\/tr\/urun\/manyetik-konveyorler\/","url":"https:\/\/profaj.co\/miknatis\/tr\/urun\/manyetik-konveyorler\/","name":"Manyetik Konvey\u00f6rler - M\u0131knat\u0131s Ar-Ge","isPartOf":{"@id":"https:\/\/profaj.co\/miknatis\/#website"},"datePublished":"2024-05-17T11:49:48+00:00","dateModified":"2024-08-19T13:24:33+00:00","breadcrumb":{"@id":"https:\/\/profaj.co\/miknatis\/tr\/urun\/manyetik-konveyorler\/#breadcrumb"},"inLanguage":"tr","potentialAction":[{"@type":"ReadAction","target":["https:\/\/profaj.co\/miknatis\/tr\/urun\/manyetik-konveyorler\/"]}]},{"@type":"BreadcrumbList","@id":"https:\/\/profaj.co\/miknatis\/tr\/urun\/manyetik-konveyorler\/#breadcrumb","itemListElement":[{"@type":"ListItem","position":1,"name":"Anasayfa","item":"https:\/\/profaj.co\/miknatis\/tr\/anasayfa\/"},{"@type":"ListItem","position":2,"name":"\u00dcr\u00fcnler","item":"https:\/\/profaj.co\/miknatis\/tr\/urunler\/"},{"@type":"ListItem","position":3,"name":"Manyetik Konvey\u00f6rler"}]},{"@type":"WebSite","@id":"https:\/\/profaj.co\/miknatis\/#website","url":"https:\/\/profaj.co\/miknatis\/","name":"M\u0131knat\u0131s Ar-Ge","description":"","publisher":{"@id":"https:\/\/profaj.co\/miknatis\/#organization"},"potentialAction":[{"@type":"SearchAction","target":{"@type":"EntryPoint","urlTemplate":"https:\/\/profaj.co\/miknatis\/?s={search_term_string}"},"query-input":"required name=search_term_string"}],"inLanguage":"tr"},{"@type":"Organization","@id":"https:\/\/profaj.co\/miknatis\/#organization","name":"M\u0131knat\u0131s Ar-Ge","url":"https:\/\/profaj.co\/miknatis\/","logo":{"@type":"ImageObject","inLanguage":"tr","@id":"https:\/\/profaj.co\/miknatis\/#\/schema\/logo\/image\/","url":"https:\/\/profaj.co\/miknatis\/wp-content\/uploads\/2023\/12\/logo-white.webp","contentUrl":"https:\/\/profaj.co\/miknatis\/wp-content\/uploads\/2023\/12\/logo-white.webp","width":300,"height":266,"caption":"M\u0131knat\u0131s Ar-Ge"},"image":{"@id":"https:\/\/profaj.co\/miknatis\/#\/schema\/logo\/image\/"}}]}},"lang":"tr","translations":{"tr":7118,"en":8627},"pll_sync_post":[],"_links":{"self":[{"href":"https:\/\/profaj.co\/miknatis\/wp-json\/wp\/v2\/product\/7118","targetHints":{"allow":["GET"]}}],"collection":[{"href":"https:\/\/profaj.co\/miknatis\/wp-json\/wp\/v2\/product"}],"about":[{"href":"https:\/\/profaj.co\/miknatis\/wp-json\/wp\/v2\/types\/product"}],"wp:featuredmedia":[{"embeddable":true,"href":"https:\/\/profaj.co\/miknatis\/wp-json\/wp\/v2\/media\/7121"}],"wp:attachment":[{"href":"https:\/\/profaj.co\/miknatis\/wp-json\/wp\/v2\/media?parent=7118"}],"wp:term":[{"taxonomy":"product_cat","embeddable":true,"href":"https:\/\/profaj.co\/miknatis\/wp-json\/wp\/v2\/product_cat?post=7118"},{"taxonomy":"product_tag","embeddable":true,"href":"https:\/\/profaj.co\/miknatis\/wp-json\/wp\/v2\/product_tag?post=7118"}],"curies":[{"name":"wp","href":"https:\/\/api.w.org\/{rel}","templated":true}]}}