{"id":7123,"date":"2024-05-17T14:56:21","date_gmt":"2024-05-17T11:56:21","guid":{"rendered":"https:\/\/profaj.co\/miknatis\/?post_type=product&#038;p=7123"},"modified":"2024-08-19T16:24:39","modified_gmt":"2024-08-19T13:24:39","slug":"betonerme-kalip-sabitleme-miknatisi","status":"publish","type":"product","link":"https:\/\/profaj.co\/miknatis\/tr\/urun\/betonerme-kalip-sabitleme-miknatisi\/","title":{"rendered":"Betonerme Kal\u0131p Sabitleme M\u0131knat\u0131s\u0131"},"content":{"rendered":"<p>Prefabrik ve in\u015faat sekt\u00f6r\u00fcnde yayg\u0131n olarak talep edilen manyetik kal\u0131p tutucular beton kal\u0131plar\u0131 sabitlemede kullan\u0131lmaktad\u0131r. 400 Kg ile 2000 Kg aras\u0131 tutucu g\u00fc\u00e7lerde \u00fcretilebilmektedir. Sistemde kullan\u0131lan NdFeB Neodimyum m\u0131knat\u0131slarda;\u00a0 Max. \u00c7al\u0131\u015fma S\u0131cakl\u0131\u011f\u0131: \u226480 \u00baC \u00d6zel talebe g\u00f6re \u2264195 \u00baC \u0131s\u0131ya dayan\u0131kl\u0131da yap\u0131labilmektedir.<\/p>\n<p><em><strong>Not:<\/strong><\/em>\u00a0Sabitleme g\u00fcc\u00fc m\u0131knat\u0131s\u0131n sabitlendi\u011fi metale g\u00f6re %10 daha d\u00fc\u015f\u00fck veya y\u00fcksek olabilir.<\/p>\n<p><em><strong>\u00c7al\u0131\u015fma Prensibi:\u00a0<\/strong><\/em><\/p>\n<p><img fetchpriority=\"high\" decoding=\"async\" class=\"alignnone size-medium wp-image-7124\" src=\"https:\/\/profaj.co\/miknatis\/wp-content\/uploads\/2024\/05\/266213689-300x300.jpg\" alt=\"\" width=\"300\" height=\"300\" srcset=\"https:\/\/profaj.co\/miknatis\/wp-content\/uploads\/2024\/05\/266213689-300x300.jpg 300w, https:\/\/profaj.co\/miknatis\/wp-content\/uploads\/2024\/05\/266213689-1024x1024.jpg 1024w, https:\/\/profaj.co\/miknatis\/wp-content\/uploads\/2024\/05\/266213689-150x150.jpg 150w, https:\/\/profaj.co\/miknatis\/wp-content\/uploads\/2024\/05\/266213689-768x768.jpg 768w, https:\/\/profaj.co\/miknatis\/wp-content\/uploads\/2024\/05\/266213689-1536x1536.jpg 1536w, https:\/\/profaj.co\/miknatis\/wp-content\/uploads\/2024\/05\/266213689-2048x2048.jpg 2048w, https:\/\/profaj.co\/miknatis\/wp-content\/uploads\/2024\/05\/266213689-600x600.jpg 600w, https:\/\/profaj.co\/miknatis\/wp-content\/uploads\/2024\/05\/266213689-100x100.jpg 100w, https:\/\/profaj.co\/miknatis\/wp-content\/uploads\/2024\/05\/266213689-460x460.jpg 460w\" sizes=\"(max-width: 300px) 100vw, 300px\" \/><br \/>\nButona bas\u0131ld\u0131\u011f\u0131nda (on konumu) manyetikle\u015ferek kal\u0131p sabitlenir. Butonu, aparat arac\u0131l\u0131\u011f\u0131 ile \u00e7ekti\u011finizde (off konumu)\u00a0 ise b\u0131rak\u0131r.<\/p>\n<p>&nbsp;<\/p>\n<p><em><strong>\u00d6zellikler ve Avantajlar<\/strong><\/em><\/p>\n<p>\u0130\u015f\u00e7ilik\u2019ten tasarruf,Mevcut ah\u015fap veya \u00e7elik kal\u0131plar\u0131n\u0131z\u0131 kaynaks\u0131z, vidas\u0131z\u00a0 masan\u0131za zarar vermeden y\u00fcksek performansl\u0131 m\u0131knat\u0131slarla sadece sabitleme tu\u015funa basarak sabitleyebilirsiniz.<\/p>\n<ul>\n<li>Kal\u0131ptan tasarruf,<\/li>\n<li>Zaman\u2019dan tasarruf,<\/li>\n<li>Kaynakla zaman kaybetmeden s\u00fcratli bir \u015fekilde kal\u0131b\u0131n\u0131z\u0131 \u00e7elik masa \u00fczerinde istediginiz her pozisyonda sabitleyip \u00f6zel \u00e7\u00f6zme (B\u0131rakt\u0131rma aparat\u0131) aletleriylede gerekti\u011finde kolayl\u0131kla \u00e7\u00f6zebilirsiniz.<\/li>\n<li>Masan\u0131z\u0131n y\u00fczeyi zarar g\u00f6rmez. Bu sayede p\u00fcr\u00fczs\u00fcz masan\u0131z\u0131n y\u00fczeyi beton elemanlar\u0131n\u0131z\u0131n y\u00fczeyine yans\u0131r.<\/li>\n<li>Prefabrik betonarme\u00a0 elemanlar\u0131n\u0131z\u0131n kalitesi artar.<\/li>\n<li>\u00c7elik masan\u0131z\u0131n \u00f6mr\u00fc uzar.<\/li>\n<li>M\u0131knat\u0131slar\u0131n maliyeti yap\u0131lacak tasarruf sayesinde yak\u0131n zamanda amorti\u00a0edilebilir.\u00a0 M\u0131knat\u0131salar\u0131n uzun \u00f6m\u00fcrl\u00fc olmas\u0131 sebebiyle\u00a0 amorti\u00a0sonrasi yap\u0131lacak tasarruf net kazanca d\u00f6necektir.<img decoding=\"async\" class=\"alignnone size-full wp-image-7125\" src=\"https:\/\/profaj.co\/miknatis\/wp-content\/uploads\/2024\/05\/1747136612.jpg\" alt=\"\" width=\"285\" height=\"250\" \/> <img decoding=\"async\" class=\"alignnone size-medium wp-image-7126\" src=\"https:\/\/profaj.co\/miknatis\/wp-content\/uploads\/2024\/05\/1507065541-300x263.jpg\" alt=\"\" width=\"300\" height=\"263\" srcset=\"https:\/\/profaj.co\/miknatis\/wp-content\/uploads\/2024\/05\/1507065541-300x263.jpg 300w, https:\/\/profaj.co\/miknatis\/wp-content\/uploads\/2024\/05\/1507065541-768x673.jpg 768w, https:\/\/profaj.co\/miknatis\/wp-content\/uploads\/2024\/05\/1507065541-600x526.jpg 600w, https:\/\/profaj.co\/miknatis\/wp-content\/uploads\/2024\/05\/1507065541.jpg 905w\" sizes=\"(max-width: 300px) 100vw, 300px\" \/> <img loading=\"lazy\" decoding=\"async\" class=\"alignnone size-medium wp-image-7127\" src=\"https:\/\/profaj.co\/miknatis\/wp-content\/uploads\/2024\/05\/420171624-300x238.jpg\" alt=\"\" width=\"300\" height=\"238\" srcset=\"https:\/\/profaj.co\/miknatis\/wp-content\/uploads\/2024\/05\/420171624-300x238.jpg 300w, https:\/\/profaj.co\/miknatis\/wp-content\/uploads\/2024\/05\/420171624-768x610.jpg 768w, https:\/\/profaj.co\/miknatis\/wp-content\/uploads\/2024\/05\/420171624-600x477.jpg 600w, https:\/\/profaj.co\/miknatis\/wp-content\/uploads\/2024\/05\/420171624.jpg 998w\" sizes=\"(max-width: 300px) 100vw, 300px\" \/>\n<div class=\"col-lg-9 order-lg-2 mb-5 mb-lg-0 appear-animation animated fadeInUpShorter appear-animation-visible\" data-appear-animation=\"fadeInUpShorter\" data-appear-animation-delay=\"500\">\n<div class=\"tabs\">\n<div class=\"tab-content\">\n<div id=\"aciklama\" class=\"tab-pane active\">\n<p><em><strong>Daha fazla bilgi ya da \u00f6zel \u00e7\u00f6z\u00fcmler i\u00e7in l\u00fctfen ileti\u015fime ge\u00e7iniz.<\/strong><\/em><\/p>\n<\/div>\n<\/div>\n<\/div>\n<\/div>\n<div class=\"col-lg-3 order-lg-1 appear-animation animated fadeInUpShorter appear-animation-visible\" data-appear-animation=\"fadeInUpShorter\" data-appear-animation-delay=\"250\">\n<div class=\"lightbox\" data-plugin-options=\"{'delegate': 'a', 'type': 'image', 'gallery': {'enabled': true}, 'mainClass': 'mfp-with-zoom', 'zoom': {'enabled': true, 'duration': 300}}\">\n<div class=\"thumb-gallery-wrapper\">\n<div class=\"thumb-gallery-detail owl-carousel owl-theme manual nav-inside nav-style-1 nav-dark mb-3 owl-loaded owl-drag\">\n<div class=\"owl-stage-outer owl-height\"><\/div>\n<\/div>\n<div class=\"thumb-gallery-thumbs owl-carousel owl-theme manual thumb-gallery-thumbs owl-loaded owl-drag\">\n<div class=\"owl-stage-outer\">\n<div class=\"owl-stage\"><\/div>\n<\/div>\n<\/div>\n<\/div>\n<\/div>\n<\/div>\n<\/li>\n<\/ul>\n","protected":false},"excerpt":{"rendered":"<p>Prefabrik ve in\u015faat sekt\u00f6r\u00fcnde yayg\u0131n olarak talep edilen manyetik kal\u0131p tutucular beton kal\u0131plar\u0131 sabitlemede kullan\u0131lmaktad\u0131r. 400 Kg ile 2000 Kg aras\u0131 tutucu g\u00fc\u00e7lerde \u00fcretilebilmektedir. Sistemde kullan\u0131lan NdFeB Neodimyum m\u0131knat\u0131slarda;\u00a0 Max. \u00c7al\u0131\u015fma S\u0131cakl\u0131\u011f\u0131: \u226480 \u00baC \u00d6zel talebe g\u00f6re \u2264195 \u00baC \u0131s\u0131ya dayan\u0131kl\u0131da yap\u0131labilmektedir. Not:\u00a0Sabitleme g\u00fcc\u00fc m\u0131knat\u0131s\u0131n sabitlendi\u011fi metale g\u00f6re %10 daha d\u00fc\u015f\u00fck veya y\u00fcksek olabilir. \u00c7al\u0131\u015fma [&hellip;]<\/p>\n","protected":false},"featured_media":7128,"template":"","meta":[],"product_cat":[119],"product_tag":[],"class_list":["post-7123","product","type-product","status-publish","has-post-thumbnail","hentry","product_cat-manyetik-tasiyici-ve-tutucular"],"acf":[],"yoast_head":"<!-- This site is optimized with the Yoast SEO Premium plugin v22.1 (Yoast SEO v22.1) - https:\/\/yoast.com\/wordpress\/plugins\/seo\/ -->\n<title>Betonerme Kal\u0131p Sabitleme M\u0131knat\u0131s\u0131 - M\u0131knat\u0131s Ar-Ge<\/title>\n<meta name=\"robots\" content=\"index, follow, max-snippet:-1, max-image-preview:large, max-video-preview:-1\" \/>\n<link rel=\"canonical\" href=\"https:\/\/profaj.co\/miknatis\/tr\/urun\/betonerme-kalip-sabitleme-miknatisi\/\" \/>\n<meta property=\"og:locale\" content=\"tr_TR\" \/>\n<meta property=\"og:type\" content=\"article\" \/>\n<meta property=\"og:title\" content=\"Betonerme Kal\u0131p Sabitleme M\u0131knat\u0131s\u0131\" \/>\n<meta property=\"og:description\" content=\"Prefabrik ve in\u015faat sekt\u00f6r\u00fcnde yayg\u0131n olarak talep edilen manyetik kal\u0131p tutucular beton kal\u0131plar\u0131 sabitlemede kullan\u0131lmaktad\u0131r. 400 Kg ile 2000 Kg aras\u0131 tutucu g\u00fc\u00e7lerde \u00fcretilebilmektedir. Sistemde kullan\u0131lan NdFeB Neodimyum m\u0131knat\u0131slarda;\u00a0 Max. \u00c7al\u0131\u015fma S\u0131cakl\u0131\u011f\u0131: \u226480 \u00baC \u00d6zel talebe g\u00f6re \u2264195 \u00baC \u0131s\u0131ya dayan\u0131kl\u0131da yap\u0131labilmektedir. Not:\u00a0Sabitleme g\u00fcc\u00fc m\u0131knat\u0131s\u0131n sabitlendi\u011fi metale g\u00f6re %10 daha d\u00fc\u015f\u00fck veya y\u00fcksek olabilir. \u00c7al\u0131\u015fma [&hellip;]\" \/>\n<meta property=\"og:url\" content=\"https:\/\/profaj.co\/miknatis\/tr\/urun\/betonerme-kalip-sabitleme-miknatisi\/\" \/>\n<meta property=\"og:site_name\" content=\"M\u0131knat\u0131s Ar-Ge\" \/>\n<meta property=\"article:modified_time\" content=\"2024-08-19T13:24:39+00:00\" \/>\n<meta property=\"og:image\" content=\"https:\/\/profaj.co\/miknatis\/wp-content\/uploads\/2024\/05\/miknatis-arge_623da29262f9e.jpg\" \/>\n\t<meta property=\"og:image:width\" content=\"1500\" \/>\n\t<meta property=\"og:image:height\" content=\"1500\" \/>\n\t<meta property=\"og:image:type\" content=\"image\/jpeg\" \/>\n<meta name=\"twitter:card\" content=\"summary_large_image\" \/>\n<meta name=\"twitter:label1\" content=\"Tahmini okuma s\u00fcresi\" \/>\n\t<meta name=\"twitter:data1\" content=\"3 dakika\" \/>\n<script type=\"application\/ld+json\" class=\"yoast-schema-graph\">{\"@context\":\"https:\/\/schema.org\",\"@graph\":[{\"@type\":\"WebPage\",\"@id\":\"https:\/\/profaj.co\/miknatis\/tr\/urun\/betonerme-kalip-sabitleme-miknatisi\/\",\"url\":\"https:\/\/profaj.co\/miknatis\/tr\/urun\/betonerme-kalip-sabitleme-miknatisi\/\",\"name\":\"Betonerme Kal\u0131p Sabitleme M\u0131knat\u0131s\u0131 - M\u0131knat\u0131s Ar-Ge\",\"isPartOf\":{\"@id\":\"https:\/\/profaj.co\/miknatis\/#website\"},\"datePublished\":\"2024-05-17T11:56:21+00:00\",\"dateModified\":\"2024-08-19T13:24:39+00:00\",\"breadcrumb\":{\"@id\":\"https:\/\/profaj.co\/miknatis\/tr\/urun\/betonerme-kalip-sabitleme-miknatisi\/#breadcrumb\"},\"inLanguage\":\"tr\",\"potentialAction\":[{\"@type\":\"ReadAction\",\"target\":[\"https:\/\/profaj.co\/miknatis\/tr\/urun\/betonerme-kalip-sabitleme-miknatisi\/\"]}]},{\"@type\":\"BreadcrumbList\",\"@id\":\"https:\/\/profaj.co\/miknatis\/tr\/urun\/betonerme-kalip-sabitleme-miknatisi\/#breadcrumb\",\"itemListElement\":[{\"@type\":\"ListItem\",\"position\":1,\"name\":\"Anasayfa\",\"item\":\"https:\/\/profaj.co\/miknatis\/tr\/anasayfa\/\"},{\"@type\":\"ListItem\",\"position\":2,\"name\":\"\u00dcr\u00fcnler\",\"item\":\"https:\/\/profaj.co\/miknatis\/tr\/urunler\/\"},{\"@type\":\"ListItem\",\"position\":3,\"name\":\"Betonerme Kal\u0131p Sabitleme M\u0131knat\u0131s\u0131\"}]},{\"@type\":\"WebSite\",\"@id\":\"https:\/\/profaj.co\/miknatis\/#website\",\"url\":\"https:\/\/profaj.co\/miknatis\/\",\"name\":\"M\u0131knat\u0131s Ar-Ge\",\"description\":\"\",\"publisher\":{\"@id\":\"https:\/\/profaj.co\/miknatis\/#organization\"},\"potentialAction\":[{\"@type\":\"SearchAction\",\"target\":{\"@type\":\"EntryPoint\",\"urlTemplate\":\"https:\/\/profaj.co\/miknatis\/?s={search_term_string}\"},\"query-input\":\"required name=search_term_string\"}],\"inLanguage\":\"tr\"},{\"@type\":\"Organization\",\"@id\":\"https:\/\/profaj.co\/miknatis\/#organization\",\"name\":\"M\u0131knat\u0131s Ar-Ge\",\"url\":\"https:\/\/profaj.co\/miknatis\/\",\"logo\":{\"@type\":\"ImageObject\",\"inLanguage\":\"tr\",\"@id\":\"https:\/\/profaj.co\/miknatis\/#\/schema\/logo\/image\/\",\"url\":\"https:\/\/profaj.co\/miknatis\/wp-content\/uploads\/2023\/12\/logo-white.webp\",\"contentUrl\":\"https:\/\/profaj.co\/miknatis\/wp-content\/uploads\/2023\/12\/logo-white.webp\",\"width\":300,\"height\":266,\"caption\":\"M\u0131knat\u0131s Ar-Ge\"},\"image\":{\"@id\":\"https:\/\/profaj.co\/miknatis\/#\/schema\/logo\/image\/\"}}]}<\/script>\n<!-- \/ Yoast SEO Premium plugin. -->","yoast_head_json":{"title":"Betonerme Kal\u0131p Sabitleme M\u0131knat\u0131s\u0131 - M\u0131knat\u0131s Ar-Ge","robots":{"index":"index","follow":"follow","max-snippet":"max-snippet:-1","max-image-preview":"max-image-preview:large","max-video-preview":"max-video-preview:-1"},"canonical":"https:\/\/profaj.co\/miknatis\/tr\/urun\/betonerme-kalip-sabitleme-miknatisi\/","og_locale":"tr_TR","og_type":"article","og_title":"Betonerme Kal\u0131p Sabitleme M\u0131knat\u0131s\u0131","og_description":"Prefabrik ve in\u015faat sekt\u00f6r\u00fcnde yayg\u0131n olarak talep edilen manyetik kal\u0131p tutucular beton kal\u0131plar\u0131 sabitlemede kullan\u0131lmaktad\u0131r. 400 Kg ile 2000 Kg aras\u0131 tutucu g\u00fc\u00e7lerde \u00fcretilebilmektedir. Sistemde kullan\u0131lan NdFeB Neodimyum m\u0131knat\u0131slarda;\u00a0 Max. \u00c7al\u0131\u015fma S\u0131cakl\u0131\u011f\u0131: \u226480 \u00baC \u00d6zel talebe g\u00f6re \u2264195 \u00baC \u0131s\u0131ya dayan\u0131kl\u0131da yap\u0131labilmektedir. Not:\u00a0Sabitleme g\u00fcc\u00fc m\u0131knat\u0131s\u0131n sabitlendi\u011fi metale g\u00f6re %10 daha d\u00fc\u015f\u00fck veya y\u00fcksek olabilir. \u00c7al\u0131\u015fma [&hellip;]","og_url":"https:\/\/profaj.co\/miknatis\/tr\/urun\/betonerme-kalip-sabitleme-miknatisi\/","og_site_name":"M\u0131knat\u0131s Ar-Ge","article_modified_time":"2024-08-19T13:24:39+00:00","og_image":[{"width":1500,"height":1500,"url":"https:\/\/profaj.co\/miknatis\/wp-content\/uploads\/2024\/05\/miknatis-arge_623da29262f9e.jpg","type":"image\/jpeg"}],"twitter_card":"summary_large_image","twitter_misc":{"Tahmini okuma s\u00fcresi":"3 dakika"},"schema":{"@context":"https:\/\/schema.org","@graph":[{"@type":"WebPage","@id":"https:\/\/profaj.co\/miknatis\/tr\/urun\/betonerme-kalip-sabitleme-miknatisi\/","url":"https:\/\/profaj.co\/miknatis\/tr\/urun\/betonerme-kalip-sabitleme-miknatisi\/","name":"Betonerme Kal\u0131p Sabitleme M\u0131knat\u0131s\u0131 - M\u0131knat\u0131s Ar-Ge","isPartOf":{"@id":"https:\/\/profaj.co\/miknatis\/#website"},"datePublished":"2024-05-17T11:56:21+00:00","dateModified":"2024-08-19T13:24:39+00:00","breadcrumb":{"@id":"https:\/\/profaj.co\/miknatis\/tr\/urun\/betonerme-kalip-sabitleme-miknatisi\/#breadcrumb"},"inLanguage":"tr","potentialAction":[{"@type":"ReadAction","target":["https:\/\/profaj.co\/miknatis\/tr\/urun\/betonerme-kalip-sabitleme-miknatisi\/"]}]},{"@type":"BreadcrumbList","@id":"https:\/\/profaj.co\/miknatis\/tr\/urun\/betonerme-kalip-sabitleme-miknatisi\/#breadcrumb","itemListElement":[{"@type":"ListItem","position":1,"name":"Anasayfa","item":"https:\/\/profaj.co\/miknatis\/tr\/anasayfa\/"},{"@type":"ListItem","position":2,"name":"\u00dcr\u00fcnler","item":"https:\/\/profaj.co\/miknatis\/tr\/urunler\/"},{"@type":"ListItem","position":3,"name":"Betonerme Kal\u0131p Sabitleme M\u0131knat\u0131s\u0131"}]},{"@type":"WebSite","@id":"https:\/\/profaj.co\/miknatis\/#website","url":"https:\/\/profaj.co\/miknatis\/","name":"M\u0131knat\u0131s Ar-Ge","description":"","publisher":{"@id":"https:\/\/profaj.co\/miknatis\/#organization"},"potentialAction":[{"@type":"SearchAction","target":{"@type":"EntryPoint","urlTemplate":"https:\/\/profaj.co\/miknatis\/?s={search_term_string}"},"query-input":"required name=search_term_string"}],"inLanguage":"tr"},{"@type":"Organization","@id":"https:\/\/profaj.co\/miknatis\/#organization","name":"M\u0131knat\u0131s Ar-Ge","url":"https:\/\/profaj.co\/miknatis\/","logo":{"@type":"ImageObject","inLanguage":"tr","@id":"https:\/\/profaj.co\/miknatis\/#\/schema\/logo\/image\/","url":"https:\/\/profaj.co\/miknatis\/wp-content\/uploads\/2023\/12\/logo-white.webp","contentUrl":"https:\/\/profaj.co\/miknatis\/wp-content\/uploads\/2023\/12\/logo-white.webp","width":300,"height":266,"caption":"M\u0131knat\u0131s Ar-Ge"},"image":{"@id":"https:\/\/profaj.co\/miknatis\/#\/schema\/logo\/image\/"}}]}},"lang":"tr","translations":{"tr":7123,"en":8636},"pll_sync_post":[],"_links":{"self":[{"href":"https:\/\/profaj.co\/miknatis\/wp-json\/wp\/v2\/product\/7123","targetHints":{"allow":["GET"]}}],"collection":[{"href":"https:\/\/profaj.co\/miknatis\/wp-json\/wp\/v2\/product"}],"about":[{"href":"https:\/\/profaj.co\/miknatis\/wp-json\/wp\/v2\/types\/product"}],"wp:featuredmedia":[{"embeddable":true,"href":"https:\/\/profaj.co\/miknatis\/wp-json\/wp\/v2\/media\/7128"}],"wp:attachment":[{"href":"https:\/\/profaj.co\/miknatis\/wp-json\/wp\/v2\/media?parent=7123"}],"wp:term":[{"taxonomy":"product_cat","embeddable":true,"href":"https:\/\/profaj.co\/miknatis\/wp-json\/wp\/v2\/product_cat?post=7123"},{"taxonomy":"product_tag","embeddable":true,"href":"https:\/\/profaj.co\/miknatis\/wp-json\/wp\/v2\/product_tag?post=7123"}],"curies":[{"name":"wp","href":"https:\/\/api.w.org\/{rel}","templated":true}]}}