{"id":7135,"date":"2024-05-17T15:26:23","date_gmt":"2024-05-17T12:26:23","guid":{"rendered":"https:\/\/profaj.co\/miknatis\/?post_type=product&#038;p=7135"},"modified":"2024-05-17T15:27:50","modified_gmt":"2024-05-17T12:27:50","slug":"cift-sensorlu-metal-dedektorleri","status":"publish","type":"product","link":"https:\/\/profaj.co\/miknatis\/tr\/urun\/cift-sensorlu-metal-dedektorleri\/","title":{"rendered":"\u00c7ift Sens\u00f6rl\u00fc Metal Dedekt\u00f6rleri"},"content":{"rendered":"<p>\u00c7ift Sens\u00f6rl\u00fc Metal Dedekt\u00f6rler; konvey\u00f6r bant\u0131n\u0131n alt\u0131na ve \u00fcst\u00fcne tak\u0131larak bant \u00fcst\u00fcnden ge\u00e7en malzeme i\u00e7erisinde bulunabilecek ve prosesteki makinalara zarar verebilecek boyuttaki metalleri alg\u0131lamak ve sesli ve \u0131\u015f\u0131kl\u0131 ikaz vermesi amac\u0131 ile tasarlanm\u0131\u015f ve \u00fcretilmi\u015ftir. \u0130stenildi\u011finde ba\u015fka bir hareketi tetikleyecek sinyal verebilir. Tek sens\u00f6rlu\u0308 metal dedekt\u00f6rlere g\u00f6re daha hassast\u0131rlar ve bant u\u0308stu\u0308 malzeme yu\u0308ksekli\u011fi 15 cm den fazla olan yerlerde kullan\u0131l\u0131r.\u00a0Sens\u00f6r aral\u0131\u011f\u0131 artt\u0131k\u00e7a alg\u0131lama hassasiyeti du\u0308\u015fer, aral\u0131k azald\u0131k\u00e7a hassasiyet yu\u0308kselir.<\/p>\n<p><em><strong>Teknik \u00d6zellikleri :<\/strong><\/em><\/p>\n<ul>\n<li>2 x 1 mm LIYCY kablo, \u00a0LCD dijital ekran, Say\u0131sal de\u011fer vererek hassasiyet ayar\u0131, Bekleme ve gecikme s\u00fcresi verebilme, Otomatik ve manuel reset ayar\u0131, 2 adet\u00a0metal r\u00f6lesi ve 1 adet ar\u0131za r\u00f6lesi, Parazit ayar\u0131, \u00dcr\u00fcn s\u0131f\u0131rlama ve sayma, \u00d6nceden veya sonrada per\u00e7in sens\u00f6r\u00fc ba\u011flanabilme \u00f6zelli\u011fi<\/li>\n<li>\u0130kaz r\u00f6lesi : 6 Amp Envers\u00f6r\u00a0\u00a0 \u00a0\u00a0\u00a0\u00a0\u00a0Ar\u0131za r\u00f6lesi : 6 Amp Envers\u00f6r.\u00a0\u00a0 Pano : IP 65<\/li>\n<li>Alg\u0131layaca\u011f\u0131 metal boyutlar\u0131:\u00a0\u2265 30 mm Ortam \u00e7al\u0131\u015fma s\u0131cakl\u0131\u011f\u0131 : -20 \u00baC \/ +40\u00a0 \u00baC<\/li>\n<li>Voltaj : 220\u00b110% 50Hz\u00a0\u00a0 \u00d6nerilen Besleme Bant H\u0131z\u0131: 1,49 -1,07 m\/s<\/li>\n<\/ul>\n<p><strong><em>Avantajlar\u0131:<\/em><\/strong><\/p>\n<ul>\n<li>Tek sens\u00f6rl\u00fc metal dedekt\u00f6rlere g\u00f6re daha hassast\u0131rlar<\/li>\n<li>Alg\u0131lama hassasiyeti ayarlanabilir<\/li>\n<li>Metal dedekt\u00f6r kontrol panosu dijital g\u00f6stergeli olup ayar i\u015flemleri say\u0131sal de\u011fer verilerek yap\u0131l\u0131r<\/li>\n<li>Parazit, yanl\u0131\u015f alarm, toprak ve telsiz sinyali gibi olumsuzluklara kar\u015f\u0131 parazit ayar\u0131 men\u00fcs\u00fc vard\u0131r<\/li>\n<li>Montaj\u0131 kolay olup ta\u015f\u0131y\u0131c\u0131 sistemde yap\u0131sal de\u011fi\u015fiklik gerektirmez<\/li>\n<li>Metal dedekt\u00f6r uyar\u0131 ve ikaz sistemi sesli veya \u0131\u015f\u0131kl\u0131 olup ayr\u0131ca bir ba\u011flant\u0131 gerektirmez<\/li>\n<li>Metal Raptiye (per\u00e7in) ile ekli bantlarda rahatl\u0131kla kullan\u0131labilir. Per\u00e7in sens\u00f6r\u00fc ba\u011flant\u0131s\u0131 standart olup sonradan tak\u0131labilir<\/li>\n<li>\u00dcr\u00fcn red sistemi ba\u011flant\u0131s\u0131 ve hatal\u0131 \u00fcr\u00fcn sayma-s\u0131f\u0131rlama\u00a0mevcuttur.<\/li>\n<\/ul>\n<p><em><strong>Detayl\u0131 bilgi i\u00e7in ileti\u015fime ge\u00e7iniz.<\/strong><\/em><\/p>\n","protected":false},"excerpt":{"rendered":"<p>\u00c7ift Sens\u00f6rl\u00fc Metal Dedekt\u00f6rler; konvey\u00f6r bant\u0131n\u0131n alt\u0131na ve \u00fcst\u00fcne tak\u0131larak bant \u00fcst\u00fcnden ge\u00e7en malzeme i\u00e7erisinde bulunabilecek ve prosesteki makinalara zarar verebilecek boyuttaki metalleri alg\u0131lamak ve sesli ve \u0131\u015f\u0131kl\u0131 ikaz vermesi amac\u0131 ile tasarlanm\u0131\u015f ve \u00fcretilmi\u015ftir.<\/p>\n","protected":false},"featured_media":7136,"template":"","meta":[],"product_cat":[80],"product_tag":[],"class_list":["post-7135","product","type-product","status-publish","has-post-thumbnail","hentry","product_cat-metal-dedektorleri"],"acf":[],"yoast_head":"<!-- This site is optimized with the Yoast SEO Premium plugin v22.1 (Yoast SEO v22.1) - https:\/\/yoast.com\/wordpress\/plugins\/seo\/ -->\n<title>\u00c7ift Sens\u00f6rl\u00fc Metal Dedekt\u00f6rleri - M\u0131knat\u0131s Ar-Ge<\/title>\n<meta name=\"robots\" content=\"index, follow, max-snippet:-1, max-image-preview:large, max-video-preview:-1\" \/>\n<link rel=\"canonical\" href=\"https:\/\/profaj.co\/miknatis\/tr\/urun\/cift-sensorlu-metal-dedektorleri\/\" \/>\n<meta property=\"og:locale\" content=\"tr_TR\" \/>\n<meta property=\"og:type\" content=\"article\" \/>\n<meta property=\"og:title\" content=\"\u00c7ift Sens\u00f6rl\u00fc Metal Dedekt\u00f6rleri\" \/>\n<meta property=\"og:description\" content=\"\u00c7ift Sens\u00f6rl\u00fc Metal Dedekt\u00f6rler; konvey\u00f6r bant\u0131n\u0131n alt\u0131na ve \u00fcst\u00fcne tak\u0131larak bant \u00fcst\u00fcnden ge\u00e7en malzeme i\u00e7erisinde bulunabilecek ve prosesteki makinalara zarar verebilecek boyuttaki metalleri alg\u0131lamak ve sesli ve \u0131\u015f\u0131kl\u0131 ikaz vermesi amac\u0131 ile tasarlanm\u0131\u015f ve \u00fcretilmi\u015ftir.\" \/>\n<meta property=\"og:url\" content=\"https:\/\/profaj.co\/miknatis\/tr\/urun\/cift-sensorlu-metal-dedektorleri\/\" \/>\n<meta property=\"og:site_name\" content=\"M\u0131knat\u0131s Ar-Ge\" \/>\n<meta property=\"article:modified_time\" content=\"2024-05-17T12:27:50+00:00\" \/>\n<meta property=\"og:image\" content=\"https:\/\/profaj.co\/miknatis\/wp-content\/uploads\/2024\/05\/miknatis-arge_623aede2d593e.jpg\" \/>\n\t<meta property=\"og:image:width\" content=\"1500\" \/>\n\t<meta property=\"og:image:height\" content=\"1500\" \/>\n\t<meta property=\"og:image:type\" content=\"image\/jpeg\" \/>\n<meta name=\"twitter:card\" content=\"summary_large_image\" \/>\n<meta name=\"twitter:label1\" content=\"Tahmini okuma s\u00fcresi\" \/>\n\t<meta name=\"twitter:data1\" content=\"2 dakika\" \/>\n<script type=\"application\/ld+json\" class=\"yoast-schema-graph\">{\"@context\":\"https:\/\/schema.org\",\"@graph\":[{\"@type\":\"WebPage\",\"@id\":\"https:\/\/profaj.co\/miknatis\/tr\/urun\/cift-sensorlu-metal-dedektorleri\/\",\"url\":\"https:\/\/profaj.co\/miknatis\/tr\/urun\/cift-sensorlu-metal-dedektorleri\/\",\"name\":\"\u00c7ift Sens\u00f6rl\u00fc Metal Dedekt\u00f6rleri - M\u0131knat\u0131s Ar-Ge\",\"isPartOf\":{\"@id\":\"https:\/\/profaj.co\/miknatis\/#website\"},\"datePublished\":\"2024-05-17T12:26:23+00:00\",\"dateModified\":\"2024-05-17T12:27:50+00:00\",\"breadcrumb\":{\"@id\":\"https:\/\/profaj.co\/miknatis\/tr\/urun\/cift-sensorlu-metal-dedektorleri\/#breadcrumb\"},\"inLanguage\":\"tr\",\"potentialAction\":[{\"@type\":\"ReadAction\",\"target\":[\"https:\/\/profaj.co\/miknatis\/tr\/urun\/cift-sensorlu-metal-dedektorleri\/\"]}]},{\"@type\":\"BreadcrumbList\",\"@id\":\"https:\/\/profaj.co\/miknatis\/tr\/urun\/cift-sensorlu-metal-dedektorleri\/#breadcrumb\",\"itemListElement\":[{\"@type\":\"ListItem\",\"position\":1,\"name\":\"Anasayfa\",\"item\":\"https:\/\/profaj.co\/miknatis\/tr\/anasayfa\/\"},{\"@type\":\"ListItem\",\"position\":2,\"name\":\"\u00dcr\u00fcnler\",\"item\":\"https:\/\/profaj.co\/miknatis\/tr\/urunler\/\"},{\"@type\":\"ListItem\",\"position\":3,\"name\":\"\u00c7ift Sens\u00f6rl\u00fc Metal Dedekt\u00f6rleri\"}]},{\"@type\":\"WebSite\",\"@id\":\"https:\/\/profaj.co\/miknatis\/#website\",\"url\":\"https:\/\/profaj.co\/miknatis\/\",\"name\":\"M\u0131knat\u0131s Ar-Ge\",\"description\":\"\",\"publisher\":{\"@id\":\"https:\/\/profaj.co\/miknatis\/#organization\"},\"potentialAction\":[{\"@type\":\"SearchAction\",\"target\":{\"@type\":\"EntryPoint\",\"urlTemplate\":\"https:\/\/profaj.co\/miknatis\/?s={search_term_string}\"},\"query-input\":\"required name=search_term_string\"}],\"inLanguage\":\"tr\"},{\"@type\":\"Organization\",\"@id\":\"https:\/\/profaj.co\/miknatis\/#organization\",\"name\":\"M\u0131knat\u0131s Ar-Ge\",\"url\":\"https:\/\/profaj.co\/miknatis\/\",\"logo\":{\"@type\":\"ImageObject\",\"inLanguage\":\"tr\",\"@id\":\"https:\/\/profaj.co\/miknatis\/#\/schema\/logo\/image\/\",\"url\":\"https:\/\/profaj.co\/miknatis\/wp-content\/uploads\/2023\/12\/logo-white.webp\",\"contentUrl\":\"https:\/\/profaj.co\/miknatis\/wp-content\/uploads\/2023\/12\/logo-white.webp\",\"width\":300,\"height\":266,\"caption\":\"M\u0131knat\u0131s Ar-Ge\"},\"image\":{\"@id\":\"https:\/\/profaj.co\/miknatis\/#\/schema\/logo\/image\/\"}}]}<\/script>\n<!-- \/ Yoast SEO Premium plugin. -->","yoast_head_json":{"title":"\u00c7ift Sens\u00f6rl\u00fc Metal Dedekt\u00f6rleri - M\u0131knat\u0131s Ar-Ge","robots":{"index":"index","follow":"follow","max-snippet":"max-snippet:-1","max-image-preview":"max-image-preview:large","max-video-preview":"max-video-preview:-1"},"canonical":"https:\/\/profaj.co\/miknatis\/tr\/urun\/cift-sensorlu-metal-dedektorleri\/","og_locale":"tr_TR","og_type":"article","og_title":"\u00c7ift Sens\u00f6rl\u00fc Metal Dedekt\u00f6rleri","og_description":"\u00c7ift Sens\u00f6rl\u00fc Metal Dedekt\u00f6rler; konvey\u00f6r bant\u0131n\u0131n alt\u0131na ve \u00fcst\u00fcne tak\u0131larak bant \u00fcst\u00fcnden ge\u00e7en malzeme i\u00e7erisinde bulunabilecek ve prosesteki makinalara zarar verebilecek boyuttaki metalleri alg\u0131lamak ve sesli ve \u0131\u015f\u0131kl\u0131 ikaz vermesi amac\u0131 ile tasarlanm\u0131\u015f ve \u00fcretilmi\u015ftir.","og_url":"https:\/\/profaj.co\/miknatis\/tr\/urun\/cift-sensorlu-metal-dedektorleri\/","og_site_name":"M\u0131knat\u0131s Ar-Ge","article_modified_time":"2024-05-17T12:27:50+00:00","og_image":[{"width":1500,"height":1500,"url":"https:\/\/profaj.co\/miknatis\/wp-content\/uploads\/2024\/05\/miknatis-arge_623aede2d593e.jpg","type":"image\/jpeg"}],"twitter_card":"summary_large_image","twitter_misc":{"Tahmini okuma s\u00fcresi":"2 dakika"},"schema":{"@context":"https:\/\/schema.org","@graph":[{"@type":"WebPage","@id":"https:\/\/profaj.co\/miknatis\/tr\/urun\/cift-sensorlu-metal-dedektorleri\/","url":"https:\/\/profaj.co\/miknatis\/tr\/urun\/cift-sensorlu-metal-dedektorleri\/","name":"\u00c7ift Sens\u00f6rl\u00fc Metal Dedekt\u00f6rleri - M\u0131knat\u0131s Ar-Ge","isPartOf":{"@id":"https:\/\/profaj.co\/miknatis\/#website"},"datePublished":"2024-05-17T12:26:23+00:00","dateModified":"2024-05-17T12:27:50+00:00","breadcrumb":{"@id":"https:\/\/profaj.co\/miknatis\/tr\/urun\/cift-sensorlu-metal-dedektorleri\/#breadcrumb"},"inLanguage":"tr","potentialAction":[{"@type":"ReadAction","target":["https:\/\/profaj.co\/miknatis\/tr\/urun\/cift-sensorlu-metal-dedektorleri\/"]}]},{"@type":"BreadcrumbList","@id":"https:\/\/profaj.co\/miknatis\/tr\/urun\/cift-sensorlu-metal-dedektorleri\/#breadcrumb","itemListElement":[{"@type":"ListItem","position":1,"name":"Anasayfa","item":"https:\/\/profaj.co\/miknatis\/tr\/anasayfa\/"},{"@type":"ListItem","position":2,"name":"\u00dcr\u00fcnler","item":"https:\/\/profaj.co\/miknatis\/tr\/urunler\/"},{"@type":"ListItem","position":3,"name":"\u00c7ift Sens\u00f6rl\u00fc Metal Dedekt\u00f6rleri"}]},{"@type":"WebSite","@id":"https:\/\/profaj.co\/miknatis\/#website","url":"https:\/\/profaj.co\/miknatis\/","name":"M\u0131knat\u0131s Ar-Ge","description":"","publisher":{"@id":"https:\/\/profaj.co\/miknatis\/#organization"},"potentialAction":[{"@type":"SearchAction","target":{"@type":"EntryPoint","urlTemplate":"https:\/\/profaj.co\/miknatis\/?s={search_term_string}"},"query-input":"required name=search_term_string"}],"inLanguage":"tr"},{"@type":"Organization","@id":"https:\/\/profaj.co\/miknatis\/#organization","name":"M\u0131knat\u0131s Ar-Ge","url":"https:\/\/profaj.co\/miknatis\/","logo":{"@type":"ImageObject","inLanguage":"tr","@id":"https:\/\/profaj.co\/miknatis\/#\/schema\/logo\/image\/","url":"https:\/\/profaj.co\/miknatis\/wp-content\/uploads\/2023\/12\/logo-white.webp","contentUrl":"https:\/\/profaj.co\/miknatis\/wp-content\/uploads\/2023\/12\/logo-white.webp","width":300,"height":266,"caption":"M\u0131knat\u0131s Ar-Ge"},"image":{"@id":"https:\/\/profaj.co\/miknatis\/#\/schema\/logo\/image\/"}}]}},"lang":"tr","translations":{"tr":7135,"en":7306},"pll_sync_post":[],"_links":{"self":[{"href":"https:\/\/profaj.co\/miknatis\/wp-json\/wp\/v2\/product\/7135","targetHints":{"allow":["GET"]}}],"collection":[{"href":"https:\/\/profaj.co\/miknatis\/wp-json\/wp\/v2\/product"}],"about":[{"href":"https:\/\/profaj.co\/miknatis\/wp-json\/wp\/v2\/types\/product"}],"wp:featuredmedia":[{"embeddable":true,"href":"https:\/\/profaj.co\/miknatis\/wp-json\/wp\/v2\/media\/7136"}],"wp:attachment":[{"href":"https:\/\/profaj.co\/miknatis\/wp-json\/wp\/v2\/media?parent=7135"}],"wp:term":[{"taxonomy":"product_cat","embeddable":true,"href":"https:\/\/profaj.co\/miknatis\/wp-json\/wp\/v2\/product_cat?post=7135"},{"taxonomy":"product_tag","embeddable":true,"href":"https:\/\/profaj.co\/miknatis\/wp-json\/wp\/v2\/product_tag?post=7135"}],"curies":[{"name":"wp","href":"https:\/\/api.w.org\/{rel}","templated":true}]}}