{"id":7154,"date":"2024-05-17T15:45:35","date_gmt":"2024-05-17T12:45:35","guid":{"rendered":"https:\/\/profaj.co\/miknatis\/?post_type=product&#038;p=7154"},"modified":"2024-05-17T15:46:30","modified_gmt":"2024-05-17T12:46:30","slug":"manyetik-supurgeler","status":"publish","type":"product","link":"https:\/\/profaj.co\/miknatis\/tr\/urun\/manyetik-supurgeler\/","title":{"rendered":"Manyetik S\u00fcp\u00fcrgeler"},"content":{"rendered":"<p>Metal s\u00fcp\u00fcrgeler; fabrika, at\u00f6lye, d\u00fckkanlar, garajlar, \u015fantiyeler ve daha fazlas\u0131 i\u00e7in m\u00fckemmel bir ara\u00e7t\u0131r. 45cm ve 61cm geni\u015fli\u011fe sahip iki\u00a0farkl\u0131 boy se\u00e7ene\u011fi bulunmaktad\u0131r.<\/p>\n<p><em><strong>Klasik f\u0131r\u00e7a ve s\u00fcp\u00fcrgelerden daha verimlidir;<\/strong><\/em><\/p>\n<p>Zeminlerindeki metal d\u00f6k\u00fcnt\u00fcler i\u00e7in en iyi temizleme arac\u0131!\u00a0Manyetik g\u00fc\u00e7le temizlik yapan bu s\u00fcp\u00fcrge ile f\u0131r\u00e7a ve fara\u015fla yapt\u0131\u011f\u0131n\u0131z e\u011fil kalk hareketlerini yapmazs\u0131n\u0131z. At\u0131klar\u0131 bir yerden ba\u015fka bir yere g\u00f6t\u00fcrmek i\u00e7in defalarca s\u00fcp\u00fcrme zorunda kalmazs\u0131n\u0131z. Hem zamandan hem de i\u015f g\u00fcc\u00fcnden tasarruf sa\u011flars\u0131n\u0131z.<\/p>\n<p><strong><em>Kolay kullan\u0131m;<\/em><\/strong><\/p>\n<p>Hafif al\u00fcminyum g\u00f6vdesi, sa\u011flam tekerlekli yap\u0131s\u0131 ve ergonomik sap\u0131 ile kullan\u0131m\u0131 bir elektik s\u00fcp\u00fcrgesinden daha kolay kullan\u0131l\u0131r.<\/p>\n<p><em><strong>Y\u00fck bo\u015faltma kolu;<\/strong><\/em><\/p>\n<p>Kolu yukar\u0131 \u00e7ekerek m\u0131knat\u0131stan toplanan malzemeleri h\u0131zla temizleyin.\u00a0Bu, toplananlar\u0131n bir geri d\u00f6n\u00fc\u015f\u00fcm kutusuna aktar\u0131lmas\u0131n\u0131 kolayla\u015ft\u0131r\u0131r.<\/p>\n<p><em><strong>Kolay kullan\u0131ml\u0131 ve a\u011f\u0131r hizmet\u00a0manyetik s\u00fcp\u00fcrge modellerimiz farkl\u0131 ebat ve kapasitelerdedir. Size en uygun olan modeli se\u00e7mek i\u00e7in l\u00fctfen ileti\u015fime ge\u00e7iniz.<\/strong><\/em><\/p>\n<p><em><strong><iframe src=\"https:\/\/www.youtube.com\/embed\/VAuIJLWeLVk\" width=\"640\" height=\"360\" frameborder=\"0\" allowfullscreen=\"allowfullscreen\" data-mce-fragment=\"1\"><\/iframe><\/strong><\/em><\/p>\n","protected":false},"excerpt":{"rendered":"<p>Metal s\u00fcp\u00fcrgeler; fabrika, at\u00f6lye, d\u00fckkanlar, garajlar, \u015fantiyeler ve daha fazlas\u0131 i\u00e7in m\u00fckemmel bir ara\u00e7t\u0131r. 45cm ve 61cm geni\u015fli\u011fe sahip iki\u00a0farkl\u0131 boy se\u00e7ene\u011fi bulunmaktad\u0131r.<\/p>\n","protected":false},"featured_media":7157,"template":"","meta":[],"product_cat":[86,84],"product_tag":[],"class_list":["post-7154","product","type-product","status-publish","has-post-thumbnail","hentry","product_cat-manyetik-supurgeler","product_cat-manyetik-ekipmanlar"],"acf":[],"yoast_head":"<!-- This site is optimized with the Yoast SEO Premium plugin v22.1 (Yoast SEO v22.1) - https:\/\/yoast.com\/wordpress\/plugins\/seo\/ -->\n<title>Manyetik S\u00fcp\u00fcrgeler - M\u0131knat\u0131s Ar-Ge<\/title>\n<meta name=\"robots\" content=\"index, follow, max-snippet:-1, max-image-preview:large, max-video-preview:-1\" \/>\n<link rel=\"canonical\" href=\"https:\/\/profaj.co\/miknatis\/tr\/urun\/manyetik-supurgeler\/\" \/>\n<meta property=\"og:locale\" content=\"tr_TR\" \/>\n<meta property=\"og:type\" content=\"article\" \/>\n<meta property=\"og:title\" content=\"Manyetik S\u00fcp\u00fcrgeler\" \/>\n<meta property=\"og:description\" content=\"Metal s\u00fcp\u00fcrgeler; fabrika, at\u00f6lye, d\u00fckkanlar, garajlar, \u015fantiyeler ve daha fazlas\u0131 i\u00e7in m\u00fckemmel bir ara\u00e7t\u0131r. 45cm ve 61cm geni\u015fli\u011fe sahip iki\u00a0farkl\u0131 boy se\u00e7ene\u011fi bulunmaktad\u0131r.\" \/>\n<meta property=\"og:url\" content=\"https:\/\/profaj.co\/miknatis\/tr\/urun\/manyetik-supurgeler\/\" \/>\n<meta property=\"og:site_name\" content=\"M\u0131knat\u0131s Ar-Ge\" \/>\n<meta property=\"article:modified_time\" content=\"2024-05-17T12:46:30+00:00\" \/>\n<meta property=\"og:image\" content=\"https:\/\/profaj.co\/miknatis\/wp-content\/uploads\/2024\/05\/miknatis-arge_627a6ccc9e6dc.jpg\" \/>\n\t<meta property=\"og:image:width\" content=\"1000\" \/>\n\t<meta property=\"og:image:height\" content=\"1000\" \/>\n\t<meta property=\"og:image:type\" content=\"image\/jpeg\" \/>\n<meta name=\"twitter:card\" content=\"summary_large_image\" \/>\n<meta name=\"twitter:label1\" content=\"Tahmini okuma s\u00fcresi\" \/>\n\t<meta name=\"twitter:data1\" content=\"1 dakika\" \/>\n<script type=\"application\/ld+json\" class=\"yoast-schema-graph\">{\"@context\":\"https:\/\/schema.org\",\"@graph\":[{\"@type\":\"WebPage\",\"@id\":\"https:\/\/profaj.co\/miknatis\/tr\/urun\/manyetik-supurgeler\/\",\"url\":\"https:\/\/profaj.co\/miknatis\/tr\/urun\/manyetik-supurgeler\/\",\"name\":\"Manyetik S\u00fcp\u00fcrgeler - M\u0131knat\u0131s Ar-Ge\",\"isPartOf\":{\"@id\":\"https:\/\/profaj.co\/miknatis\/#website\"},\"datePublished\":\"2024-05-17T12:45:35+00:00\",\"dateModified\":\"2024-05-17T12:46:30+00:00\",\"breadcrumb\":{\"@id\":\"https:\/\/profaj.co\/miknatis\/tr\/urun\/manyetik-supurgeler\/#breadcrumb\"},\"inLanguage\":\"tr\",\"potentialAction\":[{\"@type\":\"ReadAction\",\"target\":[\"https:\/\/profaj.co\/miknatis\/tr\/urun\/manyetik-supurgeler\/\"]}]},{\"@type\":\"BreadcrumbList\",\"@id\":\"https:\/\/profaj.co\/miknatis\/tr\/urun\/manyetik-supurgeler\/#breadcrumb\",\"itemListElement\":[{\"@type\":\"ListItem\",\"position\":1,\"name\":\"Anasayfa\",\"item\":\"https:\/\/profaj.co\/miknatis\/tr\/anasayfa\/\"},{\"@type\":\"ListItem\",\"position\":2,\"name\":\"\u00dcr\u00fcnler\",\"item\":\"https:\/\/profaj.co\/miknatis\/tr\/urunler\/\"},{\"@type\":\"ListItem\",\"position\":3,\"name\":\"Manyetik S\u00fcp\u00fcrgeler\"}]},{\"@type\":\"WebSite\",\"@id\":\"https:\/\/profaj.co\/miknatis\/#website\",\"url\":\"https:\/\/profaj.co\/miknatis\/\",\"name\":\"M\u0131knat\u0131s Ar-Ge\",\"description\":\"\",\"publisher\":{\"@id\":\"https:\/\/profaj.co\/miknatis\/#organization\"},\"potentialAction\":[{\"@type\":\"SearchAction\",\"target\":{\"@type\":\"EntryPoint\",\"urlTemplate\":\"https:\/\/profaj.co\/miknatis\/?s={search_term_string}\"},\"query-input\":\"required name=search_term_string\"}],\"inLanguage\":\"tr\"},{\"@type\":\"Organization\",\"@id\":\"https:\/\/profaj.co\/miknatis\/#organization\",\"name\":\"M\u0131knat\u0131s Ar-Ge\",\"url\":\"https:\/\/profaj.co\/miknatis\/\",\"logo\":{\"@type\":\"ImageObject\",\"inLanguage\":\"tr\",\"@id\":\"https:\/\/profaj.co\/miknatis\/#\/schema\/logo\/image\/\",\"url\":\"https:\/\/profaj.co\/miknatis\/wp-content\/uploads\/2023\/12\/logo-white.webp\",\"contentUrl\":\"https:\/\/profaj.co\/miknatis\/wp-content\/uploads\/2023\/12\/logo-white.webp\",\"width\":300,\"height\":266,\"caption\":\"M\u0131knat\u0131s Ar-Ge\"},\"image\":{\"@id\":\"https:\/\/profaj.co\/miknatis\/#\/schema\/logo\/image\/\"}}]}<\/script>\n<!-- \/ Yoast SEO Premium plugin. -->","yoast_head_json":{"title":"Manyetik S\u00fcp\u00fcrgeler - M\u0131knat\u0131s Ar-Ge","robots":{"index":"index","follow":"follow","max-snippet":"max-snippet:-1","max-image-preview":"max-image-preview:large","max-video-preview":"max-video-preview:-1"},"canonical":"https:\/\/profaj.co\/miknatis\/tr\/urun\/manyetik-supurgeler\/","og_locale":"tr_TR","og_type":"article","og_title":"Manyetik S\u00fcp\u00fcrgeler","og_description":"Metal s\u00fcp\u00fcrgeler; fabrika, at\u00f6lye, d\u00fckkanlar, garajlar, \u015fantiyeler ve daha fazlas\u0131 i\u00e7in m\u00fckemmel bir ara\u00e7t\u0131r. 45cm ve 61cm geni\u015fli\u011fe sahip iki\u00a0farkl\u0131 boy se\u00e7ene\u011fi bulunmaktad\u0131r.","og_url":"https:\/\/profaj.co\/miknatis\/tr\/urun\/manyetik-supurgeler\/","og_site_name":"M\u0131knat\u0131s Ar-Ge","article_modified_time":"2024-05-17T12:46:30+00:00","og_image":[{"width":1000,"height":1000,"url":"https:\/\/profaj.co\/miknatis\/wp-content\/uploads\/2024\/05\/miknatis-arge_627a6ccc9e6dc.jpg","type":"image\/jpeg"}],"twitter_card":"summary_large_image","twitter_misc":{"Tahmini okuma s\u00fcresi":"1 dakika"},"schema":{"@context":"https:\/\/schema.org","@graph":[{"@type":"WebPage","@id":"https:\/\/profaj.co\/miknatis\/tr\/urun\/manyetik-supurgeler\/","url":"https:\/\/profaj.co\/miknatis\/tr\/urun\/manyetik-supurgeler\/","name":"Manyetik S\u00fcp\u00fcrgeler - M\u0131knat\u0131s Ar-Ge","isPartOf":{"@id":"https:\/\/profaj.co\/miknatis\/#website"},"datePublished":"2024-05-17T12:45:35+00:00","dateModified":"2024-05-17T12:46:30+00:00","breadcrumb":{"@id":"https:\/\/profaj.co\/miknatis\/tr\/urun\/manyetik-supurgeler\/#breadcrumb"},"inLanguage":"tr","potentialAction":[{"@type":"ReadAction","target":["https:\/\/profaj.co\/miknatis\/tr\/urun\/manyetik-supurgeler\/"]}]},{"@type":"BreadcrumbList","@id":"https:\/\/profaj.co\/miknatis\/tr\/urun\/manyetik-supurgeler\/#breadcrumb","itemListElement":[{"@type":"ListItem","position":1,"name":"Anasayfa","item":"https:\/\/profaj.co\/miknatis\/tr\/anasayfa\/"},{"@type":"ListItem","position":2,"name":"\u00dcr\u00fcnler","item":"https:\/\/profaj.co\/miknatis\/tr\/urunler\/"},{"@type":"ListItem","position":3,"name":"Manyetik S\u00fcp\u00fcrgeler"}]},{"@type":"WebSite","@id":"https:\/\/profaj.co\/miknatis\/#website","url":"https:\/\/profaj.co\/miknatis\/","name":"M\u0131knat\u0131s Ar-Ge","description":"","publisher":{"@id":"https:\/\/profaj.co\/miknatis\/#organization"},"potentialAction":[{"@type":"SearchAction","target":{"@type":"EntryPoint","urlTemplate":"https:\/\/profaj.co\/miknatis\/?s={search_term_string}"},"query-input":"required name=search_term_string"}],"inLanguage":"tr"},{"@type":"Organization","@id":"https:\/\/profaj.co\/miknatis\/#organization","name":"M\u0131knat\u0131s Ar-Ge","url":"https:\/\/profaj.co\/miknatis\/","logo":{"@type":"ImageObject","inLanguage":"tr","@id":"https:\/\/profaj.co\/miknatis\/#\/schema\/logo\/image\/","url":"https:\/\/profaj.co\/miknatis\/wp-content\/uploads\/2023\/12\/logo-white.webp","contentUrl":"https:\/\/profaj.co\/miknatis\/wp-content\/uploads\/2023\/12\/logo-white.webp","width":300,"height":266,"caption":"M\u0131knat\u0131s Ar-Ge"},"image":{"@id":"https:\/\/profaj.co\/miknatis\/#\/schema\/logo\/image\/"}}]}},"lang":"tr","translations":{"tr":7154,"en":7310},"pll_sync_post":[],"_links":{"self":[{"href":"https:\/\/profaj.co\/miknatis\/wp-json\/wp\/v2\/product\/7154","targetHints":{"allow":["GET"]}}],"collection":[{"href":"https:\/\/profaj.co\/miknatis\/wp-json\/wp\/v2\/product"}],"about":[{"href":"https:\/\/profaj.co\/miknatis\/wp-json\/wp\/v2\/types\/product"}],"wp:featuredmedia":[{"embeddable":true,"href":"https:\/\/profaj.co\/miknatis\/wp-json\/wp\/v2\/media\/7157"}],"wp:attachment":[{"href":"https:\/\/profaj.co\/miknatis\/wp-json\/wp\/v2\/media?parent=7154"}],"wp:term":[{"taxonomy":"product_cat","embeddable":true,"href":"https:\/\/profaj.co\/miknatis\/wp-json\/wp\/v2\/product_cat?post=7154"},{"taxonomy":"product_tag","embeddable":true,"href":"https:\/\/profaj.co\/miknatis\/wp-json\/wp\/v2\/product_tag?post=7154"}],"curies":[{"name":"wp","href":"https:\/\/api.w.org\/{rel}","templated":true}]}}