{"id":7158,"date":"2024-05-17T15:51:28","date_gmt":"2024-05-17T12:51:28","guid":{"rendered":"https:\/\/profaj.co\/miknatis\/?post_type=product&#038;p=7158"},"modified":"2024-05-17T15:51:28","modified_gmt":"2024-05-17T12:51:28","slug":"teleskobik-sapli-oynar-baslikli-vida-tutucu","status":"publish","type":"product","link":"https:\/\/profaj.co\/miknatis\/tr\/urun\/teleskobik-sapli-oynar-baslikli-vida-tutucu\/","title":{"rendered":"Teleskobik Sapl\u0131 Oynar Ba\u015fl\u0131kl\u0131 Vida Tutucu"},"content":{"rendered":"<ul>\n<li>Dayan\u0131kl\u0131 al\u00fcminyum g\u00f6vde<\/li>\n<li>Teleskopik sap; k\u0131sa pozisyonda 70cm, 115cm&#8217;ye kadar uzayabilir<\/li>\n<li>15 kg manyetik \u00e7ekme kuvveti<\/li>\n<li>180\u00ba d\u00f6nebilen manyetik ba\u015fl\u0131k<\/li>\n<\/ul>\n<p><strong>H\u0131zl\u0131 \u00c7al\u0131\u015fma Alan\u0131 Temizli\u011fi<\/strong><br \/>\n15kg manyetik \u00e7ekim g\u00fcc\u00fc ile\u00a0geni\u015f alanlardaki\u00a0\u00e7ivileri, vidalar\u0131 ve demirli metal art\u0131klar\u0131 temizler. \u00dcretim proseslerinde \u00e7evreye da\u011f\u0131lan istenmeyen metal par\u00e7alar\u0131n\u0131 temizler. Kaybolan \u00e7ivi ve vidalar\u0131 toplar. \u00c7at\u0131, g\u00fcverte ve di\u011fer bina projelerinden sonra\u00a0\u00e7evredeki araba yollar\u0131n\u0131, \u00e7imenleri, garaj\u0131 ve ma\u011faza zeminlerini h\u0131zla temizleyerek olas\u0131 lastik hasarlar\u0131n\u0131 veya yaralanmalar\u0131 \u00f6nler.<\/p>\n<p><strong>Uzun Eri\u015fimli Teleskopik Sap<\/strong><br \/>\nTam boy 115cm\u00a0sap, zorlanmadan, e\u011filmeden veya uzanmadan rahat\u00e7a y\u00fcr\u00fcmenizi ve \u00e7al\u0131\u015fman\u0131z\u0131 sa\u011flar. Yumu\u015fak ve rahat kaymaz tutma yeri elinize uyacak \u015fekilde \u015fekillendirilmi\u015ftir ve size ekstra kontrol sa\u011flar. \u0130\u015f bitti\u011finde, yerden tasarruf sa\u011flayan depolama i\u00e7in sap\u0131 sadece 70cm&#8217;e indirin.<\/p>\n<p><em><strong>Detayl\u0131 bilgi i\u00e7in l\u00fctfen ileti\u015fime ge\u00e7iniz.<\/strong><\/em><\/p>\n","protected":false},"excerpt":{"rendered":"<p>15kg manyetik \u00e7ekim g\u00fcc\u00fc ile\u00a0geni\u015f alanlardaki\u00a0\u00e7ivileri, vidalar\u0131 ve demirli metal art\u0131klar\u0131 temizler. \u00dcretim proseslerinde \u00e7evreye da\u011f\u0131lan istenmeyen metal par\u00e7alar\u0131n\u0131 temizler.<\/p>\n","protected":false},"featured_media":7159,"template":"","meta":[],"product_cat":[85,84],"product_tag":[],"class_list":["post-7158","product","type-product","status-publish","has-post-thumbnail","hentry","product_cat-metal-tutucular","product_cat-manyetik-ekipmanlar"],"acf":[],"yoast_head":"<!-- This site is optimized with the Yoast SEO Premium plugin v22.1 (Yoast SEO v22.1) - https:\/\/yoast.com\/wordpress\/plugins\/seo\/ -->\n<title>Teleskobik Sapl\u0131 Oynar Ba\u015fl\u0131kl\u0131 Vida Tutucu - M\u0131knat\u0131s Ar-Ge<\/title>\n<meta name=\"robots\" content=\"index, follow, max-snippet:-1, max-image-preview:large, max-video-preview:-1\" \/>\n<link rel=\"canonical\" href=\"https:\/\/profaj.co\/miknatis\/tr\/urun\/teleskobik-sapli-oynar-baslikli-vida-tutucu\/\" \/>\n<meta property=\"og:locale\" content=\"tr_TR\" \/>\n<meta property=\"og:type\" content=\"article\" \/>\n<meta property=\"og:title\" content=\"Teleskobik Sapl\u0131 Oynar Ba\u015fl\u0131kl\u0131 Vida Tutucu\" \/>\n<meta property=\"og:description\" content=\"15kg manyetik \u00e7ekim g\u00fcc\u00fc ile\u00a0geni\u015f alanlardaki\u00a0\u00e7ivileri, vidalar\u0131 ve demirli metal art\u0131klar\u0131 temizler. \u00dcretim proseslerinde \u00e7evreye da\u011f\u0131lan istenmeyen metal par\u00e7alar\u0131n\u0131 temizler.\" \/>\n<meta property=\"og:url\" content=\"https:\/\/profaj.co\/miknatis\/tr\/urun\/teleskobik-sapli-oynar-baslikli-vida-tutucu\/\" \/>\n<meta property=\"og:site_name\" content=\"M\u0131knat\u0131s Ar-Ge\" \/>\n<meta property=\"og:image\" content=\"https:\/\/profaj.co\/miknatis\/wp-content\/uploads\/2024\/05\/miknatis-arge_627a6d0a540a8.jpg\" \/>\n\t<meta property=\"og:image:width\" content=\"1000\" \/>\n\t<meta property=\"og:image:height\" content=\"1000\" \/>\n\t<meta property=\"og:image:type\" content=\"image\/jpeg\" \/>\n<meta name=\"twitter:card\" content=\"summary_large_image\" \/>\n<meta name=\"twitter:label1\" content=\"Tahmini okuma s\u00fcresi\" \/>\n\t<meta name=\"twitter:data1\" content=\"1 dakika\" \/>\n<script type=\"application\/ld+json\" class=\"yoast-schema-graph\">{\"@context\":\"https:\/\/schema.org\",\"@graph\":[{\"@type\":\"WebPage\",\"@id\":\"https:\/\/profaj.co\/miknatis\/tr\/urun\/teleskobik-sapli-oynar-baslikli-vida-tutucu\/\",\"url\":\"https:\/\/profaj.co\/miknatis\/tr\/urun\/teleskobik-sapli-oynar-baslikli-vida-tutucu\/\",\"name\":\"Teleskobik Sapl\u0131 Oynar Ba\u015fl\u0131kl\u0131 Vida Tutucu - M\u0131knat\u0131s Ar-Ge\",\"isPartOf\":{\"@id\":\"https:\/\/profaj.co\/miknatis\/#website\"},\"datePublished\":\"2024-05-17T12:51:28+00:00\",\"dateModified\":\"2024-05-17T12:51:28+00:00\",\"breadcrumb\":{\"@id\":\"https:\/\/profaj.co\/miknatis\/tr\/urun\/teleskobik-sapli-oynar-baslikli-vida-tutucu\/#breadcrumb\"},\"inLanguage\":\"tr\",\"potentialAction\":[{\"@type\":\"ReadAction\",\"target\":[\"https:\/\/profaj.co\/miknatis\/tr\/urun\/teleskobik-sapli-oynar-baslikli-vida-tutucu\/\"]}]},{\"@type\":\"BreadcrumbList\",\"@id\":\"https:\/\/profaj.co\/miknatis\/tr\/urun\/teleskobik-sapli-oynar-baslikli-vida-tutucu\/#breadcrumb\",\"itemListElement\":[{\"@type\":\"ListItem\",\"position\":1,\"name\":\"Anasayfa\",\"item\":\"https:\/\/profaj.co\/miknatis\/tr\/anasayfa\/\"},{\"@type\":\"ListItem\",\"position\":2,\"name\":\"\u00dcr\u00fcnler\",\"item\":\"https:\/\/profaj.co\/miknatis\/tr\/urunler\/\"},{\"@type\":\"ListItem\",\"position\":3,\"name\":\"Teleskobik Sapl\u0131 Oynar Ba\u015fl\u0131kl\u0131 Vida Tutucu\"}]},{\"@type\":\"WebSite\",\"@id\":\"https:\/\/profaj.co\/miknatis\/#website\",\"url\":\"https:\/\/profaj.co\/miknatis\/\",\"name\":\"M\u0131knat\u0131s Ar-Ge\",\"description\":\"\",\"publisher\":{\"@id\":\"https:\/\/profaj.co\/miknatis\/#organization\"},\"potentialAction\":[{\"@type\":\"SearchAction\",\"target\":{\"@type\":\"EntryPoint\",\"urlTemplate\":\"https:\/\/profaj.co\/miknatis\/?s={search_term_string}\"},\"query-input\":\"required name=search_term_string\"}],\"inLanguage\":\"tr\"},{\"@type\":\"Organization\",\"@id\":\"https:\/\/profaj.co\/miknatis\/#organization\",\"name\":\"M\u0131knat\u0131s Ar-Ge\",\"url\":\"https:\/\/profaj.co\/miknatis\/\",\"logo\":{\"@type\":\"ImageObject\",\"inLanguage\":\"tr\",\"@id\":\"https:\/\/profaj.co\/miknatis\/#\/schema\/logo\/image\/\",\"url\":\"https:\/\/profaj.co\/miknatis\/wp-content\/uploads\/2023\/12\/logo-white.webp\",\"contentUrl\":\"https:\/\/profaj.co\/miknatis\/wp-content\/uploads\/2023\/12\/logo-white.webp\",\"width\":300,\"height\":266,\"caption\":\"M\u0131knat\u0131s Ar-Ge\"},\"image\":{\"@id\":\"https:\/\/profaj.co\/miknatis\/#\/schema\/logo\/image\/\"}}]}<\/script>\n<!-- \/ Yoast SEO Premium plugin. -->","yoast_head_json":{"title":"Teleskobik Sapl\u0131 Oynar Ba\u015fl\u0131kl\u0131 Vida Tutucu - M\u0131knat\u0131s Ar-Ge","robots":{"index":"index","follow":"follow","max-snippet":"max-snippet:-1","max-image-preview":"max-image-preview:large","max-video-preview":"max-video-preview:-1"},"canonical":"https:\/\/profaj.co\/miknatis\/tr\/urun\/teleskobik-sapli-oynar-baslikli-vida-tutucu\/","og_locale":"tr_TR","og_type":"article","og_title":"Teleskobik Sapl\u0131 Oynar Ba\u015fl\u0131kl\u0131 Vida Tutucu","og_description":"15kg manyetik \u00e7ekim g\u00fcc\u00fc ile\u00a0geni\u015f alanlardaki\u00a0\u00e7ivileri, vidalar\u0131 ve demirli metal art\u0131klar\u0131 temizler. \u00dcretim proseslerinde \u00e7evreye da\u011f\u0131lan istenmeyen metal par\u00e7alar\u0131n\u0131 temizler.","og_url":"https:\/\/profaj.co\/miknatis\/tr\/urun\/teleskobik-sapli-oynar-baslikli-vida-tutucu\/","og_site_name":"M\u0131knat\u0131s Ar-Ge","og_image":[{"width":1000,"height":1000,"url":"https:\/\/profaj.co\/miknatis\/wp-content\/uploads\/2024\/05\/miknatis-arge_627a6d0a540a8.jpg","type":"image\/jpeg"}],"twitter_card":"summary_large_image","twitter_misc":{"Tahmini okuma s\u00fcresi":"1 dakika"},"schema":{"@context":"https:\/\/schema.org","@graph":[{"@type":"WebPage","@id":"https:\/\/profaj.co\/miknatis\/tr\/urun\/teleskobik-sapli-oynar-baslikli-vida-tutucu\/","url":"https:\/\/profaj.co\/miknatis\/tr\/urun\/teleskobik-sapli-oynar-baslikli-vida-tutucu\/","name":"Teleskobik Sapl\u0131 Oynar Ba\u015fl\u0131kl\u0131 Vida Tutucu - M\u0131knat\u0131s Ar-Ge","isPartOf":{"@id":"https:\/\/profaj.co\/miknatis\/#website"},"datePublished":"2024-05-17T12:51:28+00:00","dateModified":"2024-05-17T12:51:28+00:00","breadcrumb":{"@id":"https:\/\/profaj.co\/miknatis\/tr\/urun\/teleskobik-sapli-oynar-baslikli-vida-tutucu\/#breadcrumb"},"inLanguage":"tr","potentialAction":[{"@type":"ReadAction","target":["https:\/\/profaj.co\/miknatis\/tr\/urun\/teleskobik-sapli-oynar-baslikli-vida-tutucu\/"]}]},{"@type":"BreadcrumbList","@id":"https:\/\/profaj.co\/miknatis\/tr\/urun\/teleskobik-sapli-oynar-baslikli-vida-tutucu\/#breadcrumb","itemListElement":[{"@type":"ListItem","position":1,"name":"Anasayfa","item":"https:\/\/profaj.co\/miknatis\/tr\/anasayfa\/"},{"@type":"ListItem","position":2,"name":"\u00dcr\u00fcnler","item":"https:\/\/profaj.co\/miknatis\/tr\/urunler\/"},{"@type":"ListItem","position":3,"name":"Teleskobik Sapl\u0131 Oynar Ba\u015fl\u0131kl\u0131 Vida Tutucu"}]},{"@type":"WebSite","@id":"https:\/\/profaj.co\/miknatis\/#website","url":"https:\/\/profaj.co\/miknatis\/","name":"M\u0131knat\u0131s Ar-Ge","description":"","publisher":{"@id":"https:\/\/profaj.co\/miknatis\/#organization"},"potentialAction":[{"@type":"SearchAction","target":{"@type":"EntryPoint","urlTemplate":"https:\/\/profaj.co\/miknatis\/?s={search_term_string}"},"query-input":"required name=search_term_string"}],"inLanguage":"tr"},{"@type":"Organization","@id":"https:\/\/profaj.co\/miknatis\/#organization","name":"M\u0131knat\u0131s Ar-Ge","url":"https:\/\/profaj.co\/miknatis\/","logo":{"@type":"ImageObject","inLanguage":"tr","@id":"https:\/\/profaj.co\/miknatis\/#\/schema\/logo\/image\/","url":"https:\/\/profaj.co\/miknatis\/wp-content\/uploads\/2023\/12\/logo-white.webp","contentUrl":"https:\/\/profaj.co\/miknatis\/wp-content\/uploads\/2023\/12\/logo-white.webp","width":300,"height":266,"caption":"M\u0131knat\u0131s Ar-Ge"},"image":{"@id":"https:\/\/profaj.co\/miknatis\/#\/schema\/logo\/image\/"}}]}},"lang":"tr","translations":{"tr":7158,"en":7311},"pll_sync_post":[],"_links":{"self":[{"href":"https:\/\/profaj.co\/miknatis\/wp-json\/wp\/v2\/product\/7158","targetHints":{"allow":["GET"]}}],"collection":[{"href":"https:\/\/profaj.co\/miknatis\/wp-json\/wp\/v2\/product"}],"about":[{"href":"https:\/\/profaj.co\/miknatis\/wp-json\/wp\/v2\/types\/product"}],"wp:featuredmedia":[{"embeddable":true,"href":"https:\/\/profaj.co\/miknatis\/wp-json\/wp\/v2\/media\/7159"}],"wp:attachment":[{"href":"https:\/\/profaj.co\/miknatis\/wp-json\/wp\/v2\/media?parent=7158"}],"wp:term":[{"taxonomy":"product_cat","embeddable":true,"href":"https:\/\/profaj.co\/miknatis\/wp-json\/wp\/v2\/product_cat?post=7158"},{"taxonomy":"product_tag","embeddable":true,"href":"https:\/\/profaj.co\/miknatis\/wp-json\/wp\/v2\/product_tag?post=7158"}],"curies":[{"name":"wp","href":"https:\/\/api.w.org\/{rel}","templated":true}]}}