{"id":7162,"date":"2024-05-17T15:54:17","date_gmt":"2024-05-17T12:54:17","guid":{"rendered":"https:\/\/profaj.co\/miknatis\/?post_type=product&#038;p=7162"},"modified":"2024-05-17T15:55:38","modified_gmt":"2024-05-17T12:55:38","slug":"kolay-temizlenebilir-sapli-metal-tutucu","status":"publish","type":"product","link":"https:\/\/profaj.co\/miknatis\/tr\/urun\/kolay-temizlenebilir-sapli-metal-tutucu\/","title":{"rendered":"Kolay Temizlenebilir Sapl\u0131 Metal Tutucu"},"content":{"rendered":"<p>K\u00fc\u00e7\u00fck demirli malzemeleri h\u0131zl\u0131, verimli ve yaralanmalar\u0131 engelleyecek g\u00fcvenlikte; toplamak, s\u0131ralamak ve ay\u0131rmak i\u00e7in tasarlanm\u0131\u015ft\u0131r.\u00a0Kolay Temizlenebilir Sapl\u0131 Metal Tutucu,\u00a0yakalad\u0131\u011f\u0131 metallerin serbest b\u0131rak\u0131lmas\u0131 i\u00e7in tutmas\u0131 kolay bir metal tutama\u011fa sahiptir.\u00a0Demir par\u00e7alar\u0131 toplamak i\u00e7in g\u00fc\u00e7l\u00fc bir m\u0131knat\u0131s i\u00e7eren hafif bir manyetik kutuya sahiptir. G\u00fc\u00e7l\u00fc m\u0131knat\u0131s ile \u00e7ivileri, vidalar\u0131, somunlar\u0131 veya k\u00fc\u00e7\u00fck metal nesneleri toplar.\u00a0Daha sonra toplanan metal nesneleri istedi\u011finiz yere\u00a0ta\u015f\u0131r ve metal tutama\u011f\u0131 \u00e7ekerek serbest b\u0131rak\u0131rs\u0131n\u0131z.<\/p>\n<p><em><strong>Daha ayr\u0131nt\u0131l\u0131 bilgi ve farkl\u0131 ihtiya\u00e7lar\u0131n\u0131z i\u00e7in l\u00fctfen ileti\u015fime ge\u00e7iniz.<\/strong><\/em><\/p>\n","protected":false},"excerpt":{"rendered":"<p>K\u00fc\u00e7\u00fck demirli malzemeleri h\u0131zl\u0131, verimli ve yaralanmalar\u0131 engelleyecek g\u00fcvenlikte; toplamak, s\u0131ralamak ve ay\u0131rmak i\u00e7in tasarlanm\u0131\u015ft\u0131r.<\/p>\n","protected":false},"featured_media":7163,"template":"","meta":[],"product_cat":[85,84],"product_tag":[],"class_list":["post-7162","product","type-product","status-publish","has-post-thumbnail","hentry","product_cat-metal-tutucular","product_cat-manyetik-ekipmanlar"],"acf":[],"yoast_head":"<!-- This site is optimized with the Yoast SEO Premium plugin v22.1 (Yoast SEO v22.1) - https:\/\/yoast.com\/wordpress\/plugins\/seo\/ -->\n<title>Kolay Temizlenebilir Sapl\u0131 Metal Tutucu - M\u0131knat\u0131s Ar-Ge<\/title>\n<meta name=\"robots\" content=\"index, follow, max-snippet:-1, max-image-preview:large, max-video-preview:-1\" \/>\n<link rel=\"canonical\" href=\"https:\/\/profaj.co\/miknatis\/tr\/urun\/kolay-temizlenebilir-sapli-metal-tutucu\/\" \/>\n<meta property=\"og:locale\" content=\"tr_TR\" \/>\n<meta property=\"og:type\" content=\"article\" \/>\n<meta property=\"og:title\" content=\"Kolay Temizlenebilir Sapl\u0131 Metal Tutucu\" \/>\n<meta property=\"og:description\" content=\"K\u00fc\u00e7\u00fck demirli malzemeleri h\u0131zl\u0131, verimli ve yaralanmalar\u0131 engelleyecek g\u00fcvenlikte; toplamak, s\u0131ralamak ve ay\u0131rmak i\u00e7in tasarlanm\u0131\u015ft\u0131r.\" \/>\n<meta property=\"og:url\" content=\"https:\/\/profaj.co\/miknatis\/tr\/urun\/kolay-temizlenebilir-sapli-metal-tutucu\/\" \/>\n<meta property=\"og:site_name\" content=\"M\u0131knat\u0131s Ar-Ge\" \/>\n<meta property=\"article:modified_time\" content=\"2024-05-17T12:55:38+00:00\" \/>\n<meta property=\"og:image\" content=\"https:\/\/profaj.co\/miknatis\/wp-content\/uploads\/2024\/05\/miknatis-arge_627a6d242eb9e.jpg\" \/>\n\t<meta property=\"og:image:width\" content=\"1092\" \/>\n\t<meta property=\"og:image:height\" content=\"1092\" \/>\n\t<meta property=\"og:image:type\" content=\"image\/jpeg\" \/>\n<meta name=\"twitter:card\" content=\"summary_large_image\" \/>\n<meta name=\"twitter:label1\" content=\"Tahmini okuma s\u00fcresi\" \/>\n\t<meta name=\"twitter:data1\" content=\"1 dakika\" \/>\n<script type=\"application\/ld+json\" class=\"yoast-schema-graph\">{\"@context\":\"https:\/\/schema.org\",\"@graph\":[{\"@type\":\"WebPage\",\"@id\":\"https:\/\/profaj.co\/miknatis\/tr\/urun\/kolay-temizlenebilir-sapli-metal-tutucu\/\",\"url\":\"https:\/\/profaj.co\/miknatis\/tr\/urun\/kolay-temizlenebilir-sapli-metal-tutucu\/\",\"name\":\"Kolay Temizlenebilir Sapl\u0131 Metal Tutucu - M\u0131knat\u0131s Ar-Ge\",\"isPartOf\":{\"@id\":\"https:\/\/profaj.co\/miknatis\/#website\"},\"datePublished\":\"2024-05-17T12:54:17+00:00\",\"dateModified\":\"2024-05-17T12:55:38+00:00\",\"breadcrumb\":{\"@id\":\"https:\/\/profaj.co\/miknatis\/tr\/urun\/kolay-temizlenebilir-sapli-metal-tutucu\/#breadcrumb\"},\"inLanguage\":\"tr\",\"potentialAction\":[{\"@type\":\"ReadAction\",\"target\":[\"https:\/\/profaj.co\/miknatis\/tr\/urun\/kolay-temizlenebilir-sapli-metal-tutucu\/\"]}]},{\"@type\":\"BreadcrumbList\",\"@id\":\"https:\/\/profaj.co\/miknatis\/tr\/urun\/kolay-temizlenebilir-sapli-metal-tutucu\/#breadcrumb\",\"itemListElement\":[{\"@type\":\"ListItem\",\"position\":1,\"name\":\"Anasayfa\",\"item\":\"https:\/\/profaj.co\/miknatis\/tr\/anasayfa\/\"},{\"@type\":\"ListItem\",\"position\":2,\"name\":\"\u00dcr\u00fcnler\",\"item\":\"https:\/\/profaj.co\/miknatis\/tr\/urunler\/\"},{\"@type\":\"ListItem\",\"position\":3,\"name\":\"Kolay Temizlenebilir Sapl\u0131 Metal Tutucu\"}]},{\"@type\":\"WebSite\",\"@id\":\"https:\/\/profaj.co\/miknatis\/#website\",\"url\":\"https:\/\/profaj.co\/miknatis\/\",\"name\":\"M\u0131knat\u0131s Ar-Ge\",\"description\":\"\",\"publisher\":{\"@id\":\"https:\/\/profaj.co\/miknatis\/#organization\"},\"potentialAction\":[{\"@type\":\"SearchAction\",\"target\":{\"@type\":\"EntryPoint\",\"urlTemplate\":\"https:\/\/profaj.co\/miknatis\/?s={search_term_string}\"},\"query-input\":\"required name=search_term_string\"}],\"inLanguage\":\"tr\"},{\"@type\":\"Organization\",\"@id\":\"https:\/\/profaj.co\/miknatis\/#organization\",\"name\":\"M\u0131knat\u0131s Ar-Ge\",\"url\":\"https:\/\/profaj.co\/miknatis\/\",\"logo\":{\"@type\":\"ImageObject\",\"inLanguage\":\"tr\",\"@id\":\"https:\/\/profaj.co\/miknatis\/#\/schema\/logo\/image\/\",\"url\":\"https:\/\/profaj.co\/miknatis\/wp-content\/uploads\/2023\/12\/logo-white.webp\",\"contentUrl\":\"https:\/\/profaj.co\/miknatis\/wp-content\/uploads\/2023\/12\/logo-white.webp\",\"width\":300,\"height\":266,\"caption\":\"M\u0131knat\u0131s Ar-Ge\"},\"image\":{\"@id\":\"https:\/\/profaj.co\/miknatis\/#\/schema\/logo\/image\/\"}}]}<\/script>\n<!-- \/ Yoast SEO Premium plugin. -->","yoast_head_json":{"title":"Kolay Temizlenebilir Sapl\u0131 Metal Tutucu - M\u0131knat\u0131s Ar-Ge","robots":{"index":"index","follow":"follow","max-snippet":"max-snippet:-1","max-image-preview":"max-image-preview:large","max-video-preview":"max-video-preview:-1"},"canonical":"https:\/\/profaj.co\/miknatis\/tr\/urun\/kolay-temizlenebilir-sapli-metal-tutucu\/","og_locale":"tr_TR","og_type":"article","og_title":"Kolay Temizlenebilir Sapl\u0131 Metal Tutucu","og_description":"K\u00fc\u00e7\u00fck demirli malzemeleri h\u0131zl\u0131, verimli ve yaralanmalar\u0131 engelleyecek g\u00fcvenlikte; toplamak, s\u0131ralamak ve ay\u0131rmak i\u00e7in tasarlanm\u0131\u015ft\u0131r.","og_url":"https:\/\/profaj.co\/miknatis\/tr\/urun\/kolay-temizlenebilir-sapli-metal-tutucu\/","og_site_name":"M\u0131knat\u0131s Ar-Ge","article_modified_time":"2024-05-17T12:55:38+00:00","og_image":[{"width":1092,"height":1092,"url":"https:\/\/profaj.co\/miknatis\/wp-content\/uploads\/2024\/05\/miknatis-arge_627a6d242eb9e.jpg","type":"image\/jpeg"}],"twitter_card":"summary_large_image","twitter_misc":{"Tahmini okuma s\u00fcresi":"1 dakika"},"schema":{"@context":"https:\/\/schema.org","@graph":[{"@type":"WebPage","@id":"https:\/\/profaj.co\/miknatis\/tr\/urun\/kolay-temizlenebilir-sapli-metal-tutucu\/","url":"https:\/\/profaj.co\/miknatis\/tr\/urun\/kolay-temizlenebilir-sapli-metal-tutucu\/","name":"Kolay Temizlenebilir Sapl\u0131 Metal Tutucu - M\u0131knat\u0131s Ar-Ge","isPartOf":{"@id":"https:\/\/profaj.co\/miknatis\/#website"},"datePublished":"2024-05-17T12:54:17+00:00","dateModified":"2024-05-17T12:55:38+00:00","breadcrumb":{"@id":"https:\/\/profaj.co\/miknatis\/tr\/urun\/kolay-temizlenebilir-sapli-metal-tutucu\/#breadcrumb"},"inLanguage":"tr","potentialAction":[{"@type":"ReadAction","target":["https:\/\/profaj.co\/miknatis\/tr\/urun\/kolay-temizlenebilir-sapli-metal-tutucu\/"]}]},{"@type":"BreadcrumbList","@id":"https:\/\/profaj.co\/miknatis\/tr\/urun\/kolay-temizlenebilir-sapli-metal-tutucu\/#breadcrumb","itemListElement":[{"@type":"ListItem","position":1,"name":"Anasayfa","item":"https:\/\/profaj.co\/miknatis\/tr\/anasayfa\/"},{"@type":"ListItem","position":2,"name":"\u00dcr\u00fcnler","item":"https:\/\/profaj.co\/miknatis\/tr\/urunler\/"},{"@type":"ListItem","position":3,"name":"Kolay Temizlenebilir Sapl\u0131 Metal Tutucu"}]},{"@type":"WebSite","@id":"https:\/\/profaj.co\/miknatis\/#website","url":"https:\/\/profaj.co\/miknatis\/","name":"M\u0131knat\u0131s Ar-Ge","description":"","publisher":{"@id":"https:\/\/profaj.co\/miknatis\/#organization"},"potentialAction":[{"@type":"SearchAction","target":{"@type":"EntryPoint","urlTemplate":"https:\/\/profaj.co\/miknatis\/?s={search_term_string}"},"query-input":"required name=search_term_string"}],"inLanguage":"tr"},{"@type":"Organization","@id":"https:\/\/profaj.co\/miknatis\/#organization","name":"M\u0131knat\u0131s Ar-Ge","url":"https:\/\/profaj.co\/miknatis\/","logo":{"@type":"ImageObject","inLanguage":"tr","@id":"https:\/\/profaj.co\/miknatis\/#\/schema\/logo\/image\/","url":"https:\/\/profaj.co\/miknatis\/wp-content\/uploads\/2023\/12\/logo-white.webp","contentUrl":"https:\/\/profaj.co\/miknatis\/wp-content\/uploads\/2023\/12\/logo-white.webp","width":300,"height":266,"caption":"M\u0131knat\u0131s Ar-Ge"},"image":{"@id":"https:\/\/profaj.co\/miknatis\/#\/schema\/logo\/image\/"}}]}},"lang":"tr","translations":{"tr":7162,"en":7312},"pll_sync_post":[],"_links":{"self":[{"href":"https:\/\/profaj.co\/miknatis\/wp-json\/wp\/v2\/product\/7162","targetHints":{"allow":["GET"]}}],"collection":[{"href":"https:\/\/profaj.co\/miknatis\/wp-json\/wp\/v2\/product"}],"about":[{"href":"https:\/\/profaj.co\/miknatis\/wp-json\/wp\/v2\/types\/product"}],"wp:featuredmedia":[{"embeddable":true,"href":"https:\/\/profaj.co\/miknatis\/wp-json\/wp\/v2\/media\/7163"}],"wp:attachment":[{"href":"https:\/\/profaj.co\/miknatis\/wp-json\/wp\/v2\/media?parent=7162"}],"wp:term":[{"taxonomy":"product_cat","embeddable":true,"href":"https:\/\/profaj.co\/miknatis\/wp-json\/wp\/v2\/product_cat?post=7162"},{"taxonomy":"product_tag","embeddable":true,"href":"https:\/\/profaj.co\/miknatis\/wp-json\/wp\/v2\/product_tag?post=7162"}],"curies":[{"name":"wp","href":"https:\/\/api.w.org\/{rel}","templated":true}]}}