{"id":7165,"date":"2024-05-17T15:59:11","date_gmt":"2024-05-17T12:59:11","guid":{"rendered":"https:\/\/profaj.co\/miknatis\/?post_type=product&#038;p=7165"},"modified":"2024-05-17T16:16:06","modified_gmt":"2024-05-17T13:16:06","slug":"spiralli-esnek-manyetik-yakalama-miknatisi","status":"publish","type":"product","link":"https:\/\/profaj.co\/miknatis\/tr\/urun\/spiralli-esnek-manyetik-yakalama-miknatisi\/","title":{"rendered":"Tornavida Ucu M\u0131knat\u0131slar\u0131"},"content":{"rendered":"<p>G\u00fc\u00e7l\u00fc Neodyum M\u0131knat\u0131s i\u00e7erir. Her t\u00fcrl\u00fc tornavidaya tak\u0131labilir. Tak\u0131ld\u0131\u011f\u0131 tornavidaya m\u0131knat\u0131s \u00f6zelli\u011fi katar. B\u00f6ylece tornavida, ucundaki her t\u00fcrl\u00fc metal civatay\u0131 vida vs. tutar ve ta\u015f\u0131r.<\/p>\n<p>\u0130ki boy olarak imal edilmektedir.<\/p>\n<ul>\n<li>B\u00fcy\u00fck Boy: \u00c7ap:\u00a0 \u00d817 \u0130\u00e7 \u00e7ap: 6,9 mm<\/li>\n<li>K\u00fc\u00e7\u00fck\u00a0Boy: \u00c7ap:\u00a0 \u00d816\u00a0\u0130\u00e7 \u00e7ap: 5\u00a0mm<\/li>\n<\/ul>\n<p><em><strong>Detayl\u0131 bilgi almak i\u00e7in l\u00fctfen ileti\u015fime ge\u00e7iniz.<br \/>\n<iframe src=\"https:\/\/www.youtube.com\/embed\/5lJAWDdfkqE\" width=\"640\" height=\"360\" frameborder=\"0\" allowfullscreen=\"allowfullscreen\"><\/iframe><\/strong><\/em><\/p>\n","protected":false},"excerpt":{"rendered":"<p>Bu teleskopik manyetik toplama aletlerin daralt\u0131lm\u0131\u015f uzunlu\u011fu 5-7&#8243; ve uzat\u0131lm\u0131\u015f uzunlu\u011fu 30-31&#8243; olup, bu \u00fcr\u00fcne hem kompakt hem de uzat\u0131labilir olma avantaj\u0131n\u0131 sa\u011flar.<\/p>\n","protected":false},"featured_media":7174,"template":"","meta":[],"product_cat":[84],"product_tag":[],"class_list":["post-7165","product","type-product","status-publish","has-post-thumbnail","hentry","product_cat-manyetik-ekipmanlar"],"acf":[],"yoast_head":"<!-- This site is optimized with the Yoast SEO Premium plugin v22.1 (Yoast SEO v22.1) - https:\/\/yoast.com\/wordpress\/plugins\/seo\/ -->\n<title>Tornavida Ucu M\u0131knat\u0131slar\u0131 - M\u0131knat\u0131s Ar-Ge<\/title>\n<meta name=\"robots\" content=\"index, follow, max-snippet:-1, max-image-preview:large, max-video-preview:-1\" \/>\n<link rel=\"canonical\" href=\"https:\/\/profaj.co\/miknatis\/tr\/urun\/spiralli-esnek-manyetik-yakalama-miknatisi\/\" \/>\n<meta property=\"og:locale\" content=\"tr_TR\" \/>\n<meta property=\"og:type\" content=\"article\" \/>\n<meta property=\"og:title\" content=\"Tornavida Ucu M\u0131knat\u0131slar\u0131\" \/>\n<meta property=\"og:description\" content=\"Bu teleskopik manyetik toplama aletlerin daralt\u0131lm\u0131\u015f uzunlu\u011fu 5-7&quot; ve uzat\u0131lm\u0131\u015f uzunlu\u011fu 30-31&quot; olup, bu \u00fcr\u00fcne hem kompakt hem de uzat\u0131labilir olma avantaj\u0131n\u0131 sa\u011flar.\" \/>\n<meta property=\"og:url\" content=\"https:\/\/profaj.co\/miknatis\/tr\/urun\/spiralli-esnek-manyetik-yakalama-miknatisi\/\" \/>\n<meta property=\"og:site_name\" content=\"M\u0131knat\u0131s Ar-Ge\" \/>\n<meta property=\"article:modified_time\" content=\"2024-05-17T13:16:06+00:00\" \/>\n<meta property=\"og:image\" content=\"https:\/\/profaj.co\/miknatis\/wp-content\/uploads\/2024\/05\/miknatis-arge_6218b28043433.jpg\" \/>\n\t<meta property=\"og:image:width\" content=\"1000\" \/>\n\t<meta property=\"og:image:height\" content=\"1000\" \/>\n\t<meta property=\"og:image:type\" content=\"image\/jpeg\" \/>\n<meta name=\"twitter:card\" content=\"summary_large_image\" \/>\n<script type=\"application\/ld+json\" class=\"yoast-schema-graph\">{\"@context\":\"https:\/\/schema.org\",\"@graph\":[{\"@type\":\"WebPage\",\"@id\":\"https:\/\/profaj.co\/miknatis\/tr\/urun\/spiralli-esnek-manyetik-yakalama-miknatisi\/\",\"url\":\"https:\/\/profaj.co\/miknatis\/tr\/urun\/spiralli-esnek-manyetik-yakalama-miknatisi\/\",\"name\":\"Tornavida Ucu M\u0131knat\u0131slar\u0131 - M\u0131knat\u0131s Ar-Ge\",\"isPartOf\":{\"@id\":\"https:\/\/profaj.co\/miknatis\/#website\"},\"datePublished\":\"2024-05-17T12:59:11+00:00\",\"dateModified\":\"2024-05-17T13:16:06+00:00\",\"breadcrumb\":{\"@id\":\"https:\/\/profaj.co\/miknatis\/tr\/urun\/spiralli-esnek-manyetik-yakalama-miknatisi\/#breadcrumb\"},\"inLanguage\":\"tr\",\"potentialAction\":[{\"@type\":\"ReadAction\",\"target\":[\"https:\/\/profaj.co\/miknatis\/tr\/urun\/spiralli-esnek-manyetik-yakalama-miknatisi\/\"]}]},{\"@type\":\"BreadcrumbList\",\"@id\":\"https:\/\/profaj.co\/miknatis\/tr\/urun\/spiralli-esnek-manyetik-yakalama-miknatisi\/#breadcrumb\",\"itemListElement\":[{\"@type\":\"ListItem\",\"position\":1,\"name\":\"Anasayfa\",\"item\":\"https:\/\/profaj.co\/miknatis\/tr\/anasayfa\/\"},{\"@type\":\"ListItem\",\"position\":2,\"name\":\"\u00dcr\u00fcnler\",\"item\":\"https:\/\/profaj.co\/miknatis\/tr\/urunler\/\"},{\"@type\":\"ListItem\",\"position\":3,\"name\":\"Tornavida Ucu M\u0131knat\u0131slar\u0131\"}]},{\"@type\":\"WebSite\",\"@id\":\"https:\/\/profaj.co\/miknatis\/#website\",\"url\":\"https:\/\/profaj.co\/miknatis\/\",\"name\":\"M\u0131knat\u0131s Ar-Ge\",\"description\":\"\",\"publisher\":{\"@id\":\"https:\/\/profaj.co\/miknatis\/#organization\"},\"potentialAction\":[{\"@type\":\"SearchAction\",\"target\":{\"@type\":\"EntryPoint\",\"urlTemplate\":\"https:\/\/profaj.co\/miknatis\/?s={search_term_string}\"},\"query-input\":\"required name=search_term_string\"}],\"inLanguage\":\"tr\"},{\"@type\":\"Organization\",\"@id\":\"https:\/\/profaj.co\/miknatis\/#organization\",\"name\":\"M\u0131knat\u0131s Ar-Ge\",\"url\":\"https:\/\/profaj.co\/miknatis\/\",\"logo\":{\"@type\":\"ImageObject\",\"inLanguage\":\"tr\",\"@id\":\"https:\/\/profaj.co\/miknatis\/#\/schema\/logo\/image\/\",\"url\":\"https:\/\/profaj.co\/miknatis\/wp-content\/uploads\/2023\/12\/logo-white.webp\",\"contentUrl\":\"https:\/\/profaj.co\/miknatis\/wp-content\/uploads\/2023\/12\/logo-white.webp\",\"width\":300,\"height\":266,\"caption\":\"M\u0131knat\u0131s Ar-Ge\"},\"image\":{\"@id\":\"https:\/\/profaj.co\/miknatis\/#\/schema\/logo\/image\/\"}}]}<\/script>\n<!-- \/ Yoast SEO Premium plugin. -->","yoast_head_json":{"title":"Tornavida Ucu M\u0131knat\u0131slar\u0131 - M\u0131knat\u0131s Ar-Ge","robots":{"index":"index","follow":"follow","max-snippet":"max-snippet:-1","max-image-preview":"max-image-preview:large","max-video-preview":"max-video-preview:-1"},"canonical":"https:\/\/profaj.co\/miknatis\/tr\/urun\/spiralli-esnek-manyetik-yakalama-miknatisi\/","og_locale":"tr_TR","og_type":"article","og_title":"Tornavida Ucu M\u0131knat\u0131slar\u0131","og_description":"Bu teleskopik manyetik toplama aletlerin daralt\u0131lm\u0131\u015f uzunlu\u011fu 5-7\" ve uzat\u0131lm\u0131\u015f uzunlu\u011fu 30-31\" olup, bu \u00fcr\u00fcne hem kompakt hem de uzat\u0131labilir olma avantaj\u0131n\u0131 sa\u011flar.","og_url":"https:\/\/profaj.co\/miknatis\/tr\/urun\/spiralli-esnek-manyetik-yakalama-miknatisi\/","og_site_name":"M\u0131knat\u0131s Ar-Ge","article_modified_time":"2024-05-17T13:16:06+00:00","og_image":[{"width":1000,"height":1000,"url":"https:\/\/profaj.co\/miknatis\/wp-content\/uploads\/2024\/05\/miknatis-arge_6218b28043433.jpg","type":"image\/jpeg"}],"twitter_card":"summary_large_image","schema":{"@context":"https:\/\/schema.org","@graph":[{"@type":"WebPage","@id":"https:\/\/profaj.co\/miknatis\/tr\/urun\/spiralli-esnek-manyetik-yakalama-miknatisi\/","url":"https:\/\/profaj.co\/miknatis\/tr\/urun\/spiralli-esnek-manyetik-yakalama-miknatisi\/","name":"Tornavida Ucu M\u0131knat\u0131slar\u0131 - M\u0131knat\u0131s Ar-Ge","isPartOf":{"@id":"https:\/\/profaj.co\/miknatis\/#website"},"datePublished":"2024-05-17T12:59:11+00:00","dateModified":"2024-05-17T13:16:06+00:00","breadcrumb":{"@id":"https:\/\/profaj.co\/miknatis\/tr\/urun\/spiralli-esnek-manyetik-yakalama-miknatisi\/#breadcrumb"},"inLanguage":"tr","potentialAction":[{"@type":"ReadAction","target":["https:\/\/profaj.co\/miknatis\/tr\/urun\/spiralli-esnek-manyetik-yakalama-miknatisi\/"]}]},{"@type":"BreadcrumbList","@id":"https:\/\/profaj.co\/miknatis\/tr\/urun\/spiralli-esnek-manyetik-yakalama-miknatisi\/#breadcrumb","itemListElement":[{"@type":"ListItem","position":1,"name":"Anasayfa","item":"https:\/\/profaj.co\/miknatis\/tr\/anasayfa\/"},{"@type":"ListItem","position":2,"name":"\u00dcr\u00fcnler","item":"https:\/\/profaj.co\/miknatis\/tr\/urunler\/"},{"@type":"ListItem","position":3,"name":"Tornavida Ucu M\u0131knat\u0131slar\u0131"}]},{"@type":"WebSite","@id":"https:\/\/profaj.co\/miknatis\/#website","url":"https:\/\/profaj.co\/miknatis\/","name":"M\u0131knat\u0131s Ar-Ge","description":"","publisher":{"@id":"https:\/\/profaj.co\/miknatis\/#organization"},"potentialAction":[{"@type":"SearchAction","target":{"@type":"EntryPoint","urlTemplate":"https:\/\/profaj.co\/miknatis\/?s={search_term_string}"},"query-input":"required name=search_term_string"}],"inLanguage":"tr"},{"@type":"Organization","@id":"https:\/\/profaj.co\/miknatis\/#organization","name":"M\u0131knat\u0131s Ar-Ge","url":"https:\/\/profaj.co\/miknatis\/","logo":{"@type":"ImageObject","inLanguage":"tr","@id":"https:\/\/profaj.co\/miknatis\/#\/schema\/logo\/image\/","url":"https:\/\/profaj.co\/miknatis\/wp-content\/uploads\/2023\/12\/logo-white.webp","contentUrl":"https:\/\/profaj.co\/miknatis\/wp-content\/uploads\/2023\/12\/logo-white.webp","width":300,"height":266,"caption":"M\u0131knat\u0131s Ar-Ge"},"image":{"@id":"https:\/\/profaj.co\/miknatis\/#\/schema\/logo\/image\/"}}]}},"lang":"tr","translations":{"tr":7165,"en":7327},"pll_sync_post":[],"_links":{"self":[{"href":"https:\/\/profaj.co\/miknatis\/wp-json\/wp\/v2\/product\/7165","targetHints":{"allow":["GET"]}}],"collection":[{"href":"https:\/\/profaj.co\/miknatis\/wp-json\/wp\/v2\/product"}],"about":[{"href":"https:\/\/profaj.co\/miknatis\/wp-json\/wp\/v2\/types\/product"}],"wp:featuredmedia":[{"embeddable":true,"href":"https:\/\/profaj.co\/miknatis\/wp-json\/wp\/v2\/media\/7174"}],"wp:attachment":[{"href":"https:\/\/profaj.co\/miknatis\/wp-json\/wp\/v2\/media?parent=7165"}],"wp:term":[{"taxonomy":"product_cat","embeddable":true,"href":"https:\/\/profaj.co\/miknatis\/wp-json\/wp\/v2\/product_cat?post=7165"},{"taxonomy":"product_tag","embeddable":true,"href":"https:\/\/profaj.co\/miknatis\/wp-json\/wp\/v2\/product_tag?post=7165"}],"curies":[{"name":"wp","href":"https:\/\/api.w.org\/{rel}","templated":true}]}}