{"id":7176,"date":"2024-05-17T16:38:51","date_gmt":"2024-05-17T13:38:51","guid":{"rendered":"https:\/\/profaj.co\/miknatis\/?post_type=product&#038;p=7176"},"modified":"2024-05-17T16:38:51","modified_gmt":"2024-05-17T13:38:51","slug":"manyetik-bileklik-takim-ve-malzeme-tutucu","status":"publish","type":"product","link":"https:\/\/profaj.co\/miknatis\/tr\/urun\/manyetik-bileklik-takim-ve-malzeme-tutucu\/","title":{"rendered":"Manyetik Bileklik Tak\u0131m ve Malzeme Tutucu"},"content":{"rendered":"<p>Manyetik Bileklik Tak\u0131m ve Malzeme (c\u0131vata, somun, \u00e7ivi) Tutucu<\/p>\n<p>Manyetik bileklik ile her zaman elinizin alt\u0131nda olmas\u0131 gereken somunlar\u0131 ve c\u0131vatalar\u0131 montaj s\u0131ras\u0131nda d\u00fc\u015f\u00fcrmeden tutabilir saklayabilirsiniz.\u00a0S\u00fcper g\u00fc\u00e7l\u00fc bir naylon bilek band\u0131 ve manyetik tutucu ile bu kullan\u0131\u015fl\u0131 \u00fcr\u00fcn herkese uyacak ve \u00e7ok \u00e7e\u015fitli k\u00fc\u00e7\u00fck aletler, c\u0131vatalar ve somunlar\u0131 tutacakt\u0131r.\u00a0Ekstra rahatl\u0131k i\u00e7in bekleyen \u00fccretsiz bir yard\u0131mc\u0131 gibidir.<\/p>\n<ol>\n<li>\u00c7ivileri, vidal\u0131 rondelalar\u0131, c\u0131vatalar\u0131 ve somunlar\u0131 iyi tutabilen g\u00fc\u00e7l\u00fc tutma m\u0131knat\u0131s\u0131,<\/li>\n<li>Uzun servis s\u00fcresi i\u00e7in dayan\u0131kl\u0131 paslanmaz \u00e7elik y\u00fczey,<\/li>\n<li>C\u0131rt bantl\u0131 kay\u0131\u015f, takmay\u0131 ve \u00e7\u0131karmay\u0131 kolayla\u015ft\u0131r\u0131r.<\/li>\n<\/ol>\n<p><em><strong>Teknik \u00d6zellikler:\u00a0<\/strong><\/em><\/p>\n<ul>\n<li>Paslanmaz \u00e7elik par\u00e7a tutma y\u00fczeyi,<\/li>\n<li>Ayarlanabilir naylon bantl\u0131 bileklik,<\/li>\n<li>C\u0131rt bantl\u0131 kilitleme mekanizmas\u0131.<\/li>\n<\/ul>\n<p><em><strong>Daha\u00a0ayr\u0131nt\u0131l\u0131 bilgi\u00a0ve farkl\u0131 ihtiya\u00e7lar\u0131n\u0131z i\u00e7in l\u00fctfen ileti\u015fime ge\u00e7iniz.<\/strong><\/em><\/p>\n","protected":false},"excerpt":{"rendered":"<p>Manyetik bileklik ile her zaman elinizin alt\u0131nda olmas\u0131 gereken somunlar\u0131 ve c\u0131vatalar\u0131 montaj s\u0131ras\u0131nda d\u00fc\u015f\u00fcrmeden tutabilir saklayabilirsiniz.\u00a0S\u00fcper g\u00fc\u00e7l\u00fc bir naylon bilek band\u0131 ve manyetik tutucu ile bu kullan\u0131\u015fl\u0131 \u00fcr\u00fcn herkese uyacak ve \u00e7ok \u00e7e\u015fitli k\u00fc\u00e7\u00fck aletler, c\u0131vatalar ve somunlar\u0131 tutacakt\u0131r.\u00a0Ekstra rahatl\u0131k i\u00e7in bekleyen \u00fccretsiz bir yard\u0131mc\u0131 gibidir.<\/p>\n","protected":false},"featured_media":7177,"template":"","meta":[],"product_cat":[84],"product_tag":[],"class_list":["post-7176","product","type-product","status-publish","has-post-thumbnail","hentry","product_cat-manyetik-ekipmanlar"],"acf":[],"yoast_head":"<!-- This site is optimized with the Yoast SEO Premium plugin v22.1 (Yoast SEO v22.1) - https:\/\/yoast.com\/wordpress\/plugins\/seo\/ -->\n<title>Manyetik Bileklik Tak\u0131m ve Malzeme Tutucu - M\u0131knat\u0131s Ar-Ge<\/title>\n<meta name=\"robots\" content=\"index, follow, max-snippet:-1, max-image-preview:large, max-video-preview:-1\" \/>\n<link rel=\"canonical\" href=\"https:\/\/profaj.co\/miknatis\/tr\/urun\/manyetik-bileklik-takim-ve-malzeme-tutucu\/\" \/>\n<meta property=\"og:locale\" content=\"tr_TR\" \/>\n<meta property=\"og:type\" content=\"article\" \/>\n<meta property=\"og:title\" content=\"Manyetik Bileklik Tak\u0131m ve Malzeme Tutucu\" \/>\n<meta property=\"og:description\" content=\"Manyetik bileklik ile her zaman elinizin alt\u0131nda olmas\u0131 gereken somunlar\u0131 ve c\u0131vatalar\u0131 montaj s\u0131ras\u0131nda d\u00fc\u015f\u00fcrmeden tutabilir saklayabilirsiniz.\u00a0S\u00fcper g\u00fc\u00e7l\u00fc bir naylon bilek band\u0131 ve manyetik tutucu ile bu kullan\u0131\u015fl\u0131 \u00fcr\u00fcn herkese uyacak ve \u00e7ok \u00e7e\u015fitli k\u00fc\u00e7\u00fck aletler, c\u0131vatalar ve somunlar\u0131 tutacakt\u0131r.\u00a0Ekstra rahatl\u0131k i\u00e7in bekleyen \u00fccretsiz bir yard\u0131mc\u0131 gibidir.\" \/>\n<meta property=\"og:url\" content=\"https:\/\/profaj.co\/miknatis\/tr\/urun\/manyetik-bileklik-takim-ve-malzeme-tutucu\/\" \/>\n<meta property=\"og:site_name\" content=\"M\u0131knat\u0131s Ar-Ge\" \/>\n<meta property=\"og:image\" content=\"https:\/\/profaj.co\/miknatis\/wp-content\/uploads\/2024\/05\/miknatis-arge_627a5a0ee915e.jpg\" \/>\n\t<meta property=\"og:image:width\" content=\"1000\" \/>\n\t<meta property=\"og:image:height\" content=\"1000\" \/>\n\t<meta property=\"og:image:type\" content=\"image\/jpeg\" \/>\n<meta name=\"twitter:card\" content=\"summary_large_image\" \/>\n<meta name=\"twitter:label1\" content=\"Tahmini okuma s\u00fcresi\" \/>\n\t<meta name=\"twitter:data1\" content=\"1 dakika\" \/>\n<script type=\"application\/ld+json\" class=\"yoast-schema-graph\">{\"@context\":\"https:\/\/schema.org\",\"@graph\":[{\"@type\":\"WebPage\",\"@id\":\"https:\/\/profaj.co\/miknatis\/tr\/urun\/manyetik-bileklik-takim-ve-malzeme-tutucu\/\",\"url\":\"https:\/\/profaj.co\/miknatis\/tr\/urun\/manyetik-bileklik-takim-ve-malzeme-tutucu\/\",\"name\":\"Manyetik Bileklik Tak\u0131m ve Malzeme Tutucu - M\u0131knat\u0131s Ar-Ge\",\"isPartOf\":{\"@id\":\"https:\/\/profaj.co\/miknatis\/#website\"},\"datePublished\":\"2024-05-17T13:38:51+00:00\",\"dateModified\":\"2024-05-17T13:38:51+00:00\",\"breadcrumb\":{\"@id\":\"https:\/\/profaj.co\/miknatis\/tr\/urun\/manyetik-bileklik-takim-ve-malzeme-tutucu\/#breadcrumb\"},\"inLanguage\":\"tr\",\"potentialAction\":[{\"@type\":\"ReadAction\",\"target\":[\"https:\/\/profaj.co\/miknatis\/tr\/urun\/manyetik-bileklik-takim-ve-malzeme-tutucu\/\"]}]},{\"@type\":\"BreadcrumbList\",\"@id\":\"https:\/\/profaj.co\/miknatis\/tr\/urun\/manyetik-bileklik-takim-ve-malzeme-tutucu\/#breadcrumb\",\"itemListElement\":[{\"@type\":\"ListItem\",\"position\":1,\"name\":\"Anasayfa\",\"item\":\"https:\/\/profaj.co\/miknatis\/tr\/anasayfa\/\"},{\"@type\":\"ListItem\",\"position\":2,\"name\":\"\u00dcr\u00fcnler\",\"item\":\"https:\/\/profaj.co\/miknatis\/tr\/urunler\/\"},{\"@type\":\"ListItem\",\"position\":3,\"name\":\"Manyetik Bileklik Tak\u0131m ve Malzeme Tutucu\"}]},{\"@type\":\"WebSite\",\"@id\":\"https:\/\/profaj.co\/miknatis\/#website\",\"url\":\"https:\/\/profaj.co\/miknatis\/\",\"name\":\"M\u0131knat\u0131s Ar-Ge\",\"description\":\"\",\"publisher\":{\"@id\":\"https:\/\/profaj.co\/miknatis\/#organization\"},\"potentialAction\":[{\"@type\":\"SearchAction\",\"target\":{\"@type\":\"EntryPoint\",\"urlTemplate\":\"https:\/\/profaj.co\/miknatis\/?s={search_term_string}\"},\"query-input\":\"required name=search_term_string\"}],\"inLanguage\":\"tr\"},{\"@type\":\"Organization\",\"@id\":\"https:\/\/profaj.co\/miknatis\/#organization\",\"name\":\"M\u0131knat\u0131s Ar-Ge\",\"url\":\"https:\/\/profaj.co\/miknatis\/\",\"logo\":{\"@type\":\"ImageObject\",\"inLanguage\":\"tr\",\"@id\":\"https:\/\/profaj.co\/miknatis\/#\/schema\/logo\/image\/\",\"url\":\"https:\/\/profaj.co\/miknatis\/wp-content\/uploads\/2023\/12\/logo-white.webp\",\"contentUrl\":\"https:\/\/profaj.co\/miknatis\/wp-content\/uploads\/2023\/12\/logo-white.webp\",\"width\":300,\"height\":266,\"caption\":\"M\u0131knat\u0131s Ar-Ge\"},\"image\":{\"@id\":\"https:\/\/profaj.co\/miknatis\/#\/schema\/logo\/image\/\"}}]}<\/script>\n<!-- \/ Yoast SEO Premium plugin. -->","yoast_head_json":{"title":"Manyetik Bileklik Tak\u0131m ve Malzeme Tutucu - M\u0131knat\u0131s Ar-Ge","robots":{"index":"index","follow":"follow","max-snippet":"max-snippet:-1","max-image-preview":"max-image-preview:large","max-video-preview":"max-video-preview:-1"},"canonical":"https:\/\/profaj.co\/miknatis\/tr\/urun\/manyetik-bileklik-takim-ve-malzeme-tutucu\/","og_locale":"tr_TR","og_type":"article","og_title":"Manyetik Bileklik Tak\u0131m ve Malzeme Tutucu","og_description":"Manyetik bileklik ile her zaman elinizin alt\u0131nda olmas\u0131 gereken somunlar\u0131 ve c\u0131vatalar\u0131 montaj s\u0131ras\u0131nda d\u00fc\u015f\u00fcrmeden tutabilir saklayabilirsiniz.\u00a0S\u00fcper g\u00fc\u00e7l\u00fc bir naylon bilek band\u0131 ve manyetik tutucu ile bu kullan\u0131\u015fl\u0131 \u00fcr\u00fcn herkese uyacak ve \u00e7ok \u00e7e\u015fitli k\u00fc\u00e7\u00fck aletler, c\u0131vatalar ve somunlar\u0131 tutacakt\u0131r.\u00a0Ekstra rahatl\u0131k i\u00e7in bekleyen \u00fccretsiz bir yard\u0131mc\u0131 gibidir.","og_url":"https:\/\/profaj.co\/miknatis\/tr\/urun\/manyetik-bileklik-takim-ve-malzeme-tutucu\/","og_site_name":"M\u0131knat\u0131s Ar-Ge","og_image":[{"width":1000,"height":1000,"url":"https:\/\/profaj.co\/miknatis\/wp-content\/uploads\/2024\/05\/miknatis-arge_627a5a0ee915e.jpg","type":"image\/jpeg"}],"twitter_card":"summary_large_image","twitter_misc":{"Tahmini okuma s\u00fcresi":"1 dakika"},"schema":{"@context":"https:\/\/schema.org","@graph":[{"@type":"WebPage","@id":"https:\/\/profaj.co\/miknatis\/tr\/urun\/manyetik-bileklik-takim-ve-malzeme-tutucu\/","url":"https:\/\/profaj.co\/miknatis\/tr\/urun\/manyetik-bileklik-takim-ve-malzeme-tutucu\/","name":"Manyetik Bileklik Tak\u0131m ve Malzeme Tutucu - M\u0131knat\u0131s Ar-Ge","isPartOf":{"@id":"https:\/\/profaj.co\/miknatis\/#website"},"datePublished":"2024-05-17T13:38:51+00:00","dateModified":"2024-05-17T13:38:51+00:00","breadcrumb":{"@id":"https:\/\/profaj.co\/miknatis\/tr\/urun\/manyetik-bileklik-takim-ve-malzeme-tutucu\/#breadcrumb"},"inLanguage":"tr","potentialAction":[{"@type":"ReadAction","target":["https:\/\/profaj.co\/miknatis\/tr\/urun\/manyetik-bileklik-takim-ve-malzeme-tutucu\/"]}]},{"@type":"BreadcrumbList","@id":"https:\/\/profaj.co\/miknatis\/tr\/urun\/manyetik-bileklik-takim-ve-malzeme-tutucu\/#breadcrumb","itemListElement":[{"@type":"ListItem","position":1,"name":"Anasayfa","item":"https:\/\/profaj.co\/miknatis\/tr\/anasayfa\/"},{"@type":"ListItem","position":2,"name":"\u00dcr\u00fcnler","item":"https:\/\/profaj.co\/miknatis\/tr\/urunler\/"},{"@type":"ListItem","position":3,"name":"Manyetik Bileklik Tak\u0131m ve Malzeme Tutucu"}]},{"@type":"WebSite","@id":"https:\/\/profaj.co\/miknatis\/#website","url":"https:\/\/profaj.co\/miknatis\/","name":"M\u0131knat\u0131s Ar-Ge","description":"","publisher":{"@id":"https:\/\/profaj.co\/miknatis\/#organization"},"potentialAction":[{"@type":"SearchAction","target":{"@type":"EntryPoint","urlTemplate":"https:\/\/profaj.co\/miknatis\/?s={search_term_string}"},"query-input":"required name=search_term_string"}],"inLanguage":"tr"},{"@type":"Organization","@id":"https:\/\/profaj.co\/miknatis\/#organization","name":"M\u0131knat\u0131s Ar-Ge","url":"https:\/\/profaj.co\/miknatis\/","logo":{"@type":"ImageObject","inLanguage":"tr","@id":"https:\/\/profaj.co\/miknatis\/#\/schema\/logo\/image\/","url":"https:\/\/profaj.co\/miknatis\/wp-content\/uploads\/2023\/12\/logo-white.webp","contentUrl":"https:\/\/profaj.co\/miknatis\/wp-content\/uploads\/2023\/12\/logo-white.webp","width":300,"height":266,"caption":"M\u0131knat\u0131s Ar-Ge"},"image":{"@id":"https:\/\/profaj.co\/miknatis\/#\/schema\/logo\/image\/"}}]}},"lang":"tr","translations":{"tr":7176,"en":7328},"pll_sync_post":[],"_links":{"self":[{"href":"https:\/\/profaj.co\/miknatis\/wp-json\/wp\/v2\/product\/7176","targetHints":{"allow":["GET"]}}],"collection":[{"href":"https:\/\/profaj.co\/miknatis\/wp-json\/wp\/v2\/product"}],"about":[{"href":"https:\/\/profaj.co\/miknatis\/wp-json\/wp\/v2\/types\/product"}],"wp:featuredmedia":[{"embeddable":true,"href":"https:\/\/profaj.co\/miknatis\/wp-json\/wp\/v2\/media\/7177"}],"wp:attachment":[{"href":"https:\/\/profaj.co\/miknatis\/wp-json\/wp\/v2\/media?parent=7176"}],"wp:term":[{"taxonomy":"product_cat","embeddable":true,"href":"https:\/\/profaj.co\/miknatis\/wp-json\/wp\/v2\/product_cat?post=7176"},{"taxonomy":"product_tag","embeddable":true,"href":"https:\/\/profaj.co\/miknatis\/wp-json\/wp\/v2\/product_tag?post=7176"}],"curies":[{"name":"wp","href":"https:\/\/api.w.org\/{rel}","templated":true}]}}