{"id":7180,"date":"2024-05-17T16:39:11","date_gmt":"2024-05-17T13:39:11","guid":{"rendered":"https:\/\/profaj.co\/miknatis\/?post_type=product&#038;p=7180"},"modified":"2024-05-17T16:42:38","modified_gmt":"2024-05-17T13:42:38","slug":"alet-takim-bicak-tutucular","status":"publish","type":"product","link":"https:\/\/profaj.co\/miknatis\/tr\/urun\/alet-takim-bicak-tutucular\/","title":{"rendered":"Alet Tak\u0131m B\u0131\u00e7ak Tutucular"},"content":{"rendered":"<p>Manyetik tutucu at\u00f6lyeniz, garaj\u0131n\u0131z ve mutfa\u011f\u0131n\u0131zda kulland\u0131\u011f\u0131n\u0131z \u00e7eki\u00e7, pense, gibi tak\u0131mlar\u0131n b\u0131\u00e7ak, kep\u00e7e gibi mutfak aletlerinin, anahtarlar\u0131n, makaslar\u0131n her zaman ula\u015f\u0131labilir g\u00f6z\u00fcn\u00fcz\u00fcn \u00f6n\u00fcnde olacak \u015fekilde d\u00fczenlenmesini sa\u011flar. Duvara ya da \u00e7al\u0131\u015fma tezgah\u0131na monte edilerek yer kaplamaz. G\u00fc\u00e7l\u00fc ve dayan\u0131kl\u0131 karbon \u00e7elikten \u00fcretilmi\u015ftir. G\u00fc\u00e7l\u00fc manyetikli\u011fi sayesinde 13,6kg&#8217; a kadar tutuma kuvvetine sahiptir. Montaj malzemeleri paket i\u00e7eri\u011findedir. \u00d6zel konnekt\u00f6rl\u00fc yap\u0131s\u0131 gere\u011fi birden \u00e7ok manyetik tak\u0131m b\u0131\u00e7ak tutucuyu beraber montajlayarak istedi\u011finiz uzunlu\u011fa ula\u015fabilirsiniz.<\/p>\n<p>3 farkl\u0131 boyu mevcuttur.<\/p>\n<p><em><strong>Daha ayr\u0131nt\u0131l\u0131 bilgi ve farkl\u0131 ihtiya\u00e7lar\u0131n\u0131z i\u00e7in l\u00fctfen ileti\u015fime ge\u00e7iniz.<\/strong><\/em><\/p>\n","protected":false},"excerpt":{"rendered":"<p>Manyetik tutucu at\u00f6lyeniz, garaj\u0131n\u0131z ve mutfa\u011f\u0131n\u0131zda kulland\u0131\u011f\u0131n\u0131z \u00e7eki\u00e7, pense, gibi tak\u0131mlar\u0131n b\u0131\u00e7ak, kep\u00e7e gibi mutfak aletlerinin, anahtarlar\u0131n, makaslar\u0131n her zaman ula\u015f\u0131labilir g\u00f6z\u00fcn\u00fcz\u00fcn \u00f6n\u00fcnde olacak \u015fekilde d\u00fczenlenmesini sa\u011flar.<\/p>\n","protected":false},"featured_media":7181,"template":"","meta":[],"product_cat":[85,84],"product_tag":[],"class_list":["post-7180","product","type-product","status-publish","has-post-thumbnail","hentry","product_cat-metal-tutucular","product_cat-manyetik-ekipmanlar"],"acf":[],"yoast_head":"<!-- This site is optimized with the Yoast SEO Premium plugin v22.1 (Yoast SEO v22.1) - https:\/\/yoast.com\/wordpress\/plugins\/seo\/ -->\n<title>Alet Tak\u0131m B\u0131\u00e7ak Tutucular - M\u0131knat\u0131s Ar-Ge<\/title>\n<meta name=\"robots\" content=\"index, follow, max-snippet:-1, max-image-preview:large, max-video-preview:-1\" \/>\n<link rel=\"canonical\" href=\"https:\/\/profaj.co\/miknatis\/tr\/urun\/alet-takim-bicak-tutucular\/\" \/>\n<meta property=\"og:locale\" content=\"tr_TR\" \/>\n<meta property=\"og:type\" content=\"article\" \/>\n<meta property=\"og:title\" content=\"Alet Tak\u0131m B\u0131\u00e7ak Tutucular\" \/>\n<meta property=\"og:description\" content=\"Manyetik tutucu at\u00f6lyeniz, garaj\u0131n\u0131z ve mutfa\u011f\u0131n\u0131zda kulland\u0131\u011f\u0131n\u0131z \u00e7eki\u00e7, pense, gibi tak\u0131mlar\u0131n b\u0131\u00e7ak, kep\u00e7e gibi mutfak aletlerinin, anahtarlar\u0131n, makaslar\u0131n her zaman ula\u015f\u0131labilir g\u00f6z\u00fcn\u00fcz\u00fcn \u00f6n\u00fcnde olacak \u015fekilde d\u00fczenlenmesini sa\u011flar.\" \/>\n<meta property=\"og:url\" content=\"https:\/\/profaj.co\/miknatis\/tr\/urun\/alet-takim-bicak-tutucular\/\" \/>\n<meta property=\"og:site_name\" content=\"M\u0131knat\u0131s Ar-Ge\" \/>\n<meta property=\"article:modified_time\" content=\"2024-05-17T13:42:38+00:00\" \/>\n<meta property=\"og:image\" content=\"https:\/\/profaj.co\/miknatis\/wp-content\/uploads\/2024\/05\/miknatis-arge_627a6d592db88.jpg\" \/>\n\t<meta property=\"og:image:width\" content=\"1000\" \/>\n\t<meta property=\"og:image:height\" content=\"1000\" \/>\n\t<meta property=\"og:image:type\" content=\"image\/jpeg\" \/>\n<meta name=\"twitter:card\" content=\"summary_large_image\" \/>\n<meta name=\"twitter:label1\" content=\"Tahmini okuma s\u00fcresi\" \/>\n\t<meta name=\"twitter:data1\" content=\"1 dakika\" \/>\n<script type=\"application\/ld+json\" class=\"yoast-schema-graph\">{\"@context\":\"https:\/\/schema.org\",\"@graph\":[{\"@type\":\"WebPage\",\"@id\":\"https:\/\/profaj.co\/miknatis\/tr\/urun\/alet-takim-bicak-tutucular\/\",\"url\":\"https:\/\/profaj.co\/miknatis\/tr\/urun\/alet-takim-bicak-tutucular\/\",\"name\":\"Alet Tak\u0131m B\u0131\u00e7ak Tutucular - M\u0131knat\u0131s Ar-Ge\",\"isPartOf\":{\"@id\":\"https:\/\/profaj.co\/miknatis\/#website\"},\"datePublished\":\"2024-05-17T13:39:11+00:00\",\"dateModified\":\"2024-05-17T13:42:38+00:00\",\"breadcrumb\":{\"@id\":\"https:\/\/profaj.co\/miknatis\/tr\/urun\/alet-takim-bicak-tutucular\/#breadcrumb\"},\"inLanguage\":\"tr\",\"potentialAction\":[{\"@type\":\"ReadAction\",\"target\":[\"https:\/\/profaj.co\/miknatis\/tr\/urun\/alet-takim-bicak-tutucular\/\"]}]},{\"@type\":\"BreadcrumbList\",\"@id\":\"https:\/\/profaj.co\/miknatis\/tr\/urun\/alet-takim-bicak-tutucular\/#breadcrumb\",\"itemListElement\":[{\"@type\":\"ListItem\",\"position\":1,\"name\":\"Anasayfa\",\"item\":\"https:\/\/profaj.co\/miknatis\/tr\/anasayfa\/\"},{\"@type\":\"ListItem\",\"position\":2,\"name\":\"\u00dcr\u00fcnler\",\"item\":\"https:\/\/profaj.co\/miknatis\/tr\/urunler\/\"},{\"@type\":\"ListItem\",\"position\":3,\"name\":\"Alet Tak\u0131m B\u0131\u00e7ak Tutucular\"}]},{\"@type\":\"WebSite\",\"@id\":\"https:\/\/profaj.co\/miknatis\/#website\",\"url\":\"https:\/\/profaj.co\/miknatis\/\",\"name\":\"M\u0131knat\u0131s Ar-Ge\",\"description\":\"\",\"publisher\":{\"@id\":\"https:\/\/profaj.co\/miknatis\/#organization\"},\"potentialAction\":[{\"@type\":\"SearchAction\",\"target\":{\"@type\":\"EntryPoint\",\"urlTemplate\":\"https:\/\/profaj.co\/miknatis\/?s={search_term_string}\"},\"query-input\":\"required name=search_term_string\"}],\"inLanguage\":\"tr\"},{\"@type\":\"Organization\",\"@id\":\"https:\/\/profaj.co\/miknatis\/#organization\",\"name\":\"M\u0131knat\u0131s Ar-Ge\",\"url\":\"https:\/\/profaj.co\/miknatis\/\",\"logo\":{\"@type\":\"ImageObject\",\"inLanguage\":\"tr\",\"@id\":\"https:\/\/profaj.co\/miknatis\/#\/schema\/logo\/image\/\",\"url\":\"https:\/\/profaj.co\/miknatis\/wp-content\/uploads\/2023\/12\/logo-white.webp\",\"contentUrl\":\"https:\/\/profaj.co\/miknatis\/wp-content\/uploads\/2023\/12\/logo-white.webp\",\"width\":300,\"height\":266,\"caption\":\"M\u0131knat\u0131s Ar-Ge\"},\"image\":{\"@id\":\"https:\/\/profaj.co\/miknatis\/#\/schema\/logo\/image\/\"}}]}<\/script>\n<!-- \/ Yoast SEO Premium plugin. -->","yoast_head_json":{"title":"Alet Tak\u0131m B\u0131\u00e7ak Tutucular - M\u0131knat\u0131s Ar-Ge","robots":{"index":"index","follow":"follow","max-snippet":"max-snippet:-1","max-image-preview":"max-image-preview:large","max-video-preview":"max-video-preview:-1"},"canonical":"https:\/\/profaj.co\/miknatis\/tr\/urun\/alet-takim-bicak-tutucular\/","og_locale":"tr_TR","og_type":"article","og_title":"Alet Tak\u0131m B\u0131\u00e7ak Tutucular","og_description":"Manyetik tutucu at\u00f6lyeniz, garaj\u0131n\u0131z ve mutfa\u011f\u0131n\u0131zda kulland\u0131\u011f\u0131n\u0131z \u00e7eki\u00e7, pense, gibi tak\u0131mlar\u0131n b\u0131\u00e7ak, kep\u00e7e gibi mutfak aletlerinin, anahtarlar\u0131n, makaslar\u0131n her zaman ula\u015f\u0131labilir g\u00f6z\u00fcn\u00fcz\u00fcn \u00f6n\u00fcnde olacak \u015fekilde d\u00fczenlenmesini sa\u011flar.","og_url":"https:\/\/profaj.co\/miknatis\/tr\/urun\/alet-takim-bicak-tutucular\/","og_site_name":"M\u0131knat\u0131s Ar-Ge","article_modified_time":"2024-05-17T13:42:38+00:00","og_image":[{"width":1000,"height":1000,"url":"https:\/\/profaj.co\/miknatis\/wp-content\/uploads\/2024\/05\/miknatis-arge_627a6d592db88.jpg","type":"image\/jpeg"}],"twitter_card":"summary_large_image","twitter_misc":{"Tahmini okuma s\u00fcresi":"1 dakika"},"schema":{"@context":"https:\/\/schema.org","@graph":[{"@type":"WebPage","@id":"https:\/\/profaj.co\/miknatis\/tr\/urun\/alet-takim-bicak-tutucular\/","url":"https:\/\/profaj.co\/miknatis\/tr\/urun\/alet-takim-bicak-tutucular\/","name":"Alet Tak\u0131m B\u0131\u00e7ak Tutucular - M\u0131knat\u0131s Ar-Ge","isPartOf":{"@id":"https:\/\/profaj.co\/miknatis\/#website"},"datePublished":"2024-05-17T13:39:11+00:00","dateModified":"2024-05-17T13:42:38+00:00","breadcrumb":{"@id":"https:\/\/profaj.co\/miknatis\/tr\/urun\/alet-takim-bicak-tutucular\/#breadcrumb"},"inLanguage":"tr","potentialAction":[{"@type":"ReadAction","target":["https:\/\/profaj.co\/miknatis\/tr\/urun\/alet-takim-bicak-tutucular\/"]}]},{"@type":"BreadcrumbList","@id":"https:\/\/profaj.co\/miknatis\/tr\/urun\/alet-takim-bicak-tutucular\/#breadcrumb","itemListElement":[{"@type":"ListItem","position":1,"name":"Anasayfa","item":"https:\/\/profaj.co\/miknatis\/tr\/anasayfa\/"},{"@type":"ListItem","position":2,"name":"\u00dcr\u00fcnler","item":"https:\/\/profaj.co\/miknatis\/tr\/urunler\/"},{"@type":"ListItem","position":3,"name":"Alet Tak\u0131m B\u0131\u00e7ak Tutucular"}]},{"@type":"WebSite","@id":"https:\/\/profaj.co\/miknatis\/#website","url":"https:\/\/profaj.co\/miknatis\/","name":"M\u0131knat\u0131s Ar-Ge","description":"","publisher":{"@id":"https:\/\/profaj.co\/miknatis\/#organization"},"potentialAction":[{"@type":"SearchAction","target":{"@type":"EntryPoint","urlTemplate":"https:\/\/profaj.co\/miknatis\/?s={search_term_string}"},"query-input":"required name=search_term_string"}],"inLanguage":"tr"},{"@type":"Organization","@id":"https:\/\/profaj.co\/miknatis\/#organization","name":"M\u0131knat\u0131s Ar-Ge","url":"https:\/\/profaj.co\/miknatis\/","logo":{"@type":"ImageObject","inLanguage":"tr","@id":"https:\/\/profaj.co\/miknatis\/#\/schema\/logo\/image\/","url":"https:\/\/profaj.co\/miknatis\/wp-content\/uploads\/2023\/12\/logo-white.webp","contentUrl":"https:\/\/profaj.co\/miknatis\/wp-content\/uploads\/2023\/12\/logo-white.webp","width":300,"height":266,"caption":"M\u0131knat\u0131s Ar-Ge"},"image":{"@id":"https:\/\/profaj.co\/miknatis\/#\/schema\/logo\/image\/"}}]}},"lang":"tr","translations":{"tr":7180,"en":7320},"pll_sync_post":[],"_links":{"self":[{"href":"https:\/\/profaj.co\/miknatis\/wp-json\/wp\/v2\/product\/7180","targetHints":{"allow":["GET"]}}],"collection":[{"href":"https:\/\/profaj.co\/miknatis\/wp-json\/wp\/v2\/product"}],"about":[{"href":"https:\/\/profaj.co\/miknatis\/wp-json\/wp\/v2\/types\/product"}],"wp:featuredmedia":[{"embeddable":true,"href":"https:\/\/profaj.co\/miknatis\/wp-json\/wp\/v2\/media\/7181"}],"wp:attachment":[{"href":"https:\/\/profaj.co\/miknatis\/wp-json\/wp\/v2\/media?parent=7180"}],"wp:term":[{"taxonomy":"product_cat","embeddable":true,"href":"https:\/\/profaj.co\/miknatis\/wp-json\/wp\/v2\/product_cat?post=7180"},{"taxonomy":"product_tag","embeddable":true,"href":"https:\/\/profaj.co\/miknatis\/wp-json\/wp\/v2\/product_tag?post=7180"}],"curies":[{"name":"wp","href":"https:\/\/api.w.org\/{rel}","templated":true}]}}