{"id":7188,"date":"2024-05-17T16:43:56","date_gmt":"2024-05-17T13:43:56","guid":{"rendered":"https:\/\/profaj.co\/miknatis\/?post_type=product&#038;p=7188"},"modified":"2024-05-17T16:46:25","modified_gmt":"2024-05-17T13:46:25","slug":"mama-miknatislari","status":"publish","type":"product","link":"https:\/\/profaj.co\/miknatis\/tr\/urun\/mama-miknatislari\/","title":{"rendered":"Mama M\u0131knat\u0131slar\u0131"},"content":{"rendered":"<p>B\u00fcy\u00fckba\u015f hayvanlar, \u00e7ivi ve teller de dahil olmak \u00fczere \u00e7im ve kirden her \u015feyi yerler.\u00a0\u0130nekler farkl\u0131 materyalleri ay\u0131rt etmek i\u00e7in dudak kullanmazlar ve yutmadan \u00f6nce tamamen \u00e7i\u011fnemezler.\u00a0Kirli nesneler, organlar\u0131n petekli duvarlar\u0131na yerle\u015ferek \u00e7evredeki hayati organlar\u0131 do\u011frudan tehdit eder ve tahri\u015fe, iltihaplanmaya ve hatta\u00a0yabanc\u0131 ve keskin metal ve maddelerin yutulmas\u0131 kaynakl\u0131 donan\u0131m hastal\u0131\u011f\u0131na bile neden olur.\u00a0Donan\u0131m hastal\u0131\u011f\u0131, ineklerin i\u015ftah\u0131n\u0131 kaybetmesine, s\u00fct veriminin azalmas\u0131na veya kilo alamama problemlerine yol a\u00e7acakt\u0131r.\u00a0\u0130nek m\u0131knat\u0131slar\u0131, donan\u0131m hastal\u0131klar\u0131n\u0131n tedavisinde ve \u00f6nlenmesinde kullan\u0131lan veterinerlerin \u00f6nerdi\u011fi t\u0131bbi bir cihazd\u0131r.\u00a0\u00c7ift\u00e7iler ve veterinerler, rumen ve retikulumdan ferromanyetik maddeleri \u00e7ekerek donan\u0131m hastal\u0131klar\u0131yla sava\u015fmak i\u00e7in inek m\u0131knat\u0131slar\u0131n\u0131 kullan\u0131rlar.\u00a0\u0130nek m\u0131knat\u0131slar\u0131, \u00e7ift\u00e7iler veya veterinerler taraf\u0131ndan ine\u011fin a\u011fz\u0131na yerle\u015ftirilir, daha sonra ine\u011fin ikinci midesine yerle\u015fir ve yolda ba\u015f\u0131bo\u015f metalleri \u00e7eker ve g\u00fcvenli b\u00f6lgede tutar.<\/p>\n<p>Mama m\u0131knat\u0131s\u0131, rumen m\u0131knat\u0131s\u0131, japon m\u0131knat\u0131s\u0131, kafesli m\u0131knat\u0131s, inek m\u0131knat\u0131s\u0131, hayvan m\u0131knat\u0131s\u0131 ve b\u00fcy\u00fckba\u015f m\u0131knat\u0131s\u0131 olarak bilinir.<\/p>\n<ul>\n<li>\u0130neklerin otlarken yuttu\u011fu \u00e7ivileri, z\u0131mba tellerini ve balya telini (serbest demir) toplar<\/li>\n<li>Do\u011fru uyguland\u0131\u011f\u0131nda bir m\u0131knat\u0131s ine\u011fin \u00f6mr\u00fc boyunca dayanacakt\u0131r.<\/li>\n<li>\u0130neklerde donan\u0131m hastal\u0131klar\u0131n\u0131 \u00f6nler<\/li>\n<\/ul>\n<p><em><strong>Geni\u015f mama m\u0131knat\u0131s\u0131 \u00e7e\u015fitlili\u011fimiz ve mama m\u0131knat\u0131s\u0131 yerle\u015ftirme ekipman\u0131 i\u00e7in ileti\u015fime ge\u00e7in.<\/strong><\/em><\/p>\n","protected":false},"excerpt":{"rendered":"<p>B\u00fcy\u00fckba\u015f hayvanlar, \u00e7ivi ve teller de dahil olmak \u00fczere \u00e7im ve kirden her \u015feyi yerler.\u00a0\u0130nekler farkl\u0131 materyalleri ay\u0131rt etmek i\u00e7in dudak kullanmazlar ve yutmadan \u00f6nce tamamen \u00e7i\u011fnemezler.<\/p>\n","protected":false},"featured_media":7189,"template":"","meta":[],"product_cat":[84],"product_tag":[],"class_list":["post-7188","product","type-product","status-publish","has-post-thumbnail","hentry","product_cat-manyetik-ekipmanlar"],"acf":[],"yoast_head":"<!-- This site is optimized with the Yoast SEO Premium plugin v22.1 (Yoast SEO v22.1) - https:\/\/yoast.com\/wordpress\/plugins\/seo\/ -->\n<title>Mama M\u0131knat\u0131slar\u0131 - M\u0131knat\u0131s Ar-Ge<\/title>\n<meta name=\"robots\" content=\"index, follow, max-snippet:-1, max-image-preview:large, max-video-preview:-1\" \/>\n<link rel=\"canonical\" href=\"https:\/\/profaj.co\/miknatis\/tr\/urun\/mama-miknatislari\/\" \/>\n<meta property=\"og:locale\" content=\"tr_TR\" \/>\n<meta property=\"og:type\" content=\"article\" \/>\n<meta property=\"og:title\" content=\"Mama M\u0131knat\u0131slar\u0131\" \/>\n<meta property=\"og:description\" content=\"B\u00fcy\u00fckba\u015f hayvanlar, \u00e7ivi ve teller de dahil olmak \u00fczere \u00e7im ve kirden her \u015feyi yerler.\u00a0\u0130nekler farkl\u0131 materyalleri ay\u0131rt etmek i\u00e7in dudak kullanmazlar ve yutmadan \u00f6nce tamamen \u00e7i\u011fnemezler.\" \/>\n<meta property=\"og:url\" content=\"https:\/\/profaj.co\/miknatis\/tr\/urun\/mama-miknatislari\/\" \/>\n<meta property=\"og:site_name\" content=\"M\u0131knat\u0131s Ar-Ge\" \/>\n<meta property=\"article:modified_time\" content=\"2024-05-17T13:46:25+00:00\" \/>\n<meta property=\"og:image\" content=\"https:\/\/profaj.co\/miknatis\/wp-content\/uploads\/2024\/05\/miknatis-arge_6218c25909974.jpg\" \/>\n\t<meta property=\"og:image:width\" content=\"1000\" \/>\n\t<meta property=\"og:image:height\" content=\"1000\" \/>\n\t<meta property=\"og:image:type\" content=\"image\/jpeg\" \/>\n<meta name=\"twitter:card\" content=\"summary_large_image\" \/>\n<meta name=\"twitter:label1\" content=\"Tahmini okuma s\u00fcresi\" \/>\n\t<meta name=\"twitter:data1\" content=\"1 dakika\" \/>\n<script type=\"application\/ld+json\" class=\"yoast-schema-graph\">{\"@context\":\"https:\/\/schema.org\",\"@graph\":[{\"@type\":\"WebPage\",\"@id\":\"https:\/\/profaj.co\/miknatis\/tr\/urun\/mama-miknatislari\/\",\"url\":\"https:\/\/profaj.co\/miknatis\/tr\/urun\/mama-miknatislari\/\",\"name\":\"Mama M\u0131knat\u0131slar\u0131 - M\u0131knat\u0131s Ar-Ge\",\"isPartOf\":{\"@id\":\"https:\/\/profaj.co\/miknatis\/#website\"},\"datePublished\":\"2024-05-17T13:43:56+00:00\",\"dateModified\":\"2024-05-17T13:46:25+00:00\",\"breadcrumb\":{\"@id\":\"https:\/\/profaj.co\/miknatis\/tr\/urun\/mama-miknatislari\/#breadcrumb\"},\"inLanguage\":\"tr\",\"potentialAction\":[{\"@type\":\"ReadAction\",\"target\":[\"https:\/\/profaj.co\/miknatis\/tr\/urun\/mama-miknatislari\/\"]}]},{\"@type\":\"BreadcrumbList\",\"@id\":\"https:\/\/profaj.co\/miknatis\/tr\/urun\/mama-miknatislari\/#breadcrumb\",\"itemListElement\":[{\"@type\":\"ListItem\",\"position\":1,\"name\":\"Anasayfa\",\"item\":\"https:\/\/profaj.co\/miknatis\/tr\/anasayfa\/\"},{\"@type\":\"ListItem\",\"position\":2,\"name\":\"\u00dcr\u00fcnler\",\"item\":\"https:\/\/profaj.co\/miknatis\/tr\/urunler\/\"},{\"@type\":\"ListItem\",\"position\":3,\"name\":\"Mama M\u0131knat\u0131slar\u0131\"}]},{\"@type\":\"WebSite\",\"@id\":\"https:\/\/profaj.co\/miknatis\/#website\",\"url\":\"https:\/\/profaj.co\/miknatis\/\",\"name\":\"M\u0131knat\u0131s Ar-Ge\",\"description\":\"\",\"publisher\":{\"@id\":\"https:\/\/profaj.co\/miknatis\/#organization\"},\"potentialAction\":[{\"@type\":\"SearchAction\",\"target\":{\"@type\":\"EntryPoint\",\"urlTemplate\":\"https:\/\/profaj.co\/miknatis\/?s={search_term_string}\"},\"query-input\":\"required name=search_term_string\"}],\"inLanguage\":\"tr\"},{\"@type\":\"Organization\",\"@id\":\"https:\/\/profaj.co\/miknatis\/#organization\",\"name\":\"M\u0131knat\u0131s Ar-Ge\",\"url\":\"https:\/\/profaj.co\/miknatis\/\",\"logo\":{\"@type\":\"ImageObject\",\"inLanguage\":\"tr\",\"@id\":\"https:\/\/profaj.co\/miknatis\/#\/schema\/logo\/image\/\",\"url\":\"https:\/\/profaj.co\/miknatis\/wp-content\/uploads\/2023\/12\/logo-white.webp\",\"contentUrl\":\"https:\/\/profaj.co\/miknatis\/wp-content\/uploads\/2023\/12\/logo-white.webp\",\"width\":300,\"height\":266,\"caption\":\"M\u0131knat\u0131s Ar-Ge\"},\"image\":{\"@id\":\"https:\/\/profaj.co\/miknatis\/#\/schema\/logo\/image\/\"}}]}<\/script>\n<!-- \/ Yoast SEO Premium plugin. -->","yoast_head_json":{"title":"Mama M\u0131knat\u0131slar\u0131 - M\u0131knat\u0131s Ar-Ge","robots":{"index":"index","follow":"follow","max-snippet":"max-snippet:-1","max-image-preview":"max-image-preview:large","max-video-preview":"max-video-preview:-1"},"canonical":"https:\/\/profaj.co\/miknatis\/tr\/urun\/mama-miknatislari\/","og_locale":"tr_TR","og_type":"article","og_title":"Mama M\u0131knat\u0131slar\u0131","og_description":"B\u00fcy\u00fckba\u015f hayvanlar, \u00e7ivi ve teller de dahil olmak \u00fczere \u00e7im ve kirden her \u015feyi yerler.\u00a0\u0130nekler farkl\u0131 materyalleri ay\u0131rt etmek i\u00e7in dudak kullanmazlar ve yutmadan \u00f6nce tamamen \u00e7i\u011fnemezler.","og_url":"https:\/\/profaj.co\/miknatis\/tr\/urun\/mama-miknatislari\/","og_site_name":"M\u0131knat\u0131s Ar-Ge","article_modified_time":"2024-05-17T13:46:25+00:00","og_image":[{"width":1000,"height":1000,"url":"https:\/\/profaj.co\/miknatis\/wp-content\/uploads\/2024\/05\/miknatis-arge_6218c25909974.jpg","type":"image\/jpeg"}],"twitter_card":"summary_large_image","twitter_misc":{"Tahmini okuma s\u00fcresi":"1 dakika"},"schema":{"@context":"https:\/\/schema.org","@graph":[{"@type":"WebPage","@id":"https:\/\/profaj.co\/miknatis\/tr\/urun\/mama-miknatislari\/","url":"https:\/\/profaj.co\/miknatis\/tr\/urun\/mama-miknatislari\/","name":"Mama M\u0131knat\u0131slar\u0131 - M\u0131knat\u0131s Ar-Ge","isPartOf":{"@id":"https:\/\/profaj.co\/miknatis\/#website"},"datePublished":"2024-05-17T13:43:56+00:00","dateModified":"2024-05-17T13:46:25+00:00","breadcrumb":{"@id":"https:\/\/profaj.co\/miknatis\/tr\/urun\/mama-miknatislari\/#breadcrumb"},"inLanguage":"tr","potentialAction":[{"@type":"ReadAction","target":["https:\/\/profaj.co\/miknatis\/tr\/urun\/mama-miknatislari\/"]}]},{"@type":"BreadcrumbList","@id":"https:\/\/profaj.co\/miknatis\/tr\/urun\/mama-miknatislari\/#breadcrumb","itemListElement":[{"@type":"ListItem","position":1,"name":"Anasayfa","item":"https:\/\/profaj.co\/miknatis\/tr\/anasayfa\/"},{"@type":"ListItem","position":2,"name":"\u00dcr\u00fcnler","item":"https:\/\/profaj.co\/miknatis\/tr\/urunler\/"},{"@type":"ListItem","position":3,"name":"Mama M\u0131knat\u0131slar\u0131"}]},{"@type":"WebSite","@id":"https:\/\/profaj.co\/miknatis\/#website","url":"https:\/\/profaj.co\/miknatis\/","name":"M\u0131knat\u0131s Ar-Ge","description":"","publisher":{"@id":"https:\/\/profaj.co\/miknatis\/#organization"},"potentialAction":[{"@type":"SearchAction","target":{"@type":"EntryPoint","urlTemplate":"https:\/\/profaj.co\/miknatis\/?s={search_term_string}"},"query-input":"required name=search_term_string"}],"inLanguage":"tr"},{"@type":"Organization","@id":"https:\/\/profaj.co\/miknatis\/#organization","name":"M\u0131knat\u0131s Ar-Ge","url":"https:\/\/profaj.co\/miknatis\/","logo":{"@type":"ImageObject","inLanguage":"tr","@id":"https:\/\/profaj.co\/miknatis\/#\/schema\/logo\/image\/","url":"https:\/\/profaj.co\/miknatis\/wp-content\/uploads\/2023\/12\/logo-white.webp","contentUrl":"https:\/\/profaj.co\/miknatis\/wp-content\/uploads\/2023\/12\/logo-white.webp","width":300,"height":266,"caption":"M\u0131knat\u0131s Ar-Ge"},"image":{"@id":"https:\/\/profaj.co\/miknatis\/#\/schema\/logo\/image\/"}}]}},"lang":"tr","translations":{"tr":7188,"en":7329},"pll_sync_post":[],"_links":{"self":[{"href":"https:\/\/profaj.co\/miknatis\/wp-json\/wp\/v2\/product\/7188","targetHints":{"allow":["GET"]}}],"collection":[{"href":"https:\/\/profaj.co\/miknatis\/wp-json\/wp\/v2\/product"}],"about":[{"href":"https:\/\/profaj.co\/miknatis\/wp-json\/wp\/v2\/types\/product"}],"wp:featuredmedia":[{"embeddable":true,"href":"https:\/\/profaj.co\/miknatis\/wp-json\/wp\/v2\/media\/7189"}],"wp:attachment":[{"href":"https:\/\/profaj.co\/miknatis\/wp-json\/wp\/v2\/media?parent=7188"}],"wp:term":[{"taxonomy":"product_cat","embeddable":true,"href":"https:\/\/profaj.co\/miknatis\/wp-json\/wp\/v2\/product_cat?post=7188"},{"taxonomy":"product_tag","embeddable":true,"href":"https:\/\/profaj.co\/miknatis\/wp-json\/wp\/v2\/product_tag?post=7188"}],"curies":[{"name":"wp","href":"https:\/\/api.w.org\/{rel}","templated":true}]}}