{"id":7201,"date":"2024-05-17T16:51:52","date_gmt":"2024-05-17T13:51:52","guid":{"rendered":"https:\/\/profaj.co\/miknatis\/?post_type=product&#038;p=7201"},"modified":"2024-05-17T16:53:40","modified_gmt":"2024-05-17T13:53:40","slug":"plaka-tipi-demanyatizorler","status":"publish","type":"product","link":"https:\/\/profaj.co\/miknatis\/tr\/urun\/plaka-tipi-demanyatizorler\/","title":{"rendered":"Plaka Tipi Demanyatiz\u00f6rler"},"content":{"rendered":"<p><strong><em>Plaka Tipi Demanyetiz\u00f6r:<\/em><\/strong><\/p>\n<p>Plaka Tipi Demanyetiz\u00f6rler, talep edilen \u00f6l\u00e7\u00fcde imal edilebilmektedir.\u00a0 Demanyetiz\u00f6r sabit\u00a0 yerle\u015ftirildikten sonra manyetize olmu\u015f par\u00e7a demanyetiz\u00f6r \u00fczerinde elle ileri geri hareket ettirirlerek y\u00fczeydeki manyetikli\u011fi n\u00f6t\u00fcrlenir ve bu \u015fekilde demnayetize edilmi\u015f olur.\u00a0\u00a0Daha b\u00fcy\u00fck par\u00e7alarda ve seri imalatlarda ta\u015f\u0131ma konvey\u00f6rlerin alt\u0131na Plaka Tipi Demanyetiz\u00f6r yerle\u015ftirilerek bant \u00fczerinden ge\u00e7en par\u00e7an\u0131n demanyetize edilmesi sa\u011flan\u0131r. (Burada bant\u0131n h\u0131z\u0131, par\u00e7an\u0131n kal\u0131nl\u0131\u011f\u0131, par\u00e7an\u0131n demanyetiz\u00f6r \u00fczerinde kalma s\u00fcresi ve demanyetiz\u00f6r\u00fcn uzunlu\u011fu \u00f6nemlidir.)<\/p>\n<p><em><strong>Kullan\u0131m Talimatlar\u0131:<\/strong><\/em><\/p>\n<ul>\n<li>G\u00fc\u00e7 spesifikasyonunun 220 V oldu\u011fundan emin olun. G\u00fcvenlik ve i\u015flevi i\u00e7in do\u011fru voltaj ile uygulanmal\u0131d\u0131r.<\/li>\n<li>Kullan\u0131rken, g\u00fc\u00e7 kablosunu prize tak\u0131n ve g\u00fc\u00e7 d\u00fc\u011fmesini &#8221; A\u00e7\u0131k &#8221; konumuna getirin, ard\u0131ndan g\u00f6sterge lambas\u0131 yanar.<\/li>\n<li>Demanyetiz\u00f6r\u2019\u00fc masaya yerle\u015ftirin veya uygun bir konumda sabitleyin. \u0130\u015f par\u00e7as\u0131n\u0131 demanyetizat\u00f6r plakas\u0131n\u0131n \u00fcst\u00fcne yerle\u015ftirin ve manyetikli\u011fi \u00f6nlemek i\u00e7in bir y\u00f6nden di\u011ferine hareket ettirin. E\u011fer manyetikle\u015fme kalitesinden emin olmak istiyorsan\u0131z, en iyi kaliteyi elde etmek i\u00e7in birka\u00e7 kez ileri geri hareket ettirebilirsiniz. Bu \u015fekilde Malzeme y\u00fczeyinde kalan art\u0131k m\u0131knat\u0131slanmay\u0131 yok eder.<\/li>\n<li>Kullan\u0131ld\u0131ktan sonra, g\u00fc\u00e7 d\u00fc\u011fmesini &#8221; kapal\u0131 &#8221; konumuna getirdi\u011finizden emin olun.<\/li>\n<li>D\u00fc\u015fme, kopma veya f\u0131rlatma vb. fiziksel darbelere kar\u015f\u0131 korunmal\u0131d\u0131r.<\/li>\n<li>Su ge\u00e7irmez ko\u015fullarla muhafaza edilmeli ve her zaman temiz tutulmal\u0131d\u0131r.<\/li>\n<li>Demanyetiz\u00f6r cihaz\u0131n\u0131 kullanmad\u0131\u011f\u0131n\u0131z durumlarda kapal\u0131 tutunuz. Uzun s\u00fcreli kullan\u0131mda \u00e7ok \u0131s\u0131nma durumunda, kapal\u0131 duruma getirip cihaz\u0131n so\u011fumas\u0131n\u0131 bir s\u00fcre bekleyebilirsiniz. ( Seri kullan\u0131mlarda belli s\u00fcrelerde ge\u00e7en par\u00e7alar i\u00e7in a\u00e7ma kapama i\u015flemi PLC kontroll\u00fc pano ile saylanabilmektedir)<\/li>\n<li>Sabit olmayan ta\u015f\u0131nabilir modeller i\u00e7in\u00a0i\u015fletmenin her yerinde kullan\u0131labilir.<\/li>\n<li>\u0130stenilen \u00f6l\u00e7\u00fclerde ve boyutlarda malzemeye g\u00f6re \u00fcretilebilir.<\/li>\n<\/ul>\n","protected":false},"excerpt":{"rendered":"<p>Plaka Tipi Demanyetiz\u00f6rler, talep edilen \u00f6l\u00e7\u00fcde imal edilebilmektedir.\u00a0 Demanyetiz\u00f6r sabit\u00a0 yerle\u015ftirildikten sonra manyetize olmu\u015f par\u00e7a demanyetiz\u00f6r \u00fczerinde elle ileri geri hareket ettirirlerek y\u00fczeydeki manyetikli\u011fi n\u00f6t\u00fcrlenir ve bu \u015fekilde demnayetize edilmi\u015f olur.<\/p>\n","protected":false},"featured_media":7202,"template":"","meta":[],"product_cat":[91],"product_tag":[],"class_list":["post-7201","product","type-product","status-publish","has-post-thumbnail","hentry","product_cat-demanyetizorler"],"acf":[],"yoast_head":"<!-- This site is optimized with the Yoast SEO Premium plugin v22.1 (Yoast SEO v22.1) - https:\/\/yoast.com\/wordpress\/plugins\/seo\/ -->\n<title>Plaka Tipi Demanyatiz\u00f6rler - M\u0131knat\u0131s Ar-Ge<\/title>\n<meta name=\"robots\" content=\"index, follow, max-snippet:-1, max-image-preview:large, max-video-preview:-1\" \/>\n<link rel=\"canonical\" href=\"https:\/\/profaj.co\/miknatis\/tr\/urun\/plaka-tipi-demanyatizorler\/\" \/>\n<meta property=\"og:locale\" content=\"tr_TR\" \/>\n<meta property=\"og:type\" content=\"article\" \/>\n<meta property=\"og:title\" content=\"Plaka Tipi Demanyatiz\u00f6rler\" \/>\n<meta property=\"og:description\" content=\"Plaka Tipi Demanyetiz\u00f6rler, talep edilen \u00f6l\u00e7\u00fcde imal edilebilmektedir.\u00a0 Demanyetiz\u00f6r sabit\u00a0 yerle\u015ftirildikten sonra manyetize olmu\u015f par\u00e7a demanyetiz\u00f6r \u00fczerinde elle ileri geri hareket ettirirlerek y\u00fczeydeki manyetikli\u011fi n\u00f6t\u00fcrlenir ve bu \u015fekilde demnayetize edilmi\u015f olur.\" \/>\n<meta property=\"og:url\" content=\"https:\/\/profaj.co\/miknatis\/tr\/urun\/plaka-tipi-demanyatizorler\/\" \/>\n<meta property=\"og:site_name\" content=\"M\u0131knat\u0131s Ar-Ge\" \/>\n<meta property=\"article:modified_time\" content=\"2024-05-17T13:53:40+00:00\" \/>\n<meta property=\"og:image\" content=\"https:\/\/profaj.co\/miknatis\/wp-content\/uploads\/2024\/05\/miknatis-arge_623db59d8d3f7.jpg\" \/>\n\t<meta property=\"og:image:width\" content=\"1500\" \/>\n\t<meta property=\"og:image:height\" content=\"1500\" \/>\n\t<meta property=\"og:image:type\" content=\"image\/jpeg\" \/>\n<meta name=\"twitter:card\" content=\"summary_large_image\" \/>\n<meta name=\"twitter:label1\" content=\"Tahmini okuma s\u00fcresi\" \/>\n\t<meta name=\"twitter:data1\" content=\"2 dakika\" \/>\n<script type=\"application\/ld+json\" class=\"yoast-schema-graph\">{\"@context\":\"https:\/\/schema.org\",\"@graph\":[{\"@type\":\"WebPage\",\"@id\":\"https:\/\/profaj.co\/miknatis\/tr\/urun\/plaka-tipi-demanyatizorler\/\",\"url\":\"https:\/\/profaj.co\/miknatis\/tr\/urun\/plaka-tipi-demanyatizorler\/\",\"name\":\"Plaka Tipi Demanyatiz\u00f6rler - M\u0131knat\u0131s Ar-Ge\",\"isPartOf\":{\"@id\":\"https:\/\/profaj.co\/miknatis\/#website\"},\"datePublished\":\"2024-05-17T13:51:52+00:00\",\"dateModified\":\"2024-05-17T13:53:40+00:00\",\"breadcrumb\":{\"@id\":\"https:\/\/profaj.co\/miknatis\/tr\/urun\/plaka-tipi-demanyatizorler\/#breadcrumb\"},\"inLanguage\":\"tr\",\"potentialAction\":[{\"@type\":\"ReadAction\",\"target\":[\"https:\/\/profaj.co\/miknatis\/tr\/urun\/plaka-tipi-demanyatizorler\/\"]}]},{\"@type\":\"BreadcrumbList\",\"@id\":\"https:\/\/profaj.co\/miknatis\/tr\/urun\/plaka-tipi-demanyatizorler\/#breadcrumb\",\"itemListElement\":[{\"@type\":\"ListItem\",\"position\":1,\"name\":\"Anasayfa\",\"item\":\"https:\/\/profaj.co\/miknatis\/tr\/anasayfa\/\"},{\"@type\":\"ListItem\",\"position\":2,\"name\":\"\u00dcr\u00fcnler\",\"item\":\"https:\/\/profaj.co\/miknatis\/tr\/urunler\/\"},{\"@type\":\"ListItem\",\"position\":3,\"name\":\"Plaka Tipi Demanyatiz\u00f6rler\"}]},{\"@type\":\"WebSite\",\"@id\":\"https:\/\/profaj.co\/miknatis\/#website\",\"url\":\"https:\/\/profaj.co\/miknatis\/\",\"name\":\"M\u0131knat\u0131s Ar-Ge\",\"description\":\"\",\"publisher\":{\"@id\":\"https:\/\/profaj.co\/miknatis\/#organization\"},\"potentialAction\":[{\"@type\":\"SearchAction\",\"target\":{\"@type\":\"EntryPoint\",\"urlTemplate\":\"https:\/\/profaj.co\/miknatis\/?s={search_term_string}\"},\"query-input\":\"required name=search_term_string\"}],\"inLanguage\":\"tr\"},{\"@type\":\"Organization\",\"@id\":\"https:\/\/profaj.co\/miknatis\/#organization\",\"name\":\"M\u0131knat\u0131s Ar-Ge\",\"url\":\"https:\/\/profaj.co\/miknatis\/\",\"logo\":{\"@type\":\"ImageObject\",\"inLanguage\":\"tr\",\"@id\":\"https:\/\/profaj.co\/miknatis\/#\/schema\/logo\/image\/\",\"url\":\"https:\/\/profaj.co\/miknatis\/wp-content\/uploads\/2023\/12\/logo-white.webp\",\"contentUrl\":\"https:\/\/profaj.co\/miknatis\/wp-content\/uploads\/2023\/12\/logo-white.webp\",\"width\":300,\"height\":266,\"caption\":\"M\u0131knat\u0131s Ar-Ge\"},\"image\":{\"@id\":\"https:\/\/profaj.co\/miknatis\/#\/schema\/logo\/image\/\"}}]}<\/script>\n<!-- \/ Yoast SEO Premium plugin. -->","yoast_head_json":{"title":"Plaka Tipi Demanyatiz\u00f6rler - M\u0131knat\u0131s Ar-Ge","robots":{"index":"index","follow":"follow","max-snippet":"max-snippet:-1","max-image-preview":"max-image-preview:large","max-video-preview":"max-video-preview:-1"},"canonical":"https:\/\/profaj.co\/miknatis\/tr\/urun\/plaka-tipi-demanyatizorler\/","og_locale":"tr_TR","og_type":"article","og_title":"Plaka Tipi Demanyatiz\u00f6rler","og_description":"Plaka Tipi Demanyetiz\u00f6rler, talep edilen \u00f6l\u00e7\u00fcde imal edilebilmektedir.\u00a0 Demanyetiz\u00f6r sabit\u00a0 yerle\u015ftirildikten sonra manyetize olmu\u015f par\u00e7a demanyetiz\u00f6r \u00fczerinde elle ileri geri hareket ettirirlerek y\u00fczeydeki manyetikli\u011fi n\u00f6t\u00fcrlenir ve bu \u015fekilde demnayetize edilmi\u015f olur.","og_url":"https:\/\/profaj.co\/miknatis\/tr\/urun\/plaka-tipi-demanyatizorler\/","og_site_name":"M\u0131knat\u0131s Ar-Ge","article_modified_time":"2024-05-17T13:53:40+00:00","og_image":[{"width":1500,"height":1500,"url":"https:\/\/profaj.co\/miknatis\/wp-content\/uploads\/2024\/05\/miknatis-arge_623db59d8d3f7.jpg","type":"image\/jpeg"}],"twitter_card":"summary_large_image","twitter_misc":{"Tahmini okuma s\u00fcresi":"2 dakika"},"schema":{"@context":"https:\/\/schema.org","@graph":[{"@type":"WebPage","@id":"https:\/\/profaj.co\/miknatis\/tr\/urun\/plaka-tipi-demanyatizorler\/","url":"https:\/\/profaj.co\/miknatis\/tr\/urun\/plaka-tipi-demanyatizorler\/","name":"Plaka Tipi Demanyatiz\u00f6rler - M\u0131knat\u0131s Ar-Ge","isPartOf":{"@id":"https:\/\/profaj.co\/miknatis\/#website"},"datePublished":"2024-05-17T13:51:52+00:00","dateModified":"2024-05-17T13:53:40+00:00","breadcrumb":{"@id":"https:\/\/profaj.co\/miknatis\/tr\/urun\/plaka-tipi-demanyatizorler\/#breadcrumb"},"inLanguage":"tr","potentialAction":[{"@type":"ReadAction","target":["https:\/\/profaj.co\/miknatis\/tr\/urun\/plaka-tipi-demanyatizorler\/"]}]},{"@type":"BreadcrumbList","@id":"https:\/\/profaj.co\/miknatis\/tr\/urun\/plaka-tipi-demanyatizorler\/#breadcrumb","itemListElement":[{"@type":"ListItem","position":1,"name":"Anasayfa","item":"https:\/\/profaj.co\/miknatis\/tr\/anasayfa\/"},{"@type":"ListItem","position":2,"name":"\u00dcr\u00fcnler","item":"https:\/\/profaj.co\/miknatis\/tr\/urunler\/"},{"@type":"ListItem","position":3,"name":"Plaka Tipi Demanyatiz\u00f6rler"}]},{"@type":"WebSite","@id":"https:\/\/profaj.co\/miknatis\/#website","url":"https:\/\/profaj.co\/miknatis\/","name":"M\u0131knat\u0131s Ar-Ge","description":"","publisher":{"@id":"https:\/\/profaj.co\/miknatis\/#organization"},"potentialAction":[{"@type":"SearchAction","target":{"@type":"EntryPoint","urlTemplate":"https:\/\/profaj.co\/miknatis\/?s={search_term_string}"},"query-input":"required name=search_term_string"}],"inLanguage":"tr"},{"@type":"Organization","@id":"https:\/\/profaj.co\/miknatis\/#organization","name":"M\u0131knat\u0131s Ar-Ge","url":"https:\/\/profaj.co\/miknatis\/","logo":{"@type":"ImageObject","inLanguage":"tr","@id":"https:\/\/profaj.co\/miknatis\/#\/schema\/logo\/image\/","url":"https:\/\/profaj.co\/miknatis\/wp-content\/uploads\/2023\/12\/logo-white.webp","contentUrl":"https:\/\/profaj.co\/miknatis\/wp-content\/uploads\/2023\/12\/logo-white.webp","width":300,"height":266,"caption":"M\u0131knat\u0131s Ar-Ge"},"image":{"@id":"https:\/\/profaj.co\/miknatis\/#\/schema\/logo\/image\/"}}]}},"lang":"tr","translations":{"tr":7201,"en":7331},"pll_sync_post":[],"_links":{"self":[{"href":"https:\/\/profaj.co\/miknatis\/wp-json\/wp\/v2\/product\/7201","targetHints":{"allow":["GET"]}}],"collection":[{"href":"https:\/\/profaj.co\/miknatis\/wp-json\/wp\/v2\/product"}],"about":[{"href":"https:\/\/profaj.co\/miknatis\/wp-json\/wp\/v2\/types\/product"}],"wp:featuredmedia":[{"embeddable":true,"href":"https:\/\/profaj.co\/miknatis\/wp-json\/wp\/v2\/media\/7202"}],"wp:attachment":[{"href":"https:\/\/profaj.co\/miknatis\/wp-json\/wp\/v2\/media?parent=7201"}],"wp:term":[{"taxonomy":"product_cat","embeddable":true,"href":"https:\/\/profaj.co\/miknatis\/wp-json\/wp\/v2\/product_cat?post=7201"},{"taxonomy":"product_tag","embeddable":true,"href":"https:\/\/profaj.co\/miknatis\/wp-json\/wp\/v2\/product_tag?post=7201"}],"curies":[{"name":"wp","href":"https:\/\/api.w.org\/{rel}","templated":true}]}}