{"id":7205,"date":"2024-05-17T16:54:38","date_gmt":"2024-05-17T13:54:38","guid":{"rendered":"https:\/\/profaj.co\/miknatis\/?post_type=product&#038;p=7205"},"modified":"2024-05-17T16:56:31","modified_gmt":"2024-05-17T13:56:31","slug":"tunel-tipi-demanyetizorler","status":"publish","type":"product","link":"https:\/\/profaj.co\/miknatis\/tr\/urun\/tunel-tipi-demanyetizorler\/","title":{"rendered":"T\u00fcnel Tipi Demanyetiz\u00f6rler"},"content":{"rendered":"<p><strong><em>T\u00fcnel Tipi Demanyetiz\u00f6rler:<\/em><\/strong><\/p>\n<p>T\u00fcnel Tipi Demanyetiz\u00f6rlerde metal par\u00e7alar tek tek veya kutu i\u00e7erinde demanyetiz\u00f6r i\u00e7inden ge\u00e7irilerek manyetikli\u011fi al\u0131n\u0131r.\u00a0 Seri \u00fcretimlerde ve \u00e7oklu demanyetize i\u015flemlerinde tercih edilmektedir.<\/p>\n<p><strong><em>Kullan\u0131m talimatlar\u0131:<\/em><\/strong><\/p>\n<ul>\n<li>G\u00fc\u00e7 spesifikasyonunun 220 V oldu\u011fundan emin olun. G\u00fcvenlik ve i\u015flevi i\u00e7in do\u011fru voltaj ile uygulanmal\u0131d\u0131r.<\/li>\n<li>T\u00fcnel Tipi Demanyetiz\u00f6rlerde\u00a0\u00e7al\u0131\u015fma s\u00fcreleri pano sayesinde otamatik olarak insan g\u00fcc\u00fc olmadan sa\u011flanmaktad\u0131r.\u00a0 Otomasyon sistemlere uygun\u00a0\u00a0PLC kontroll\u00fc panolarda imal edilmektedir.<\/li>\n<li>D\u00fc\u015fme, kopma veya f\u0131rlatma vb. fiziksel darbelere kar\u015f\u0131 korunmal\u0131d\u0131r.<\/li>\n<li>Su ge\u00e7irmez ko\u015fullarla muhafaza edilmeli ve her zaman temiz tutulmal\u0131d\u0131r.<\/li>\n<li>Demanyetiz\u00f6r cihaz\u0131n\u0131 kullanmad\u0131\u011f\u0131n\u0131z durumlarda kapal\u0131 tutunuz.<\/li>\n<li>\u0130stenilen \u00f6l\u00e7\u00fclerde ve boyutlarda malzemeye g\u00f6re \u00fcretilebilir.<\/li>\n<\/ul>\n<p><em><strong>Detayl\u0131 bilgi i\u00e7in l\u00fctfen ileti\u015fime ge\u00e7iniz.<\/strong><\/em><\/p>\n<p><iframe src=\"https:\/\/www.youtube.com\/embed\/-AHfoQxPd_E\" width=\"560\" height=\"315\" frameborder=\"0\" allowfullscreen=\"allowfullscreen\" data-mce-fragment=\"1\"><\/iframe><\/p>\n","protected":false},"excerpt":{"rendered":"<p>T\u00fcnel Tipi Demanyetiz\u00f6rlerde metal par\u00e7alar tek tek veya kutu i\u00e7erinde demanyetiz\u00f6r i\u00e7inden ge\u00e7irilerek manyetikli\u011fi al\u0131n\u0131r.\u00a0 Seri \u00fcretimlerde ve \u00e7oklu demanyetize i\u015flemlerinde tercih edilmektedir.<\/p>\n","protected":false},"featured_media":7206,"template":"","meta":[],"product_cat":[91],"product_tag":[],"class_list":["post-7205","product","type-product","status-publish","has-post-thumbnail","hentry","product_cat-demanyetizorler"],"acf":[],"yoast_head":"<!-- This site is optimized with the Yoast SEO Premium plugin v22.1 (Yoast SEO v22.1) - https:\/\/yoast.com\/wordpress\/plugins\/seo\/ -->\n<title>T\u00fcnel Tipi Demanyetiz\u00f6rler - M\u0131knat\u0131s Ar-Ge<\/title>\n<meta name=\"robots\" content=\"index, follow, max-snippet:-1, max-image-preview:large, max-video-preview:-1\" \/>\n<link rel=\"canonical\" href=\"https:\/\/profaj.co\/miknatis\/tr\/urun\/tunel-tipi-demanyetizorler\/\" \/>\n<meta property=\"og:locale\" content=\"tr_TR\" \/>\n<meta property=\"og:type\" content=\"article\" \/>\n<meta property=\"og:title\" content=\"T\u00fcnel Tipi Demanyetiz\u00f6rler\" \/>\n<meta property=\"og:description\" content=\"T\u00fcnel Tipi Demanyetiz\u00f6rlerde metal par\u00e7alar tek tek veya kutu i\u00e7erinde demanyetiz\u00f6r i\u00e7inden ge\u00e7irilerek manyetikli\u011fi al\u0131n\u0131r.\u00a0 Seri \u00fcretimlerde ve \u00e7oklu demanyetize i\u015flemlerinde tercih edilmektedir.\" \/>\n<meta property=\"og:url\" content=\"https:\/\/profaj.co\/miknatis\/tr\/urun\/tunel-tipi-demanyetizorler\/\" \/>\n<meta property=\"og:site_name\" content=\"M\u0131knat\u0131s Ar-Ge\" \/>\n<meta property=\"article:modified_time\" content=\"2024-05-17T13:56:31+00:00\" \/>\n<meta property=\"og:image\" content=\"https:\/\/profaj.co\/miknatis\/wp-content\/uploads\/2024\/05\/miknatis-arge_623d8a15393ef.jpg\" \/>\n\t<meta property=\"og:image:width\" content=\"1000\" \/>\n\t<meta property=\"og:image:height\" content=\"1000\" \/>\n\t<meta property=\"og:image:type\" content=\"image\/jpeg\" \/>\n<meta name=\"twitter:card\" content=\"summary_large_image\" \/>\n<meta name=\"twitter:label1\" content=\"Tahmini okuma s\u00fcresi\" \/>\n\t<meta name=\"twitter:data1\" content=\"1 dakika\" \/>\n<script type=\"application\/ld+json\" class=\"yoast-schema-graph\">{\"@context\":\"https:\/\/schema.org\",\"@graph\":[{\"@type\":\"WebPage\",\"@id\":\"https:\/\/profaj.co\/miknatis\/tr\/urun\/tunel-tipi-demanyetizorler\/\",\"url\":\"https:\/\/profaj.co\/miknatis\/tr\/urun\/tunel-tipi-demanyetizorler\/\",\"name\":\"T\u00fcnel Tipi Demanyetiz\u00f6rler - M\u0131knat\u0131s Ar-Ge\",\"isPartOf\":{\"@id\":\"https:\/\/profaj.co\/miknatis\/#website\"},\"datePublished\":\"2024-05-17T13:54:38+00:00\",\"dateModified\":\"2024-05-17T13:56:31+00:00\",\"breadcrumb\":{\"@id\":\"https:\/\/profaj.co\/miknatis\/tr\/urun\/tunel-tipi-demanyetizorler\/#breadcrumb\"},\"inLanguage\":\"tr\",\"potentialAction\":[{\"@type\":\"ReadAction\",\"target\":[\"https:\/\/profaj.co\/miknatis\/tr\/urun\/tunel-tipi-demanyetizorler\/\"]}]},{\"@type\":\"BreadcrumbList\",\"@id\":\"https:\/\/profaj.co\/miknatis\/tr\/urun\/tunel-tipi-demanyetizorler\/#breadcrumb\",\"itemListElement\":[{\"@type\":\"ListItem\",\"position\":1,\"name\":\"Anasayfa\",\"item\":\"https:\/\/profaj.co\/miknatis\/tr\/anasayfa\/\"},{\"@type\":\"ListItem\",\"position\":2,\"name\":\"\u00dcr\u00fcnler\",\"item\":\"https:\/\/profaj.co\/miknatis\/tr\/urunler\/\"},{\"@type\":\"ListItem\",\"position\":3,\"name\":\"T\u00fcnel Tipi Demanyetiz\u00f6rler\"}]},{\"@type\":\"WebSite\",\"@id\":\"https:\/\/profaj.co\/miknatis\/#website\",\"url\":\"https:\/\/profaj.co\/miknatis\/\",\"name\":\"M\u0131knat\u0131s Ar-Ge\",\"description\":\"\",\"publisher\":{\"@id\":\"https:\/\/profaj.co\/miknatis\/#organization\"},\"potentialAction\":[{\"@type\":\"SearchAction\",\"target\":{\"@type\":\"EntryPoint\",\"urlTemplate\":\"https:\/\/profaj.co\/miknatis\/?s={search_term_string}\"},\"query-input\":\"required name=search_term_string\"}],\"inLanguage\":\"tr\"},{\"@type\":\"Organization\",\"@id\":\"https:\/\/profaj.co\/miknatis\/#organization\",\"name\":\"M\u0131knat\u0131s Ar-Ge\",\"url\":\"https:\/\/profaj.co\/miknatis\/\",\"logo\":{\"@type\":\"ImageObject\",\"inLanguage\":\"tr\",\"@id\":\"https:\/\/profaj.co\/miknatis\/#\/schema\/logo\/image\/\",\"url\":\"https:\/\/profaj.co\/miknatis\/wp-content\/uploads\/2023\/12\/logo-white.webp\",\"contentUrl\":\"https:\/\/profaj.co\/miknatis\/wp-content\/uploads\/2023\/12\/logo-white.webp\",\"width\":300,\"height\":266,\"caption\":\"M\u0131knat\u0131s Ar-Ge\"},\"image\":{\"@id\":\"https:\/\/profaj.co\/miknatis\/#\/schema\/logo\/image\/\"}}]}<\/script>\n<!-- \/ Yoast SEO Premium plugin. -->","yoast_head_json":{"title":"T\u00fcnel Tipi Demanyetiz\u00f6rler - M\u0131knat\u0131s Ar-Ge","robots":{"index":"index","follow":"follow","max-snippet":"max-snippet:-1","max-image-preview":"max-image-preview:large","max-video-preview":"max-video-preview:-1"},"canonical":"https:\/\/profaj.co\/miknatis\/tr\/urun\/tunel-tipi-demanyetizorler\/","og_locale":"tr_TR","og_type":"article","og_title":"T\u00fcnel Tipi Demanyetiz\u00f6rler","og_description":"T\u00fcnel Tipi Demanyetiz\u00f6rlerde metal par\u00e7alar tek tek veya kutu i\u00e7erinde demanyetiz\u00f6r i\u00e7inden ge\u00e7irilerek manyetikli\u011fi al\u0131n\u0131r.\u00a0 Seri \u00fcretimlerde ve \u00e7oklu demanyetize i\u015flemlerinde tercih edilmektedir.","og_url":"https:\/\/profaj.co\/miknatis\/tr\/urun\/tunel-tipi-demanyetizorler\/","og_site_name":"M\u0131knat\u0131s Ar-Ge","article_modified_time":"2024-05-17T13:56:31+00:00","og_image":[{"width":1000,"height":1000,"url":"https:\/\/profaj.co\/miknatis\/wp-content\/uploads\/2024\/05\/miknatis-arge_623d8a15393ef.jpg","type":"image\/jpeg"}],"twitter_card":"summary_large_image","twitter_misc":{"Tahmini okuma s\u00fcresi":"1 dakika"},"schema":{"@context":"https:\/\/schema.org","@graph":[{"@type":"WebPage","@id":"https:\/\/profaj.co\/miknatis\/tr\/urun\/tunel-tipi-demanyetizorler\/","url":"https:\/\/profaj.co\/miknatis\/tr\/urun\/tunel-tipi-demanyetizorler\/","name":"T\u00fcnel Tipi Demanyetiz\u00f6rler - M\u0131knat\u0131s Ar-Ge","isPartOf":{"@id":"https:\/\/profaj.co\/miknatis\/#website"},"datePublished":"2024-05-17T13:54:38+00:00","dateModified":"2024-05-17T13:56:31+00:00","breadcrumb":{"@id":"https:\/\/profaj.co\/miknatis\/tr\/urun\/tunel-tipi-demanyetizorler\/#breadcrumb"},"inLanguage":"tr","potentialAction":[{"@type":"ReadAction","target":["https:\/\/profaj.co\/miknatis\/tr\/urun\/tunel-tipi-demanyetizorler\/"]}]},{"@type":"BreadcrumbList","@id":"https:\/\/profaj.co\/miknatis\/tr\/urun\/tunel-tipi-demanyetizorler\/#breadcrumb","itemListElement":[{"@type":"ListItem","position":1,"name":"Anasayfa","item":"https:\/\/profaj.co\/miknatis\/tr\/anasayfa\/"},{"@type":"ListItem","position":2,"name":"\u00dcr\u00fcnler","item":"https:\/\/profaj.co\/miknatis\/tr\/urunler\/"},{"@type":"ListItem","position":3,"name":"T\u00fcnel Tipi Demanyetiz\u00f6rler"}]},{"@type":"WebSite","@id":"https:\/\/profaj.co\/miknatis\/#website","url":"https:\/\/profaj.co\/miknatis\/","name":"M\u0131knat\u0131s Ar-Ge","description":"","publisher":{"@id":"https:\/\/profaj.co\/miknatis\/#organization"},"potentialAction":[{"@type":"SearchAction","target":{"@type":"EntryPoint","urlTemplate":"https:\/\/profaj.co\/miknatis\/?s={search_term_string}"},"query-input":"required name=search_term_string"}],"inLanguage":"tr"},{"@type":"Organization","@id":"https:\/\/profaj.co\/miknatis\/#organization","name":"M\u0131knat\u0131s Ar-Ge","url":"https:\/\/profaj.co\/miknatis\/","logo":{"@type":"ImageObject","inLanguage":"tr","@id":"https:\/\/profaj.co\/miknatis\/#\/schema\/logo\/image\/","url":"https:\/\/profaj.co\/miknatis\/wp-content\/uploads\/2023\/12\/logo-white.webp","contentUrl":"https:\/\/profaj.co\/miknatis\/wp-content\/uploads\/2023\/12\/logo-white.webp","width":300,"height":266,"caption":"M\u0131knat\u0131s Ar-Ge"},"image":{"@id":"https:\/\/profaj.co\/miknatis\/#\/schema\/logo\/image\/"}}]}},"lang":"tr","translations":{"tr":7205,"en":7332},"pll_sync_post":[],"_links":{"self":[{"href":"https:\/\/profaj.co\/miknatis\/wp-json\/wp\/v2\/product\/7205","targetHints":{"allow":["GET"]}}],"collection":[{"href":"https:\/\/profaj.co\/miknatis\/wp-json\/wp\/v2\/product"}],"about":[{"href":"https:\/\/profaj.co\/miknatis\/wp-json\/wp\/v2\/types\/product"}],"wp:featuredmedia":[{"embeddable":true,"href":"https:\/\/profaj.co\/miknatis\/wp-json\/wp\/v2\/media\/7206"}],"wp:attachment":[{"href":"https:\/\/profaj.co\/miknatis\/wp-json\/wp\/v2\/media?parent=7205"}],"wp:term":[{"taxonomy":"product_cat","embeddable":true,"href":"https:\/\/profaj.co\/miknatis\/wp-json\/wp\/v2\/product_cat?post=7205"},{"taxonomy":"product_tag","embeddable":true,"href":"https:\/\/profaj.co\/miknatis\/wp-json\/wp\/v2\/product_tag?post=7205"}],"curies":[{"name":"wp","href":"https:\/\/api.w.org\/{rel}","templated":true}]}}