{"id":7291,"date":"2024-05-20T11:19:14","date_gmt":"2024-05-20T08:19:14","guid":{"rendered":"https:\/\/profaj.co\/miknatis\/?post_type=product&#038;p=7291"},"modified":"2024-05-20T11:20:54","modified_gmt":"2024-05-20T08:20:54","slug":"manyetik-gonyeler","status":"publish","type":"product","link":"https:\/\/profaj.co\/miknatis\/tr\/urun\/manyetik-gonyeler\/","title":{"rendered":"Manyetik G\u00f6nyeler"},"content":{"rendered":"<p>Manyetik G\u00f6nye veya di\u011fer ad\u0131 ile Kaynak M\u0131knat\u0131slar\u0131, genellikle kaynak projeleri i\u00e7in kullan\u0131lan g\u00fc\u00e7l\u00fc m\u0131knat\u0131slard\u0131r.\u00a0Bu t\u00fcr m\u0131knat\u0131slar, herhangi bir demir i\u00e7eren nesneyi veya metali \u00e7eker ve her iki elin de bir proje \u00fczerinde i\u015f g\u00fcvenli\u011fine uygun \u00e7al\u0131\u015fmas\u0131n\u0131 sa\u011flar.\u00a0\u00a0Bu g\u00fc\u00e7l\u00fc ve kompakt manyetik ekipmanlar, kaynak, lehim\u00a0ve montaj i\u015flemlerinde iki par\u00e7a \u00e7eli\u011fin 45 \u00b0, 90 \u00b0 veya 135 \u00b0 &#8216;de sabit, h\u0131zl\u0131,\u00a0kolay ve g\u00fcvenli \u015fekilde\u00a0tutturulmas\u0131n\u0131 sa\u011flar. 11kg, 22kg ve 34kg olmak \u00fczere farkl\u0131 tutma kuvvetlerine sahip \u00fc\u00e7 boyu mevcuttur.<\/p>\n<ul>\n<li><em><strong>Y\u00fcksek Tutu\u015f :<\/strong><\/em>\u00a0Malzemeleri tutmak i\u00e7in max. 34 kg \u00a0kadar manyetik g\u00fcce sahiptir.<\/li>\n<li><em><strong>\u00dc\u00e7 A\u00e7\u0131l\u0131 Tasar\u0131m :<\/strong><\/em>\u00a0Kolay kaynak i\u00e7in malzemeyi 45 \u00b0, 90 \u00b0 ve 135 \u00b0 &#8216;de tutabilir.<\/li>\n<li><em><strong>Sa\u011flam ve Dayan\u0131kl\u0131 :<\/strong><\/em>\u00a0\u00a0Metali kavrar ve g\u00fcvenli ve verimli bir \u015fekilde gereken a\u00e7\u0131da tutar, i\u015f g\u00fcvenli\u011fini art\u0131rmak i\u00e7in ellerinizi serbest b\u0131rak\u0131r.\u00a0Parlak emaye u\u00e7 plakalar ve kompakt tasar\u0131m dayan\u0131kl\u0131l\u0131\u011f\u0131n\u0131 art\u0131r\u0131r.<\/li>\n<li>Daimi M\u0131knat\u0131sl\u0131 olup enerji t\u00fcketmezler.<\/li>\n<li><em><strong>\u00c7ok Ama\u00e7l\u0131\u00a0<\/strong><\/em>: Manyetik G\u00f6nyeler,; kaynaktan daha fazlas\u0131 i\u00e7in kullan\u0131labilir.\u00a0Kaynak, Lehimleme, Montaj, Boru Montaj\u0131, Sac\u00a0Ay\u0131rma ve Asma-Kald\u0131rma Uygulamalar\u0131nda kullan\u0131n. (Uygulama alanlar\u0131 ile ilgili g\u00f6rseli \u00fcr\u00fcn foto\u011fraflar\u0131 i\u00e7inde g\u00f6rebilirsiniz.)<\/li>\n<\/ul>\n<p><em><strong>Farkl\u0131 tasar\u0131m yerli \u00fcretim Manyetik G\u00f6nyelerimiz de\u00a0 mevcuttur.<\/strong><\/em><\/p>\n<p><em><strong><img decoding=\"async\" class=\"alignleft wp-image-7292 size-thumbnail\" src=\"https:\/\/profaj.co\/miknatis\/wp-content\/uploads\/2024\/05\/954133788-150x150.jpg\" alt=\"\" width=\"150\" height=\"150\" srcset=\"https:\/\/profaj.co\/miknatis\/wp-content\/uploads\/2024\/05\/954133788-150x150.jpg 150w, https:\/\/profaj.co\/miknatis\/wp-content\/uploads\/2024\/05\/954133788-100x100.jpg 100w\" sizes=\"(max-width: 150px) 100vw, 150px\" \/><\/strong><\/em><\/p>\n<p><em><strong>\u00a0 \u00a0\u00a0<\/strong><\/em><em><strong>250&#215;150 mm Y35 \u00d6zel G\u00f6nye- Kaynak M\u0131knat\u0131s\u0131<\/strong><\/em><\/p>\n<ul>\n<li><strong>D\u0131\u015f \u00d6l\u00e7\u00fcleri\u00a0\u00a0<\/strong>\u00a0 \u00a0 \u00a0 \u00a0 \u00a0 \u00a0 \u00a0: Boy: 250 mm\u00a0 Y\u00fckseklik: 150 mm En : 40 mm derinlik : 55 mm<\/li>\n<li><strong>G\u00f6vde<\/strong>\u00a0 \u00a0 \u00a0 \u00a0 \u00a0 \u00a0 \u00a0 \u00a0 \u00a0 \u00a0 \u00a0 \u00a0 : Al\u00fcminyum<\/li>\n<li><strong>Kullan\u0131lan M\u0131knat\u0131s<\/strong>\u00a0 \u00a0: Y35- Seramik- Ferrit M\u0131knat\u0131s<\/li>\n<\/ul>\n<p>&nbsp;<\/p>\n<p>&nbsp;<\/p>\n<p><em><strong>Daha ayr\u0131nt\u0131l\u0131 bilgi ve farkl\u0131 ihtiya\u00e7lar\u0131n\u0131z i\u00e7in l\u00fctfen ileti\u015fime ge\u00e7iniz.<\/strong><\/em><\/p>\n","protected":false},"excerpt":{"rendered":"<p>Manyetik G\u00f6nye veya di\u011fer ad\u0131 ile Kaynak M\u0131knat\u0131slar\u0131, genellikle kaynak projeleri i\u00e7in kullan\u0131lan g\u00fc\u00e7l\u00fc m\u0131knat\u0131slard\u0131r.\u00a0Bu t\u00fcr m\u0131knat\u0131slar, herhangi bir demir i\u00e7eren nesneyi veya metali \u00e7eker ve her iki elin de bir proje \u00fczerinde i\u015f g\u00fcvenli\u011fine uygun \u00e7al\u0131\u015fmas\u0131n\u0131 sa\u011flar.<\/p>\n","protected":false},"featured_media":7295,"template":"","meta":[],"product_cat":[119],"product_tag":[],"class_list":["post-7291","product","type-product","status-publish","has-post-thumbnail","hentry","product_cat-manyetik-tasiyici-ve-tutucular"],"acf":[],"yoast_head":"<!-- This site is optimized with the Yoast SEO Premium plugin v22.1 (Yoast SEO v22.1) - https:\/\/yoast.com\/wordpress\/plugins\/seo\/ -->\n<title>Manyetik G\u00f6nyeler - M\u0131knat\u0131s Ar-Ge<\/title>\n<meta name=\"robots\" content=\"index, follow, max-snippet:-1, max-image-preview:large, max-video-preview:-1\" \/>\n<link rel=\"canonical\" href=\"https:\/\/profaj.co\/miknatis\/tr\/urun\/manyetik-gonyeler\/\" \/>\n<meta property=\"og:locale\" content=\"tr_TR\" \/>\n<meta property=\"og:type\" content=\"article\" \/>\n<meta property=\"og:title\" content=\"Manyetik G\u00f6nyeler\" \/>\n<meta property=\"og:description\" content=\"Manyetik G\u00f6nye veya di\u011fer ad\u0131 ile Kaynak M\u0131knat\u0131slar\u0131, genellikle kaynak projeleri i\u00e7in kullan\u0131lan g\u00fc\u00e7l\u00fc m\u0131knat\u0131slard\u0131r.\u00a0Bu t\u00fcr m\u0131knat\u0131slar, herhangi bir demir i\u00e7eren nesneyi veya metali \u00e7eker ve her iki elin de bir proje \u00fczerinde i\u015f g\u00fcvenli\u011fine uygun \u00e7al\u0131\u015fmas\u0131n\u0131 sa\u011flar.\" \/>\n<meta property=\"og:url\" content=\"https:\/\/profaj.co\/miknatis\/tr\/urun\/manyetik-gonyeler\/\" \/>\n<meta property=\"og:site_name\" content=\"M\u0131knat\u0131s Ar-Ge\" \/>\n<meta property=\"article:modified_time\" content=\"2024-05-20T08:20:54+00:00\" \/>\n<meta property=\"og:image\" content=\"https:\/\/profaj.co\/miknatis\/wp-content\/uploads\/2024\/05\/miknatis-arge_627a6dd6ecf89.jpg\" \/>\n\t<meta property=\"og:image:width\" content=\"1000\" \/>\n\t<meta property=\"og:image:height\" content=\"1000\" \/>\n\t<meta property=\"og:image:type\" content=\"image\/jpeg\" \/>\n<meta name=\"twitter:card\" content=\"summary_large_image\" \/>\n<meta name=\"twitter:label1\" content=\"Tahmini okuma s\u00fcresi\" \/>\n\t<meta name=\"twitter:data1\" content=\"1 dakika\" \/>\n<script type=\"application\/ld+json\" class=\"yoast-schema-graph\">{\"@context\":\"https:\/\/schema.org\",\"@graph\":[{\"@type\":\"WebPage\",\"@id\":\"https:\/\/profaj.co\/miknatis\/tr\/urun\/manyetik-gonyeler\/\",\"url\":\"https:\/\/profaj.co\/miknatis\/tr\/urun\/manyetik-gonyeler\/\",\"name\":\"Manyetik G\u00f6nyeler - M\u0131knat\u0131s Ar-Ge\",\"isPartOf\":{\"@id\":\"https:\/\/profaj.co\/miknatis\/#website\"},\"datePublished\":\"2024-05-20T08:19:14+00:00\",\"dateModified\":\"2024-05-20T08:20:54+00:00\",\"breadcrumb\":{\"@id\":\"https:\/\/profaj.co\/miknatis\/tr\/urun\/manyetik-gonyeler\/#breadcrumb\"},\"inLanguage\":\"tr\",\"potentialAction\":[{\"@type\":\"ReadAction\",\"target\":[\"https:\/\/profaj.co\/miknatis\/tr\/urun\/manyetik-gonyeler\/\"]}]},{\"@type\":\"BreadcrumbList\",\"@id\":\"https:\/\/profaj.co\/miknatis\/tr\/urun\/manyetik-gonyeler\/#breadcrumb\",\"itemListElement\":[{\"@type\":\"ListItem\",\"position\":1,\"name\":\"Anasayfa\",\"item\":\"https:\/\/profaj.co\/miknatis\/tr\/anasayfa\/\"},{\"@type\":\"ListItem\",\"position\":2,\"name\":\"\u00dcr\u00fcnler\",\"item\":\"https:\/\/profaj.co\/miknatis\/tr\/urunler\/\"},{\"@type\":\"ListItem\",\"position\":3,\"name\":\"Manyetik G\u00f6nyeler\"}]},{\"@type\":\"WebSite\",\"@id\":\"https:\/\/profaj.co\/miknatis\/#website\",\"url\":\"https:\/\/profaj.co\/miknatis\/\",\"name\":\"M\u0131knat\u0131s Ar-Ge\",\"description\":\"\",\"publisher\":{\"@id\":\"https:\/\/profaj.co\/miknatis\/#organization\"},\"potentialAction\":[{\"@type\":\"SearchAction\",\"target\":{\"@type\":\"EntryPoint\",\"urlTemplate\":\"https:\/\/profaj.co\/miknatis\/?s={search_term_string}\"},\"query-input\":\"required name=search_term_string\"}],\"inLanguage\":\"tr\"},{\"@type\":\"Organization\",\"@id\":\"https:\/\/profaj.co\/miknatis\/#organization\",\"name\":\"M\u0131knat\u0131s Ar-Ge\",\"url\":\"https:\/\/profaj.co\/miknatis\/\",\"logo\":{\"@type\":\"ImageObject\",\"inLanguage\":\"tr\",\"@id\":\"https:\/\/profaj.co\/miknatis\/#\/schema\/logo\/image\/\",\"url\":\"https:\/\/profaj.co\/miknatis\/wp-content\/uploads\/2023\/12\/logo-white.webp\",\"contentUrl\":\"https:\/\/profaj.co\/miknatis\/wp-content\/uploads\/2023\/12\/logo-white.webp\",\"width\":300,\"height\":266,\"caption\":\"M\u0131knat\u0131s Ar-Ge\"},\"image\":{\"@id\":\"https:\/\/profaj.co\/miknatis\/#\/schema\/logo\/image\/\"}}]}<\/script>\n<!-- \/ Yoast SEO Premium plugin. -->","yoast_head_json":{"title":"Manyetik G\u00f6nyeler - M\u0131knat\u0131s Ar-Ge","robots":{"index":"index","follow":"follow","max-snippet":"max-snippet:-1","max-image-preview":"max-image-preview:large","max-video-preview":"max-video-preview:-1"},"canonical":"https:\/\/profaj.co\/miknatis\/tr\/urun\/manyetik-gonyeler\/","og_locale":"tr_TR","og_type":"article","og_title":"Manyetik G\u00f6nyeler","og_description":"Manyetik G\u00f6nye veya di\u011fer ad\u0131 ile Kaynak M\u0131knat\u0131slar\u0131, genellikle kaynak projeleri i\u00e7in kullan\u0131lan g\u00fc\u00e7l\u00fc m\u0131knat\u0131slard\u0131r.\u00a0Bu t\u00fcr m\u0131knat\u0131slar, herhangi bir demir i\u00e7eren nesneyi veya metali \u00e7eker ve her iki elin de bir proje \u00fczerinde i\u015f g\u00fcvenli\u011fine uygun \u00e7al\u0131\u015fmas\u0131n\u0131 sa\u011flar.","og_url":"https:\/\/profaj.co\/miknatis\/tr\/urun\/manyetik-gonyeler\/","og_site_name":"M\u0131knat\u0131s Ar-Ge","article_modified_time":"2024-05-20T08:20:54+00:00","og_image":[{"width":1000,"height":1000,"url":"https:\/\/profaj.co\/miknatis\/wp-content\/uploads\/2024\/05\/miknatis-arge_627a6dd6ecf89.jpg","type":"image\/jpeg"}],"twitter_card":"summary_large_image","twitter_misc":{"Tahmini okuma s\u00fcresi":"1 dakika"},"schema":{"@context":"https:\/\/schema.org","@graph":[{"@type":"WebPage","@id":"https:\/\/profaj.co\/miknatis\/tr\/urun\/manyetik-gonyeler\/","url":"https:\/\/profaj.co\/miknatis\/tr\/urun\/manyetik-gonyeler\/","name":"Manyetik G\u00f6nyeler - M\u0131knat\u0131s Ar-Ge","isPartOf":{"@id":"https:\/\/profaj.co\/miknatis\/#website"},"datePublished":"2024-05-20T08:19:14+00:00","dateModified":"2024-05-20T08:20:54+00:00","breadcrumb":{"@id":"https:\/\/profaj.co\/miknatis\/tr\/urun\/manyetik-gonyeler\/#breadcrumb"},"inLanguage":"tr","potentialAction":[{"@type":"ReadAction","target":["https:\/\/profaj.co\/miknatis\/tr\/urun\/manyetik-gonyeler\/"]}]},{"@type":"BreadcrumbList","@id":"https:\/\/profaj.co\/miknatis\/tr\/urun\/manyetik-gonyeler\/#breadcrumb","itemListElement":[{"@type":"ListItem","position":1,"name":"Anasayfa","item":"https:\/\/profaj.co\/miknatis\/tr\/anasayfa\/"},{"@type":"ListItem","position":2,"name":"\u00dcr\u00fcnler","item":"https:\/\/profaj.co\/miknatis\/tr\/urunler\/"},{"@type":"ListItem","position":3,"name":"Manyetik G\u00f6nyeler"}]},{"@type":"WebSite","@id":"https:\/\/profaj.co\/miknatis\/#website","url":"https:\/\/profaj.co\/miknatis\/","name":"M\u0131knat\u0131s Ar-Ge","description":"","publisher":{"@id":"https:\/\/profaj.co\/miknatis\/#organization"},"potentialAction":[{"@type":"SearchAction","target":{"@type":"EntryPoint","urlTemplate":"https:\/\/profaj.co\/miknatis\/?s={search_term_string}"},"query-input":"required name=search_term_string"}],"inLanguage":"tr"},{"@type":"Organization","@id":"https:\/\/profaj.co\/miknatis\/#organization","name":"M\u0131knat\u0131s Ar-Ge","url":"https:\/\/profaj.co\/miknatis\/","logo":{"@type":"ImageObject","inLanguage":"tr","@id":"https:\/\/profaj.co\/miknatis\/#\/schema\/logo\/image\/","url":"https:\/\/profaj.co\/miknatis\/wp-content\/uploads\/2023\/12\/logo-white.webp","contentUrl":"https:\/\/profaj.co\/miknatis\/wp-content\/uploads\/2023\/12\/logo-white.webp","width":300,"height":266,"caption":"M\u0131knat\u0131s Ar-Ge"},"image":{"@id":"https:\/\/profaj.co\/miknatis\/#\/schema\/logo\/image\/"}}]}},"lang":"tr","translations":{"tr":7291,"en":7303},"pll_sync_post":[],"_links":{"self":[{"href":"https:\/\/profaj.co\/miknatis\/wp-json\/wp\/v2\/product\/7291","targetHints":{"allow":["GET"]}}],"collection":[{"href":"https:\/\/profaj.co\/miknatis\/wp-json\/wp\/v2\/product"}],"about":[{"href":"https:\/\/profaj.co\/miknatis\/wp-json\/wp\/v2\/types\/product"}],"wp:featuredmedia":[{"embeddable":true,"href":"https:\/\/profaj.co\/miknatis\/wp-json\/wp\/v2\/media\/7295"}],"wp:attachment":[{"href":"https:\/\/profaj.co\/miknatis\/wp-json\/wp\/v2\/media?parent=7291"}],"wp:term":[{"taxonomy":"product_cat","embeddable":true,"href":"https:\/\/profaj.co\/miknatis\/wp-json\/wp\/v2\/product_cat?post=7291"},{"taxonomy":"product_tag","embeddable":true,"href":"https:\/\/profaj.co\/miknatis\/wp-json\/wp\/v2\/product_tag?post=7291"}],"curies":[{"name":"wp","href":"https:\/\/api.w.org\/{rel}","templated":true}]}}