{"id":7303,"date":"2024-05-20T11:27:21","date_gmt":"2024-05-20T08:27:21","guid":{"rendered":"https:\/\/profaj.co\/miknatis\/?post_type=product&#038;p=7303"},"modified":"2024-08-19T15:42:06","modified_gmt":"2024-08-19T12:42:06","slug":"magnetic-miters","status":"publish","type":"product","link":"https:\/\/profaj.co\/miknatis\/product\/magnetic-miters\/","title":{"rendered":"Magnetic Miters"},"content":{"rendered":"<p>Magnetic Miter or Welding Magnets are powerful magnets that are generally used for welding projects. These types of magnets attract any ferrous object or metal and allow both hands to work safely on a project. These powerful and compact magnetic equipments provide stable, fast, easy and secure attachment of two pieces of steel at 45\u00b0, 90\u00b0 or 135\u00b0 in welding, brazing and assembly operations. It is available in three sizes with different holding forces: 11kg, 22kg and 34kg.<\/p>\n<ul>\n<li><em><strong>High Grip<\/strong>:<\/em> It has a maximum magnetic strength of 34 kg to hold materials.<\/li>\n<li><em><strong>Three Angle Design:<\/strong><\/em>\u00a0It can hold material at 45\u00b0, 90\u00b0 and 135\u00b0 for easy welding.<\/li>\n<li><strong><em>Sturdy and Durable:<\/em>\u00a0<\/strong>Grips metal and holds it at the required angle safely and efficiently, freeing your hands to increase work safety. Glossy enamel end plates and compact design increase durability.<\/li>\n<li>They are permanent magnets and do not consume energy.<\/li>\n<li><em><strong>Multi-Purpose:<\/strong><\/em> Magnetic Squares can be used for more than just welding. Use in Welding, Soldering, Assembly, Pipe Assembly, Sheet Splitting and Lifting Applications. (You can see the image of the application areas in the product photos.)<\/li>\n<\/ul>\n<p><em><strong>We also have different design domestically produced magnetic squares.<\/strong><\/em><\/p>\n<p><em><strong><br \/>\n<img decoding=\"async\" class=\"alignnone wp-image-7292 size-thumbnail\" src=\"https:\/\/profaj.co\/miknatis\/wp-content\/uploads\/2024\/05\/954133788-150x150.jpg\" alt=\"\" width=\"150\" height=\"150\" srcset=\"https:\/\/profaj.co\/miknatis\/wp-content\/uploads\/2024\/05\/954133788-150x150.jpg 150w, https:\/\/profaj.co\/miknatis\/wp-content\/uploads\/2024\/05\/954133788-100x100.jpg 100w\" sizes=\"(max-width: 150px) 100vw, 150px\" \/><br \/>\n<\/strong><strong>250&#215;150 mm Y35 Special Square-Welding Magnet<\/strong><\/em><\/p>\n<ul>\n<li><strong>External Dimensions: Length:<\/strong> 250 mm Height: 150 mm Width: 40 mm Depth: 55 mm<\/li>\n<li><strong>Body\u00a0<\/strong>: Aluminum<\/li>\n<li><strong>Magnet Used:<\/strong>\u00a0Y35- Ceramic- Ferrite Magnet<\/li>\n<\/ul>\n<p>Please contact us for more detailed information and your different needs.<\/p>\n","protected":false},"excerpt":{"rendered":"<p>Manyetik G\u00f6nye veya di\u011fer ad\u0131 ile Kaynak M\u0131knat\u0131slar\u0131, genellikle kaynak projeleri i\u00e7in kullan\u0131lan g\u00fc\u00e7l\u00fc m\u0131knat\u0131slard\u0131r.\u00a0Bu t\u00fcr m\u0131knat\u0131slar, herhangi bir demir i\u00e7eren nesneyi veya metali \u00e7eker ve her iki elin de bir proje \u00fczerinde i\u015f g\u00fcvenli\u011fine uygun \u00e7al\u0131\u015fmas\u0131n\u0131 sa\u011flar.<\/p>\n","protected":false},"featured_media":7295,"template":"","meta":[],"product_cat":[160],"product_tag":[],"class_list":["post-7303","product","type-product","status-publish","has-post-thumbnail","hentry","product_cat-magnetic-lifters-and-holders"],"acf":[],"yoast_head":"<!-- This site is optimized with the Yoast SEO Premium plugin v22.1 (Yoast SEO v22.1) - https:\/\/yoast.com\/wordpress\/plugins\/seo\/ -->\n<title>Magnetic Miters - M\u0131knat\u0131s Ar-Ge<\/title>\n<meta name=\"robots\" content=\"index, follow, max-snippet:-1, max-image-preview:large, max-video-preview:-1\" \/>\n<link rel=\"canonical\" href=\"https:\/\/profaj.co\/miknatis\/product\/magnetic-miters\/\" \/>\n<meta property=\"og:locale\" content=\"tr_TR\" \/>\n<meta property=\"og:type\" content=\"article\" \/>\n<meta property=\"og:title\" content=\"Magnetic Miters\" \/>\n<meta property=\"og:description\" content=\"Manyetik G\u00f6nye veya di\u011fer ad\u0131 ile Kaynak M\u0131knat\u0131slar\u0131, genellikle kaynak projeleri i\u00e7in kullan\u0131lan g\u00fc\u00e7l\u00fc m\u0131knat\u0131slard\u0131r.\u00a0Bu t\u00fcr m\u0131knat\u0131slar, herhangi bir demir i\u00e7eren nesneyi veya metali \u00e7eker ve her iki elin de bir proje \u00fczerinde i\u015f g\u00fcvenli\u011fine uygun \u00e7al\u0131\u015fmas\u0131n\u0131 sa\u011flar.\" \/>\n<meta property=\"og:url\" content=\"https:\/\/profaj.co\/miknatis\/product\/magnetic-miters\/\" \/>\n<meta property=\"og:site_name\" content=\"M\u0131knat\u0131s Ar-Ge\" \/>\n<meta property=\"article:modified_time\" content=\"2024-08-19T12:42:06+00:00\" \/>\n<meta property=\"og:image\" content=\"https:\/\/profaj.co\/miknatis\/wp-content\/uploads\/2024\/05\/miknatis-arge_627a6dd6ecf89.jpg\" \/>\n\t<meta property=\"og:image:width\" content=\"1000\" \/>\n\t<meta property=\"og:image:height\" content=\"1000\" \/>\n\t<meta property=\"og:image:type\" content=\"image\/jpeg\" \/>\n<meta name=\"twitter:card\" content=\"summary_large_image\" \/>\n<meta name=\"twitter:label1\" content=\"Tahmini okuma s\u00fcresi\" \/>\n\t<meta name=\"twitter:data1\" content=\"2 dakika\" \/>\n<script type=\"application\/ld+json\" class=\"yoast-schema-graph\">{\"@context\":\"https:\/\/schema.org\",\"@graph\":[{\"@type\":\"WebPage\",\"@id\":\"https:\/\/profaj.co\/miknatis\/product\/magnetic-miters\/\",\"url\":\"https:\/\/profaj.co\/miknatis\/product\/magnetic-miters\/\",\"name\":\"Magnetic Miters - M\u0131knat\u0131s Ar-Ge\",\"isPartOf\":{\"@id\":\"https:\/\/profaj.co\/miknatis\/#website\"},\"datePublished\":\"2024-05-20T08:27:21+00:00\",\"dateModified\":\"2024-08-19T12:42:06+00:00\",\"breadcrumb\":{\"@id\":\"https:\/\/profaj.co\/miknatis\/product\/magnetic-miters\/#breadcrumb\"},\"inLanguage\":\"tr\",\"potentialAction\":[{\"@type\":\"ReadAction\",\"target\":[\"https:\/\/profaj.co\/miknatis\/product\/magnetic-miters\/\"]}]},{\"@type\":\"BreadcrumbList\",\"@id\":\"https:\/\/profaj.co\/miknatis\/product\/magnetic-miters\/#breadcrumb\",\"itemListElement\":[{\"@type\":\"ListItem\",\"position\":1,\"name\":\"Anasayfa\",\"item\":\"https:\/\/profaj.co\/miknatis\/tr\/anasayfa\/\"},{\"@type\":\"ListItem\",\"position\":2,\"name\":\"\u00dcr\u00fcnler\",\"item\":\"https:\/\/profaj.co\/miknatis\/tr\/urunler\/\"},{\"@type\":\"ListItem\",\"position\":3,\"name\":\"Magnetic Miters\"}]},{\"@type\":\"WebSite\",\"@id\":\"https:\/\/profaj.co\/miknatis\/#website\",\"url\":\"https:\/\/profaj.co\/miknatis\/\",\"name\":\"M\u0131knat\u0131s Ar-Ge\",\"description\":\"\",\"publisher\":{\"@id\":\"https:\/\/profaj.co\/miknatis\/#organization\"},\"potentialAction\":[{\"@type\":\"SearchAction\",\"target\":{\"@type\":\"EntryPoint\",\"urlTemplate\":\"https:\/\/profaj.co\/miknatis\/?s={search_term_string}\"},\"query-input\":\"required name=search_term_string\"}],\"inLanguage\":\"tr\"},{\"@type\":\"Organization\",\"@id\":\"https:\/\/profaj.co\/miknatis\/#organization\",\"name\":\"M\u0131knat\u0131s Ar-Ge\",\"url\":\"https:\/\/profaj.co\/miknatis\/\",\"logo\":{\"@type\":\"ImageObject\",\"inLanguage\":\"tr\",\"@id\":\"https:\/\/profaj.co\/miknatis\/#\/schema\/logo\/image\/\",\"url\":\"https:\/\/profaj.co\/miknatis\/wp-content\/uploads\/2023\/12\/logo-white.webp\",\"contentUrl\":\"https:\/\/profaj.co\/miknatis\/wp-content\/uploads\/2023\/12\/logo-white.webp\",\"width\":300,\"height\":266,\"caption\":\"M\u0131knat\u0131s Ar-Ge\"},\"image\":{\"@id\":\"https:\/\/profaj.co\/miknatis\/#\/schema\/logo\/image\/\"}}]}<\/script>\n<!-- \/ Yoast SEO Premium plugin. -->","yoast_head_json":{"title":"Magnetic Miters - M\u0131knat\u0131s Ar-Ge","robots":{"index":"index","follow":"follow","max-snippet":"max-snippet:-1","max-image-preview":"max-image-preview:large","max-video-preview":"max-video-preview:-1"},"canonical":"https:\/\/profaj.co\/miknatis\/product\/magnetic-miters\/","og_locale":"tr_TR","og_type":"article","og_title":"Magnetic Miters","og_description":"Manyetik G\u00f6nye veya di\u011fer ad\u0131 ile Kaynak M\u0131knat\u0131slar\u0131, genellikle kaynak projeleri i\u00e7in kullan\u0131lan g\u00fc\u00e7l\u00fc m\u0131knat\u0131slard\u0131r.\u00a0Bu t\u00fcr m\u0131knat\u0131slar, herhangi bir demir i\u00e7eren nesneyi veya metali \u00e7eker ve her iki elin de bir proje \u00fczerinde i\u015f g\u00fcvenli\u011fine uygun \u00e7al\u0131\u015fmas\u0131n\u0131 sa\u011flar.","og_url":"https:\/\/profaj.co\/miknatis\/product\/magnetic-miters\/","og_site_name":"M\u0131knat\u0131s Ar-Ge","article_modified_time":"2024-08-19T12:42:06+00:00","og_image":[{"width":1000,"height":1000,"url":"https:\/\/profaj.co\/miknatis\/wp-content\/uploads\/2024\/05\/miknatis-arge_627a6dd6ecf89.jpg","type":"image\/jpeg"}],"twitter_card":"summary_large_image","twitter_misc":{"Tahmini okuma s\u00fcresi":"2 dakika"},"schema":{"@context":"https:\/\/schema.org","@graph":[{"@type":"WebPage","@id":"https:\/\/profaj.co\/miknatis\/product\/magnetic-miters\/","url":"https:\/\/profaj.co\/miknatis\/product\/magnetic-miters\/","name":"Magnetic Miters - M\u0131knat\u0131s Ar-Ge","isPartOf":{"@id":"https:\/\/profaj.co\/miknatis\/#website"},"datePublished":"2024-05-20T08:27:21+00:00","dateModified":"2024-08-19T12:42:06+00:00","breadcrumb":{"@id":"https:\/\/profaj.co\/miknatis\/product\/magnetic-miters\/#breadcrumb"},"inLanguage":"tr","potentialAction":[{"@type":"ReadAction","target":["https:\/\/profaj.co\/miknatis\/product\/magnetic-miters\/"]}]},{"@type":"BreadcrumbList","@id":"https:\/\/profaj.co\/miknatis\/product\/magnetic-miters\/#breadcrumb","itemListElement":[{"@type":"ListItem","position":1,"name":"Anasayfa","item":"https:\/\/profaj.co\/miknatis\/tr\/anasayfa\/"},{"@type":"ListItem","position":2,"name":"\u00dcr\u00fcnler","item":"https:\/\/profaj.co\/miknatis\/tr\/urunler\/"},{"@type":"ListItem","position":3,"name":"Magnetic Miters"}]},{"@type":"WebSite","@id":"https:\/\/profaj.co\/miknatis\/#website","url":"https:\/\/profaj.co\/miknatis\/","name":"M\u0131knat\u0131s Ar-Ge","description":"","publisher":{"@id":"https:\/\/profaj.co\/miknatis\/#organization"},"potentialAction":[{"@type":"SearchAction","target":{"@type":"EntryPoint","urlTemplate":"https:\/\/profaj.co\/miknatis\/?s={search_term_string}"},"query-input":"required name=search_term_string"}],"inLanguage":"tr"},{"@type":"Organization","@id":"https:\/\/profaj.co\/miknatis\/#organization","name":"M\u0131knat\u0131s Ar-Ge","url":"https:\/\/profaj.co\/miknatis\/","logo":{"@type":"ImageObject","inLanguage":"tr","@id":"https:\/\/profaj.co\/miknatis\/#\/schema\/logo\/image\/","url":"https:\/\/profaj.co\/miknatis\/wp-content\/uploads\/2023\/12\/logo-white.webp","contentUrl":"https:\/\/profaj.co\/miknatis\/wp-content\/uploads\/2023\/12\/logo-white.webp","width":300,"height":266,"caption":"M\u0131knat\u0131s Ar-Ge"},"image":{"@id":"https:\/\/profaj.co\/miknatis\/#\/schema\/logo\/image\/"}}]}},"lang":"en","translations":{"en":7303,"tr":7291},"pll_sync_post":[],"_links":{"self":[{"href":"https:\/\/profaj.co\/miknatis\/wp-json\/wp\/v2\/product\/7303","targetHints":{"allow":["GET"]}}],"collection":[{"href":"https:\/\/profaj.co\/miknatis\/wp-json\/wp\/v2\/product"}],"about":[{"href":"https:\/\/profaj.co\/miknatis\/wp-json\/wp\/v2\/types\/product"}],"wp:featuredmedia":[{"embeddable":true,"href":"https:\/\/profaj.co\/miknatis\/wp-json\/wp\/v2\/media\/7295"}],"wp:attachment":[{"href":"https:\/\/profaj.co\/miknatis\/wp-json\/wp\/v2\/media?parent=7303"}],"wp:term":[{"taxonomy":"product_cat","embeddable":true,"href":"https:\/\/profaj.co\/miknatis\/wp-json\/wp\/v2\/product_cat?post=7303"},{"taxonomy":"product_tag","embeddable":true,"href":"https:\/\/profaj.co\/miknatis\/wp-json\/wp\/v2\/product_tag?post=7303"}],"curies":[{"name":"wp","href":"https:\/\/api.w.org\/{rel}","templated":true}]}}