{"id":7315,"date":"2024-05-20T12:25:24","date_gmt":"2024-05-20T09:25:24","guid":{"rendered":"https:\/\/profaj.co\/miknatis\/?post_type=product&#038;p=7315"},"modified":"2024-05-20T12:25:24","modified_gmt":"2024-05-20T09:25:24","slug":"teleskobik-sapli-metal-tutucu","status":"publish","type":"product","link":"https:\/\/profaj.co\/miknatis\/tr\/urun\/teleskobik-sapli-metal-tutucu\/","title":{"rendered":"Teleskobik Sapl\u0131 Metal Tutucu"},"content":{"rendered":"<ul>\n<li>Kullan\u0131m, ta\u015f\u0131ma ve saklama kolayl\u0131\u011f\u0131 sa\u011flayan kalem tipi tasar\u0131m,<\/li>\n<li>31&#8243; e kadar uzanan, 5lb, 8lb,16lb&#8217;ye a\u011f\u0131rl\u0131\u011fa kadar metal\u00a0nesleneleri almak i\u00e7in g\u00fc\u00e7l\u00fc bir m\u0131knat\u0131st\u0131r.<\/li>\n<li>Siyah ve turuncu yast\u0131k tutma sapl\u0131 olan\u0131 (8lb -16lb) ve Plastik sapl\u0131 olan\u0131 (5lb) dir.<\/li>\n<li>Civata, metal somun, vida ve di\u011fer metal par\u00e7alar\u0131 bulmak i\u00e7in ideal,<\/li>\n<li>Garaj, ev, ofis, i\u015f yeri, a\u00e7\u0131k hava ve bah\u00e7e i\u00e7in harika bir \u00fcr\u00fcnd\u00fcr.<\/li>\n<\/ul>\n<p>Bu teleskopik manyetik toplama aletlerin daralt\u0131lm\u0131\u015f uzunlu\u011fu 5-7&#8243; ve uzat\u0131lm\u0131\u015f uzunlu\u011fu 30-31&#8243; olup, bu \u00fcr\u00fcne hem kompakt hem de uzat\u0131labilir olma avantaj\u0131n\u0131 sa\u011flar.<\/p>\n<p>Bu alet, aksi takdirde eller ve g\u00f6zler i\u00e7in eri\u015filemeyen alanlara giren k\u00fc\u00e7\u00fck metal par\u00e7alar\u0131 bulmak i\u00e7in elinizin alt\u0131nda bulunmas\u0131 gereken harika bir par\u00e7ad\u0131r.<\/p>\n<p><em><strong>L\u00fctfen akl\u0131n\u0131zda bulundurun:<\/strong><\/em><br \/>\n<em>Kalp pili veya di\u011fer elektronik t\u0131bbi cihazlar kullan\u0131yorsan\u0131z bu \u00f6\u011feyi g\u00f6mlek cebinizde saklamay\u0131n\u0131z.<\/em><\/p>\n","protected":false},"excerpt":{"rendered":"<p>Bu teleskopik manyetik toplama aletlerin daralt\u0131lm\u0131\u015f uzunlu\u011fu 5-7&#8243; ve uzat\u0131lm\u0131\u015f uzunlu\u011fu 30-31&#8243; olup, bu \u00fcr\u00fcne hem kompakt hem de uzat\u0131labilir olma avantaj\u0131n\u0131 sa\u011flar.<\/p>\n","protected":false},"featured_media":7316,"template":"","meta":[],"product_cat":[85,84],"product_tag":[],"class_list":["post-7315","product","type-product","status-publish","has-post-thumbnail","hentry","product_cat-metal-tutucular","product_cat-manyetik-ekipmanlar"],"acf":[],"yoast_head":"<!-- This site is optimized with the Yoast SEO Premium plugin v22.1 (Yoast SEO v22.1) - https:\/\/yoast.com\/wordpress\/plugins\/seo\/ -->\n<title>Teleskobik Sapl\u0131 Metal Tutucu - M\u0131knat\u0131s Ar-Ge<\/title>\n<meta name=\"robots\" content=\"index, follow, max-snippet:-1, max-image-preview:large, max-video-preview:-1\" \/>\n<link rel=\"canonical\" href=\"https:\/\/profaj.co\/miknatis\/tr\/urun\/teleskobik-sapli-metal-tutucu\/\" \/>\n<meta property=\"og:locale\" content=\"tr_TR\" \/>\n<meta property=\"og:type\" content=\"article\" \/>\n<meta property=\"og:title\" content=\"Teleskobik Sapl\u0131 Metal Tutucu\" \/>\n<meta property=\"og:description\" content=\"Bu teleskopik manyetik toplama aletlerin daralt\u0131lm\u0131\u015f uzunlu\u011fu 5-7&quot; ve uzat\u0131lm\u0131\u015f uzunlu\u011fu 30-31&quot; olup, bu \u00fcr\u00fcne hem kompakt hem de uzat\u0131labilir olma avantaj\u0131n\u0131 sa\u011flar.\" \/>\n<meta property=\"og:url\" content=\"https:\/\/profaj.co\/miknatis\/tr\/urun\/teleskobik-sapli-metal-tutucu\/\" \/>\n<meta property=\"og:site_name\" content=\"M\u0131knat\u0131s Ar-Ge\" \/>\n<meta property=\"og:image\" content=\"https:\/\/profaj.co\/miknatis\/wp-content\/uploads\/2024\/05\/miknatis-arge_6215f9d59c53d-1.jpg\" \/>\n\t<meta property=\"og:image:width\" content=\"1500\" \/>\n\t<meta property=\"og:image:height\" content=\"1500\" \/>\n\t<meta property=\"og:image:type\" content=\"image\/jpeg\" \/>\n<meta name=\"twitter:card\" content=\"summary_large_image\" \/>\n<meta name=\"twitter:label1\" content=\"Tahmini okuma s\u00fcresi\" \/>\n\t<meta name=\"twitter:data1\" content=\"1 dakika\" \/>\n<script type=\"application\/ld+json\" class=\"yoast-schema-graph\">{\"@context\":\"https:\/\/schema.org\",\"@graph\":[{\"@type\":\"WebPage\",\"@id\":\"https:\/\/profaj.co\/miknatis\/tr\/urun\/teleskobik-sapli-metal-tutucu\/\",\"url\":\"https:\/\/profaj.co\/miknatis\/tr\/urun\/teleskobik-sapli-metal-tutucu\/\",\"name\":\"Teleskobik Sapl\u0131 Metal Tutucu - M\u0131knat\u0131s Ar-Ge\",\"isPartOf\":{\"@id\":\"https:\/\/profaj.co\/miknatis\/#website\"},\"datePublished\":\"2024-05-20T09:25:24+00:00\",\"dateModified\":\"2024-05-20T09:25:24+00:00\",\"breadcrumb\":{\"@id\":\"https:\/\/profaj.co\/miknatis\/tr\/urun\/teleskobik-sapli-metal-tutucu\/#breadcrumb\"},\"inLanguage\":\"tr\",\"potentialAction\":[{\"@type\":\"ReadAction\",\"target\":[\"https:\/\/profaj.co\/miknatis\/tr\/urun\/teleskobik-sapli-metal-tutucu\/\"]}]},{\"@type\":\"BreadcrumbList\",\"@id\":\"https:\/\/profaj.co\/miknatis\/tr\/urun\/teleskobik-sapli-metal-tutucu\/#breadcrumb\",\"itemListElement\":[{\"@type\":\"ListItem\",\"position\":1,\"name\":\"Anasayfa\",\"item\":\"https:\/\/profaj.co\/miknatis\/tr\/anasayfa\/\"},{\"@type\":\"ListItem\",\"position\":2,\"name\":\"\u00dcr\u00fcnler\",\"item\":\"https:\/\/profaj.co\/miknatis\/tr\/urunler\/\"},{\"@type\":\"ListItem\",\"position\":3,\"name\":\"Teleskobik Sapl\u0131 Metal Tutucu\"}]},{\"@type\":\"WebSite\",\"@id\":\"https:\/\/profaj.co\/miknatis\/#website\",\"url\":\"https:\/\/profaj.co\/miknatis\/\",\"name\":\"M\u0131knat\u0131s Ar-Ge\",\"description\":\"\",\"publisher\":{\"@id\":\"https:\/\/profaj.co\/miknatis\/#organization\"},\"potentialAction\":[{\"@type\":\"SearchAction\",\"target\":{\"@type\":\"EntryPoint\",\"urlTemplate\":\"https:\/\/profaj.co\/miknatis\/?s={search_term_string}\"},\"query-input\":\"required name=search_term_string\"}],\"inLanguage\":\"tr\"},{\"@type\":\"Organization\",\"@id\":\"https:\/\/profaj.co\/miknatis\/#organization\",\"name\":\"M\u0131knat\u0131s Ar-Ge\",\"url\":\"https:\/\/profaj.co\/miknatis\/\",\"logo\":{\"@type\":\"ImageObject\",\"inLanguage\":\"tr\",\"@id\":\"https:\/\/profaj.co\/miknatis\/#\/schema\/logo\/image\/\",\"url\":\"https:\/\/profaj.co\/miknatis\/wp-content\/uploads\/2023\/12\/logo-white.webp\",\"contentUrl\":\"https:\/\/profaj.co\/miknatis\/wp-content\/uploads\/2023\/12\/logo-white.webp\",\"width\":300,\"height\":266,\"caption\":\"M\u0131knat\u0131s Ar-Ge\"},\"image\":{\"@id\":\"https:\/\/profaj.co\/miknatis\/#\/schema\/logo\/image\/\"}}]}<\/script>\n<!-- \/ Yoast SEO Premium plugin. -->","yoast_head_json":{"title":"Teleskobik Sapl\u0131 Metal Tutucu - M\u0131knat\u0131s Ar-Ge","robots":{"index":"index","follow":"follow","max-snippet":"max-snippet:-1","max-image-preview":"max-image-preview:large","max-video-preview":"max-video-preview:-1"},"canonical":"https:\/\/profaj.co\/miknatis\/tr\/urun\/teleskobik-sapli-metal-tutucu\/","og_locale":"tr_TR","og_type":"article","og_title":"Teleskobik Sapl\u0131 Metal Tutucu","og_description":"Bu teleskopik manyetik toplama aletlerin daralt\u0131lm\u0131\u015f uzunlu\u011fu 5-7\" ve uzat\u0131lm\u0131\u015f uzunlu\u011fu 30-31\" olup, bu \u00fcr\u00fcne hem kompakt hem de uzat\u0131labilir olma avantaj\u0131n\u0131 sa\u011flar.","og_url":"https:\/\/profaj.co\/miknatis\/tr\/urun\/teleskobik-sapli-metal-tutucu\/","og_site_name":"M\u0131knat\u0131s Ar-Ge","og_image":[{"width":1500,"height":1500,"url":"https:\/\/profaj.co\/miknatis\/wp-content\/uploads\/2024\/05\/miknatis-arge_6215f9d59c53d-1.jpg","type":"image\/jpeg"}],"twitter_card":"summary_large_image","twitter_misc":{"Tahmini okuma s\u00fcresi":"1 dakika"},"schema":{"@context":"https:\/\/schema.org","@graph":[{"@type":"WebPage","@id":"https:\/\/profaj.co\/miknatis\/tr\/urun\/teleskobik-sapli-metal-tutucu\/","url":"https:\/\/profaj.co\/miknatis\/tr\/urun\/teleskobik-sapli-metal-tutucu\/","name":"Teleskobik Sapl\u0131 Metal Tutucu - M\u0131knat\u0131s Ar-Ge","isPartOf":{"@id":"https:\/\/profaj.co\/miknatis\/#website"},"datePublished":"2024-05-20T09:25:24+00:00","dateModified":"2024-05-20T09:25:24+00:00","breadcrumb":{"@id":"https:\/\/profaj.co\/miknatis\/tr\/urun\/teleskobik-sapli-metal-tutucu\/#breadcrumb"},"inLanguage":"tr","potentialAction":[{"@type":"ReadAction","target":["https:\/\/profaj.co\/miknatis\/tr\/urun\/teleskobik-sapli-metal-tutucu\/"]}]},{"@type":"BreadcrumbList","@id":"https:\/\/profaj.co\/miknatis\/tr\/urun\/teleskobik-sapli-metal-tutucu\/#breadcrumb","itemListElement":[{"@type":"ListItem","position":1,"name":"Anasayfa","item":"https:\/\/profaj.co\/miknatis\/tr\/anasayfa\/"},{"@type":"ListItem","position":2,"name":"\u00dcr\u00fcnler","item":"https:\/\/profaj.co\/miknatis\/tr\/urunler\/"},{"@type":"ListItem","position":3,"name":"Teleskobik Sapl\u0131 Metal Tutucu"}]},{"@type":"WebSite","@id":"https:\/\/profaj.co\/miknatis\/#website","url":"https:\/\/profaj.co\/miknatis\/","name":"M\u0131knat\u0131s Ar-Ge","description":"","publisher":{"@id":"https:\/\/profaj.co\/miknatis\/#organization"},"potentialAction":[{"@type":"SearchAction","target":{"@type":"EntryPoint","urlTemplate":"https:\/\/profaj.co\/miknatis\/?s={search_term_string}"},"query-input":"required name=search_term_string"}],"inLanguage":"tr"},{"@type":"Organization","@id":"https:\/\/profaj.co\/miknatis\/#organization","name":"M\u0131knat\u0131s Ar-Ge","url":"https:\/\/profaj.co\/miknatis\/","logo":{"@type":"ImageObject","inLanguage":"tr","@id":"https:\/\/profaj.co\/miknatis\/#\/schema\/logo\/image\/","url":"https:\/\/profaj.co\/miknatis\/wp-content\/uploads\/2023\/12\/logo-white.webp","contentUrl":"https:\/\/profaj.co\/miknatis\/wp-content\/uploads\/2023\/12\/logo-white.webp","width":300,"height":266,"caption":"M\u0131knat\u0131s Ar-Ge"},"image":{"@id":"https:\/\/profaj.co\/miknatis\/#\/schema\/logo\/image\/"}}]}},"lang":"tr","translations":{"tr":7315,"en":7319},"pll_sync_post":[],"_links":{"self":[{"href":"https:\/\/profaj.co\/miknatis\/wp-json\/wp\/v2\/product\/7315","targetHints":{"allow":["GET"]}}],"collection":[{"href":"https:\/\/profaj.co\/miknatis\/wp-json\/wp\/v2\/product"}],"about":[{"href":"https:\/\/profaj.co\/miknatis\/wp-json\/wp\/v2\/types\/product"}],"wp:featuredmedia":[{"embeddable":true,"href":"https:\/\/profaj.co\/miknatis\/wp-json\/wp\/v2\/media\/7316"}],"wp:attachment":[{"href":"https:\/\/profaj.co\/miknatis\/wp-json\/wp\/v2\/media?parent=7315"}],"wp:term":[{"taxonomy":"product_cat","embeddable":true,"href":"https:\/\/profaj.co\/miknatis\/wp-json\/wp\/v2\/product_cat?post=7315"},{"taxonomy":"product_tag","embeddable":true,"href":"https:\/\/profaj.co\/miknatis\/wp-json\/wp\/v2\/product_tag?post=7315"}],"curies":[{"name":"wp","href":"https:\/\/api.w.org\/{rel}","templated":true}]}}