{"id":8519,"date":"2024-07-04T15:07:53","date_gmt":"2024-07-04T12:07:53","guid":{"rendered":"https:\/\/profaj.co\/miknatis\/?post_type=product&#038;p=8519"},"modified":"2024-07-04T15:09:32","modified_gmt":"2024-07-04T12:09:32","slug":"ozel-esnek-miknatislar","status":"publish","type":"product","link":"https:\/\/profaj.co\/miknatis\/tr\/urun\/ozel-esnek-miknatislar\/","title":{"rendered":"\u00d6zel Esnek M\u0131knat\u0131slar"},"content":{"rendered":"<p>Esnek m\u0131knat\u0131slar, esnek bir vinil ba\u011flay\u0131c\u0131 ile ferrit m\u0131knat\u0131s tozunun kar\u0131\u015ft\u0131r\u0131lmas\u0131 ile yap\u0131lan d\u00fc\u015f\u00fck maliyetli kal\u0131c\u0131 m\u0131knat\u0131slard\u0131r. Kullan\u0131m\u0131 kolayd\u0131r ve istenen \u00f6zelliklere g\u00f6re \u015fekillendirilebilir. Makas veya b\u0131\u00e7akla kesilebilir, k\u0131vr\u0131labilir, b\u00fck\u00fclebilir, sar\u0131labilir, \u00fczerine bask\u0131 yap\u0131labilir ve serigrafi yap\u0131labilir.<\/p>\n<p>\u00d6zel \u015fekillerde \u00fcretebildi\u011fimiz bu m\u0131knat\u0131slar\u0131n kutup say\u0131lar\u0131n\u0131 ve kutupland\u0131rma \u015fekilleri de istenilen \u015fekilde yap\u0131labilmektedir. Y\u00fczeyde 400-800 Gauss aras\u0131 manyetik ak\u0131 yo\u011funlu\u011funa sahiptir. \u00c7o\u011funlukla; sens\u00f6rler, senkron motorlar, oyuncak motorlar\u0131, mikro elektrik motorlar\u0131 ve r\u00f6lelerde kullan\u0131l\u0131rlar.<\/p>\n<p><strong>\u0130stenen boyut, kutup say\u0131s\u0131 ve geometriye g\u00f6re \u00f6zel esnek m\u0131knat\u0131slar yapabiliyoruz. L\u00fctfen ileti\u015fime ge\u00e7iniz.<\/strong><\/p>\n","protected":false},"excerpt":{"rendered":"<p>Esnek m\u0131knat\u0131slar, esnek bir vinil ba\u011flay\u0131c\u0131 ile ferrit m\u0131knat\u0131s tozunun kar\u0131\u015ft\u0131r\u0131lmas\u0131 ile yap\u0131lan d\u00fc\u015f\u00fck maliyetli kal\u0131c\u0131 m\u0131knat\u0131slard\u0131r.<\/p>\n","protected":false},"featured_media":8520,"template":"","meta":[],"product_cat":[53,57],"product_tag":[],"class_list":["post-8519","product","type-product","status-publish","has-post-thumbnail","hentry","product_cat-miknatislar-ve-potlar","product_cat-esnek-miknatislar"],"acf":[],"yoast_head":"<!-- This site is optimized with the Yoast SEO Premium plugin v22.1 (Yoast SEO v22.1) - https:\/\/yoast.com\/wordpress\/plugins\/seo\/ -->\n<title>\u00d6zel Esnek M\u0131knat\u0131slar - M\u0131knat\u0131s Ar-Ge<\/title>\n<meta name=\"robots\" content=\"index, follow, max-snippet:-1, max-image-preview:large, max-video-preview:-1\" \/>\n<link rel=\"canonical\" href=\"https:\/\/profaj.co\/miknatis\/tr\/urun\/ozel-esnek-miknatislar\/\" \/>\n<meta property=\"og:locale\" content=\"tr_TR\" \/>\n<meta property=\"og:type\" content=\"article\" \/>\n<meta property=\"og:title\" content=\"\u00d6zel Esnek M\u0131knat\u0131slar\" \/>\n<meta property=\"og:description\" content=\"Esnek m\u0131knat\u0131slar, esnek bir vinil ba\u011flay\u0131c\u0131 ile ferrit m\u0131knat\u0131s tozunun kar\u0131\u015ft\u0131r\u0131lmas\u0131 ile yap\u0131lan d\u00fc\u015f\u00fck maliyetli kal\u0131c\u0131 m\u0131knat\u0131slard\u0131r.\" \/>\n<meta property=\"og:url\" content=\"https:\/\/profaj.co\/miknatis\/tr\/urun\/ozel-esnek-miknatislar\/\" \/>\n<meta property=\"og:site_name\" content=\"M\u0131knat\u0131s Ar-Ge\" \/>\n<meta property=\"article:modified_time\" content=\"2024-07-04T12:09:32+00:00\" \/>\n<meta property=\"og:image\" content=\"https:\/\/profaj.co\/miknatis\/wp-content\/uploads\/2024\/07\/miknatis-arge_615427c22bc78.jpg\" \/>\n\t<meta property=\"og:image:width\" content=\"1000\" \/>\n\t<meta property=\"og:image:height\" content=\"1000\" \/>\n\t<meta property=\"og:image:type\" content=\"image\/jpeg\" \/>\n<meta name=\"twitter:card\" content=\"summary_large_image\" \/>\n<meta name=\"twitter:label1\" content=\"Tahmini okuma s\u00fcresi\" \/>\n\t<meta name=\"twitter:data1\" content=\"1 dakika\" \/>\n<script type=\"application\/ld+json\" class=\"yoast-schema-graph\">{\"@context\":\"https:\/\/schema.org\",\"@graph\":[{\"@type\":\"WebPage\",\"@id\":\"https:\/\/profaj.co\/miknatis\/tr\/urun\/ozel-esnek-miknatislar\/\",\"url\":\"https:\/\/profaj.co\/miknatis\/tr\/urun\/ozel-esnek-miknatislar\/\",\"name\":\"\u00d6zel Esnek M\u0131knat\u0131slar - M\u0131knat\u0131s Ar-Ge\",\"isPartOf\":{\"@id\":\"https:\/\/profaj.co\/miknatis\/#website\"},\"datePublished\":\"2024-07-04T12:07:53+00:00\",\"dateModified\":\"2024-07-04T12:09:32+00:00\",\"breadcrumb\":{\"@id\":\"https:\/\/profaj.co\/miknatis\/tr\/urun\/ozel-esnek-miknatislar\/#breadcrumb\"},\"inLanguage\":\"tr\",\"potentialAction\":[{\"@type\":\"ReadAction\",\"target\":[\"https:\/\/profaj.co\/miknatis\/tr\/urun\/ozel-esnek-miknatislar\/\"]}]},{\"@type\":\"BreadcrumbList\",\"@id\":\"https:\/\/profaj.co\/miknatis\/tr\/urun\/ozel-esnek-miknatislar\/#breadcrumb\",\"itemListElement\":[{\"@type\":\"ListItem\",\"position\":1,\"name\":\"Anasayfa\",\"item\":\"https:\/\/profaj.co\/miknatis\/tr\/anasayfa\/\"},{\"@type\":\"ListItem\",\"position\":2,\"name\":\"\u00dcr\u00fcnler\",\"item\":\"https:\/\/profaj.co\/miknatis\/tr\/urunler\/\"},{\"@type\":\"ListItem\",\"position\":3,\"name\":\"\u00d6zel Esnek M\u0131knat\u0131slar\"}]},{\"@type\":\"WebSite\",\"@id\":\"https:\/\/profaj.co\/miknatis\/#website\",\"url\":\"https:\/\/profaj.co\/miknatis\/\",\"name\":\"M\u0131knat\u0131s Ar-Ge\",\"description\":\"\",\"publisher\":{\"@id\":\"https:\/\/profaj.co\/miknatis\/#organization\"},\"potentialAction\":[{\"@type\":\"SearchAction\",\"target\":{\"@type\":\"EntryPoint\",\"urlTemplate\":\"https:\/\/profaj.co\/miknatis\/?s={search_term_string}\"},\"query-input\":\"required name=search_term_string\"}],\"inLanguage\":\"tr\"},{\"@type\":\"Organization\",\"@id\":\"https:\/\/profaj.co\/miknatis\/#organization\",\"name\":\"M\u0131knat\u0131s Ar-Ge\",\"url\":\"https:\/\/profaj.co\/miknatis\/\",\"logo\":{\"@type\":\"ImageObject\",\"inLanguage\":\"tr\",\"@id\":\"https:\/\/profaj.co\/miknatis\/#\/schema\/logo\/image\/\",\"url\":\"https:\/\/profaj.co\/miknatis\/wp-content\/uploads\/2023\/12\/logo-white.webp\",\"contentUrl\":\"https:\/\/profaj.co\/miknatis\/wp-content\/uploads\/2023\/12\/logo-white.webp\",\"width\":300,\"height\":266,\"caption\":\"M\u0131knat\u0131s Ar-Ge\"},\"image\":{\"@id\":\"https:\/\/profaj.co\/miknatis\/#\/schema\/logo\/image\/\"}}]}<\/script>\n<!-- \/ Yoast SEO Premium plugin. -->","yoast_head_json":{"title":"\u00d6zel Esnek M\u0131knat\u0131slar - M\u0131knat\u0131s Ar-Ge","robots":{"index":"index","follow":"follow","max-snippet":"max-snippet:-1","max-image-preview":"max-image-preview:large","max-video-preview":"max-video-preview:-1"},"canonical":"https:\/\/profaj.co\/miknatis\/tr\/urun\/ozel-esnek-miknatislar\/","og_locale":"tr_TR","og_type":"article","og_title":"\u00d6zel Esnek M\u0131knat\u0131slar","og_description":"Esnek m\u0131knat\u0131slar, esnek bir vinil ba\u011flay\u0131c\u0131 ile ferrit m\u0131knat\u0131s tozunun kar\u0131\u015ft\u0131r\u0131lmas\u0131 ile yap\u0131lan d\u00fc\u015f\u00fck maliyetli kal\u0131c\u0131 m\u0131knat\u0131slard\u0131r.","og_url":"https:\/\/profaj.co\/miknatis\/tr\/urun\/ozel-esnek-miknatislar\/","og_site_name":"M\u0131knat\u0131s Ar-Ge","article_modified_time":"2024-07-04T12:09:32+00:00","og_image":[{"width":1000,"height":1000,"url":"https:\/\/profaj.co\/miknatis\/wp-content\/uploads\/2024\/07\/miknatis-arge_615427c22bc78.jpg","type":"image\/jpeg"}],"twitter_card":"summary_large_image","twitter_misc":{"Tahmini okuma s\u00fcresi":"1 dakika"},"schema":{"@context":"https:\/\/schema.org","@graph":[{"@type":"WebPage","@id":"https:\/\/profaj.co\/miknatis\/tr\/urun\/ozel-esnek-miknatislar\/","url":"https:\/\/profaj.co\/miknatis\/tr\/urun\/ozel-esnek-miknatislar\/","name":"\u00d6zel Esnek M\u0131knat\u0131slar - M\u0131knat\u0131s Ar-Ge","isPartOf":{"@id":"https:\/\/profaj.co\/miknatis\/#website"},"datePublished":"2024-07-04T12:07:53+00:00","dateModified":"2024-07-04T12:09:32+00:00","breadcrumb":{"@id":"https:\/\/profaj.co\/miknatis\/tr\/urun\/ozel-esnek-miknatislar\/#breadcrumb"},"inLanguage":"tr","potentialAction":[{"@type":"ReadAction","target":["https:\/\/profaj.co\/miknatis\/tr\/urun\/ozel-esnek-miknatislar\/"]}]},{"@type":"BreadcrumbList","@id":"https:\/\/profaj.co\/miknatis\/tr\/urun\/ozel-esnek-miknatislar\/#breadcrumb","itemListElement":[{"@type":"ListItem","position":1,"name":"Anasayfa","item":"https:\/\/profaj.co\/miknatis\/tr\/anasayfa\/"},{"@type":"ListItem","position":2,"name":"\u00dcr\u00fcnler","item":"https:\/\/profaj.co\/miknatis\/tr\/urunler\/"},{"@type":"ListItem","position":3,"name":"\u00d6zel Esnek M\u0131knat\u0131slar"}]},{"@type":"WebSite","@id":"https:\/\/profaj.co\/miknatis\/#website","url":"https:\/\/profaj.co\/miknatis\/","name":"M\u0131knat\u0131s Ar-Ge","description":"","publisher":{"@id":"https:\/\/profaj.co\/miknatis\/#organization"},"potentialAction":[{"@type":"SearchAction","target":{"@type":"EntryPoint","urlTemplate":"https:\/\/profaj.co\/miknatis\/?s={search_term_string}"},"query-input":"required name=search_term_string"}],"inLanguage":"tr"},{"@type":"Organization","@id":"https:\/\/profaj.co\/miknatis\/#organization","name":"M\u0131knat\u0131s Ar-Ge","url":"https:\/\/profaj.co\/miknatis\/","logo":{"@type":"ImageObject","inLanguage":"tr","@id":"https:\/\/profaj.co\/miknatis\/#\/schema\/logo\/image\/","url":"https:\/\/profaj.co\/miknatis\/wp-content\/uploads\/2023\/12\/logo-white.webp","contentUrl":"https:\/\/profaj.co\/miknatis\/wp-content\/uploads\/2023\/12\/logo-white.webp","width":300,"height":266,"caption":"M\u0131knat\u0131s Ar-Ge"},"image":{"@id":"https:\/\/profaj.co\/miknatis\/#\/schema\/logo\/image\/"}}]}},"lang":"tr","translations":{"tr":8519,"en":8524},"pll_sync_post":[],"_links":{"self":[{"href":"https:\/\/profaj.co\/miknatis\/wp-json\/wp\/v2\/product\/8519","targetHints":{"allow":["GET"]}}],"collection":[{"href":"https:\/\/profaj.co\/miknatis\/wp-json\/wp\/v2\/product"}],"about":[{"href":"https:\/\/profaj.co\/miknatis\/wp-json\/wp\/v2\/types\/product"}],"wp:featuredmedia":[{"embeddable":true,"href":"https:\/\/profaj.co\/miknatis\/wp-json\/wp\/v2\/media\/8520"}],"wp:attachment":[{"href":"https:\/\/profaj.co\/miknatis\/wp-json\/wp\/v2\/media?parent=8519"}],"wp:term":[{"taxonomy":"product_cat","embeddable":true,"href":"https:\/\/profaj.co\/miknatis\/wp-json\/wp\/v2\/product_cat?post=8519"},{"taxonomy":"product_tag","embeddable":true,"href":"https:\/\/profaj.co\/miknatis\/wp-json\/wp\/v2\/product_tag?post=8519"}],"curies":[{"name":"wp","href":"https:\/\/api.w.org\/{rel}","templated":true}]}}