{"id":1169,"date":"2023-03-15T08:46:41","date_gmt":"2023-03-15T08:46:41","guid":{"rendered":"https:\/\/demoapus1.com\/nerf\/?page_id=1169"},"modified":"2023-09-18T08:27:24","modified_gmt":"2023-09-18T08:27:24","slug":"galeri","status":"publish","type":"page","link":"https:\/\/profaj.co\/noran\/galeri\/","title":{"rendered":"Galeri"},"content":{"rendered":"\t\t<div data-elementor-type=\"wp-page\" data-elementor-id=\"1169\" class=\"elementor elementor-1169\" data-elementor-post-type=\"page\">\n\t\t\t\t\t\t\t\t\t<section class=\"elementor-section elementor-top-section elementor-element elementor-element-a49448f elementor-section-content-middle elementor-section-stretched elementor-section-boxed elementor-section-height-default elementor-section-height-default\" data-id=\"a49448f\" data-element_type=\"section\" data-settings=\"{&quot;stretch_section&quot;:&quot;section-stretched&quot;,&quot;background_background&quot;:&quot;classic&quot;}\">\n\t\t\t\t\t\t<div class=\"elementor-container elementor-column-gap-extended\">\n\t\t\t\t\t<div class=\"elementor-column elementor-col-100 elementor-top-column elementor-element elementor-element-88d9ed5 elementor-invisible\" data-id=\"88d9ed5\" data-element_type=\"column\" data-settings=\"{&quot;animation&quot;:&quot;slide-up&quot;}\">\n\t\t\t<div class=\"elementor-widget-wrap elementor-element-populated\">\n\t\t\t\t\t\t\t\t<div class=\"elementor-element elementor-element-79274a6 elementor-widget elementor-widget-heading\" data-id=\"79274a6\" data-element_type=\"widget\" data-widget_type=\"heading.default\">\n\t\t\t\t<div class=\"elementor-widget-container\">\n\t\t\t<style>\/*! elementor - v3.16.0 - 20-09-2023 *\/\n.elementor-heading-title{padding:0;margin:0;line-height:1}.elementor-widget-heading .elementor-heading-title[class*=elementor-size-]>a{color:inherit;font-size:inherit;line-height:inherit}.elementor-widget-heading .elementor-heading-title.elementor-size-small{font-size:15px}.elementor-widget-heading .elementor-heading-title.elementor-size-medium{font-size:19px}.elementor-widget-heading .elementor-heading-title.elementor-size-large{font-size:29px}.elementor-widget-heading .elementor-heading-title.elementor-size-xl{font-size:39px}.elementor-widget-heading .elementor-heading-title.elementor-size-xxl{font-size:59px}<\/style><h2 class=\"elementor-heading-title elementor-size-default\">Noran\u2019\u0131n G\u00f6z Al\u0131c\u0131 Ya\u015fam Alanlar\u0131<\/h2>\t\t<\/div>\n\t\t\t\t<\/div>\n\t\t\t\t\t<\/div>\n\t\t<\/div>\n\t\t\t\t\t\t\t<\/div>\n\t\t<\/section>\n\t\t\t\t<section class=\"elementor-section elementor-top-section elementor-element elementor-element-5c88c4e elementor-section-stretched row-margin-left elementor-section-boxed elementor-section-height-default elementor-section-height-default\" data-id=\"5c88c4e\" data-element_type=\"section\" data-settings=\"{&quot;stretch_section&quot;:&quot;section-stretched&quot;,&quot;background_background&quot;:&quot;classic&quot;}\">\n\t\t\t\t\t\t<div class=\"elementor-container elementor-column-gap-extended\">\n\t\t\t\t\t<div class=\"elementor-column elementor-col-100 elementor-top-column elementor-element elementor-element-e760ef8\" data-id=\"e760ef8\" data-element_type=\"column\">\n\t\t\t<div class=\"elementor-widget-wrap elementor-element-populated\">\n\t\t\t\t\t\t\t\t<div class=\"elementor-element elementor-element-da17df6 elementor-invisible elementor-widget elementor-widget-apus_element_gallery\" data-id=\"da17df6\" data-element_type=\"widget\" data-settings=\"{&quot;columns&quot;:&quot;3&quot;,&quot;slides_to_scroll&quot;:&quot;1&quot;,&quot;_animation&quot;:&quot;slide-up&quot;}\" data-widget_type=\"apus_element_gallery.default\">\n\t\t\t\t<div class=\"elementor-widget-container\">\n\t\t\t            <div class=\"widget-gallery-images  style2\">\n                \n                <div class=\"slick-carousel nofullscreen\"\n                    data-items=\"3\"\n                    data-large=\"2\"\n                    data-medium=\"2\"\n                    data-small=\"1\"\n                    data-smallest=\"1\"\n\n                    data-slidestoscroll=\"1\"\n                    data-slidestoscroll_large=\"1\"\n                    data-slidestoscroll_medium=\"1\"\n                    data-slidestoscroll_small=\"1\"\n                    data-slidestoscroll_smallest=\"1\"\n                                        data-pagination=\"false\" data-nav=\"true\">\n                                              \n                            <div class=\"item\">\n                                <div class=\"image-item position-relative\">\n                                    \n                                                                        <a class=\"d-block position-relative action-img\" href=\"https:\/\/profaj.co\/noran\/wp-content\/uploads\/2023\/09\/galeri1.jpg\" data-elementor-lightbox-slideshow=\"nerf-gallery-2939\">\n                                        <img decoding=\"async\" src=\"https:\/\/profaj.co\/noran\/wp-content\/uploads\/2023\/09\/galeri1.jpg\" alt=\"Image\">\n                                    <\/a>\n                                                                    <\/div>\n                            <\/div>\n                                                                      \n                            <div class=\"item\">\n                                <div class=\"image-item position-relative\">\n                                    \n                                                                        <a class=\"d-block position-relative action-img\" href=\"https:\/\/profaj.co\/noran\/wp-content\/uploads\/2023\/09\/galeri2.jpg\" data-elementor-lightbox-slideshow=\"nerf-gallery-2939\">\n                                        <img decoding=\"async\" src=\"https:\/\/profaj.co\/noran\/wp-content\/uploads\/2023\/09\/galeri2.jpg\" alt=\"Image\">\n                                    <\/a>\n                                                                    <\/div>\n                            <\/div>\n                                                                      \n                            <div class=\"item\">\n                                <div class=\"image-item position-relative\">\n                                    \n                                                                        <a class=\"d-block position-relative action-img\" href=\"https:\/\/profaj.co\/noran\/wp-content\/uploads\/2023\/09\/galeri3.jpg\" data-elementor-lightbox-slideshow=\"nerf-gallery-2939\">\n                                        <img decoding=\"async\" src=\"https:\/\/profaj.co\/noran\/wp-content\/uploads\/2023\/09\/galeri3.jpg\" alt=\"Image\">\n                                    <\/a>\n                                                                    <\/div>\n                            <\/div>\n                                                                      \n                            <div class=\"item\">\n                                <div class=\"image-item position-relative\">\n                                    \n                                                                        <a class=\"d-block position-relative action-img\" href=\"https:\/\/profaj.co\/noran\/wp-content\/uploads\/2023\/09\/galeri4.jpg\" data-elementor-lightbox-slideshow=\"nerf-gallery-2939\">\n                                        <img decoding=\"async\" src=\"https:\/\/profaj.co\/noran\/wp-content\/uploads\/2023\/09\/galeri4.jpg\" alt=\"Image\">\n                                    <\/a>\n                                                                    <\/div>\n                            <\/div>\n                                                                      \n                            <div class=\"item\">\n                                <div class=\"image-item position-relative\">\n                                    \n                                                                        <a class=\"d-block position-relative action-img\" href=\"https:\/\/profaj.co\/noran\/wp-content\/uploads\/2023\/09\/galeri5.jpg\" data-elementor-lightbox-slideshow=\"nerf-gallery-2939\">\n                                        <img decoding=\"async\" src=\"https:\/\/profaj.co\/noran\/wp-content\/uploads\/2023\/09\/galeri5.jpg\" alt=\"Image\">\n                                    <\/a>\n                                                                    <\/div>\n                            <\/div>\n                                                                      \n                            <div class=\"item\">\n                                <div class=\"image-item position-relative\">\n                                    \n                                                                        <a class=\"d-block position-relative action-img\" href=\"https:\/\/profaj.co\/noran\/wp-content\/uploads\/2023\/09\/galeri6.jpg\" data-elementor-lightbox-slideshow=\"nerf-gallery-2939\">\n                                        <img decoding=\"async\" src=\"https:\/\/profaj.co\/noran\/wp-content\/uploads\/2023\/09\/galeri6.jpg\" alt=\"Image\">\n                                    <\/a>\n                                                                    <\/div>\n                            <\/div>\n                                                            <\/div>\n            <\/div>\n            \t\t<\/div>\n\t\t\t\t<\/div>\n\t\t\t\t\t<\/div>\n\t\t<\/div>\n\t\t\t\t\t\t\t<\/div>\n\t\t<\/section>\n\t\t\t\t\t\t\t<\/div>\n\t\t","protected":false},"excerpt":{"rendered":"<p>Noran\u2019\u0131n G\u00f6z Al\u0131c\u0131 Ya\u015fam Alanlar\u0131<\/p>\n","protected":false},"author":1,"featured_media":0,"parent":0,"menu_order":0,"comment_status":"closed","ping_status":"closed","template":"","meta":{"inline_featured_image":false,"footnotes":""},"class_list":["post-1169","page","type-page","status-publish","hentry"],"_links":{"self":[{"href":"https:\/\/profaj.co\/noran\/wp-json\/wp\/v2\/pages\/1169","targetHints":{"allow":["GET"]}}],"collection":[{"href":"https:\/\/profaj.co\/noran\/wp-json\/wp\/v2\/pages"}],"about":[{"href":"https:\/\/profaj.co\/noran\/wp-json\/wp\/v2\/types\/page"}],"author":[{"embeddable":true,"href":"https:\/\/profaj.co\/noran\/wp-json\/wp\/v2\/users\/1"}],"replies":[{"embeddable":true,"href":"https:\/\/profaj.co\/noran\/wp-json\/wp\/v2\/comments?post=1169"}],"version-history":[{"count":21,"href":"https:\/\/profaj.co\/noran\/wp-json\/wp\/v2\/pages\/1169\/revisions"}],"predecessor-version":[{"id":4822,"href":"https:\/\/profaj.co\/noran\/wp-json\/wp\/v2\/pages\/1169\/revisions\/4822"}],"wp:attachment":[{"href":"https:\/\/profaj.co\/noran\/wp-json\/wp\/v2\/media?parent=1169"}],"curies":[{"name":"wp","href":"https:\/\/api.w.org\/{rel}","templated":true}]}}