{"id":66,"date":"2023-03-09T02:28:51","date_gmt":"2023-03-09T02:28:51","guid":{"rendered":"https:\/\/demoapus1.com\/nerf\/?page_id=66"},"modified":"2023-09-22T12:13:10","modified_gmt":"2023-09-22T12:13:10","slug":"hakkimizda","status":"publish","type":"page","link":"https:\/\/profaj.co\/noran\/hakkimizda\/","title":{"rendered":"Hakk\u0131m\u0131zda"},"content":{"rendered":"\t\t<div data-elementor-type=\"wp-page\" data-elementor-id=\"66\" class=\"elementor elementor-66\" data-elementor-post-type=\"page\">\n\t\t\t\t\t\t\t\t\t<section class=\"elementor-section elementor-top-section elementor-element elementor-element-2025def elementor-section-stretched elementor-section-content-middle elementor-section-boxed elementor-section-height-default elementor-section-height-default\" data-id=\"2025def\" data-element_type=\"section\" data-settings=\"{&quot;stretch_section&quot;:&quot;section-stretched&quot;}\">\n\t\t\t\t\t\t<div class=\"elementor-container elementor-column-gap-extended\">\n\t\t\t\t\t<div class=\"elementor-column elementor-col-50 elementor-top-column elementor-element elementor-element-b7f50be\" data-id=\"b7f50be\" data-element_type=\"column\">\n\t\t\t<div class=\"elementor-widget-wrap elementor-element-populated\">\n\t\t\t\t\t\t\t\t<div class=\"elementor-element elementor-element-4d39bd3 elementor-widget elementor-widget-image\" data-id=\"4d39bd3\" data-element_type=\"widget\" data-widget_type=\"image.default\">\n\t\t\t\t<div class=\"elementor-widget-container\">\n\t\t\t<style>\/*! elementor - v3.16.0 - 20-09-2023 *\/\n.elementor-widget-image{text-align:center}.elementor-widget-image a{display:inline-block}.elementor-widget-image a img[src$=\".svg\"]{width:48px}.elementor-widget-image img{vertical-align:middle;display:inline-block}<\/style>\t\t\t\t\t\t\t\t\t\t\t\t<img loading=\"lazy\" decoding=\"async\" width=\"660\" height=\"660\" src=\"https:\/\/profaj.co\/noran\/wp-content\/uploads\/2023\/09\/hakkimizda-1024x1024.jpg\" class=\"attachment-large size-large wp-image-4608\" alt=\"\" srcset=\"https:\/\/profaj.co\/noran\/wp-content\/uploads\/2023\/09\/hakkimizda-1024x1024.jpg 1024w, https:\/\/profaj.co\/noran\/wp-content\/uploads\/2023\/09\/hakkimizda-300x300.jpg 300w, https:\/\/profaj.co\/noran\/wp-content\/uploads\/2023\/09\/hakkimizda-150x150.jpg 150w, https:\/\/profaj.co\/noran\/wp-content\/uploads\/2023\/09\/hakkimizda-768x768.jpg 768w, https:\/\/profaj.co\/noran\/wp-content\/uploads\/2023\/09\/hakkimizda.jpg 1200w\" sizes=\"auto, (max-width: 660px) 100vw, 660px\" \/>\t\t\t\t\t\t\t\t\t\t\t\t\t\t\t<\/div>\n\t\t\t\t<\/div>\n\t\t\t\t\t<\/div>\n\t\t<\/div>\n\t\t\t\t<div class=\"elementor-column elementor-col-50 elementor-top-column elementor-element elementor-element-72424f6\" data-id=\"72424f6\" data-element_type=\"column\">\n\t\t\t<div class=\"elementor-widget-wrap elementor-element-populated\">\n\t\t\t\t\t\t\t\t<div class=\"elementor-element elementor-element-42ab0f5 elementor-invisible elementor-widget elementor-widget-heading\" data-id=\"42ab0f5\" data-element_type=\"widget\" data-settings=\"{&quot;_animation&quot;:&quot;slide-up&quot;}\" data-widget_type=\"heading.default\">\n\t\t\t\t<div class=\"elementor-widget-container\">\n\t\t\t<style>\/*! elementor - v3.16.0 - 20-09-2023 *\/\n.elementor-heading-title{padding:0;margin:0;line-height:1}.elementor-widget-heading .elementor-heading-title[class*=elementor-size-]>a{color:inherit;font-size:inherit;line-height:inherit}.elementor-widget-heading .elementor-heading-title.elementor-size-small{font-size:15px}.elementor-widget-heading .elementor-heading-title.elementor-size-medium{font-size:19px}.elementor-widget-heading .elementor-heading-title.elementor-size-large{font-size:29px}.elementor-widget-heading .elementor-heading-title.elementor-size-xl{font-size:39px}.elementor-widget-heading .elementor-heading-title.elementor-size-xxl{font-size:59px}<\/style><h2 class=\"elementor-heading-title elementor-size-default\">Noran Ya\u015fama <span class=\"text-theme\">De\u011fer Katar<\/span><\/h2>\t\t<\/div>\n\t\t\t\t<\/div>\n\t\t\t\t<div class=\"elementor-element elementor-element-9dad4fb elementor-invisible elementor-widget elementor-widget-text-editor\" data-id=\"9dad4fb\" data-element_type=\"widget\" data-settings=\"{&quot;_animation&quot;:&quot;slide-up&quot;,&quot;_animation_delay&quot;:200}\" data-widget_type=\"text-editor.default\">\n\t\t\t\t<div class=\"elementor-widget-container\">\n\t\t\t<style>\/*! elementor - v3.16.0 - 20-09-2023 *\/\n.elementor-widget-text-editor.elementor-drop-cap-view-stacked .elementor-drop-cap{background-color:#69727d;color:#fff}.elementor-widget-text-editor.elementor-drop-cap-view-framed .elementor-drop-cap{color:#69727d;border:3px solid;background-color:transparent}.elementor-widget-text-editor:not(.elementor-drop-cap-view-default) .elementor-drop-cap{margin-top:8px}.elementor-widget-text-editor:not(.elementor-drop-cap-view-default) .elementor-drop-cap-letter{width:1em;height:1em}.elementor-widget-text-editor .elementor-drop-cap{float:left;text-align:center;line-height:1;font-size:50px}.elementor-widget-text-editor .elementor-drop-cap-letter{display:inline-block}<\/style>\t\t\t\t<p><span style=\"font-weight: 400;\">Noran \u0130n\u015faat, 15 y\u0131l\u0131 a\u015fk\u0131n s\u00fcredir Manisa ve \u00e7evresinde hayata de\u011fer katan projeler geli\u015ftirmektedir. Slogan\u0131m\u0131z olan &#8216;Noran, Ya\u015fama De\u011fer Katar&#8217; s\u00f6z\u00fcn\u00fc sadece bir c\u00fcmle olarak g\u00f6rmeyip, her bir projemizde bu de\u011feri somutla\u015ft\u0131rmay\u0131 ama\u00e7l\u0131yoruz. Kalite, konfor ve s\u00fcrd\u00fcr\u00fclebilirlik; her bir in\u015faat\u0131m\u0131z\u0131n temel ta\u015flar\u0131d\u0131r.<\/span><\/p>\t\t\t\t\t\t<\/div>\n\t\t\t\t<\/div>\n\t\t\t\t<div class=\"elementor-element elementor-element-b2dcefd elementor-invisible elementor-widget elementor-widget-text-editor\" data-id=\"b2dcefd\" data-element_type=\"widget\" data-settings=\"{&quot;_animation&quot;:&quot;slide-up&quot;,&quot;_animation_delay&quot;:300}\" data-widget_type=\"text-editor.default\">\n\t\t\t\t<div class=\"elementor-widget-container\">\n\t\t\t\t\t\t\t<p><span style=\"font-weight: 400;\">\u00c7ok say\u0131da konut, ofis ve ticari projeye imza atm\u0131\u015f bir firma olarak, m\u00fc\u015fteri memnuniyetini ve ya\u015fam kalitesini esas al\u0131r\u0131z. Peyzaj\u0131ndan mimarisine, kullan\u0131lan malzemeden i\u015f\u00e7ili\u011fine kadar her detay\u0131 titizlikle planlar ve hayata ge\u00e7iririz. &#8216;Noran, Ya\u015fama De\u011fer Katar&#8217; felsefesiyle, projelerimizdeki her bir ta\u015f\u0131n, her bir duvar\u0131n ve her bir ya\u015fam alan\u0131n\u0131n de\u011ferli oldu\u011funun bilincindeyiz.<\/span><\/p>\t\t\t\t\t\t<\/div>\n\t\t\t\t<\/div>\n\t\t\t\t\t<\/div>\n\t\t<\/div>\n\t\t\t\t\t\t\t<\/div>\n\t\t<\/section>\n\t\t\t\t<section class=\"elementor-section elementor-top-section elementor-element elementor-element-aa1de98 elementor-section-stretched elementor-section-boxed elementor-section-height-default elementor-section-height-default\" data-id=\"aa1de98\" data-element_type=\"section\" data-settings=\"{&quot;stretch_section&quot;:&quot;section-stretched&quot;}\">\n\t\t\t\t\t\t<div class=\"elementor-container elementor-column-gap-extended\">\n\t\t\t\t\t<div class=\"elementor-column elementor-col-25 elementor-top-column elementor-element elementor-element-bff1288 elementor-invisible\" data-id=\"bff1288\" data-element_type=\"column\" data-settings=\"{&quot;animation&quot;:&quot;slide-up&quot;}\">\n\t\t\t<div class=\"elementor-widget-wrap elementor-element-populated\">\n\t\t\t\t\t\t\t\t<div class=\"elementor-element elementor-element-d3a173d elementor-widget elementor-widget-counter\" data-id=\"d3a173d\" data-element_type=\"widget\" data-widget_type=\"counter.default\">\n\t\t\t\t<div class=\"elementor-widget-container\">\n\t\t\t<style>\/*! elementor - v3.16.0 - 20-09-2023 *\/\n.elementor-counter .elementor-counter-number-wrapper{display:flex;font-size:69px;font-weight:600;line-height:1}.elementor-counter .elementor-counter-number-prefix,.elementor-counter .elementor-counter-number-suffix{flex-grow:1;white-space:pre-wrap}.elementor-counter .elementor-counter-number-prefix{text-align:right}.elementor-counter .elementor-counter-number-suffix{text-align:left}.elementor-counter .elementor-counter-title{text-align:center;font-size:19px;font-weight:400;line-height:2.5}<\/style>\t\t<div class=\"elementor-counter\">\n\t\t\t<div class=\"elementor-counter-number-wrapper\">\n\t\t\t\t<span class=\"elementor-counter-number-prefix\"><\/span>\n\t\t\t\t<span class=\"elementor-counter-number\" data-duration=\"2000\" data-to-value=\"15\" data-from-value=\"0\" data-delimiter=\",\">0<\/span>\n\t\t\t\t<span class=\"elementor-counter-number-suffix\"><\/span>\n\t\t\t<\/div>\n\t\t\t\t\t<\/div>\n\t\t\t\t<\/div>\n\t\t\t\t<\/div>\n\t\t\t\t<div class=\"elementor-element elementor-element-d231d89 elementor-widget__width-auto elementor-absolute elementor-widget elementor-widget-heading\" data-id=\"d231d89\" data-element_type=\"widget\" data-settings=\"{&quot;_position&quot;:&quot;absolute&quot;}\" data-widget_type=\"heading.default\">\n\t\t\t\t<div class=\"elementor-widget-container\">\n\t\t\t<h2 class=\"elementor-heading-title elementor-size-default\">YIL<\/h2>\t\t<\/div>\n\t\t\t\t<\/div>\n\t\t\t\t\t<\/div>\n\t\t<\/div>\n\t\t\t\t<div class=\"elementor-column elementor-col-25 elementor-top-column elementor-element elementor-element-e8b78ff elementor-invisible\" data-id=\"e8b78ff\" data-element_type=\"column\" data-settings=\"{&quot;animation&quot;:&quot;slide-up&quot;,&quot;animation_delay&quot;:150}\">\n\t\t\t<div class=\"elementor-widget-wrap elementor-element-populated\">\n\t\t\t\t\t\t\t\t<div class=\"elementor-element elementor-element-df4fac8 elementor-widget elementor-widget-counter\" data-id=\"df4fac8\" data-element_type=\"widget\" data-widget_type=\"counter.default\">\n\t\t\t\t<div class=\"elementor-widget-container\">\n\t\t\t\t\t<div class=\"elementor-counter\">\n\t\t\t<div class=\"elementor-counter-number-wrapper\">\n\t\t\t\t<span class=\"elementor-counter-number-prefix\"><\/span>\n\t\t\t\t<span class=\"elementor-counter-number\" data-duration=\"2000\" data-to-value=\"20\" data-from-value=\"0\" data-delimiter=\",\">0<\/span>\n\t\t\t\t<span class=\"elementor-counter-number-suffix\">+<\/span>\n\t\t\t<\/div>\n\t\t\t\t\t<\/div>\n\t\t\t\t<\/div>\n\t\t\t\t<\/div>\n\t\t\t\t<div class=\"elementor-element elementor-element-f1bb008 elementor-widget__width-auto elementor-absolute elementor-widget elementor-widget-heading\" data-id=\"f1bb008\" data-element_type=\"widget\" data-settings=\"{&quot;_position&quot;:&quot;absolute&quot;}\" data-widget_type=\"heading.default\">\n\t\t\t\t<div class=\"elementor-widget-container\">\n\t\t\t<h2 class=\"elementor-heading-title elementor-size-default\">PROJE<\/h2>\t\t<\/div>\n\t\t\t\t<\/div>\n\t\t\t\t\t<\/div>\n\t\t<\/div>\n\t\t\t\t<div class=\"elementor-column elementor-col-25 elementor-top-column elementor-element elementor-element-7062eb7 elementor-invisible\" data-id=\"7062eb7\" data-element_type=\"column\" data-settings=\"{&quot;animation&quot;:&quot;slide-up&quot;,&quot;animation_delay&quot;:300}\">\n\t\t\t<div class=\"elementor-widget-wrap elementor-element-populated\">\n\t\t\t\t\t\t\t\t<div class=\"elementor-element elementor-element-db5966e elementor-widget elementor-widget-counter\" data-id=\"db5966e\" data-element_type=\"widget\" data-widget_type=\"counter.default\">\n\t\t\t\t<div class=\"elementor-widget-container\">\n\t\t\t\t\t<div class=\"elementor-counter\">\n\t\t\t<div class=\"elementor-counter-number-wrapper\">\n\t\t\t\t<span class=\"elementor-counter-number-prefix\"><\/span>\n\t\t\t\t<span class=\"elementor-counter-number\" data-duration=\"2000\" data-to-value=\"5000\" data-from-value=\"0\">0<\/span>\n\t\t\t\t<span class=\"elementor-counter-number-suffix\">+<\/span>\n\t\t\t<\/div>\n\t\t\t\t\t<\/div>\n\t\t\t\t<\/div>\n\t\t\t\t<\/div>\n\t\t\t\t<div class=\"elementor-element elementor-element-22078a4 elementor-widget__width-auto elementor-absolute elementor-widget elementor-widget-heading\" data-id=\"22078a4\" data-element_type=\"widget\" data-settings=\"{&quot;_position&quot;:&quot;absolute&quot;}\" data-widget_type=\"heading.default\">\n\t\t\t\t<div class=\"elementor-widget-container\">\n\t\t\t<h2 class=\"elementor-heading-title elementor-size-default\">KONUT<\/h2>\t\t<\/div>\n\t\t\t\t<\/div>\n\t\t\t\t\t<\/div>\n\t\t<\/div>\n\t\t\t\t<div class=\"elementor-column elementor-col-25 elementor-top-column elementor-element elementor-element-da8bffe elementor-invisible\" data-id=\"da8bffe\" data-element_type=\"column\" data-settings=\"{&quot;animation&quot;:&quot;slide-up&quot;,&quot;animation_delay&quot;:450}\">\n\t\t\t<div class=\"elementor-widget-wrap elementor-element-populated\">\n\t\t\t\t\t\t\t\t<div class=\"elementor-element elementor-element-60394bc elementor-widget elementor-widget-counter\" data-id=\"60394bc\" data-element_type=\"widget\" data-widget_type=\"counter.default\">\n\t\t\t\t<div class=\"elementor-widget-container\">\n\t\t\t\t\t<div class=\"elementor-counter\">\n\t\t\t<div class=\"elementor-counter-number-wrapper\">\n\t\t\t\t<span class=\"elementor-counter-number-prefix\"><\/span>\n\t\t\t\t<span class=\"elementor-counter-number\" data-duration=\"2000\" data-to-value=\"500\" data-from-value=\"0\" data-delimiter=\",\">0<\/span>\n\t\t\t\t<span class=\"elementor-counter-number-suffix\">+<\/span>\n\t\t\t<\/div>\n\t\t\t\t\t<\/div>\n\t\t\t\t<\/div>\n\t\t\t\t<\/div>\n\t\t\t\t<div class=\"elementor-element elementor-element-4c4d951 elementor-widget__width-auto elementor-absolute elementor-widget elementor-widget-heading\" data-id=\"4c4d951\" data-element_type=\"widget\" data-settings=\"{&quot;_position&quot;:&quot;absolute&quot;}\" data-widget_type=\"heading.default\">\n\t\t\t\t<div class=\"elementor-widget-container\">\n\t\t\t<h2 class=\"elementor-heading-title elementor-size-default\">T\u0130CAR\u0130 ALAN<\/h2>\t\t<\/div>\n\t\t\t\t<\/div>\n\t\t\t\t\t<\/div>\n\t\t<\/div>\n\t\t\t\t\t\t\t<\/div>\n\t\t<\/section>\n\t\t\t\t<section class=\"elementor-section elementor-top-section elementor-element elementor-element-5a7153e elementor-section-stretched elementor-section-full_width elementor-section-height-default elementor-section-height-default\" data-id=\"5a7153e\" data-element_type=\"section\" data-settings=\"{&quot;stretch_section&quot;:&quot;section-stretched&quot;,&quot;background_background&quot;:&quot;classic&quot;}\">\n\t\t\t\t\t\t<div class=\"elementor-container elementor-column-gap-no\">\n\t\t\t\t\t<div class=\"elementor-column elementor-col-100 elementor-top-column elementor-element elementor-element-7cfc1b0\" data-id=\"7cfc1b0\" data-element_type=\"column\">\n\t\t\t<div class=\"elementor-widget-wrap elementor-element-populated\">\n\t\t\t\t\t\t\t\t<div class=\"elementor-element elementor-element-245a6eb elementor-absolute elementor-widget elementor-widget-heading\" data-id=\"245a6eb\" data-element_type=\"widget\" data-settings=\"{&quot;_position&quot;:&quot;absolute&quot;}\" data-widget_type=\"heading.default\">\n\t\t\t\t<div class=\"elementor-widget-container\">\n\t\t\t<h2 class=\"elementor-heading-title elementor-size-default\"><span class=\"text-theme\">AYRICALIKLARI<\/span>\nKE\u015eFED\u0130N<\/h2>\t\t<\/div>\n\t\t\t\t<\/div>\n\t\t\t\t<div class=\"elementor-element elementor-element-2b8500d elementor-invisible elementor-widget elementor-widget-apus_element_amenities\" data-id=\"2b8500d\" data-element_type=\"widget\" data-settings=\"{&quot;_animation&quot;:&quot;fadeIn&quot;}\" data-widget_type=\"apus_element_amenities.default\">\n\t\t\t\t<div class=\"elementor-widget-container\">\n\t\t\t            <div class=\"widget-amenities \">\n                <div class=\"d-md-flex align-items-center\">\n                    <div class=\"wrapper-amenities-thumbnail d-none d-md-block col-md-6\">\n                        <div class=\"slick-carousel amenities-thumbnail m-0\" data-items=\"1\" data-large=\"1\" data-medium=\"1\" data-small=\"1\" data-smallest=\"1\" data-pagination=\"false\" data-nav=\"false\" data-asnavfor=\".amenities-main\" data-slidestoscroll=\"1\" data-focusonselect=\"true\" data-infinite=\"false\">\n                                                                                                                                <div class=\"amenities-banner p-0\">\n                                        <img decoding=\"async\" src=\"https:\/\/profaj.co\/noran\/wp-content\/uploads\/2023\/09\/peyzaj-alanlari.jpg\" alt=\"Do\u011fan\u0131n \u0130\u00e7inde Huzur: Geni\u015f Peyzaj Alanlar\u0131m\u0131z\">\n                                    <\/div>\n                                                                                                                                                                <div class=\"amenities-banner p-0\">\n                                        <img decoding=\"async\" src=\"https:\/\/profaj.co\/noran\/wp-content\/uploads\/2023\/09\/otopark-alanlari.jpg\" alt=\"Konforunuz ve G\u00fcvenli\u011finiz \u0130\u00e7in Geni\u015f Otopark Se\u00e7enekleri\">\n                                    <\/div>\n                                                                                                                                                                <div class=\"amenities-banner p-0\">\n                                        <img decoding=\"async\" src=\"https:\/\/profaj.co\/noran\/wp-content\/uploads\/2023\/09\/spor-alanlari.jpg\" alt=\"Aktif Bir Ya\u015fam Tarz\u0131 \u0130\u00e7in Modern Spor Alanlar\u0131m\u0131z\">\n                                    <\/div>\n                                                                                                                                                                <div class=\"amenities-banner p-0\">\n                                        <img decoding=\"async\" src=\"https:\/\/profaj.co\/noran\/wp-content\/uploads\/2023\/09\/yuzme-alanlari.jpg\" alt=\"Sonsuz Maviye Ad\u0131m At\u0131n: \u00d6zel Y\u00fczme Havuzlar\u0131m\u0131zla Tan\u0131\u015f\u0131n\">\n                                    <\/div>\n                                                                                    <\/div>\n                    <\/div>\n\n                    <div class=\"slick-carousel amenities-main col-md-6 col-12 m-0\" data-items=\"1\" data-large=\"1\" data-medium=\"1\" data-small=\"1\" data-smallest=\"1\" data-pagination=\"false\" data-nav=\"true\" data-asnavfor=\".amenities-thumbnail\" data-slickparent=\"true\">\n                                                                                \n                            <div class=\"amenities-item p-0\">\n                                <h3 class=\"name-client\">Do\u011fan\u0131n \u0130\u00e7inde Huzur: Geni\u015f Peyzaj Alanlar\u0131m\u0131z<\/h3>                                                                                                    <div class=\"description\">Noran \u0130n\u015faat'\u0131n projeleri, do\u011fa ile i\u00e7 i\u00e7e ya\u015fam\u0131n ayr\u0131cal\u0131\u011f\u0131n\u0131 sunar. Geni\u015f peyzaj alanlar\u0131m\u0131z, sizin ve sevdikleriniz i\u00e7in huzur dolu bir ka\u00e7\u0131\u015f sunar. Ye\u015fil \u00e7imler, a\u011fa\u00e7lar ve \u00e7i\u00e7eklerle \u00e7evrili bu alanlarda, do\u011fan\u0131n g\u00fczelliklerini her g\u00fcn deneyimleyebilirsiniz. A\u00e7\u0131k havada y\u00fcr\u00fcy\u00fc\u015f yapabilir, piknikler d\u00fczenleyebilir veya sadece manzaran\u0131n tad\u0131n\u0131 \u00e7\u0131karabilirsiniz.<\/div>\n                                                            <\/div>\n                                                                                \n                            <div class=\"amenities-item p-0\">\n                                <h3 class=\"name-client\">Konforunuz ve G\u00fcvenli\u011finiz \u0130\u00e7in Geni\u015f Otopark Se\u00e7enekleri<\/h3>                                                                                                    <div class=\"description\">Noran \u0130n\u015faat olarak sizin konforunuz ve g\u00fcvenli\u011finiz her \u015feyden \u00f6nemli. Projelerimizde sunulan geni\u015f a\u00e7\u0131k ve kapal\u0131 otopark se\u00e7enekleri ile ara\u00e7lar\u0131n\u0131z\u0131 rahatl\u0131kla park edebilir ve g\u00fcvende tutabilirsiniz. A\u00e7\u0131k otoparklar, ferah ve kolay eri\u015fim sunarken, kapal\u0131 otoparklar ara\u00e7lar\u0131n\u0131z\u0131 hava ko\u015fullar\u0131ndan korur.<\/div>\n                                                            <\/div>\n                                                                                \n                            <div class=\"amenities-item p-0\">\n                                <h3 class=\"name-client\">Aktif Bir Ya\u015fam Tarz\u0131 \u0130\u00e7in Modern Spor Alanlar\u0131m\u0131z<\/h3>                                                                                                    <div class=\"description\">Noran \u0130n\u015faat olarak, sa\u011fl\u0131kl\u0131 bir ya\u015fam tarz\u0131n\u0131 te\u015fvik ediyoruz. Projelerimizdeki modern spor alanlar\u0131, aktif olman\u0131z\u0131 ve formunuzu koruman\u0131z\u0131 destekler. Fitness sahalar\u0131, tenis kortlar\u0131, basketbol sahalar\u0131 ve daha fazlas\u0131, spor yapma tutkunlar\u0131n\u0131 bekliyor.<\/div>\n                                                            <\/div>\n                                                                                \n                            <div class=\"amenities-item p-0\">\n                                <h3 class=\"name-client\">Sonsuz Maviye Ad\u0131m At\u0131n: \u00d6zel Y\u00fczme Havuzlar\u0131m\u0131zla Tan\u0131\u015f\u0131n<\/h3>                                                                                                    <div class=\"description\">Noran \u0130n\u015faat'\u0131n e\u015fsiz projelerinde bulunan \u00f6zel y\u00fczme havuzlar\u0131, sadece birer havuzdan \u00e7ok daha fazlas\u0131n\u0131 temsil ediyor. Mavi serinlik, rahatlama ve sa\u011fl\u0131kl\u0131 ya\u015fam\u0131n tam kalbinde sizleri bekliyor.<\/div>\n                                                            <\/div>\n                                            <\/div>\n                <\/div>\n            <\/div>\n            \t\t<\/div>\n\t\t\t\t<\/div>\n\t\t\t\t\t<\/div>\n\t\t<\/div>\n\t\t\t\t\t\t\t<\/div>\n\t\t<\/section>\n\t\t\t\t<section class=\"elementor-section elementor-top-section elementor-element elementor-element-30cb129 elementor-section-content-middle elementor-section-stretched elementor-section-boxed elementor-section-height-default elementor-section-height-default\" data-id=\"30cb129\" data-element_type=\"section\" data-settings=\"{&quot;background_background&quot;:&quot;classic&quot;,&quot;stretch_section&quot;:&quot;section-stretched&quot;}\">\n\t\t\t\t\t\t<div class=\"elementor-container elementor-column-gap-extended\">\n\t\t\t\t\t<div class=\"elementor-column elementor-col-50 elementor-top-column elementor-element elementor-element-95054ed elementor-invisible\" data-id=\"95054ed\" data-element_type=\"column\" data-settings=\"{&quot;animation&quot;:&quot;slide-up&quot;}\">\n\t\t\t<div class=\"elementor-widget-wrap elementor-element-populated\">\n\t\t\t\t\t\t\t\t<div class=\"elementor-element elementor-element-33f8814 elementor-widget elementor-widget-heading\" data-id=\"33f8814\" data-element_type=\"widget\" data-widget_type=\"heading.default\">\n\t\t\t\t<div class=\"elementor-widget-container\">\n\t\t\t<h2 class=\"elementor-heading-title elementor-size-default\">Hayalinizdeki Yap\u0131y\u0131 Birlikte \u0130n\u015fa Edelim!<\/h2>\t\t<\/div>\n\t\t\t\t<\/div>\n\t\t\t\t<div class=\"elementor-element elementor-element-f97a5ae elementor-widget elementor-widget-text-editor\" data-id=\"f97a5ae\" data-element_type=\"widget\" data-widget_type=\"text-editor.default\">\n\t\t\t\t<div class=\"elementor-widget-container\">\n\t\t\t\t\t\t\t<p>Merak etti\u011finiz herhangi bir konu, soru ya da \u00f6neriniz i\u00e7in bizimle ileti\u015fime ge\u00e7ebilirsiniz.\u00a0 Sizinle ileti\u015fime ge\u00e7meyi sab\u0131rs\u0131zl\u0131kla bekliyoruz!<\/p>\t\t\t\t\t\t<\/div>\n\t\t\t\t<\/div>\n\t\t\t\t\t<\/div>\n\t\t<\/div>\n\t\t\t\t<div class=\"elementor-column elementor-col-50 elementor-top-column elementor-element elementor-element-2acb794\" data-id=\"2acb794\" data-element_type=\"column\">\n\t\t\t<div class=\"elementor-widget-wrap elementor-element-populated\">\n\t\t\t\t\t\t\t\t<div class=\"elementor-element elementor-element-dfc5735 elementor-align-right elementor-mobile-align-left elementor-invisible elementor-widget elementor-widget-button\" data-id=\"dfc5735\" data-element_type=\"widget\" data-settings=\"{&quot;_animation&quot;:&quot;scale&quot;,&quot;_animation_delay&quot;:200}\" data-widget_type=\"button.default\">\n\t\t\t\t<div class=\"elementor-widget-container\">\n\t\t\t\t\t<div class=\"elementor-button-wrapper\">\n\t\t\t<a class=\"elementor-button elementor-button-link elementor-size-sm\" href=\"#\">\n\t\t\t\t\t\t<span class=\"elementor-button-content-wrapper\">\n\t\t\t\t\t\t<span class=\"elementor-button-text\">\u0130leti\u015fime ge\u00e7iniz!<\/span>\n\t\t<\/span>\n\t\t\t\t\t<\/a>\n\t\t<\/div>\n\t\t\t\t<\/div>\n\t\t\t\t<\/div>\n\t\t\t\t\t<\/div>\n\t\t<\/div>\n\t\t\t\t\t\t\t<\/div>\n\t\t<\/section>\n\t\t\t\t\t\t\t<\/div>\n\t\t","protected":false},"excerpt":{"rendered":"<p>Noran Ya\u015fama De\u011fer Katar Noran \u0130n\u015faat, 15 y\u0131l\u0131 a\u015fk\u0131n s\u00fcredir Manisa ve \u00e7evresinde hayata de\u011fer katan projeler geli\u015ftirmektedir. Slogan\u0131m\u0131z olan &#8216;Noran, Ya\u015fama De\u011fer Katar&#8217; s\u00f6z\u00fcn\u00fc sadece bir c\u00fcmle olarak g\u00f6rmeyip, her bir projemizde bu de\u011feri somutla\u015ft\u0131rmay\u0131 ama\u00e7l\u0131yoruz. Kalite, konfor ve s\u00fcrd\u00fcr\u00fclebilirlik; her bir in\u015faat\u0131m\u0131z\u0131n temel ta\u015flar\u0131d\u0131r. \u00c7ok say\u0131da konut, ofis ve ticari projeye imza atm\u0131\u015f [&hellip;]<\/p>\n","protected":false},"author":1,"featured_media":0,"parent":0,"menu_order":0,"comment_status":"closed","ping_status":"closed","template":"","meta":{"inline_featured_image":false,"footnotes":""},"class_list":["post-66","page","type-page","status-publish","hentry"],"_links":{"self":[{"href":"https:\/\/profaj.co\/noran\/wp-json\/wp\/v2\/pages\/66","targetHints":{"allow":["GET"]}}],"collection":[{"href":"https:\/\/profaj.co\/noran\/wp-json\/wp\/v2\/pages"}],"about":[{"href":"https:\/\/profaj.co\/noran\/wp-json\/wp\/v2\/types\/page"}],"author":[{"embeddable":true,"href":"https:\/\/profaj.co\/noran\/wp-json\/wp\/v2\/users\/1"}],"replies":[{"embeddable":true,"href":"https:\/\/profaj.co\/noran\/wp-json\/wp\/v2\/comments?post=66"}],"version-history":[{"count":85,"href":"https:\/\/profaj.co\/noran\/wp-json\/wp\/v2\/pages\/66\/revisions"}],"predecessor-version":[{"id":5142,"href":"https:\/\/profaj.co\/noran\/wp-json\/wp\/v2\/pages\/66\/revisions\/5142"}],"wp:attachment":[{"href":"https:\/\/profaj.co\/noran\/wp-json\/wp\/v2\/media?parent=66"}],"curies":[{"name":"wp","href":"https:\/\/api.w.org\/{rel}","templated":true}]}}