{"id":2143,"date":"2024-03-14T08:53:09","date_gmt":"2024-03-14T08:53:09","guid":{"rendered":"https:\/\/profaj.co\/tordemir\/sustainability\/"},"modified":"2024-04-24T07:26:48","modified_gmt":"2024-04-24T07:26:48","slug":"surdurulebilirlik","status":"publish","type":"page","link":"https:\/\/profaj.co\/tordemir\/tr\/surdurulebilirlik\/","title":{"rendered":"S\u00fcrd\u00fcr\u00fclebilirlik"},"content":{"rendered":"\t\t<div data-elementor-type=\"wp-page\" data-elementor-id=\"2143\" class=\"elementor elementor-2143 elementor-956\" data-elementor-post-type=\"page\">\n\t\t\t\t\t\t\t<div class=\"elementor-element elementor-element-71fa5e46 e-flex e-con-boxed e-con e-parent\" data-id=\"71fa5e46\" data-element_type=\"container\" data-settings=\"{&quot;background_background&quot;:&quot;classic&quot;,&quot;content_width&quot;:&quot;boxed&quot;}\" data-core-v316-plus=\"true\">\n\t\t\t\t\t<div class=\"e-con-inner\">\n\t\t<div class=\"elementor-element elementor-element-7cf6d42b e-con-full e-flex e-con e-child\" data-id=\"7cf6d42b\" data-element_type=\"container\" data-settings=\"{&quot;content_width&quot;:&quot;full&quot;}\">\n\t\t<div class=\"elementor-element elementor-element-4035d15b e-con-full e-flex e-con e-child\" data-id=\"4035d15b\" data-element_type=\"container\" data-settings=\"{&quot;content_width&quot;:&quot;full&quot;}\">\n\t\t\t\t<\/div>\n\t\t\t\t<\/div>\n\t\t\t\t\t<\/div>\n\t\t\t\t<\/div>\n\t\t<div class=\"elementor-element elementor-element-e55a6b8 e-flex e-con-boxed e-con e-parent\" data-id=\"e55a6b8\" data-element_type=\"container\" data-settings=\"{&quot;content_width&quot;:&quot;boxed&quot;}\" data-core-v316-plus=\"true\">\n\t\t\t\t\t<div class=\"e-con-inner\">\n\t\t\t\t<div class=\"elementor-element elementor-element-ae80a4e elementor-widget elementor-widget-heading\" data-id=\"ae80a4e\" data-element_type=\"widget\" data-widget_type=\"heading.default\">\n\t\t\t\t<div class=\"elementor-widget-container\">\n\t\t\t<style>\/*! elementor - v3.18.0 - 08-12-2023 *\/\n.elementor-heading-title{padding:0;margin:0;line-height:1}.elementor-widget-heading .elementor-heading-title[class*=elementor-size-]>a{color:inherit;font-size:inherit;line-height:inherit}.elementor-widget-heading .elementor-heading-title.elementor-size-small{font-size:15px}.elementor-widget-heading .elementor-heading-title.elementor-size-medium{font-size:19px}.elementor-widget-heading .elementor-heading-title.elementor-size-large{font-size:29px}.elementor-widget-heading .elementor-heading-title.elementor-size-xl{font-size:39px}.elementor-widget-heading .elementor-heading-title.elementor-size-xxl{font-size:59px}<\/style><h2 class=\"elementor-heading-title elementor-size-default\">S\u00fcrd\u00fcr\u00fclebilirlik: Gelece\u011fe Yat\u0131r\u0131m\u0131m\u0131z<\/h2>\t\t<\/div>\n\t\t\t\t<\/div>\n\t\t\t\t<div class=\"elementor-element elementor-element-3eb15db elementor-widget elementor-widget-image\" data-id=\"3eb15db\" data-element_type=\"widget\" data-widget_type=\"image.default\">\n\t\t\t\t<div class=\"elementor-widget-container\">\n\t\t\t<style>\/*! elementor - v3.18.0 - 08-12-2023 *\/\n.elementor-widget-image{text-align:center}.elementor-widget-image a{display:inline-block}.elementor-widget-image a img[src$=\".svg\"]{width:48px}.elementor-widget-image img{vertical-align:middle;display:inline-block}<\/style>\t\t\t\t\t\t\t\t\t\t\t\t<img fetchpriority=\"high\" decoding=\"async\" width=\"1240\" height=\"400\" src=\"https:\/\/profaj.co\/tordemir\/wp-content\/uploads\/2024\/03\/sustainability-1.jpg\" class=\"attachment-full size-full wp-image-1056\" alt=\"\" srcset=\"https:\/\/profaj.co\/tordemir\/wp-content\/uploads\/2024\/03\/sustainability-1.jpg 1240w, https:\/\/profaj.co\/tordemir\/wp-content\/uploads\/2024\/03\/sustainability-1-300x97.jpg 300w, https:\/\/profaj.co\/tordemir\/wp-content\/uploads\/2024\/03\/sustainability-1-1024x330.jpg 1024w, https:\/\/profaj.co\/tordemir\/wp-content\/uploads\/2024\/03\/sustainability-1-768x248.jpg 768w\" sizes=\"(max-width: 1240px) 100vw, 1240px\" \/>\t\t\t\t\t\t\t\t\t\t\t\t\t\t\t<\/div>\n\t\t\t\t<\/div>\n\t\t\t\t<div class=\"elementor-element elementor-element-7a3c790 elementor-widget elementor-widget-text-editor\" data-id=\"7a3c790\" data-element_type=\"widget\" data-widget_type=\"text-editor.default\">\n\t\t\t\t<div class=\"elementor-widget-container\">\n\t\t\t<style>\/*! elementor - v3.18.0 - 08-12-2023 *\/\n.elementor-widget-text-editor.elementor-drop-cap-view-stacked .elementor-drop-cap{background-color:#69727d;color:#fff}.elementor-widget-text-editor.elementor-drop-cap-view-framed .elementor-drop-cap{color:#69727d;border:3px solid;background-color:transparent}.elementor-widget-text-editor:not(.elementor-drop-cap-view-default) .elementor-drop-cap{margin-top:8px}.elementor-widget-text-editor:not(.elementor-drop-cap-view-default) .elementor-drop-cap-letter{width:1em;height:1em}.elementor-widget-text-editor .elementor-drop-cap{float:left;text-align:center;line-height:1;font-size:50px}.elementor-widget-text-editor .elementor-drop-cap-letter{display:inline-block}<\/style>\t\t\t\t<h5><strong>Tor Industry olarak, S\u00fcrd\u00fcr\u00fclebilir Bir Gelece\u011fe Taahh\u00fct Ediyoruz<\/strong><\/h5><p>Tor Industry olarak, i\u015fletmelerimizi \u00e7evresel, ekonomik ve sosyal s\u00fcrd\u00fcr\u00fclebilirlik \u00fczerine in\u015fa ederek gelecek nesiller i\u00e7in daha iyi bir d\u00fcnya yaratmay\u0131 ama\u00e7l\u0131yoruz. Sorumlu i\u015f uygulamalar\u0131 ve yenilik\u00e7i \u00e7\u00f6z\u00fcmlerle \u00e7evresel etkimizi azaltmaya kararl\u0131y\u0131z.<\/p><h5><strong>S\u00fcrd\u00fcr\u00fclebilir Nakliye ve Ula\u015f\u0131m<\/strong><\/h5><p>Ye\u015fil Lojistik: \u00dcr\u00fcn teslimatlar\u0131m\u0131z\u0131n \u00e7evresel etkisini en aza indirmek i\u00e7in g\u00f6nderileri benzer konumlara konsolide ediyor ve karbon emisyonu daha d\u00fc\u015f\u00fck olan deniz ta\u015f\u0131mac\u0131l\u0131\u011f\u0131n\u0131 tercih ediyoruz.<\/p><h5><strong>Ekolojik Yakla\u015f\u0131mlar<\/strong><\/h5><p>At\u0131k Y\u00f6netimi ve Kaynak Verimlili\u011fi: S\u0131f\u0131r at\u0131k y\u00f6netim anlay\u0131\u015f\u0131m\u0131z, at\u0131k miktar\u0131n\u0131 azaltma, yeniden kullanma ve geri d\u00f6n\u00fc\u015f\u00fcm \u00fczerine kuruludur. Enerji verimlili\u011fine odaklanarak at\u0131k olu\u015fumunu en aza indirmeyi ve \u00e7evresel izimizi azaltmay\u0131 hedefliyoruz.<\/p><h5><strong>Sosyal Sorumluluk ve Toplum Katk\u0131s\u0131<\/strong><\/h5><p>Toplum Katk\u0131s\u0131: Tor Industry, \u00e7e\u015fitli sosyal sorumluluk projeleri arac\u0131l\u0131\u011f\u0131yla toplumun s\u00fcrd\u00fcr\u00fclebilir kalk\u0131nmas\u0131na aktif olarak katk\u0131da bulunmaktad\u0131r. \u0130\u015fbirliklerini, e\u011fitim programlar\u0131n\u0131 ve yerel giri\u015fimleri destekleyerek toplumla olan ba\u011flar\u0131m\u0131z\u0131 g\u00fc\u00e7lendiriyoruz.<\/p><h5><strong>\u00c7al\u0131\u015fan Kat\u0131l\u0131m\u0131<\/strong><\/h5><p>E\u011fitim ve Fark\u0131ndal\u0131k: S\u00fcrd\u00fcr\u00fclebilirlik vizyonumuz, \u00e7al\u0131\u015fanlar\u0131m\u0131z\u0131n e\u011fitimi ve kat\u0131l\u0131m\u0131yla g\u00fc\u00e7lenmektedir. S\u00fcrd\u00fcr\u00fclebilir uygulamalar ve \u00e7evre fark\u0131ndal\u0131\u011f\u0131 konusunda d\u00fczenli e\u011fitimler sa\u011flayarak, bu yolda birlikte ilerliyoruz.<\/p><h5><strong>\u015eeffafl\u0131k ve Hesap Verebilirlik<\/strong><\/h5><p>S\u00fcrd\u00fcr\u00fclebilirlik Raporlama: Faaliyetlerimizin \u00e7evresel, sosyal ve ekonomik etkilerini d\u00fczenli olarak de\u011ferlendiriyor ve \u015feffaf bir \u015fekilde payla\u015f\u0131yoruz. S\u00fcrd\u00fcr\u00fclebilirlik raporlar\u0131m\u0131z, bu alandaki taahh\u00fctlerimizi yans\u0131tmaktad\u0131r.<\/p>\t\t\t\t\t\t<\/div>\n\t\t\t\t<\/div>\n\t\t\t\t\t<\/div>\n\t\t\t\t<\/div>\n\t\t\t\t\t\t\t<\/div>\n\t\t","protected":false},"excerpt":{"rendered":"<p>S\u00fcrd\u00fcr\u00fclebilirlik: Gelece\u011fe Yat\u0131r\u0131m\u0131m\u0131z Tor Industry olarak, S\u00fcrd\u00fcr\u00fclebilir Bir Gelece\u011fe Taahh\u00fct Ediyoruz Tor Industry olarak, i\u015fletmelerimizi \u00e7evresel, ekonomik ve sosyal s\u00fcrd\u00fcr\u00fclebilirlik \u00fczerine in\u015fa ederek gelecek nesiller i\u00e7in daha iyi bir d\u00fcnya yaratmay\u0131 ama\u00e7l\u0131yoruz. Sorumlu i\u015f uygulamalar\u0131 ve yenilik\u00e7i \u00e7\u00f6z\u00fcmlerle \u00e7evresel etkimizi azaltmaya kararl\u0131y\u0131z. S\u00fcrd\u00fcr\u00fclebilir Nakliye ve Ula\u015f\u0131m Ye\u015fil Lojistik: \u00dcr\u00fcn teslimatlar\u0131m\u0131z\u0131n \u00e7evresel etkisini en aza indirmek [&hellip;]<\/p>\n","protected":false},"author":1,"featured_media":0,"parent":0,"menu_order":0,"comment_status":"closed","ping_status":"closed","template":"elementor_header_footer","meta":{"footnotes":""},"class_list":["post-2143","page","type-page","status-publish","hentry"],"acf":[],"_links":{"self":[{"href":"https:\/\/profaj.co\/tordemir\/tr\/wp-json\/wp\/v2\/pages\/2143","targetHints":{"allow":["GET"]}}],"collection":[{"href":"https:\/\/profaj.co\/tordemir\/tr\/wp-json\/wp\/v2\/pages"}],"about":[{"href":"https:\/\/profaj.co\/tordemir\/tr\/wp-json\/wp\/v2\/types\/page"}],"author":[{"embeddable":true,"href":"https:\/\/profaj.co\/tordemir\/tr\/wp-json\/wp\/v2\/users\/1"}],"replies":[{"embeddable":true,"href":"https:\/\/profaj.co\/tordemir\/tr\/wp-json\/wp\/v2\/comments?post=2143"}],"version-history":[{"count":4,"href":"https:\/\/profaj.co\/tordemir\/tr\/wp-json\/wp\/v2\/pages\/2143\/revisions"}],"predecessor-version":[{"id":2147,"href":"https:\/\/profaj.co\/tordemir\/tr\/wp-json\/wp\/v2\/pages\/2143\/revisions\/2147"}],"wp:attachment":[{"href":"https:\/\/profaj.co\/tordemir\/tr\/wp-json\/wp\/v2\/media?parent=2143"}],"curies":[{"name":"wp","href":"https:\/\/api.w.org\/{rel}","templated":true}]}}