{"id":2157,"date":"2024-03-14T08:57:06","date_gmt":"2024-03-14T08:57:06","guid":{"rendered":"https:\/\/profaj.co\/tordemir\/customer-relations\/"},"modified":"2024-04-24T07:32:14","modified_gmt":"2024-04-24T07:32:14","slug":"musteri-iliskileri","status":"publish","type":"page","link":"https:\/\/profaj.co\/tordemir\/tr\/musteri-iliskileri\/","title":{"rendered":"M\u00fc\u015fteri \u0130li\u015fkileri"},"content":{"rendered":"\t\t<div data-elementor-type=\"wp-page\" data-elementor-id=\"2157\" class=\"elementor elementor-2157 elementor-968\" data-elementor-post-type=\"page\">\n\t\t\t\t\t\t\t<div class=\"elementor-element elementor-element-71fa5e46 e-flex e-con-boxed e-con e-parent\" data-id=\"71fa5e46\" data-element_type=\"container\" data-settings=\"{&quot;background_background&quot;:&quot;classic&quot;,&quot;content_width&quot;:&quot;boxed&quot;}\" data-core-v316-plus=\"true\">\n\t\t\t\t\t<div class=\"e-con-inner\">\n\t\t<div class=\"elementor-element elementor-element-7cf6d42b e-con-full e-flex e-con e-child\" data-id=\"7cf6d42b\" data-element_type=\"container\" data-settings=\"{&quot;content_width&quot;:&quot;full&quot;}\">\n\t\t<div class=\"elementor-element elementor-element-4035d15b e-con-full e-flex e-con e-child\" data-id=\"4035d15b\" data-element_type=\"container\" data-settings=\"{&quot;content_width&quot;:&quot;full&quot;}\">\n\t\t\t\t<div class=\"elementor-element elementor-element-1b1e89d elementor-widget elementor-widget-heading\" data-id=\"1b1e89d\" data-element_type=\"widget\" data-widget_type=\"heading.default\">\n\t\t\t\t<div class=\"elementor-widget-container\">\n\t\t\t<style>\/*! elementor - v3.18.0 - 08-12-2023 *\/\n.elementor-heading-title{padding:0;margin:0;line-height:1}.elementor-widget-heading .elementor-heading-title[class*=elementor-size-]>a{color:inherit;font-size:inherit;line-height:inherit}.elementor-widget-heading .elementor-heading-title.elementor-size-small{font-size:15px}.elementor-widget-heading .elementor-heading-title.elementor-size-medium{font-size:19px}.elementor-widget-heading .elementor-heading-title.elementor-size-large{font-size:29px}.elementor-widget-heading .elementor-heading-title.elementor-size-xl{font-size:39px}.elementor-widget-heading .elementor-heading-title.elementor-size-xxl{font-size:59px}<\/style><h2 class=\"elementor-heading-title elementor-size-default\">M\u00dc\u015eTER\u0130 \u0130L\u0130\u015eK\u0130LER\u0130<\/h2>\t\t<\/div>\n\t\t\t\t<\/div>\n\t\t\t\t<\/div>\n\t\t\t\t<\/div>\n\t\t\t\t\t<\/div>\n\t\t\t\t<\/div>\n\t\t<div class=\"elementor-element elementor-element-30e0cb10 e-flex e-con-boxed e-con e-parent\" data-id=\"30e0cb10\" data-element_type=\"container\" data-settings=\"{&quot;background_background&quot;:&quot;classic&quot;,&quot;content_width&quot;:&quot;boxed&quot;}\" data-core-v316-plus=\"true\">\n\t\t\t\t\t<div class=\"e-con-inner\">\n\t\t<div class=\"elementor-element elementor-element-79538548 e-con-full e-flex e-con e-child\" data-id=\"79538548\" data-element_type=\"container\" data-settings=\"{&quot;content_width&quot;:&quot;full&quot;}\">\n\t\t<div class=\"elementor-element elementor-element-666a5e92 e-con-full e-flex elementor-invisible e-con e-child\" data-id=\"666a5e92\" data-element_type=\"container\" data-settings=\"{&quot;animation_mobile&quot;:&quot;none&quot;,&quot;animation&quot;:&quot;slideInUp&quot;,&quot;content_width&quot;:&quot;full&quot;}\">\n\t\t<div class=\"elementor-element elementor-element-4d22d788 e-con-full e-flex e-con e-child\" data-id=\"4d22d788\" data-element_type=\"container\" data-settings=\"{&quot;content_width&quot;:&quot;full&quot;}\">\n\t\t\t\t<div class=\"elementor-element elementor-element-e3a1f3a elementor-widget elementor-widget-image\" data-id=\"e3a1f3a\" data-element_type=\"widget\" data-widget_type=\"image.default\">\n\t\t\t\t<div class=\"elementor-widget-container\">\n\t\t\t<style>\/*! elementor - v3.18.0 - 08-12-2023 *\/\n.elementor-widget-image{text-align:center}.elementor-widget-image a{display:inline-block}.elementor-widget-image a img[src$=\".svg\"]{width:48px}.elementor-widget-image img{vertical-align:middle;display:inline-block}<\/style>\t\t\t\t\t\t\t\t\t\t\t\t<img fetchpriority=\"high\" decoding=\"async\" width=\"1240\" height=\"400\" src=\"https:\/\/profaj.co\/tordemir\/wp-content\/uploads\/2024\/03\/customer-relations.jpg\" class=\"attachment-full size-full wp-image-1061\" alt=\"\" srcset=\"https:\/\/profaj.co\/tordemir\/wp-content\/uploads\/2024\/03\/customer-relations.jpg 1240w, https:\/\/profaj.co\/tordemir\/wp-content\/uploads\/2024\/03\/customer-relations-300x97.jpg 300w, https:\/\/profaj.co\/tordemir\/wp-content\/uploads\/2024\/03\/customer-relations-1024x330.jpg 1024w, https:\/\/profaj.co\/tordemir\/wp-content\/uploads\/2024\/03\/customer-relations-768x248.jpg 768w\" sizes=\"(max-width: 1240px) 100vw, 1240px\" \/>\t\t\t\t\t\t\t\t\t\t\t\t\t\t\t<\/div>\n\t\t\t\t<\/div>\n\t\t\t\t<div class=\"elementor-element elementor-element-5e89002e elementor-widget elementor-widget-text-editor\" data-id=\"5e89002e\" data-element_type=\"widget\" data-widget_type=\"text-editor.default\">\n\t\t\t\t<div class=\"elementor-widget-container\">\n\t\t\t<style>\/*! elementor - v3.18.0 - 08-12-2023 *\/\n.elementor-widget-text-editor.elementor-drop-cap-view-stacked .elementor-drop-cap{background-color:#69727d;color:#fff}.elementor-widget-text-editor.elementor-drop-cap-view-framed .elementor-drop-cap{color:#69727d;border:3px solid;background-color:transparent}.elementor-widget-text-editor:not(.elementor-drop-cap-view-default) .elementor-drop-cap{margin-top:8px}.elementor-widget-text-editor:not(.elementor-drop-cap-view-default) .elementor-drop-cap-letter{width:1em;height:1em}.elementor-widget-text-editor .elementor-drop-cap{float:left;text-align:center;line-height:1;font-size:50px}.elementor-widget-text-editor .elementor-drop-cap-letter{display:inline-block}<\/style>\t\t\t\t<p>Tor Industry olarak, m\u00fc\u015fteri memnuniyetini en \u00fcst d\u00fczeyde sa\u011flamak i\u00e7in titiz nakliye s\u00fcre\u00e7leri ve ki\u015fiselle\u015ftirilmi\u015f hizmetler sunmaya kararl\u0131y\u0131z.<\/p><h5><strong>\u00d6zel Nakliye \u00c7\u00f6z\u00fcmleri<\/strong><\/h5><p>M\u00fc\u015fterilerin benzersiz ihtiya\u00e7lar\u0131n\u0131 kar\u015f\u0131lamak i\u00e7in farkl\u0131 ambalaj y\u00f6ntemleri ve nakliye se\u00e7enekleri (karayolu, hava, deniz) sunuyoruz. Planlama ve uygulamam\u0131z, m\u00fc\u015fteri talepleriyle tam olarak uyumlu olacak \u015fekilde tasarlanm\u0131\u015ft\u0131r, b\u00f6ylece ki\u015fiselle\u015ftirilmi\u015f ve verimli bir teslimat deneyimi sa\u011flar\u0131z.<\/p><h5><strong>Sorun \u00c7\u00f6zme ve \u0130leti\u015fim<\/strong><\/h5><p>Nakliye s\u00fcre\u00e7lerimizde, t\u00fcm belgelerin titizlikle haz\u0131rlanmas\u0131n\u0131 sa\u011fl\u0131yor ve g\u00f6nderimden \u00f6nce sunuyoruz. G\u00fcvenilir takip sistemlerini kullanarak m\u00fc\u015fterilere g\u00f6nderilerinin g\u00fcncel konum bilgilerini sa\u011fl\u0131yoruz. G\u00fcmr\u00fck veya ilgili sorunlar durumunda, m\u00fc\u015fteri tercihlerini daima g\u00f6z \u00f6n\u00fcnde bulundurarak h\u0131zl\u0131 \u00e7\u00f6z\u00fcmler sunuyoruz.<\/p><h5><strong>\u00d6zel Nakliye \u00c7\u00f6z\u00fcmleri ve Hizmetler<\/strong><\/h5><p>M\u00fc\u015fteri-tedarik\u00e7i ili\u015fkisini g\u00fc\u00e7l\u00fc bir ortakl\u0131\u011fa d\u00f6n\u00fc\u015ft\u00fcrmek i\u00e7in g\u00fcven in\u015fa ediyor ve \u00e7\u00f6z\u00fcm orta\u011f\u0131 olarak hareket ediyoruz.<\/p><p>Tor Industry olarak, m\u00fc\u015fteri memnuniyetini sa\u011flama ve sadakati geli\u015ftirme konusundaki ba\u011fl\u0131l\u0131\u011f\u0131m\u0131z kararl\u0131d\u0131r. M\u00fc\u015fterilerimizle uzun s\u00fcreli ili\u015fkiler kurman\u0131n \u00f6nemini anl\u0131yor ve hizmetlerimizle onlar\u0131n deneyimini s\u00fcrekli olarak geli\u015ftirmeye \u00e7al\u0131\u015f\u0131yoruz.<\/p><h5><strong>M\u00fc\u015fteri Memnuniyetini Sa\u011flama<\/strong><\/h5><ul><li>Zaman\u0131nda ve Kaliteli Teslimatlar: Y\u00fcksek kaliteli \u00fcr\u00fcnlerin zaman\u0131nda teslimat\u0131n\u0131 \u00f6nceliklendiriyoruz ve m\u00fc\u015fterilerimizin ba\u015far\u0131s\u0131 i\u00e7in gerekli teknik gereksinimleri anl\u0131yor ve kar\u015f\u0131l\u0131yoruz.<\/li><li>Proaktif Yakla\u015f\u0131mlar: Revizyon veya yeniden \u00e7al\u0131\u015fma gerekti\u011finde proaktif yakla\u015f\u0131mlar benimsiyor, m\u00fc\u015fterilerimizin ihtiya\u00e7lar\u0131n\u0131 her zaman etkin bir \u015fekilde kar\u015f\u0131l\u0131yoruz.<\/li><li>\u015eeffaf \u0130leti\u015fim: Ger\u00e7ek, a\u00e7\u0131klay\u0131c\u0131, analitik ve d\u00fcr\u00fcst bir ileti\u015fim tarz\u0131 s\u00fcrd\u00fcrerek, m\u00fc\u015fterilerimizin hizmetlerimizden memnun ve g\u00fcvende olmalar\u0131n\u0131 sa\u011fl\u0131yoruz.<\/li><li>M\u00fc\u015fteri Geri Bildirimleri: T\u00fcm geri bildirimlerin 24 saat i\u00e7inde i\u015fleme al\u0131nmas\u0131n\u0131 sa\u011flamak i\u00e7in m\u00fc\u015fteri geri bildirim gruplar\u0131 olu\u015fturduk. M\u00fc\u015fterilerimize zaman\u0131nda cevaplar veriyor ve bu i\u00e7g\u00f6r\u00fcleri sistemimizde kal\u0131c\u0131 faaliyetler olarak entegre ediyoruz.<\/li><\/ul><h5><strong>Referans M\u00fc\u015fterilerimizin Katk\u0131lar\u0131<\/strong><\/h5><p>Referans m\u00fc\u015fterilerimiz, end\u00fcstri i\u00e7g\u00f6r\u00fclerini payla\u015farak ve yeni projeleri tan\u0131tarak s\u00fcrekli iyile\u015ftirme s\u00fcrecimize \u00f6nemli katk\u0131larda bulunuyor.<\/p><h5><strong>M\u00fc\u015fteri Geri Bildirimlerini Entegre Etme<\/strong><\/h5><p>T\u00fcm geri bildirimlerin 24 saat i\u00e7inde i\u015fleme al\u0131nmas\u0131n\u0131 sa\u011flamak i\u00e7in m\u00fc\u015fteri geri bildirim gruplar\u0131 olu\u015fturduk. M\u00fc\u015fterilerimize zaman\u0131nda cevaplar veriyor ve bu i\u00e7g\u00f6r\u00fcleri sistemimizde kal\u0131c\u0131 faaliyetler olarak entegre ediyoruz.<\/p><h5><strong>\u00c7eviklik ve M\u00fc\u015fteri \u0130li\u015fkileri Y\u00f6netimi<\/strong><\/h5><p>Her projeden \u00f6\u011frenerek, \u00e7evikli\u011fimizi, yan\u0131t h\u0131z\u0131m\u0131z\u0131, m\u00fc\u015fteri ili\u015fkileri y\u00f6netimimizi ve m\u00fc\u015fteri geli\u015fimimizi geli\u015ftiriyoruz. End\u00fcstri yeniliklerini ve \u00e7e\u015fitli bile\u015fenlerin ve uygulamalar\u0131n entegrasyonunu da sa\u011fl\u0131yoruz.<\/p>\t\t\t\t\t\t<\/div>\n\t\t\t\t<\/div>\n\t\t\t\t<\/div>\n\t\t\t\t<\/div>\n\t\t\t\t<\/div>\n\t\t\t\t\t<\/div>\n\t\t\t\t<\/div>\n\t\t\t\t\t\t\t<\/div>\n\t\t","protected":false},"excerpt":{"rendered":"<p>M\u00dc\u015eTER\u0130 \u0130L\u0130\u015eK\u0130LER\u0130 Tor Industry olarak, m\u00fc\u015fteri memnuniyetini en \u00fcst d\u00fczeyde sa\u011flamak i\u00e7in titiz nakliye s\u00fcre\u00e7leri ve ki\u015fiselle\u015ftirilmi\u015f hizmetler sunmaya kararl\u0131y\u0131z. \u00d6zel Nakliye \u00c7\u00f6z\u00fcmleri M\u00fc\u015fterilerin benzersiz ihtiya\u00e7lar\u0131n\u0131 kar\u015f\u0131lamak i\u00e7in farkl\u0131 ambalaj y\u00f6ntemleri ve nakliye se\u00e7enekleri (karayolu, hava, deniz) sunuyoruz. Planlama ve uygulamam\u0131z, m\u00fc\u015fteri talepleriyle tam olarak uyumlu olacak \u015fekilde tasarlanm\u0131\u015ft\u0131r, b\u00f6ylece ki\u015fiselle\u015ftirilmi\u015f ve verimli bir teslimat [&hellip;]<\/p>\n","protected":false},"author":1,"featured_media":0,"parent":0,"menu_order":0,"comment_status":"closed","ping_status":"closed","template":"elementor_header_footer","meta":{"footnotes":""},"class_list":["post-2157","page","type-page","status-publish","hentry"],"acf":[],"_links":{"self":[{"href":"https:\/\/profaj.co\/tordemir\/tr\/wp-json\/wp\/v2\/pages\/2157","targetHints":{"allow":["GET"]}}],"collection":[{"href":"https:\/\/profaj.co\/tordemir\/tr\/wp-json\/wp\/v2\/pages"}],"about":[{"href":"https:\/\/profaj.co\/tordemir\/tr\/wp-json\/wp\/v2\/types\/page"}],"author":[{"embeddable":true,"href":"https:\/\/profaj.co\/tordemir\/tr\/wp-json\/wp\/v2\/users\/1"}],"replies":[{"embeddable":true,"href":"https:\/\/profaj.co\/tordemir\/tr\/wp-json\/wp\/v2\/comments?post=2157"}],"version-history":[{"count":7,"href":"https:\/\/profaj.co\/tordemir\/tr\/wp-json\/wp\/v2\/pages\/2157\/revisions"}],"predecessor-version":[{"id":2170,"href":"https:\/\/profaj.co\/tordemir\/tr\/wp-json\/wp\/v2\/pages\/2157\/revisions\/2170"}],"wp:attachment":[{"href":"https:\/\/profaj.co\/tordemir\/tr\/wp-json\/wp\/v2\/media?parent=2157"}],"curies":[{"name":"wp","href":"https:\/\/api.w.org\/{rel}","templated":true}]}}