{"id":638,"date":"2024-03-12T06:40:46","date_gmt":"2024-03-12T06:40:46","guid":{"rendered":"https:\/\/profaj.co\/tordemir\/?page_id=638"},"modified":"2024-04-24T07:27:57","modified_gmt":"2024-04-24T07:27:57","slug":"insan-kaynaklari","status":"publish","type":"page","link":"https:\/\/profaj.co\/tordemir\/insan-kaynaklari\/","title":{"rendered":"\u0130nsan Kaynaklar\u0131"},"content":{"rendered":"\t\t<div data-elementor-type=\"wp-page\" data-elementor-id=\"638\" class=\"elementor elementor-638\" data-elementor-post-type=\"page\">\n\t\t\t\t\t\t\t<div class=\"elementor-element elementor-element-71fa5e46 e-flex e-con-boxed e-con e-parent\" data-id=\"71fa5e46\" data-element_type=\"container\" data-settings=\"{&quot;background_background&quot;:&quot;classic&quot;,&quot;content_width&quot;:&quot;boxed&quot;}\" data-core-v316-plus=\"true\">\n\t\t\t\t\t<div class=\"e-con-inner\">\n\t\t<div class=\"elementor-element elementor-element-7cf6d42b e-con-full e-flex e-con e-child\" data-id=\"7cf6d42b\" data-element_type=\"container\" data-settings=\"{&quot;content_width&quot;:&quot;full&quot;}\">\n\t\t<div class=\"elementor-element elementor-element-4035d15b e-con-full e-flex e-con e-child\" data-id=\"4035d15b\" data-element_type=\"container\" data-settings=\"{&quot;content_width&quot;:&quot;full&quot;}\">\n\t\t\t\t<\/div>\n\t\t\t\t<\/div>\n\t\t\t\t\t<\/div>\n\t\t\t\t<\/div>\n\t\t<div class=\"elementor-element elementor-element-30e0cb10 e-flex e-con-boxed e-con e-parent\" data-id=\"30e0cb10\" data-element_type=\"container\" data-settings=\"{&quot;background_background&quot;:&quot;classic&quot;,&quot;content_width&quot;:&quot;boxed&quot;}\" data-core-v316-plus=\"true\">\n\t\t\t\t\t<div class=\"e-con-inner\">\n\t\t<div class=\"elementor-element elementor-element-79538548 e-con-full e-flex e-con e-child\" data-id=\"79538548\" data-element_type=\"container\" data-settings=\"{&quot;content_width&quot;:&quot;full&quot;}\">\n\t\t<div class=\"elementor-element elementor-element-666a5e92 e-con-full e-flex elementor-invisible e-con e-child\" data-id=\"666a5e92\" data-element_type=\"container\" data-settings=\"{&quot;animation_mobile&quot;:&quot;none&quot;,&quot;animation&quot;:&quot;slideInUp&quot;,&quot;content_width&quot;:&quot;full&quot;}\">\n\t\t<div class=\"elementor-element elementor-element-4d22d788 e-con-full e-flex e-con e-child\" data-id=\"4d22d788\" data-element_type=\"container\" data-settings=\"{&quot;content_width&quot;:&quot;full&quot;}\">\n\t\t\t\t<div class=\"elementor-element elementor-element-5e89002e elementor-widget elementor-widget-text-editor\" data-id=\"5e89002e\" data-element_type=\"widget\" data-widget_type=\"text-editor.default\">\n\t\t\t\t<div class=\"elementor-widget-container\">\n\t\t\t<style>\/*! elementor - v3.18.0 - 08-12-2023 *\/\n.elementor-widget-text-editor.elementor-drop-cap-view-stacked .elementor-drop-cap{background-color:#69727d;color:#fff}.elementor-widget-text-editor.elementor-drop-cap-view-framed .elementor-drop-cap{color:#69727d;border:3px solid;background-color:transparent}.elementor-widget-text-editor:not(.elementor-drop-cap-view-default) .elementor-drop-cap{margin-top:8px}.elementor-widget-text-editor:not(.elementor-drop-cap-view-default) .elementor-drop-cap-letter{width:1em;height:1em}.elementor-widget-text-editor .elementor-drop-cap{float:left;text-align:center;line-height:1;font-size:50px}.elementor-widget-text-editor .elementor-drop-cap-letter{display:inline-block}<\/style>\t\t\t\t<p>Tor Industry insan kaynaklar\u0131 departman\u0131, i\u015fe al\u0131m, e\u011fitim, geli\u015fim ve performans y\u00f6netimi gibi konularda uzmanla\u015fm\u0131\u015f bir ekip taraf\u0131ndan y\u00f6netilmektedir. Amac\u0131m\u0131z, en iyi insan kaynaklar\u0131 uygulamalar\u0131n\u0131 kullanarak \u015firketimizin ba\u015far\u0131s\u0131n\u0131 art\u0131rmak ve \u00e7al\u0131\u015fanlar\u0131m\u0131z\u0131n kariyerlerini geli\u015ftirmektir.<\/p><p>\u0130\u015fe al\u0131m s\u00fcrecinde, adaylar\u0131n yeteneklerini ve deneyimlerini de\u011ferlendirir ve \u015firket k\u00fclt\u00fcr\u00fcm\u00fcze uygun adaylar\u0131 se\u00e7meye \u00f6zen g\u00f6steririz. Ayr\u0131ca, \u00e7al\u0131\u015fanlar\u0131m\u0131z\u0131n geli\u015fimini desteklemek i\u00e7in e\u011fitim ve geli\u015fim programlar\u0131 d\u00fczenliyoruz. Bu programlar, \u00e7al\u0131\u015fanlar\u0131m\u0131z\u0131n kariyer hedeflerine ula\u015fmalar\u0131na yard\u0131mc\u0131 olmay\u0131 ve \u015firketimizin hedeflerine ula\u015fmas\u0131n\u0131 sa\u011flamay\u0131 ama\u00e7lamaktad\u0131r.<\/p><p>Performans y\u00f6netimi s\u00fcrecimiz, \u00e7al\u0131\u015fan performans\u0131n\u0131 de\u011ferlendirmek ve motivasyonlar\u0131n\u0131 art\u0131rmak i\u00e7in etkili bir \u015fekilde tasarlanm\u0131\u015ft\u0131r. Bu s\u00fcre\u00e7, \u00e7al\u0131\u015fanlar\u0131m\u0131z\u0131n ba\u015far\u0131lar\u0131n\u0131 kutlamak ve geli\u015fim alanlar\u0131n\u0131 belirlemek i\u00e7in kullan\u0131l\u0131r.<\/p><p>\u0130nsan kaynaklar\u0131 departman\u0131m\u0131z, \u00e7al\u0131\u015fanlar\u0131m\u0131z\u0131n ihtiya\u00e7lar\u0131n\u0131 anlamaya ve desteklemeye her zaman haz\u0131rd\u0131r. \u00c7al\u0131\u015fanlar\u0131m\u0131z\u0131n mutlulu\u011fu ve memnuniyeti, \u015firketimizin ba\u015far\u0131s\u0131n\u0131n anahtar\u0131d\u0131r. Bu nedenle, insan kaynaklar\u0131 departman\u0131m\u0131z, \u00e7al\u0131\u015fanlar\u0131m\u0131z\u0131n ihtiya\u00e7lar\u0131n\u0131 anlamaya ve desteklemeye her zaman haz\u0131rd\u0131r.<\/p><p>E\u011fer siz de bizim gibi dinamik bir ekibin par\u00e7as\u0131 olmak ve kariyerinizi geli\u015ftirmek istiyorsan\u0131z, Kariyer.Net ve LinkedIn \u00fczerinden yay\u0131nlad\u0131\u011f\u0131m\u0131z ilanlara eri\u015febilir veya CV&#8217;nizi <a target=\"_new\">hr@torindustry.com<\/a> adresine g\u00f6nderebilirsiniz.<\/p>\t\t\t\t\t\t<\/div>\n\t\t\t\t<\/div>\n\t\t\t\t<\/div>\n\t\t\t\t<\/div>\n\t\t\t\t<\/div>\n\t\t<div class=\"elementor-element elementor-element-6c874498 e-con-full e-flex e-con e-child\" data-id=\"6c874498\" data-element_type=\"container\" data-settings=\"{&quot;content_width&quot;:&quot;full&quot;}\">\n\t\t<div class=\"elementor-element elementor-element-6563fcc1 e-con-full e-flex e-con e-child\" data-id=\"6563fcc1\" data-element_type=\"container\" data-settings=\"{&quot;content_width&quot;:&quot;full&quot;}\">\n\t\t\t\t<div class=\"elementor-element elementor-element-241f91a0 elementor-widget__width-initial elementor-absolute animated-fast elementor-invisible elementor-widget elementor-widget-spacer\" data-id=\"241f91a0\" data-element_type=\"widget\" data-settings=\"{&quot;_position&quot;:&quot;absolute&quot;,&quot;_animation&quot;:&quot;zoomInDown&quot;}\" data-widget_type=\"spacer.default\">\n\t\t\t\t<div class=\"elementor-widget-container\">\n\t\t\t<style>\/*! elementor - v3.18.0 - 08-12-2023 *\/\n.elementor-column .elementor-spacer-inner{height:var(--spacer-size)}.e-con{--container-widget-width:100%}.e-con-inner>.elementor-widget-spacer,.e-con>.elementor-widget-spacer{width:var(--container-widget-width,var(--spacer-size));--align-self:var(--container-widget-align-self,initial);--flex-shrink:0}.e-con-inner>.elementor-widget-spacer>.elementor-widget-container,.e-con>.elementor-widget-spacer>.elementor-widget-container{height:100%;width:100%}.e-con-inner>.elementor-widget-spacer>.elementor-widget-container>.elementor-spacer,.e-con>.elementor-widget-spacer>.elementor-widget-container>.elementor-spacer{height:100%}.e-con-inner>.elementor-widget-spacer>.elementor-widget-container>.elementor-spacer>.elementor-spacer-inner,.e-con>.elementor-widget-spacer>.elementor-widget-container>.elementor-spacer>.elementor-spacer-inner{height:var(--container-widget-height,var(--spacer-size))}.e-con-inner>.elementor-widget-spacer.elementor-widget-empty,.e-con>.elementor-widget-spacer.elementor-widget-empty{position:relative;min-height:22px;min-width:22px}.e-con-inner>.elementor-widget-spacer.elementor-widget-empty .elementor-widget-empty-icon,.e-con>.elementor-widget-spacer.elementor-widget-empty .elementor-widget-empty-icon{position:absolute;top:0;bottom:0;left:0;right:0;margin:auto;padding:0;width:22px;height:22px}<\/style>\t\t<div class=\"elementor-spacer\">\n\t\t\t<div class=\"elementor-spacer-inner\"><\/div>\n\t\t<\/div>\n\t\t\t\t<\/div>\n\t\t\t\t<\/div>\n\t\t\t\t<div class=\"elementor-element elementor-element-4b1dd2f elementor-widget elementor-widget-image\" data-id=\"4b1dd2f\" data-element_type=\"widget\" data-widget_type=\"image.default\">\n\t\t\t\t<div class=\"elementor-widget-container\">\n\t\t\t<style>\/*! elementor - v3.18.0 - 08-12-2023 *\/\n.elementor-widget-image{text-align:center}.elementor-widget-image a{display:inline-block}.elementor-widget-image a img[src$=\".svg\"]{width:48px}.elementor-widget-image img{vertical-align:middle;display:inline-block}<\/style>\t\t\t\t\t\t\t\t\t\t\t\t<img fetchpriority=\"high\" decoding=\"async\" width=\"897\" height=\"1281\" src=\"https:\/\/profaj.co\/tordemir\/wp-content\/uploads\/2024\/04\/human-resources-3.jpg\" class=\"attachment-full size-full wp-image-1840\" alt=\"\" srcset=\"https:\/\/profaj.co\/tordemir\/wp-content\/uploads\/2024\/04\/human-resources-3.jpg 897w, https:\/\/profaj.co\/tordemir\/wp-content\/uploads\/2024\/04\/human-resources-3-210x300.jpg 210w, https:\/\/profaj.co\/tordemir\/wp-content\/uploads\/2024\/04\/human-resources-3-717x1024.jpg 717w, https:\/\/profaj.co\/tordemir\/wp-content\/uploads\/2024\/04\/human-resources-3-768x1097.jpg 768w\" sizes=\"(max-width: 897px) 100vw, 897px\" \/>\t\t\t\t\t\t\t\t\t\t\t\t\t\t\t<\/div>\n\t\t\t\t<\/div>\n\t\t\t\t<\/div>\n\t\t\t\t<\/div>\n\t\t\t\t\t<\/div>\n\t\t\t\t<\/div>\n\t\t\t\t\t\t\t<\/div>\n\t\t","protected":false},"excerpt":{"rendered":"<p>Tor Industry insan kaynaklar\u0131 departman\u0131, i\u015fe al\u0131m, e\u011fitim, geli\u015fim ve performans y\u00f6netimi gibi konularda uzmanla\u015fm\u0131\u015f bir ekip taraf\u0131ndan y\u00f6netilmektedir. Amac\u0131m\u0131z, en iyi insan kaynaklar\u0131 uygulamalar\u0131n\u0131 kullanarak \u015firketimizin ba\u015far\u0131s\u0131n\u0131 art\u0131rmak ve \u00e7al\u0131\u015fanlar\u0131m\u0131z\u0131n kariyerlerini geli\u015ftirmektir. \u0130\u015fe al\u0131m s\u00fcrecinde, adaylar\u0131n yeteneklerini ve deneyimlerini de\u011ferlendirir ve \u015firket k\u00fclt\u00fcr\u00fcm\u00fcze uygun adaylar\u0131 se\u00e7meye \u00f6zen g\u00f6steririz. Ayr\u0131ca, \u00e7al\u0131\u015fanlar\u0131m\u0131z\u0131n geli\u015fimini desteklemek i\u00e7in e\u011fitim [&hellip;]<\/p>\n","protected":false},"author":1,"featured_media":0,"parent":0,"menu_order":0,"comment_status":"closed","ping_status":"closed","template":"elementor_header_footer","meta":{"footnotes":""},"class_list":["post-638","page","type-page","status-publish","hentry"],"acf":[],"_links":{"self":[{"href":"https:\/\/profaj.co\/tordemir\/wp-json\/wp\/v2\/pages\/638","targetHints":{"allow":["GET"]}}],"collection":[{"href":"https:\/\/profaj.co\/tordemir\/wp-json\/wp\/v2\/pages"}],"about":[{"href":"https:\/\/profaj.co\/tordemir\/wp-json\/wp\/v2\/types\/page"}],"author":[{"embeddable":true,"href":"https:\/\/profaj.co\/tordemir\/wp-json\/wp\/v2\/users\/1"}],"replies":[{"embeddable":true,"href":"https:\/\/profaj.co\/tordemir\/wp-json\/wp\/v2\/comments?post=638"}],"version-history":[{"count":26,"href":"https:\/\/profaj.co\/tordemir\/wp-json\/wp\/v2\/pages\/638\/revisions"}],"predecessor-version":[{"id":2156,"href":"https:\/\/profaj.co\/tordemir\/wp-json\/wp\/v2\/pages\/638\/revisions\/2156"}],"wp:attachment":[{"href":"https:\/\/profaj.co\/tordemir\/wp-json\/wp\/v2\/media?parent=638"}],"curies":[{"name":"wp","href":"https:\/\/api.w.org\/{rel}","templated":true}]}}